{"id":87,"date":"2019-01-23T13:25:49","date_gmt":"2019-01-23T13:25:49","guid":{"rendered":"https:\/\/peipsikaup.ee\/toode\/money-plant\/"},"modified":"2022-11-28T19:13:28","modified_gmt":"2022-11-28T19:13:28","slug":"laiasuuline-suur-kauss","status":"publish","type":"product","link":"https:\/\/peipsikaup.ee\/ru\/product\/laiasuuline-suur-kauss\/","title":{"rendered":"Laiasuuline suur kauss"},"content":{"rendered":"<p><strong>Suur savikauss sobib praktilise n\u00f5una suuremahuliseks k\u00f6\u00f6git\u00f6\u00f6ks v\u00f5i toidu serveerimiseks vaagnal. V\u00f5imalik kasutada ka ahjus toidu valmistamiseks v\u00f5i soojendamiseks. Lisav\u00e4\u00e4rtusena pakume kirjelduse l\u00f5pus ka huvitava nipi kahe suure kausi kasutamiseks ahjus k\u00fcpsetamisel.<span class=\"Apple-converted-space\">\u00a0<\/span><\/strong><\/p>\n<p>Kausi \u00e4\u00e4rt kaunistab abstraktselt m\u00f5juv sgrafiito tehnikas loodud muster. Selle moodustavad savikehasse tehtud s\u00fcgavad l\u00f5iked. Eemaldades l\u00f5ike kohast pealispinda katva angoobi, toovad need esile valge savikeha. Iga l\u00f5ige on isemoodi. Mustri loomisel on p\u00f5nev meretagune tehnika kombineeritud kohalikust loodusest ja keskkonnast inspiereeritud \u00f5hustikuga. See v\u00f5ib \u00fchtviisi seostuda nii Peipsi kohal h\u00f5ljuvate pilvede kui ka j\u00e4rve lainetega.<span class=\"Apple-converted-space\">\u00a0<\/span><\/p>\n<p>Ka savin\u00f5ude valmistamisel on Peipsimaal s\u00fcgavad juured. Toormaterjali valikus on traditsioon p\u00f5imitud praktilise vajadusega k\u00f5rge kvaliteedi j\u00e4rele. Kauss on treitud potikedral v\u00e4ikese \u0161amotisisaldusega k\u00f5rgkuumussavist, mis on toodetud Saksamaal. Tegu on spetsiaalselt keraamikaks v\u00e4ljat\u00f6\u00f6tatud saviga, mis talub v\u00e4ga k\u00f5rgel temperatuuril p\u00f5letamist. P\u00f5letatud 1220 C kraadi juures elektriahjus. See annab keraamikale hea purunemiskindluse, et toode peaks vastu intensiivsemale kasutusele.<\/p>\n<p>T\u00e4nu k\u00f5rgendatud vastupidavusele on kausi igap\u00e4evane hooldamine lihtne &#8211; teda v\u00f5ib pesta n\u00f5udepesumasinas, nagu iga teist k\u00f6\u00f6gin\u00f5u. Nii v\u00f5idate pisut rohkem aega enda jaoks.<span class=\"Apple-converted-space\">\u00a0<\/span><\/p>\n<p><strong>Huvitav kasutusnipp:<\/strong> kahte suurt kaussi on v\u00f5imalik kasutada n\u00e4iteks mahlase leiva k\u00fcpsetamiseks. Kaks kaussi saab asetada \u00fcksteise peale, leivataigen nende vahele ja panna ahju k\u00fcpsema. Leib saab pehme ja kohev. \u00dclemine kauss takistab niiskuse aurustumist, seega leib ei kuiva ahjus. Samas laseb kausside kokkupanekul j\u00e4\u00e4v vahe pisut \u00f5hul liikuda ega pane k\u00fcpsetusruumi t\u00e4iesti tihedalt kinni. M\u00f5nev\u00f5rra sarnaneb selline nipp dutch-owen&#8217;i k\u00fcpsetusstiiliga, kuid p\u00f5hineb siiski kohalikul populaarsel ahjupoti roogade traditsioonil, mis v\u00f5imaldab tuua pisut loodusl\u00e4hedase maaelu h\u00f5ngu isegi linnakorterisse.<\/p>\n<p>Mahutavus ca 2,3L<\/p>\n<p>Kaalub ca 950g<\/p>\n<p>Diameeter ca 23cm<\/p>\n<p>S\u00fcgavus ca 9cm<\/p>","protected":false},"excerpt":{"rendered":"<p><b>K\u00e4sitsi treitud ja sgrafiito tehnikas kaunistatud suur kauss sobib taigna, salati v\u00f5i puuviljade jaoks. Glasuuritud l\u00e4bipaistva glasuuriga. Kausi \u00e4\u00e4r punane v\u00f5i sinine.<\/b><b>\u00a0Maht 2,3 l. Meister <a href=\"https:\/\/peipsikaup.ee\/ru\/meistrid\/kaur-vasli\/\">Kaur Vasli.<\/a><\/b><\/p>","protected":false},"featured_media":1510,"comment_status":"open","ping_status":"closed","template":"","meta":{"site-sidebar-layout":"default","site-content-layout":"default","ast-global-header-display":"","ast-main-header-display":"","ast-hfb-above-header-display":"","ast-hfb-below-header-display":"","ast-hfb-mobile-header-display":"","site-post-title":"","ast-breadcrumbs-content":"","ast-featured-img":"","footer-sml-layout":"","theme-transparent-header-meta":"default","adv-header-id-meta":"","stick-header-meta":"default","header-above-stick-meta":"","header-main-stick-meta":"","header-below-stick-meta":""},"product_brand":[],"product_cat":[43,16],"product_tag":[44,27,25,33],"class_list":{"0":"post-87","1":"product","2":"type-product","3":"status-publish","4":"has-post-thumbnail","6":"product_cat-kaur-vasli","7":"product_cat-keraamika","8":"product_tag-kauss","9":"product_tag-noud","10":"product_tag-sinine","11":"product_tag-vaagen","12":"desktop-align-left","13":"tablet-align-left","14":"mobile-align-left","16":"first","17":"outofstock","18":"shipping-taxable","19":"product-type-variable"},"yoast_head":"<!-- This site is optimized with the Yoast SEO plugin v27.2 - https:\/\/yoast.com\/product\/yoast-seo-wordpress\/ -->\n<title>Laiasuuline suur kauss - Peipsi kaup<\/title>\n<meta name=\"description\" content=\"K\u00e4sitsi treitud ja sgrafiito tehnikas kaunistatud suur kauss sobib taigna, salati v\u00f5i puuviljade jaoks. Glasuuritud l\u00e4bipaistva glasuuriga.\u00a0\" \/>\n<meta name=\"robots\" content=\"index, follow, max-snippet:-1, max-image-preview:large, max-video-preview:-1\" \/>\n<link rel=\"canonical\" href=\"https:\/\/peipsikaup.ee\/ru\/product\/laiasuuline-suur-kauss\/\" \/>\n<meta property=\"og:locale\" content=\"ru_RU\" \/>\n<meta property=\"og:type\" content=\"article\" \/>\n<meta property=\"og:title\" content=\"Laiasuuline suur kauss - Peipsi kaup\" \/>\n<meta property=\"og:description\" content=\"K\u00e4sitsi treitud ja sgrafiito tehnikas kaunistatud suur kauss sobib taigna, salati v\u00f5i puuviljade jaoks. Glasuuritud l\u00e4bipaistva glasuuriga.\u00a0\" \/>\n<meta property=\"og:url\" content=\"https:\/\/peipsikaup.ee\/ru\/product\/laiasuuline-suur-kauss\/\" \/>\n<meta property=\"og:site_name\" content=\"Peipsi kaup\" \/>\n<meta property=\"article:modified_time\" content=\"2022-11-28T19:13:28+00:00\" \/>\n<meta property=\"og:image\" content=\"https:\/\/peipsikaup.ee\/wp-content\/uploads\/2021\/04\/Peipsikaup_Kaur-Vasli_kauss-suur-8.jpg\" \/>\n\t<meta property=\"og:image:width\" content=\"1000\" \/>\n\t<meta property=\"og:image:height\" content=\"1000\" \/>\n\t<meta property=\"og:image:type\" content=\"image\/jpeg\" \/>\n<meta name=\"twitter:card\" content=\"summary_large_image\" \/>\n<meta name=\"twitter:label1\" content=\"\u041f\u0440\u0438\u043c\u0435\u0440\u043d\u043e\u0435 \u0432\u0440\u0435\u043c\u044f \u0434\u043b\u044f \u0447\u0442\u0435\u043d\u0438\u044f\" \/>\n\t<meta name=\"twitter:data1\" content=\"2 \u043c\u0438\u043d\u0443\u0442\u044b\" \/>\n<script type=\"application\/ld+json\" class=\"yoast-schema-graph\">{\"@context\":\"https:\/\/schema.org\",\"@graph\":[{\"@type\":\"WebPage\",\"@id\":\"https:\/\/peipsikaup.ee\/toode\/laiasuuline-suur-kauss\/\",\"url\":\"https:\/\/peipsikaup.ee\/toode\/laiasuuline-suur-kauss\/\",\"name\":\"Laiasuuline suur kauss - Peipsi kaup\",\"isPartOf\":{\"@id\":\"https:\/\/peipsikaup.ee\/#website\"},\"primaryImageOfPage\":{\"@id\":\"https:\/\/peipsikaup.ee\/toode\/laiasuuline-suur-kauss\/#primaryimage\"},\"image\":{\"@id\":\"https:\/\/peipsikaup.ee\/toode\/laiasuuline-suur-kauss\/#primaryimage\"},\"thumbnailUrl\":\"https:\/\/peipsikaup.ee\/wp-content\/uploads\/2021\/04\/Peipsikaup_Kaur-Vasli_kauss-suur-8.jpg\",\"datePublished\":\"2019-01-23T13:25:49+00:00\",\"dateModified\":\"2022-11-28T19:13:28+00:00\",\"description\":\"K\u00e4sitsi treitud ja sgrafiito tehnikas kaunistatud suur kauss sobib taigna, salati v\u00f5i puuviljade jaoks. Glasuuritud l\u00e4bipaistva glasuuriga.\u00a0\",\"breadcrumb\":{\"@id\":\"https:\/\/peipsikaup.ee\/toode\/laiasuuline-suur-kauss\/#breadcrumb\"},\"inLanguage\":\"ru-RU\",\"potentialAction\":[{\"@type\":\"ReadAction\",\"target\":[\"https:\/\/peipsikaup.ee\/toode\/laiasuuline-suur-kauss\/\"]}]},{\"@type\":\"ImageObject\",\"inLanguage\":\"ru-RU\",\"@id\":\"https:\/\/peipsikaup.ee\/toode\/laiasuuline-suur-kauss\/#primaryimage\",\"url\":\"https:\/\/peipsikaup.ee\/wp-content\/uploads\/2021\/04\/Peipsikaup_Kaur-Vasli_kauss-suur-8.jpg\",\"contentUrl\":\"https:\/\/peipsikaup.ee\/wp-content\/uploads\/2021\/04\/Peipsikaup_Kaur-Vasli_kauss-suur-8.jpg\",\"width\":1000,\"height\":1000,\"caption\":\"Peipsikaup keraamiku Kaur Vasli kauss, sgrafiitotehnikas \u00e4\u00e4rega\"},{\"@type\":\"BreadcrumbList\",\"@id\":\"https:\/\/peipsikaup.ee\/toode\/laiasuuline-suur-kauss\/#breadcrumb\",\"itemListElement\":[{\"@type\":\"ListItem\",\"position\":1,\"name\":\"Home\",\"item\":\"https:\/\/peipsikaup.ee\/\"},{\"@type\":\"ListItem\",\"position\":2,\"name\":\"Pood\",\"item\":\"https:\/\/peipsikaup.ee\/pood\/\"},{\"@type\":\"ListItem\",\"position\":3,\"name\":\"Laiasuuline suur kauss\"}]},{\"@type\":\"WebSite\",\"@id\":\"https:\/\/peipsikaup.ee\/#website\",\"url\":\"https:\/\/peipsikaup.ee\/\",\"name\":\"Peipsi kaup\",\"description\":\"eheda ja isikup\u00e4rase k\u00e4sit\u00f6\u00f6 veebipood\",\"publisher\":{\"@id\":\"https:\/\/peipsikaup.ee\/#organization\"},\"potentialAction\":[{\"@type\":\"SearchAction\",\"target\":{\"@type\":\"EntryPoint\",\"urlTemplate\":\"https:\/\/peipsikaup.ee\/?s={search_term_string}\"},\"query-input\":{\"@type\":\"PropertyValueSpecification\",\"valueRequired\":true,\"valueName\":\"search_term_string\"}}],\"inLanguage\":\"ru-RU\"},{\"@type\":\"Organization\",\"@id\":\"https:\/\/peipsikaup.ee\/#organization\",\"name\":\"Peipsi kaup\",\"url\":\"https:\/\/peipsikaup.ee\/\",\"logo\":{\"@type\":\"ImageObject\",\"inLanguage\":\"ru-RU\",\"@id\":\"https:\/\/peipsikaup.ee\/#\/schema\/logo\/image\/\",\"url\":\"https:\/\/peipsikaup.ee\/wp-content\/uploads\/2026\/04\/cropped-ChatGPT-Image-Apr-24-2026-02_54_59-PM.png\",\"contentUrl\":\"https:\/\/peipsikaup.ee\/wp-content\/uploads\/2026\/04\/cropped-ChatGPT-Image-Apr-24-2026-02_54_59-PM.png\",\"width\":1946,\"height\":325,\"caption\":\"Peipsi kaup\"},\"image\":{\"@id\":\"https:\/\/peipsikaup.ee\/#\/schema\/logo\/image\/\"}}]}<\/script>\n<!-- \/ Yoast SEO plugin. -->","yoast_head_json":{"title":"Laiasuuline suur kauss - Peipsi kaup","description":"K\u00e4sitsi treitud ja sgrafiito tehnikas kaunistatud suur kauss sobib taigna, salati v\u00f5i puuviljade jaoks. Glasuuritud l\u00e4bipaistva glasuuriga.\u00a0","robots":{"index":"index","follow":"follow","max-snippet":"max-snippet:-1","max-image-preview":"max-image-preview:large","max-video-preview":"max-video-preview:-1"},"canonical":"https:\/\/peipsikaup.ee\/ru\/product\/laiasuuline-suur-kauss\/","og_locale":"ru_RU","og_type":"article","og_title":"Laiasuuline suur kauss - Peipsi kaup","og_description":"K\u00e4sitsi treitud ja sgrafiito tehnikas kaunistatud suur kauss sobib taigna, salati v\u00f5i puuviljade jaoks. Glasuuritud l\u00e4bipaistva glasuuriga.\u00a0","og_url":"https:\/\/peipsikaup.ee\/ru\/product\/laiasuuline-suur-kauss\/","og_site_name":"Peipsi kaup","article_modified_time":"2022-11-28T19:13:28+00:00","og_image":[{"width":1000,"height":1000,"url":"https:\/\/peipsikaup.ee\/wp-content\/uploads\/2021\/04\/Peipsikaup_Kaur-Vasli_kauss-suur-8.jpg","type":"image\/jpeg"}],"twitter_card":"summary_large_image","twitter_misc":{"\u041f\u0440\u0438\u043c\u0435\u0440\u043d\u043e\u0435 \u0432\u0440\u0435\u043c\u044f \u0434\u043b\u044f \u0447\u0442\u0435\u043d\u0438\u044f":"2 \u043c\u0438\u043d\u0443\u0442\u044b"},"schema":{"@context":"https:\/\/schema.org","@graph":[{"@type":"WebPage","@id":"https:\/\/peipsikaup.ee\/toode\/laiasuuline-suur-kauss\/","url":"https:\/\/peipsikaup.ee\/toode\/laiasuuline-suur-kauss\/","name":"Laiasuuline suur kauss - Peipsi kaup","isPartOf":{"@id":"https:\/\/peipsikaup.ee\/#website"},"primaryImageOfPage":{"@id":"https:\/\/peipsikaup.ee\/toode\/laiasuuline-suur-kauss\/#primaryimage"},"image":{"@id":"https:\/\/peipsikaup.ee\/toode\/laiasuuline-suur-kauss\/#primaryimage"},"thumbnailUrl":"https:\/\/peipsikaup.ee\/wp-content\/uploads\/2021\/04\/Peipsikaup_Kaur-Vasli_kauss-suur-8.jpg","datePublished":"2019-01-23T13:25:49+00:00","dateModified":"2022-11-28T19:13:28+00:00","description":"K\u00e4sitsi treitud ja sgrafiito tehnikas kaunistatud suur kauss sobib taigna, salati v\u00f5i puuviljade jaoks. Glasuuritud l\u00e4bipaistva glasuuriga.\u00a0","breadcrumb":{"@id":"https:\/\/peipsikaup.ee\/toode\/laiasuuline-suur-kauss\/#breadcrumb"},"inLanguage":"ru-RU","potentialAction":[{"@type":"ReadAction","target":["https:\/\/peipsikaup.ee\/toode\/laiasuuline-suur-kauss\/"]}]},{"@type":"ImageObject","inLanguage":"ru-RU","@id":"https:\/\/peipsikaup.ee\/toode\/laiasuuline-suur-kauss\/#primaryimage","url":"https:\/\/peipsikaup.ee\/wp-content\/uploads\/2021\/04\/Peipsikaup_Kaur-Vasli_kauss-suur-8.jpg","contentUrl":"https:\/\/peipsikaup.ee\/wp-content\/uploads\/2021\/04\/Peipsikaup_Kaur-Vasli_kauss-suur-8.jpg","width":1000,"height":1000,"caption":"Peipsikaup keraamiku Kaur Vasli kauss, sgrafiitotehnikas \u00e4\u00e4rega"},{"@type":"BreadcrumbList","@id":"https:\/\/peipsikaup.ee\/toode\/laiasuuline-suur-kauss\/#breadcrumb","itemListElement":[{"@type":"ListItem","position":1,"name":"Home","item":"https:\/\/peipsikaup.ee\/"},{"@type":"ListItem","position":2,"name":"Pood","item":"https:\/\/peipsikaup.ee\/pood\/"},{"@type":"ListItem","position":3,"name":"Laiasuuline suur kauss"}]},{"@type":"WebSite","@id":"https:\/\/peipsikaup.ee\/#website","url":"https:\/\/peipsikaup.ee\/","name":"\u0422\u043e\u0440\u0433\u043e\u0432\u043b\u044f \u043d\u0430 \u0427\u0443\u0434\u0441\u043a\u043e\u043c \u043e\u0441\u0442\u0440\u043e\u0432\u0435","description":"eheda ja isikup\u00e4rase k\u00e4sit\u00f6\u00f6 veebipood","publisher":{"@id":"https:\/\/peipsikaup.ee\/#organization"},"potentialAction":[{"@type":"SearchAction","target":{"@type":"EntryPoint","urlTemplate":"https:\/\/peipsikaup.ee\/?s={search_term_string}"},"query-input":{"@type":"PropertyValueSpecification","valueRequired":true,"valueName":"search_term_string"}}],"inLanguage":"ru-RU"},{"@type":"Organization","@id":"https:\/\/peipsikaup.ee\/#organization","name":"\u0422\u043e\u0440\u0433\u043e\u0432\u043b\u044f \u043d\u0430 \u0427\u0443\u0434\u0441\u043a\u043e\u043c \u043e\u0441\u0442\u0440\u043e\u0432\u0435","url":"https:\/\/peipsikaup.ee\/","logo":{"@type":"ImageObject","inLanguage":"ru-RU","@id":"https:\/\/peipsikaup.ee\/#\/schema\/logo\/image\/","url":"https:\/\/peipsikaup.ee\/wp-content\/uploads\/2026\/04\/cropped-ChatGPT-Image-Apr-24-2026-02_54_59-PM.png","contentUrl":"https:\/\/peipsikaup.ee\/wp-content\/uploads\/2026\/04\/cropped-ChatGPT-Image-Apr-24-2026-02_54_59-PM.png","width":1946,"height":325,"caption":"Peipsi kaup"},"image":{"@id":"https:\/\/peipsikaup.ee\/#\/schema\/logo\/image\/"}}]}},"_links":{"self":[{"href":"https:\/\/peipsikaup.ee\/ru\/wp-json\/wp\/v2\/product\/87","targetHints":{"allow":["GET"]}}],"collection":[{"href":"https:\/\/peipsikaup.ee\/ru\/wp-json\/wp\/v2\/product"}],"about":[{"href":"https:\/\/peipsikaup.ee\/ru\/wp-json\/wp\/v2\/types\/product"}],"replies":[{"embeddable":true,"href":"https:\/\/peipsikaup.ee\/ru\/wp-json\/wp\/v2\/comments?post=87"}],"wp:featuredmedia":[{"embeddable":true,"href":"https:\/\/peipsikaup.ee\/ru\/wp-json\/wp\/v2\/media\/1510"}],"wp:attachment":[{"href":"https:\/\/peipsikaup.ee\/ru\/wp-json\/wp\/v2\/media?parent=87"}],"wp:term":[{"taxonomy":"product_brand","embeddable":true,"href":"https:\/\/peipsikaup.ee\/ru\/wp-json\/wp\/v2\/product_brand?post=87"},{"taxonomy":"product_cat","embeddable":true,"href":"https:\/\/peipsikaup.ee\/ru\/wp-json\/wp\/v2\/product_cat?post=87"},{"taxonomy":"product_tag","embeddable":true,"href":"https:\/\/peipsikaup.ee\/ru\/wp-json\/wp\/v2\/product_tag?post=87"}],"curies":[{"name":"wp","href":"https:\/\/api.w.org\/{rel}","templated":true}]}}