{"id":8273,"date":"2024-08-14T12:25:30","date_gmt":"2024-08-14T12:25:30","guid":{"rendered":"https:\/\/peipsikaup.ee\/?post_type=product&#038;p=8273"},"modified":"2025-01-14T06:46:56","modified_gmt":"2025-01-14T06:46:56","slug":"kunstikalender-2025","status":"publish","type":"product","link":"https:\/\/peipsikaup.ee\/ru\/product\/kunstikalender-2025\/","title":{"rendered":"Kunstikalender 2025"},"content":{"rendered":"<p><strong>Kunstikalender 2025 on midagi enamat kui tavaline seinakalender \u2013 see on praktiline ja stiilne kunstiteos, mis kaunistab iga kodu v\u00f5i kontorit.<\/strong><\/p>\n<p>See umbes A3 formaadis kalender \u00fchendab endas praktilisuse ja kunstilise v\u00e4\u00e4rtuse, sobides suurep\u00e4raselt kingituseks nii endale kui ka l\u00e4hedastele. Olgu sa \u00fcllatamas s\u00f5pra, kollegi v\u00f5i pereliiget, see kalender r\u00f5\u00f5mustab igat saajat.<\/p>\n<p>Kalendrit ilmestavad 12 unikaalset ja detailirohket k\u00e4sitsi \u00f5mmeldud illustratsiooni, mis esindavad iga kuu ainulaadset meeleolu. Illustratsioonid on inspireeritud loodusest, mis kutsuvad nautima elu v\u00e4ikseid r\u00f5\u00f5me. Nende meisterlik teostus pakub silmailu ja inspiratsiooni l\u00e4bi terve aasta. Lisaks kunstilisele naudingule on kalender ka funktsionaalselt l\u00e4bim\u00f5eldud: iga kuup\u00e4eva juures on piisavalt ruumi m\u00e4rkmete ja oluliste kohtumiste \u00fcles kirjutamiseks.<\/p>\n<p>Kunstikalender 2025 sisaldab k\u00f5iki Eesti p\u00fchasid ja rahvakalendri t\u00e4htp\u00e4evi, pakkudes praktilist \u00fclevaadet aastast. See on kasulik nii t\u00f6\u00f6 ja eraelu planeerimisel kui ka traditsioonide ja t\u00e4htsate p\u00e4evade meeles pidamisel.<\/p>\n<p>Tutvu ka teiste Maiu toodetega <a href=\"https:\/\/peipsikaup.ee\/ru\/product-category\/maiu-vares\/\">\u0437\u0434\u0435\u0441\u044c<\/a>.<\/p>\n<p>\u0426\u0432\u0435\u0442\u0430, \u043e\u0442\u043e\u0431\u0440\u0430\u0436\u0430\u0435\u043c\u044b\u0435 \u043d\u0430 \u044d\u043a\u0440\u0430\u043d\u0435, \u043c\u043e\u0433\u0443\u0442 \u043d\u0435\u043c\u043d\u043e\u0433\u043e \u043e\u0442\u043b\u0438\u0447\u0430\u0442\u044c\u0441\u044f \u043e\u0442 \u0440\u0435\u0430\u043b\u044c\u043d\u044b\u0445.<\/p>","protected":false},"excerpt":{"rendered":"<p><strong>Kunstikalender 2025 on suurep\u00e4rane kingitus endale, s\u00f5brale, \u00e4mmale, kolleegile jne. Seinakalender on umbes A3 suurune, sees 12 vahvat \u00f5mmeldud illustratsiooni, sisaldab p\u00fchasid ja rahvakalendri t\u00e4htp\u00e4evi ning numbriruutudes on piisavalt ruumi m\u00e4rkmete kirjutamiseks.<\/strong><strong>\u00a0\u0420\u0435\u043c\u0435\u0441\u043b\u0435\u043d\u043d\u0438\u043a <a href=\"https:\/\/peipsikaup.ee\/ru\/meistrid\/maiu-vares\/\">\u041c\u0430\u0439\u044e \u0412\u0430\u0440\u0435\u0441<\/a>.<\/strong><\/p>","protected":false},"featured_media":8430,"comment_status":"open","ping_status":"closed","template":"","meta":{"site-sidebar-layout":"default","site-content-layout":"default","ast-global-header-display":"","ast-main-header-display":"","ast-hfb-above-header-display":"","ast-hfb-below-header-display":"","ast-hfb-mobile-header-display":"","site-post-title":"","ast-breadcrumbs-content":"","ast-featured-img":"","footer-sml-layout":"","theme-transparent-header-meta":"default","adv-header-id-meta":"","stick-header-meta":"default","header-above-stick-meta":"","header-main-stick-meta":"","header-below-stick-meta":""},"product_brand":[],"product_cat":[60,37],"product_tag":[383],"class_list":{"0":"post-8273","1":"product","2":"type-product","3":"status-publish","4":"has-post-thumbnail","6":"product_cat-kodukaunistus","7":"product_cat-maiu-vares","8":"product_tag-kalender","9":"desktop-align-left","10":"tablet-align-left","11":"mobile-align-left","13":"first","14":"outofstock","15":"shipping-taxable","16":"purchasable","17":"product-type-simple"},"yoast_head":"<!-- This site is optimized with the Yoast SEO plugin v27.2 - https:\/\/yoast.com\/product\/yoast-seo-wordpress\/ -->\n<title>Kunstikalender 2025 - Peipsi kaup<\/title>\n<meta name=\"description\" content=\"Stiilne kunstikalender 2025. 12 unikaalset illustratsiooni, p\u00fchad ja piisavalt ruumi m\u00e4rkmeteks. Tellimine avatud \u2013 telli kohe!\" \/>\n<meta name=\"robots\" content=\"index, follow, max-snippet:-1, max-image-preview:large, max-video-preview:-1\" \/>\n<link rel=\"canonical\" href=\"https:\/\/peipsikaup.ee\/ru\/product\/kunstikalender-2025\/\" \/>\n<meta property=\"og:locale\" content=\"ru_RU\" \/>\n<meta property=\"og:type\" content=\"article\" \/>\n<meta property=\"og:title\" content=\"Kunstikalender 2025 - Peipsi kaup\" \/>\n<meta property=\"og:description\" content=\"Stiilne kunstikalender 2025. 12 unikaalset illustratsiooni, p\u00fchad ja piisavalt ruumi m\u00e4rkmeteks. Tellimine avatud \u2013 telli kohe!\" \/>\n<meta property=\"og:url\" content=\"https:\/\/peipsikaup.ee\/ru\/product\/kunstikalender-2025\/\" \/>\n<meta property=\"og:site_name\" content=\"Peipsi kaup\" \/>\n<meta property=\"article:modified_time\" content=\"2025-01-14T06:46:56+00:00\" \/>\n<meta property=\"og:image\" content=\"https:\/\/peipsikaup.ee\/wp-content\/uploads\/2024\/08\/20241129_102425.jpg\" \/>\n\t<meta property=\"og:image:width\" content=\"1779\" \/>\n\t<meta property=\"og:image:height\" content=\"1779\" \/>\n\t<meta property=\"og:image:type\" content=\"image\/jpeg\" \/>\n<meta name=\"twitter:card\" content=\"summary_large_image\" \/>\n<meta name=\"twitter:label1\" content=\"\u041f\u0440\u0438\u043c\u0435\u0440\u043d\u043e\u0435 \u0432\u0440\u0435\u043c\u044f \u0434\u043b\u044f \u0447\u0442\u0435\u043d\u0438\u044f\" \/>\n\t<meta name=\"twitter:data1\" content=\"2 \u043c\u0438\u043d\u0443\u0442\u044b\" \/>\n<script type=\"application\/ld+json\" class=\"yoast-schema-graph\">{\"@context\":\"https:\/\/schema.org\",\"@graph\":[{\"@type\":\"WebPage\",\"@id\":\"https:\/\/peipsikaup.ee\/toode\/kunstikalender-2025\/\",\"url\":\"https:\/\/peipsikaup.ee\/toode\/kunstikalender-2025\/\",\"name\":\"Kunstikalender 2025 - Peipsi kaup\",\"isPartOf\":{\"@id\":\"https:\/\/peipsikaup.ee\/#website\"},\"primaryImageOfPage\":{\"@id\":\"https:\/\/peipsikaup.ee\/toode\/kunstikalender-2025\/#primaryimage\"},\"image\":{\"@id\":\"https:\/\/peipsikaup.ee\/toode\/kunstikalender-2025\/#primaryimage\"},\"thumbnailUrl\":\"https:\/\/peipsikaup.ee\/wp-content\/uploads\/2024\/08\/20241129_102425.jpg\",\"datePublished\":\"2024-08-14T12:25:30+00:00\",\"dateModified\":\"2025-01-14T06:46:56+00:00\",\"description\":\"Stiilne kunstikalender 2025. 12 unikaalset illustratsiooni, p\u00fchad ja piisavalt ruumi m\u00e4rkmeteks. Tellimine avatud \u2013 telli kohe!\",\"breadcrumb\":{\"@id\":\"https:\/\/peipsikaup.ee\/toode\/kunstikalender-2025\/#breadcrumb\"},\"inLanguage\":\"ru-RU\",\"potentialAction\":[{\"@type\":\"ReadAction\",\"target\":[\"https:\/\/peipsikaup.ee\/toode\/kunstikalender-2025\/\"]}]},{\"@type\":\"ImageObject\",\"inLanguage\":\"ru-RU\",\"@id\":\"https:\/\/peipsikaup.ee\/toode\/kunstikalender-2025\/#primaryimage\",\"url\":\"https:\/\/peipsikaup.ee\/wp-content\/uploads\/2024\/08\/20241129_102425.jpg\",\"contentUrl\":\"https:\/\/peipsikaup.ee\/wp-content\/uploads\/2024\/08\/20241129_102425.jpg\",\"width\":1779,\"height\":1779,\"caption\":\"Peipsikaup meister Maiu Vares kunstikalender\"},{\"@type\":\"BreadcrumbList\",\"@id\":\"https:\/\/peipsikaup.ee\/toode\/kunstikalender-2025\/#breadcrumb\",\"itemListElement\":[{\"@type\":\"ListItem\",\"position\":1,\"name\":\"Home\",\"item\":\"https:\/\/peipsikaup.ee\/\"},{\"@type\":\"ListItem\",\"position\":2,\"name\":\"Pood\",\"item\":\"https:\/\/peipsikaup.ee\/pood\/\"},{\"@type\":\"ListItem\",\"position\":3,\"name\":\"Kunstikalender 2025\"}]},{\"@type\":\"WebSite\",\"@id\":\"https:\/\/peipsikaup.ee\/#website\",\"url\":\"https:\/\/peipsikaup.ee\/\",\"name\":\"Peipsi kaup\",\"description\":\"eheda ja isikup\u00e4rase k\u00e4sit\u00f6\u00f6 veebipood\",\"publisher\":{\"@id\":\"https:\/\/peipsikaup.ee\/#organization\"},\"potentialAction\":[{\"@type\":\"SearchAction\",\"target\":{\"@type\":\"EntryPoint\",\"urlTemplate\":\"https:\/\/peipsikaup.ee\/?s={search_term_string}\"},\"query-input\":{\"@type\":\"PropertyValueSpecification\",\"valueRequired\":true,\"valueName\":\"search_term_string\"}}],\"inLanguage\":\"ru-RU\"},{\"@type\":\"Organization\",\"@id\":\"https:\/\/peipsikaup.ee\/#organization\",\"name\":\"Peipsi kaup\",\"url\":\"https:\/\/peipsikaup.ee\/\",\"logo\":{\"@type\":\"ImageObject\",\"inLanguage\":\"ru-RU\",\"@id\":\"https:\/\/peipsikaup.ee\/#\/schema\/logo\/image\/\",\"url\":\"https:\/\/peipsikaup.ee\/wp-content\/uploads\/2022\/01\/cropped-Peipsikaup-loho-pisike.png\",\"contentUrl\":\"https:\/\/peipsikaup.ee\/wp-content\/uploads\/2022\/01\/cropped-Peipsikaup-loho-pisike.png\",\"width\":180,\"height\":60,\"caption\":\"Peipsi kaup\"},\"image\":{\"@id\":\"https:\/\/peipsikaup.ee\/#\/schema\/logo\/image\/\"}}]}<\/script>\n<!-- \/ Yoast SEO plugin. -->","yoast_head_json":{"title":"Kunstikalender 2025 - Peipsi kaup","description":"Stiilne kunstikalender 2025. 12 unikaalset illustratsiooni, p\u00fchad ja piisavalt ruumi m\u00e4rkmeteks. Tellimine avatud \u2013 telli kohe!","robots":{"index":"index","follow":"follow","max-snippet":"max-snippet:-1","max-image-preview":"max-image-preview:large","max-video-preview":"max-video-preview:-1"},"canonical":"https:\/\/peipsikaup.ee\/ru\/product\/kunstikalender-2025\/","og_locale":"ru_RU","og_type":"article","og_title":"Kunstikalender 2025 - Peipsi kaup","og_description":"Stiilne kunstikalender 2025. 12 unikaalset illustratsiooni, p\u00fchad ja piisavalt ruumi m\u00e4rkmeteks. Tellimine avatud \u2013 telli kohe!","og_url":"https:\/\/peipsikaup.ee\/ru\/product\/kunstikalender-2025\/","og_site_name":"Peipsi kaup","article_modified_time":"2025-01-14T06:46:56+00:00","og_image":[{"width":1779,"height":1779,"url":"https:\/\/peipsikaup.ee\/wp-content\/uploads\/2024\/08\/20241129_102425.jpg","type":"image\/jpeg"}],"twitter_card":"summary_large_image","twitter_misc":{"\u041f\u0440\u0438\u043c\u0435\u0440\u043d\u043e\u0435 \u0432\u0440\u0435\u043c\u044f \u0434\u043b\u044f \u0447\u0442\u0435\u043d\u0438\u044f":"2 \u043c\u0438\u043d\u0443\u0442\u044b"},"schema":{"@context":"https:\/\/schema.org","@graph":[{"@type":"WebPage","@id":"https:\/\/peipsikaup.ee\/toode\/kunstikalender-2025\/","url":"https:\/\/peipsikaup.ee\/toode\/kunstikalender-2025\/","name":"Kunstikalender 2025 - Peipsi kaup","isPartOf":{"@id":"https:\/\/peipsikaup.ee\/#website"},"primaryImageOfPage":{"@id":"https:\/\/peipsikaup.ee\/toode\/kunstikalender-2025\/#primaryimage"},"image":{"@id":"https:\/\/peipsikaup.ee\/toode\/kunstikalender-2025\/#primaryimage"},"thumbnailUrl":"https:\/\/peipsikaup.ee\/wp-content\/uploads\/2024\/08\/20241129_102425.jpg","datePublished":"2024-08-14T12:25:30+00:00","dateModified":"2025-01-14T06:46:56+00:00","description":"Stiilne kunstikalender 2025. 12 unikaalset illustratsiooni, p\u00fchad ja piisavalt ruumi m\u00e4rkmeteks. Tellimine avatud \u2013 telli kohe!","breadcrumb":{"@id":"https:\/\/peipsikaup.ee\/toode\/kunstikalender-2025\/#breadcrumb"},"inLanguage":"ru-RU","potentialAction":[{"@type":"ReadAction","target":["https:\/\/peipsikaup.ee\/toode\/kunstikalender-2025\/"]}]},{"@type":"ImageObject","inLanguage":"ru-RU","@id":"https:\/\/peipsikaup.ee\/toode\/kunstikalender-2025\/#primaryimage","url":"https:\/\/peipsikaup.ee\/wp-content\/uploads\/2024\/08\/20241129_102425.jpg","contentUrl":"https:\/\/peipsikaup.ee\/wp-content\/uploads\/2024\/08\/20241129_102425.jpg","width":1779,"height":1779,"caption":"Peipsikaup meister Maiu Vares kunstikalender"},{"@type":"BreadcrumbList","@id":"https:\/\/peipsikaup.ee\/toode\/kunstikalender-2025\/#breadcrumb","itemListElement":[{"@type":"ListItem","position":1,"name":"Home","item":"https:\/\/peipsikaup.ee\/"},{"@type":"ListItem","position":2,"name":"Pood","item":"https:\/\/peipsikaup.ee\/pood\/"},{"@type":"ListItem","position":3,"name":"Kunstikalender 2025"}]},{"@type":"WebSite","@id":"https:\/\/peipsikaup.ee\/#website","url":"https:\/\/peipsikaup.ee\/","name":"\u0422\u043e\u0440\u0433\u043e\u0432\u043b\u044f \u043d\u0430 \u0427\u0443\u0434\u0441\u043a\u043e\u043c \u043e\u0441\u0442\u0440\u043e\u0432\u0435","description":"eheda ja isikup\u00e4rase k\u00e4sit\u00f6\u00f6 veebipood","publisher":{"@id":"https:\/\/peipsikaup.ee\/#organization"},"potentialAction":[{"@type":"SearchAction","target":{"@type":"EntryPoint","urlTemplate":"https:\/\/peipsikaup.ee\/?s={search_term_string}"},"query-input":{"@type":"PropertyValueSpecification","valueRequired":true,"valueName":"search_term_string"}}],"inLanguage":"ru-RU"},{"@type":"Organization","@id":"https:\/\/peipsikaup.ee\/#organization","name":"\u0422\u043e\u0440\u0433\u043e\u0432\u043b\u044f \u043d\u0430 \u0427\u0443\u0434\u0441\u043a\u043e\u043c \u043e\u0441\u0442\u0440\u043e\u0432\u0435","url":"https:\/\/peipsikaup.ee\/","logo":{"@type":"ImageObject","inLanguage":"ru-RU","@id":"https:\/\/peipsikaup.ee\/#\/schema\/logo\/image\/","url":"https:\/\/peipsikaup.ee\/wp-content\/uploads\/2022\/01\/cropped-Peipsikaup-loho-pisike.png","contentUrl":"https:\/\/peipsikaup.ee\/wp-content\/uploads\/2022\/01\/cropped-Peipsikaup-loho-pisike.png","width":180,"height":60,"caption":"Peipsi kaup"},"image":{"@id":"https:\/\/peipsikaup.ee\/#\/schema\/logo\/image\/"}}]}},"_links":{"self":[{"href":"https:\/\/peipsikaup.ee\/ru\/wp-json\/wp\/v2\/product\/8273","targetHints":{"allow":["GET"]}}],"collection":[{"href":"https:\/\/peipsikaup.ee\/ru\/wp-json\/wp\/v2\/product"}],"about":[{"href":"https:\/\/peipsikaup.ee\/ru\/wp-json\/wp\/v2\/types\/product"}],"replies":[{"embeddable":true,"href":"https:\/\/peipsikaup.ee\/ru\/wp-json\/wp\/v2\/comments?post=8273"}],"wp:featuredmedia":[{"embeddable":true,"href":"https:\/\/peipsikaup.ee\/ru\/wp-json\/wp\/v2\/media\/8430"}],"wp:attachment":[{"href":"https:\/\/peipsikaup.ee\/ru\/wp-json\/wp\/v2\/media?parent=8273"}],"wp:term":[{"taxonomy":"product_brand","embeddable":true,"href":"https:\/\/peipsikaup.ee\/ru\/wp-json\/wp\/v2\/product_brand?post=8273"},{"taxonomy":"product_cat","embeddable":true,"href":"https:\/\/peipsikaup.ee\/ru\/wp-json\/wp\/v2\/product_cat?post=8273"},{"taxonomy":"product_tag","embeddable":true,"href":"https:\/\/peipsikaup.ee\/ru\/wp-json\/wp\/v2\/product_tag?post=8273"}],"curies":[{"name":"wp","href":"https:\/\/api.w.org\/{rel}","templated":true}]}}