{"id":8264,"date":"2024-08-09T07:52:29","date_gmt":"2024-08-09T07:52:29","guid":{"rendered":"https:\/\/peipsikaup.ee\/?post_type=product&#038;p=8264"},"modified":"2026-04-07T22:18:31","modified_gmt":"2026-04-07T22:18:31","slug":"onnitluskaart-jaalinnuga","status":"publish","type":"product","link":"https:\/\/peipsikaup.ee\/ru\/product\/onnitluskaart-jaalinnuga\/","title":{"rendered":"\u041e\u0442\u043a\u0440\u044b\u0442\u043a\u0430 \u0441 \u043f\u0442\u0438\u0446\u0435\u0439 (\u0437\u0438\u043c\u043e\u0440\u043e\u0434\u043e\u043a)"},"content":{"rendered":"<p><strong>\u041f\u043e\u0437\u0434\u0440\u0430\u0432\u0438\u0442\u0435\u043b\u044c\u043d\u0430\u044f \u043e\u0442\u043a\u0440\u044b\u0442\u043a\u0430, \u0432\u043e\u043f\u043b\u043e\u0449\u0430\u044e\u0449\u0430\u044f \u0432 \u0441\u0435\u0431\u0435 \u043e\u0447\u0430\u0440\u043e\u0432\u0430\u043d\u0438\u0435 \u044d\u0441\u0442\u043e\u043d\u0441\u043a\u043e\u0439 \u043f\u0440\u0438\u0440\u043e\u0434\u044b \u0438 \u0442\u0449\u0430\u0442\u0435\u043b\u044c\u043d\u043e \u043f\u0440\u043e\u0440\u0430\u0431\u043e\u0442\u0430\u043d\u043d\u0443\u044e \u0438\u043b\u043b\u044e\u0441\u0442\u0440\u0430\u0446\u0438\u044e \u0445\u0443\u0434\u043e\u0436\u043d\u0438\u043a\u0430. \u0412 \u0446\u0435\u043d\u0442\u0440\u0435 \u043e\u0442\u043a\u0440\u044b\u0442\u043a\u0438 \u0438\u0437\u043e\u0431\u0440\u0430\u0436\u0435\u043d\u0430 \u043a\u0440\u0430\u0441\u0438\u0432\u0430\u044f \u043b\u0435\u0434\u044f\u043d\u0430\u044f \u043f\u0442\u0438\u0446\u0430, \u0434\u0435\u0440\u0436\u0430\u0449\u0430\u044f \u0432 \u043a\u043b\u044e\u0432\u0435 \u0442\u0430\u0431\u043b\u0438\u0447\u043a\u0443 \u0441 \u043d\u0430\u0434\u043f\u0438\u0441\u044c\u044e \u00ab\u0421\u0447\u0430\u0441\u0442\u043b\u0438\u0432\u043e\u0433\u043e \u0434\u043d\u044f\u00bb. \u042d\u0442\u043e \u0443\u043d\u0438\u043a\u0430\u043b\u044c\u043d\u043e\u0435 \u0438\u0437\u043e\u0431\u0440\u0430\u0436\u0435\u043d\u0438\u0435, \u0441\u043e\u0437\u0434\u0430\u043d\u043d\u043e\u0435 \u0442\u0430\u043b\u0430\u043d\u0442\u043b\u0438\u0432\u044b\u043c \u0445\u0443\u0434\u043e\u0436\u043d\u0438\u043a\u043e\u043c \u041c\u0430\u0439\u044e, \u043f\u043e\u0434\u0430\u0440\u0438\u0442 \u0440\u0430\u0434\u043e\u0441\u0442\u044c \u0438 \u043d\u0435\u0437\u0430\u0431\u044b\u0432\u0430\u0435\u043c\u044b\u0435 \u043c\u043e\u043c\u0435\u043d\u0442\u044b \u043a\u0430\u0436\u0434\u043e\u043c\u0443 \u043f\u043e\u043b\u0443\u0447\u0430\u0442\u0435\u043b\u044e \u043f\u043e\u0434\u0430\u0440\u043a\u0430.<\/strong><\/p>\n<p>\u041e\u0442\u043a\u0440\u044b\u0442\u043a\u0430 \u043a\u0432\u0430\u0434\u0440\u0430\u0442\u043d\u043e\u0439 \u0444\u043e\u0440\u043c\u044b, \u0440\u0430\u0437\u043c\u0435\u0440\u043e\u043c 14,5 x 14,5 \u0441\u043c, \u0438\u0434\u0435\u0430\u043b\u044c\u043d\u043e \u043f\u043e\u0434\u0445\u043e\u0434\u0438\u0442 \u0434\u043b\u044f \u043b\u044e\u0431\u043e\u0433\u043e \u043f\u043e\u0437\u0434\u0440\u0430\u0432\u043b\u0435\u043d\u0438\u044f. \u0418\u0437\u043e\u0431\u0440\u0430\u0436\u0435\u043d\u0438\u0435 \u043d\u0430\u043f\u0435\u0447\u0430\u0442\u0430\u043d\u043e \u043d\u0430 \u0432\u044b\u0441\u043e\u043a\u043e\u043a\u0430\u0447\u0435\u0441\u0442\u0432\u0435\u043d\u043d\u043e\u0439 \u0431\u0443\u043c\u0430\u0433\u0435 \u0446\u0432\u0435\u0442\u0430 \u0441\u043b\u043e\u043d\u043e\u0432\u043e\u0439 \u043a\u043e\u0441\u0442\u0438, \u0447\u0442\u043e \u043f\u0440\u0438\u0434\u0430\u0435\u0442 \u043e\u0442\u043a\u0440\u044b\u0442\u043a\u0435 \u044d\u043b\u0435\u0433\u0430\u043d\u0442\u043d\u043e\u0441\u0442\u044c \u0438 \u0442\u0435\u043f\u043b\u043e\u0442\u0443.<\/p>\n<p>\u0412\u043d\u0443\u0442\u0440\u0438 \u043e\u0442\u043a\u0440\u044b\u0442\u043a\u0430 \u043f\u0443\u0441\u0442\u0430\u044f, \u0447\u0442\u043e \u0434\u0430\u0435\u0442 \u0432\u0430\u043c \u0432\u043e\u0437\u043c\u043e\u0436\u043d\u043e\u0441\u0442\u044c \u0434\u043e\u0431\u0430\u0432\u0438\u0442\u044c \u043b\u0438\u0447\u043d\u043e\u0435 \u043f\u043e\u0441\u043b\u0430\u043d\u0438\u0435, \u0442\u043e\u0447\u043d\u043e \u043e\u0442\u0440\u0430\u0436\u0430\u044e\u0449\u0435\u0435 \u0442\u043e, \u0447\u0442\u043e \u0432\u044b \u0445\u043e\u0442\u0438\u0442\u0435 \u0441\u043a\u0430\u0437\u0430\u0442\u044c. \u0411\u0443\u0434\u044c \u0442\u043e \u0434\u0435\u043d\u044c \u0440\u043e\u0436\u0434\u0435\u043d\u0438\u044f, \u044e\u0431\u0438\u043b\u0435\u0439 \u0438\u043b\u0438 \u043f\u0440\u043e\u0441\u0442\u043e \u0436\u0435\u043b\u0430\u043d\u0438\u0435 \u043f\u043e\u0440\u0430\u0434\u043e\u0432\u0430\u0442\u044c \u0434\u0440\u0443\u0433\u0430 \u2014 \u044d\u0442\u0430 \u043e\u0442\u043a\u0440\u044b\u0442\u043a\u0430 \u043f\u043e\u0437\u0432\u043e\u043b\u0438\u0442 \u0432\u0430\u043c \u0432\u044b\u0440\u0430\u0437\u0438\u0442\u044c \u0441\u0432\u043e\u0438 \u0447\u0443\u0432\u0441\u0442\u0432\u0430 \u043f\u043e-\u0441\u0432\u043e\u0435\u043c\u0443, \u0438\u043d\u0434\u0438\u0432\u0438\u0434\u0443\u0430\u043b\u044c\u043d\u043e \u0438 \u043d\u0435\u043f\u043e\u0432\u0442\u043e\u0440\u0438\u043c\u043e.<\/p>\n<p>\u0412 \u043a\u043e\u043c\u043f\u043b\u0435\u043a\u0442 \u0442\u0430\u043a\u0436\u0435 \u0432\u0445\u043e\u0434\u0438\u0442 \u0432\u044b\u0441\u043e\u043a\u043e\u043a\u0430\u0447\u0435\u0441\u0442\u0432\u0435\u043d\u043d\u044b\u0439 \u043a\u043e\u043d\u0432\u0435\u0440\u0442, \u043a\u043e\u0442\u043e\u0440\u044b\u0439 \u0433\u0430\u0440\u043c\u043e\u043d\u0438\u0440\u0443\u0435\u0442 \u0441\u043e \u0441\u0442\u0438\u043b\u0435\u043c \u043e\u0442\u043a\u0440\u044b\u0442\u043a\u0438 \u0438 \u043f\u0440\u0438\u0434\u0430\u0435\u0442 \u0432\u0441\u0435\u043c\u0443 \u043d\u0430\u0431\u043e\u0440\u0443 \u0437\u0430\u0432\u0435\u0440\u0448\u0435\u043d\u043d\u044b\u0439 \u0432\u0438\u0434.<\/p>\n<p>\u042d\u0442\u0430 \u043f\u043e\u0437\u0434\u0440\u0430\u0432\u0438\u0442\u0435\u043b\u044c\u043d\u0430\u044f \u043e\u0442\u043a\u0440\u044b\u0442\u043a\u0430 \u2014 \u043d\u0435 \u043f\u0440\u043e\u0441\u0442\u043e \u043a\u0443\u0441\u043e\u043a \u0431\u0443\u043c\u0430\u0433\u0438, \u0430 \u0447\u0430\u0441\u0442\u044c \u043f\u043e\u0434\u0430\u0440\u043a\u0430, \u043a\u043e\u0442\u043e\u0440\u044b\u0439 \u0437\u0430\u043f\u043e\u043c\u043d\u0438\u0442\u0441\u044f \u043d\u0430\u0434\u043e\u043b\u0433\u043e. \u0415\u0441\u043b\u0438 \u0432\u044b \u0445\u043e\u0442\u0438\u0442\u0435 \u0432\u044b\u0440\u0430\u0437\u0438\u0442\u044c \u0441\u0432\u043e\u0438 \u043f\u043e\u0437\u0434\u0440\u0430\u0432\u043b\u0435\u043d\u0438\u044f \u0432 \u043e\u0441\u043e\u0431\u043e\u0439 \u0438 \u0445\u0443\u0434\u043e\u0436\u0435\u0441\u0442\u0432\u0435\u043d\u043d\u043e\u0439 \u043c\u0430\u043d\u0435\u0440\u0435, \u044d\u0442\u0430 \u043e\u0442\u043a\u0440\u044b\u0442\u043a\u0430 \u0441 \u0438\u0437\u043e\u0431\u0440\u0430\u0436\u0435\u043d\u0438\u0435\u043c \u043b\u0435\u0434\u044f\u043d\u043e\u0439 \u043f\u0442\u0438\u0446\u044b \u0441\u0442\u0430\u043d\u0435\u0442 \u043e\u0442\u043b\u0438\u0447\u043d\u044b\u043c \u0432\u044b\u0431\u043e\u0440\u043e\u043c.<\/p>\n<p>\u0415\u0441\u043b\u0438 \u0432\u044b \u0445\u043e\u0442\u0438\u0442\u0435 \u0443\u0432\u0438\u0434\u0435\u0442\u044c \u043c\u043d\u043e\u0436\u0435\u0441\u0442\u0432\u043e \u0440\u0430\u0437\u043b\u0438\u0447\u043d\u044b\u0445 \u0434\u0438\u0437\u0430\u0439\u043d\u043e\u0432 \u043e\u0442\u043a\u0440\u044b\u0442\u043e\u043a, \u043e\u0437\u043d\u0430\u043a\u043e\u043c\u044c\u0442\u0435\u0441\u044c \u0441\u043e \u0432\u0441\u0435\u0439 \u043a\u043e\u043b\u043b\u0435\u043a\u0446\u0438\u0435\u0439 \u043e\u0442\u043a\u0440\u044b\u0442\u043e\u043a Ma\u0439\u044e <a href=\"https:\/\/peipsikaup.ee\/ru\/product-category\/maiu-vares\/\">\u0437\u0434\u0435\u0441\u044c<\/a>.<\/p>\n<p>\u0426\u0432\u0435\u0442\u0430, \u043e\u0442\u043e\u0431\u0440\u0430\u0436\u0430\u0435\u043c\u044b\u0435 \u043d\u0430 \u044d\u043a\u0440\u0430\u043d\u0435, \u043c\u043e\u0433\u0443\u0442 \u043d\u0435\u043c\u043d\u043e\u0433\u043e \u043e\u0442\u043b\u0438\u0447\u0430\u0442\u044c\u0441\u044f \u043e\u0442 \u0440\u0435\u0430\u043b\u044c\u043d\u044b\u0445.<\/p>\n<p><b>\u041a\u043b\u044e\u0447\u0435\u0432\u044b\u0435 \u0441\u043b\u043e\u0432\u0430:<\/b>\u00a0 \u043e\u0442\u043a\u0440\u044b\u0442\u043a\u0438 \u0441 \u0431\u043b\u0430\u0433\u043e\u0434\u0430\u0440\u043d\u043e\u0441\u0442\u044c\u044e, \u043f\u043e\u0437\u0434\u0440\u0430\u0432\u0438\u0442\u0435\u043b\u044c\u043d\u044b\u0435 \u043e\u0442\u043a\u0440\u044b\u0442\u043a\u0438, \u043f\u043e\u0434\u0430\u0440\u043e\u043a \u043d\u0430 \u0414\u0435\u043d\u044c \u043c\u0430\u0442\u0435\u0440\u0438, \u0431\u0430\u0431\u0443\u0448\u043a\u0435, \u043f\u043e\u0434\u0430\u0440\u043e\u043a \u0443\u0447\u0438\u0442\u0435\u043b\u044e \u0448\u043a\u043e\u043b\u044b \u0438\u043b\u0438 \u0434\u0435\u0442\u0441\u043a\u043e\u0433\u043e \u0441\u0430\u0434\u0430, \u043e\u0442\u043a\u0440\u044b\u0442\u043a\u0430 \u0441 \u043f\u0442\u0438\u0447\u043a\u043e\u0439, \u0441\u043f\u0430\u0441\u0438\u0431\u043e, \u0443\u0447\u0438\u0442\u0435\u043b\u044c, \u043b\u0435\u0434\u044f\u043d\u0430\u044f \u043f\u0442\u0438\u0446\u0430, \u0441\u0443\u0432\u0435\u043d\u0438\u0440\u044b \u0441 \u043b\u0435\u0434\u044f\u043d\u043e\u0439 \u043f\u0442\u0438\u0447\u043a\u043e\u0439<\/p>","protected":false},"excerpt":{"rendered":"<p><strong>\u041a\u0440\u0430\u0441\u0438\u0432\u043e \u043e\u0444\u043e\u0440\u043c\u043b\u0435\u043d\u043d\u0430\u044f \u043f\u043e\u0437\u0434\u0440\u0430\u0432\u0438\u0442\u0435\u043b\u044c\u043d\u0430\u044f \u043e\u0442\u043a\u0440\u044b\u0442\u043a\u0430 \u0441 \u043b\u0435\u0434\u044f\u043d\u043e\u0439 \u043f\u0442\u0438\u0446\u0435\u0439 (\u0437\u0438\u043c\u043e\u0440\u043e\u0434\u043e\u043a)\u2014 \u0438\u0434\u0435\u0430\u043b\u044c\u043d\u043e\u0435 \u0434\u043e\u043f\u043e\u043b\u043d\u0435\u043d\u0438\u0435 \u043a \u043f\u043e\u0434\u0430\u0440\u043a\u0443, \u0447\u0442\u043e\u0431\u044b \u0441\u043a\u0430\u0437\u0430\u0442\u044c \u00ab\u041f\u043e\u0437\u0434\u0440\u0430\u0432\u043b\u044f\u044e\u00bb. \u0423\u0434\u0438\u0432\u0438\u0442\u0435 \u0441\u0432\u043e\u0438\u0445 \u0431\u043b\u0438\u0437\u043a\u0438\u0445, \u0443\u0447\u0438\u0442\u0435\u043b\u0435\u0439 \u0438\u043b\u0438 \u0434\u0435\u043b\u043e\u0432\u044b\u0445 \u043f\u0430\u0440\u0442\u043d\u0435\u0440\u043e\u0432 \u044d\u0442\u043e\u0439 \u043e\u0441\u043e\u0431\u0435\u043d\u043d\u043e\u0439 \u0438 \u0434\u0443\u0448\u0435\u0432\u043d\u043e\u0439 \u043e\u0442\u043a\u0440\u044b\u0442\u043a\u043e\u0439. \u0412 \u043a\u043e\u043c\u043f\u043b\u0435\u043a\u0442\u0435 \u043a\u043e\u043d\u0432\u0435\u0440\u0442. \u041c\u0430\u0441\u0442\u0435\u0440 <a href=\"https:\/\/peipsikaup.ee\/ru\/meistrid\/maiu-vares\/\">\u041c\u0430\u0439\u044e \u0412\u0430\u0440\u0435\u0441<\/a>.<\/strong><\/p>","protected":false},"featured_media":8269,"comment_status":"open","ping_status":"closed","template":"","meta":{"site-sidebar-layout":"default","site-content-layout":"default","ast-global-header-display":"","ast-main-header-display":"","ast-hfb-above-header-display":"","ast-hfb-below-header-display":"","ast-hfb-mobile-header-display":"","site-post-title":"","ast-breadcrumbs-content":"","ast-featured-img":"","footer-sml-layout":"","theme-transparent-header-meta":"default","adv-header-id-meta":"","stick-header-meta":"default","header-above-stick-meta":"","header-main-stick-meta":"","header-below-stick-meta":""},"product_brand":[],"product_cat":[45,37,22],"product_tag":[382,49,48],"class_list":{"0":"post-8264","1":"product","2":"type-product","3":"status-publish","4":"has-post-thumbnail","6":"product_cat-kaardid","7":"product_cat-maiu-vares","8":"product_cat-meened","9":"product_tag-kaart","10":"product_tag-onnesoovid","11":"product_tag-sunnipaev","12":"desktop-align-left","13":"tablet-align-left","14":"mobile-align-left","16":"first","17":"instock","18":"shipping-taxable","19":"purchasable","20":"product-type-simple"},"yoast_head":"<!-- This site is optimized with the Yoast SEO plugin v27.2 - https:\/\/yoast.com\/product\/yoast-seo-wordpress\/ -->\n<title>\u00d5nnitluskaart j\u00e4\u00e4linnuga - Peipsi kaup<\/title>\n<meta name=\"description\" content=\"Kauni kujundusega \u00f5nnitluskaart, ideaalne kingitus l\u00e4hedasele! Koos \u00fcmbrikuga. Kvaliteetne ja s\u00fcdamlik viis \u00f6elda &quot;Palju \u00f5nne&quot; erilistel puhkudel!\" \/>\n<meta name=\"robots\" content=\"index, follow, max-snippet:-1, max-image-preview:large, max-video-preview:-1\" \/>\n<link rel=\"canonical\" href=\"https:\/\/peipsikaup.ee\/ru\/product\/onnitluskaart-jaalinnuga\/\" \/>\n<meta property=\"og:locale\" content=\"ru_RU\" \/>\n<meta property=\"og:type\" content=\"article\" \/>\n<meta property=\"og:title\" content=\"\u00d5nnitluskaart j\u00e4\u00e4linnuga - Peipsi kaup\" \/>\n<meta property=\"og:description\" content=\"Kauni kujundusega \u00f5nnitluskaart, ideaalne kingitus l\u00e4hedasele! Koos \u00fcmbrikuga. Kvaliteetne ja s\u00fcdamlik viis \u00f6elda &quot;Palju \u00f5nne&quot; erilistel puhkudel!\" \/>\n<meta property=\"og:url\" content=\"https:\/\/peipsikaup.ee\/ru\/product\/onnitluskaart-jaalinnuga\/\" \/>\n<meta property=\"og:site_name\" content=\"Peipsi kaup\" \/>\n<meta property=\"article:modified_time\" content=\"2026-04-07T22:18:31+00:00\" \/>\n<meta property=\"og:image\" content=\"https:\/\/peipsikaup.ee\/wp-content\/uploads\/2024\/08\/Peipsikaup_meister_Maiu_Vares_kaart-7.jpg\" \/>\n\t<meta property=\"og:image:width\" content=\"1713\" \/>\n\t<meta property=\"og:image:height\" content=\"1713\" \/>\n\t<meta property=\"og:image:type\" content=\"image\/jpeg\" \/>\n<meta name=\"twitter:card\" content=\"summary_large_image\" \/>\n<meta name=\"twitter:label1\" content=\"\u041f\u0440\u0438\u043c\u0435\u0440\u043d\u043e\u0435 \u0432\u0440\u0435\u043c\u044f \u0434\u043b\u044f \u0447\u0442\u0435\u043d\u0438\u044f\" \/>\n\t<meta name=\"twitter:data1\" content=\"2 \u043c\u0438\u043d\u0443\u0442\u044b\" \/>\n<script type=\"application\/ld+json\" class=\"yoast-schema-graph\">{\"@context\":\"https:\/\/schema.org\",\"@graph\":[{\"@type\":\"WebPage\",\"@id\":\"https:\/\/peipsikaup.ee\/toode\/onnitluskaart-jaalinnuga\/\",\"url\":\"https:\/\/peipsikaup.ee\/toode\/onnitluskaart-jaalinnuga\/\",\"name\":\"\u00d5nnitluskaart j\u00e4\u00e4linnuga - Peipsi kaup\",\"isPartOf\":{\"@id\":\"https:\/\/peipsikaup.ee\/#website\"},\"primaryImageOfPage\":{\"@id\":\"https:\/\/peipsikaup.ee\/toode\/onnitluskaart-jaalinnuga\/#primaryimage\"},\"image\":{\"@id\":\"https:\/\/peipsikaup.ee\/toode\/onnitluskaart-jaalinnuga\/#primaryimage\"},\"thumbnailUrl\":\"https:\/\/peipsikaup.ee\/wp-content\/uploads\/2024\/08\/Peipsikaup_meister_Maiu_Vares_kaart-7.jpg\",\"datePublished\":\"2024-08-09T07:52:29+00:00\",\"dateModified\":\"2026-04-07T22:18:31+00:00\",\"description\":\"Kauni kujundusega \u00f5nnitluskaart, ideaalne kingitus l\u00e4hedasele! Koos \u00fcmbrikuga. Kvaliteetne ja s\u00fcdamlik viis \u00f6elda \\\"Palju \u00f5nne\\\" erilistel puhkudel!\",\"breadcrumb\":{\"@id\":\"https:\/\/peipsikaup.ee\/toode\/onnitluskaart-jaalinnuga\/#breadcrumb\"},\"inLanguage\":\"ru-RU\",\"potentialAction\":[{\"@type\":\"ReadAction\",\"target\":[\"https:\/\/peipsikaup.ee\/toode\/onnitluskaart-jaalinnuga\/\"]}]},{\"@type\":\"ImageObject\",\"inLanguage\":\"ru-RU\",\"@id\":\"https:\/\/peipsikaup.ee\/toode\/onnitluskaart-jaalinnuga\/#primaryimage\",\"url\":\"https:\/\/peipsikaup.ee\/wp-content\/uploads\/2024\/08\/Peipsikaup_meister_Maiu_Vares_kaart-7.jpg\",\"contentUrl\":\"https:\/\/peipsikaup.ee\/wp-content\/uploads\/2024\/08\/Peipsikaup_meister_Maiu_Vares_kaart-7.jpg\",\"width\":1713,\"height\":1713,\"caption\":\"Peipsikaup meister Maiu Varese illustreeritud \u00f5nnitluskaart j\u00e4\u00e4linnuga\"},{\"@type\":\"BreadcrumbList\",\"@id\":\"https:\/\/peipsikaup.ee\/toode\/onnitluskaart-jaalinnuga\/#breadcrumb\",\"itemListElement\":[{\"@type\":\"ListItem\",\"position\":1,\"name\":\"Home\",\"item\":\"https:\/\/peipsikaup.ee\/\"},{\"@type\":\"ListItem\",\"position\":2,\"name\":\"Pood\",\"item\":\"https:\/\/peipsikaup.ee\/pood\/\"},{\"@type\":\"ListItem\",\"position\":3,\"name\":\"\u00d5nnitluskaart j\u00e4\u00e4linnuga\"}]},{\"@type\":\"WebSite\",\"@id\":\"https:\/\/peipsikaup.ee\/#website\",\"url\":\"https:\/\/peipsikaup.ee\/\",\"name\":\"Peipsi kaup\",\"description\":\"eheda ja isikup\u00e4rase k\u00e4sit\u00f6\u00f6 veebipood\",\"publisher\":{\"@id\":\"https:\/\/peipsikaup.ee\/#organization\"},\"potentialAction\":[{\"@type\":\"SearchAction\",\"target\":{\"@type\":\"EntryPoint\",\"urlTemplate\":\"https:\/\/peipsikaup.ee\/?s={search_term_string}\"},\"query-input\":{\"@type\":\"PropertyValueSpecification\",\"valueRequired\":true,\"valueName\":\"search_term_string\"}}],\"inLanguage\":\"ru-RU\"},{\"@type\":\"Organization\",\"@id\":\"https:\/\/peipsikaup.ee\/#organization\",\"name\":\"Peipsi kaup\",\"url\":\"https:\/\/peipsikaup.ee\/\",\"logo\":{\"@type\":\"ImageObject\",\"inLanguage\":\"ru-RU\",\"@id\":\"https:\/\/peipsikaup.ee\/#\/schema\/logo\/image\/\",\"url\":\"https:\/\/peipsikaup.ee\/wp-content\/uploads\/2022\/01\/cropped-Peipsikaup-loho-pisike.png\",\"contentUrl\":\"https:\/\/peipsikaup.ee\/wp-content\/uploads\/2022\/01\/cropped-Peipsikaup-loho-pisike.png\",\"width\":180,\"height\":60,\"caption\":\"Peipsi kaup\"},\"image\":{\"@id\":\"https:\/\/peipsikaup.ee\/#\/schema\/logo\/image\/\"}}]}<\/script>\n<!-- \/ Yoast SEO plugin. -->","yoast_head_json":{"title":"\u00d5nnitluskaart j\u00e4\u00e4linnuga - Peipsi kaup","description":"Kauni kujundusega \u00f5nnitluskaart, ideaalne kingitus l\u00e4hedasele! Koos \u00fcmbrikuga. Kvaliteetne ja s\u00fcdamlik viis \u00f6elda \"Palju \u00f5nne\" erilistel puhkudel!","robots":{"index":"index","follow":"follow","max-snippet":"max-snippet:-1","max-image-preview":"max-image-preview:large","max-video-preview":"max-video-preview:-1"},"canonical":"https:\/\/peipsikaup.ee\/ru\/product\/onnitluskaart-jaalinnuga\/","og_locale":"ru_RU","og_type":"article","og_title":"\u00d5nnitluskaart j\u00e4\u00e4linnuga - Peipsi kaup","og_description":"Kauni kujundusega \u00f5nnitluskaart, ideaalne kingitus l\u00e4hedasele! Koos \u00fcmbrikuga. Kvaliteetne ja s\u00fcdamlik viis \u00f6elda \"Palju \u00f5nne\" erilistel puhkudel!","og_url":"https:\/\/peipsikaup.ee\/ru\/product\/onnitluskaart-jaalinnuga\/","og_site_name":"Peipsi kaup","article_modified_time":"2026-04-07T22:18:31+00:00","og_image":[{"width":1713,"height":1713,"url":"https:\/\/peipsikaup.ee\/wp-content\/uploads\/2024\/08\/Peipsikaup_meister_Maiu_Vares_kaart-7.jpg","type":"image\/jpeg"}],"twitter_card":"summary_large_image","twitter_misc":{"\u041f\u0440\u0438\u043c\u0435\u0440\u043d\u043e\u0435 \u0432\u0440\u0435\u043c\u044f \u0434\u043b\u044f \u0447\u0442\u0435\u043d\u0438\u044f":"2 \u043c\u0438\u043d\u0443\u0442\u044b"},"schema":{"@context":"https:\/\/schema.org","@graph":[{"@type":"WebPage","@id":"https:\/\/peipsikaup.ee\/toode\/onnitluskaart-jaalinnuga\/","url":"https:\/\/peipsikaup.ee\/toode\/onnitluskaart-jaalinnuga\/","name":"\u00d5nnitluskaart j\u00e4\u00e4linnuga - Peipsi kaup","isPartOf":{"@id":"https:\/\/peipsikaup.ee\/#website"},"primaryImageOfPage":{"@id":"https:\/\/peipsikaup.ee\/toode\/onnitluskaart-jaalinnuga\/#primaryimage"},"image":{"@id":"https:\/\/peipsikaup.ee\/toode\/onnitluskaart-jaalinnuga\/#primaryimage"},"thumbnailUrl":"https:\/\/peipsikaup.ee\/wp-content\/uploads\/2024\/08\/Peipsikaup_meister_Maiu_Vares_kaart-7.jpg","datePublished":"2024-08-09T07:52:29+00:00","dateModified":"2026-04-07T22:18:31+00:00","description":"Kauni kujundusega \u00f5nnitluskaart, ideaalne kingitus l\u00e4hedasele! Koos \u00fcmbrikuga. Kvaliteetne ja s\u00fcdamlik viis \u00f6elda \"Palju \u00f5nne\" erilistel puhkudel!","breadcrumb":{"@id":"https:\/\/peipsikaup.ee\/toode\/onnitluskaart-jaalinnuga\/#breadcrumb"},"inLanguage":"ru-RU","potentialAction":[{"@type":"ReadAction","target":["https:\/\/peipsikaup.ee\/toode\/onnitluskaart-jaalinnuga\/"]}]},{"@type":"ImageObject","inLanguage":"ru-RU","@id":"https:\/\/peipsikaup.ee\/toode\/onnitluskaart-jaalinnuga\/#primaryimage","url":"https:\/\/peipsikaup.ee\/wp-content\/uploads\/2024\/08\/Peipsikaup_meister_Maiu_Vares_kaart-7.jpg","contentUrl":"https:\/\/peipsikaup.ee\/wp-content\/uploads\/2024\/08\/Peipsikaup_meister_Maiu_Vares_kaart-7.jpg","width":1713,"height":1713,"caption":"Peipsikaup meister Maiu Varese illustreeritud \u00f5nnitluskaart j\u00e4\u00e4linnuga"},{"@type":"BreadcrumbList","@id":"https:\/\/peipsikaup.ee\/toode\/onnitluskaart-jaalinnuga\/#breadcrumb","itemListElement":[{"@type":"ListItem","position":1,"name":"Home","item":"https:\/\/peipsikaup.ee\/"},{"@type":"ListItem","position":2,"name":"Pood","item":"https:\/\/peipsikaup.ee\/pood\/"},{"@type":"ListItem","position":3,"name":"\u00d5nnitluskaart j\u00e4\u00e4linnuga"}]},{"@type":"WebSite","@id":"https:\/\/peipsikaup.ee\/#website","url":"https:\/\/peipsikaup.ee\/","name":"\u0422\u043e\u0440\u0433\u043e\u0432\u043b\u044f \u043d\u0430 \u0427\u0443\u0434\u0441\u043a\u043e\u043c \u043e\u0441\u0442\u0440\u043e\u0432\u0435","description":"eheda ja isikup\u00e4rase k\u00e4sit\u00f6\u00f6 veebipood","publisher":{"@id":"https:\/\/peipsikaup.ee\/#organization"},"potentialAction":[{"@type":"SearchAction","target":{"@type":"EntryPoint","urlTemplate":"https:\/\/peipsikaup.ee\/?s={search_term_string}"},"query-input":{"@type":"PropertyValueSpecification","valueRequired":true,"valueName":"search_term_string"}}],"inLanguage":"ru-RU"},{"@type":"Organization","@id":"https:\/\/peipsikaup.ee\/#organization","name":"\u0422\u043e\u0440\u0433\u043e\u0432\u043b\u044f \u043d\u0430 \u0427\u0443\u0434\u0441\u043a\u043e\u043c \u043e\u0441\u0442\u0440\u043e\u0432\u0435","url":"https:\/\/peipsikaup.ee\/","logo":{"@type":"ImageObject","inLanguage":"ru-RU","@id":"https:\/\/peipsikaup.ee\/#\/schema\/logo\/image\/","url":"https:\/\/peipsikaup.ee\/wp-content\/uploads\/2022\/01\/cropped-Peipsikaup-loho-pisike.png","contentUrl":"https:\/\/peipsikaup.ee\/wp-content\/uploads\/2022\/01\/cropped-Peipsikaup-loho-pisike.png","width":180,"height":60,"caption":"Peipsi kaup"},"image":{"@id":"https:\/\/peipsikaup.ee\/#\/schema\/logo\/image\/"}}]}},"_links":{"self":[{"href":"https:\/\/peipsikaup.ee\/ru\/wp-json\/wp\/v2\/product\/8264","targetHints":{"allow":["GET"]}}],"collection":[{"href":"https:\/\/peipsikaup.ee\/ru\/wp-json\/wp\/v2\/product"}],"about":[{"href":"https:\/\/peipsikaup.ee\/ru\/wp-json\/wp\/v2\/types\/product"}],"replies":[{"embeddable":true,"href":"https:\/\/peipsikaup.ee\/ru\/wp-json\/wp\/v2\/comments?post=8264"}],"wp:featuredmedia":[{"embeddable":true,"href":"https:\/\/peipsikaup.ee\/ru\/wp-json\/wp\/v2\/media\/8269"}],"wp:attachment":[{"href":"https:\/\/peipsikaup.ee\/ru\/wp-json\/wp\/v2\/media?parent=8264"}],"wp:term":[{"taxonomy":"product_brand","embeddable":true,"href":"https:\/\/peipsikaup.ee\/ru\/wp-json\/wp\/v2\/product_brand?post=8264"},{"taxonomy":"product_cat","embeddable":true,"href":"https:\/\/peipsikaup.ee\/ru\/wp-json\/wp\/v2\/product_cat?post=8264"},{"taxonomy":"product_tag","embeddable":true,"href":"https:\/\/peipsikaup.ee\/ru\/wp-json\/wp\/v2\/product_tag?post=8264"}],"curies":[{"name":"wp","href":"https:\/\/api.w.org\/{rel}","templated":true}]}}