{"id":7971,"date":"2023-09-14T07:45:32","date_gmt":"2023-09-14T07:45:32","guid":{"rendered":"https:\/\/peipsikaup.ee\/?post_type=product&#038;p=7971"},"modified":"2025-09-30T08:14:33","modified_gmt":"2025-09-30T08:14:33","slug":"puutuve-kaitsekangas","status":"publish","type":"product","link":"https:\/\/peipsikaup.ee\/ru\/product\/puutuve-kaitsekangas\/","title":{"rendered":"\u0417\u0430\u0449\u0438\u0442\u043d\u0430\u044f \u0442\u043a\u0430\u043d\u044c \u0434\u043b\u044f \u0441\u0442\u0432\u043e\u043b\u043e\u0432 \u0434\u0435\u0440\u0435\u0432\u044c\u0435\u0432"},"content":{"rendered":"<p><strong>\u0417\u0438\u043c\u043d\u044f\u044f \u0442\u043a\u0430\u043d\u044c \u0434\u043b\u044f \u0441\u0442\u0432\u043e\u043b\u043e\u0432 \u0438\u0437 \u043e\u0432\u0435\u0447\u044c\u0435\u0439 \u0448\u0435\u0440\u0441\u0442\u0438 \u2014 \u044d\u043a\u043e\u043b\u043e\u0433\u0438\u0447\u043d\u0430\u044f \u0437\u0430\u0449\u0438\u0442\u0430 \u0434\u043b\u044f \u0432\u0430\u0448\u0438\u0445 \u0434\u0435\u0440\u0435\u0432\u044c\u0435\u0432.<\/strong><\/p>\n<p>\u0418\u0449\u0435\u0442\u0435 \u044d\u0444\u0444\u0435\u043a\u0442\u0438\u0432\u043d\u044b\u0439 \u0441\u043f\u043e\u0441\u043e\u0431 \u0437\u0430\u0449\u0438\u0442\u0438\u0442\u044c \u0434\u0435\u0440\u0435\u0432\u044c\u044f \u0432 \u0432\u0430\u0448\u0435\u043c \u0441\u0430\u0434\u0443 \u0437\u0438\u043c\u043e\u0439 \u0438 \u0432\u0435\u0441\u043d\u043e\u0439? \u041f\u043e\u043f\u0440\u043e\u0431\u0443\u0439\u0442\u0435 \u043d\u0430\u0448\u0438 \u0437\u0438\u043c\u043d\u0438\u0435 \u0447\u0435\u0445\u043b\u044b \u0434\u043b\u044f \u0441\u0442\u0432\u043e\u043b\u043e\u0432, \u0438\u0437\u0433\u043e\u0442\u043e\u0432\u043b\u0435\u043d\u043d\u044b\u0435 \u0438\u0437 \u0431\u0438\u043e\u0440\u0430\u0437\u043b\u0430\u0433\u0430\u0435\u043c\u043e\u0433\u043e \u0432\u043e\u0439\u043b\u043e\u043a\u0430 \u0438\u0437 \u043e\u0432\u0435\u0447\u044c\u0435\u0439 \u0448\u0435\u0440\u0441\u0442\u0438. \u042d\u0442\u043e \u044d\u043a\u043e\u043b\u043e\u0433\u0438\u0447\u043d\u043e\u0435 \u0440\u0435\u0448\u0435\u043d\u0438\u0435, \u043a\u043e\u0442\u043e\u0440\u043e\u0435 \u0437\u0430\u0449\u0438\u0442\u0438\u0442 \u0432\u0430\u0448\u0438 \u0434\u0435\u0440\u0435\u0432\u044c\u044f \u043e\u0442 \u0434\u0438\u043a\u0438\u0445 \u0436\u0438\u0432\u043e\u0442\u043d\u044b\u0445, \u0433\u0440\u044b\u0437\u0443\u043d\u043e\u0432 \u0438 \u0441\u043e\u043b\u043d\u0435\u0447\u043d\u044b\u0445 \u043e\u0436\u043e\u0433\u043e\u0432.<\/p>\n<p><strong>Materjal ja M\u00f5\u00f5tmed:<\/strong> \u041d\u0430\u0448\u0430 \u043e\u0431\u0432\u044f\u0437\u043a\u0430 \u0438\u0437\u0433\u043e\u0442\u043e\u0432\u043b\u0435\u043d\u0430 \u0438\u0437 \u0431\u0438\u043e\u0440\u0430\u0437\u043b\u0430\u0433\u0430\u0435\u043c\u043e\u0433\u043e \u0432\u043e\u0439\u043b\u043e\u043a\u0430 \u0438\u0437 \u043e\u0432\u0435\u0447\u044c\u0435\u0439 \u0448\u0435\u0440\u0441\u0442\u0438, \u0447\u0442\u043e \u0434\u0435\u043b\u0430\u0435\u0442 \u0435\u0451 \u043d\u0435 \u0442\u043e\u043b\u044c\u043a\u043e \u044d\u0444\u0444\u0435\u043a\u0442\u0438\u0432\u043d\u044b\u043c, \u043d\u043e \u0438 \u044d\u043a\u043e\u043b\u043e\u0433\u0438\u0447\u043d\u044b\u043c \u0432\u044b\u0431\u043e\u0440\u043e\u043c. \u0420\u0430\u0437\u043c\u0435\u0440\u044b \u043b\u0435\u043d\u0442\u044b: \u0448\u0438\u0440\u0438\u043d\u0430 15 \u0441\u043c, \u0434\u043b\u0438\u043d\u0430 240 \u0441\u043c. \u042d\u0442\u043e\u0433\u043e \u0434\u043e\u0441\u0442\u0430\u0442\u043e\u0447\u043d\u043e, \u0447\u0442\u043e\u0431\u044b \u043e\u0431\u0435\u0440\u043d\u0443\u0442\u044c \u0441\u0442\u0432\u043e\u043b \u0434\u0435\u0440\u0435\u0432\u0430 \u0442\u043e\u043b\u0449\u0438\u043d\u043e\u0439 5 \u0441\u043c \u043d\u0430 \u0432\u044b\u0441\u043e\u0442\u0443 \u0434\u043e 1,25 \u043c.<\/p>\n<p><strong>\u041f\u0440\u0438\u043c\u0435\u043d\u0435\u043d\u0438\u0435:<\/strong> \u0423\u0441\u0442\u0430\u043d\u043e\u0432\u043a\u0430 \u043b\u0435\u043d\u0442\u044b \u0434\u043b\u044f \u0437\u0430\u0449\u0438\u0442\u044b \u0441\u0442\u0432\u043e\u043b\u0430 \u0434\u0435\u0440\u0435\u0432\u0430 \u043f\u0440\u043e\u0441\u0442\u0430. \u041f\u0440\u043e\u0441\u0442\u043e \u043e\u0431\u0432\u044f\u0436\u0438\u0442\u0435 \u043b\u0435\u043d\u0442\u0443 \u0432\u043e\u043a\u0440\u0443\u0433 \u0434\u0435\u0440\u0435\u0432\u0430 \u0441 \u043d\u0435\u0431\u043e\u043b\u044c\u0448\u0438\u043c \u043d\u0430\u0445\u043b\u0435\u0441\u0442\u043e\u043c, \u043d\u0430\u0447\u0438\u043d\u0430\u044f \u0441\u043e \u0441\u0442\u043e\u0440\u043e\u043d\u044b \u043a\u043e\u0440\u043d\u0435\u0439. \u041a\u043e\u043d\u0435\u0446 \u043b\u0435\u043d\u0442\u044b \u0437\u0430\u0432\u0435\u0434\u0438\u0442\u0435 \u043f\u043e\u0434 \u0441\u0430\u043c\u0443 \u043b\u0435\u043d\u0442\u0443, \u0447\u0442\u043e\u0431\u044b \u043e\u0431\u0435\u0441\u043f\u0435\u0447\u0438\u0442\u044c \u043d\u0430\u0434\u0435\u0436\u043d\u0443\u044e \u0444\u0438\u043a\u0441\u0430\u0446\u0438\u044e. \u0420\u0435\u043a\u043e\u043c\u0435\u043d\u0434\u0443\u0435\u0442\u0441\u044f \u0443\u0432\u0435\u043b\u0438\u0447\u0438\u0442\u044c \u043d\u0430\u0445\u043b\u0435\u0441\u0442 \u043b\u0435\u043d\u0442\u044b \u0432 \u043c\u0435\u0441\u0442\u0430\u0445, \u043a\u043e\u0442\u043e\u0440\u044b\u0435 \u0437\u0438\u043c\u043e\u0439 \u043e\u0441\u0442\u0430\u044e\u0442\u0441\u044f \u043e\u0442\u043a\u0440\u044b\u0442\u044b\u043c\u0438 \u0438 \u043d\u0430\u0445\u043e\u0434\u044f\u0442\u0441\u044f \u043d\u0430 \u0443\u0440\u043e\u0432\u043d\u0435 \u0440\u043e\u0441\u0442\u0430 \u0434\u0438\u043a\u0438\u0445 \u0436\u0438\u0432\u043e\u0442\u043d\u044b\u0445.<\/p>\n<p>\u041e\u0434\u043d\u043e\u0439 \u0438\u0437 \u043e\u0441\u043e\u0431\u0435\u043d\u043d\u044b\u0445 \u0445\u0430\u0440\u0430\u043a\u0442\u0435\u0440\u0438\u0441\u0442\u0438\u043a \u043e\u0432\u0435\u0447\u044c\u0435\u0439 \u0448\u0435\u0440\u0441\u0442\u0438 \u044f\u0432\u043b\u044f\u0435\u0442\u0441\u044f \u0435\u0451 \u0435\u0441\u0442\u0435\u0441\u0442\u0432\u0435\u043d\u043d\u044b\u0439 \u0437\u0430\u043f\u0430\u0445, \u0438\u0437\u0432\u0435\u0441\u0442\u043d\u044b\u0439 \u043a\u0430\u043a \u0441\u0440\u0435\u0434\u0441\u0442\u0432\u043e \u0434\u043b\u044f \u043e\u0442\u043f\u0443\u0433\u0438\u0432\u0430\u043d\u0438\u044f \u0434\u0438\u043a\u0438\u0445 \u0436\u0438\u0432\u043e\u0442\u043d\u044b\u0445. \u0417\u0430\u043f\u0430\u0445 \u043e\u0432\u0435\u0447\u044c\u0435\u0439 \u0448\u0435\u0440\u0441\u0442\u0438 \u043d\u0430 \u0437\u0430\u0449\u0438\u0442\u043d\u043e\u0439 \u043b\u0435\u043d\u0442\u0435 \u0441\u043e \u0432\u0440\u0435\u043c\u0435\u043d\u0435\u043c \u043e\u0441\u043b\u0430\u0431\u0435\u0432\u0430\u0435\u0442, \u043d\u043e \u0441\u043e\u0445\u0440\u0430\u043d\u044f\u0435\u0442 \u0441\u0432\u043e\u044e \u044d\u0444\u0444\u0435\u043a\u0442\u0438\u0432\u043d\u043e\u0441\u0442\u044c \u0432 \u0442\u0435\u0447\u0435\u043d\u0438\u0435 \u0434\u043b\u0438\u0442\u0435\u043b\u044c\u043d\u043e\u0433\u043e \u0432\u0440\u0435\u043c\u0435\u043d\u0438. \u0421 \u043d\u0430\u0441\u0442\u0443\u043f\u043b\u0435\u043d\u0438\u0435\u043c \u0432\u0435\u0441\u043d\u044b \u043b\u0435\u043d\u0442\u0443 \u043c\u043e\u0436\u043d\u043e \u043b\u0435\u0433\u043a\u043e \u0441\u043d\u044f\u0442\u044c \u0438 \u0441\u043a\u0430\u0442\u0430\u0442\u044c \u0432 \u0440\u0443\u043b\u043e\u043d, \u0447\u0442\u043e\u0431\u044b \u043e\u043d\u0430 \u0431\u044b\u043b\u0430 \u0433\u043e\u0442\u043e\u0432\u0430 \u043a \u0441\u043b\u0435\u0434\u0443\u044e\u0449\u0435\u0439 \u0437\u0438\u043c\u0435.<\/p>\n<p><strong>\u042d\u043a\u043e\u043b\u043e\u0433\u0438\u0447\u043d\u044b\u0439 \u0438 \u043f\u0440\u0430\u043a\u0442\u0438\u0447\u043d\u044b\u0439:<\/strong> \u041d\u0430\u0448\u0430 \u0437\u0430\u0449\u0438\u0442\u043d\u0430\u044f \u043b\u0435\u043d\u0442\u0430 \u0434\u043b\u044f \u0441\u0442\u0432\u043e\u043b\u043e\u0432 \u0434\u0435\u0440\u0435\u0432\u044c\u0435\u0432 \u2014 \u044d\u0442\u043e \u043d\u0435 \u0442\u043e\u043b\u044c\u043a\u043e \u044d\u0444\u0444\u0435\u043a\u0442\u0438\u0432\u043d\u0430\u044f \u0437\u0430\u0449\u0438\u0442\u0430, \u043d\u043e \u0438 \u044d\u043a\u043e\u043b\u043e\u0433\u0438\u0447\u0435\u0441\u043a\u0438 \u0447\u0438\u0441\u0442\u044b\u0439 \u043f\u0440\u043e\u0434\u0443\u043a\u0442. \u041e\u043d\u0430 \u043f\u043e\u0434\u0445\u043e\u0434\u0438\u0442 \u0434\u043b\u044f \u043a\u043e\u043c\u043f\u043e\u0441\u0442\u0438\u0440\u043e\u0432\u0430\u043d\u0438\u044f \u0438 \u0440\u0430\u0437\u043b\u0430\u0433\u0430\u0435\u0442\u0441\u044f \u043f\u0440\u0438 \u043a\u043e\u043d\u0442\u0430\u043a\u0442\u0435 \u0441 \u043f\u043e\u0447\u0432\u043e\u0439 \u043f\u0440\u0438\u043c\u0435\u0440\u043d\u043e \u0437\u0430 \u0434\u0432\u0430 \u0433\u043e\u0434\u0430. \u042d\u0442\u043e \u043e\u0437\u043d\u0430\u0447\u0430\u0435\u0442, \u0447\u0442\u043e \u0432\u044b \u043c\u043e\u0436\u0435\u0442\u0435 \u0437\u0430\u0449\u0438\u0442\u0438\u0442\u044c \u0441\u0432\u043e\u0439 \u0441\u0430\u0434 \u0438 \u043e\u0434\u043d\u043e\u0432\u0440\u0435\u043c\u0435\u043d\u043d\u043e \u0432\u043d\u0435\u0441\u0442\u0438 \u0441\u0432\u043e\u0439 \u0432\u043a\u043b\u0430\u0434 \u0432 \u043e\u0445\u0440\u0430\u043d\u0443 \u043e\u043a\u0440\u0443\u0436\u0430\u044e\u0449\u0435\u0439 \u0441\u0440\u0435\u0434\u044b.<\/p>\n<p>\u041f\u043e\u0441\u043c\u043e\u0442\u0440\u0438\u0442\u0435 \u0442\u0430\u043a\u0436\u0435 \u0434\u0440\u0443\u0433\u0438\u0435 \u0442\u043e\u0432\u0430\u0440\u044b M\u00e4\u00e4 <a href=\"https:\/\/peipsikaup.ee\/ru\/product-category\/sander-veskimeistri-tooted\/\">\u0437\u0434\u0435\u0441\u044c<\/a>.<\/p>\n<p>\u041c\u0430\u0442\u0435\u0440\u0438\u0430\u043b: \u0431\u0438\u043e\u0440\u0430\u0437\u043b\u0430\u0433\u0430\u0435\u043c\u044b\u0439 \u0432\u043e\u0439\u043b\u043e\u043a \u0438\u0437 \u043e\u0432\u0435\u0447\u044c\u0435\u0439 \u0448\u0435\u0440\u0441\u0442\u0438.<\/p>\n<p>\u0420\u0430\u0437\u043c\u0435\u0440\u044b \u043f\u043e\u043b\u043e\u0441\u044b: 15 \u0441\u043c \u00d7 240 \u0441\u043c.<\/p>\n<p>\u041a\u043b\u044e\u0447\u0435\u0432\u044b\u0435 \u0441\u043b\u043e\u0432\u0430: \u0437\u0438\u043c\u043d\u044f\u044f \u0437\u0430\u0449\u0438\u0442\u0430 \u0441\u0442\u0432\u043e\u043b\u043e\u0432, \u0437\u0430\u0449\u0438\u0442\u0430 \u0434\u0435\u0440\u0435\u0432\u044c\u0435\u0432, \u043f\u043e\u0432\u0440\u0435\u0436\u0434\u0435\u043d\u0438\u044f \u043e\u0442 \u0434\u0438\u043a\u0438\u0445 \u0436\u0438\u0432\u043e\u0442\u043d\u044b\u0445, \u0441\u043e\u043b\u043d\u0435\u0447\u043d\u044b\u0435 \u043e\u0436\u043e\u0433\u0438, \u043f\u0440\u043e\u0441\u0442\u0430\u044f \u0443\u0441\u0442\u0430\u043d\u043e\u0432\u043a\u0430, \u044d\u043a\u043e\u043b\u043e\u0433\u0438\u0447\u043d\u043e\u0441\u0442\u044c, \u0432\u043e\u0439\u043b\u043e\u0447\u043d\u044b\u0439 \u043c\u0430\u0442\u0435\u0440\u0438\u0430\u043b \u0438\u0437 \u043e\u0432\u0435\u0447\u044c\u0435\u0439 \u0448\u0435\u0440\u0441\u0442\u0438, \u0431\u0438\u043e\u0440\u0430\u0437\u043b\u0430\u0433\u0430\u0435\u043c\u044b\u0439<\/p>","protected":false},"excerpt":{"rendered":"<p><strong> \u0417\u0438\u043c\u043d\u044f\u044f \u0437\u0430\u0449\u0438\u0442\u043d\u0430\u044f \u043f\u043b\u0435\u043d\u043a\u0430 \u0434\u043b\u044f \u0441\u0442\u0432\u043e\u043b\u043e\u0432 \u0437\u0430\u0449\u0438\u0449\u0430\u0435\u0442 \u0434\u0435\u0440\u0435\u0432\u044c\u044f \u043e\u0442 \u043f\u043e\u0432\u0440\u0435\u0436\u0434\u0435\u043d\u0438\u0439, \u043d\u0430\u043d\u043e\u0441\u0438\u043c\u044b\u0445 \u0434\u0438\u043a\u0438\u043c\u0438 \u0436\u0438\u0432\u043e\u0442\u043d\u044b\u043c\u0438 \u0438 \u0433\u0440\u044b\u0437\u0443\u043d\u0430\u043c\u0438, \u0430 \u0432\u0435\u0441\u043d\u043e\u0439 \u2014 \u0442\u0430\u043a\u0436\u0435 \u043e\u0442 \u0441\u043e\u043b\u043d\u0435\u0447\u043d\u044b\u0445 \u043e\u0436\u043e\u0433\u043e\u0432. \u041f\u043b\u0435\u043d\u043a\u0430 \u043f\u043e\u043a\u0440\u044b\u0432\u0430\u0435\u0442 \u0441\u0442\u0432\u043e\u043b \u0434\u0438\u0430\u043c\u0435\u0442\u0440\u043e\u043c \u0434\u043e 5 \u0441\u043c \u043d\u0430 \u0432\u044b\u0441\u043e\u0442\u0435 \u0434\u043e 1,25 \u043c. \u0418\u0437\u0433\u043e\u0442\u043e\u0432\u0438\u0442\u0435\u043b\u044c <a href=\"https:\/\/peipsikaup.ee\/ru\/meistrid\/sander-veskimeister\/\">\u0421\u0430\u043d\u0434\u0435\u0440 \u0412\u0435\u0441\u043a\u0438\u043c\u0435\u0439\u0441\u0442\u0435\u0440<\/a>.<\/strong><\/p>","protected":false},"featured_media":7972,"comment_status":"open","ping_status":"closed","template":"","meta":{"site-sidebar-layout":"default","site-content-layout":"default","ast-global-header-display":"","ast-main-header-display":"","ast-hfb-above-header-display":"","ast-hfb-below-header-display":"","ast-hfb-mobile-header-display":"","site-post-title":"","ast-breadcrumbs-content":"","ast-featured-img":"","footer-sml-layout":"","theme-transparent-header-meta":"default","adv-header-id-meta":"","stick-header-meta":"default","header-above-stick-meta":"","header-main-stick-meta":"","header-below-stick-meta":""},"product_brand":[],"product_cat":[280,281],"product_tag":[276,375,376],"class_list":{"0":"post-7971","1":"product","2":"type-product","3":"status-publish","4":"has-post-thumbnail","6":"product_cat-aia-tooted","7":"product_cat-sander-veskimeistri-tooted","8":"product_tag-lambavill","9":"product_tag-tuve-kaitse","10":"product_tag-tuvekangas","11":"desktop-align-left","12":"tablet-align-left","13":"mobile-align-left","15":"first","16":"instock","17":"shipping-taxable","18":"purchasable","19":"product-type-simple"},"yoast_head":"<!-- This site is optimized with the Yoast SEO plugin v27.2 - https:\/\/yoast.com\/product\/yoast-seo-wordpress\/ -->\n<title>Puut\u00fcve kaitsekangas - Peipsi kaup<\/title>\n<meta name=\"description\" content=\"Talvine T\u00fcvekangas kaitseb puid ulukite ja n\u00e4riliste kahjustuste ning kevadel ka p\u00e4ikesep\u00f5letuse eest. Uuri lisaks!\" \/>\n<meta name=\"robots\" content=\"index, follow, max-snippet:-1, max-image-preview:large, max-video-preview:-1\" \/>\n<link rel=\"canonical\" href=\"https:\/\/peipsikaup.ee\/ru\/product\/puutuve-kaitsekangas\/\" \/>\n<meta property=\"og:locale\" content=\"ru_RU\" \/>\n<meta property=\"og:type\" content=\"article\" \/>\n<meta property=\"og:title\" content=\"Puut\u00fcve kaitsekangas - Peipsi kaup\" \/>\n<meta property=\"og:description\" content=\"Talvine T\u00fcvekangas kaitseb puid ulukite ja n\u00e4riliste kahjustuste ning kevadel ka p\u00e4ikesep\u00f5letuse eest. Uuri lisaks!\" \/>\n<meta property=\"og:url\" content=\"https:\/\/peipsikaup.ee\/ru\/product\/puutuve-kaitsekangas\/\" \/>\n<meta property=\"og:site_name\" content=\"Peipsi kaup\" \/>\n<meta property=\"article:modified_time\" content=\"2025-09-30T08:14:33+00:00\" \/>\n<meta property=\"og:image\" content=\"https:\/\/peipsikaup.ee\/wp-content\/uploads\/2023\/09\/Peipsikaup_meister_Sander_Veskimeister_kattetekk.jpg\" \/>\n\t<meta property=\"og:image:width\" content=\"1000\" \/>\n\t<meta property=\"og:image:height\" content=\"1000\" \/>\n\t<meta property=\"og:image:type\" content=\"image\/jpeg\" \/>\n<meta name=\"twitter:card\" content=\"summary_large_image\" \/>\n<meta name=\"twitter:label1\" content=\"\u041f\u0440\u0438\u043c\u0435\u0440\u043d\u043e\u0435 \u0432\u0440\u0435\u043c\u044f \u0434\u043b\u044f \u0447\u0442\u0435\u043d\u0438\u044f\" \/>\n\t<meta name=\"twitter:data1\" content=\"2 \u043c\u0438\u043d\u0443\u0442\u044b\" \/>\n<script type=\"application\/ld+json\" class=\"yoast-schema-graph\">{\"@context\":\"https:\/\/schema.org\",\"@graph\":[{\"@type\":\"WebPage\",\"@id\":\"https:\/\/peipsikaup.ee\/toode\/puutuve-kaitsekangas\/\",\"url\":\"https:\/\/peipsikaup.ee\/toode\/puutuve-kaitsekangas\/\",\"name\":\"Puut\u00fcve kaitsekangas - Peipsi kaup\",\"isPartOf\":{\"@id\":\"https:\/\/peipsikaup.ee\/#website\"},\"primaryImageOfPage\":{\"@id\":\"https:\/\/peipsikaup.ee\/toode\/puutuve-kaitsekangas\/#primaryimage\"},\"image\":{\"@id\":\"https:\/\/peipsikaup.ee\/toode\/puutuve-kaitsekangas\/#primaryimage\"},\"thumbnailUrl\":\"https:\/\/peipsikaup.ee\/wp-content\/uploads\/2023\/09\/Peipsikaup_meister_Sander_Veskimeister_kattetekk.jpg\",\"datePublished\":\"2023-09-14T07:45:32+00:00\",\"dateModified\":\"2025-09-30T08:14:33+00:00\",\"description\":\"Talvine T\u00fcvekangas kaitseb puid ulukite ja n\u00e4riliste kahjustuste ning kevadel ka p\u00e4ikesep\u00f5letuse eest. Uuri lisaks!\",\"breadcrumb\":{\"@id\":\"https:\/\/peipsikaup.ee\/toode\/puutuve-kaitsekangas\/#breadcrumb\"},\"inLanguage\":\"ru-RU\",\"potentialAction\":[{\"@type\":\"ReadAction\",\"target\":[\"https:\/\/peipsikaup.ee\/toode\/puutuve-kaitsekangas\/\"]}]},{\"@type\":\"ImageObject\",\"inLanguage\":\"ru-RU\",\"@id\":\"https:\/\/peipsikaup.ee\/toode\/puutuve-kaitsekangas\/#primaryimage\",\"url\":\"https:\/\/peipsikaup.ee\/wp-content\/uploads\/2023\/09\/Peipsikaup_meister_Sander_Veskimeister_kattetekk.jpg\",\"contentUrl\":\"https:\/\/peipsikaup.ee\/wp-content\/uploads\/2023\/09\/Peipsikaup_meister_Sander_Veskimeister_kattetekk.jpg\",\"width\":1000,\"height\":1000,\"caption\":\"Peipsikaup meister Sander Veskimeister t\u00fcve kaitsekangas\"},{\"@type\":\"BreadcrumbList\",\"@id\":\"https:\/\/peipsikaup.ee\/toode\/puutuve-kaitsekangas\/#breadcrumb\",\"itemListElement\":[{\"@type\":\"ListItem\",\"position\":1,\"name\":\"Home\",\"item\":\"https:\/\/peipsikaup.ee\/\"},{\"@type\":\"ListItem\",\"position\":2,\"name\":\"Pood\",\"item\":\"https:\/\/peipsikaup.ee\/pood\/\"},{\"@type\":\"ListItem\",\"position\":3,\"name\":\"Puut\u00fcve kaitsekangas\"}]},{\"@type\":\"WebSite\",\"@id\":\"https:\/\/peipsikaup.ee\/#website\",\"url\":\"https:\/\/peipsikaup.ee\/\",\"name\":\"Peipsi kaup\",\"description\":\"eheda ja isikup\u00e4rase k\u00e4sit\u00f6\u00f6 veebipood\",\"publisher\":{\"@id\":\"https:\/\/peipsikaup.ee\/#organization\"},\"potentialAction\":[{\"@type\":\"SearchAction\",\"target\":{\"@type\":\"EntryPoint\",\"urlTemplate\":\"https:\/\/peipsikaup.ee\/?s={search_term_string}\"},\"query-input\":{\"@type\":\"PropertyValueSpecification\",\"valueRequired\":true,\"valueName\":\"search_term_string\"}}],\"inLanguage\":\"ru-RU\"},{\"@type\":\"Organization\",\"@id\":\"https:\/\/peipsikaup.ee\/#organization\",\"name\":\"Peipsi kaup\",\"url\":\"https:\/\/peipsikaup.ee\/\",\"logo\":{\"@type\":\"ImageObject\",\"inLanguage\":\"ru-RU\",\"@id\":\"https:\/\/peipsikaup.ee\/#\/schema\/logo\/image\/\",\"url\":\"https:\/\/peipsikaup.ee\/wp-content\/uploads\/2022\/01\/cropped-Peipsikaup-loho-pisike.png\",\"contentUrl\":\"https:\/\/peipsikaup.ee\/wp-content\/uploads\/2022\/01\/cropped-Peipsikaup-loho-pisike.png\",\"width\":180,\"height\":60,\"caption\":\"Peipsi kaup\"},\"image\":{\"@id\":\"https:\/\/peipsikaup.ee\/#\/schema\/logo\/image\/\"}}]}<\/script>\n<!-- \/ Yoast SEO plugin. -->","yoast_head_json":{"title":"Puut\u00fcve kaitsekangas - Peipsi kaup","description":"Talvine T\u00fcvekangas kaitseb puid ulukite ja n\u00e4riliste kahjustuste ning kevadel ka p\u00e4ikesep\u00f5letuse eest. Uuri lisaks!","robots":{"index":"index","follow":"follow","max-snippet":"max-snippet:-1","max-image-preview":"max-image-preview:large","max-video-preview":"max-video-preview:-1"},"canonical":"https:\/\/peipsikaup.ee\/ru\/product\/puutuve-kaitsekangas\/","og_locale":"ru_RU","og_type":"article","og_title":"Puut\u00fcve kaitsekangas - Peipsi kaup","og_description":"Talvine T\u00fcvekangas kaitseb puid ulukite ja n\u00e4riliste kahjustuste ning kevadel ka p\u00e4ikesep\u00f5letuse eest. Uuri lisaks!","og_url":"https:\/\/peipsikaup.ee\/ru\/product\/puutuve-kaitsekangas\/","og_site_name":"Peipsi kaup","article_modified_time":"2025-09-30T08:14:33+00:00","og_image":[{"width":1000,"height":1000,"url":"https:\/\/peipsikaup.ee\/wp-content\/uploads\/2023\/09\/Peipsikaup_meister_Sander_Veskimeister_kattetekk.jpg","type":"image\/jpeg"}],"twitter_card":"summary_large_image","twitter_misc":{"\u041f\u0440\u0438\u043c\u0435\u0440\u043d\u043e\u0435 \u0432\u0440\u0435\u043c\u044f \u0434\u043b\u044f \u0447\u0442\u0435\u043d\u0438\u044f":"2 \u043c\u0438\u043d\u0443\u0442\u044b"},"schema":{"@context":"https:\/\/schema.org","@graph":[{"@type":"WebPage","@id":"https:\/\/peipsikaup.ee\/toode\/puutuve-kaitsekangas\/","url":"https:\/\/peipsikaup.ee\/toode\/puutuve-kaitsekangas\/","name":"Puut\u00fcve kaitsekangas - Peipsi kaup","isPartOf":{"@id":"https:\/\/peipsikaup.ee\/#website"},"primaryImageOfPage":{"@id":"https:\/\/peipsikaup.ee\/toode\/puutuve-kaitsekangas\/#primaryimage"},"image":{"@id":"https:\/\/peipsikaup.ee\/toode\/puutuve-kaitsekangas\/#primaryimage"},"thumbnailUrl":"https:\/\/peipsikaup.ee\/wp-content\/uploads\/2023\/09\/Peipsikaup_meister_Sander_Veskimeister_kattetekk.jpg","datePublished":"2023-09-14T07:45:32+00:00","dateModified":"2025-09-30T08:14:33+00:00","description":"Talvine T\u00fcvekangas kaitseb puid ulukite ja n\u00e4riliste kahjustuste ning kevadel ka p\u00e4ikesep\u00f5letuse eest. Uuri lisaks!","breadcrumb":{"@id":"https:\/\/peipsikaup.ee\/toode\/puutuve-kaitsekangas\/#breadcrumb"},"inLanguage":"ru-RU","potentialAction":[{"@type":"ReadAction","target":["https:\/\/peipsikaup.ee\/toode\/puutuve-kaitsekangas\/"]}]},{"@type":"ImageObject","inLanguage":"ru-RU","@id":"https:\/\/peipsikaup.ee\/toode\/puutuve-kaitsekangas\/#primaryimage","url":"https:\/\/peipsikaup.ee\/wp-content\/uploads\/2023\/09\/Peipsikaup_meister_Sander_Veskimeister_kattetekk.jpg","contentUrl":"https:\/\/peipsikaup.ee\/wp-content\/uploads\/2023\/09\/Peipsikaup_meister_Sander_Veskimeister_kattetekk.jpg","width":1000,"height":1000,"caption":"Peipsikaup meister Sander Veskimeister t\u00fcve kaitsekangas"},{"@type":"BreadcrumbList","@id":"https:\/\/peipsikaup.ee\/toode\/puutuve-kaitsekangas\/#breadcrumb","itemListElement":[{"@type":"ListItem","position":1,"name":"Home","item":"https:\/\/peipsikaup.ee\/"},{"@type":"ListItem","position":2,"name":"Pood","item":"https:\/\/peipsikaup.ee\/pood\/"},{"@type":"ListItem","position":3,"name":"Puut\u00fcve kaitsekangas"}]},{"@type":"WebSite","@id":"https:\/\/peipsikaup.ee\/#website","url":"https:\/\/peipsikaup.ee\/","name":"\u0422\u043e\u0440\u0433\u043e\u0432\u043b\u044f \u043d\u0430 \u0427\u0443\u0434\u0441\u043a\u043e\u043c \u043e\u0441\u0442\u0440\u043e\u0432\u0435","description":"eheda ja isikup\u00e4rase k\u00e4sit\u00f6\u00f6 veebipood","publisher":{"@id":"https:\/\/peipsikaup.ee\/#organization"},"potentialAction":[{"@type":"SearchAction","target":{"@type":"EntryPoint","urlTemplate":"https:\/\/peipsikaup.ee\/?s={search_term_string}"},"query-input":{"@type":"PropertyValueSpecification","valueRequired":true,"valueName":"search_term_string"}}],"inLanguage":"ru-RU"},{"@type":"Organization","@id":"https:\/\/peipsikaup.ee\/#organization","name":"\u0422\u043e\u0440\u0433\u043e\u0432\u043b\u044f \u043d\u0430 \u0427\u0443\u0434\u0441\u043a\u043e\u043c \u043e\u0441\u0442\u0440\u043e\u0432\u0435","url":"https:\/\/peipsikaup.ee\/","logo":{"@type":"ImageObject","inLanguage":"ru-RU","@id":"https:\/\/peipsikaup.ee\/#\/schema\/logo\/image\/","url":"https:\/\/peipsikaup.ee\/wp-content\/uploads\/2022\/01\/cropped-Peipsikaup-loho-pisike.png","contentUrl":"https:\/\/peipsikaup.ee\/wp-content\/uploads\/2022\/01\/cropped-Peipsikaup-loho-pisike.png","width":180,"height":60,"caption":"Peipsi kaup"},"image":{"@id":"https:\/\/peipsikaup.ee\/#\/schema\/logo\/image\/"}}]}},"_links":{"self":[{"href":"https:\/\/peipsikaup.ee\/ru\/wp-json\/wp\/v2\/product\/7971","targetHints":{"allow":["GET"]}}],"collection":[{"href":"https:\/\/peipsikaup.ee\/ru\/wp-json\/wp\/v2\/product"}],"about":[{"href":"https:\/\/peipsikaup.ee\/ru\/wp-json\/wp\/v2\/types\/product"}],"replies":[{"embeddable":true,"href":"https:\/\/peipsikaup.ee\/ru\/wp-json\/wp\/v2\/comments?post=7971"}],"wp:featuredmedia":[{"embeddable":true,"href":"https:\/\/peipsikaup.ee\/ru\/wp-json\/wp\/v2\/media\/7972"}],"wp:attachment":[{"href":"https:\/\/peipsikaup.ee\/ru\/wp-json\/wp\/v2\/media?parent=7971"}],"wp:term":[{"taxonomy":"product_brand","embeddable":true,"href":"https:\/\/peipsikaup.ee\/ru\/wp-json\/wp\/v2\/product_brand?post=7971"},{"taxonomy":"product_cat","embeddable":true,"href":"https:\/\/peipsikaup.ee\/ru\/wp-json\/wp\/v2\/product_cat?post=7971"},{"taxonomy":"product_tag","embeddable":true,"href":"https:\/\/peipsikaup.ee\/ru\/wp-json\/wp\/v2\/product_tag?post=7971"}],"curies":[{"name":"wp","href":"https:\/\/api.w.org\/{rel}","templated":true}]}}