{"id":7900,"date":"2023-08-25T10:09:09","date_gmt":"2023-08-25T10:09:09","guid":{"rendered":"https:\/\/peipsikaup.ee\/?post_type=product&#038;p=7900"},"modified":"2024-07-30T13:10:41","modified_gmt":"2024-07-30T13:10:41","slug":"korvarongad","status":"publish","type":"product","link":"https:\/\/peipsikaup.ee\/ru\/product\/korvarongad\/","title":{"rendered":"K\u00f5rvar\u00f5ngad"},"content":{"rendered":"<p><strong>Lilla aksendiga\u00a0 tammepuidust ja epoksiidvaigust k\u00f5rvar\u00f5ngad &#8211; Looduslik ilu ja unikaalne disain \u00fches!<\/strong><\/p>\n<p>Otsid k\u00f5rvar\u00f5ngaid, mis v\u00e4ljendaksid looduslikku ilu ja omap\u00e4ra? Ristk\u00fcliku kujuga k\u00f5rva ehted on valmistatud murtud tammepuust ja lillast epoksiidvaigust. Need ehted kannavad endas looduse j\u00f5udu ning sobivad suurep\u00e4raselt igale s\u00fcndmusele.<\/p>\n<p>K\u00f5rvar\u00f5ngad on t\u00f5eline k\u00e4sit\u00f6\u00f6meistriteos, kus \u00fchendatakse omavahel looduslik tammepuit ja kaasaegne epoksiidvaik. Tammepuu on\u00a0 eluj\u00f5u ja pikaealisuse s\u00fcmbol.<\/p>\n<p>Ehted on meisterlikult vormitud ja poleeritud, saavutades siidise sileduse ning vaigu ereda l\u00e4ike. Iga detail on kujundatud hoolikalt, et saavutada t\u00e4iuslik tasakaal loodusliku ja kaasaegse vahel.<\/p>\n<p>Kinnitus on metallist. Ehted on stiilselt pakendatud tumesinisesse karpi, lisades kingitusele elegantse viimistluse.<\/p>\n<p>Kuna ehe on valmistatud k\u00e4sitsi, siis iga \u00fcks neist on kordumatu ja omap\u00e4rane. Kui soovid endale v\u00f5i l\u00e4hedasele erilist ja ainulaadset kingitust, siis need k\u00f5rvar\u00f5ngad on suurep\u00e4rane valik. <span style=\"font-size: 16px; font-style: normal; font-weight: 400;\">Vaata ka teisi Enekeni tooteid\u00a0<\/span><a style=\"background-color: #ffffff; font-size: 16px; font-style: normal; font-weight: 400;\" href=\"https:\/\/peipsikaup.ee\/ru\/product-category\/eneken-volkov\/\">\u0437\u0434\u0435\u0441\u044c<\/a><span style=\"font-size: 16px; font-style: normal; font-weight: 400;\">.<\/span><\/p>\n<p>Hooldus: Vajadusel puhastada kuiva pehme puuvillase lapiga. Ehted on v\u00e4ga vastupidavad ning ei purune isegi siis, kui need peaks maha kukkuma. S\u00e4ra ja l\u00e4bipastvuse s\u00e4ilitamiseks v\u00e4ldi otsest pikaajalist p\u00e4ikesevalgust.<\/p>\n<p>V\u00e4rvid v\u00f5ivad erinevatel arvutimonitoridel ja erinevates valgustingimustes veidi erineda.<\/p>\n<p>Materjal: tammepuit, epoksiidvaik, metallist kinnitus<\/p>\n<p>Suurus: k\u00f5rgus\u00a0 mm, laius\u00a0 mm ja paksus\u00a0 mm<\/p>\n<p>M\u00e4rks\u00f5nad: puidust ja epoksiidvaigust k\u00f5rvar\u00f5ngad, k\u00e4sit\u00f6\u00f6, looduslik ilu, l\u00e4bipaistev epoksiidvaik, ainulaadne kingitus, s\u00fcnnip\u00e4evaks, k\u00f5rvar\u00f5ngad, ehted, roheline<\/p>","protected":false},"excerpt":{"rendered":"<p><strong>Lilla aksendiga tammepuidust ja epoksiidvaigust k\u00f5rvar\u00f5ngad, metallist kinnitusega. R\u00f5\u00f5msa disainiga k\u00f5rvar\u00f5ngad sobivad kandmiseks igal v\u00e4rvikal p\u00e4eval.<span class=\"Apple-converted-space\">\u00a0<\/span><\/strong><b> \u0420\u0435\u043c\u0435\u0441\u043b\u0435\u043d\u043d\u0438\u043a <a href=\"https:\/\/peipsikaup.ee\/ru\/meistrid\/eneken-volkov\/\">\u042d\u043d\u0435\u043a\u0435\u043d \u0412\u043e\u043b\u043a\u043e\u0432<\/a>.<\/b><\/p>","protected":false},"featured_media":7907,"comment_status":"open","ping_status":"closed","template":"","meta":{"site-sidebar-layout":"default","site-content-layout":"default","ast-global-header-display":"","ast-main-header-display":"","ast-hfb-above-header-display":"","ast-hfb-below-header-display":"","ast-hfb-mobile-header-display":"","site-post-title":"","ast-breadcrumbs-content":"","ast-featured-img":"","footer-sml-layout":"","theme-transparent-header-meta":"default","adv-header-id-meta":"","stick-header-meta":"default","header-above-stick-meta":"","header-main-stick-meta":"","header-below-stick-meta":""},"product_brand":[],"product_cat":[18,28],"product_tag":[258,264,266,284,265],"class_list":{"0":"post-7900","1":"product","2":"type-product","3":"status-publish","4":"has-post-thumbnail","6":"product_cat-ehted","7":"product_cat-eneken-volkov","8":"product_tag-ehted","9":"product_tag-epoksiid","10":"product_tag-korvarongad","11":"product_tag-lilla","12":"product_tag-puit","13":"desktop-align-left","14":"tablet-align-left","15":"mobile-align-left","17":"first","18":"outofstock","19":"shipping-taxable","20":"purchasable","21":"product-type-simple"},"yoast_head":"<!-- This site is optimized with the Yoast SEO plugin v27.2 - https:\/\/yoast.com\/product\/yoast-seo-wordpress\/ -->\n<title>K\u00f5rvar\u00f5ngad - Peipsi kaup<\/title>\n<meta name=\"description\" content=\"Ristk\u00fcliku kuju ning lilla aksendiga puidust ja epoksiidvaigust k\u00f5rvar\u00f5ngad - Looduslik ilu ja unikaalne disain \u00fches! Tule vaata!\" \/>\n<meta name=\"robots\" content=\"index, follow, max-snippet:-1, max-image-preview:large, max-video-preview:-1\" \/>\n<link rel=\"canonical\" href=\"https:\/\/peipsikaup.ee\/ru\/product\/korvarongad\/\" \/>\n<meta property=\"og:locale\" content=\"ru_RU\" \/>\n<meta property=\"og:type\" content=\"article\" \/>\n<meta property=\"og:title\" content=\"K\u00f5rvar\u00f5ngad - Peipsi kaup\" \/>\n<meta property=\"og:description\" content=\"Ristk\u00fcliku kuju ning lilla aksendiga puidust ja epoksiidvaigust k\u00f5rvar\u00f5ngad - Looduslik ilu ja unikaalne disain \u00fches! Tule vaata!\" \/>\n<meta property=\"og:url\" content=\"https:\/\/peipsikaup.ee\/ru\/product\/korvarongad\/\" \/>\n<meta property=\"og:site_name\" content=\"Peipsi kaup\" \/>\n<meta property=\"article:modified_time\" content=\"2024-07-30T13:10:41+00:00\" \/>\n<meta property=\"og:image\" content=\"https:\/\/peipsikaup.ee\/wp-content\/uploads\/2023\/08\/Peipsikaup_meister_Eneken_Volkov_korvarongad-6.jpg\" \/>\n\t<meta property=\"og:image:width\" content=\"1000\" \/>\n\t<meta property=\"og:image:height\" content=\"1000\" \/>\n\t<meta property=\"og:image:type\" content=\"image\/jpeg\" \/>\n<meta name=\"twitter:card\" content=\"summary_large_image\" \/>\n<meta name=\"twitter:label1\" content=\"\u041f\u0440\u0438\u043c\u0435\u0440\u043d\u043e\u0435 \u0432\u0440\u0435\u043c\u044f \u0434\u043b\u044f \u0447\u0442\u0435\u043d\u0438\u044f\" \/>\n\t<meta name=\"twitter:data1\" content=\"2 \u043c\u0438\u043d\u0443\u0442\u044b\" \/>\n<script type=\"application\/ld+json\" class=\"yoast-schema-graph\">{\"@context\":\"https:\/\/schema.org\",\"@graph\":[{\"@type\":\"WebPage\",\"@id\":\"https:\/\/peipsikaup.ee\/toode\/korvarongad\/\",\"url\":\"https:\/\/peipsikaup.ee\/toode\/korvarongad\/\",\"name\":\"K\u00f5rvar\u00f5ngad - Peipsi kaup\",\"isPartOf\":{\"@id\":\"https:\/\/peipsikaup.ee\/#website\"},\"primaryImageOfPage\":{\"@id\":\"https:\/\/peipsikaup.ee\/toode\/korvarongad\/#primaryimage\"},\"image\":{\"@id\":\"https:\/\/peipsikaup.ee\/toode\/korvarongad\/#primaryimage\"},\"thumbnailUrl\":\"https:\/\/peipsikaup.ee\/wp-content\/uploads\/2023\/08\/Peipsikaup_meister_Eneken_Volkov_korvarongad-6.jpg\",\"datePublished\":\"2023-08-25T10:09:09+00:00\",\"dateModified\":\"2024-07-30T13:10:41+00:00\",\"description\":\"Ristk\u00fcliku kuju ning lilla aksendiga puidust ja epoksiidvaigust k\u00f5rvar\u00f5ngad - Looduslik ilu ja unikaalne disain \u00fches! Tule vaata!\",\"breadcrumb\":{\"@id\":\"https:\/\/peipsikaup.ee\/toode\/korvarongad\/#breadcrumb\"},\"inLanguage\":\"ru-RU\",\"potentialAction\":[{\"@type\":\"ReadAction\",\"target\":[\"https:\/\/peipsikaup.ee\/toode\/korvarongad\/\"]}]},{\"@type\":\"ImageObject\",\"inLanguage\":\"ru-RU\",\"@id\":\"https:\/\/peipsikaup.ee\/toode\/korvarongad\/#primaryimage\",\"url\":\"https:\/\/peipsikaup.ee\/wp-content\/uploads\/2023\/08\/Peipsikaup_meister_Eneken_Volkov_korvarongad-6.jpg\",\"contentUrl\":\"https:\/\/peipsikaup.ee\/wp-content\/uploads\/2023\/08\/Peipsikaup_meister_Eneken_Volkov_korvarongad-6.jpg\",\"width\":1000,\"height\":1000,\"caption\":\"Peipsikaup meister Eneken Volkov k\u00f5rvar\u00f5ngad\"},{\"@type\":\"BreadcrumbList\",\"@id\":\"https:\/\/peipsikaup.ee\/toode\/korvarongad\/#breadcrumb\",\"itemListElement\":[{\"@type\":\"ListItem\",\"position\":1,\"name\":\"Home\",\"item\":\"https:\/\/peipsikaup.ee\/\"},{\"@type\":\"ListItem\",\"position\":2,\"name\":\"Pood\",\"item\":\"https:\/\/peipsikaup.ee\/pood\/\"},{\"@type\":\"ListItem\",\"position\":3,\"name\":\"K\u00f5rvar\u00f5ngad\"}]},{\"@type\":\"WebSite\",\"@id\":\"https:\/\/peipsikaup.ee\/#website\",\"url\":\"https:\/\/peipsikaup.ee\/\",\"name\":\"Peipsi kaup\",\"description\":\"eheda ja isikup\u00e4rase k\u00e4sit\u00f6\u00f6 veebipood\",\"publisher\":{\"@id\":\"https:\/\/peipsikaup.ee\/#organization\"},\"potentialAction\":[{\"@type\":\"SearchAction\",\"target\":{\"@type\":\"EntryPoint\",\"urlTemplate\":\"https:\/\/peipsikaup.ee\/?s={search_term_string}\"},\"query-input\":{\"@type\":\"PropertyValueSpecification\",\"valueRequired\":true,\"valueName\":\"search_term_string\"}}],\"inLanguage\":\"ru-RU\"},{\"@type\":\"Organization\",\"@id\":\"https:\/\/peipsikaup.ee\/#organization\",\"name\":\"Peipsi kaup\",\"url\":\"https:\/\/peipsikaup.ee\/\",\"logo\":{\"@type\":\"ImageObject\",\"inLanguage\":\"ru-RU\",\"@id\":\"https:\/\/peipsikaup.ee\/#\/schema\/logo\/image\/\",\"url\":\"https:\/\/peipsikaup.ee\/wp-content\/uploads\/2022\/01\/cropped-Peipsikaup-loho-pisike.png\",\"contentUrl\":\"https:\/\/peipsikaup.ee\/wp-content\/uploads\/2022\/01\/cropped-Peipsikaup-loho-pisike.png\",\"width\":180,\"height\":60,\"caption\":\"Peipsi kaup\"},\"image\":{\"@id\":\"https:\/\/peipsikaup.ee\/#\/schema\/logo\/image\/\"}}]}<\/script>\n<!-- \/ Yoast SEO plugin. -->","yoast_head_json":{"title":"K\u00f5rvar\u00f5ngad - Peipsi kaup","description":"Ristk\u00fcliku kuju ning lilla aksendiga puidust ja epoksiidvaigust k\u00f5rvar\u00f5ngad - Looduslik ilu ja unikaalne disain \u00fches! Tule vaata!","robots":{"index":"index","follow":"follow","max-snippet":"max-snippet:-1","max-image-preview":"max-image-preview:large","max-video-preview":"max-video-preview:-1"},"canonical":"https:\/\/peipsikaup.ee\/ru\/product\/korvarongad\/","og_locale":"ru_RU","og_type":"article","og_title":"K\u00f5rvar\u00f5ngad - Peipsi kaup","og_description":"Ristk\u00fcliku kuju ning lilla aksendiga puidust ja epoksiidvaigust k\u00f5rvar\u00f5ngad - Looduslik ilu ja unikaalne disain \u00fches! Tule vaata!","og_url":"https:\/\/peipsikaup.ee\/ru\/product\/korvarongad\/","og_site_name":"Peipsi kaup","article_modified_time":"2024-07-30T13:10:41+00:00","og_image":[{"width":1000,"height":1000,"url":"https:\/\/peipsikaup.ee\/wp-content\/uploads\/2023\/08\/Peipsikaup_meister_Eneken_Volkov_korvarongad-6.jpg","type":"image\/jpeg"}],"twitter_card":"summary_large_image","twitter_misc":{"\u041f\u0440\u0438\u043c\u0435\u0440\u043d\u043e\u0435 \u0432\u0440\u0435\u043c\u044f \u0434\u043b\u044f \u0447\u0442\u0435\u043d\u0438\u044f":"2 \u043c\u0438\u043d\u0443\u0442\u044b"},"schema":{"@context":"https:\/\/schema.org","@graph":[{"@type":"WebPage","@id":"https:\/\/peipsikaup.ee\/toode\/korvarongad\/","url":"https:\/\/peipsikaup.ee\/toode\/korvarongad\/","name":"K\u00f5rvar\u00f5ngad - Peipsi kaup","isPartOf":{"@id":"https:\/\/peipsikaup.ee\/#website"},"primaryImageOfPage":{"@id":"https:\/\/peipsikaup.ee\/toode\/korvarongad\/#primaryimage"},"image":{"@id":"https:\/\/peipsikaup.ee\/toode\/korvarongad\/#primaryimage"},"thumbnailUrl":"https:\/\/peipsikaup.ee\/wp-content\/uploads\/2023\/08\/Peipsikaup_meister_Eneken_Volkov_korvarongad-6.jpg","datePublished":"2023-08-25T10:09:09+00:00","dateModified":"2024-07-30T13:10:41+00:00","description":"Ristk\u00fcliku kuju ning lilla aksendiga puidust ja epoksiidvaigust k\u00f5rvar\u00f5ngad - Looduslik ilu ja unikaalne disain \u00fches! Tule vaata!","breadcrumb":{"@id":"https:\/\/peipsikaup.ee\/toode\/korvarongad\/#breadcrumb"},"inLanguage":"ru-RU","potentialAction":[{"@type":"ReadAction","target":["https:\/\/peipsikaup.ee\/toode\/korvarongad\/"]}]},{"@type":"ImageObject","inLanguage":"ru-RU","@id":"https:\/\/peipsikaup.ee\/toode\/korvarongad\/#primaryimage","url":"https:\/\/peipsikaup.ee\/wp-content\/uploads\/2023\/08\/Peipsikaup_meister_Eneken_Volkov_korvarongad-6.jpg","contentUrl":"https:\/\/peipsikaup.ee\/wp-content\/uploads\/2023\/08\/Peipsikaup_meister_Eneken_Volkov_korvarongad-6.jpg","width":1000,"height":1000,"caption":"Peipsikaup meister Eneken Volkov k\u00f5rvar\u00f5ngad"},{"@type":"BreadcrumbList","@id":"https:\/\/peipsikaup.ee\/toode\/korvarongad\/#breadcrumb","itemListElement":[{"@type":"ListItem","position":1,"name":"Home","item":"https:\/\/peipsikaup.ee\/"},{"@type":"ListItem","position":2,"name":"Pood","item":"https:\/\/peipsikaup.ee\/pood\/"},{"@type":"ListItem","position":3,"name":"K\u00f5rvar\u00f5ngad"}]},{"@type":"WebSite","@id":"https:\/\/peipsikaup.ee\/#website","url":"https:\/\/peipsikaup.ee\/","name":"\u0422\u043e\u0440\u0433\u043e\u0432\u043b\u044f \u043d\u0430 \u0427\u0443\u0434\u0441\u043a\u043e\u043c \u043e\u0441\u0442\u0440\u043e\u0432\u0435","description":"eheda ja isikup\u00e4rase k\u00e4sit\u00f6\u00f6 veebipood","publisher":{"@id":"https:\/\/peipsikaup.ee\/#organization"},"potentialAction":[{"@type":"SearchAction","target":{"@type":"EntryPoint","urlTemplate":"https:\/\/peipsikaup.ee\/?s={search_term_string}"},"query-input":{"@type":"PropertyValueSpecification","valueRequired":true,"valueName":"search_term_string"}}],"inLanguage":"ru-RU"},{"@type":"Organization","@id":"https:\/\/peipsikaup.ee\/#organization","name":"\u0422\u043e\u0440\u0433\u043e\u0432\u043b\u044f \u043d\u0430 \u0427\u0443\u0434\u0441\u043a\u043e\u043c \u043e\u0441\u0442\u0440\u043e\u0432\u0435","url":"https:\/\/peipsikaup.ee\/","logo":{"@type":"ImageObject","inLanguage":"ru-RU","@id":"https:\/\/peipsikaup.ee\/#\/schema\/logo\/image\/","url":"https:\/\/peipsikaup.ee\/wp-content\/uploads\/2022\/01\/cropped-Peipsikaup-loho-pisike.png","contentUrl":"https:\/\/peipsikaup.ee\/wp-content\/uploads\/2022\/01\/cropped-Peipsikaup-loho-pisike.png","width":180,"height":60,"caption":"Peipsi kaup"},"image":{"@id":"https:\/\/peipsikaup.ee\/#\/schema\/logo\/image\/"}}]}},"_links":{"self":[{"href":"https:\/\/peipsikaup.ee\/ru\/wp-json\/wp\/v2\/product\/7900","targetHints":{"allow":["GET"]}}],"collection":[{"href":"https:\/\/peipsikaup.ee\/ru\/wp-json\/wp\/v2\/product"}],"about":[{"href":"https:\/\/peipsikaup.ee\/ru\/wp-json\/wp\/v2\/types\/product"}],"replies":[{"embeddable":true,"href":"https:\/\/peipsikaup.ee\/ru\/wp-json\/wp\/v2\/comments?post=7900"}],"wp:featuredmedia":[{"embeddable":true,"href":"https:\/\/peipsikaup.ee\/ru\/wp-json\/wp\/v2\/media\/7907"}],"wp:attachment":[{"href":"https:\/\/peipsikaup.ee\/ru\/wp-json\/wp\/v2\/media?parent=7900"}],"wp:term":[{"taxonomy":"product_brand","embeddable":true,"href":"https:\/\/peipsikaup.ee\/ru\/wp-json\/wp\/v2\/product_brand?post=7900"},{"taxonomy":"product_cat","embeddable":true,"href":"https:\/\/peipsikaup.ee\/ru\/wp-json\/wp\/v2\/product_cat?post=7900"},{"taxonomy":"product_tag","embeddable":true,"href":"https:\/\/peipsikaup.ee\/ru\/wp-json\/wp\/v2\/product_tag?post=7900"}],"curies":[{"name":"wp","href":"https:\/\/api.w.org\/{rel}","templated":true}]}}