{"id":7839,"date":"2023-08-01T08:03:15","date_gmt":"2023-08-01T08:03:15","guid":{"rendered":"https:\/\/peipsikaup.ee\/?post_type=product&#038;p=7839"},"modified":"2023-12-08T15:08:20","modified_gmt":"2023-12-08T15:08:20","slug":"kolavoo-kirju","status":"publish","type":"product","link":"https:\/\/peipsikaup.ee\/ru\/product\/kolavoo-kirju\/","title":{"rendered":"\u0420\u0430\u0437\u043d\u043e\u0446\u0432\u0435\u0442\u043d\u044b\u0439 \u043f\u043e\u044f\u0441"},"content":{"rendered":"<p><b>\u041f\u043e\u044f\u0441 \u0432 \u0441\u0442\u0438\u043b\u0435 \u044d\u043f\u043e\u0445\u0438 \u0432\u0438\u043a\u0438\u043d\u0433\u043e\u0432 \u043f\u043e\u0434\u0445\u043e\u0434\u0438\u0442 \u0434\u043b\u044f \u043d\u043e\u0448\u0435\u043d\u0438\u044f \u0441 \u0441\u0440\u0435\u0434\u043d\u0435\u0432\u0435\u043a\u043e\u0432\u043e\u0439 \u0438\u043b\u0438 \u043d\u0430\u0440\u043e\u0434\u043d\u043e\u0439 \u043e\u0434\u0435\u0436\u0434\u043e\u0439. \u0412 \u0442\u0435 \u0432\u0440\u0435\u043c\u0435\u043d\u0430 \u043f\u043e\u044f\u0441 \u043d\u043e\u0441\u0438\u043b\u0438 \u0434\u043b\u044f \u043f\u043e\u0434\u0434\u0435\u0440\u0436\u0430\u043d\u0438\u044f \u0437\u0434\u043e\u0440\u043e\u0432\u044c\u044f \u2013 \u0432 \u043d\u0435\u043c \u0434\u0430\u0436\u0435 \u0441\u043f\u0430\u043b\u0438. \u041f\u043e\u044f\u0441 \u0431\u044b\u043b \u0442\u043e\u0433\u0434\u0430 \u0430\u043a\u0441\u0435\u0441\u0441\u0443\u0430\u0440\u043e\u043c \u043e\u0434\u0435\u0436\u0434\u044b, \u043a\u0430\u043a \u0432 \u0441\u043e\u0432\u0440\u0435\u043c\u0435\u043d\u043d\u043e\u043c \u043a\u043e\u043c\u043f\u044c\u044e\u0442\u0435\u0440\u043d\u043e\u043c \u043c\u0438\u0440\u0435 \u2013 \u0433\u0438\u0433\u0438\u0435\u043d\u0438\u0447\u0435\u0441\u043a\u0438\u043c \u0442\u0440\u0435\u0431\u043e\u0432\u0430\u043d\u0438\u0435\u043c \u043a\u0438\u0431\u0435\u0440\u0431\u0435\u0437\u043e\u043f\u0430\u0441\u043d\u043e\u0441\u0442\u0438, \u043e\u0431\u0435\u0441\u043f\u0435\u0447\u0438\u0432\u0430\u0432\u0448\u0438\u043c \u0437\u0430\u0449\u0438\u0442\u0443 \u043e\u0442 \u0432\u0438\u0440\u0443\u0441\u043e\u0432.<\/b><\/p>\n<p>\u0422\u0430\u043a\u043e\u0439 \u043f\u043e\u044f\u0441 \u0443\u0434\u0435\u0440\u0436\u0438\u0432\u0430\u0435\u0442 \u0442\u0430\u043b\u0438\u044e, \u043f\u0440\u0438\u0434\u0430\u0435\u0442 \u043e\u0434\u0435\u0436\u0434\u0435 \u044f\u0440\u043a\u043e\u0441\u0442\u044c \u0438 \u043f\u043e\u0437\u0432\u043e\u043b\u044f\u0435\u0442 \u0433\u043e\u0440\u0434\u0438\u0442\u044c\u0441\u044f \u0438\u043c \u0432 \u043e\u0431\u0449\u0435\u0441\u0442\u0432\u0435. \u0412 \u043d\u0430\u0440\u043e\u0434\u043d\u043e\u043c \u043a\u043e\u0441\u0442\u044e\u043c\u0435 \u0442\u0430\u043a\u043e\u0439 \u043f\u043e\u044f\u0441 \u0447\u0430\u0449\u0435 \u043d\u043e\u0441\u044f\u0442 \u043c\u0443\u0436\u0447\u0438\u043d\u044b. \u041a\u0440\u043e\u043c\u0435 \u0442\u043e\u0433\u043e, \u0435\u0433\u043e \u043c\u043e\u0436\u043d\u043e \u0431\u044b\u043b\u043e \u043d\u043e\u0441\u0438\u0442\u044c \u043f\u043e\u0432\u0435\u0440\u0445 \u0448\u0443\u0431\u044b \u0438\u043b\u0438 \u0437\u0438\u043c\u043d\u0435\u0433\u043e \u043f\u0430\u043b\u044c\u0442\u043e.<span class=\"Apple-converted-space\">\u00a0<\/span><\/p>\n<p>\u0412 \u0441\u0440\u0435\u0434\u043d\u0435\u0432\u0435\u043a\u043e\u0432\u043e\u0439 \u043e\u0434\u0435\u0436\u0434\u0435 \u043f\u043e\u044f\u0441 \u043c\u043e\u0436\u043d\u043e \u0438\u0441\u043f\u043e\u043b\u044c\u0437\u043e\u0432\u0430\u0442\u044c \u0438 \u0432 \u043a\u0430\u0447\u0435\u0441\u0442\u0432\u0435 \u0440\u0435\u043c\u043d\u044f. \u0418\u043d\u043e\u0433\u0434\u0430 \u0442\u0430\u043a\u043e\u0439 \u043f\u043e\u044f\u0441 \u043f\u0440\u0438\u0448\u0438\u0432\u0430\u044e\u0442 \u043a \u0448\u0435\u0440\u0441\u0442\u044f\u043d\u043e\u0439 \u043e\u0434\u0435\u0436\u0434\u0435.<\/p>\n<p>\u0422\u0435\u0445\u043d\u043e\u043b\u043e\u0433\u0438\u044f \u0438\u0437\u0433\u043e\u0442\u043e\u0432\u043b\u0435\u043d\u0438\u044f \u043e\u0442\u043d\u043e\u0441\u0438\u0442\u0441\u044f \u043a \u0440\u0430\u043d\u043d\u0435\u043c\u0443 \u0441\u0440\u0435\u0434\u043d\u0435\u0432\u0435\u043a\u043e\u0432\u044c\u044e \u0438 \u0441\u043e\u043e\u0442\u0432\u0435\u0442\u0441\u0442\u0432\u0443\u0435\u0442 \u0441\u0442\u0430\u043d\u0434\u0430\u0440\u0442\u0430\u043c \u043a\u0430\u0447\u0435\u0441\u0442\u0432\u0430 \u044d\u043f\u043e\u0445\u0438 \u0432\u0438\u043a\u0438\u043d\u0433\u043e\u0432. \u0412 \u044d\u043f\u043e\u0445\u0443 \u0432\u0438\u043a\u0438\u043d\u0433\u043e\u0432 \u041f\u0435\u043f\u0441\u0438\u043c\u0430\u0430, \u0431\u043b\u0430\u0433\u043e\u0434\u0430\u0440\u044f \u0442\u043e\u0440\u0433\u043e\u0432\u044b\u043c \u043f\u0443\u0442\u044f\u043c, \u0431\u044b\u043b\u0430 \u043e\u0434\u043d\u0438\u043c \u0438\u0437 \u0440\u0435\u0433\u0438\u043e\u043d\u043e\u0432, \u0433\u0434\u0435 \u0440\u0430\u0441\u043f\u0440\u043e\u0441\u0442\u0440\u0430\u043d\u044f\u043b\u0438\u0441\u044c \u043d\u043e\u0432\u0448\u0435\u0441\u0442\u0432\u0430 \u0432 \u0440\u0435\u043c\u0435\u0441\u043b\u0435\u043d\u043d\u043e\u043c \u043f\u0440\u043e\u0438\u0437\u0432\u043e\u0434\u0441\u0442\u0432\u0435. \u041f\u0440\u0438 \u0438\u0437\u0433\u043e\u0442\u043e\u0432\u043b\u0435\u043d\u0438\u0438 \u0440\u0435\u043c\u043d\u044f \u0442\u0440\u0438 \u0442\u043e\u043d\u043a\u0438\u0445 \u043d\u0438\u0442\u0438 \u0441\u043a\u0440\u0443\u0447\u0438\u0432\u0430\u044e\u0442\u0441\u044f \u043c\u0435\u0436\u0434\u0443 \u0441\u043e\u0431\u043e\u0439, \u0447\u0442\u043e\u0431\u044b \u0441\u0434\u0435\u043b\u0430\u0442\u044c \u0440\u0435\u043c\u0435\u043d\u044c \u0442\u043e\u043b\u0449\u0435 \u0438 \u043f\u0440\u043e\u0447\u043d\u0435\u0435. \u041d\u0430\u0441\u0442\u043e\u044f\u0449\u0438\u0439 \u043f\u043e\u044f\u0441 \u0434\u043e\u043b\u0436\u0435\u043d \u0431\u044b\u043b \u0431\u044b\u0442\u044c \u043d\u0430\u0441\u0442\u043e\u043b\u044c\u043a\u043e \u043f\u0440\u043e\u0447\u043d\u044b\u043c, \u0447\u0442\u043e\u0431\u044b \u0443\u0434\u0435\u0440\u0436\u0430\u0442\u044c \u0434\u0430\u0436\u0435 \u043b\u043e\u0448\u0430\u0434\u044c.<span class=\"Apple-converted-space\">\u00a0<\/span><\/p>\n<p>\u0418\u0437\u0433\u043e\u0442\u043e\u0432\u043b\u0435\u043d\u0438\u0435 \u0440\u0435\u043c\u043d\u044f \u2014 \u044d\u0442\u043e \u0434\u043b\u0438\u0442\u0435\u043b\u044c\u043d\u044b\u0439 \u043f\u0440\u043e\u0446\u0435\u0441\u0441, \u0432 \u0445\u043e\u0434\u0435 \u043a\u043e\u0442\u043e\u0440\u043e\u0433\u043e \u043c\u0430\u0441\u0442\u0435\u0440 \u0437\u0430\u0432\u044f\u0437\u044b\u0432\u0430\u0435\u0442 \u043e\u0434\u0438\u043d \u043a\u043e\u043d\u0435\u0446, \u0430 \u0437\u0430\u0442\u0435\u043c \u043f\u0440\u043e\u0441\u0442\u043e \u043f\u0435\u0440\u0435\u043f\u043b\u0435\u0442\u0430\u0435\u0442 \u043d\u0438\u0442\u0438 \u043c\u0435\u0436\u0434\u0443 \u0441\u043e\u0431\u043e\u0439 \u0438 \u043e\u0431\u0449\u0430\u0435\u0442\u0441\u044f \u0441 \u043e\u043a\u0440\u0443\u0436\u0430\u044e\u0449\u0438\u043c\u0438. \u0420\u0430\u043d\u044c\u0448\u0435 \u0442\u0430\u043a\u0438\u043c \u0440\u0443\u043a\u043e\u0434\u0435\u043b\u0438\u0435\u043c \u0437\u0430\u043d\u0438\u043c\u0430\u043b\u0438\u0441\u044c \u0432 \u043a\u043e\u043c\u043f\u0430\u043d\u0438\u0438, \u043e\u0431\u0449\u0430\u044f\u0441\u044c \u0434\u0440\u0443\u0433 \u0441 \u0434\u0440\u0443\u0433\u043e\u043c. \u042d\u0442\u043e \u043c\u0435\u0434\u043b\u0435\u043d\u043d\u043e \u0441\u043e\u0437\u0434\u0430\u0432\u0430\u0435\u043c\u043e\u0435 \u0438 \u0432\u044b\u0441\u043e\u043a\u043e\u043a\u0430\u0447\u0435\u0441\u0442\u0432\u0435\u043d\u043d\u043e\u0435 \u0438\u0437\u0434\u0435\u043b\u0438\u0435 \u0440\u0443\u0447\u043d\u043e\u0439 \u0440\u0430\u0431\u043e\u0442\u044b.<span class=\"Apple-converted-space\">\u00a0<\/span><\/p>\n<p>\u041f\u043e\u044f\u0441 \u043d\u0443\u0436\u043d\u043e \u0441\u0442\u0438\u0440\u0430\u0442\u044c \u0432\u0440\u0443\u0447\u043d\u0443\u044e. \u041f\u043e\u0441\u043a\u043e\u043b\u044c\u043a\u0443 \u043e\u043d \u0434\u043e\u0432\u043e\u043b\u044c\u043d\u043e \u043f\u0440\u043e\u0447\u043d\u044b\u0439, \u043f\u0440\u0438 \u0441\u0442\u0438\u0440\u043a\u0435 \u043d\u0435 \u043d\u0443\u0436\u043d\u043e \u043e\u0441\u043e\u0431\u043e \u0431\u0435\u0440\u0435\u0436\u043d\u043e \u0441 \u043d\u0438\u043c \u043e\u0431\u0440\u0430\u0449\u0430\u0442\u044c\u0441\u044f.<\/p>\n<p>\u041f\u0440\u0438 \u0437\u0430\u043a\u0430\u0437\u0435 \u0440\u0435\u043c\u043d\u044f, \u043e\u0442\u043b\u0438\u0447\u0430\u044e\u0449\u0435\u0433\u043e\u0441\u044f \u043e\u0442 \u043f\u0440\u0435\u0434\u0441\u0442\u0430\u0432\u043b\u0435\u043d\u043d\u043e\u0433\u043e, \u043d\u0435\u043e\u0431\u0445\u043e\u0434\u0438\u043c\u043e \u0443\u043a\u0430\u0437\u0430\u0442\u044c \u0436\u0435\u043b\u0430\u0435\u043c\u044b\u0439 \u0446\u0432\u0435\u0442, \u0434\u043b\u0438\u043d\u0443 \u0438 \u0448\u0438\u0440\u0438\u043d\u0443. \u0421\u0440\u043e\u043a \u0438\u0437\u0433\u043e\u0442\u043e\u0432\u043b\u0435\u043d\u0438\u044f \u0437\u0430\u043a\u0430\u0437\u0430 \u0441\u043e\u0441\u0442\u0430\u0432\u043b\u044f\u0435\u0442 2\u20133 \u043d\u0435\u0434\u0435\u043b\u0438. \u0421\u043c\u043e\u0442\u0440\u0438\u0442\u0435 \u0442\u0430\u043a\u0436\u0435 \u0434\u0440\u0443\u0433\u0438\u0435 \u0440\u0435\u043c\u043d\u0438 <a href=\"https:\/\/peipsikaup.ee\/ru\/product-tag\/kolavoo\/\">\u0437\u0434\u0435\u0441\u044c<\/a>.<\/p>\n<p><b>\u041a\u043b\u044e\u0447\u0435\u0432\u044b\u0435 \u0441\u043b\u043e\u0432\u0430: <\/b>\u0420\u0435\u043c\u043d\u0438, \u0430\u043a\u0441\u0435\u0441\u0441\u0443\u0430\u0440\u044b<b>, <\/b>\u043f\u043e\u044f\u0441 \u0441 \u043f\u043e\u0434\u0432\u0435\u0441\u043a\u0430\u043c\u0438, \u0432\u0438\u043a\u0438\u043d\u0433, \u0441\u0440\u0435\u0434\u043d\u0435\u0432\u0435\u043a\u043e\u0432\u0430\u044f \u043e\u0434\u0435\u0436\u0434\u0430, \u044d\u0441\u0442\u043e\u043d\u0441\u043a\u043e\u0435 \u0442\u043a\u0430\u0447\u0435\u0441\u0442\u0432\u043e \u043d\u0430 \u0434\u043e\u0449\u0435\u0447\u043a\u0430\u0445, \u043d\u0430\u0440\u043e\u0434\u043d\u044b\u0435 \u043a\u043e\u0441\u0442\u044e\u043c\u044b, \u043d\u0430\u0446\u0438\u043e\u043d\u0430\u043b\u044c\u043d\u044b\u0439<\/p>","protected":false},"excerpt":{"rendered":"<p><b><span style=\"color: #0000ff;\"><em>\u041f\u0440\u0438 \u0437\u0430\u043a\u0430\u0437\u0435 \u043c\u044b \u043e\u0442\u043f\u0440\u0430\u0432\u043b\u044f\u0435\u043c \u0442\u043e\u0432\u0430\u0440 \u0432 \u0442\u0435\u0447\u0435\u043d\u0438\u0435 2 \u043d\u0435\u0434\u0435\u043b\u044c.<\/em><\/span> \u0438\u0437 \u0442\u0440\u043e\u0439\u043d\u043e\u0439 \u0432\u0438\u0441\u043a\u043e\u0437\u043d\u043e\u0439 \u043f\u0440\u044f\u0436\u0438 \u0438<span class=\"Apple-converted-space\">\u00a0 <\/span>\u043f\u043e\u044f\u0441 \u0438\u0437 \u043b\u044c\u043d\u044f\u043d\u043e\u0439 \u0442\u043a\u0430\u043d\u0438, \u043a\u043e\u0442\u043e\u0440\u044b\u0439 \u043f\u043e\u0434\u043e\u0439\u0434\u0451\u0442 \u043a\u0430\u043a \u043a \u043b\u0435\u0442\u043d\u0435\u043c\u0443 \u043b\u044c\u043d\u044f\u043d\u043e\u043c\u0443<span class=\"Apple-converted-space\">\u00a0 <\/span>\u043a \u0437\u0438\u043c\u043d\u0435\u043c\u0443 \u0448\u0435\u0440\u0441\u0442\u044f\u043d\u043e\u043c\u0443 \u043f\u043b\u0430\u0442\u044c\u044e. \u0422\u0430\u043a\u0436\u0435 \u043f\u043e\u0434\u043e\u0439\u0434\u0451\u0442 \u043a \u043c\u0443\u0436\u0441\u043a\u043e\u0439 \u043e\u0434\u0435\u0436\u0434\u0435. \u0411\u0443\u0434\u044c \u0442\u043e \u043b\u044c\u043d\u044f\u043d\u0430\u044f \u0440\u0443\u0431\u0430\u0448\u043a\u0430 \u043d\u0430\u0440\u043e\u0434\u043d\u044b\u0445 \u0442\u0430\u043d\u0446\u043e\u0440\u043e\u0432 \u0438\u043b\u0438 \u0441\u0440\u0435\u0434\u043d\u0435\u0432\u0435\u043a\u043e\u0432\u044b\u0435 \u043d\u0430\u0440\u044f\u0434\u044b. \u041f\u043e\u044f\u0441 \u0441\u043f\u043b\u0435\u0442\u0435\u043d \u0438\u0437 \u043d\u0438\u0442\u0435\u0439 \u043a\u043e\u0440\u0438\u0447\u043d\u0435\u0432\u043e\u0433\u043e, \u0437\u0435\u043b\u0451\u043d\u043e\u0433\u043e, \u0436\u0451\u043b\u0442\u043e\u0433\u043e \u0438 \u043a\u0440\u0430\u0441\u043d\u043e\u0433\u043e \u0446\u0432\u0435\u0442\u043e\u0432. \u0414\u043b\u0438\u043d\u0430 230 \u0441\u043c + \u043a\u0438\u0441\u0442\u043e\u0447\u043a\u0438, \u0448\u0438\u0440\u0438\u043d\u0430 2,0 \u0441\u043c.<\/b><b> \u0420\u0435\u043c\u0435\u0441\u043b\u0435\u043d\u043d\u0438\u043a <a href=\"https:\/\/peipsikaup.ee\/ru\/meistrid\/karin-otsus\/\">\u041a\u0430\u0440\u0438\u043d \u0420\u0435\u0448<\/a>.<\/b><\/p>","protected":false},"featured_media":7823,"comment_status":"open","ping_status":"closed","template":"","meta":{"site-sidebar-layout":"default","site-content-layout":"default","ast-global-header-display":"","ast-main-header-display":"","ast-hfb-above-header-display":"","ast-hfb-below-header-display":"","ast-hfb-mobile-header-display":"","site-post-title":"","ast-breadcrumbs-content":"","ast-featured-img":"","footer-sml-layout":"","theme-transparent-header-meta":"default","adv-header-id-meta":"","stick-header-meta":"default","header-above-stick-meta":"","header-main-stick-meta":"","header-below-stick-meta":""},"product_brand":[],"product_cat":[75,76],"product_tag":[371,372,48,370],"class_list":{"0":"post-7839","1":"product","2":"type-product","3":"status-publish","4":"has-post-thumbnail","6":"product_cat-aksessuaarid","7":"product_cat-karin-otsuse-tooted","8":"product_tag-kolavoo","9":"product_tag-rahvuslik","10":"product_tag-sunnipaev","11":"product_tag-voo","12":"desktop-align-left","13":"tablet-align-left","14":"mobile-align-left","16":"first","17":"instock","18":"shipping-taxable","19":"purchasable","20":"product-type-simple"},"yoast_head":"<!-- This site is optimized with the Yoast SEO plugin v27.2 - https:\/\/yoast.com\/product\/yoast-seo-wordpress\/ -->\n<title>K\u00f5lav\u00f6\u00f6 kirju - Peipsi kaup<\/title>\n<meta name=\"description\" content=\"Kolmekordsest villasest l\u00f5ngast ja\u00a0 linasest kootud k\u00f5lav\u00f6\u00f6, mis sobib nii suvise linase\u00a0 kui talvise villase kleidi juurde.\" \/>\n<meta name=\"robots\" content=\"index, follow, max-snippet:-1, max-image-preview:large, max-video-preview:-1\" \/>\n<link rel=\"canonical\" href=\"https:\/\/peipsikaup.ee\/ru\/product\/kolavoo-kirju\/\" \/>\n<meta property=\"og:locale\" content=\"ru_RU\" \/>\n<meta property=\"og:type\" content=\"article\" \/>\n<meta property=\"og:title\" content=\"K\u00f5lav\u00f6\u00f6 kirju - Peipsi kaup\" \/>\n<meta property=\"og:description\" content=\"Kolmekordsest villasest l\u00f5ngast ja\u00a0 linasest kootud k\u00f5lav\u00f6\u00f6, mis sobib nii suvise linase\u00a0 kui talvise villase kleidi juurde.\" \/>\n<meta property=\"og:url\" content=\"https:\/\/peipsikaup.ee\/ru\/product\/kolavoo-kirju\/\" \/>\n<meta property=\"og:site_name\" content=\"Peipsi kaup\" \/>\n<meta property=\"article:modified_time\" content=\"2023-12-08T15:08:20+00:00\" \/>\n<meta property=\"og:image\" content=\"https:\/\/peipsikaup.ee\/wp-content\/uploads\/2023\/08\/Peipsikaup_meister_Karin_Otsus_kolavoo-19.jpg\" \/>\n\t<meta property=\"og:image:width\" content=\"1000\" \/>\n\t<meta property=\"og:image:height\" content=\"1000\" \/>\n\t<meta property=\"og:image:type\" content=\"image\/jpeg\" \/>\n<meta name=\"twitter:card\" content=\"summary_large_image\" \/>\n<meta name=\"twitter:label1\" content=\"\u041f\u0440\u0438\u043c\u0435\u0440\u043d\u043e\u0435 \u0432\u0440\u0435\u043c\u044f \u0434\u043b\u044f \u0447\u0442\u0435\u043d\u0438\u044f\" \/>\n\t<meta name=\"twitter:data1\" content=\"2 \u043c\u0438\u043d\u0443\u0442\u044b\" \/>\n<script type=\"application\/ld+json\" class=\"yoast-schema-graph\">{\"@context\":\"https:\/\/schema.org\",\"@graph\":[{\"@type\":\"WebPage\",\"@id\":\"https:\/\/peipsikaup.ee\/toode\/kolavoo-kirju\/\",\"url\":\"https:\/\/peipsikaup.ee\/toode\/kolavoo-kirju\/\",\"name\":\"K\u00f5lav\u00f6\u00f6 kirju - Peipsi kaup\",\"isPartOf\":{\"@id\":\"https:\/\/peipsikaup.ee\/#website\"},\"primaryImageOfPage\":{\"@id\":\"https:\/\/peipsikaup.ee\/toode\/kolavoo-kirju\/#primaryimage\"},\"image\":{\"@id\":\"https:\/\/peipsikaup.ee\/toode\/kolavoo-kirju\/#primaryimage\"},\"thumbnailUrl\":\"https:\/\/peipsikaup.ee\/wp-content\/uploads\/2023\/08\/Peipsikaup_meister_Karin_Otsus_kolavoo-19.jpg\",\"datePublished\":\"2023-08-01T08:03:15+00:00\",\"dateModified\":\"2023-12-08T15:08:20+00:00\",\"description\":\"Kolmekordsest villasest l\u00f5ngast ja\u00a0 linasest kootud k\u00f5lav\u00f6\u00f6, mis sobib nii suvise linase\u00a0 kui talvise villase kleidi juurde.\",\"breadcrumb\":{\"@id\":\"https:\/\/peipsikaup.ee\/toode\/kolavoo-kirju\/#breadcrumb\"},\"inLanguage\":\"ru-RU\",\"potentialAction\":[{\"@type\":\"ReadAction\",\"target\":[\"https:\/\/peipsikaup.ee\/toode\/kolavoo-kirju\/\"]}]},{\"@type\":\"ImageObject\",\"inLanguage\":\"ru-RU\",\"@id\":\"https:\/\/peipsikaup.ee\/toode\/kolavoo-kirju\/#primaryimage\",\"url\":\"https:\/\/peipsikaup.ee\/wp-content\/uploads\/2023\/08\/Peipsikaup_meister_Karin_Otsus_kolavoo-19.jpg\",\"contentUrl\":\"https:\/\/peipsikaup.ee\/wp-content\/uploads\/2023\/08\/Peipsikaup_meister_Karin_Otsus_kolavoo-19.jpg\",\"width\":1000,\"height\":1000,\"caption\":\"Peipsikaup pitsimeister Karin Otsus k\u00f5lav\u00f6\u00f6 kirju.\"},{\"@type\":\"BreadcrumbList\",\"@id\":\"https:\/\/peipsikaup.ee\/toode\/kolavoo-kirju\/#breadcrumb\",\"itemListElement\":[{\"@type\":\"ListItem\",\"position\":1,\"name\":\"Home\",\"item\":\"https:\/\/peipsikaup.ee\/\"},{\"@type\":\"ListItem\",\"position\":2,\"name\":\"Pood\",\"item\":\"https:\/\/peipsikaup.ee\/pood\/\"},{\"@type\":\"ListItem\",\"position\":3,\"name\":\"K\u00f5lav\u00f6\u00f6 kirju\"}]},{\"@type\":\"WebSite\",\"@id\":\"https:\/\/peipsikaup.ee\/#website\",\"url\":\"https:\/\/peipsikaup.ee\/\",\"name\":\"Peipsi kaup\",\"description\":\"eheda ja isikup\u00e4rase k\u00e4sit\u00f6\u00f6 veebipood\",\"publisher\":{\"@id\":\"https:\/\/peipsikaup.ee\/#organization\"},\"potentialAction\":[{\"@type\":\"SearchAction\",\"target\":{\"@type\":\"EntryPoint\",\"urlTemplate\":\"https:\/\/peipsikaup.ee\/?s={search_term_string}\"},\"query-input\":{\"@type\":\"PropertyValueSpecification\",\"valueRequired\":true,\"valueName\":\"search_term_string\"}}],\"inLanguage\":\"ru-RU\"},{\"@type\":\"Organization\",\"@id\":\"https:\/\/peipsikaup.ee\/#organization\",\"name\":\"Peipsi kaup\",\"url\":\"https:\/\/peipsikaup.ee\/\",\"logo\":{\"@type\":\"ImageObject\",\"inLanguage\":\"ru-RU\",\"@id\":\"https:\/\/peipsikaup.ee\/#\/schema\/logo\/image\/\",\"url\":\"https:\/\/peipsikaup.ee\/wp-content\/uploads\/2022\/01\/cropped-Peipsikaup-loho-pisike.png\",\"contentUrl\":\"https:\/\/peipsikaup.ee\/wp-content\/uploads\/2022\/01\/cropped-Peipsikaup-loho-pisike.png\",\"width\":180,\"height\":60,\"caption\":\"Peipsi kaup\"},\"image\":{\"@id\":\"https:\/\/peipsikaup.ee\/#\/schema\/logo\/image\/\"}}]}<\/script>\n<!-- \/ Yoast SEO plugin. -->","yoast_head_json":{"title":"K\u00f5lav\u00f6\u00f6 kirju - Peipsi kaup","description":"Kolmekordsest villasest l\u00f5ngast ja\u00a0 linasest kootud k\u00f5lav\u00f6\u00f6, mis sobib nii suvise linase\u00a0 kui talvise villase kleidi juurde.","robots":{"index":"index","follow":"follow","max-snippet":"max-snippet:-1","max-image-preview":"max-image-preview:large","max-video-preview":"max-video-preview:-1"},"canonical":"https:\/\/peipsikaup.ee\/ru\/product\/kolavoo-kirju\/","og_locale":"ru_RU","og_type":"article","og_title":"K\u00f5lav\u00f6\u00f6 kirju - Peipsi kaup","og_description":"Kolmekordsest villasest l\u00f5ngast ja\u00a0 linasest kootud k\u00f5lav\u00f6\u00f6, mis sobib nii suvise linase\u00a0 kui talvise villase kleidi juurde.","og_url":"https:\/\/peipsikaup.ee\/ru\/product\/kolavoo-kirju\/","og_site_name":"Peipsi kaup","article_modified_time":"2023-12-08T15:08:20+00:00","og_image":[{"width":1000,"height":1000,"url":"https:\/\/peipsikaup.ee\/wp-content\/uploads\/2023\/08\/Peipsikaup_meister_Karin_Otsus_kolavoo-19.jpg","type":"image\/jpeg"}],"twitter_card":"summary_large_image","twitter_misc":{"\u041f\u0440\u0438\u043c\u0435\u0440\u043d\u043e\u0435 \u0432\u0440\u0435\u043c\u044f \u0434\u043b\u044f \u0447\u0442\u0435\u043d\u0438\u044f":"2 \u043c\u0438\u043d\u0443\u0442\u044b"},"schema":{"@context":"https:\/\/schema.org","@graph":[{"@type":"WebPage","@id":"https:\/\/peipsikaup.ee\/toode\/kolavoo-kirju\/","url":"https:\/\/peipsikaup.ee\/toode\/kolavoo-kirju\/","name":"K\u00f5lav\u00f6\u00f6 kirju - Peipsi kaup","isPartOf":{"@id":"https:\/\/peipsikaup.ee\/#website"},"primaryImageOfPage":{"@id":"https:\/\/peipsikaup.ee\/toode\/kolavoo-kirju\/#primaryimage"},"image":{"@id":"https:\/\/peipsikaup.ee\/toode\/kolavoo-kirju\/#primaryimage"},"thumbnailUrl":"https:\/\/peipsikaup.ee\/wp-content\/uploads\/2023\/08\/Peipsikaup_meister_Karin_Otsus_kolavoo-19.jpg","datePublished":"2023-08-01T08:03:15+00:00","dateModified":"2023-12-08T15:08:20+00:00","description":"Kolmekordsest villasest l\u00f5ngast ja\u00a0 linasest kootud k\u00f5lav\u00f6\u00f6, mis sobib nii suvise linase\u00a0 kui talvise villase kleidi juurde.","breadcrumb":{"@id":"https:\/\/peipsikaup.ee\/toode\/kolavoo-kirju\/#breadcrumb"},"inLanguage":"ru-RU","potentialAction":[{"@type":"ReadAction","target":["https:\/\/peipsikaup.ee\/toode\/kolavoo-kirju\/"]}]},{"@type":"ImageObject","inLanguage":"ru-RU","@id":"https:\/\/peipsikaup.ee\/toode\/kolavoo-kirju\/#primaryimage","url":"https:\/\/peipsikaup.ee\/wp-content\/uploads\/2023\/08\/Peipsikaup_meister_Karin_Otsus_kolavoo-19.jpg","contentUrl":"https:\/\/peipsikaup.ee\/wp-content\/uploads\/2023\/08\/Peipsikaup_meister_Karin_Otsus_kolavoo-19.jpg","width":1000,"height":1000,"caption":"Peipsikaup pitsimeister Karin Otsus k\u00f5lav\u00f6\u00f6 kirju."},{"@type":"BreadcrumbList","@id":"https:\/\/peipsikaup.ee\/toode\/kolavoo-kirju\/#breadcrumb","itemListElement":[{"@type":"ListItem","position":1,"name":"Home","item":"https:\/\/peipsikaup.ee\/"},{"@type":"ListItem","position":2,"name":"Pood","item":"https:\/\/peipsikaup.ee\/pood\/"},{"@type":"ListItem","position":3,"name":"K\u00f5lav\u00f6\u00f6 kirju"}]},{"@type":"WebSite","@id":"https:\/\/peipsikaup.ee\/#website","url":"https:\/\/peipsikaup.ee\/","name":"\u0422\u043e\u0440\u0433\u043e\u0432\u043b\u044f \u043d\u0430 \u0427\u0443\u0434\u0441\u043a\u043e\u043c \u043e\u0441\u0442\u0440\u043e\u0432\u0435","description":"eheda ja isikup\u00e4rase k\u00e4sit\u00f6\u00f6 veebipood","publisher":{"@id":"https:\/\/peipsikaup.ee\/#organization"},"potentialAction":[{"@type":"SearchAction","target":{"@type":"EntryPoint","urlTemplate":"https:\/\/peipsikaup.ee\/?s={search_term_string}"},"query-input":{"@type":"PropertyValueSpecification","valueRequired":true,"valueName":"search_term_string"}}],"inLanguage":"ru-RU"},{"@type":"Organization","@id":"https:\/\/peipsikaup.ee\/#organization","name":"\u0422\u043e\u0440\u0433\u043e\u0432\u043b\u044f \u043d\u0430 \u0427\u0443\u0434\u0441\u043a\u043e\u043c \u043e\u0441\u0442\u0440\u043e\u0432\u0435","url":"https:\/\/peipsikaup.ee\/","logo":{"@type":"ImageObject","inLanguage":"ru-RU","@id":"https:\/\/peipsikaup.ee\/#\/schema\/logo\/image\/","url":"https:\/\/peipsikaup.ee\/wp-content\/uploads\/2022\/01\/cropped-Peipsikaup-loho-pisike.png","contentUrl":"https:\/\/peipsikaup.ee\/wp-content\/uploads\/2022\/01\/cropped-Peipsikaup-loho-pisike.png","width":180,"height":60,"caption":"Peipsi kaup"},"image":{"@id":"https:\/\/peipsikaup.ee\/#\/schema\/logo\/image\/"}}]}},"_links":{"self":[{"href":"https:\/\/peipsikaup.ee\/ru\/wp-json\/wp\/v2\/product\/7839","targetHints":{"allow":["GET"]}}],"collection":[{"href":"https:\/\/peipsikaup.ee\/ru\/wp-json\/wp\/v2\/product"}],"about":[{"href":"https:\/\/peipsikaup.ee\/ru\/wp-json\/wp\/v2\/types\/product"}],"replies":[{"embeddable":true,"href":"https:\/\/peipsikaup.ee\/ru\/wp-json\/wp\/v2\/comments?post=7839"}],"wp:featuredmedia":[{"embeddable":true,"href":"https:\/\/peipsikaup.ee\/ru\/wp-json\/wp\/v2\/media\/7823"}],"wp:attachment":[{"href":"https:\/\/peipsikaup.ee\/ru\/wp-json\/wp\/v2\/media?parent=7839"}],"wp:term":[{"taxonomy":"product_brand","embeddable":true,"href":"https:\/\/peipsikaup.ee\/ru\/wp-json\/wp\/v2\/product_brand?post=7839"},{"taxonomy":"product_cat","embeddable":true,"href":"https:\/\/peipsikaup.ee\/ru\/wp-json\/wp\/v2\/product_cat?post=7839"},{"taxonomy":"product_tag","embeddable":true,"href":"https:\/\/peipsikaup.ee\/ru\/wp-json\/wp\/v2\/product_tag?post=7839"}],"curies":[{"name":"wp","href":"https:\/\/api.w.org\/{rel}","templated":true}]}}