{"id":7073,"date":"2022-06-03T10:23:56","date_gmt":"2022-06-03T10:23:56","guid":{"rendered":"https:\/\/peipsikaup.ee\/?post_type=product&#038;p=7073"},"modified":"2023-11-27T00:07:43","modified_gmt":"2023-11-27T00:07:43","slug":"pp-private-pouch-aka-privaat-paunake","status":"publish","type":"product","link":"https:\/\/peipsikaup.ee\/ru\/product\/pp-private-pouch-aka-privaat-paunake\/","title":{"rendered":"PP (private pouch) aka privaat paunake"},"content":{"rendered":"<p><strong>Nagu nimigi \u00fctleb, siis algselt sai loodud PP v\u00e4ikeste privaatsete esemete organiseerimiseks.\u00a0<\/strong><\/p>\n<p><span style=\"font-weight: 400;\">Naisena olen tihti pidanud peitma h\u00fcgeeni tarbeid varrukasse, et minna tualeti neid vahetama, ning see pani mind looma sellist pisikest kotikest.\u00a0<\/span><span style=\"font-weight: 400;\">Samas hoian seal ka oma allergiarohtu, huulepulka ja patsikummi.\u00a0 K\u00f5ike sellist, mis tabaliselt k\u00e4ekoti p\u00f5hja \u00e4ra kaob, kuid mis on vajalik igap\u00e4eva eluks.\u00a0<\/span><span style=\"font-weight: 400;\">Samuti on sellises pisikeses kotikeses asjade hoisutamie v\u00e4ga muga viis kui on vaja vahetada k\u00e4ekotti. Hops n\u00e4ppu ja minek.<\/span><\/p>\n<p><span style=\"font-weight: 400;\">Kuid see k\u00f5ik ei takista tal olemast ka n\u00e4iteks peenraha hoiustamiseks kotikene v\u00f5i sobimast ka meesterahvale.\u00a0<\/span><\/p>\n<p><span style=\"font-weight: 400;\">PP on t\u00e4iesti komplekside vaba universaalne toode ja m\u00f5eldud olema just sulle tarvilik.\u00a0<\/span><span style=\"font-weight: 400;\">Valmistatud m\u00f6\u00f6blit\u00f6\u00f6stuse j\u00e4\u00e4kidest ja iga paunake on v\u00e4heke eriline, erinevat v\u00e4rvi ja eri lukuga.\u00a0<\/span><\/p>\n<p><span style=\"font-weight: 400;\">Toode tuleb kinkekarbis<\/span><\/p>\n<p><span style=\"font-weight: 400;\">Pane t\u00e4hele, et Sinu uus toode v\u00f5ib pildist veidi erineda kuna valgus m\u00e4ngib, ekraanid kuvavad v\u00e4rve erinevalt ja me tajume ka toone veidi erinevalt.\u00a0<\/span><span style=\"font-weight: 400;\">\u041d\u0435 \u0432\u0441\u0435 \u043e\u0442\u0442\u0435\u043d\u043a\u0438 \u0431\u0443\u0434\u0443\u0442 \u0434\u043e\u0441\u0442\u0443\u043f\u043d\u044b \u0432 \u043f\u0440\u043e\u0434\u0430\u0436\u0435 \u0432\u0441\u0435 \u0432\u0440\u0435\u043c\u044f, \u0432\u0435\u0434\u044c \u043a\u043e\u0436\u0430 \u0432\u044b\u043f\u0443\u0441\u043a\u0430\u0435\u0442\u0441\u044f \u043e\u0433\u0440\u0430\u043d\u0438\u0447\u0435\u043d\u043d\u044b\u043c \u0442\u0438\u0440\u0430\u0436\u043e\u043c. <\/span><span style=\"font-weight: 400;\">\u0422\u0430\u043a \u0447\u0442\u043e \u043f\u043e\u0442\u043e\u0440\u043e\u043f\u0438\u0441\u044c, \u0435\u0441\u043b\u0438 \u043d\u0435 \u0445\u043e\u0447\u0435\u0448\u044c \u043e\u0441\u0442\u0430\u0442\u044c\u0441\u044f \u0431\u0435\u0437 \u043d\u0435\u0433\u043e.<\/span><\/p>","protected":false},"excerpt":{"rendered":"<p><strong style=\"font-size: 16px;\">Pisikene nahast kotikene v\u00e4ikeste esemete organiseerimiseks. <\/strong><b style=\"font-style: inherit;\">\u0420\u0435\u043c\u0435\u0441\u043b\u0435\u043d\u043d\u0438\u043a <a href=\"https:\/\/peipsikaup.ee\/ru\/meistrid\/helen-strom\/\">\u0425\u0435\u043b\u0435\u043d \u0421\u0442\u0440\u043e\u043c<\/a>.<\/b><\/p>","protected":false},"featured_media":0,"comment_status":"open","ping_status":"closed","template":"","meta":{"site-sidebar-layout":"default","site-content-layout":"default","ast-global-header-display":"","ast-main-header-display":"","ast-hfb-above-header-display":"","ast-hfb-below-header-display":"","ast-hfb-mobile-header-display":"","site-post-title":"","ast-breadcrumbs-content":"","ast-featured-img":"","footer-sml-layout":"","theme-transparent-header-meta":"default","adv-header-id-meta":"","stick-header-meta":"default","header-above-stick-meta":"","header-main-stick-meta":"","header-below-stick-meta":""},"product_brand":[],"product_cat":[75,18,282],"product_tag":[263,289,290,283],"class_list":{"0":"post-7073","1":"product","2":"type-product","3":"status-publish","5":"product_cat-aksessuaarid","6":"product_cat-ehted","7":"product_cat-helen-stromi-tooted","8":"product_tag-hall","9":"product_tag-hobedane","10":"product_tag-must","11":"product_tag-nahk","12":"desktop-align-left","13":"tablet-align-left","14":"mobile-align-left","16":"first","17":"instock","18":"shipping-taxable","19":"purchasable","20":"product-type-variable"},"yoast_head":"<!-- This site is optimized with the Yoast SEO plugin v27.2 - https:\/\/yoast.com\/product\/yoast-seo-wordpress\/ -->\n<title>PP (private pouch) aka privaat paunake - Peipsi kaup<\/title>\n<meta name=\"robots\" content=\"index, follow, max-snippet:-1, max-image-preview:large, max-video-preview:-1\" \/>\n<link rel=\"canonical\" href=\"https:\/\/peipsikaup.ee\/ru\/product\/pp-private-pouch-aka-privaat-paunake\/\" \/>\n<meta property=\"og:locale\" content=\"ru_RU\" \/>\n<meta property=\"og:type\" content=\"article\" \/>\n<meta property=\"og:title\" content=\"PP (private pouch) aka privaat paunake - Peipsi kaup\" \/>\n<meta property=\"og:description\" content=\"Pisikene nahast kotikene v\u00e4ikeste esemete organiseerimiseks. Meister Helen Strom.\" \/>\n<meta property=\"og:url\" content=\"https:\/\/peipsikaup.ee\/ru\/product\/pp-private-pouch-aka-privaat-paunake\/\" \/>\n<meta property=\"og:site_name\" content=\"Peipsi kaup\" \/>\n<meta property=\"article:modified_time\" content=\"2023-11-27T00:07:43+00:00\" \/>\n<meta property=\"og:image\" content=\"https:\/\/peipsikaup.ee\/wp-content\/uploads\/2022\/05\/Peipsikaup_meister_Helen_Strom_ehted-47.jpg\" \/>\n\t<meta property=\"og:image:width\" content=\"1000\" \/>\n\t<meta property=\"og:image:height\" content=\"1000\" \/>\n\t<meta property=\"og:image:type\" content=\"image\/jpeg\" \/>\n<meta name=\"twitter:card\" content=\"summary_large_image\" \/>\n<meta name=\"twitter:label1\" content=\"\u041f\u0440\u0438\u043c\u0435\u0440\u043d\u043e\u0435 \u0432\u0440\u0435\u043c\u044f \u0434\u043b\u044f \u0447\u0442\u0435\u043d\u0438\u044f\" \/>\n\t<meta name=\"twitter:data1\" content=\"1 \u043c\u0438\u043d\u0443\u0442\u0430\" \/>\n<script type=\"application\/ld+json\" class=\"yoast-schema-graph\">{\"@context\":\"https:\/\/schema.org\",\"@graph\":[{\"@type\":\"WebPage\",\"@id\":\"https:\/\/peipsikaup.ee\/toode\/pp-private-pouch-aka-privaat-paunake\/\",\"url\":\"https:\/\/peipsikaup.ee\/toode\/pp-private-pouch-aka-privaat-paunake\/\",\"name\":\"PP (private pouch) aka privaat paunake - Peipsi kaup\",\"isPartOf\":{\"@id\":\"https:\/\/peipsikaup.ee\/#website\"},\"datePublished\":\"2022-06-03T10:23:56+00:00\",\"dateModified\":\"2023-11-27T00:07:43+00:00\",\"breadcrumb\":{\"@id\":\"https:\/\/peipsikaup.ee\/toode\/pp-private-pouch-aka-privaat-paunake\/#breadcrumb\"},\"inLanguage\":\"ru-RU\",\"potentialAction\":[{\"@type\":\"ReadAction\",\"target\":[\"https:\/\/peipsikaup.ee\/toode\/pp-private-pouch-aka-privaat-paunake\/\"]}]},{\"@type\":\"BreadcrumbList\",\"@id\":\"https:\/\/peipsikaup.ee\/toode\/pp-private-pouch-aka-privaat-paunake\/#breadcrumb\",\"itemListElement\":[{\"@type\":\"ListItem\",\"position\":1,\"name\":\"Home\",\"item\":\"https:\/\/peipsikaup.ee\/\"},{\"@type\":\"ListItem\",\"position\":2,\"name\":\"Pood\",\"item\":\"https:\/\/peipsikaup.ee\/pood\/\"},{\"@type\":\"ListItem\",\"position\":3,\"name\":\"PP (private pouch) aka privaat paunake\"}]},{\"@type\":\"WebSite\",\"@id\":\"https:\/\/peipsikaup.ee\/#website\",\"url\":\"https:\/\/peipsikaup.ee\/\",\"name\":\"Peipsi kaup\",\"description\":\"eheda ja isikup\u00e4rase k\u00e4sit\u00f6\u00f6 veebipood\",\"publisher\":{\"@id\":\"https:\/\/peipsikaup.ee\/#organization\"},\"potentialAction\":[{\"@type\":\"SearchAction\",\"target\":{\"@type\":\"EntryPoint\",\"urlTemplate\":\"https:\/\/peipsikaup.ee\/?s={search_term_string}\"},\"query-input\":{\"@type\":\"PropertyValueSpecification\",\"valueRequired\":true,\"valueName\":\"search_term_string\"}}],\"inLanguage\":\"ru-RU\"},{\"@type\":\"Organization\",\"@id\":\"https:\/\/peipsikaup.ee\/#organization\",\"name\":\"Peipsi kaup\",\"url\":\"https:\/\/peipsikaup.ee\/\",\"logo\":{\"@type\":\"ImageObject\",\"inLanguage\":\"ru-RU\",\"@id\":\"https:\/\/peipsikaup.ee\/#\/schema\/logo\/image\/\",\"url\":\"https:\/\/peipsikaup.ee\/wp-content\/uploads\/2022\/01\/cropped-Peipsikaup-loho-pisike.png\",\"contentUrl\":\"https:\/\/peipsikaup.ee\/wp-content\/uploads\/2022\/01\/cropped-Peipsikaup-loho-pisike.png\",\"width\":180,\"height\":60,\"caption\":\"Peipsi kaup\"},\"image\":{\"@id\":\"https:\/\/peipsikaup.ee\/#\/schema\/logo\/image\/\"}}]}<\/script>\n<!-- \/ Yoast SEO plugin. -->","yoast_head_json":{"title":"PP (private pouch) aka privaat paunake - Peipsi kaup","robots":{"index":"index","follow":"follow","max-snippet":"max-snippet:-1","max-image-preview":"max-image-preview:large","max-video-preview":"max-video-preview:-1"},"canonical":"https:\/\/peipsikaup.ee\/ru\/product\/pp-private-pouch-aka-privaat-paunake\/","og_locale":"ru_RU","og_type":"article","og_title":"PP (private pouch) aka privaat paunake - Peipsi kaup","og_description":"Pisikene nahast kotikene v\u00e4ikeste esemete organiseerimiseks. Meister Helen Strom.","og_url":"https:\/\/peipsikaup.ee\/ru\/product\/pp-private-pouch-aka-privaat-paunake\/","og_site_name":"Peipsi kaup","article_modified_time":"2023-11-27T00:07:43+00:00","og_image":[{"width":1000,"height":1000,"url":"https:\/\/peipsikaup.ee\/wp-content\/uploads\/2022\/05\/Peipsikaup_meister_Helen_Strom_ehted-47.jpg","type":"image\/jpeg"}],"twitter_card":"summary_large_image","twitter_misc":{"\u041f\u0440\u0438\u043c\u0435\u0440\u043d\u043e\u0435 \u0432\u0440\u0435\u043c\u044f \u0434\u043b\u044f \u0447\u0442\u0435\u043d\u0438\u044f":"1 \u043c\u0438\u043d\u0443\u0442\u0430"},"schema":{"@context":"https:\/\/schema.org","@graph":[{"@type":"WebPage","@id":"https:\/\/peipsikaup.ee\/toode\/pp-private-pouch-aka-privaat-paunake\/","url":"https:\/\/peipsikaup.ee\/toode\/pp-private-pouch-aka-privaat-paunake\/","name":"PP (private pouch) aka privaat paunake - Peipsi kaup","isPartOf":{"@id":"https:\/\/peipsikaup.ee\/#website"},"datePublished":"2022-06-03T10:23:56+00:00","dateModified":"2023-11-27T00:07:43+00:00","breadcrumb":{"@id":"https:\/\/peipsikaup.ee\/toode\/pp-private-pouch-aka-privaat-paunake\/#breadcrumb"},"inLanguage":"ru-RU","potentialAction":[{"@type":"ReadAction","target":["https:\/\/peipsikaup.ee\/toode\/pp-private-pouch-aka-privaat-paunake\/"]}]},{"@type":"BreadcrumbList","@id":"https:\/\/peipsikaup.ee\/toode\/pp-private-pouch-aka-privaat-paunake\/#breadcrumb","itemListElement":[{"@type":"ListItem","position":1,"name":"Home","item":"https:\/\/peipsikaup.ee\/"},{"@type":"ListItem","position":2,"name":"Pood","item":"https:\/\/peipsikaup.ee\/pood\/"},{"@type":"ListItem","position":3,"name":"PP (private pouch) aka privaat paunake"}]},{"@type":"WebSite","@id":"https:\/\/peipsikaup.ee\/#website","url":"https:\/\/peipsikaup.ee\/","name":"\u0422\u043e\u0440\u0433\u043e\u0432\u043b\u044f \u043d\u0430 \u0427\u0443\u0434\u0441\u043a\u043e\u043c \u043e\u0441\u0442\u0440\u043e\u0432\u0435","description":"eheda ja isikup\u00e4rase k\u00e4sit\u00f6\u00f6 veebipood","publisher":{"@id":"https:\/\/peipsikaup.ee\/#organization"},"potentialAction":[{"@type":"SearchAction","target":{"@type":"EntryPoint","urlTemplate":"https:\/\/peipsikaup.ee\/?s={search_term_string}"},"query-input":{"@type":"PropertyValueSpecification","valueRequired":true,"valueName":"search_term_string"}}],"inLanguage":"ru-RU"},{"@type":"Organization","@id":"https:\/\/peipsikaup.ee\/#organization","name":"\u0422\u043e\u0440\u0433\u043e\u0432\u043b\u044f \u043d\u0430 \u0427\u0443\u0434\u0441\u043a\u043e\u043c \u043e\u0441\u0442\u0440\u043e\u0432\u0435","url":"https:\/\/peipsikaup.ee\/","logo":{"@type":"ImageObject","inLanguage":"ru-RU","@id":"https:\/\/peipsikaup.ee\/#\/schema\/logo\/image\/","url":"https:\/\/peipsikaup.ee\/wp-content\/uploads\/2022\/01\/cropped-Peipsikaup-loho-pisike.png","contentUrl":"https:\/\/peipsikaup.ee\/wp-content\/uploads\/2022\/01\/cropped-Peipsikaup-loho-pisike.png","width":180,"height":60,"caption":"Peipsi kaup"},"image":{"@id":"https:\/\/peipsikaup.ee\/#\/schema\/logo\/image\/"}}]}},"_links":{"self":[{"href":"https:\/\/peipsikaup.ee\/ru\/wp-json\/wp\/v2\/product\/7073","targetHints":{"allow":["GET"]}}],"collection":[{"href":"https:\/\/peipsikaup.ee\/ru\/wp-json\/wp\/v2\/product"}],"about":[{"href":"https:\/\/peipsikaup.ee\/ru\/wp-json\/wp\/v2\/types\/product"}],"replies":[{"embeddable":true,"href":"https:\/\/peipsikaup.ee\/ru\/wp-json\/wp\/v2\/comments?post=7073"}],"wp:attachment":[{"href":"https:\/\/peipsikaup.ee\/ru\/wp-json\/wp\/v2\/media?parent=7073"}],"wp:term":[{"taxonomy":"product_brand","embeddable":true,"href":"https:\/\/peipsikaup.ee\/ru\/wp-json\/wp\/v2\/product_brand?post=7073"},{"taxonomy":"product_cat","embeddable":true,"href":"https:\/\/peipsikaup.ee\/ru\/wp-json\/wp\/v2\/product_cat?post=7073"},{"taxonomy":"product_tag","embeddable":true,"href":"https:\/\/peipsikaup.ee\/ru\/wp-json\/wp\/v2\/product_tag?post=7073"}],"curies":[{"name":"wp","href":"https:\/\/api.w.org\/{rel}","templated":true}]}}