{"id":6975,"date":"2022-06-03T09:44:53","date_gmt":"2022-06-03T09:44:53","guid":{"rendered":"https:\/\/peipsikaup.ee\/?post_type=product&#038;p=6975"},"modified":"2023-05-08T13:02:35","modified_gmt":"2023-05-08T13:02:35","slug":"the-cherry-korvakirsid","status":"publish","type":"product","link":"https:\/\/peipsikaup.ee\/ru\/product\/the-cherry-korvakirsid\/","title":{"rendered":"\u201cThe Cherry\u201d K\u00f5rvakirsid"},"content":{"rendered":"<p><strong>&#8220;The Cherry&#8221; ehk kirss on aegumatu disainiga minimalistlik kuid v\u00e4ga pilkup\u00fc\u00fcdev k\u00f5rvakirss.\u00a0<\/strong><\/p>\n<p><span style=\"font-weight: 400;\">Sobitub nii argip\u00e4eva andes r\u00f5ivastusele viimase lihvi v\u00f5i pidulikumal \u00fcritusel sobitub t\u00e4islikult sinu karakteriga. <\/span><span style=\"font-weight: 400;\">\u00dclikerged ja supermugavad kirsid on vaieldamatult parimad kaaslased sinu igap\u00e4evastes toimetustes ja pidulikel s\u00fcndmustel. <\/span><span style=\"font-weight: 400;\">K\u00f5rvakirsid on valminud k\u00e4sit\u00f6\u00f6na.<\/span><\/p>\n<p><span style=\"font-weight: 400;\">Nahk on materjal, mis on aegumatu ja kestab p\u00f5lvkondi. V\u00e4\u00e4rindatud materjalist k\u00f5rvakirssidega aitad v\u00e4\u00e4rtusliku materjalil mitte raisku minna.\u00a0<\/span><span style=\"font-weight: 400;\">Ehteid luues iga t\u00fckike nahka k\u00f5netab mind isemoodi ja niimoodi s\u00fcnnivad erinevad tooted.\u00a0<\/span><\/p>\n<p><span style=\"font-weight: 400;\">\u041e\u0431\u0440\u0430\u0442\u0438\u0442\u0435 \u0432\u043d\u0438\u043c\u0430\u043d\u0438\u0435, \u0447\u0442\u043e \u0432\u0430\u0448\u0430 \u043f\u0440\u0438\u043e\u0431\u0440\u0435\u0442\u0435\u043d\u043d\u044b\u0435 \u0441\u0435\u0440\u044c\u0433\u0438 \u043c\u043e\u0433\u0443\u0442 \u043d\u0435\u043c\u043d\u043e\u0433\u043e \u043e\u0442\u043b\u0438\u0447\u0430\u0442\u044c\u0441\u044f \u043e\u0442 \u0444\u043e\u0442\u043e\u0433\u0440\u0430\u0444\u0438\u0438 \u0438\u0437-\u0437\u0430 \u043e\u0441\u043e\u0431\u0435\u043d\u043d\u043e\u0441\u0442\u0435\u0439 \u043e\u0441\u0432\u0435\u0449\u0435\u043d\u0438\u044f, \u0440\u0430\u0437\u043b\u0438\u0447\u0438\u0439 \u0432 \u0446\u0432\u0435\u0442\u043e\u043f\u0435\u0440\u0435\u0434\u0430\u0447\u0435 \u044d\u043a\u0440\u0430\u043d\u043e\u0432, \u0430 \u0442\u0430\u043a\u0436\u0435 \u0442\u043e\u0433\u043e, \u0447\u0442\u043e \u043c\u044b \u0432\u0441\u0435 \u043f\u043e-\u0440\u0430\u0437\u043d\u043e\u043c\u0443 \u0432\u043e\u0441\u043f\u0440\u0438\u043d\u0438\u043c\u0430\u0435\u043c \u043e\u0442\u0442\u0435\u043d\u043a\u0438.\u00a0<\/span><\/p>\n<p><span style=\"font-weight: 400;\">\u041d\u0435 \u0432\u0441\u0435 \u043e\u0442\u0442\u0435\u043d\u043a\u0438 \u0431\u0443\u0434\u0443\u0442 \u0434\u043e\u0441\u0442\u0443\u043f\u043d\u044b \u0432 \u043f\u0440\u043e\u0434\u0430\u0436\u0435 \u0432\u0441\u0435 \u0432\u0440\u0435\u043c\u044f, \u0432\u0435\u0434\u044c \u043a\u043e\u0436\u0430 \u0432\u044b\u043f\u0443\u0441\u043a\u0430\u0435\u0442\u0441\u044f \u043e\u0433\u0440\u0430\u043d\u0438\u0447\u0435\u043d\u043d\u044b\u043c \u0442\u0438\u0440\u0430\u0436\u043e\u043c. <\/span><span style=\"font-weight: 400;\">\u0422\u0430\u043a \u0447\u0442\u043e \u043f\u043e\u0442\u043e\u0440\u043e\u043f\u0438\u0441\u044c!<\/span><\/p>","protected":false},"excerpt":{"rendered":"<p><strong style=\"font-size: 16px; font-style: normal;\">\u0421\u0435\u0440\u044c\u0433\u0438 \"\u0412\u0438\u0448\u043d\u044f\"<\/strong><strong style=\"font-size: 16px;\">\u0421\u0435\u0440\u044c\u0433\u0438 \u0432 \u0444\u043e\u0440\u043c\u0435 \u043a\u0440\u0443\u0433\u0430 \u0438\u0437 \u043a\u043e\u0436\u0438 \u0441 \u0437\u0430\u0441\u0442\u0435\u0436\u043a\u043e\u0439 \u0438\u0437 \u043d\u0435\u0440\u0436\u0430\u0432\u0435\u044e\u0449\u0435\u0439 \u0441\u0442\u0430\u043b\u0438 <\/strong><strong>\u0438\u0437\u0433\u043e\u0442\u043e\u0432\u043b\u0435\u043d\u044b \u0438\u0437 \u043f\u0440\u043e\u0438\u0437\u0432\u043e\u0434\u0441\u0442\u0432\u0435\u043d\u043d\u044b\u0445 \u0438 \u043f\u0440\u043e\u043c\u044b\u0448\u043b\u0435\u043d\u043d\u044b\u0445 \u043e\u0441\u0442\u0430\u0442\u043a\u043e\u0432, \u043e\u0447\u0435\u043d\u044c \u043b\u0435\u0433\u043a\u0438\u0435 \u0438 \u0443\u0434\u043e\u0431\u043d\u044b\u0435.\u00a0<\/strong><strong>\u041a\u043e\u0436\u0430, \u0438\u0441\u043f\u043e\u043b\u044c\u0437\u0443\u0435\u043c\u0430\u044f \u0434\u043b\u044f \u0438\u0437\u0433\u043e\u0442\u043e\u0432\u043b\u0435\u043d\u0438\u044f \u044d\u0442\u0438\u0445 \u0441\u0435\u0440\u0435\u0436\u0435\u043a, \u043f\u043e\u0441\u0442\u0443\u043f\u0430\u0435\u0442 \u043a\u0430\u043a \u0441 \u043e\u0431\u0443\u0432\u043d\u044b\u0445 \u0444\u0430\u0431\u0440\u0438\u043a, \u0442\u0430\u043a \u0438 \u0438\u0437 \u043e\u0441\u0442\u0430\u0442\u043a\u043e\u0432 \u0434\u0440\u0443\u0433\u0438\u0445 \u0434\u0438\u0437\u0430\u0439\u043d\u0435\u0440\u043e\u0432 \u043a\u043e\u0436\u0430\u043d\u044b\u0445 \u0438\u0437\u0434\u0435\u043b\u0438\u0439. \u0412 \u0430\u0441\u0441\u043e\u0440\u0442\u0438\u043c\u0435\u043d\u0442\u0435 \u043f\u0440\u0435\u0434\u0441\u0442\u0430\u0432\u043b\u0435\u043d\u044b \u0440\u0430\u0437\u043b\u0438\u0447\u043d\u044b\u0435 \u0446\u0432\u0435\u0442\u0430.\u00a0<\/strong><strong>\u0422\u043e\u0432\u0430\u0440 \u043f\u043e\u0441\u0442\u0430\u0432\u043b\u044f\u0435\u0442\u0441\u044f \u0432 \u043f\u043e\u0434\u0430\u0440\u043e\u0447\u043d\u043e\u0439 \u043a\u043e\u0440\u043e\u0431\u043a\u0435. <\/strong><b style=\"font-style: inherit;\">\u0420\u0435\u043c\u0435\u0441\u043b\u0435\u043d\u043d\u0438\u043a <a href=\"https:\/\/peipsikaup.ee\/ru\/meistrid\/helen-strom\/\">\u0425\u0435\u043b\u0435\u043d \u0421\u0442\u0440\u043e\u043c<\/a>.<\/b><\/p>","protected":false},"featured_media":6830,"comment_status":"open","ping_status":"closed","template":"","meta":{"site-sidebar-layout":"default","site-content-layout":"default","ast-global-header-display":"","ast-main-header-display":"","ast-hfb-above-header-display":"","ast-hfb-below-header-display":"","ast-hfb-mobile-header-display":"","site-post-title":"","ast-breadcrumbs-content":"","ast-featured-img":"","footer-sml-layout":"","theme-transparent-header-meta":"default","adv-header-id-meta":"","stick-header-meta":"default","header-above-stick-meta":"","header-main-stick-meta":"","header-below-stick-meta":""},"product_brand":[],"product_cat":[18,282],"product_tag":[258,266,259,283,54,25],"class_list":{"0":"post-6975","1":"product","2":"type-product","3":"status-publish","4":"has-post-thumbnail","6":"product_cat-ehted","7":"product_cat-helen-stromi-tooted","8":"product_tag-ehted","9":"product_tag-korvarongad","10":"product_tag-kuldne","11":"product_tag-nahk","12":"product_tag-punane","13":"product_tag-sinine","14":"desktop-align-left","15":"tablet-align-left","16":"mobile-align-left","18":"first","19":"outofstock","20":"shipping-taxable","21":"product-type-variable"},"yoast_head":"<!-- This site is optimized with the Yoast SEO plugin v27.2 - https:\/\/yoast.com\/product\/yoast-seo-wordpress\/ -->\n<title>\u201cThe Cherry\u201d K\u00f5rvakirsid - Peipsi kaup<\/title>\n<meta name=\"robots\" content=\"index, follow, max-snippet:-1, max-image-preview:large, max-video-preview:-1\" \/>\n<link rel=\"canonical\" href=\"https:\/\/peipsikaup.ee\/ru\/product\/the-cherry-korvakirsid\/\" \/>\n<meta property=\"og:locale\" content=\"ru_RU\" \/>\n<meta property=\"og:type\" content=\"article\" \/>\n<meta property=\"og:title\" content=\"\u201cThe Cherry\u201d K\u00f5rvakirsid - Peipsi kaup\" \/>\n<meta property=\"og:description\" content=\"\u201cThe Cherry\u201d Ehtsast nahast ringi kujulised roostevabast terasest polt kinnitusega k\u00f5rvakirsid on valmistatud tootmis - ja t\u00f6\u00f6stusj\u00e4\u00e4kidest ning on v\u00e4ga kerged ja mugavad k\u00f5rvas.\u00a0Nahk, mida nende k\u00f5rvar\u00f5ngaste valmistamiseks kasutatakse p\u00e4rineb nii jalatsivabrikust kui ka teiste nahadisainerite \u00fclej\u00e4\u00e4kidest. Valikus on erinevaid v\u00e4rve.\u00a0Toode tuleb kinkekarbis. Meister Helen Strom.\" \/>\n<meta property=\"og:url\" content=\"https:\/\/peipsikaup.ee\/ru\/product\/the-cherry-korvakirsid\/\" \/>\n<meta property=\"og:site_name\" content=\"Peipsi kaup\" \/>\n<meta property=\"article:modified_time\" content=\"2023-05-08T13:02:35+00:00\" \/>\n<meta property=\"og:image\" content=\"https:\/\/peipsikaup.ee\/wp-content\/uploads\/2022\/05\/Peipsikaup_meister_Helen_Strom_ehted-21.jpg\" \/>\n\t<meta property=\"og:image:width\" content=\"1000\" \/>\n\t<meta property=\"og:image:height\" content=\"1000\" \/>\n\t<meta property=\"og:image:type\" content=\"image\/jpeg\" \/>\n<meta name=\"twitter:card\" content=\"summary_large_image\" \/>\n<meta name=\"twitter:label1\" content=\"\u041f\u0440\u0438\u043c\u0435\u0440\u043d\u043e\u0435 \u0432\u0440\u0435\u043c\u044f \u0434\u043b\u044f \u0447\u0442\u0435\u043d\u0438\u044f\" \/>\n\t<meta name=\"twitter:data1\" content=\"1 \u043c\u0438\u043d\u0443\u0442\u0430\" \/>\n<script type=\"application\/ld+json\" class=\"yoast-schema-graph\">{\"@context\":\"https:\/\/schema.org\",\"@graph\":[{\"@type\":\"WebPage\",\"@id\":\"https:\/\/peipsikaup.ee\/toode\/the-cherry-korvakirsid\/\",\"url\":\"https:\/\/peipsikaup.ee\/toode\/the-cherry-korvakirsid\/\",\"name\":\"\u201cThe Cherry\u201d K\u00f5rvakirsid - Peipsi kaup\",\"isPartOf\":{\"@id\":\"https:\/\/peipsikaup.ee\/#website\"},\"primaryImageOfPage\":{\"@id\":\"https:\/\/peipsikaup.ee\/toode\/the-cherry-korvakirsid\/#primaryimage\"},\"image\":{\"@id\":\"https:\/\/peipsikaup.ee\/toode\/the-cherry-korvakirsid\/#primaryimage\"},\"thumbnailUrl\":\"https:\/\/peipsikaup.ee\/wp-content\/uploads\/2022\/05\/Peipsikaup_meister_Helen_Strom_ehted-21.jpg\",\"datePublished\":\"2022-06-03T09:44:53+00:00\",\"dateModified\":\"2023-05-08T13:02:35+00:00\",\"breadcrumb\":{\"@id\":\"https:\/\/peipsikaup.ee\/toode\/the-cherry-korvakirsid\/#breadcrumb\"},\"inLanguage\":\"ru-RU\",\"potentialAction\":[{\"@type\":\"ReadAction\",\"target\":[\"https:\/\/peipsikaup.ee\/toode\/the-cherry-korvakirsid\/\"]}]},{\"@type\":\"ImageObject\",\"inLanguage\":\"ru-RU\",\"@id\":\"https:\/\/peipsikaup.ee\/toode\/the-cherry-korvakirsid\/#primaryimage\",\"url\":\"https:\/\/peipsikaup.ee\/wp-content\/uploads\/2022\/05\/Peipsikaup_meister_Helen_Strom_ehted-21.jpg\",\"contentUrl\":\"https:\/\/peipsikaup.ee\/wp-content\/uploads\/2022\/05\/Peipsikaup_meister_Helen_Strom_ehted-21.jpg\",\"width\":1000,\"height\":1000},{\"@type\":\"BreadcrumbList\",\"@id\":\"https:\/\/peipsikaup.ee\/toode\/the-cherry-korvakirsid\/#breadcrumb\",\"itemListElement\":[{\"@type\":\"ListItem\",\"position\":1,\"name\":\"Home\",\"item\":\"https:\/\/peipsikaup.ee\/\"},{\"@type\":\"ListItem\",\"position\":2,\"name\":\"Pood\",\"item\":\"https:\/\/peipsikaup.ee\/pood\/\"},{\"@type\":\"ListItem\",\"position\":3,\"name\":\"\u201cThe Cherry\u201d K\u00f5rvakirsid\"}]},{\"@type\":\"WebSite\",\"@id\":\"https:\/\/peipsikaup.ee\/#website\",\"url\":\"https:\/\/peipsikaup.ee\/\",\"name\":\"Peipsi kaup\",\"description\":\"eheda ja isikup\u00e4rase k\u00e4sit\u00f6\u00f6 veebipood\",\"publisher\":{\"@id\":\"https:\/\/peipsikaup.ee\/#organization\"},\"potentialAction\":[{\"@type\":\"SearchAction\",\"target\":{\"@type\":\"EntryPoint\",\"urlTemplate\":\"https:\/\/peipsikaup.ee\/?s={search_term_string}\"},\"query-input\":{\"@type\":\"PropertyValueSpecification\",\"valueRequired\":true,\"valueName\":\"search_term_string\"}}],\"inLanguage\":\"ru-RU\"},{\"@type\":\"Organization\",\"@id\":\"https:\/\/peipsikaup.ee\/#organization\",\"name\":\"Peipsi kaup\",\"url\":\"https:\/\/peipsikaup.ee\/\",\"logo\":{\"@type\":\"ImageObject\",\"inLanguage\":\"ru-RU\",\"@id\":\"https:\/\/peipsikaup.ee\/#\/schema\/logo\/image\/\",\"url\":\"https:\/\/peipsikaup.ee\/wp-content\/uploads\/2022\/01\/cropped-Peipsikaup-loho-pisike.png\",\"contentUrl\":\"https:\/\/peipsikaup.ee\/wp-content\/uploads\/2022\/01\/cropped-Peipsikaup-loho-pisike.png\",\"width\":180,\"height\":60,\"caption\":\"Peipsi kaup\"},\"image\":{\"@id\":\"https:\/\/peipsikaup.ee\/#\/schema\/logo\/image\/\"}}]}<\/script>\n<!-- \/ Yoast SEO plugin. -->","yoast_head_json":{"title":"\u201cThe Cherry\u201d K\u00f5rvakirsid - Peipsi kaup","robots":{"index":"index","follow":"follow","max-snippet":"max-snippet:-1","max-image-preview":"max-image-preview:large","max-video-preview":"max-video-preview:-1"},"canonical":"https:\/\/peipsikaup.ee\/ru\/product\/the-cherry-korvakirsid\/","og_locale":"ru_RU","og_type":"article","og_title":"\u201cThe Cherry\u201d K\u00f5rvakirsid - Peipsi kaup","og_description":"\u201cThe Cherry\u201d Ehtsast nahast ringi kujulised roostevabast terasest polt kinnitusega k\u00f5rvakirsid on valmistatud tootmis - ja t\u00f6\u00f6stusj\u00e4\u00e4kidest ning on v\u00e4ga kerged ja mugavad k\u00f5rvas.\u00a0Nahk, mida nende k\u00f5rvar\u00f5ngaste valmistamiseks kasutatakse p\u00e4rineb nii jalatsivabrikust kui ka teiste nahadisainerite \u00fclej\u00e4\u00e4kidest. Valikus on erinevaid v\u00e4rve.\u00a0Toode tuleb kinkekarbis. Meister Helen Strom.","og_url":"https:\/\/peipsikaup.ee\/ru\/product\/the-cherry-korvakirsid\/","og_site_name":"Peipsi kaup","article_modified_time":"2023-05-08T13:02:35+00:00","og_image":[{"width":1000,"height":1000,"url":"https:\/\/peipsikaup.ee\/wp-content\/uploads\/2022\/05\/Peipsikaup_meister_Helen_Strom_ehted-21.jpg","type":"image\/jpeg"}],"twitter_card":"summary_large_image","twitter_misc":{"\u041f\u0440\u0438\u043c\u0435\u0440\u043d\u043e\u0435 \u0432\u0440\u0435\u043c\u044f \u0434\u043b\u044f \u0447\u0442\u0435\u043d\u0438\u044f":"1 \u043c\u0438\u043d\u0443\u0442\u0430"},"schema":{"@context":"https:\/\/schema.org","@graph":[{"@type":"WebPage","@id":"https:\/\/peipsikaup.ee\/toode\/the-cherry-korvakirsid\/","url":"https:\/\/peipsikaup.ee\/toode\/the-cherry-korvakirsid\/","name":"\u201cThe Cherry\u201d K\u00f5rvakirsid - Peipsi kaup","isPartOf":{"@id":"https:\/\/peipsikaup.ee\/#website"},"primaryImageOfPage":{"@id":"https:\/\/peipsikaup.ee\/toode\/the-cherry-korvakirsid\/#primaryimage"},"image":{"@id":"https:\/\/peipsikaup.ee\/toode\/the-cherry-korvakirsid\/#primaryimage"},"thumbnailUrl":"https:\/\/peipsikaup.ee\/wp-content\/uploads\/2022\/05\/Peipsikaup_meister_Helen_Strom_ehted-21.jpg","datePublished":"2022-06-03T09:44:53+00:00","dateModified":"2023-05-08T13:02:35+00:00","breadcrumb":{"@id":"https:\/\/peipsikaup.ee\/toode\/the-cherry-korvakirsid\/#breadcrumb"},"inLanguage":"ru-RU","potentialAction":[{"@type":"ReadAction","target":["https:\/\/peipsikaup.ee\/toode\/the-cherry-korvakirsid\/"]}]},{"@type":"ImageObject","inLanguage":"ru-RU","@id":"https:\/\/peipsikaup.ee\/toode\/the-cherry-korvakirsid\/#primaryimage","url":"https:\/\/peipsikaup.ee\/wp-content\/uploads\/2022\/05\/Peipsikaup_meister_Helen_Strom_ehted-21.jpg","contentUrl":"https:\/\/peipsikaup.ee\/wp-content\/uploads\/2022\/05\/Peipsikaup_meister_Helen_Strom_ehted-21.jpg","width":1000,"height":1000},{"@type":"BreadcrumbList","@id":"https:\/\/peipsikaup.ee\/toode\/the-cherry-korvakirsid\/#breadcrumb","itemListElement":[{"@type":"ListItem","position":1,"name":"Home","item":"https:\/\/peipsikaup.ee\/"},{"@type":"ListItem","position":2,"name":"Pood","item":"https:\/\/peipsikaup.ee\/pood\/"},{"@type":"ListItem","position":3,"name":"\u201cThe Cherry\u201d K\u00f5rvakirsid"}]},{"@type":"WebSite","@id":"https:\/\/peipsikaup.ee\/#website","url":"https:\/\/peipsikaup.ee\/","name":"\u0422\u043e\u0440\u0433\u043e\u0432\u043b\u044f \u043d\u0430 \u0427\u0443\u0434\u0441\u043a\u043e\u043c \u043e\u0441\u0442\u0440\u043e\u0432\u0435","description":"eheda ja isikup\u00e4rase k\u00e4sit\u00f6\u00f6 veebipood","publisher":{"@id":"https:\/\/peipsikaup.ee\/#organization"},"potentialAction":[{"@type":"SearchAction","target":{"@type":"EntryPoint","urlTemplate":"https:\/\/peipsikaup.ee\/?s={search_term_string}"},"query-input":{"@type":"PropertyValueSpecification","valueRequired":true,"valueName":"search_term_string"}}],"inLanguage":"ru-RU"},{"@type":"Organization","@id":"https:\/\/peipsikaup.ee\/#organization","name":"\u0422\u043e\u0440\u0433\u043e\u0432\u043b\u044f \u043d\u0430 \u0427\u0443\u0434\u0441\u043a\u043e\u043c \u043e\u0441\u0442\u0440\u043e\u0432\u0435","url":"https:\/\/peipsikaup.ee\/","logo":{"@type":"ImageObject","inLanguage":"ru-RU","@id":"https:\/\/peipsikaup.ee\/#\/schema\/logo\/image\/","url":"https:\/\/peipsikaup.ee\/wp-content\/uploads\/2022\/01\/cropped-Peipsikaup-loho-pisike.png","contentUrl":"https:\/\/peipsikaup.ee\/wp-content\/uploads\/2022\/01\/cropped-Peipsikaup-loho-pisike.png","width":180,"height":60,"caption":"Peipsi kaup"},"image":{"@id":"https:\/\/peipsikaup.ee\/#\/schema\/logo\/image\/"}}]}},"_links":{"self":[{"href":"https:\/\/peipsikaup.ee\/ru\/wp-json\/wp\/v2\/product\/6975","targetHints":{"allow":["GET"]}}],"collection":[{"href":"https:\/\/peipsikaup.ee\/ru\/wp-json\/wp\/v2\/product"}],"about":[{"href":"https:\/\/peipsikaup.ee\/ru\/wp-json\/wp\/v2\/types\/product"}],"replies":[{"embeddable":true,"href":"https:\/\/peipsikaup.ee\/ru\/wp-json\/wp\/v2\/comments?post=6975"}],"wp:featuredmedia":[{"embeddable":true,"href":"https:\/\/peipsikaup.ee\/ru\/wp-json\/wp\/v2\/media\/6830"}],"wp:attachment":[{"href":"https:\/\/peipsikaup.ee\/ru\/wp-json\/wp\/v2\/media?parent=6975"}],"wp:term":[{"taxonomy":"product_brand","embeddable":true,"href":"https:\/\/peipsikaup.ee\/ru\/wp-json\/wp\/v2\/product_brand?post=6975"},{"taxonomy":"product_cat","embeddable":true,"href":"https:\/\/peipsikaup.ee\/ru\/wp-json\/wp\/v2\/product_cat?post=6975"},{"taxonomy":"product_tag","embeddable":true,"href":"https:\/\/peipsikaup.ee\/ru\/wp-json\/wp\/v2\/product_tag?post=6975"}],"curies":[{"name":"wp","href":"https:\/\/api.w.org\/{rel}","templated":true}]}}