{"id":6641,"date":"2022-03-21T13:17:29","date_gmt":"2022-03-21T13:17:29","guid":{"rendered":"https:\/\/peipsikaup.ee\/?post_type=product&#038;p=6641"},"modified":"2025-01-09T08:47:28","modified_gmt":"2025-01-09T08:47:28","slug":"lambavilla-graanulid","status":"publish","type":"product","link":"https:\/\/peipsikaup.ee\/ru\/product\/lambavilla-graanulid\/","title":{"rendered":"\u0413\u0440\u0430\u043d\u0443\u043b\u044b \u0438\u0437 \u043e\u0432\u0435\u0447\u044c\u0435\u0439 \u0448\u0435\u0440\u0441\u0442\u0438"},"content":{"rendered":"<div class=\"page\" title=\"Page 3\">\n<div class=\"layoutArea\">\n<div class=\"column\">\n<div class=\"page\" title=\"Page 3\">\n<div class=\"layoutArea\">\n<div class=\"column\">\n<p><strong>\u0412\u043e \u0432\u0440\u0435\u043c\u044f \u043f\u043e\u043b\u0438\u0432\u0430 \u0433\u0440\u0430\u043d\u0443\u043b\u044b \u0432\u043f\u0438\u0442\u044b\u0432\u0430\u044e\u0442 \u0432\u043e\u0434\u0443 \u0438 \u0440\u0430\u0437\u0431\u0443\u0445\u0430\u044e\u0442. \u0420\u0430\u0441\u043f\u0443\u0445\u0430\u044f, \u043e\u043d\u0438 \u0443\u0432\u043b\u0430\u0436\u043d\u044f\u044e\u0442 \u043e\u043a\u0440\u0443\u0436\u0430\u044e\u0449\u0443\u044e \u043f\u043e\u0447\u0432\u0443 \u0438 \u0442\u0435\u043c \u0441\u0430\u043c\u044b\u043c \u0430\u044d\u0440\u0438\u0440\u0443\u044e\u0442 \u0435\u0451. \u0413\u0440\u0430\u043d\u0443\u043b\u044b, \u0440\u0430\u0437\u043b\u043e\u0436\u0435\u043d\u043d\u044b\u0435 \u043d\u0430 \u043f\u043e\u0432\u0435\u0440\u0445\u043d\u043e\u0441\u0442\u0438, \u0434\u0435\u0439\u0441\u0442\u0432\u0443\u044e\u0442 \u043a\u0430\u043a \u043c\u0443\u043b\u044c\u0447\u0430, \u0430 \u0441\u0443\u0445\u0430\u044f \u0448\u0435\u0440\u0441\u0442\u044c \u0434\u043e\u043f\u043e\u043b\u043d\u0438\u0442\u0435\u043b\u044c\u043d\u043e \u0437\u0430\u0449\u0438\u0449\u0430\u0435\u0442 \u0440\u0430\u0441\u0442\u0435\u043d\u0438\u044f \u043e\u0442 \u0443\u043b\u0438\u0442\u043e\u043a.<\/strong><\/p>\n<p style=\"text-align: left;\">\u0413\u0440\u0430\u043d\u0443\u043b\u044b \u0440\u0430\u0437\u043b\u0430\u0433\u0430\u044e\u0442\u0441\u044f \u0432 \u043f\u043e\u0447\u0432\u0435 \u043f\u043e\u0434 \u0432\u043e\u0437\u0434\u0435\u0439\u0441\u0442\u0432\u0438\u0435\u043c \u043a\u0438\u0441\u043b\u043e\u0440\u043e\u0434\u0430, \u0432\u043b\u0430\u0433\u0438 \u0438 \u0442\u0435\u043f\u043b\u0430 \u043f\u0440\u0438\u043c\u0435\u0440\u043d\u043e \u0437\u0430 \u0448\u0435\u0441\u0442\u044c \u043c\u0435\u0441\u044f\u0446\u0435\u0432. \u0420\u0430\u0441\u0448\u0438\u0440\u044f\u044e\u0449\u0438\u0435\u0441\u044f \u0438 \u0441\u0436\u0438\u043c\u0430\u044e\u0449\u0438\u0435\u0441\u044f \u0433\u0440\u0430\u043d\u0443\u043b\u044b \u0443\u043b\u0443\u0447\u0448\u0430\u044e\u0442 \u0432\u043e\u0437\u0434\u0443\u0445\u043e\u043e\u0431\u043c\u0435\u043d \u0432 \u043f\u043e\u0447\u0432\u0435. \u041f\u0440\u0438 \u0440\u0430\u0437\u043b\u043e\u0436\u0435\u043d\u0438\u0438 \u0448\u0435\u0440\u0441\u0442\u0438 \u043c\u0435\u0434\u043b\u0435\u043d\u043d\u043e \u0432\u044b\u0441\u0432\u043e\u0431\u043e\u0436\u0434\u0430\u044e\u0442\u0441\u044f \u043f\u0438\u0442\u0430\u0442\u0435\u043b\u044c\u043d\u044b\u0435 \u0432\u0435\u0449\u0435\u0441\u0442\u0432\u0430, \u043d\u0435\u043e\u0431\u0445\u043e\u0434\u0438\u043c\u044b\u0435 \u0440\u0430\u0441\u0442\u0435\u043d\u0438\u044f\u043c. \u0414\u043b\u0438\u0442\u0435\u043b\u044c\u043d\u044b\u0439 \u043f\u0440\u043e\u0446\u0435\u0441\u0441 \u0440\u0430\u0437\u043b\u043e\u0436\u0435\u043d\u0438\u044f \u0438\u0437\u0431\u0430\u0432\u043b\u044f\u0435\u0442 \u0440\u0430\u0441\u0442\u0435\u043d\u0438\u0435\u0432\u043e\u0434\u043e\u0432 \u0438 \u0441\u0430\u0434\u043e\u0432\u043e\u0434\u043e\u0432 \u043e\u0442 \u0445\u043b\u043e\u043f\u043e\u0442, \u0441\u0432\u044f\u0437\u0430\u043d\u043d\u044b\u0445 \u0441 \u0443\u0434\u043e\u0431\u0440\u0435\u043d\u0438\u0435\u043c.<\/p>\n<p>\u0413\u0440\u0430\u043d\u0443\u043b\u044b \u0438\u0437 \u0448\u0435\u0440\u0441\u0442\u0438 \u043e\u0431\u043b\u0430\u0434\u0430\u044e\u0442 \u0432\u044b\u0441\u043e\u043a\u043e\u0439 \u0432\u043b\u0430\u0433\u043e\u0435\u043c\u043a\u043e\u0441\u0442\u044c\u044e, \u0431\u043b\u0430\u0433\u043e\u0434\u0430\u0440\u044f \u0447\u0435\u043c\u0443 \u0441\u043e\u043a\u0440\u0430\u0449\u0430\u0435\u0442\u0441\u044f \u043a\u0430\u043a \u043a\u043e\u043b\u0438\u0447\u0435\u0441\u0442\u0432\u043e \u043f\u043e\u043b\u0438\u0432\u043e\u0432, \u0442\u0430\u043a \u0438 \u0440\u0438\u0441\u043a \u043f\u0435\u0440\u0435\u0443\u0432\u043b\u0430\u0436\u043d\u0435\u043d\u0438\u044f. \u0413\u0440\u0430\u043d\u0443\u043b\u044b \u043e\u0441\u043e\u0431\u0435\u043d\u043d\u043e \u0445\u043e\u0440\u043e\u0448\u043e \u043f\u043e\u0434\u0445\u043e\u0434\u044f\u0442 \u0434\u043b\u044f \u0446\u0432\u0435\u0442\u043e\u0447\u043d\u044b\u0445 \u0433\u043e\u0440\u0448\u043a\u043e\u0432 \u0438 \u043a\u043e\u043d\u0442\u0435\u0439\u043d\u0435\u0440\u043e\u0432 \u0432 \u0434\u043e\u043c\u0430\u0445 \u0438 \u043e\u0444\u0438\u0441\u0430\u0445, \u043f\u043e\u0441\u043a\u043e\u043b\u044c\u043a\u0443 \u043f\u043e\u043c\u043e\u0433\u0430\u044e\u0442 \u043f\u043e\u0447\u0432\u0435 \u0443\u0434\u0435\u0440\u0436\u0438\u0432\u0430\u0442\u044c \u0432\u043e\u0434\u0443. \u041f\u0440\u0438 \u0432\u044b\u0441\u0432\u043e\u0431\u043e\u0436\u0434\u0435\u043d\u0438\u0438 \u0432\u043b\u0430\u0433\u0438 \u043e\u0434\u043d\u043e\u0432\u0440\u0435\u043c\u0435\u043d\u043d\u043e \u043f\u0440\u043e\u0438\u0441\u0445\u043e\u0434\u0438\u0442 \u0443\u0434\u043e\u0431\u0440\u0435\u043d\u0438\u0435 \u043e\u043a\u0440\u0443\u0436\u0430\u044e\u0449\u0435\u0439 \u043f\u043e\u0447\u0432\u044b.<\/p>\n<p>\u0415\u0441\u043b\u0438 \u0440\u0430\u0441\u0441\u044b\u043f\u0430\u0442\u044c \u0433\u0440\u0430\u043d\u0443\u043b\u044b \u0432\u043e\u043a\u0440\u0443\u0433 \u0440\u0430\u0441\u0442\u0435\u043d\u0438\u044f \u0432 \u043c\u0435\u0441\u0442\u0435 \u0435\u0433\u043e \u043f\u0440\u043e\u0438\u0437\u0440\u0430\u0441\u0442\u0430\u043d\u0438\u044f \u0442\u043e\u043b\u0441\u0442\u044b\u043c \u0441\u043b\u043e\u0435\u043c, \u043e\u043d\u0438 \u043f\u043e\u043c\u043e\u0433\u0443\u0442 \u043f\u043e\u0434\u0434\u0435\u0440\u0436\u0438\u0432\u0430\u0442\u044c \u0431\u043e\u043b\u0435\u0435 \u0440\u0430\u0432\u043d\u043e\u043c\u0435\u0440\u043d\u0443\u044e \u0442\u0435\u043c\u043f\u0435\u0440\u0430\u0442\u0443\u0440\u0443 \u043f\u043e\u0447\u0432\u044b \u043f\u043e\u0434 \u043d\u0438\u043c\u0438. \u041f\u043e\u043b\u043e\u0441\u0430 \u0433\u0440\u0430\u043d\u0443\u043b \u0448\u0438\u0440\u0438\u043d\u043e\u0439 \u043d\u0435 \u043c\u0435\u043d\u0435\u0435 10 \u0441\u043c, \u0443\u043b\u043e\u0436\u0435\u043d\u043d\u0430\u044f \u043f\u043e\u0432\u0435\u0440\u0445 \u043f\u043e\u0447\u0432\u044b \u0432 \u043a\u0430\u0447\u0435\u0441\u0442\u0432\u0435 \u043c\u0443\u043b\u044c\u0447\u0438, \u043f\u0440\u0435\u043f\u044f\u0442\u0441\u0442\u0432\u0443\u0435\u0442 \u043f\u0440\u043e\u043d\u0438\u043a\u043d\u043e\u0432\u0435\u043d\u0438\u044e \u0436\u0443\u043a\u043e\u0432 \u043a \u0440\u0430\u0441\u0442\u0435\u043d\u0438\u044f\u043c.<\/p>\n<p>\u0421\u043e\u0441\u0442\u0430\u0432<\/p>\n<ul role=\"list\">\n<li>\u0410\u0437\u043e\u0442 (N) \u2013 9,03%<\/li>\n<li>\u041a\u0430\u043b\u0438\u0439 (K2O) \u2013 5,61%<\/li>\n<li>\u0421\u0435\u0440\u0430 (S) \u2013 1,15%<\/li>\n<li>\u041c\u0430\u0433\u043d\u0438\u0439 (MgO) \u2013 0,14%<\/li>\n<li>\u0424\u043e\u0441\u0444\u043e\u0440 (P\u2082O\u2085) \u2013 0,16%<\/li>\n<li>\u041e\u0440\u0433\u0430\u043d\u0438\u0447\u0435\u0441\u043a\u0438\u0435 \u0432\u0435\u0449\u0435\u0441\u0442\u0432\u0430 \u2013 89,79%<\/li>\n<\/ul>\n<p>\u0423\u043f\u0430\u043a\u043e\u0432\u043a\u0430 \u0432\u0435\u0441\u043e\u043c 1 \u043a\u0433 = \u043f\u0440\u0438\u043c\u0435\u0440\u043d\u043e 3,5 \u043b\u0438\u0442\u0440\u0430 \u0433\u0440\u0430\u043d\u0443\u043b.<\/p>\n<\/div>\n<\/div>\n<\/div>\n<\/div>\n<\/div>\n<\/div>","protected":false},"excerpt":{"rendered":"<p><strong>\u041d\u0430\u0442\u0443\u0440\u0430\u043b\u044c\u043d\u043e\u0435 \u0448\u0435\u0440\u0441\u0442\u044f\u043d\u043e\u0435 \u0443\u0434\u043e\u0431\u0440\u0435\u043d\u0438\u0435 \u043d\u0430 \u0432\u0435\u0441\u044c \u0441\u0435\u0437\u043e\u043d. \u0413\u0440\u0430\u043d\u0443\u043b\u044b, \u0441\u043c\u0435\u0448\u0430\u043d\u043d\u044b\u0435 \u0441 \u043f\u043e\u0447\u0432\u043e\u0439, \u0434\u043b\u0438\u0442\u0435\u043b\u044c\u043d\u043e \u0441\u043d\u0430\u0431\u0436\u0430\u044e\u0442 \u0440\u0430\u0441\u0442\u0435\u043d\u0438\u044f \u043f\u0438\u0442\u0430\u0442\u0435\u043b\u044c\u043d\u044b\u043c\u0438 \u0432\u0435\u0449\u0435\u0441\u0442\u0432\u0430\u043c\u0438 \u043d\u0430 \u043f\u0440\u043e\u0442\u044f\u0436\u0435\u043d\u0438\u0438 \u0432\u0441\u0435\u0433\u043e \u043f\u0435\u0440\u0438\u043e\u0434\u0430 \u0440\u043e\u0441\u0442\u0430. \u041f\u0440\u0438 \u043c\u0435\u0434\u043b\u0435\u043d\u043d\u043e\u043c \u0440\u0430\u0437\u043b\u043e\u0436\u0435\u043d\u0438\u0438 \u0432\u044b\u0434\u0435\u043b\u044f\u044e\u0442\u0441\u044f \u0430\u0437\u043e\u0442, \u043a\u0430\u043b\u0438\u0439, \u0444\u043e\u0441\u0444\u043e\u0440 \u0438 \u0434\u0440\u0443\u0433\u0438\u0435 \u043d\u0435\u043e\u0431\u0445\u043e\u0434\u0438\u043c\u044b\u0435 \u0432\u0435\u0449\u0435\u0441\u0442\u0432\u0430. \u0418\u0437\u0433\u043e\u0442\u043e\u0432\u0438\u0442\u0435\u043b\u044c <a href=\"https:\/\/peipsikaup.ee\/ru\/meistrid\/sander-veskimeister\/\">\u0421\u0430\u043d\u0434\u0435\u0440 \u0412\u0435\u0441\u043a\u0438\u043c\u0435\u0439\u0441\u0442\u0435\u0440<\/a>.<\/strong><\/p>","protected":false},"featured_media":6658,"comment_status":"open","ping_status":"closed","template":"","meta":{"site-sidebar-layout":"default","site-content-layout":"default","ast-global-header-display":"","ast-main-header-display":"","ast-hfb-above-header-display":"","ast-hfb-below-header-display":"","ast-hfb-mobile-header-display":"","site-post-title":"","ast-breadcrumbs-content":"","ast-featured-img":"","footer-sml-layout":"","theme-transparent-header-meta":"default","adv-header-id-meta":"","stick-header-meta":"default","header-above-stick-meta":"","header-main-stick-meta":"","header-below-stick-meta":""},"product_brand":[],"product_cat":[280,281],"product_tag":[277,276,279,278],"class_list":{"0":"post-6641","1":"product","2":"type-product","3":"status-publish","4":"has-post-thumbnail","6":"product_cat-aia-tooted","7":"product_cat-sander-veskimeistri-tooted","8":"product_tag-graanul","9":"product_tag-lambavill","10":"product_tag-tigu","11":"product_tag-vaetis","12":"desktop-align-left","13":"tablet-align-left","14":"mobile-align-left","16":"first","17":"instock","18":"featured","19":"shipping-taxable","20":"purchasable","21":"product-type-simple"},"yoast_head":"<!-- This site is optimized with the Yoast SEO plugin v27.2 - https:\/\/yoast.com\/product\/yoast-seo-wordpress\/ -->\n<title>Lambavilla graanulid - Peipsi kaup<\/title>\n<meta name=\"robots\" content=\"index, follow, max-snippet:-1, max-image-preview:large, max-video-preview:-1\" \/>\n<link rel=\"canonical\" href=\"https:\/\/peipsikaup.ee\/ru\/product\/lambavilla-graanulid\/\" \/>\n<meta property=\"og:locale\" content=\"ru_RU\" \/>\n<meta property=\"og:type\" content=\"article\" \/>\n<meta property=\"og:title\" content=\"Lambavilla graanulid - Peipsi kaup\" \/>\n<meta property=\"og:description\" content=\"Naturaalne villav\u00e4etis terveks hooajaks. Mulda segatud graanulid eraldavad taimedele toitaineid pikaajaliselt terve kasvuperioodi. Aeglaselt lagunedes eraldatakse l\u00e4mmastikku, kaaliumi, fosforit ja muud vajalikku. Meister Sander Veskimeister.\" \/>\n<meta property=\"og:url\" content=\"https:\/\/peipsikaup.ee\/ru\/product\/lambavilla-graanulid\/\" \/>\n<meta property=\"og:site_name\" content=\"Peipsi kaup\" \/>\n<meta property=\"article:modified_time\" content=\"2025-01-09T08:47:28+00:00\" \/>\n<meta property=\"og:image\" content=\"https:\/\/peipsikaup.ee\/wp-content\/uploads\/2022\/03\/Peipsikaup_meister_Sander_Veskimeister_vaetis.jpg\" \/>\n\t<meta property=\"og:image:width\" content=\"2048\" \/>\n\t<meta property=\"og:image:height\" content=\"2048\" \/>\n\t<meta property=\"og:image:type\" content=\"image\/jpeg\" \/>\n<meta name=\"twitter:card\" content=\"summary_large_image\" \/>\n<meta name=\"twitter:label1\" content=\"\u041f\u0440\u0438\u043c\u0435\u0440\u043d\u043e\u0435 \u0432\u0440\u0435\u043c\u044f \u0434\u043b\u044f \u0447\u0442\u0435\u043d\u0438\u044f\" \/>\n\t<meta name=\"twitter:data1\" content=\"2 \u043c\u0438\u043d\u0443\u0442\u044b\" \/>\n<script type=\"application\/ld+json\" class=\"yoast-schema-graph\">{\"@context\":\"https:\/\/schema.org\",\"@graph\":[{\"@type\":\"WebPage\",\"@id\":\"https:\/\/peipsikaup.ee\/toode\/lambavilla-graanulid\/\",\"url\":\"https:\/\/peipsikaup.ee\/toode\/lambavilla-graanulid\/\",\"name\":\"Lambavilla graanulid - Peipsi kaup\",\"isPartOf\":{\"@id\":\"https:\/\/peipsikaup.ee\/#website\"},\"primaryImageOfPage\":{\"@id\":\"https:\/\/peipsikaup.ee\/toode\/lambavilla-graanulid\/#primaryimage\"},\"image\":{\"@id\":\"https:\/\/peipsikaup.ee\/toode\/lambavilla-graanulid\/#primaryimage\"},\"thumbnailUrl\":\"https:\/\/peipsikaup.ee\/wp-content\/uploads\/2022\/03\/Peipsikaup_meister_Sander_Veskimeister_vaetis.jpg\",\"datePublished\":\"2022-03-21T13:17:29+00:00\",\"dateModified\":\"2025-01-09T08:47:28+00:00\",\"breadcrumb\":{\"@id\":\"https:\/\/peipsikaup.ee\/toode\/lambavilla-graanulid\/#breadcrumb\"},\"inLanguage\":\"ru-RU\",\"potentialAction\":[{\"@type\":\"ReadAction\",\"target\":[\"https:\/\/peipsikaup.ee\/toode\/lambavilla-graanulid\/\"]}]},{\"@type\":\"ImageObject\",\"inLanguage\":\"ru-RU\",\"@id\":\"https:\/\/peipsikaup.ee\/toode\/lambavilla-graanulid\/#primaryimage\",\"url\":\"https:\/\/peipsikaup.ee\/wp-content\/uploads\/2022\/03\/Peipsikaup_meister_Sander_Veskimeister_vaetis.jpg\",\"contentUrl\":\"https:\/\/peipsikaup.ee\/wp-content\/uploads\/2022\/03\/Peipsikaup_meister_Sander_Veskimeister_vaetis.jpg\",\"width\":2048,\"height\":2048,\"caption\":\"Peipsikaup_meister_Sander_Veskimeister_vaetis\"},{\"@type\":\"BreadcrumbList\",\"@id\":\"https:\/\/peipsikaup.ee\/toode\/lambavilla-graanulid\/#breadcrumb\",\"itemListElement\":[{\"@type\":\"ListItem\",\"position\":1,\"name\":\"Home\",\"item\":\"https:\/\/peipsikaup.ee\/\"},{\"@type\":\"ListItem\",\"position\":2,\"name\":\"Pood\",\"item\":\"https:\/\/peipsikaup.ee\/pood\/\"},{\"@type\":\"ListItem\",\"position\":3,\"name\":\"Lambavilla graanulid\"}]},{\"@type\":\"WebSite\",\"@id\":\"https:\/\/peipsikaup.ee\/#website\",\"url\":\"https:\/\/peipsikaup.ee\/\",\"name\":\"Peipsi kaup\",\"description\":\"eheda ja isikup\u00e4rase k\u00e4sit\u00f6\u00f6 veebipood\",\"publisher\":{\"@id\":\"https:\/\/peipsikaup.ee\/#organization\"},\"potentialAction\":[{\"@type\":\"SearchAction\",\"target\":{\"@type\":\"EntryPoint\",\"urlTemplate\":\"https:\/\/peipsikaup.ee\/?s={search_term_string}\"},\"query-input\":{\"@type\":\"PropertyValueSpecification\",\"valueRequired\":true,\"valueName\":\"search_term_string\"}}],\"inLanguage\":\"ru-RU\"},{\"@type\":\"Organization\",\"@id\":\"https:\/\/peipsikaup.ee\/#organization\",\"name\":\"Peipsi kaup\",\"url\":\"https:\/\/peipsikaup.ee\/\",\"logo\":{\"@type\":\"ImageObject\",\"inLanguage\":\"ru-RU\",\"@id\":\"https:\/\/peipsikaup.ee\/#\/schema\/logo\/image\/\",\"url\":\"https:\/\/peipsikaup.ee\/wp-content\/uploads\/2022\/01\/cropped-Peipsikaup-loho-pisike.png\",\"contentUrl\":\"https:\/\/peipsikaup.ee\/wp-content\/uploads\/2022\/01\/cropped-Peipsikaup-loho-pisike.png\",\"width\":180,\"height\":60,\"caption\":\"Peipsi kaup\"},\"image\":{\"@id\":\"https:\/\/peipsikaup.ee\/#\/schema\/logo\/image\/\"}}]}<\/script>\n<!-- \/ Yoast SEO plugin. -->","yoast_head_json":{"title":"Lambavilla graanulid - Peipsi kaup","robots":{"index":"index","follow":"follow","max-snippet":"max-snippet:-1","max-image-preview":"max-image-preview:large","max-video-preview":"max-video-preview:-1"},"canonical":"https:\/\/peipsikaup.ee\/ru\/product\/lambavilla-graanulid\/","og_locale":"ru_RU","og_type":"article","og_title":"Lambavilla graanulid - Peipsi kaup","og_description":"Naturaalne villav\u00e4etis terveks hooajaks. Mulda segatud graanulid eraldavad taimedele toitaineid pikaajaliselt terve kasvuperioodi. Aeglaselt lagunedes eraldatakse l\u00e4mmastikku, kaaliumi, fosforit ja muud vajalikku. Meister Sander Veskimeister.","og_url":"https:\/\/peipsikaup.ee\/ru\/product\/lambavilla-graanulid\/","og_site_name":"Peipsi kaup","article_modified_time":"2025-01-09T08:47:28+00:00","og_image":[{"width":2048,"height":2048,"url":"https:\/\/peipsikaup.ee\/wp-content\/uploads\/2022\/03\/Peipsikaup_meister_Sander_Veskimeister_vaetis.jpg","type":"image\/jpeg"}],"twitter_card":"summary_large_image","twitter_misc":{"\u041f\u0440\u0438\u043c\u0435\u0440\u043d\u043e\u0435 \u0432\u0440\u0435\u043c\u044f \u0434\u043b\u044f \u0447\u0442\u0435\u043d\u0438\u044f":"2 \u043c\u0438\u043d\u0443\u0442\u044b"},"schema":{"@context":"https:\/\/schema.org","@graph":[{"@type":"WebPage","@id":"https:\/\/peipsikaup.ee\/toode\/lambavilla-graanulid\/","url":"https:\/\/peipsikaup.ee\/toode\/lambavilla-graanulid\/","name":"Lambavilla graanulid - Peipsi kaup","isPartOf":{"@id":"https:\/\/peipsikaup.ee\/#website"},"primaryImageOfPage":{"@id":"https:\/\/peipsikaup.ee\/toode\/lambavilla-graanulid\/#primaryimage"},"image":{"@id":"https:\/\/peipsikaup.ee\/toode\/lambavilla-graanulid\/#primaryimage"},"thumbnailUrl":"https:\/\/peipsikaup.ee\/wp-content\/uploads\/2022\/03\/Peipsikaup_meister_Sander_Veskimeister_vaetis.jpg","datePublished":"2022-03-21T13:17:29+00:00","dateModified":"2025-01-09T08:47:28+00:00","breadcrumb":{"@id":"https:\/\/peipsikaup.ee\/toode\/lambavilla-graanulid\/#breadcrumb"},"inLanguage":"ru-RU","potentialAction":[{"@type":"ReadAction","target":["https:\/\/peipsikaup.ee\/toode\/lambavilla-graanulid\/"]}]},{"@type":"ImageObject","inLanguage":"ru-RU","@id":"https:\/\/peipsikaup.ee\/toode\/lambavilla-graanulid\/#primaryimage","url":"https:\/\/peipsikaup.ee\/wp-content\/uploads\/2022\/03\/Peipsikaup_meister_Sander_Veskimeister_vaetis.jpg","contentUrl":"https:\/\/peipsikaup.ee\/wp-content\/uploads\/2022\/03\/Peipsikaup_meister_Sander_Veskimeister_vaetis.jpg","width":2048,"height":2048,"caption":"Peipsikaup_meister_Sander_Veskimeister_vaetis"},{"@type":"BreadcrumbList","@id":"https:\/\/peipsikaup.ee\/toode\/lambavilla-graanulid\/#breadcrumb","itemListElement":[{"@type":"ListItem","position":1,"name":"Home","item":"https:\/\/peipsikaup.ee\/"},{"@type":"ListItem","position":2,"name":"Pood","item":"https:\/\/peipsikaup.ee\/pood\/"},{"@type":"ListItem","position":3,"name":"Lambavilla graanulid"}]},{"@type":"WebSite","@id":"https:\/\/peipsikaup.ee\/#website","url":"https:\/\/peipsikaup.ee\/","name":"\u0422\u043e\u0440\u0433\u043e\u0432\u043b\u044f \u043d\u0430 \u0427\u0443\u0434\u0441\u043a\u043e\u043c \u043e\u0441\u0442\u0440\u043e\u0432\u0435","description":"eheda ja isikup\u00e4rase k\u00e4sit\u00f6\u00f6 veebipood","publisher":{"@id":"https:\/\/peipsikaup.ee\/#organization"},"potentialAction":[{"@type":"SearchAction","target":{"@type":"EntryPoint","urlTemplate":"https:\/\/peipsikaup.ee\/?s={search_term_string}"},"query-input":{"@type":"PropertyValueSpecification","valueRequired":true,"valueName":"search_term_string"}}],"inLanguage":"ru-RU"},{"@type":"Organization","@id":"https:\/\/peipsikaup.ee\/#organization","name":"\u0422\u043e\u0440\u0433\u043e\u0432\u043b\u044f \u043d\u0430 \u0427\u0443\u0434\u0441\u043a\u043e\u043c \u043e\u0441\u0442\u0440\u043e\u0432\u0435","url":"https:\/\/peipsikaup.ee\/","logo":{"@type":"ImageObject","inLanguage":"ru-RU","@id":"https:\/\/peipsikaup.ee\/#\/schema\/logo\/image\/","url":"https:\/\/peipsikaup.ee\/wp-content\/uploads\/2022\/01\/cropped-Peipsikaup-loho-pisike.png","contentUrl":"https:\/\/peipsikaup.ee\/wp-content\/uploads\/2022\/01\/cropped-Peipsikaup-loho-pisike.png","width":180,"height":60,"caption":"Peipsi kaup"},"image":{"@id":"https:\/\/peipsikaup.ee\/#\/schema\/logo\/image\/"}}]}},"_links":{"self":[{"href":"https:\/\/peipsikaup.ee\/ru\/wp-json\/wp\/v2\/product\/6641","targetHints":{"allow":["GET"]}}],"collection":[{"href":"https:\/\/peipsikaup.ee\/ru\/wp-json\/wp\/v2\/product"}],"about":[{"href":"https:\/\/peipsikaup.ee\/ru\/wp-json\/wp\/v2\/types\/product"}],"replies":[{"embeddable":true,"href":"https:\/\/peipsikaup.ee\/ru\/wp-json\/wp\/v2\/comments?post=6641"}],"wp:featuredmedia":[{"embeddable":true,"href":"https:\/\/peipsikaup.ee\/ru\/wp-json\/wp\/v2\/media\/6658"}],"wp:attachment":[{"href":"https:\/\/peipsikaup.ee\/ru\/wp-json\/wp\/v2\/media?parent=6641"}],"wp:term":[{"taxonomy":"product_brand","embeddable":true,"href":"https:\/\/peipsikaup.ee\/ru\/wp-json\/wp\/v2\/product_brand?post=6641"},{"taxonomy":"product_cat","embeddable":true,"href":"https:\/\/peipsikaup.ee\/ru\/wp-json\/wp\/v2\/product_cat?post=6641"},{"taxonomy":"product_tag","embeddable":true,"href":"https:\/\/peipsikaup.ee\/ru\/wp-json\/wp\/v2\/product_tag?post=6641"}],"curies":[{"name":"wp","href":"https:\/\/api.w.org\/{rel}","templated":true}]}}