{"id":6555,"date":"2022-01-12T08:42:50","date_gmt":"2022-01-12T08:42:50","guid":{"rendered":"https:\/\/peipsikaup.ee\/?post_type=product&#038;p=6555"},"modified":"2025-11-13T09:31:05","modified_gmt":"2025-11-13T09:31:05","slug":"kollane-kolmnurkne-ripats","status":"publish","type":"product","link":"https:\/\/peipsikaup.ee\/ru\/product\/kollane-kolmnurkne-ripats\/","title":{"rendered":"Kollane kolmnurkne ripats"},"content":{"rendered":"<p><strong>Murtud tammepuust ja kollasest epoksiidvaigust ripats \u2013 Loodusliku ilu ja kunstilise elegantsi kooslus!<\/strong><\/p>\n<p>K\u00e4sit\u00f6\u00f6na valminud kaelakee, kus kohtuvad tammepuu naturaalne ilu ja epoksiidvaigu ainulaadne s\u00e4ra. See kollane kolmnurkne ripats on valmistatud hoole ja armastusega, et tuua sinuni looduse ja kunsti harmooniline s\u00fcmbioos.<\/p>\n<p>Lihtsa ja ajatu disainiga ripats sobib suurep\u00e4raselt igap\u00e4evaseks kandmiseks, tuues sinu v\u00e4limusse looduse elegantsi. Temmepuu t\u00fckk lisab positiivset energiat ja s\u00fcmboliseerib pikaealisust ning eluj\u00f5udu. Tammepuu t\u00fckk on hoolikalt murtud, et epoksiidvaigus saaks esile tuua puukiudude m\u00e4ngleva mustri.<\/p>\n<p>Iga samm selle kaelakee valmistamisel on tehtud k\u00e4sitsi \u2013 alates puidu valikust ja t\u00f6\u00f6tlemisest kuni vaigu k\u00e4sitsi valamiseni. See pikk protsess tagab, et iga ripats on unikaalne ja kordumatu. P\u00e4rast vormimist ja poleerimist on ripatsi pind siidiselt sile ning vaik l\u00e4ikiv, t\u00e4iendades elegantselt sinu ilu.<\/p>\n<p>Kinnitus on metallist. Ehted on stiilselt pakendatud tumesinisesse karpi, lisades kingitusele kauni viimistluse.<\/p>\n<p>Kuna ehe on valmistatud k\u00e4sitsi, siis iga \u00fcks neist on kordumatu ja omap\u00e4rane. Kui soovid endale v\u00f5i l\u00e4hedasele erilist ja ainulaadset kingitust, siis need ehted on suurep\u00e4rane valik. Vaata ka teisi Enekeni tooteid <a href=\"https:\/\/peipsikaup.ee\/ru\/product-category\/eneken-volkov\/\">\u0437\u0434\u0435\u0441\u044c<\/a>.<\/p>\n<p>V\u00e4rvid v\u00f5ivad s\u00f5ltuvalt arvutimonitorist ja valgustingimustest veidi erineda.<\/p>\n<p>Hooldus: Vajadusel v\u00f5ite ripatsit puhastada kuiva pehme puuvillase lapiga. Ripats on v\u00e4ga vastupidav ning ei purune isegi siis, kui see peaks maha kukkuma. S\u00e4ra ja l\u00e4bipastvuse s\u00e4ilitamiseks v\u00e4ldi otsest pikaajalist p\u00e4ikesevalgust.<span class=\"Apple-converted-space\">\u00a0<\/span><\/p>\n<p>Materjal: tammepuit, epoksiidvaik, metallist kett<\/p>\n<p>Suurus: k\u00f5rgus mm, laius mm<\/p>\n<p>Keti pikkus:<span class=\"Apple-converted-space\">\u00a0\u00a0<\/span>cm\u00a0<em>(Soovi korral saab keti pikkust valida, soovitud pikkusest anda teada tellimuse l\u00f5pus kommentaari kastis)<\/em><\/p>\n<p>M\u00e4rks\u00f5nad: puidust ja epoksiidvaigust ripats, k\u00e4sit\u00f6\u00f6, looduslik ilu, l\u00e4bipaistev epoksiidvaik, ainulaadne kingitus, s\u00fcnnip\u00e4evaks, kaelakee, ehted, kollane<\/p>","protected":false},"excerpt":{"rendered":"<p><strong>Murtud tammepuu t\u00fckist ja epoksiidvaigust k\u00e4sitsi valmistatud kolmnurkne ripats. Lihtsa disainiga ripats sobib kandmiseks igap\u00e4evaselt.\u00a0<\/strong><b>\u0420\u0435\u043c\u0435\u0441\u043b\u0435\u043d\u043d\u0438\u043a <a href=\"https:\/\/peipsikaup.ee\/ru\/meistrid\/eneken-volkov\/\">\u042d\u043d\u0435\u043a\u0435\u043d \u0412\u043e\u043b\u043a\u043e\u0432<\/a>.<\/b><\/p>","protected":false},"featured_media":7943,"comment_status":"open","ping_status":"closed","template":"","meta":{"site-sidebar-layout":"default","site-content-layout":"default","ast-global-header-display":"","ast-main-header-display":"","ast-hfb-above-header-display":"","ast-hfb-below-header-display":"","ast-hfb-mobile-header-display":"","site-post-title":"","ast-breadcrumbs-content":"","ast-featured-img":"","footer-sml-layout":"","theme-transparent-header-meta":"default","adv-header-id-meta":"","stick-header-meta":"default","header-above-stick-meta":"","header-main-stick-meta":"","header-below-stick-meta":""},"product_brand":[],"product_cat":[18,28],"product_tag":[258,264,267,265,29],"class_list":{"0":"post-6555","1":"product","2":"type-product","3":"status-publish","4":"has-post-thumbnail","6":"product_cat-ehted","7":"product_cat-eneken-volkov","8":"product_tag-ehted","9":"product_tag-epoksiid","10":"product_tag-kollane","11":"product_tag-puit","12":"product_tag-ripatsid","13":"desktop-align-left","14":"tablet-align-left","15":"mobile-align-left","17":"first","18":"outofstock","19":"shipping-taxable","20":"purchasable","21":"product-type-simple"},"yoast_head":"<!-- This site is optimized with the Yoast SEO plugin v27.2 - https:\/\/yoast.com\/product\/yoast-seo-wordpress\/ -->\n<title>Kollane kolmnurkne ripats - Peipsi kaup<\/title>\n<meta name=\"description\" content=\"K\u00e4sit\u00f6\u00f6na valminud kollane kolmnurkne ripats, kus kohtuvad tammepuu naturaalne ilu ja epoksiidvaigu ainulaadne s\u00e4ra. Tule vaata!\" \/>\n<meta name=\"robots\" content=\"index, follow, max-snippet:-1, max-image-preview:large, max-video-preview:-1\" \/>\n<link rel=\"canonical\" href=\"https:\/\/peipsikaup.ee\/ru\/product\/kollane-kolmnurkne-ripats\/\" \/>\n<meta property=\"og:locale\" content=\"ru_RU\" \/>\n<meta property=\"og:type\" content=\"article\" \/>\n<meta property=\"og:title\" content=\"Kollane kolmnurkne ripats - Peipsi kaup\" \/>\n<meta property=\"og:description\" content=\"K\u00e4sit\u00f6\u00f6na valminud kollane kolmnurkne ripats, kus kohtuvad tammepuu naturaalne ilu ja epoksiidvaigu ainulaadne s\u00e4ra. Tule vaata!\" \/>\n<meta property=\"og:url\" content=\"https:\/\/peipsikaup.ee\/ru\/product\/kollane-kolmnurkne-ripats\/\" \/>\n<meta property=\"og:site_name\" content=\"Peipsi kaup\" \/>\n<meta property=\"article:modified_time\" content=\"2025-11-13T09:31:05+00:00\" \/>\n<meta property=\"og:image\" content=\"https:\/\/peipsikaup.ee\/wp-content\/uploads\/2022\/01\/Peipsikaup_meister_Eneken_Volkov_ripats-14.jpg\" \/>\n\t<meta property=\"og:image:width\" content=\"1000\" \/>\n\t<meta property=\"og:image:height\" content=\"1000\" \/>\n\t<meta property=\"og:image:type\" content=\"image\/jpeg\" \/>\n<meta name=\"twitter:card\" content=\"summary_large_image\" \/>\n<meta name=\"twitter:label1\" content=\"\u041f\u0440\u0438\u043c\u0435\u0440\u043d\u043e\u0435 \u0432\u0440\u0435\u043c\u044f \u0434\u043b\u044f \u0447\u0442\u0435\u043d\u0438\u044f\" \/>\n\t<meta name=\"twitter:data1\" content=\"2 \u043c\u0438\u043d\u0443\u0442\u044b\" \/>\n<script type=\"application\/ld+json\" class=\"yoast-schema-graph\">{\"@context\":\"https:\/\/schema.org\",\"@graph\":[{\"@type\":\"WebPage\",\"@id\":\"https:\/\/peipsikaup.ee\/toode\/kollane-kolmnurkne-ripats\/\",\"url\":\"https:\/\/peipsikaup.ee\/toode\/kollane-kolmnurkne-ripats\/\",\"name\":\"Kollane kolmnurkne ripats - Peipsi kaup\",\"isPartOf\":{\"@id\":\"https:\/\/peipsikaup.ee\/#website\"},\"primaryImageOfPage\":{\"@id\":\"https:\/\/peipsikaup.ee\/toode\/kollane-kolmnurkne-ripats\/#primaryimage\"},\"image\":{\"@id\":\"https:\/\/peipsikaup.ee\/toode\/kollane-kolmnurkne-ripats\/#primaryimage\"},\"thumbnailUrl\":\"https:\/\/peipsikaup.ee\/wp-content\/uploads\/2022\/01\/Peipsikaup_meister_Eneken_Volkov_ripats-14.jpg\",\"datePublished\":\"2022-01-12T08:42:50+00:00\",\"dateModified\":\"2025-11-13T09:31:05+00:00\",\"description\":\"K\u00e4sit\u00f6\u00f6na valminud kollane kolmnurkne ripats, kus kohtuvad tammepuu naturaalne ilu ja epoksiidvaigu ainulaadne s\u00e4ra. Tule vaata!\",\"breadcrumb\":{\"@id\":\"https:\/\/peipsikaup.ee\/toode\/kollane-kolmnurkne-ripats\/#breadcrumb\"},\"inLanguage\":\"ru-RU\",\"potentialAction\":[{\"@type\":\"ReadAction\",\"target\":[\"https:\/\/peipsikaup.ee\/toode\/kollane-kolmnurkne-ripats\/\"]}]},{\"@type\":\"ImageObject\",\"inLanguage\":\"ru-RU\",\"@id\":\"https:\/\/peipsikaup.ee\/toode\/kollane-kolmnurkne-ripats\/#primaryimage\",\"url\":\"https:\/\/peipsikaup.ee\/wp-content\/uploads\/2022\/01\/Peipsikaup_meister_Eneken_Volkov_ripats-14.jpg\",\"contentUrl\":\"https:\/\/peipsikaup.ee\/wp-content\/uploads\/2022\/01\/Peipsikaup_meister_Eneken_Volkov_ripats-14.jpg\",\"width\":1000,\"height\":1000,\"caption\":\"Peipsikaup meister Eneken Volkov kollane kolmnurkne ripats\"},{\"@type\":\"BreadcrumbList\",\"@id\":\"https:\/\/peipsikaup.ee\/toode\/kollane-kolmnurkne-ripats\/#breadcrumb\",\"itemListElement\":[{\"@type\":\"ListItem\",\"position\":1,\"name\":\"Home\",\"item\":\"https:\/\/peipsikaup.ee\/\"},{\"@type\":\"ListItem\",\"position\":2,\"name\":\"Pood\",\"item\":\"https:\/\/peipsikaup.ee\/pood\/\"},{\"@type\":\"ListItem\",\"position\":3,\"name\":\"Kollane kolmnurkne ripats\"}]},{\"@type\":\"WebSite\",\"@id\":\"https:\/\/peipsikaup.ee\/#website\",\"url\":\"https:\/\/peipsikaup.ee\/\",\"name\":\"Peipsi kaup\",\"description\":\"eheda ja isikup\u00e4rase k\u00e4sit\u00f6\u00f6 veebipood\",\"publisher\":{\"@id\":\"https:\/\/peipsikaup.ee\/#organization\"},\"potentialAction\":[{\"@type\":\"SearchAction\",\"target\":{\"@type\":\"EntryPoint\",\"urlTemplate\":\"https:\/\/peipsikaup.ee\/?s={search_term_string}\"},\"query-input\":{\"@type\":\"PropertyValueSpecification\",\"valueRequired\":true,\"valueName\":\"search_term_string\"}}],\"inLanguage\":\"ru-RU\"},{\"@type\":\"Organization\",\"@id\":\"https:\/\/peipsikaup.ee\/#organization\",\"name\":\"Peipsi kaup\",\"url\":\"https:\/\/peipsikaup.ee\/\",\"logo\":{\"@type\":\"ImageObject\",\"inLanguage\":\"ru-RU\",\"@id\":\"https:\/\/peipsikaup.ee\/#\/schema\/logo\/image\/\",\"url\":\"https:\/\/peipsikaup.ee\/wp-content\/uploads\/2022\/01\/cropped-Peipsikaup-loho-pisike.png\",\"contentUrl\":\"https:\/\/peipsikaup.ee\/wp-content\/uploads\/2022\/01\/cropped-Peipsikaup-loho-pisike.png\",\"width\":180,\"height\":60,\"caption\":\"Peipsi kaup\"},\"image\":{\"@id\":\"https:\/\/peipsikaup.ee\/#\/schema\/logo\/image\/\"}}]}<\/script>\n<!-- \/ Yoast SEO plugin. -->","yoast_head_json":{"title":"Kollane kolmnurkne ripats - Peipsi kaup","description":"K\u00e4sit\u00f6\u00f6na valminud kollane kolmnurkne ripats, kus kohtuvad tammepuu naturaalne ilu ja epoksiidvaigu ainulaadne s\u00e4ra. Tule vaata!","robots":{"index":"index","follow":"follow","max-snippet":"max-snippet:-1","max-image-preview":"max-image-preview:large","max-video-preview":"max-video-preview:-1"},"canonical":"https:\/\/peipsikaup.ee\/ru\/product\/kollane-kolmnurkne-ripats\/","og_locale":"ru_RU","og_type":"article","og_title":"Kollane kolmnurkne ripats - Peipsi kaup","og_description":"K\u00e4sit\u00f6\u00f6na valminud kollane kolmnurkne ripats, kus kohtuvad tammepuu naturaalne ilu ja epoksiidvaigu ainulaadne s\u00e4ra. Tule vaata!","og_url":"https:\/\/peipsikaup.ee\/ru\/product\/kollane-kolmnurkne-ripats\/","og_site_name":"Peipsi kaup","article_modified_time":"2025-11-13T09:31:05+00:00","og_image":[{"width":1000,"height":1000,"url":"https:\/\/peipsikaup.ee\/wp-content\/uploads\/2022\/01\/Peipsikaup_meister_Eneken_Volkov_ripats-14.jpg","type":"image\/jpeg"}],"twitter_card":"summary_large_image","twitter_misc":{"\u041f\u0440\u0438\u043c\u0435\u0440\u043d\u043e\u0435 \u0432\u0440\u0435\u043c\u044f \u0434\u043b\u044f \u0447\u0442\u0435\u043d\u0438\u044f":"2 \u043c\u0438\u043d\u0443\u0442\u044b"},"schema":{"@context":"https:\/\/schema.org","@graph":[{"@type":"WebPage","@id":"https:\/\/peipsikaup.ee\/toode\/kollane-kolmnurkne-ripats\/","url":"https:\/\/peipsikaup.ee\/toode\/kollane-kolmnurkne-ripats\/","name":"Kollane kolmnurkne ripats - Peipsi kaup","isPartOf":{"@id":"https:\/\/peipsikaup.ee\/#website"},"primaryImageOfPage":{"@id":"https:\/\/peipsikaup.ee\/toode\/kollane-kolmnurkne-ripats\/#primaryimage"},"image":{"@id":"https:\/\/peipsikaup.ee\/toode\/kollane-kolmnurkne-ripats\/#primaryimage"},"thumbnailUrl":"https:\/\/peipsikaup.ee\/wp-content\/uploads\/2022\/01\/Peipsikaup_meister_Eneken_Volkov_ripats-14.jpg","datePublished":"2022-01-12T08:42:50+00:00","dateModified":"2025-11-13T09:31:05+00:00","description":"K\u00e4sit\u00f6\u00f6na valminud kollane kolmnurkne ripats, kus kohtuvad tammepuu naturaalne ilu ja epoksiidvaigu ainulaadne s\u00e4ra. Tule vaata!","breadcrumb":{"@id":"https:\/\/peipsikaup.ee\/toode\/kollane-kolmnurkne-ripats\/#breadcrumb"},"inLanguage":"ru-RU","potentialAction":[{"@type":"ReadAction","target":["https:\/\/peipsikaup.ee\/toode\/kollane-kolmnurkne-ripats\/"]}]},{"@type":"ImageObject","inLanguage":"ru-RU","@id":"https:\/\/peipsikaup.ee\/toode\/kollane-kolmnurkne-ripats\/#primaryimage","url":"https:\/\/peipsikaup.ee\/wp-content\/uploads\/2022\/01\/Peipsikaup_meister_Eneken_Volkov_ripats-14.jpg","contentUrl":"https:\/\/peipsikaup.ee\/wp-content\/uploads\/2022\/01\/Peipsikaup_meister_Eneken_Volkov_ripats-14.jpg","width":1000,"height":1000,"caption":"Peipsikaup meister Eneken Volkov kollane kolmnurkne ripats"},{"@type":"BreadcrumbList","@id":"https:\/\/peipsikaup.ee\/toode\/kollane-kolmnurkne-ripats\/#breadcrumb","itemListElement":[{"@type":"ListItem","position":1,"name":"Home","item":"https:\/\/peipsikaup.ee\/"},{"@type":"ListItem","position":2,"name":"Pood","item":"https:\/\/peipsikaup.ee\/pood\/"},{"@type":"ListItem","position":3,"name":"Kollane kolmnurkne ripats"}]},{"@type":"WebSite","@id":"https:\/\/peipsikaup.ee\/#website","url":"https:\/\/peipsikaup.ee\/","name":"\u0422\u043e\u0440\u0433\u043e\u0432\u043b\u044f \u043d\u0430 \u0427\u0443\u0434\u0441\u043a\u043e\u043c \u043e\u0441\u0442\u0440\u043e\u0432\u0435","description":"eheda ja isikup\u00e4rase k\u00e4sit\u00f6\u00f6 veebipood","publisher":{"@id":"https:\/\/peipsikaup.ee\/#organization"},"potentialAction":[{"@type":"SearchAction","target":{"@type":"EntryPoint","urlTemplate":"https:\/\/peipsikaup.ee\/?s={search_term_string}"},"query-input":{"@type":"PropertyValueSpecification","valueRequired":true,"valueName":"search_term_string"}}],"inLanguage":"ru-RU"},{"@type":"Organization","@id":"https:\/\/peipsikaup.ee\/#organization","name":"\u0422\u043e\u0440\u0433\u043e\u0432\u043b\u044f \u043d\u0430 \u0427\u0443\u0434\u0441\u043a\u043e\u043c \u043e\u0441\u0442\u0440\u043e\u0432\u0435","url":"https:\/\/peipsikaup.ee\/","logo":{"@type":"ImageObject","inLanguage":"ru-RU","@id":"https:\/\/peipsikaup.ee\/#\/schema\/logo\/image\/","url":"https:\/\/peipsikaup.ee\/wp-content\/uploads\/2022\/01\/cropped-Peipsikaup-loho-pisike.png","contentUrl":"https:\/\/peipsikaup.ee\/wp-content\/uploads\/2022\/01\/cropped-Peipsikaup-loho-pisike.png","width":180,"height":60,"caption":"Peipsi kaup"},"image":{"@id":"https:\/\/peipsikaup.ee\/#\/schema\/logo\/image\/"}}]}},"_links":{"self":[{"href":"https:\/\/peipsikaup.ee\/ru\/wp-json\/wp\/v2\/product\/6555","targetHints":{"allow":["GET"]}}],"collection":[{"href":"https:\/\/peipsikaup.ee\/ru\/wp-json\/wp\/v2\/product"}],"about":[{"href":"https:\/\/peipsikaup.ee\/ru\/wp-json\/wp\/v2\/types\/product"}],"replies":[{"embeddable":true,"href":"https:\/\/peipsikaup.ee\/ru\/wp-json\/wp\/v2\/comments?post=6555"}],"wp:featuredmedia":[{"embeddable":true,"href":"https:\/\/peipsikaup.ee\/ru\/wp-json\/wp\/v2\/media\/7943"}],"wp:attachment":[{"href":"https:\/\/peipsikaup.ee\/ru\/wp-json\/wp\/v2\/media?parent=6555"}],"wp:term":[{"taxonomy":"product_brand","embeddable":true,"href":"https:\/\/peipsikaup.ee\/ru\/wp-json\/wp\/v2\/product_brand?post=6555"},{"taxonomy":"product_cat","embeddable":true,"href":"https:\/\/peipsikaup.ee\/ru\/wp-json\/wp\/v2\/product_cat?post=6555"},{"taxonomy":"product_tag","embeddable":true,"href":"https:\/\/peipsikaup.ee\/ru\/wp-json\/wp\/v2\/product_tag?post=6555"}],"curies":[{"name":"wp","href":"https:\/\/api.w.org\/{rel}","templated":true}]}}