{"id":6551,"date":"2022-01-12T08:40:55","date_gmt":"2022-01-12T08:40:55","guid":{"rendered":"https:\/\/peipsikaup.ee\/?post_type=product&#038;p=6551"},"modified":"2025-11-13T09:31:20","modified_gmt":"2025-11-13T09:31:20","slug":"siniste-lillekestega-ripats","status":"publish","type":"product","link":"https:\/\/peipsikaup.ee\/ru\/product\/siniste-lillekestega-ripats\/","title":{"rendered":"Siniste lillekestega ripats"},"content":{"rendered":"<p><b><span class=\"Apple-converted-space\"><strong>Murtud tammepuu t\u00fckist ja epoksiidvaigust k\u00e4sitsi valmistatud ripats. Lihtsa disainiga ripats sobib kandmiseks igap\u00e4evaselt. Epoksiidvaigu sisse lisatud pisikesed kuivatatud sinised lilled, et saaksid Teid kaunistada ka k\u00fclmal talvel.\u00a0<\/strong><\/span><\/b><\/p>\n<p>See kaelakee ripats on valminud k\u00e4sit\u00f6\u00f6na kombineerides looduslikku tammepuitu ja tehislikku epoksiidvaiku. Tammepuu on positiivse energiaga ning eluj\u00f5u ja pikaealisuse s\u00fcmboliks. Puit on murtud hoolikalt, et vaigus tuleksid esile m\u00e4nglevad puukiud.<\/p>\n<p>Ripats on k\u00e4sitsi vormitud ja poleeritud. See pikk protsess muudab pinna siidiselt siledaks ja vaigu t\u00e4iesti l\u00e4bipaistvaks ja l\u00e4ikivaks.<\/p>\n<p>Ripats tuleb koos metallketiga ja on pakitud stiilsesse tumesinisesse karpi.<\/p>\n<p>Kuna ehe on valmistatud k\u00e4sitsi, siis iga ripats on kordumatu ja omap\u00e4rane.<span class=\"Apple-converted-space\">\u00a0 <\/span>Seega, kui soovid endale v\u00f5i heale s\u00f5brale ainulaadset kingitust, on see \u00f5ige valik.<\/p>\n<p>V\u00e4rvid v\u00f5ivad s\u00f5ltuvalt arvutimonitorist ja valgustingimustest veidi erineda.<\/p>\n<p>Hooldus: Vajadusel v\u00f5ite ripatsit puhastada kuiva pehme puuvillase lapiga. Ripats on v\u00e4ga vastupidav ning ei purune isegi siis, kui see peaks maha kukkuma. S\u00e4ra ja l\u00e4bipastvuse s\u00e4ilitamiseks v\u00e4ldi otsest pikaajalist p\u00e4ikesevalgust.<span class=\"Apple-converted-space\">\u00a0<\/span><\/p>\n<p>Materjal: tammepuit, epoksiidvaik<\/p>\n<p>Suurus: k\u00f5rgus 54mm, laius 18mm<\/p>\n<p>Keti pikkus:<span class=\"Apple-converted-space\">\u00a0 <\/span>34cm <em>(Soovi korral saab keti pikkust valida, soovitud pikkusest anda teada tellimuse l\u00f5pus kommentaari kastis)<\/em><\/p>","protected":false},"excerpt":{"rendered":"<p><strong>Murtud tammepuu t\u00fckist ja epoksiidvaigust k\u00e4sitsi valmistatud ripats. Lihtsa disainiga ripats sobib kandmiseks igap\u00e4evaselt kui ka pidulikel s\u00fcndmustel. <\/strong><b>\u0420\u0435\u043c\u0435\u0441\u043b\u0435\u043d\u043d\u0438\u043a <a href=\"https:\/\/peipsikaup.ee\/ru\/meistrid\/eneken-volkov\/\">\u042d\u043d\u0435\u043a\u0435\u043d \u0412\u043e\u043b\u043a\u043e\u0432<\/a>.<\/b><\/p>","protected":false},"featured_media":6474,"comment_status":"open","ping_status":"closed","template":"","meta":{"site-sidebar-layout":"default","site-content-layout":"default","ast-global-header-display":"","ast-main-header-display":"","ast-hfb-above-header-display":"","ast-hfb-below-header-display":"","ast-hfb-mobile-header-display":"","site-post-title":"","ast-breadcrumbs-content":"","ast-featured-img":"","footer-sml-layout":"","theme-transparent-header-meta":"default","adv-header-id-meta":"","stick-header-meta":"default","header-above-stick-meta":"","header-main-stick-meta":"","header-below-stick-meta":""},"product_brand":[],"product_cat":[18,28],"product_tag":[258,264,265,29,25],"class_list":{"0":"post-6551","1":"product","2":"type-product","3":"status-publish","4":"has-post-thumbnail","6":"product_cat-ehted","7":"product_cat-eneken-volkov","8":"product_tag-ehted","9":"product_tag-epoksiid","10":"product_tag-puit","11":"product_tag-ripatsid","12":"product_tag-sinine","13":"desktop-align-left","14":"tablet-align-left","15":"mobile-align-left","17":"first","18":"outofstock","19":"shipping-taxable","20":"purchasable","21":"product-type-simple"},"yoast_head":"<!-- This site is optimized with the Yoast SEO plugin v27.2 - https:\/\/yoast.com\/product\/yoast-seo-wordpress\/ -->\n<title>Siniste lillekestega ripats - Peipsi kaup<\/title>\n<meta name=\"robots\" content=\"index, follow, max-snippet:-1, max-image-preview:large, max-video-preview:-1\" \/>\n<link rel=\"canonical\" href=\"https:\/\/peipsikaup.ee\/ru\/product\/siniste-lillekestega-ripats\/\" \/>\n<meta property=\"og:locale\" content=\"ru_RU\" \/>\n<meta property=\"og:type\" content=\"article\" \/>\n<meta property=\"og:title\" content=\"Siniste lillekestega ripats - Peipsi kaup\" \/>\n<meta property=\"og:description\" content=\"Murtud tammepuu t\u00fckist ja epoksiidvaigust k\u00e4sitsi valmistatud ripats. Lihtsa disainiga ripats sobib kandmiseks igap\u00e4evaselt kui ka pidulikel s\u00fcndmustel. Meister Eneken Volkov.\" \/>\n<meta property=\"og:url\" content=\"https:\/\/peipsikaup.ee\/ru\/product\/siniste-lillekestega-ripats\/\" \/>\n<meta property=\"og:site_name\" content=\"Peipsi kaup\" \/>\n<meta property=\"article:modified_time\" content=\"2025-11-13T09:31:20+00:00\" \/>\n<meta property=\"og:image\" content=\"https:\/\/peipsikaup.ee\/wp-content\/uploads\/2022\/01\/Peipsikaup_Eneken_Volkov_ehted-17.jpg\" \/>\n\t<meta property=\"og:image:width\" content=\"2252\" \/>\n\t<meta property=\"og:image:height\" content=\"2252\" \/>\n\t<meta property=\"og:image:type\" content=\"image\/jpeg\" \/>\n<meta name=\"twitter:card\" content=\"summary_large_image\" \/>\n<meta name=\"twitter:label1\" content=\"\u041f\u0440\u0438\u043c\u0435\u0440\u043d\u043e\u0435 \u0432\u0440\u0435\u043c\u044f \u0434\u043b\u044f \u0447\u0442\u0435\u043d\u0438\u044f\" \/>\n\t<meta name=\"twitter:data1\" content=\"1 \u043c\u0438\u043d\u0443\u0442\u0430\" \/>\n<script type=\"application\/ld+json\" class=\"yoast-schema-graph\">{\"@context\":\"https:\/\/schema.org\",\"@graph\":[{\"@type\":\"WebPage\",\"@id\":\"https:\/\/peipsikaup.ee\/toode\/siniste-lillekestega-ripats\/\",\"url\":\"https:\/\/peipsikaup.ee\/toode\/siniste-lillekestega-ripats\/\",\"name\":\"Siniste lillekestega ripats - Peipsi kaup\",\"isPartOf\":{\"@id\":\"https:\/\/peipsikaup.ee\/#website\"},\"primaryImageOfPage\":{\"@id\":\"https:\/\/peipsikaup.ee\/toode\/siniste-lillekestega-ripats\/#primaryimage\"},\"image\":{\"@id\":\"https:\/\/peipsikaup.ee\/toode\/siniste-lillekestega-ripats\/#primaryimage\"},\"thumbnailUrl\":\"https:\/\/peipsikaup.ee\/wp-content\/uploads\/2022\/01\/Peipsikaup_Eneken_Volkov_ehted-17.jpg\",\"datePublished\":\"2022-01-12T08:40:55+00:00\",\"dateModified\":\"2025-11-13T09:31:20+00:00\",\"breadcrumb\":{\"@id\":\"https:\/\/peipsikaup.ee\/toode\/siniste-lillekestega-ripats\/#breadcrumb\"},\"inLanguage\":\"ru-RU\",\"potentialAction\":[{\"@type\":\"ReadAction\",\"target\":[\"https:\/\/peipsikaup.ee\/toode\/siniste-lillekestega-ripats\/\"]}]},{\"@type\":\"ImageObject\",\"inLanguage\":\"ru-RU\",\"@id\":\"https:\/\/peipsikaup.ee\/toode\/siniste-lillekestega-ripats\/#primaryimage\",\"url\":\"https:\/\/peipsikaup.ee\/wp-content\/uploads\/2022\/01\/Peipsikaup_Eneken_Volkov_ehted-17.jpg\",\"contentUrl\":\"https:\/\/peipsikaup.ee\/wp-content\/uploads\/2022\/01\/Peipsikaup_Eneken_Volkov_ehted-17.jpg\",\"width\":2252,\"height\":2252,\"caption\":\"Peipsikaup_meister_Eneken_Volkov_ehted\"},{\"@type\":\"BreadcrumbList\",\"@id\":\"https:\/\/peipsikaup.ee\/toode\/siniste-lillekestega-ripats\/#breadcrumb\",\"itemListElement\":[{\"@type\":\"ListItem\",\"position\":1,\"name\":\"Home\",\"item\":\"https:\/\/peipsikaup.ee\/\"},{\"@type\":\"ListItem\",\"position\":2,\"name\":\"Pood\",\"item\":\"https:\/\/peipsikaup.ee\/pood\/\"},{\"@type\":\"ListItem\",\"position\":3,\"name\":\"Siniste lillekestega ripats\"}]},{\"@type\":\"WebSite\",\"@id\":\"https:\/\/peipsikaup.ee\/#website\",\"url\":\"https:\/\/peipsikaup.ee\/\",\"name\":\"Peipsi kaup\",\"description\":\"eheda ja isikup\u00e4rase k\u00e4sit\u00f6\u00f6 veebipood\",\"publisher\":{\"@id\":\"https:\/\/peipsikaup.ee\/#organization\"},\"potentialAction\":[{\"@type\":\"SearchAction\",\"target\":{\"@type\":\"EntryPoint\",\"urlTemplate\":\"https:\/\/peipsikaup.ee\/?s={search_term_string}\"},\"query-input\":{\"@type\":\"PropertyValueSpecification\",\"valueRequired\":true,\"valueName\":\"search_term_string\"}}],\"inLanguage\":\"ru-RU\"},{\"@type\":\"Organization\",\"@id\":\"https:\/\/peipsikaup.ee\/#organization\",\"name\":\"Peipsi kaup\",\"url\":\"https:\/\/peipsikaup.ee\/\",\"logo\":{\"@type\":\"ImageObject\",\"inLanguage\":\"ru-RU\",\"@id\":\"https:\/\/peipsikaup.ee\/#\/schema\/logo\/image\/\",\"url\":\"https:\/\/peipsikaup.ee\/wp-content\/uploads\/2022\/01\/cropped-Peipsikaup-loho-pisike.png\",\"contentUrl\":\"https:\/\/peipsikaup.ee\/wp-content\/uploads\/2022\/01\/cropped-Peipsikaup-loho-pisike.png\",\"width\":180,\"height\":60,\"caption\":\"Peipsi kaup\"},\"image\":{\"@id\":\"https:\/\/peipsikaup.ee\/#\/schema\/logo\/image\/\"}}]}<\/script>\n<!-- \/ Yoast SEO plugin. -->","yoast_head_json":{"title":"Siniste lillekestega ripats - Peipsi kaup","robots":{"index":"index","follow":"follow","max-snippet":"max-snippet:-1","max-image-preview":"max-image-preview:large","max-video-preview":"max-video-preview:-1"},"canonical":"https:\/\/peipsikaup.ee\/ru\/product\/siniste-lillekestega-ripats\/","og_locale":"ru_RU","og_type":"article","og_title":"Siniste lillekestega ripats - Peipsi kaup","og_description":"Murtud tammepuu t\u00fckist ja epoksiidvaigust k\u00e4sitsi valmistatud ripats. Lihtsa disainiga ripats sobib kandmiseks igap\u00e4evaselt kui ka pidulikel s\u00fcndmustel. Meister Eneken Volkov.","og_url":"https:\/\/peipsikaup.ee\/ru\/product\/siniste-lillekestega-ripats\/","og_site_name":"Peipsi kaup","article_modified_time":"2025-11-13T09:31:20+00:00","og_image":[{"width":2252,"height":2252,"url":"https:\/\/peipsikaup.ee\/wp-content\/uploads\/2022\/01\/Peipsikaup_Eneken_Volkov_ehted-17.jpg","type":"image\/jpeg"}],"twitter_card":"summary_large_image","twitter_misc":{"\u041f\u0440\u0438\u043c\u0435\u0440\u043d\u043e\u0435 \u0432\u0440\u0435\u043c\u044f \u0434\u043b\u044f \u0447\u0442\u0435\u043d\u0438\u044f":"1 \u043c\u0438\u043d\u0443\u0442\u0430"},"schema":{"@context":"https:\/\/schema.org","@graph":[{"@type":"WebPage","@id":"https:\/\/peipsikaup.ee\/toode\/siniste-lillekestega-ripats\/","url":"https:\/\/peipsikaup.ee\/toode\/siniste-lillekestega-ripats\/","name":"Siniste lillekestega ripats - Peipsi kaup","isPartOf":{"@id":"https:\/\/peipsikaup.ee\/#website"},"primaryImageOfPage":{"@id":"https:\/\/peipsikaup.ee\/toode\/siniste-lillekestega-ripats\/#primaryimage"},"image":{"@id":"https:\/\/peipsikaup.ee\/toode\/siniste-lillekestega-ripats\/#primaryimage"},"thumbnailUrl":"https:\/\/peipsikaup.ee\/wp-content\/uploads\/2022\/01\/Peipsikaup_Eneken_Volkov_ehted-17.jpg","datePublished":"2022-01-12T08:40:55+00:00","dateModified":"2025-11-13T09:31:20+00:00","breadcrumb":{"@id":"https:\/\/peipsikaup.ee\/toode\/siniste-lillekestega-ripats\/#breadcrumb"},"inLanguage":"ru-RU","potentialAction":[{"@type":"ReadAction","target":["https:\/\/peipsikaup.ee\/toode\/siniste-lillekestega-ripats\/"]}]},{"@type":"ImageObject","inLanguage":"ru-RU","@id":"https:\/\/peipsikaup.ee\/toode\/siniste-lillekestega-ripats\/#primaryimage","url":"https:\/\/peipsikaup.ee\/wp-content\/uploads\/2022\/01\/Peipsikaup_Eneken_Volkov_ehted-17.jpg","contentUrl":"https:\/\/peipsikaup.ee\/wp-content\/uploads\/2022\/01\/Peipsikaup_Eneken_Volkov_ehted-17.jpg","width":2252,"height":2252,"caption":"Peipsikaup_meister_Eneken_Volkov_ehted"},{"@type":"BreadcrumbList","@id":"https:\/\/peipsikaup.ee\/toode\/siniste-lillekestega-ripats\/#breadcrumb","itemListElement":[{"@type":"ListItem","position":1,"name":"Home","item":"https:\/\/peipsikaup.ee\/"},{"@type":"ListItem","position":2,"name":"Pood","item":"https:\/\/peipsikaup.ee\/pood\/"},{"@type":"ListItem","position":3,"name":"Siniste lillekestega ripats"}]},{"@type":"WebSite","@id":"https:\/\/peipsikaup.ee\/#website","url":"https:\/\/peipsikaup.ee\/","name":"\u0422\u043e\u0440\u0433\u043e\u0432\u043b\u044f \u043d\u0430 \u0427\u0443\u0434\u0441\u043a\u043e\u043c \u043e\u0441\u0442\u0440\u043e\u0432\u0435","description":"eheda ja isikup\u00e4rase k\u00e4sit\u00f6\u00f6 veebipood","publisher":{"@id":"https:\/\/peipsikaup.ee\/#organization"},"potentialAction":[{"@type":"SearchAction","target":{"@type":"EntryPoint","urlTemplate":"https:\/\/peipsikaup.ee\/?s={search_term_string}"},"query-input":{"@type":"PropertyValueSpecification","valueRequired":true,"valueName":"search_term_string"}}],"inLanguage":"ru-RU"},{"@type":"Organization","@id":"https:\/\/peipsikaup.ee\/#organization","name":"\u0422\u043e\u0440\u0433\u043e\u0432\u043b\u044f \u043d\u0430 \u0427\u0443\u0434\u0441\u043a\u043e\u043c \u043e\u0441\u0442\u0440\u043e\u0432\u0435","url":"https:\/\/peipsikaup.ee\/","logo":{"@type":"ImageObject","inLanguage":"ru-RU","@id":"https:\/\/peipsikaup.ee\/#\/schema\/logo\/image\/","url":"https:\/\/peipsikaup.ee\/wp-content\/uploads\/2022\/01\/cropped-Peipsikaup-loho-pisike.png","contentUrl":"https:\/\/peipsikaup.ee\/wp-content\/uploads\/2022\/01\/cropped-Peipsikaup-loho-pisike.png","width":180,"height":60,"caption":"Peipsi kaup"},"image":{"@id":"https:\/\/peipsikaup.ee\/#\/schema\/logo\/image\/"}}]}},"_links":{"self":[{"href":"https:\/\/peipsikaup.ee\/ru\/wp-json\/wp\/v2\/product\/6551","targetHints":{"allow":["GET"]}}],"collection":[{"href":"https:\/\/peipsikaup.ee\/ru\/wp-json\/wp\/v2\/product"}],"about":[{"href":"https:\/\/peipsikaup.ee\/ru\/wp-json\/wp\/v2\/types\/product"}],"replies":[{"embeddable":true,"href":"https:\/\/peipsikaup.ee\/ru\/wp-json\/wp\/v2\/comments?post=6551"}],"wp:featuredmedia":[{"embeddable":true,"href":"https:\/\/peipsikaup.ee\/ru\/wp-json\/wp\/v2\/media\/6474"}],"wp:attachment":[{"href":"https:\/\/peipsikaup.ee\/ru\/wp-json\/wp\/v2\/media?parent=6551"}],"wp:term":[{"taxonomy":"product_brand","embeddable":true,"href":"https:\/\/peipsikaup.ee\/ru\/wp-json\/wp\/v2\/product_brand?post=6551"},{"taxonomy":"product_cat","embeddable":true,"href":"https:\/\/peipsikaup.ee\/ru\/wp-json\/wp\/v2\/product_cat?post=6551"},{"taxonomy":"product_tag","embeddable":true,"href":"https:\/\/peipsikaup.ee\/ru\/wp-json\/wp\/v2\/product_tag?post=6551"}],"curies":[{"name":"wp","href":"https:\/\/api.w.org\/{rel}","templated":true}]}}