{"id":6289,"date":"2021-12-28T07:26:16","date_gmt":"2021-12-28T07:26:16","guid":{"rendered":"https:\/\/peipsikaup.ee\/?post_type=product&#038;p=6289"},"modified":"2025-01-14T11:26:49","modified_gmt":"2025-01-14T11:26:49","slug":"linnu-ja-taimemotiiviga-ahjupott","status":"publish","type":"product","link":"https:\/\/peipsikaup.ee\/ru\/product\/linnu-ja-taimemotiiviga-ahjupott\/","title":{"rendered":"Linnu- ja taimemotiiviga ahjupott"},"content":{"rendered":"<div class=\"page\" title=\"Page 3\">\n<div class=\"layoutArea\">\n<div class=\"column\">\n<p><strong>Graveeritud taime- ja linnumotiiviga ahjupott. L\u00e4bim\u00f5\u00f5t 21,5 cm, k\u00f5rgus 13 cm, mahutavus 2,2l.<\/strong><\/p>\n<p>Linnu- ja taimemotiiviga ahjupott on inspireeritud Peipsimaa kohaliku k\u00f6\u00f6gi praktilistest vajadustest. 21,5-sentimeetrilise l\u00e4bim\u00f5\u00f5duga potti mahub nii kartulid kui ka t\u00fckike liha. Kaunis muster loob meeleolu, et asetada see keset pidulauda.<\/p>\n<p>\u0421\u0438\u043d\u0438\u0439 \u0446\u0432\u0435\u0442 \u043f\u043e\u0434\u0447\u0435\u0440\u043a\u0438\u0432\u0430\u0435\u0442 \u043c\u0435\u0441\u0442\u043d\u044b\u0439 \u0445\u0430\u0440\u0430\u043a\u0442\u0435\u0440, \u043d\u0430 \u043a\u043e\u0442\u043e\u0440\u044b\u0439 \u043f\u043e\u0432\u043b\u0438\u044f\u043b\u0438 \u043a\u0430\u043a \u0431\u043b\u0438\u0437\u043e\u0441\u0442\u044c \u043e\u0434\u043d\u043e\u0433\u043e \u0438\u0437 \u043a\u0440\u0443\u043f\u043d\u0435\u0439\u0448\u0438\u0445 \u0432\u043e\u0434\u043e\u0435\u043c\u043e\u0432 \u0415\u0432\u0440\u043e\u043f\u044b, \u0442\u0430\u043a \u0438 \u0441\u043e\u0441\u0435\u0434\u0441\u0442\u0432\u043e \u0441 \u043f\u0440\u0438\u0433\u0440\u0430\u043d\u0438\u0447\u043d\u044b\u043c\u0438 \u043a\u0443\u043b\u044c\u0442\u0443\u0440\u0430\u043c\u0438, \u0438\u043c\u0435\u044e\u0449\u0438\u043c\u0438 \u0441\u043b\u0430\u0432\u044f\u043d\u0441\u043a\u0438\u0435 \u043a\u043e\u0440\u043d\u0438. \u0421\u0438\u043d\u0438\u0439 \u0446\u0432\u0435\u0442 \u0427\u0443\u0433\u043e\u0432\u043e\u0433\u043e \u043e\u0437\u0435\u0440\u0430 \u043e\u0442\u043b\u0438\u0447\u0430\u0435\u0442\u0441\u044f \u043e\u0442 \u0431\u043e\u043b\u0435\u0435 \u0441\u043f\u043e\u043a\u043e\u0439\u043d\u043e\u0433\u043e \u0441\u043a\u0430\u043d\u0434\u0438\u043d\u0430\u0432\u0441\u043a\u043e\u0433\u043e \u0441\u0438\u043d\u0435\u0433\u043e \u0441\u0432\u043e\u0438\u043c \u0441\u0438\u043b\u044c\u043d\u044b\u043c \u0445\u0430\u0440\u0430\u043a\u0442\u0435\u0440\u043e\u043c, \u043e\u0431\u0443\u0441\u043b\u043e\u0432\u043b\u0435\u043d\u043d\u044b\u043c \u0433\u0435\u043e\u0433\u0440\u0430\u0444\u0438\u0447\u0435\u0441\u043a\u043e\u0439 \u0438 \u043a\u0443\u043b\u044c\u0442\u0443\u0440\u043d\u043e\u0439 \u043f\u0440\u0438\u0433\u0440\u0430\u043d\u0438\u0447\u043d\u043e\u0441\u0442\u044c\u044e.<\/p>\n<p>Ahjupoti mustril on kujutatud kolme lille ja nende vahele j\u00e4\u00e4vad linnud, kes r\u00e4ndavad erinevate maade ja maailmate vahel. Nad tulevad ja l\u00e4hevad, \u00a0justkui s\u00f5numitoojad, kuulutades ette uute perioodide ja s\u00fcndmuste saabumist. Maalitud linnu- ja taimemotiiviga ahjupott on v\u00e4\u00e4rikas nii igap\u00e4evakasutuses kui m\u00e4rkimaks aastaringi suuremaid t\u00e4hts\u00fcndmusi.<\/p>\n<p>Ahjupott on valmistatud naturaalvalgest k\u00f5rgkuumussavist, kaetud tumesinise angoobikihiga ja graveeritud sisse taime- ja linnumustriga. Aktsendiks on lisatud pisut punast.<\/p>\n<p>\u041f\u043e\u0441\u043a\u043e\u043b\u044c\u043a\u0443 \u0443\u0437\u043e\u0440 \u043d\u0430 \u043a\u0430\u0436\u0434\u043e\u043c \u0438\u0437\u0434\u0435\u043b\u0438\u0438 \u043d\u0430\u043d\u043e\u0441\u0438\u0442\u0441\u044f \u0432\u0440\u0443\u0447\u043d\u0443\u044e \u0431\u0435\u0437 \u0438\u0441\u043f\u043e\u043b\u044c\u0437\u043e\u0432\u0430\u043d\u0438\u044f \u0448\u0430\u0431\u043b\u043e\u043d\u043e\u0432, \u0443\u0437\u043e\u0440 \u0438 \u043d\u0430\u0441\u044b\u0449\u0435\u043d\u043d\u043e\u0441\u0442\u044c \u0446\u0432\u0435\u0442\u0430 \u043d\u0430 \u0438\u0437\u0434\u0435\u043b\u0438\u044f\u0445 \u043c\u043e\u0433\u0443\u0442 \u043d\u0435\u043c\u043d\u043e\u0433\u043e \u043e\u0442\u043b\u0438\u0447\u0430\u0442\u044c\u0441\u044f.<\/p>\n<p>Selline ahjupott on praktiline igas kodus. V\u00f5ib kasutada nii praeahjus kui ka puuahjus. K\u00f5rgkuumusp\u00f5letus tagab esemele vastupidavuse igap\u00e4evakasutuses.<\/p>\n<p>\u0418\u0437\u0434\u0435\u043b\u0438\u0435 \u043c\u043e\u0436\u043d\u043e \u043c\u044b\u0442\u044c \u0432 \u043f\u043e\u0441\u0443\u0434\u043e\u043c\u043e\u0435\u0447\u043d\u043e\u0439 \u043c\u0430\u0448\u0438\u043d\u0435.<\/p>\n<\/div>\n<\/div>\n<\/div>","protected":false},"excerpt":{"rendered":"<p><strong>Erilise k\u00e4sit\u00f6\u00f6tehnikaga kujundatud graveeritud taime- ja linnumotiiviga ahjupott. Selline pott on praktiline igas kodus. V\u00f5ib kasutada nii kartulite, liha kui ka kapsaste k\u00fcpsetamiseks. L\u00e4bim\u00f5\u00f5t 21,5 cm, k\u00f5rgus 13 cm, mahutavus 2,2l. Meister <a href=\"https:\/\/peipsikaup.ee\/ru\/meistrid\/helemall-maask\/\">\u0425\u0435\u043b\u0435\u043c\u0430\u043b\u043b \u041c\u0430\u0430\u0441\u043a<\/a>.<\/strong><\/p>","protected":false},"featured_media":6314,"comment_status":"open","ping_status":"closed","template":"","meta":{"site-sidebar-layout":"default","site-content-layout":"default","ast-global-header-display":"","ast-main-header-display":"","ast-hfb-above-header-display":"","ast-hfb-below-header-display":"","ast-hfb-mobile-header-display":"","site-post-title":"","ast-breadcrumbs-content":"","ast-featured-img":"","footer-sml-layout":"","theme-transparent-header-meta":"default","adv-header-id-meta":"","stick-header-meta":"default","header-above-stick-meta":"","header-main-stick-meta":"","header-below-stick-meta":""},"product_brand":[],"product_cat":[23,16],"product_tag":[262,26,27,25],"class_list":{"0":"post-6289","1":"product","2":"type-product","3":"status-publish","4":"has-post-thumbnail","6":"product_cat-helemall-maask","7":"product_cat-keraamika","8":"product_tag-ahjupott","9":"product_tag-linnud","10":"product_tag-noud","11":"product_tag-sinine","12":"desktop-align-left","13":"tablet-align-left","14":"mobile-align-left","16":"first","17":"outofstock","18":"shipping-taxable","19":"purchasable","20":"product-type-simple"},"yoast_head":"<!-- This site is optimized with the Yoast SEO plugin v27.2 - https:\/\/yoast.com\/product\/yoast-seo-wordpress\/ -->\n<title>Linnu- ja taimemotiiviga ahjupott - Peipsi kaup<\/title>\n<meta name=\"robots\" content=\"index, follow, max-snippet:-1, max-image-preview:large, max-video-preview:-1\" \/>\n<link rel=\"canonical\" href=\"https:\/\/peipsikaup.ee\/ru\/product\/linnu-ja-taimemotiiviga-ahjupott\/\" \/>\n<meta property=\"og:locale\" content=\"ru_RU\" \/>\n<meta property=\"og:type\" content=\"article\" \/>\n<meta property=\"og:title\" content=\"Linnu- ja taimemotiiviga ahjupott - Peipsi kaup\" \/>\n<meta property=\"og:description\" content=\"Erilise k\u00e4sit\u00f6\u00f6tehnikaga kujundatud graveeritud taime- ja linnumotiiviga ahjupott. Selline pott on praktiline igas kodus. V\u00f5ib kasutada nii kartulite, liha kui ka kapsaste k\u00fcpsetamiseks. L\u00e4bim\u00f5\u00f5t 21,5 cm, k\u00f5rgus 13 cm, mahutavus 2,2l. Meister Helemall Maask.\" \/>\n<meta property=\"og:url\" content=\"https:\/\/peipsikaup.ee\/ru\/product\/linnu-ja-taimemotiiviga-ahjupott\/\" \/>\n<meta property=\"og:site_name\" content=\"Peipsi kaup\" \/>\n<meta property=\"article:modified_time\" content=\"2025-01-14T11:26:49+00:00\" \/>\n<meta property=\"og:image\" content=\"https:\/\/peipsikaup.ee\/wp-content\/uploads\/2022\/01\/Peipsikaup_meister_Helemall_Maask_keraamika_pott-3.jpg\" \/>\n\t<meta property=\"og:image:width\" content=\"1000\" \/>\n\t<meta property=\"og:image:height\" content=\"1000\" \/>\n\t<meta property=\"og:image:type\" content=\"image\/jpeg\" \/>\n<meta name=\"twitter:card\" content=\"summary_large_image\" \/>\n<meta name=\"twitter:label1\" content=\"\u041f\u0440\u0438\u043c\u0435\u0440\u043d\u043e\u0435 \u0432\u0440\u0435\u043c\u044f \u0434\u043b\u044f \u0447\u0442\u0435\u043d\u0438\u044f\" \/>\n\t<meta name=\"twitter:data1\" content=\"2 \u043c\u0438\u043d\u0443\u0442\u044b\" \/>\n<script type=\"application\/ld+json\" class=\"yoast-schema-graph\">{\"@context\":\"https:\/\/schema.org\",\"@graph\":[{\"@type\":\"WebPage\",\"@id\":\"https:\/\/peipsikaup.ee\/toode\/linnu-ja-taimemotiiviga-ahjupott\/\",\"url\":\"https:\/\/peipsikaup.ee\/toode\/linnu-ja-taimemotiiviga-ahjupott\/\",\"name\":\"Linnu- ja taimemotiiviga ahjupott - Peipsi kaup\",\"isPartOf\":{\"@id\":\"https:\/\/peipsikaup.ee\/#website\"},\"primaryImageOfPage\":{\"@id\":\"https:\/\/peipsikaup.ee\/toode\/linnu-ja-taimemotiiviga-ahjupott\/#primaryimage\"},\"image\":{\"@id\":\"https:\/\/peipsikaup.ee\/toode\/linnu-ja-taimemotiiviga-ahjupott\/#primaryimage\"},\"thumbnailUrl\":\"https:\/\/peipsikaup.ee\/wp-content\/uploads\/2022\/01\/Peipsikaup_meister_Helemall_Maask_keraamika_pott-3.jpg\",\"datePublished\":\"2021-12-28T07:26:16+00:00\",\"dateModified\":\"2025-01-14T11:26:49+00:00\",\"breadcrumb\":{\"@id\":\"https:\/\/peipsikaup.ee\/toode\/linnu-ja-taimemotiiviga-ahjupott\/#breadcrumb\"},\"inLanguage\":\"ru-RU\",\"potentialAction\":[{\"@type\":\"ReadAction\",\"target\":[\"https:\/\/peipsikaup.ee\/toode\/linnu-ja-taimemotiiviga-ahjupott\/\"]}]},{\"@type\":\"ImageObject\",\"inLanguage\":\"ru-RU\",\"@id\":\"https:\/\/peipsikaup.ee\/toode\/linnu-ja-taimemotiiviga-ahjupott\/#primaryimage\",\"url\":\"https:\/\/peipsikaup.ee\/wp-content\/uploads\/2022\/01\/Peipsikaup_meister_Helemall_Maask_keraamika_pott-3.jpg\",\"contentUrl\":\"https:\/\/peipsikaup.ee\/wp-content\/uploads\/2022\/01\/Peipsikaup_meister_Helemall_Maask_keraamika_pott-3.jpg\",\"width\":1000,\"height\":1000,\"caption\":\"Peipsikaup meister Helemall Maask keraamika pott\"},{\"@type\":\"BreadcrumbList\",\"@id\":\"https:\/\/peipsikaup.ee\/toode\/linnu-ja-taimemotiiviga-ahjupott\/#breadcrumb\",\"itemListElement\":[{\"@type\":\"ListItem\",\"position\":1,\"name\":\"Home\",\"item\":\"https:\/\/peipsikaup.ee\/\"},{\"@type\":\"ListItem\",\"position\":2,\"name\":\"Pood\",\"item\":\"https:\/\/peipsikaup.ee\/pood\/\"},{\"@type\":\"ListItem\",\"position\":3,\"name\":\"Linnu- ja taimemotiiviga ahjupott\"}]},{\"@type\":\"WebSite\",\"@id\":\"https:\/\/peipsikaup.ee\/#website\",\"url\":\"https:\/\/peipsikaup.ee\/\",\"name\":\"Peipsi kaup\",\"description\":\"eheda ja isikup\u00e4rase k\u00e4sit\u00f6\u00f6 veebipood\",\"publisher\":{\"@id\":\"https:\/\/peipsikaup.ee\/#organization\"},\"potentialAction\":[{\"@type\":\"SearchAction\",\"target\":{\"@type\":\"EntryPoint\",\"urlTemplate\":\"https:\/\/peipsikaup.ee\/?s={search_term_string}\"},\"query-input\":{\"@type\":\"PropertyValueSpecification\",\"valueRequired\":true,\"valueName\":\"search_term_string\"}}],\"inLanguage\":\"ru-RU\"},{\"@type\":\"Organization\",\"@id\":\"https:\/\/peipsikaup.ee\/#organization\",\"name\":\"Peipsi kaup\",\"url\":\"https:\/\/peipsikaup.ee\/\",\"logo\":{\"@type\":\"ImageObject\",\"inLanguage\":\"ru-RU\",\"@id\":\"https:\/\/peipsikaup.ee\/#\/schema\/logo\/image\/\",\"url\":\"https:\/\/peipsikaup.ee\/wp-content\/uploads\/2026\/04\/cropped-ChatGPT-Image-Apr-24-2026-02_54_59-PM.png\",\"contentUrl\":\"https:\/\/peipsikaup.ee\/wp-content\/uploads\/2026\/04\/cropped-ChatGPT-Image-Apr-24-2026-02_54_59-PM.png\",\"width\":1946,\"height\":325,\"caption\":\"Peipsi kaup\"},\"image\":{\"@id\":\"https:\/\/peipsikaup.ee\/#\/schema\/logo\/image\/\"}}]}<\/script>\n<!-- \/ Yoast SEO plugin. -->","yoast_head_json":{"title":"Linnu- ja taimemotiiviga ahjupott - Peipsi kaup","robots":{"index":"index","follow":"follow","max-snippet":"max-snippet:-1","max-image-preview":"max-image-preview:large","max-video-preview":"max-video-preview:-1"},"canonical":"https:\/\/peipsikaup.ee\/ru\/product\/linnu-ja-taimemotiiviga-ahjupott\/","og_locale":"ru_RU","og_type":"article","og_title":"Linnu- ja taimemotiiviga ahjupott - Peipsi kaup","og_description":"Erilise k\u00e4sit\u00f6\u00f6tehnikaga kujundatud graveeritud taime- ja linnumotiiviga ahjupott. Selline pott on praktiline igas kodus. V\u00f5ib kasutada nii kartulite, liha kui ka kapsaste k\u00fcpsetamiseks. L\u00e4bim\u00f5\u00f5t 21,5 cm, k\u00f5rgus 13 cm, mahutavus 2,2l. Meister Helemall Maask.","og_url":"https:\/\/peipsikaup.ee\/ru\/product\/linnu-ja-taimemotiiviga-ahjupott\/","og_site_name":"Peipsi kaup","article_modified_time":"2025-01-14T11:26:49+00:00","og_image":[{"width":1000,"height":1000,"url":"https:\/\/peipsikaup.ee\/wp-content\/uploads\/2022\/01\/Peipsikaup_meister_Helemall_Maask_keraamika_pott-3.jpg","type":"image\/jpeg"}],"twitter_card":"summary_large_image","twitter_misc":{"\u041f\u0440\u0438\u043c\u0435\u0440\u043d\u043e\u0435 \u0432\u0440\u0435\u043c\u044f \u0434\u043b\u044f \u0447\u0442\u0435\u043d\u0438\u044f":"2 \u043c\u0438\u043d\u0443\u0442\u044b"},"schema":{"@context":"https:\/\/schema.org","@graph":[{"@type":"WebPage","@id":"https:\/\/peipsikaup.ee\/toode\/linnu-ja-taimemotiiviga-ahjupott\/","url":"https:\/\/peipsikaup.ee\/toode\/linnu-ja-taimemotiiviga-ahjupott\/","name":"Linnu- ja taimemotiiviga ahjupott - Peipsi kaup","isPartOf":{"@id":"https:\/\/peipsikaup.ee\/#website"},"primaryImageOfPage":{"@id":"https:\/\/peipsikaup.ee\/toode\/linnu-ja-taimemotiiviga-ahjupott\/#primaryimage"},"image":{"@id":"https:\/\/peipsikaup.ee\/toode\/linnu-ja-taimemotiiviga-ahjupott\/#primaryimage"},"thumbnailUrl":"https:\/\/peipsikaup.ee\/wp-content\/uploads\/2022\/01\/Peipsikaup_meister_Helemall_Maask_keraamika_pott-3.jpg","datePublished":"2021-12-28T07:26:16+00:00","dateModified":"2025-01-14T11:26:49+00:00","breadcrumb":{"@id":"https:\/\/peipsikaup.ee\/toode\/linnu-ja-taimemotiiviga-ahjupott\/#breadcrumb"},"inLanguage":"ru-RU","potentialAction":[{"@type":"ReadAction","target":["https:\/\/peipsikaup.ee\/toode\/linnu-ja-taimemotiiviga-ahjupott\/"]}]},{"@type":"ImageObject","inLanguage":"ru-RU","@id":"https:\/\/peipsikaup.ee\/toode\/linnu-ja-taimemotiiviga-ahjupott\/#primaryimage","url":"https:\/\/peipsikaup.ee\/wp-content\/uploads\/2022\/01\/Peipsikaup_meister_Helemall_Maask_keraamika_pott-3.jpg","contentUrl":"https:\/\/peipsikaup.ee\/wp-content\/uploads\/2022\/01\/Peipsikaup_meister_Helemall_Maask_keraamika_pott-3.jpg","width":1000,"height":1000,"caption":"Peipsikaup meister Helemall Maask keraamika pott"},{"@type":"BreadcrumbList","@id":"https:\/\/peipsikaup.ee\/toode\/linnu-ja-taimemotiiviga-ahjupott\/#breadcrumb","itemListElement":[{"@type":"ListItem","position":1,"name":"Home","item":"https:\/\/peipsikaup.ee\/"},{"@type":"ListItem","position":2,"name":"Pood","item":"https:\/\/peipsikaup.ee\/pood\/"},{"@type":"ListItem","position":3,"name":"Linnu- ja taimemotiiviga ahjupott"}]},{"@type":"WebSite","@id":"https:\/\/peipsikaup.ee\/#website","url":"https:\/\/peipsikaup.ee\/","name":"\u0422\u043e\u0440\u0433\u043e\u0432\u043b\u044f \u043d\u0430 \u0427\u0443\u0434\u0441\u043a\u043e\u043c \u043e\u0441\u0442\u0440\u043e\u0432\u0435","description":"eheda ja isikup\u00e4rase k\u00e4sit\u00f6\u00f6 veebipood","publisher":{"@id":"https:\/\/peipsikaup.ee\/#organization"},"potentialAction":[{"@type":"SearchAction","target":{"@type":"EntryPoint","urlTemplate":"https:\/\/peipsikaup.ee\/?s={search_term_string}"},"query-input":{"@type":"PropertyValueSpecification","valueRequired":true,"valueName":"search_term_string"}}],"inLanguage":"ru-RU"},{"@type":"Organization","@id":"https:\/\/peipsikaup.ee\/#organization","name":"\u0422\u043e\u0440\u0433\u043e\u0432\u043b\u044f \u043d\u0430 \u0427\u0443\u0434\u0441\u043a\u043e\u043c \u043e\u0441\u0442\u0440\u043e\u0432\u0435","url":"https:\/\/peipsikaup.ee\/","logo":{"@type":"ImageObject","inLanguage":"ru-RU","@id":"https:\/\/peipsikaup.ee\/#\/schema\/logo\/image\/","url":"https:\/\/peipsikaup.ee\/wp-content\/uploads\/2026\/04\/cropped-ChatGPT-Image-Apr-24-2026-02_54_59-PM.png","contentUrl":"https:\/\/peipsikaup.ee\/wp-content\/uploads\/2026\/04\/cropped-ChatGPT-Image-Apr-24-2026-02_54_59-PM.png","width":1946,"height":325,"caption":"Peipsi kaup"},"image":{"@id":"https:\/\/peipsikaup.ee\/#\/schema\/logo\/image\/"}}]}},"_links":{"self":[{"href":"https:\/\/peipsikaup.ee\/ru\/wp-json\/wp\/v2\/product\/6289","targetHints":{"allow":["GET"]}}],"collection":[{"href":"https:\/\/peipsikaup.ee\/ru\/wp-json\/wp\/v2\/product"}],"about":[{"href":"https:\/\/peipsikaup.ee\/ru\/wp-json\/wp\/v2\/types\/product"}],"replies":[{"embeddable":true,"href":"https:\/\/peipsikaup.ee\/ru\/wp-json\/wp\/v2\/comments?post=6289"}],"wp:featuredmedia":[{"embeddable":true,"href":"https:\/\/peipsikaup.ee\/ru\/wp-json\/wp\/v2\/media\/6314"}],"wp:attachment":[{"href":"https:\/\/peipsikaup.ee\/ru\/wp-json\/wp\/v2\/media?parent=6289"}],"wp:term":[{"taxonomy":"product_brand","embeddable":true,"href":"https:\/\/peipsikaup.ee\/ru\/wp-json\/wp\/v2\/product_brand?post=6289"},{"taxonomy":"product_cat","embeddable":true,"href":"https:\/\/peipsikaup.ee\/ru\/wp-json\/wp\/v2\/product_cat?post=6289"},{"taxonomy":"product_tag","embeddable":true,"href":"https:\/\/peipsikaup.ee\/ru\/wp-json\/wp\/v2\/product_tag?post=6289"}],"curies":[{"name":"wp","href":"https:\/\/api.w.org\/{rel}","templated":true}]}}