{"id":6285,"date":"2021-12-28T06:45:53","date_gmt":"2021-12-28T06:45:53","guid":{"rendered":"https:\/\/peipsikaup.ee\/?post_type=product&#038;p=6285"},"modified":"2025-01-22T09:37:43","modified_gmt":"2025-01-22T09:37:43","slug":"taimemotiiviga-toos-punase-aktsendiga","status":"publish","type":"product","link":"https:\/\/peipsikaup.ee\/ru\/product\/taimemotiiviga-toos-punase-aktsendiga\/","title":{"rendered":"Taimemotiiviga toos punase aktsendiga"},"content":{"rendered":"<div class=\"page\" title=\"Page 3\">\n<div class=\"layoutArea\">\n<div class=\"column\">\n<p><strong>Graveeritud taimemotiiviga v\u00e4ike toos kaanega. L\u00e4bim\u00f5\u00f5t 11 cm, k\u00f5rgus 13 cm, mahutavus 600ml.<\/strong><\/p>\n<p>Taimemotiiviga toos on inspireeritud Peipsimaa kohaliku k\u00f6\u00f6gi praktilistest vajadustest. 600ml mahutavusega mahub sinna p\u00e4ris palju headust. Selline k\u00e4sit\u00f6\u00f6 toos teenib v\u00e4\u00e4rikalt suhkru- v\u00f5i siis soolatoosina. Kaunis muster loob meeleolu, et asetada keset lauda k\u00f5igi silmade alla.<\/p>\n<p>\u0421\u0438\u043d\u0438\u0439 \u0446\u0432\u0435\u0442 \u043f\u043e\u0434\u0447\u0435\u0440\u043a\u0438\u0432\u0430\u0435\u0442 \u043c\u0435\u0441\u0442\u043d\u044b\u0439 \u0445\u0430\u0440\u0430\u043a\u0442\u0435\u0440, \u043d\u0430 \u043a\u043e\u0442\u043e\u0440\u044b\u0439 \u043f\u043e\u0432\u043b\u0438\u044f\u043b\u0438 \u043a\u0430\u043a \u0431\u043b\u0438\u0437\u043e\u0441\u0442\u044c \u043e\u0434\u043d\u043e\u0433\u043e \u0438\u0437 \u043a\u0440\u0443\u043f\u043d\u0435\u0439\u0448\u0438\u0445 \u0432\u043e\u0434\u043e\u0435\u043c\u043e\u0432 \u0415\u0432\u0440\u043e\u043f\u044b, \u0442\u0430\u043a \u0438 \u0441\u043e\u0441\u0435\u0434\u0441\u0442\u0432\u043e \u0441 \u043f\u0440\u0438\u0433\u0440\u0430\u043d\u0438\u0447\u043d\u044b\u043c\u0438 \u043a\u0443\u043b\u044c\u0442\u0443\u0440\u0430\u043c\u0438, \u0438\u043c\u0435\u044e\u0449\u0438\u043c\u0438 \u0441\u043b\u0430\u0432\u044f\u043d\u0441\u043a\u0438\u0435 \u043a\u043e\u0440\u043d\u0438. \u0421\u0438\u043d\u0438\u0439 \u0446\u0432\u0435\u0442 \u0427\u0443\u0433\u043e\u0432\u043e\u0433\u043e \u043e\u0437\u0435\u0440\u0430 \u043e\u0442\u043b\u0438\u0447\u0430\u0435\u0442\u0441\u044f \u043e\u0442 \u0431\u043e\u043b\u0435\u0435 \u0441\u043f\u043e\u043a\u043e\u0439\u043d\u043e\u0433\u043e \u0441\u043a\u0430\u043d\u0434\u0438\u043d\u0430\u0432\u0441\u043a\u043e\u0433\u043e \u0441\u0438\u043d\u0435\u0433\u043e \u0441\u0432\u043e\u0438\u043c \u0441\u0438\u043b\u044c\u043d\u044b\u043c \u0445\u0430\u0440\u0430\u043a\u0442\u0435\u0440\u043e\u043c, \u043e\u0431\u0443\u0441\u043b\u043e\u0432\u043b\u0435\u043d\u043d\u044b\u043c \u0433\u0435\u043e\u0433\u0440\u0430\u0444\u0438\u0447\u0435\u0441\u043a\u043e\u0439 \u0438 \u043a\u0443\u043b\u044c\u0442\u0443\u0440\u043d\u043e\u0439 \u043f\u0440\u0438\u0433\u0440\u0430\u043d\u0438\u0447\u043d\u043e\u0441\u0442\u044c\u044e.<\/p>\n<p>V\u00e4ikese sinise toosi mustril on kujutatud kolme lille ja punaseid marju, ning on v\u00e4\u00e4rikas nii igap\u00e4evakasutuses kui m\u00e4rkimaks aastaringi suuremaid t\u00e4hts\u00fcndmusi. Sobib komplekti linnu- ja taimemotiiviga tootesarjaga.<\/p>\n<p>V\u00e4ike kaanega toos on valmistatud naturaalvalgest k\u00f5rgkuumussavist, kaetud tumesinise angoobikihiga ja graveeritud sisse taimemustriga. Aktsendiks on lisatud pisut punast.<\/p>\n<p>\u041f\u043e\u0441\u043a\u043e\u043b\u044c\u043a\u0443 \u0443\u0437\u043e\u0440 \u043d\u0430 \u043a\u0430\u0436\u0434\u043e\u043c \u0438\u0437\u0434\u0435\u043b\u0438\u0438 \u043d\u0430\u043d\u043e\u0441\u0438\u0442\u0441\u044f \u0432\u0440\u0443\u0447\u043d\u0443\u044e \u0431\u0435\u0437 \u0438\u0441\u043f\u043e\u043b\u044c\u0437\u043e\u0432\u0430\u043d\u0438\u044f \u0448\u0430\u0431\u043b\u043e\u043d\u043e\u0432, \u0443\u0437\u043e\u0440 \u0438 \u043d\u0430\u0441\u044b\u0449\u0435\u043d\u043d\u043e\u0441\u0442\u044c \u0446\u0432\u0435\u0442\u0430 \u043d\u0430 \u0438\u0437\u0434\u0435\u043b\u0438\u044f\u0445 \u043c\u043e\u0433\u0443\u0442 \u043d\u0435\u043c\u043d\u043e\u0433\u043e \u043e\u0442\u043b\u0438\u0447\u0430\u0442\u044c\u0441\u044f.<\/p>\n<p>Selline toos on praktiline igas kodus. V\u00f5ib kasutada nii suhkru-, soolatoosina kui ka m\u00f5ne muu maitseaine toosina. K\u00f5rgkuumusp\u00f5letus tagab esemele vastupidavuse igap\u00e4evakasutuses.<\/p>\n<p>\u0418\u0437\u0434\u0435\u043b\u0438\u0435 \u043c\u043e\u0436\u043d\u043e \u043c\u044b\u0442\u044c \u0432 \u043f\u043e\u0441\u0443\u0434\u043e\u043c\u043e\u0435\u0447\u043d\u043e\u0439 \u043c\u0430\u0448\u0438\u043d\u0435.<\/p>\n<\/div>\n<\/div>\n<\/div>","protected":false},"excerpt":{"rendered":"<p><strong>Erilise k\u00e4sit\u00f6\u00f6tehnikaga kujundatud taimemotiiviga toos. Selline v\u00e4ike toos on praktiline igas kodus. V\u00f5ib kasutada nii suhkrutoosina, soolatoosina kui ka teetoosina. L\u00e4bim\u00f5\u00f5t 11 cm, k\u00f5rgus 13 cm, mahutavus 600ml. Meister <a href=\"https:\/\/peipsikaup.ee\/ru\/meistrid\/helemall-maask\/\">\u0425\u0435\u043b\u0435\u043c\u0430\u043b\u043b \u041c\u0430\u0430\u0441\u043a<\/a>.<\/strong><\/p>","protected":false},"featured_media":6318,"comment_status":"open","ping_status":"closed","template":"","meta":{"site-sidebar-layout":"default","site-content-layout":"default","ast-global-header-display":"","ast-main-header-display":"","ast-hfb-above-header-display":"","ast-hfb-below-header-display":"","ast-hfb-mobile-header-display":"","site-post-title":"","ast-breadcrumbs-content":"","ast-featured-img":"","footer-sml-layout":"","theme-transparent-header-meta":"default","adv-header-id-meta":"","stick-header-meta":"default","header-above-stick-meta":"","header-main-stick-meta":"","header-below-stick-meta":""},"product_brand":[],"product_cat":[23,16],"product_tag":[26,27,25,261],"class_list":{"0":"post-6285","1":"product","2":"type-product","3":"status-publish","4":"has-post-thumbnail","6":"product_cat-helemall-maask","7":"product_cat-keraamika","8":"product_tag-linnud","9":"product_tag-noud","10":"product_tag-sinine","11":"product_tag-toos","12":"desktop-align-left","13":"tablet-align-left","14":"mobile-align-left","16":"first","17":"outofstock","18":"shipping-taxable","19":"purchasable","20":"product-type-simple"},"yoast_head":"<!-- This site is optimized with the Yoast SEO plugin v27.2 - https:\/\/yoast.com\/product\/yoast-seo-wordpress\/ -->\n<title>Taimemotiiviga toos punase aktsendiga - Peipsi kaup<\/title>\n<meta name=\"robots\" content=\"index, follow, max-snippet:-1, max-image-preview:large, max-video-preview:-1\" \/>\n<link rel=\"canonical\" href=\"https:\/\/peipsikaup.ee\/ru\/product\/taimemotiiviga-toos-punase-aktsendiga\/\" \/>\n<meta property=\"og:locale\" content=\"ru_RU\" \/>\n<meta property=\"og:type\" content=\"article\" \/>\n<meta property=\"og:title\" content=\"Taimemotiiviga toos punase aktsendiga - Peipsi kaup\" \/>\n<meta property=\"og:description\" content=\"Erilise k\u00e4sit\u00f6\u00f6tehnikaga kujundatud taimemotiiviga toos. Selline v\u00e4ike toos on praktiline igas kodus. V\u00f5ib kasutada nii suhkrutoosina, soolatoosina kui ka teetoosina. L\u00e4bim\u00f5\u00f5t 11 cm, k\u00f5rgus 13 cm, mahutavus 600ml. Meister Helemall Maask.\" \/>\n<meta property=\"og:url\" content=\"https:\/\/peipsikaup.ee\/ru\/product\/taimemotiiviga-toos-punase-aktsendiga\/\" \/>\n<meta property=\"og:site_name\" content=\"Peipsi kaup\" \/>\n<meta property=\"article:modified_time\" content=\"2025-01-22T09:37:43+00:00\" \/>\n<meta property=\"og:image\" content=\"https:\/\/peipsikaup.ee\/wp-content\/uploads\/2022\/01\/Peipsikaup_meister_Helemall_Maask_keraamika_toos.jpg\" \/>\n\t<meta property=\"og:image:width\" content=\"1000\" \/>\n\t<meta property=\"og:image:height\" content=\"1000\" \/>\n\t<meta property=\"og:image:type\" content=\"image\/jpeg\" \/>\n<meta name=\"twitter:card\" content=\"summary_large_image\" \/>\n<meta name=\"twitter:label1\" content=\"\u041f\u0440\u0438\u043c\u0435\u0440\u043d\u043e\u0435 \u0432\u0440\u0435\u043c\u044f \u0434\u043b\u044f \u0447\u0442\u0435\u043d\u0438\u044f\" \/>\n\t<meta name=\"twitter:data1\" content=\"1 \u043c\u0438\u043d\u0443\u0442\u0430\" \/>\n<script type=\"application\/ld+json\" class=\"yoast-schema-graph\">{\"@context\":\"https:\/\/schema.org\",\"@graph\":[{\"@type\":\"WebPage\",\"@id\":\"https:\/\/peipsikaup.ee\/toode\/taimemotiiviga-toos-punase-aktsendiga\/\",\"url\":\"https:\/\/peipsikaup.ee\/toode\/taimemotiiviga-toos-punase-aktsendiga\/\",\"name\":\"Taimemotiiviga toos punase aktsendiga - Peipsi kaup\",\"isPartOf\":{\"@id\":\"https:\/\/peipsikaup.ee\/#website\"},\"primaryImageOfPage\":{\"@id\":\"https:\/\/peipsikaup.ee\/toode\/taimemotiiviga-toos-punase-aktsendiga\/#primaryimage\"},\"image\":{\"@id\":\"https:\/\/peipsikaup.ee\/toode\/taimemotiiviga-toos-punase-aktsendiga\/#primaryimage\"},\"thumbnailUrl\":\"https:\/\/peipsikaup.ee\/wp-content\/uploads\/2022\/01\/Peipsikaup_meister_Helemall_Maask_keraamika_toos.jpg\",\"datePublished\":\"2021-12-28T06:45:53+00:00\",\"dateModified\":\"2025-01-22T09:37:43+00:00\",\"breadcrumb\":{\"@id\":\"https:\/\/peipsikaup.ee\/toode\/taimemotiiviga-toos-punase-aktsendiga\/#breadcrumb\"},\"inLanguage\":\"ru-RU\",\"potentialAction\":[{\"@type\":\"ReadAction\",\"target\":[\"https:\/\/peipsikaup.ee\/toode\/taimemotiiviga-toos-punase-aktsendiga\/\"]}]},{\"@type\":\"ImageObject\",\"inLanguage\":\"ru-RU\",\"@id\":\"https:\/\/peipsikaup.ee\/toode\/taimemotiiviga-toos-punase-aktsendiga\/#primaryimage\",\"url\":\"https:\/\/peipsikaup.ee\/wp-content\/uploads\/2022\/01\/Peipsikaup_meister_Helemall_Maask_keraamika_toos.jpg\",\"contentUrl\":\"https:\/\/peipsikaup.ee\/wp-content\/uploads\/2022\/01\/Peipsikaup_meister_Helemall_Maask_keraamika_toos.jpg\",\"width\":1000,\"height\":1000,\"caption\":\"Peipsikaup meister Helemall Maask keraamika toos\"},{\"@type\":\"BreadcrumbList\",\"@id\":\"https:\/\/peipsikaup.ee\/toode\/taimemotiiviga-toos-punase-aktsendiga\/#breadcrumb\",\"itemListElement\":[{\"@type\":\"ListItem\",\"position\":1,\"name\":\"Home\",\"item\":\"https:\/\/peipsikaup.ee\/\"},{\"@type\":\"ListItem\",\"position\":2,\"name\":\"Pood\",\"item\":\"https:\/\/peipsikaup.ee\/pood\/\"},{\"@type\":\"ListItem\",\"position\":3,\"name\":\"Taimemotiiviga toos punase aktsendiga\"}]},{\"@type\":\"WebSite\",\"@id\":\"https:\/\/peipsikaup.ee\/#website\",\"url\":\"https:\/\/peipsikaup.ee\/\",\"name\":\"Peipsi kaup\",\"description\":\"eheda ja isikup\u00e4rase k\u00e4sit\u00f6\u00f6 veebipood\",\"publisher\":{\"@id\":\"https:\/\/peipsikaup.ee\/#organization\"},\"potentialAction\":[{\"@type\":\"SearchAction\",\"target\":{\"@type\":\"EntryPoint\",\"urlTemplate\":\"https:\/\/peipsikaup.ee\/?s={search_term_string}\"},\"query-input\":{\"@type\":\"PropertyValueSpecification\",\"valueRequired\":true,\"valueName\":\"search_term_string\"}}],\"inLanguage\":\"ru-RU\"},{\"@type\":\"Organization\",\"@id\":\"https:\/\/peipsikaup.ee\/#organization\",\"name\":\"Peipsi kaup\",\"url\":\"https:\/\/peipsikaup.ee\/\",\"logo\":{\"@type\":\"ImageObject\",\"inLanguage\":\"ru-RU\",\"@id\":\"https:\/\/peipsikaup.ee\/#\/schema\/logo\/image\/\",\"url\":\"https:\/\/peipsikaup.ee\/wp-content\/uploads\/2026\/04\/cropped-ChatGPT-Image-Apr-24-2026-02_54_59-PM.png\",\"contentUrl\":\"https:\/\/peipsikaup.ee\/wp-content\/uploads\/2026\/04\/cropped-ChatGPT-Image-Apr-24-2026-02_54_59-PM.png\",\"width\":1946,\"height\":325,\"caption\":\"Peipsi kaup\"},\"image\":{\"@id\":\"https:\/\/peipsikaup.ee\/#\/schema\/logo\/image\/\"}}]}<\/script>\n<!-- \/ Yoast SEO plugin. -->","yoast_head_json":{"title":"Taimemotiiviga toos punase aktsendiga - Peipsi kaup","robots":{"index":"index","follow":"follow","max-snippet":"max-snippet:-1","max-image-preview":"max-image-preview:large","max-video-preview":"max-video-preview:-1"},"canonical":"https:\/\/peipsikaup.ee\/ru\/product\/taimemotiiviga-toos-punase-aktsendiga\/","og_locale":"ru_RU","og_type":"article","og_title":"Taimemotiiviga toos punase aktsendiga - Peipsi kaup","og_description":"Erilise k\u00e4sit\u00f6\u00f6tehnikaga kujundatud taimemotiiviga toos. Selline v\u00e4ike toos on praktiline igas kodus. V\u00f5ib kasutada nii suhkrutoosina, soolatoosina kui ka teetoosina. L\u00e4bim\u00f5\u00f5t 11 cm, k\u00f5rgus 13 cm, mahutavus 600ml. Meister Helemall Maask.","og_url":"https:\/\/peipsikaup.ee\/ru\/product\/taimemotiiviga-toos-punase-aktsendiga\/","og_site_name":"Peipsi kaup","article_modified_time":"2025-01-22T09:37:43+00:00","og_image":[{"width":1000,"height":1000,"url":"https:\/\/peipsikaup.ee\/wp-content\/uploads\/2022\/01\/Peipsikaup_meister_Helemall_Maask_keraamika_toos.jpg","type":"image\/jpeg"}],"twitter_card":"summary_large_image","twitter_misc":{"\u041f\u0440\u0438\u043c\u0435\u0440\u043d\u043e\u0435 \u0432\u0440\u0435\u043c\u044f \u0434\u043b\u044f \u0447\u0442\u0435\u043d\u0438\u044f":"1 \u043c\u0438\u043d\u0443\u0442\u0430"},"schema":{"@context":"https:\/\/schema.org","@graph":[{"@type":"WebPage","@id":"https:\/\/peipsikaup.ee\/toode\/taimemotiiviga-toos-punase-aktsendiga\/","url":"https:\/\/peipsikaup.ee\/toode\/taimemotiiviga-toos-punase-aktsendiga\/","name":"Taimemotiiviga toos punase aktsendiga - Peipsi kaup","isPartOf":{"@id":"https:\/\/peipsikaup.ee\/#website"},"primaryImageOfPage":{"@id":"https:\/\/peipsikaup.ee\/toode\/taimemotiiviga-toos-punase-aktsendiga\/#primaryimage"},"image":{"@id":"https:\/\/peipsikaup.ee\/toode\/taimemotiiviga-toos-punase-aktsendiga\/#primaryimage"},"thumbnailUrl":"https:\/\/peipsikaup.ee\/wp-content\/uploads\/2022\/01\/Peipsikaup_meister_Helemall_Maask_keraamika_toos.jpg","datePublished":"2021-12-28T06:45:53+00:00","dateModified":"2025-01-22T09:37:43+00:00","breadcrumb":{"@id":"https:\/\/peipsikaup.ee\/toode\/taimemotiiviga-toos-punase-aktsendiga\/#breadcrumb"},"inLanguage":"ru-RU","potentialAction":[{"@type":"ReadAction","target":["https:\/\/peipsikaup.ee\/toode\/taimemotiiviga-toos-punase-aktsendiga\/"]}]},{"@type":"ImageObject","inLanguage":"ru-RU","@id":"https:\/\/peipsikaup.ee\/toode\/taimemotiiviga-toos-punase-aktsendiga\/#primaryimage","url":"https:\/\/peipsikaup.ee\/wp-content\/uploads\/2022\/01\/Peipsikaup_meister_Helemall_Maask_keraamika_toos.jpg","contentUrl":"https:\/\/peipsikaup.ee\/wp-content\/uploads\/2022\/01\/Peipsikaup_meister_Helemall_Maask_keraamika_toos.jpg","width":1000,"height":1000,"caption":"Peipsikaup meister Helemall Maask keraamika toos"},{"@type":"BreadcrumbList","@id":"https:\/\/peipsikaup.ee\/toode\/taimemotiiviga-toos-punase-aktsendiga\/#breadcrumb","itemListElement":[{"@type":"ListItem","position":1,"name":"Home","item":"https:\/\/peipsikaup.ee\/"},{"@type":"ListItem","position":2,"name":"Pood","item":"https:\/\/peipsikaup.ee\/pood\/"},{"@type":"ListItem","position":3,"name":"Taimemotiiviga toos punase aktsendiga"}]},{"@type":"WebSite","@id":"https:\/\/peipsikaup.ee\/#website","url":"https:\/\/peipsikaup.ee\/","name":"\u0422\u043e\u0440\u0433\u043e\u0432\u043b\u044f \u043d\u0430 \u0427\u0443\u0434\u0441\u043a\u043e\u043c \u043e\u0441\u0442\u0440\u043e\u0432\u0435","description":"eheda ja isikup\u00e4rase k\u00e4sit\u00f6\u00f6 veebipood","publisher":{"@id":"https:\/\/peipsikaup.ee\/#organization"},"potentialAction":[{"@type":"SearchAction","target":{"@type":"EntryPoint","urlTemplate":"https:\/\/peipsikaup.ee\/?s={search_term_string}"},"query-input":{"@type":"PropertyValueSpecification","valueRequired":true,"valueName":"search_term_string"}}],"inLanguage":"ru-RU"},{"@type":"Organization","@id":"https:\/\/peipsikaup.ee\/#organization","name":"\u0422\u043e\u0440\u0433\u043e\u0432\u043b\u044f \u043d\u0430 \u0427\u0443\u0434\u0441\u043a\u043e\u043c \u043e\u0441\u0442\u0440\u043e\u0432\u0435","url":"https:\/\/peipsikaup.ee\/","logo":{"@type":"ImageObject","inLanguage":"ru-RU","@id":"https:\/\/peipsikaup.ee\/#\/schema\/logo\/image\/","url":"https:\/\/peipsikaup.ee\/wp-content\/uploads\/2026\/04\/cropped-ChatGPT-Image-Apr-24-2026-02_54_59-PM.png","contentUrl":"https:\/\/peipsikaup.ee\/wp-content\/uploads\/2026\/04\/cropped-ChatGPT-Image-Apr-24-2026-02_54_59-PM.png","width":1946,"height":325,"caption":"Peipsi kaup"},"image":{"@id":"https:\/\/peipsikaup.ee\/#\/schema\/logo\/image\/"}}]}},"_links":{"self":[{"href":"https:\/\/peipsikaup.ee\/ru\/wp-json\/wp\/v2\/product\/6285","targetHints":{"allow":["GET"]}}],"collection":[{"href":"https:\/\/peipsikaup.ee\/ru\/wp-json\/wp\/v2\/product"}],"about":[{"href":"https:\/\/peipsikaup.ee\/ru\/wp-json\/wp\/v2\/types\/product"}],"replies":[{"embeddable":true,"href":"https:\/\/peipsikaup.ee\/ru\/wp-json\/wp\/v2\/comments?post=6285"}],"wp:featuredmedia":[{"embeddable":true,"href":"https:\/\/peipsikaup.ee\/ru\/wp-json\/wp\/v2\/media\/6318"}],"wp:attachment":[{"href":"https:\/\/peipsikaup.ee\/ru\/wp-json\/wp\/v2\/media?parent=6285"}],"wp:term":[{"taxonomy":"product_brand","embeddable":true,"href":"https:\/\/peipsikaup.ee\/ru\/wp-json\/wp\/v2\/product_brand?post=6285"},{"taxonomy":"product_cat","embeddable":true,"href":"https:\/\/peipsikaup.ee\/ru\/wp-json\/wp\/v2\/product_cat?post=6285"},{"taxonomy":"product_tag","embeddable":true,"href":"https:\/\/peipsikaup.ee\/ru\/wp-json\/wp\/v2\/product_tag?post=6285"}],"curies":[{"name":"wp","href":"https:\/\/api.w.org\/{rel}","templated":true}]}}