{"id":6050,"date":"2021-11-30T12:58:55","date_gmt":"2021-11-30T12:58:55","guid":{"rendered":"https:\/\/peipsikaup.ee\/?post_type=product&#038;p=6050"},"modified":"2022-06-28T09:04:29","modified_gmt":"2022-06-28T09:04:29","slug":"marjarull-kuivatatud-astelpaju-pirni-puree","status":"publish","type":"product","link":"https:\/\/peipsikaup.ee\/ru\/product\/marjarull-kuivatatud-astelpaju-pirni-puree\/","title":{"rendered":"Marjarull kuivatatud astelpaju-pirni p\u00fcree"},"content":{"rendered":"<p><strong>Teada on fakt, et kuivatamisele kui s\u00e4ilitusviisile on iseloomulik v\u00e4ga suur kaalukadu, mida tihti \u00fcritatakse kompenseerida \u2013 lisades konservante, suhkruid, \u00f5lisid, lisaaineid jm. v\u00f5i kasutades madala kvaliteediga tooraineid. Meie tootele pole lisatud suhkrut, maitseparandajaid v\u00f5i teisi aineid, mis kahandaksid selle ehedust.<\/strong><\/p>\n<p>Tooraine korjatakse, p\u00fcreestatakse ja koheselt kuivatatakse.<\/p>\n<p>Esialgsest kaalust j\u00e4\u00e4b j\u00e4rgi 12-15%.<\/p>\n<p>Marjarulli kuivatiste unikaalsus seisneb ka selles, et isegi kahe j\u00e4rgneva p\u00e4eva, t\u00e4pselt samadest sortidest valmistatud marjarullid pole absoluutselt identsed \u2013 v\u00e4limuselt ega ka maitselt.\u00a0Kuivatatud toidud on kiudainete rikkad ja kui s\u00f6\u00f6mise ajal ka juua, tekib ruttu t\u00e4isk\u00f5hu tunne.<\/p>\n<p>S\u00e4ilivus on koguni paar aastat.<\/p>\n<p>\u041f\u043e\u0441\u043a\u043e\u043b\u044c\u043a\u0443 \u0441\u0443\u0448\u043a\u0430 \u043f\u0440\u043e\u0438\u0441\u0445\u043e\u0434\u0438\u0442 \u0432 \u0442\u0435\u0447\u0435\u043d\u0438\u0435 \u0434\u043b\u0438\u0442\u0435\u043b\u044c\u043d\u043e\u0433\u043e \u0432\u0440\u0435\u043c\u0435\u043d\u0438 \u043f\u0440\u0438 \u043d\u0438\u0437\u043a\u0438\u0445 \u0442\u0435\u043c\u043f\u0435\u0440\u0430\u0442\u0443\u0440\u0430\u0445, \u0432 \u043f\u0440\u043e\u0434\u0443\u043a\u0442\u0435 \u0445\u043e\u0440\u043e\u0448\u043e \u0441\u043e\u0445\u0440\u0430\u043d\u044f\u044e\u0442\u0441\u044f \u0432\u0438\u0442\u0430\u043c\u0438\u043d\u044b, \u043c\u0438\u043d\u0435\u0440\u0430\u043b\u044b \u0438 \u0434\u0430\u0436\u0435 \u0447\u0430\u0441\u0442\u044c \u0444\u0435\u0440\u043c\u0435\u043d\u0442\u043e\u0432. \u041e\u0434\u043d\u0430\u043a\u043e \u044d\u0442\u043e\u0442 \u043f\u0440\u043e\u0434\u0443\u043a\u0442 \u043d\u0435\u043b\u044c\u0437\u044f \u043e\u0442\u043d\u0435\u0441\u0442\u0438 \u043a \u043a\u0430\u0442\u0435\u0433\u043e\u0440\u0438\u0438 \u0441\u044b\u0440\u043e\u0439 \u043f\u0438\u0449\u0438, \u043f\u043e\u0441\u043a\u043e\u043b\u044c\u043a\u0443 \u0442\u0435\u043c\u043f\u0435\u0440\u0430\u0442\u0443\u0440\u0430 \u0441\u0443\u0448\u043a\u0438 \u043e\u0442 53 \u0434\u043e 57 \u0433\u0440\u0430\u0434\u0443\u0441\u043e\u0432 \u043f\u0440\u043e\u0441\u0442\u043e \u043d\u0435 \u043f\u043e\u0437\u0432\u043e\u043b\u044f\u0435\u0442 \u044d\u0442\u043e\u0433\u043e. \u041d\u043e \u043f\u043e\u0441\u043a\u043e\u043b\u044c\u043a\u0443 \u0442\u0435\u043c\u043f\u0435\u0440\u0430\u0442\u0443\u0440\u0430 \u043e\u0431\u0440\u0430\u0431\u043e\u0442\u043a\u0438 \u0432\u0441\u0435 \u0436\u0435 \u0434\u0430\u043b\u0435\u043a\u0430 \u043e\u0442 100 \u0433\u0440\u0430\u0434\u0443\u0441\u043e\u0432, \u043d\u0435\u043e\u0431\u0445\u043e\u0434\u0438\u043c\u043e \u043e\u0447\u0435\u043d\u044c \u0442\u0449\u0430\u0442\u0435\u043b\u044c\u043d\u043e \u043f\u043e\u0434\u0431\u0438\u0440\u0430\u0442\u044c \u0441\u044b\u0440\u044c\u0435 \u043f\u043e \u043a\u0430\u0447\u0435\u0441\u0442\u0432\u0443.<\/p>\n<p>Astelpaju-pirni kuivatatud p\u00fcree on t\u00f5en\u00e4oliselt \u00fcks k\u00f5ige tervislikumaid maiustusi nii lapsele kui ka t\u00e4iskasvanule, kus saavad kokku kaasaja maitsed ja vanavanemate k\u00f6\u00f6gi traditsioonid.<\/p>","protected":false},"excerpt":{"rendered":"<p><strong>Ehe maiustus kaaluga 30 grammi.50% astelpaju ja 50% pirnip\u00fcree on kuivanud 14tundi maksimaalsel temperatuuril 57 kraadi. Sobib tarvitada koheselt, kuid v\u00f5ib lisada ka erinevatele magustoitudele. S\u00e4ilitada kuivas pimedas kohas toatemperatuuril<\/strong><b><span class=\"Apple-converted-space\">. <\/span>\u0420\u0435\u043c\u0435\u0441\u043b\u0435\u043d\u043d\u0438\u043a <a href=\"https:\/\/peipsikaup.ee\/ru\/meistrid\/tiia-kivesti\/\">\u0422\u0438\u044f \u041a\u0438\u0432\u0435\u0448\u0442\u0438<\/a>.<\/b><\/p>","protected":false},"featured_media":6010,"comment_status":"open","ping_status":"closed","template":"","meta":{"site-sidebar-layout":"default","site-content-layout":"default","ast-global-header-display":"","ast-main-header-display":"","ast-hfb-above-header-display":"","ast-hfb-below-header-display":"","ast-hfb-mobile-header-display":"","site-post-title":"","ast-breadcrumbs-content":"","ast-featured-img":"","footer-sml-layout":"","theme-transparent-header-meta":"default","adv-header-id-meta":"","stick-header-meta":"default","header-above-stick-meta":"","header-main-stick-meta":"","header-below-stick-meta":""},"product_brand":[],"product_cat":[257,253],"product_tag":[40,63,255,256,48],"class_list":{"0":"post-6050","1":"product","2":"type-product","3":"status-publish","4":"has-post-thumbnail","6":"product_cat-snakid-ja-maiustused","7":"product_cat-tiia-kivesti-tooted","8":"product_tag-kingitus-lapsele","9":"product_tag-lapsele","10":"product_tag-maiustus","11":"product_tag-snakk","12":"product_tag-sunnipaev","13":"desktop-align-left","14":"tablet-align-left","15":"mobile-align-left","17":"first","18":"outofstock","19":"shipping-taxable","20":"purchasable","21":"product-type-simple"},"yoast_head":"<!-- This site is optimized with the Yoast SEO plugin v27.2 - https:\/\/yoast.com\/product\/yoast-seo-wordpress\/ -->\n<title>Marjarull kuivatatud astelpaju-pirni p\u00fcree - Peipsi kaup<\/title>\n<meta name=\"robots\" content=\"index, follow, max-snippet:-1, max-image-preview:large, max-video-preview:-1\" \/>\n<link rel=\"canonical\" href=\"https:\/\/peipsikaup.ee\/ru\/product\/marjarull-kuivatatud-astelpaju-pirni-puree\/\" \/>\n<meta property=\"og:locale\" content=\"ru_RU\" \/>\n<meta property=\"og:type\" content=\"article\" \/>\n<meta property=\"og:title\" content=\"Marjarull kuivatatud astelpaju-pirni p\u00fcree - Peipsi kaup\" \/>\n<meta property=\"og:description\" content=\"Ehe maiustus kaaluga 30 grammi.50% astelpaju ja 50% pirnip\u00fcree on kuivanud 14tundi maksimaalsel temperatuuril 57 kraadi. Sobib tarvitada koheselt, kuid v\u00f5ib lisada ka erinevatele magustoitudele. S\u00e4ilitada kuivas pimedas kohas toatemperatuuril. Meister Tiia Kivesti.\" \/>\n<meta property=\"og:url\" content=\"https:\/\/peipsikaup.ee\/ru\/product\/marjarull-kuivatatud-astelpaju-pirni-puree\/\" \/>\n<meta property=\"og:site_name\" content=\"Peipsi kaup\" \/>\n<meta property=\"article:modified_time\" content=\"2022-06-28T09:04:29+00:00\" \/>\n<meta property=\"og:image\" content=\"https:\/\/peipsikaup.ee\/wp-content\/uploads\/2021\/11\/Peipsikaup_meister_Tiia_Kivesti_marjarull-4.jpg\" \/>\n\t<meta property=\"og:image:width\" content=\"1000\" \/>\n\t<meta property=\"og:image:height\" content=\"1000\" \/>\n\t<meta property=\"og:image:type\" content=\"image\/jpeg\" \/>\n<meta name=\"twitter:card\" content=\"summary_large_image\" \/>\n<meta name=\"twitter:label1\" content=\"\u041f\u0440\u0438\u043c\u0435\u0440\u043d\u043e\u0435 \u0432\u0440\u0435\u043c\u044f \u0434\u043b\u044f \u0447\u0442\u0435\u043d\u0438\u044f\" \/>\n\t<meta name=\"twitter:data1\" content=\"1 \u043c\u0438\u043d\u0443\u0442\u0430\" \/>\n<script type=\"application\/ld+json\" class=\"yoast-schema-graph\">{\"@context\":\"https:\/\/schema.org\",\"@graph\":[{\"@type\":\"WebPage\",\"@id\":\"https:\/\/peipsikaup.ee\/toode\/marjarull-kuivatatud-astelpaju-pirni-puree\/\",\"url\":\"https:\/\/peipsikaup.ee\/toode\/marjarull-kuivatatud-astelpaju-pirni-puree\/\",\"name\":\"Marjarull kuivatatud astelpaju-pirni p\u00fcree - Peipsi kaup\",\"isPartOf\":{\"@id\":\"https:\/\/peipsikaup.ee\/#website\"},\"primaryImageOfPage\":{\"@id\":\"https:\/\/peipsikaup.ee\/toode\/marjarull-kuivatatud-astelpaju-pirni-puree\/#primaryimage\"},\"image\":{\"@id\":\"https:\/\/peipsikaup.ee\/toode\/marjarull-kuivatatud-astelpaju-pirni-puree\/#primaryimage\"},\"thumbnailUrl\":\"https:\/\/peipsikaup.ee\/wp-content\/uploads\/2021\/11\/Peipsikaup_meister_Tiia_Kivesti_marjarull-4.jpg\",\"datePublished\":\"2021-11-30T12:58:55+00:00\",\"dateModified\":\"2022-06-28T09:04:29+00:00\",\"breadcrumb\":{\"@id\":\"https:\/\/peipsikaup.ee\/toode\/marjarull-kuivatatud-astelpaju-pirni-puree\/#breadcrumb\"},\"inLanguage\":\"ru-RU\",\"potentialAction\":[{\"@type\":\"ReadAction\",\"target\":[\"https:\/\/peipsikaup.ee\/toode\/marjarull-kuivatatud-astelpaju-pirni-puree\/\"]}]},{\"@type\":\"ImageObject\",\"inLanguage\":\"ru-RU\",\"@id\":\"https:\/\/peipsikaup.ee\/toode\/marjarull-kuivatatud-astelpaju-pirni-puree\/#primaryimage\",\"url\":\"https:\/\/peipsikaup.ee\/wp-content\/uploads\/2021\/11\/Peipsikaup_meister_Tiia_Kivesti_marjarull-4.jpg\",\"contentUrl\":\"https:\/\/peipsikaup.ee\/wp-content\/uploads\/2021\/11\/Peipsikaup_meister_Tiia_Kivesti_marjarull-4.jpg\",\"width\":1000,\"height\":1000,\"caption\":\"Peipsikaup meister Tiia Kivesti kuivatatud astelpaju-pirinip\u00fcree marjarull\"},{\"@type\":\"BreadcrumbList\",\"@id\":\"https:\/\/peipsikaup.ee\/toode\/marjarull-kuivatatud-astelpaju-pirni-puree\/#breadcrumb\",\"itemListElement\":[{\"@type\":\"ListItem\",\"position\":1,\"name\":\"Home\",\"item\":\"https:\/\/peipsikaup.ee\/\"},{\"@type\":\"ListItem\",\"position\":2,\"name\":\"Pood\",\"item\":\"https:\/\/peipsikaup.ee\/pood\/\"},{\"@type\":\"ListItem\",\"position\":3,\"name\":\"Marjarull kuivatatud astelpaju-pirni p\u00fcree\"}]},{\"@type\":\"WebSite\",\"@id\":\"https:\/\/peipsikaup.ee\/#website\",\"url\":\"https:\/\/peipsikaup.ee\/\",\"name\":\"Peipsi kaup\",\"description\":\"eheda ja isikup\u00e4rase k\u00e4sit\u00f6\u00f6 veebipood\",\"publisher\":{\"@id\":\"https:\/\/peipsikaup.ee\/#organization\"},\"potentialAction\":[{\"@type\":\"SearchAction\",\"target\":{\"@type\":\"EntryPoint\",\"urlTemplate\":\"https:\/\/peipsikaup.ee\/?s={search_term_string}\"},\"query-input\":{\"@type\":\"PropertyValueSpecification\",\"valueRequired\":true,\"valueName\":\"search_term_string\"}}],\"inLanguage\":\"ru-RU\"},{\"@type\":\"Organization\",\"@id\":\"https:\/\/peipsikaup.ee\/#organization\",\"name\":\"Peipsi kaup\",\"url\":\"https:\/\/peipsikaup.ee\/\",\"logo\":{\"@type\":\"ImageObject\",\"inLanguage\":\"ru-RU\",\"@id\":\"https:\/\/peipsikaup.ee\/#\/schema\/logo\/image\/\",\"url\":\"https:\/\/peipsikaup.ee\/wp-content\/uploads\/2026\/04\/cropped-ChatGPT-Image-Apr-24-2026-02_54_59-PM.png\",\"contentUrl\":\"https:\/\/peipsikaup.ee\/wp-content\/uploads\/2026\/04\/cropped-ChatGPT-Image-Apr-24-2026-02_54_59-PM.png\",\"width\":1946,\"height\":325,\"caption\":\"Peipsi kaup\"},\"image\":{\"@id\":\"https:\/\/peipsikaup.ee\/#\/schema\/logo\/image\/\"}}]}<\/script>\n<!-- \/ Yoast SEO plugin. -->","yoast_head_json":{"title":"Marjarull kuivatatud astelpaju-pirni p\u00fcree - Peipsi kaup","robots":{"index":"index","follow":"follow","max-snippet":"max-snippet:-1","max-image-preview":"max-image-preview:large","max-video-preview":"max-video-preview:-1"},"canonical":"https:\/\/peipsikaup.ee\/ru\/product\/marjarull-kuivatatud-astelpaju-pirni-puree\/","og_locale":"ru_RU","og_type":"article","og_title":"Marjarull kuivatatud astelpaju-pirni p\u00fcree - Peipsi kaup","og_description":"Ehe maiustus kaaluga 30 grammi.50% astelpaju ja 50% pirnip\u00fcree on kuivanud 14tundi maksimaalsel temperatuuril 57 kraadi. Sobib tarvitada koheselt, kuid v\u00f5ib lisada ka erinevatele magustoitudele. S\u00e4ilitada kuivas pimedas kohas toatemperatuuril. Meister Tiia Kivesti.","og_url":"https:\/\/peipsikaup.ee\/ru\/product\/marjarull-kuivatatud-astelpaju-pirni-puree\/","og_site_name":"Peipsi kaup","article_modified_time":"2022-06-28T09:04:29+00:00","og_image":[{"width":1000,"height":1000,"url":"https:\/\/peipsikaup.ee\/wp-content\/uploads\/2021\/11\/Peipsikaup_meister_Tiia_Kivesti_marjarull-4.jpg","type":"image\/jpeg"}],"twitter_card":"summary_large_image","twitter_misc":{"\u041f\u0440\u0438\u043c\u0435\u0440\u043d\u043e\u0435 \u0432\u0440\u0435\u043c\u044f \u0434\u043b\u044f \u0447\u0442\u0435\u043d\u0438\u044f":"1 \u043c\u0438\u043d\u0443\u0442\u0430"},"schema":{"@context":"https:\/\/schema.org","@graph":[{"@type":"WebPage","@id":"https:\/\/peipsikaup.ee\/toode\/marjarull-kuivatatud-astelpaju-pirni-puree\/","url":"https:\/\/peipsikaup.ee\/toode\/marjarull-kuivatatud-astelpaju-pirni-puree\/","name":"Marjarull kuivatatud astelpaju-pirni p\u00fcree - Peipsi kaup","isPartOf":{"@id":"https:\/\/peipsikaup.ee\/#website"},"primaryImageOfPage":{"@id":"https:\/\/peipsikaup.ee\/toode\/marjarull-kuivatatud-astelpaju-pirni-puree\/#primaryimage"},"image":{"@id":"https:\/\/peipsikaup.ee\/toode\/marjarull-kuivatatud-astelpaju-pirni-puree\/#primaryimage"},"thumbnailUrl":"https:\/\/peipsikaup.ee\/wp-content\/uploads\/2021\/11\/Peipsikaup_meister_Tiia_Kivesti_marjarull-4.jpg","datePublished":"2021-11-30T12:58:55+00:00","dateModified":"2022-06-28T09:04:29+00:00","breadcrumb":{"@id":"https:\/\/peipsikaup.ee\/toode\/marjarull-kuivatatud-astelpaju-pirni-puree\/#breadcrumb"},"inLanguage":"ru-RU","potentialAction":[{"@type":"ReadAction","target":["https:\/\/peipsikaup.ee\/toode\/marjarull-kuivatatud-astelpaju-pirni-puree\/"]}]},{"@type":"ImageObject","inLanguage":"ru-RU","@id":"https:\/\/peipsikaup.ee\/toode\/marjarull-kuivatatud-astelpaju-pirni-puree\/#primaryimage","url":"https:\/\/peipsikaup.ee\/wp-content\/uploads\/2021\/11\/Peipsikaup_meister_Tiia_Kivesti_marjarull-4.jpg","contentUrl":"https:\/\/peipsikaup.ee\/wp-content\/uploads\/2021\/11\/Peipsikaup_meister_Tiia_Kivesti_marjarull-4.jpg","width":1000,"height":1000,"caption":"Peipsikaup meister Tiia Kivesti kuivatatud astelpaju-pirinip\u00fcree marjarull"},{"@type":"BreadcrumbList","@id":"https:\/\/peipsikaup.ee\/toode\/marjarull-kuivatatud-astelpaju-pirni-puree\/#breadcrumb","itemListElement":[{"@type":"ListItem","position":1,"name":"Home","item":"https:\/\/peipsikaup.ee\/"},{"@type":"ListItem","position":2,"name":"Pood","item":"https:\/\/peipsikaup.ee\/pood\/"},{"@type":"ListItem","position":3,"name":"Marjarull kuivatatud astelpaju-pirni p\u00fcree"}]},{"@type":"WebSite","@id":"https:\/\/peipsikaup.ee\/#website","url":"https:\/\/peipsikaup.ee\/","name":"\u0422\u043e\u0440\u0433\u043e\u0432\u043b\u044f \u043d\u0430 \u0427\u0443\u0434\u0441\u043a\u043e\u043c \u043e\u0441\u0442\u0440\u043e\u0432\u0435","description":"eheda ja isikup\u00e4rase k\u00e4sit\u00f6\u00f6 veebipood","publisher":{"@id":"https:\/\/peipsikaup.ee\/#organization"},"potentialAction":[{"@type":"SearchAction","target":{"@type":"EntryPoint","urlTemplate":"https:\/\/peipsikaup.ee\/?s={search_term_string}"},"query-input":{"@type":"PropertyValueSpecification","valueRequired":true,"valueName":"search_term_string"}}],"inLanguage":"ru-RU"},{"@type":"Organization","@id":"https:\/\/peipsikaup.ee\/#organization","name":"\u0422\u043e\u0440\u0433\u043e\u0432\u043b\u044f \u043d\u0430 \u0427\u0443\u0434\u0441\u043a\u043e\u043c \u043e\u0441\u0442\u0440\u043e\u0432\u0435","url":"https:\/\/peipsikaup.ee\/","logo":{"@type":"ImageObject","inLanguage":"ru-RU","@id":"https:\/\/peipsikaup.ee\/#\/schema\/logo\/image\/","url":"https:\/\/peipsikaup.ee\/wp-content\/uploads\/2026\/04\/cropped-ChatGPT-Image-Apr-24-2026-02_54_59-PM.png","contentUrl":"https:\/\/peipsikaup.ee\/wp-content\/uploads\/2026\/04\/cropped-ChatGPT-Image-Apr-24-2026-02_54_59-PM.png","width":1946,"height":325,"caption":"Peipsi kaup"},"image":{"@id":"https:\/\/peipsikaup.ee\/#\/schema\/logo\/image\/"}}]}},"_links":{"self":[{"href":"https:\/\/peipsikaup.ee\/ru\/wp-json\/wp\/v2\/product\/6050","targetHints":{"allow":["GET"]}}],"collection":[{"href":"https:\/\/peipsikaup.ee\/ru\/wp-json\/wp\/v2\/product"}],"about":[{"href":"https:\/\/peipsikaup.ee\/ru\/wp-json\/wp\/v2\/types\/product"}],"replies":[{"embeddable":true,"href":"https:\/\/peipsikaup.ee\/ru\/wp-json\/wp\/v2\/comments?post=6050"}],"wp:featuredmedia":[{"embeddable":true,"href":"https:\/\/peipsikaup.ee\/ru\/wp-json\/wp\/v2\/media\/6010"}],"wp:attachment":[{"href":"https:\/\/peipsikaup.ee\/ru\/wp-json\/wp\/v2\/media?parent=6050"}],"wp:term":[{"taxonomy":"product_brand","embeddable":true,"href":"https:\/\/peipsikaup.ee\/ru\/wp-json\/wp\/v2\/product_brand?post=6050"},{"taxonomy":"product_cat","embeddable":true,"href":"https:\/\/peipsikaup.ee\/ru\/wp-json\/wp\/v2\/product_cat?post=6050"},{"taxonomy":"product_tag","embeddable":true,"href":"https:\/\/peipsikaup.ee\/ru\/wp-json\/wp\/v2\/product_tag?post=6050"}],"curies":[{"name":"wp","href":"https:\/\/api.w.org\/{rel}","templated":true}]}}