{"id":5708,"date":"2021-11-23T13:40:19","date_gmt":"2021-11-23T13:40:19","guid":{"rendered":"https:\/\/peipsikaup.ee\/?post_type=product&#038;p=5708"},"modified":"2022-11-10T09:19:01","modified_gmt":"2022-11-10T09:19:01","slug":"heegeldatud-korv-2","status":"publish","type":"product","link":"https:\/\/peipsikaup.ee\/ru\/product\/heegeldatud-korv-2\/","title":{"rendered":"\u0412\u044f\u0437\u0430\u043d\u0430\u044f \u043a\u043e\u0440\u0437\u0438\u043d\u0430"},"content":{"rendered":"<div class=\"page\" title=\"Page 3\">\n<div class=\"layoutArea\">\n<div class=\"column\">\n<div class=\"page\" title=\"Page 3\">\n<div class=\"layoutArea\">\n<div class=\"column\">\n<div class=\"page\" title=\"Page 3\">\n<div class=\"layoutArea\">\n<div class=\"column\">\n<div class=\"page\" title=\"Page 4\">\n<div class=\"layoutArea\">\n<div class=\"column\">\n<div class=\"page\" title=\"Page 4\">\n<div class=\"layoutArea\">\n<div class=\"column\">\n<p><strong>\u041a\u043e\u0440\u0437\u0438\u043d\u0430, \u0441\u0432\u044f\u0437\u0430\u043d\u043d\u0430\u044f \u043a\u0440\u044e\u0447\u043a\u043e\u043c \u0438\u0437 \u0442\u0440\u0438\u043a\u043e\u0442\u0430\u0436\u043d\u043e\u0439 \u043b\u0435\u043d\u0442\u044b, \u043e\u0442\u043b\u0438\u0447\u043d\u043e \u043f\u043e\u0434\u0445\u043e\u0434\u0438\u0442 \u0434\u043b\u044f \u0445\u0440\u0430\u043d\u0435\u043d\u0438\u044f \u0432\u0435\u0449\u0435\u0439, \u043a\u043e\u0442\u043e\u0440\u044b\u0435 \u043d\u0443\u0436\u043d\u044b \u0432\u0430\u043c \u0432 \u043f\u043e\u0432\u0441\u0435\u0434\u043d\u0435\u0432\u043d\u043e\u0439 \u0436\u0438\u0437\u043d\u0438. \u0415\u0441\u043b\u0438 \u043f\u043b\u0430\u0441\u0442\u0438\u043a\u043e\u0432\u044b\u0439 \u043a\u043e\u043d\u0442\u0435\u0439\u043d\u0435\u0440 \u0438\u043b\u0438 \u043a\u0430\u0440\u0442\u043e\u043d\u043d\u0443\u044e \u043a\u043e\u0440\u043e\u0431\u043a\u0443 \u043d\u0443\u0436\u043d\u043e \u0441\u043a\u0440\u044b\u0442\u044c \u043e\u0442 \u0433\u043b\u0430\u0437, \u0442\u043e \u044d\u0442\u0430 \u043a\u043e\u0440\u0437\u0438\u043d\u0430 \u0440\u0443\u0447\u043d\u043e\u0439 \u0440\u0430\u0431\u043e\u0442\u044b \u0432 \u0434\u0435\u0440\u0435\u0432\u0435\u043d\u0441\u043a\u043e\u043c \u0441\u0442\u0438\u043b\u0435, \u043d\u0430\u043f\u0440\u043e\u0442\u0438\u0432, \u043d\u0435 \u0442\u043e\u043b\u044c\u043a\u043e \u043f\u043e\u0441\u043b\u0443\u0436\u0438\u0442 \u0434\u043b\u044f \u0445\u0440\u0430\u043d\u0435\u043d\u0438\u044f \u0432\u0435\u0449\u0435\u0439, \u043d\u043e \u0438 \u0441\u0442\u0430\u043d\u0435\u0442 \u0443\u043a\u0440\u0430\u0448\u0435\u043d\u0438\u0435\u043c \u0438\u043d\u0442\u0435\u0440\u044c\u0435\u0440\u0430.<span class=\"Apple-converted-space\">\u00a0<\/span><\/strong><\/p>\n<p>\u0411\u0443\u0434\u044c \u0442\u043e \u043a\u043e\u0441\u043c\u0435\u0442\u0438\u043a\u0430, \u0434\u0435\u0442\u0441\u043a\u0438\u0435 \u043f\u0440\u0438\u043d\u0430\u0434\u043b\u0435\u0436\u043d\u043e\u0441\u0442\u0438 \u0434\u043b\u044f \u0440\u0438\u0441\u043e\u0432\u0430\u043d\u0438\u044f \u0438\u043b\u0438 \u043c\u0430\u0442\u0435\u0440\u0438\u0430\u043b\u044b \u0434\u043b\u044f \u0440\u0443\u043a\u043e\u0434\u0435\u043b\u0438\u044f \u2014 \u0432\u044f\u0437\u0430\u043d\u0430\u044f \u043a\u043e\u0440\u0437\u0438\u043d\u0430 \u043f\u043e\u0434\u043e\u0439\u0434\u0435\u0442 \u043a\u0430\u043a \u0434\u043b\u044f \u0432\u0430\u043d\u043d\u043e\u0439 \u043a\u043e\u043c\u043d\u0430\u0442\u044b, \u0442\u0430\u043a \u0438 \u0434\u043b\u044f \u043f\u0440\u0438\u0445\u043e\u0436\u0435\u0439 \u0438\u043b\u0438 \u0442\u0443\u0430\u043b\u0435\u0442\u043d\u043e\u0433\u043e \u0441\u0442\u043e\u043b\u0438\u043a\u0430. \u041a\u043e\u0440\u0437\u0438\u043d\u0430 \u043f\u043e\u043c\u043e\u0436\u0435\u0442 \u043f\u043e\u0434\u0434\u0435\u0440\u0436\u0438\u0432\u0430\u0442\u044c \u043f\u043e\u0440\u044f\u0434\u043e\u043a \u043d\u0430 \u043f\u043e\u043b\u043a\u0430\u0445 \u0438 \u0441\u0442\u043e\u043b\u0430\u0445, \u0430 \u0442\u0430\u043a\u0436\u0435 \u043f\u043e\u0437\u0432\u043e\u043b\u0438\u0442 \u0434\u0435\u0440\u0436\u0430\u0442\u044c \u0432\u0441\u0451 \u043d\u0435\u043e\u0431\u0445\u043e\u0434\u0438\u043c\u043e\u0435 \u043f\u043e\u0434 \u0440\u0443\u043a\u043e\u0439.<\/p>\n<p>\u042d\u0442\u0430 \u043a\u043e\u0440\u0437\u0438\u043d\u0430 \u0432 \u0434\u0435\u0440\u0435\u0432\u0435\u043d\u0441\u043a\u043e\u043c \u0441\u0442\u0438\u043b\u0435 \u0432\u0434\u043e\u0445\u043d\u043e\u0432\u043b\u0435\u043d\u0430 \u043c\u0435\u0441\u0442\u043d\u044b\u043c\u0438 \u0442\u0440\u0430\u0434\u0438\u0446\u0438\u044f\u043c\u0438 \u0440\u0435\u0433\u0438\u043e\u043d\u0430 \u041f\u0435\u0439\u043f\u0441\u0438, \u0433\u0434\u0435 \u0438\u0437\u0434\u0430\u0432\u043d\u0430 \u0431\u044b\u043b\u043e \u043c\u043d\u043e\u0433\u043e \u0441\u043e\u0431\u0438\u0440\u0430\u0442\u0435\u043b\u0435\u0439 \u2014 \u0440\u0430\u043d\u044c\u0448\u0435 \u0441 \u043a\u043e\u0440\u0437\u0438\u043d\u0430\u043c\u0438 \u0445\u043e\u0434\u0438\u043b\u0438 \u043a\u0430\u043a \u0437\u0430 \u0433\u0440\u0438\u0431\u0430\u043c\u0438, \u0442\u0430\u043a \u0438 \u0437\u0430 \u0447\u0435\u0440\u043d\u0438\u043a\u043e\u0439, \u0432 \u043d\u0438\u0445 \u0445\u0440\u0430\u043d\u0438\u043b\u0438 \u043e\u0432\u043e\u0449\u0438 \u0438 \u0448\u0435\u0440\u0441\u0442\u044c. \u0420\u0443\u043a\u043e\u0434\u0435\u043b\u0438\u0435 \u0442\u0430\u043a\u0436\u0435 \u0446\u0435\u043d\u0438\u0442\u0441\u044f \u0432 \u0441\u0435\u043b\u044c\u0441\u043a\u043e\u0439 \u043c\u0435\u0441\u0442\u043d\u043e\u0441\u0442\u0438, \u0438 \u0442\u0430\u043a\u0438\u043c \u043e\u0431\u0440\u0430\u0437\u043e\u043c \u0432\u044f\u0437\u0430\u043d\u0430\u044f \u043a\u043e\u0440\u0437\u0438\u043d\u043a\u0430 \u0441\u043e\u0437\u0434\u0430\u0435\u0442 \u043f\u0440\u044f\u043c\u0443\u044e \u0441\u0432\u044f\u0437\u044c \u0441 \u043f\u0440\u0438\u0440\u043e\u0434\u043e\u0439 \u0438 \u0442\u0440\u0430\u0434\u0438\u0446\u0438\u043e\u043d\u043d\u044b\u043c \u043e\u0431\u0440\u0430\u0437\u043e\u043c \u0436\u0438\u0437\u043d\u0438. \u041a\u043e\u043d\u0441\u0442\u0440\u0443\u043a\u0446\u0438\u044f \u0438 \u043c\u0430\u0442\u0435\u0440\u0438\u0430\u043b \u043a\u043e\u0440\u0437\u0438\u043d\u044b \u00ab\u0434\u044b\u0448\u0430\u0442\u00bb \u2014 \u043e\u043d\u0430 \u043f\u0440\u043e\u043f\u0443\u0441\u043a\u0430\u0435\u0442 \u0432\u043e\u0437\u0434\u0443\u0445 \u0438 \u043d\u0435 \u043f\u043e\u0437\u0432\u043e\u043b\u044f\u0435\u0442 \u0432\u043b\u0430\u0433\u0435 \u0441\u043a\u0430\u043f\u043b\u0438\u0432\u0430\u0442\u044c\u0441\u044f. \u0422\u0430\u043a\u0438\u043c \u043e\u0431\u0440\u0430\u0437\u043e\u043c, \u0434\u0430\u0436\u0435 \u0432 \u0432\u043b\u0430\u0436\u043d\u043e\u043c \u043f\u043e\u043c\u0435\u0449\u0435\u043d\u0438\u0438 \u043d\u0430 \u0434\u043d\u0435 \u043a\u043e\u0440\u0437\u0438\u043d\u044b \u043d\u0435 \u043f\u043e\u044f\u0432\u043b\u044f\u0435\u0442\u0441\u044f \u043f\u043b\u0435\u0441\u0435\u043d\u044c.<span class=\"Apple-converted-space\">\u00a0<\/span><\/p>\n<p>\u041a\u043e\u0440\u0437\u0438\u043d\u0430 \u0438\u0437\u0433\u043e\u0442\u043e\u0432\u043b\u0435\u043d\u0430 \u0432 \u0442\u0435\u0445\u043d\u0438\u043a\u0435 \u043f\u043b\u043e\u0442\u043d\u043e\u0433\u043e \u0432\u044f\u0437\u0430\u043d\u0438\u044f \u043a\u0440\u044e\u0447\u043a\u043e\u043c, \u0447\u0442\u043e\u0431\u044b \u043e\u043d\u0430 \u0445\u043e\u0440\u043e\u0448\u043e \u0434\u0435\u0440\u0436\u0430\u043b\u0430 \u0444\u043e\u0440\u043c\u0443. \u0422\u0435\u043c \u043d\u0435 \u043c\u0435\u043d\u0435\u0435, \u043f\u0440\u0438 \u043f\u0435\u0440\u0435\u043d\u043e\u0441\u043a\u0435 \u043a\u043e\u0440\u0437\u0438\u043d\u044b \u0441\u043b\u0435\u0434\u0443\u0435\u0442 \u043f\u0440\u043e\u044f\u0432\u043b\u044f\u0442\u044c \u043e\u0441\u0442\u043e\u0440\u043e\u0436\u043d\u043e\u0441\u0442\u044c. \u041a\u0440\u0430\u044f \u0441\u0434\u0435\u043b\u0430\u043d\u044b \u0431\u043e\u043b\u0435\u0435 \u0432\u044b\u0441\u043e\u043a\u0438\u043c\u0438, \u0447\u0442\u043e\u0431\u044b \u043f\u0440\u0435\u0434\u043c\u0435\u0442\u044b \u043d\u0435 \u0432\u044b\u0441\u044b\u043f\u0430\u043b\u0438\u0441\u044c.<span class=\"Apple-converted-space\">\u00a0<\/span><\/p>\n<p>\u041a\u043e\u0440\u0437\u0438\u043d\u0430 \u0438\u0437\u0433\u043e\u0442\u043e\u0432\u043b\u0435\u043d\u0430 \u0432 \u0442\u0435\u0445\u043d\u0438\u043a\u0435 \u043f\u043b\u043e\u0442\u043d\u043e\u0433\u043e \u0432\u044f\u0437\u0430\u043d\u0438\u044f \u043a\u0440\u044e\u0447\u043a\u043e\u043c, \u0447\u0442\u043e\u0431\u044b \u043e\u043d\u0430 \u0445\u043e\u0440\u043e\u0448\u043e \u0434\u0435\u0440\u0436\u0430\u043b\u0430 \u0444\u043e\u0440\u043c\u0443. \u0422\u0435\u043c \u043d\u0435 \u043c\u0435\u043d\u0435\u0435, \u043f\u0440\u0438 \u043f\u0435\u0440\u0435\u043d\u043e\u0441\u043a\u0435 \u043a\u043e\u0440\u0437\u0438\u043d\u044b \u0441\u043b\u0435\u0434\u0443\u0435\u0442 \u043f\u0440\u043e\u044f\u0432\u043b\u044f\u0442\u044c \u043e\u0441\u0442\u043e\u0440\u043e\u0436\u043d\u043e\u0441\u0442\u044c. \u041a\u0440\u0430\u044f \u0441\u0434\u0435\u043b\u0430\u043d\u044b \u0431\u043e\u043b\u0435\u0435 \u0432\u044b\u0441\u043e\u043a\u0438\u043c\u0438, \u0447\u0442\u043e\u0431\u044b \u043f\u0440\u0435\u0434\u043c\u0435\u0442\u044b \u043d\u0435 \u0432\u044b\u0441\u044b\u043f\u0430\u043b\u0438\u0441\u044c.<\/p>\n<p>\u0412 \u0441\u0432\u044f\u0437\u0438 \u0441 \u043e\u0441\u043e\u0431\u0435\u043d\u043d\u043e\u0441\u0442\u044f\u043c\u0438 \u0440\u0443\u0447\u043d\u043e\u0439 \u0440\u0430\u0431\u043e\u0442\u044b \u0440\u0430\u0437\u043c\u0435\u0440 \u043a\u043e\u0440\u0437\u0438\u043d\u044b \u043c\u043e\u0436\u0435\u0442 \u0432\u0430\u0440\u044c\u0438\u0440\u043e\u0432\u0430\u0442\u044c\u0441\u044f \u0432 \u043f\u0440\u0435\u0434\u0435\u043b\u0430\u0445 10%, \u0430 \u0438\u0437\u0434\u0435\u043b\u0438\u0435 \u043c\u043e\u0436\u0435\u0442 \u043d\u0435\u043c\u043d\u043e\u0433\u043e \u043e\u0442\u043b\u0438\u0447\u0430\u0442\u044c\u0441\u044f \u043e\u0442 \u043f\u0440\u0435\u0434\u0441\u0442\u0430\u0432\u043b\u0435\u043d\u043d\u043e\u0433\u043e \u043d\u0430 \u0444\u043e\u0442\u043e\u0433\u0440\u0430\u0444\u0438\u044f\u0445.<\/p>\n<p><b>\u041a\u043b\u044e\u0447\u0435\u0432\u044b\u0435 \u0441\u043b\u043e\u0432\u0430:<\/b> \u0432\u044f\u0437\u0430\u043d\u0430\u044f \u043a\u043e\u0440\u0437\u0438\u043d\u043a\u0430, \u043f\u043e\u0434\u0430\u0440\u043e\u043a, \u043f\u0440\u0435\u0434\u043c\u0435\u0442 \u0438\u043d\u0442\u0435\u0440\u044c\u0435\u0440\u0430, \u0443\u043a\u0440\u0430\u0448\u0435\u043d\u0438\u0435 \u0434\u043b\u044f \u0434\u043e\u043c\u0430<\/p>\n<\/div>\n<\/div>\n<\/div>\n<\/div>\n<\/div>\n<\/div>\n<\/div>\n<\/div>\n<\/div>\n<\/div>\n<\/div>\n<\/div>\n<\/div>\n<\/div>\n<\/div>","protected":false},"excerpt":{"rendered":"<p><b>\u0412\u044f\u0437\u0430\u043d\u0430\u044f \u0432\u0440\u0443\u0447\u043d\u0443\u044e \u043a\u043e\u0440\u0437\u0438\u043d\u0430 \u0434\u043b\u044f \u0445\u0440\u0430\u043d\u0435\u043d\u0438\u044f \u0432\u0435\u0449\u0435\u0439. \u042d\u0442\u0430 \u0432\u044f\u0437\u0430\u043d\u0430\u044f \u043a\u043e\u0440\u0437\u0438\u043d\u0430 \u0432 \u0441\u043a\u0430\u043d\u0434\u0438\u043d\u0430\u0432\u0441\u043a\u043e\u043c \u0441\u0442\u0438\u043b\u0435 \u0441\u043e\u0437\u0434\u0430\u0441\u0442 \u0443\u044e\u0442 \u0432 \u0432\u0430\u0448\u0435\u043c \u0434\u043e\u043c\u0435 \u0438 \u0441\u0442\u0430\u043d\u0435\u0442 \u043f\u0440\u0435\u043a\u0440\u0430\u0441\u043d\u044b\u043c \u0443\u043a\u0440\u0430\u0448\u0435\u043d\u0438\u0435\u043c \u0434\u043b\u044f \u0440\u0430\u0437\u043b\u0438\u0447\u043d\u044b\u0445 \u043f\u043e\u043c\u0435\u0449\u0435\u043d\u0438\u0439.<span class=\"Apple-converted-space\">\u00a0 <\/span>\u0412\u044b\u0441\u043e\u0442\u0430 15 \u0441\u043c, \u0434\u0438\u0430\u043c\u0435\u0442\u0440 20 \u0441\u043c. \u041a\u043e\u0440\u0437\u0438\u043d\u0430 \u0441\u0432\u044f\u0437\u0430\u043d\u0430 \u0432\u0440\u0443\u0447\u043d\u0443\u044e \u043a\u0440\u044e\u0447\u043a\u043e\u043c \u0438\u0437 \u0446\u0432\u0435\u0442\u043d\u043e\u0439 \u0442\u0440\u0438\u043a\u043e\u0442\u0430\u0436\u043d\u043e\u0439 \u043d\u0438\u0442\u0438.<\/b><b> \u0420\u0435\u043c\u0435\u0441\u043b\u0435\u043d\u043d\u0438\u043a <a href=\"https:\/\/peipsikaup.ee\/ru\/meistrid\/jaana-maoma\/\">\u042f\u0430\u043d\u0430 \u041c\u044f\u043e\u043c\u0430<\/a>.<\/b><\/p>","protected":false},"featured_media":1444,"comment_status":"open","ping_status":"closed","template":"","meta":{"site-sidebar-layout":"default","site-content-layout":"default","ast-global-header-display":"","ast-main-header-display":"","ast-hfb-above-header-display":"","ast-hfb-below-header-display":"","ast-hfb-mobile-header-display":"","site-post-title":"","ast-breadcrumbs-content":"","ast-featured-img":"","footer-sml-layout":"","theme-transparent-header-meta":"default","adv-header-id-meta":"","stick-header-meta":"default","header-above-stick-meta":"","header-main-stick-meta":"","header-below-stick-meta":""},"product_brand":[],"product_cat":[46,60],"product_tag":[53,51,52],"class_list":{"0":"post-5708","1":"product","2":"type-product","3":"status-publish","4":"has-post-thumbnail","6":"product_cat-jaana-maoma-tooted","7":"product_cat-kodukaunistus","8":"product_tag-heegeldatud","9":"product_tag-kodu","10":"product_tag-sisustus","11":"desktop-align-left","12":"tablet-align-left","13":"mobile-align-left","15":"first","16":"instock","17":"shipping-taxable","18":"purchasable","19":"product-type-simple"},"yoast_head":"<!-- This site is optimized with the Yoast SEO plugin v27.2 - https:\/\/yoast.com\/product\/yoast-seo-wordpress\/ -->\n<title>Heegeldatud korv - Peipsi kaup<\/title>\n<meta name=\"robots\" content=\"index, follow, max-snippet:-1, max-image-preview:large, max-video-preview:-1\" \/>\n<link rel=\"canonical\" href=\"https:\/\/peipsikaup.ee\/ru\/product\/heegeldatud-korv-2\/\" \/>\n<meta property=\"og:locale\" content=\"ru_RU\" \/>\n<meta property=\"og:type\" content=\"article\" \/>\n<meta property=\"og:title\" content=\"Heegeldatud korv - Peipsi kaup\" \/>\n<meta property=\"og:description\" content=\"K\u00e4sitsi heegeldatud korv esemete hoiustamiseks. See p\u00f5hjamaises stiilis heegeldatud korv muudab teie kodu hubaseks ning sobib kaunistama erinevaid ruume.\u00a0 K\u00f5rgus 15cm ja diameeter 20cm. Korv on k\u00e4sitsi heegeldatud v\u00e4rvilise trikoopaelaga. Meister Jaana M\u00e4oma.\" \/>\n<meta property=\"og:url\" content=\"https:\/\/peipsikaup.ee\/ru\/product\/heegeldatud-korv-2\/\" \/>\n<meta property=\"og:site_name\" content=\"Peipsi kaup\" \/>\n<meta property=\"article:modified_time\" content=\"2022-11-10T09:19:01+00:00\" \/>\n<meta property=\"og:image\" content=\"https:\/\/peipsikaup.ee\/wp-content\/uploads\/2021\/04\/Peipsikaup_Jaana-Maoma_heegeldatud-korv-helesinine.jpg\" \/>\n\t<meta property=\"og:image:width\" content=\"1000\" \/>\n\t<meta property=\"og:image:height\" content=\"1000\" \/>\n\t<meta property=\"og:image:type\" content=\"image\/jpeg\" \/>\n<meta name=\"twitter:card\" content=\"summary_large_image\" \/>\n<meta name=\"twitter:label1\" content=\"\u041f\u0440\u0438\u043c\u0435\u0440\u043d\u043e\u0435 \u0432\u0440\u0435\u043c\u044f \u0434\u043b\u044f \u0447\u0442\u0435\u043d\u0438\u044f\" \/>\n\t<meta name=\"twitter:data1\" content=\"1 \u043c\u0438\u043d\u0443\u0442\u0430\" \/>\n<script type=\"application\/ld+json\" class=\"yoast-schema-graph\">{\"@context\":\"https:\/\/schema.org\",\"@graph\":[{\"@type\":\"WebPage\",\"@id\":\"https:\/\/peipsikaup.ee\/toode\/heegeldatud-korv-2\/\",\"url\":\"https:\/\/peipsikaup.ee\/toode\/heegeldatud-korv-2\/\",\"name\":\"Heegeldatud korv - Peipsi kaup\",\"isPartOf\":{\"@id\":\"https:\/\/peipsikaup.ee\/#website\"},\"primaryImageOfPage\":{\"@id\":\"https:\/\/peipsikaup.ee\/toode\/heegeldatud-korv-2\/#primaryimage\"},\"image\":{\"@id\":\"https:\/\/peipsikaup.ee\/toode\/heegeldatud-korv-2\/#primaryimage\"},\"thumbnailUrl\":\"https:\/\/peipsikaup.ee\/wp-content\/uploads\/2021\/04\/Peipsikaup_Jaana-Maoma_heegeldatud-korv-helesinine.jpg\",\"datePublished\":\"2021-11-23T13:40:19+00:00\",\"dateModified\":\"2022-11-10T09:19:01+00:00\",\"breadcrumb\":{\"@id\":\"https:\/\/peipsikaup.ee\/toode\/heegeldatud-korv-2\/#breadcrumb\"},\"inLanguage\":\"ru-RU\",\"potentialAction\":[{\"@type\":\"ReadAction\",\"target\":[\"https:\/\/peipsikaup.ee\/toode\/heegeldatud-korv-2\/\"]}]},{\"@type\":\"ImageObject\",\"inLanguage\":\"ru-RU\",\"@id\":\"https:\/\/peipsikaup.ee\/toode\/heegeldatud-korv-2\/#primaryimage\",\"url\":\"https:\/\/peipsikaup.ee\/wp-content\/uploads\/2021\/04\/Peipsikaup_Jaana-Maoma_heegeldatud-korv-helesinine.jpg\",\"contentUrl\":\"https:\/\/peipsikaup.ee\/wp-content\/uploads\/2021\/04\/Peipsikaup_Jaana-Maoma_heegeldatud-korv-helesinine.jpg\",\"width\":1000,\"height\":1000,\"caption\":\"Peipsikaup meistri Jaana M\u00e4oma heegeldatud korv\"},{\"@type\":\"BreadcrumbList\",\"@id\":\"https:\/\/peipsikaup.ee\/toode\/heegeldatud-korv-2\/#breadcrumb\",\"itemListElement\":[{\"@type\":\"ListItem\",\"position\":1,\"name\":\"Home\",\"item\":\"https:\/\/peipsikaup.ee\/\"},{\"@type\":\"ListItem\",\"position\":2,\"name\":\"Pood\",\"item\":\"https:\/\/peipsikaup.ee\/pood\/\"},{\"@type\":\"ListItem\",\"position\":3,\"name\":\"Heegeldatud korv\"}]},{\"@type\":\"WebSite\",\"@id\":\"https:\/\/peipsikaup.ee\/#website\",\"url\":\"https:\/\/peipsikaup.ee\/\",\"name\":\"Peipsi kaup\",\"description\":\"eheda ja isikup\u00e4rase k\u00e4sit\u00f6\u00f6 veebipood\",\"publisher\":{\"@id\":\"https:\/\/peipsikaup.ee\/#organization\"},\"potentialAction\":[{\"@type\":\"SearchAction\",\"target\":{\"@type\":\"EntryPoint\",\"urlTemplate\":\"https:\/\/peipsikaup.ee\/?s={search_term_string}\"},\"query-input\":{\"@type\":\"PropertyValueSpecification\",\"valueRequired\":true,\"valueName\":\"search_term_string\"}}],\"inLanguage\":\"ru-RU\"},{\"@type\":\"Organization\",\"@id\":\"https:\/\/peipsikaup.ee\/#organization\",\"name\":\"Peipsi kaup\",\"url\":\"https:\/\/peipsikaup.ee\/\",\"logo\":{\"@type\":\"ImageObject\",\"inLanguage\":\"ru-RU\",\"@id\":\"https:\/\/peipsikaup.ee\/#\/schema\/logo\/image\/\",\"url\":\"https:\/\/peipsikaup.ee\/wp-content\/uploads\/2022\/01\/cropped-Peipsikaup-loho-pisike.png\",\"contentUrl\":\"https:\/\/peipsikaup.ee\/wp-content\/uploads\/2022\/01\/cropped-Peipsikaup-loho-pisike.png\",\"width\":180,\"height\":60,\"caption\":\"Peipsi kaup\"},\"image\":{\"@id\":\"https:\/\/peipsikaup.ee\/#\/schema\/logo\/image\/\"}}]}<\/script>\n<!-- \/ Yoast SEO plugin. -->","yoast_head_json":{"title":"Heegeldatud korv - Peipsi kaup","robots":{"index":"index","follow":"follow","max-snippet":"max-snippet:-1","max-image-preview":"max-image-preview:large","max-video-preview":"max-video-preview:-1"},"canonical":"https:\/\/peipsikaup.ee\/ru\/product\/heegeldatud-korv-2\/","og_locale":"ru_RU","og_type":"article","og_title":"Heegeldatud korv - Peipsi kaup","og_description":"K\u00e4sitsi heegeldatud korv esemete hoiustamiseks. See p\u00f5hjamaises stiilis heegeldatud korv muudab teie kodu hubaseks ning sobib kaunistama erinevaid ruume.\u00a0 K\u00f5rgus 15cm ja diameeter 20cm. Korv on k\u00e4sitsi heegeldatud v\u00e4rvilise trikoopaelaga. Meister Jaana M\u00e4oma.","og_url":"https:\/\/peipsikaup.ee\/ru\/product\/heegeldatud-korv-2\/","og_site_name":"Peipsi kaup","article_modified_time":"2022-11-10T09:19:01+00:00","og_image":[{"width":1000,"height":1000,"url":"https:\/\/peipsikaup.ee\/wp-content\/uploads\/2021\/04\/Peipsikaup_Jaana-Maoma_heegeldatud-korv-helesinine.jpg","type":"image\/jpeg"}],"twitter_card":"summary_large_image","twitter_misc":{"\u041f\u0440\u0438\u043c\u0435\u0440\u043d\u043e\u0435 \u0432\u0440\u0435\u043c\u044f \u0434\u043b\u044f \u0447\u0442\u0435\u043d\u0438\u044f":"1 \u043c\u0438\u043d\u0443\u0442\u0430"},"schema":{"@context":"https:\/\/schema.org","@graph":[{"@type":"WebPage","@id":"https:\/\/peipsikaup.ee\/toode\/heegeldatud-korv-2\/","url":"https:\/\/peipsikaup.ee\/toode\/heegeldatud-korv-2\/","name":"Heegeldatud korv - Peipsi kaup","isPartOf":{"@id":"https:\/\/peipsikaup.ee\/#website"},"primaryImageOfPage":{"@id":"https:\/\/peipsikaup.ee\/toode\/heegeldatud-korv-2\/#primaryimage"},"image":{"@id":"https:\/\/peipsikaup.ee\/toode\/heegeldatud-korv-2\/#primaryimage"},"thumbnailUrl":"https:\/\/peipsikaup.ee\/wp-content\/uploads\/2021\/04\/Peipsikaup_Jaana-Maoma_heegeldatud-korv-helesinine.jpg","datePublished":"2021-11-23T13:40:19+00:00","dateModified":"2022-11-10T09:19:01+00:00","breadcrumb":{"@id":"https:\/\/peipsikaup.ee\/toode\/heegeldatud-korv-2\/#breadcrumb"},"inLanguage":"ru-RU","potentialAction":[{"@type":"ReadAction","target":["https:\/\/peipsikaup.ee\/toode\/heegeldatud-korv-2\/"]}]},{"@type":"ImageObject","inLanguage":"ru-RU","@id":"https:\/\/peipsikaup.ee\/toode\/heegeldatud-korv-2\/#primaryimage","url":"https:\/\/peipsikaup.ee\/wp-content\/uploads\/2021\/04\/Peipsikaup_Jaana-Maoma_heegeldatud-korv-helesinine.jpg","contentUrl":"https:\/\/peipsikaup.ee\/wp-content\/uploads\/2021\/04\/Peipsikaup_Jaana-Maoma_heegeldatud-korv-helesinine.jpg","width":1000,"height":1000,"caption":"Peipsikaup meistri Jaana M\u00e4oma heegeldatud korv"},{"@type":"BreadcrumbList","@id":"https:\/\/peipsikaup.ee\/toode\/heegeldatud-korv-2\/#breadcrumb","itemListElement":[{"@type":"ListItem","position":1,"name":"Home","item":"https:\/\/peipsikaup.ee\/"},{"@type":"ListItem","position":2,"name":"Pood","item":"https:\/\/peipsikaup.ee\/pood\/"},{"@type":"ListItem","position":3,"name":"Heegeldatud korv"}]},{"@type":"WebSite","@id":"https:\/\/peipsikaup.ee\/#website","url":"https:\/\/peipsikaup.ee\/","name":"\u0422\u043e\u0440\u0433\u043e\u0432\u043b\u044f \u043d\u0430 \u0427\u0443\u0434\u0441\u043a\u043e\u043c \u043e\u0441\u0442\u0440\u043e\u0432\u0435","description":"eheda ja isikup\u00e4rase k\u00e4sit\u00f6\u00f6 veebipood","publisher":{"@id":"https:\/\/peipsikaup.ee\/#organization"},"potentialAction":[{"@type":"SearchAction","target":{"@type":"EntryPoint","urlTemplate":"https:\/\/peipsikaup.ee\/?s={search_term_string}"},"query-input":{"@type":"PropertyValueSpecification","valueRequired":true,"valueName":"search_term_string"}}],"inLanguage":"ru-RU"},{"@type":"Organization","@id":"https:\/\/peipsikaup.ee\/#organization","name":"\u0422\u043e\u0440\u0433\u043e\u0432\u043b\u044f \u043d\u0430 \u0427\u0443\u0434\u0441\u043a\u043e\u043c \u043e\u0441\u0442\u0440\u043e\u0432\u0435","url":"https:\/\/peipsikaup.ee\/","logo":{"@type":"ImageObject","inLanguage":"ru-RU","@id":"https:\/\/peipsikaup.ee\/#\/schema\/logo\/image\/","url":"https:\/\/peipsikaup.ee\/wp-content\/uploads\/2022\/01\/cropped-Peipsikaup-loho-pisike.png","contentUrl":"https:\/\/peipsikaup.ee\/wp-content\/uploads\/2022\/01\/cropped-Peipsikaup-loho-pisike.png","width":180,"height":60,"caption":"Peipsi kaup"},"image":{"@id":"https:\/\/peipsikaup.ee\/#\/schema\/logo\/image\/"}}]}},"_links":{"self":[{"href":"https:\/\/peipsikaup.ee\/ru\/wp-json\/wp\/v2\/product\/5708","targetHints":{"allow":["GET"]}}],"collection":[{"href":"https:\/\/peipsikaup.ee\/ru\/wp-json\/wp\/v2\/product"}],"about":[{"href":"https:\/\/peipsikaup.ee\/ru\/wp-json\/wp\/v2\/types\/product"}],"replies":[{"embeddable":true,"href":"https:\/\/peipsikaup.ee\/ru\/wp-json\/wp\/v2\/comments?post=5708"}],"wp:featuredmedia":[{"embeddable":true,"href":"https:\/\/peipsikaup.ee\/ru\/wp-json\/wp\/v2\/media\/1444"}],"wp:attachment":[{"href":"https:\/\/peipsikaup.ee\/ru\/wp-json\/wp\/v2\/media?parent=5708"}],"wp:term":[{"taxonomy":"product_brand","embeddable":true,"href":"https:\/\/peipsikaup.ee\/ru\/wp-json\/wp\/v2\/product_brand?post=5708"},{"taxonomy":"product_cat","embeddable":true,"href":"https:\/\/peipsikaup.ee\/ru\/wp-json\/wp\/v2\/product_cat?post=5708"},{"taxonomy":"product_tag","embeddable":true,"href":"https:\/\/peipsikaup.ee\/ru\/wp-json\/wp\/v2\/product_tag?post=5708"}],"curies":[{"name":"wp","href":"https:\/\/api.w.org\/{rel}","templated":true}]}}