{"id":5652,"date":"2021-11-23T12:59:21","date_gmt":"2021-11-23T12:59:21","guid":{"rendered":"https:\/\/peipsikaup.ee\/?post_type=product&#038;p=5652"},"modified":"2026-02-03T11:59:46","modified_gmt":"2026-02-03T11:59:46","slug":"pross-sustikpitsiga-2","status":"publish","type":"product","link":"https:\/\/peipsikaup.ee\/ru\/product\/pross-sustikpitsiga-2\/","title":{"rendered":"\u0411\u0440\u043e\u0448\u044c \u0432 \u0442\u0435\u0445\u043d\u0438\u043a\u0435 \"\u0424\u0440\u0438\u0432\u043e\u043b\u0438\u0442\u0435\""},"content":{"rendered":"<p><strong>\u0411\u0440\u043e\u0448\u044c \u0441 \u0437\u0430\u0441\u0442\u0435\u0436\u043a\u043e\u0439-\u0448\u043f\u0438\u043b\u044c\u043a\u043e\u0439 \u043f\u043e\u0437\u0432\u043e\u043b\u0438\u0442 \u043e\u0436\u0438\u0432\u0438\u0442\u044c \u0432\u0430\u0448 \u043d\u0430\u0440\u044f\u0434 \u0441 \u043f\u043e\u043c\u043e\u0449\u044c\u044e \u043e\u0440\u0438\u0433\u0438\u043d\u0430\u043b\u044c\u043d\u043e\u0433\u043e \u0438 \u0432\u044b\u0441\u043e\u043a\u043e\u043a\u0430\u0447\u0435\u0441\u0442\u0432\u0435\u043d\u043d\u043e\u0433\u043e \u044d\u043b\u0435\u043c\u0435\u043d\u0442\u0430 \u0440\u0443\u0447\u043d\u043e\u0439 \u0440\u0430\u0431\u043e\u0442\u044b. \u042d\u0442\u043e\u0442 \u043d\u0435\u043e\u0431\u044b\u0447\u043d\u044b\u0439 \u0430\u043a\u0441\u0435\u0441\u0441\u0443\u0430\u0440 \u043f\u0440\u0438\u0434\u0430\u0441\u0442 \u043f\u043e\u0434\u0445\u043e\u0434\u044f\u0449\u0435\u043c\u0443 \u043f\u043b\u0430\u0442\u044c\u044e \u043d\u043e\u0432\u0443\u044e \u0436\u0438\u0437\u043d\u044c \u0438 \u0431\u043e\u043b\u0435\u0435 \u0442\u043e\u0440\u0436\u0435\u0441\u0442\u0432\u0435\u043d\u043d\u044b\u0439 \u0432\u0438\u0434. \u0411\u0440\u043e\u0448\u044c \u0434\u043e\u0441\u0442\u0430\u0442\u043e\u0447\u043d\u043e \u044d\u043b\u0435\u0433\u0430\u043d\u0442\u043d\u0430 \u0438 \u0441\u0430\u043c\u043e\u0431\u044b\u0442\u043d\u0430, \u0447\u0442\u043e\u0431\u044b \u043d\u043e\u0441\u0438\u0442\u044c \u0435\u0451 \u043a\u0430\u043a \u0432 \u043f\u043e\u0432\u0441\u0435\u0434\u043d\u0435\u0432\u043d\u043e\u0439 \u0436\u0438\u0437\u043d\u0438, \u0442\u0430\u043a \u0438 \u043d\u0430 \u0442\u043e\u0440\u0436\u0435\u0441\u0442\u0432\u0435\u043d\u043d\u044b\u0445 \u043c\u0435\u0440\u043e\u043f\u0440\u0438\u044f\u0442\u0438\u044f\u0445.<span class=\"Apple-converted-space\">\u00a0<\/span><\/strong><\/p>\n<p>\u0411\u0440\u043e\u0448\u044c \u0432 \u0444\u043e\u0440\u043c\u0435 \u0441\u0435\u0440\u0434\u0446\u0430 \u043f\u043e\u0434\u043e\u0439\u0434\u0435\u0442 \u043a\u0430\u043a \u043a \u0414\u043d\u044e \u043c\u0430\u0442\u0435\u0440\u0438, \u0442\u0430\u043a \u0438 \u043a \u0414\u043d\u044e \u0434\u0440\u0443\u0436\u0431\u044b \u0438\u043b\u0438 \u044e\u0431\u0438\u043b\u0435\u044e. \u0411\u0440\u043e\u0448\u044c \u0441 \u0437\u0430\u0441\u0442\u0435\u0436\u043a\u043e\u0439-\u043a\u0430\u0440\u0430\u0431\u0438\u043d\u043e\u043c \u2014 \u044d\u0442\u043e \u043f\u043e\u0434\u0430\u0440\u043e\u043a, \u043a\u043e\u0442\u043e\u0440\u044b\u0439 \u043d\u0435 \u043d\u0430\u043d\u043e\u0441\u0438\u0442 \u043b\u0438\u0448\u043d\u0435\u0433\u043e \u0432\u0440\u0435\u0434\u0430 \u043e\u043a\u0440\u0443\u0436\u0430\u044e\u0449\u0435\u0439 \u0441\u0440\u0435\u0434\u0435, \u0434\u043e\u043b\u0433\u043e \u0440\u0430\u0434\u0443\u0435\u0442 \u0438 \u043c\u043e\u0436\u0435\u0442 \u0441\u043b\u0443\u0436\u0438\u0442\u044c \u0443\u043d\u0438\u0432\u0435\u0440\u0441\u0430\u043b\u044c\u043d\u044b\u043c \u0443\u043a\u0440\u0430\u0448\u0435\u043d\u0438\u0435\u043c. \u0414\u043e\u0432\u043e\u043b\u044c\u043d\u043e \u0447\u0430\u0441\u0442\u043e \u0431\u0440\u043e\u0448\u044c \u0442\u0430\u043a\u043e\u0433\u043e \u0442\u0438\u043f\u0430 \u043f\u043e\u043a\u0443\u043f\u0430\u044e\u0442 \u0434\u043b\u044f \u043f\u043e\u0434\u0430\u0440\u043a\u0430 \u0437\u0430 \u0433\u0440\u0430\u043d\u0438\u0446\u0443, \u0442\u0430\u043a \u043a\u0430\u043a \u043e\u043d\u0430 \u043a\u043e\u043c\u043f\u0430\u043a\u0442\u043d\u0430, \u043a\u0430\u0447\u0435\u0441\u0442\u0432\u0435\u043d\u043d\u0430, \u043e\u0440\u0438\u0433\u0438\u043d\u0430\u043b\u044c\u043d\u0430 \u0438 \u043e\u0447\u0435\u043d\u044c \u043f\u0440\u0430\u043a\u0442\u0438\u0447\u043d\u0430. \u041f\u043e \u0443\u0440\u043e\u0432\u043d\u044e \u043a\u0430\u0447\u0435\u0441\u0442\u0432\u0430 \u044d\u0442\u043e \u043c\u0435\u0434\u043b\u0435\u043d\u043d\u043e \u0438\u0437\u0433\u043e\u0442\u0430\u0432\u043b\u0438\u0432\u0430\u0435\u043c\u043e\u0435 \u0440\u0443\u043a\u043e\u0434\u0435\u043b\u0438\u0435, \u043a\u043e\u0442\u043e\u0440\u043e\u0435 \u043c\u043e\u0436\u043d\u043e \u043f\u0435\u0440\u0435\u0434\u0430\u0442\u044c \u0432 \u043d\u0430\u0441\u043b\u0435\u0434\u0441\u0442\u0432\u043e \u0431\u0443\u0434\u0443\u0449\u0438\u043c \u043f\u043e\u043a\u043e\u043b\u0435\u043d\u0438\u044f\u043c.<\/p>\n<p>\u0412\u043d\u0443\u0442\u0440\u0438 \u0431\u0440\u043e\u0448\u043a\u0438 \u043d\u0430\u0445\u043e\u0434\u0438\u0442\u0441\u044f \u0448\u0435\u0440\u0441\u0442\u044f\u043d\u043e\u0439 \u043c\u0430\u0442\u0435\u0440\u0438\u0430\u043b, \u0441\u043b\u043e\u0436\u0435\u043d\u043d\u044b\u0439 \u0441\u043b\u043e\u044f\u043c\u0438, \u0430 \u043d\u0435 \u0432\u0430\u0442\u0438\u043d. \u0421\u043b\u043e\u0438 \u043f\u043e\u0441\u0442\u0435\u043f\u0435\u043d\u043d\u043e \u0443\u043c\u0435\u043d\u044c\u0448\u0430\u044e\u0442\u0441\u044f \u0432 \u0440\u0430\u0437\u043c\u0435\u0440\u0435 \u0438 \u043d\u0435 \u0441\u043c\u0435\u0449\u0430\u044e\u0442\u0441\u044f \u0432 \u043a\u0430\u043a\u0443\u044e-\u043b\u0438\u0431\u043e \u0441\u0442\u043e\u0440\u043e\u043d\u0443 \u2014 \u0442\u0430\u043a\u0430\u044f \u0444\u043e\u0440\u043c\u0430 \u0441\u043e\u0445\u0440\u0430\u043d\u044f\u0435\u0442\u0441\u044f \u0432 \u043d\u0435\u0438\u0437\u043c\u0435\u043d\u043d\u043e\u043c \u0432\u0438\u0434\u0435 \u043d\u0430 \u043f\u0440\u043e\u0442\u044f\u0436\u0435\u043d\u0438\u0438 \u043c\u043d\u043e\u0433\u0438\u0445 \u043b\u0435\u0442. \u041d\u0430\u0434\u0435\u0436\u043d\u043e\u0435 \u043a\u0440\u0435\u043f\u043b\u0435\u043d\u0438\u0435 \u0438\u0441\u043a\u043b\u044e\u0447\u0430\u0435\u0442 \u0441\u043b\u0443\u0447\u0430\u0439\u043d\u043e\u0435 \u043f\u0430\u0434\u0435\u043d\u0438\u0435 \u0431\u0440\u043e\u0448\u043a\u0438. \u041a\u0440\u0435\u043f\u043b\u0435\u043d\u0438\u0435 \u0434\u043e\u0441\u0442\u0430\u0442\u043e\u0447\u043d\u043e \u0431\u043e\u043b\u044c\u0448\u043e\u0435, \u0447\u0442\u043e\u0431\u044b \u0443\u0434\u0435\u0440\u0436\u0438\u0432\u0430\u0442\u044c \u0431\u0440\u043e\u0448\u043a\u0443 \u0441\u0442\u0430\u0431\u0438\u043b\u044c\u043d\u043e \u043d\u0430 \u043c\u0435\u0441\u0442\u0435, \u043d\u0435 \u0434\u0430\u0432\u0430\u044f \u0435\u0439 \u0431\u043e\u043b\u0442\u0430\u0442\u044c\u0441\u044f.<span class=\"Apple-converted-space\">\u00a0<\/span><\/p>\n<p>\u0414\u0438\u0430\u043c\u0435\u0442\u0440 \u2014 5,5 \u0441\u043c, \u0432\u044b\u0441\u043e\u0442\u0430 \u2014 \u0447\u0443\u0442\u044c \u043c\u0435\u043d\u044c\u0448\u0435 \u0441\u0430\u043d\u0442\u0438\u043c\u0435\u0442\u0440\u0430, \u0441\u0442\u0435\u043a\u043b\u044f\u043d\u043d\u044b\u0435 \u0431\u0443\u0441\u0438\u043d\u044b, \u0434\u043b\u044f \u043a\u0440\u0443\u0436\u0435\u0432\u0430 \u0438\u0441\u043f\u043e\u043b\u044c\u0437\u043e\u0432\u0430\u043d\u0430 \u0445\u043b\u043e\u043f\u043a\u043e\u0432\u0430\u044f \u043d\u0438\u0442\u044c \u2116 40 (\u043d\u0430 \u0441\u0435\u0440\u043e\u0439 \u0431\u0440\u043e\u0448\u043a\u0435 \u2014 \u043d\u0438\u0442\u044c \u2116 80, \u0430 \u0443\u0437\u0435\u043b\u043a\u043e\u0432 \u0435\u0449\u0451 \u0431\u043e\u043b\u044c\u0448\u0435), \u043a\u0440\u0435\u043f\u043b\u0435\u043d\u0438\u0435 \u0441\u0437\u0430\u0434\u0438 \u043f\u0440\u043e\u0447\u043d\u043e\u0435, \u043d\u0430\u043f\u043e\u043b\u043d\u0438\u0442\u0435\u043b\u044c \u0438\u0437\u0433\u043e\u0442\u043e\u0432\u043b\u0435\u043d \u0438\u0437 \u0432\u0442\u043e\u0440\u0438\u0447\u043d\u043e\u0433\u043e \u0441\u044b\u0440\u044c\u044f. \u041f\u0440\u0438 \u043d\u0435\u043e\u0431\u0445\u043e\u0434\u0438\u043c\u043e\u0441\u0442\u0438 \u043c\u043e\u0436\u043d\u043e \u0441\u0442\u0438\u0440\u0430\u0442\u044c \u0432\u0440\u0443\u0447\u043d\u0443\u044e.<\/p>\n<p>\u041f\u0440\u0438 \u0436\u0435\u043b\u0430\u043d\u0438\u0438 \u043c\u043e\u0436\u043d\u043e \u0442\u0430\u043a\u0436\u0435 \u043f\u043e\u0434\u043e\u0431\u0440\u0430\u0442\u044c <a href=\"https:\/\/peipsikaup.ee\/ru\/product\/sustikpitsi-tehnikas-korvarongad\/\">\u0441\u0435\u0440\u044c\u0433\u0438<\/a>. \u0415\u0441\u043b\u0438 \u0432\u044b \u0445\u043e\u0442\u0438\u0442\u0435 \u043f\u043e\u043b\u0443\u0447\u0438\u0442\u044c \u0431\u0440\u043e\u0448\u044c \u0434\u0440\u0443\u0433\u043e\u0433\u043e \u0446\u0432\u0435\u0442\u0430, \u0447\u0435\u043c \u043f\u0440\u0435\u0434\u043b\u0430\u0433\u0430\u0435\u0442\u0441\u044f, \u0441\u0440\u043e\u043a \u0438\u0437\u0433\u043e\u0442\u043e\u0432\u043b\u0435\u043d\u0438\u044f \u0437\u0430\u043a\u0430\u0437\u0430 \u0441\u043e\u0441\u0442\u0430\u0432\u0438\u0442 \u0434\u043e \u0434\u0432\u0443\u0445 \u043d\u0435\u0434\u0435\u043b\u044c.<\/p>\n<p>\u0423\u0437\u043e\u0440\u044b \u043a\u0440\u0443\u0436\u0435\u0432\u0430 \u00ab\u0421\u044e\u0441\u0442\u0438\u043a\u00bb \u0432\u0434\u043e\u0445\u043d\u043e\u0432\u043b\u0435\u043d\u044b \u0432\u0440\u0435\u043c\u0435\u043d\u0435\u043c \u0440\u0430\u0441\u0446\u0432\u0435\u0442\u0430 \u0443\u0441\u0430\u0434\u044c\u0431\u044b \u0420\u044f\u043f\u0438\u043d\u0430, \u0438\u043b\u0438 \u0437\u0430\u043c\u043a\u0430 \u0421\u0438\u043b\u043b\u0430\u043f\u0430\u0430, \u0441 \u0441\u0435\u0440\u0435\u0434\u0438\u043d\u044b XIX \u0434\u043e \u043d\u0430\u0447\u0430\u043b\u0430 XX \u0432\u0435\u043a\u0430, \u043a\u043e\u0433\u0434\u0430 \u0434\u0435\u0432\u0443\u0448\u043a\u0438 \u0438 \u0434\u0430\u043c\u044b \u0438\u0437 \u0437\u0430\u043c\u043a\u0430 \u0435\u0436\u0435\u0434\u043d\u0435\u0432\u043d\u043e \u043d\u043e\u0441\u0438\u043b\u0438 \u043a\u0440\u0430\u0441\u0438\u0432\u044b\u0435 \u043a\u0440\u0443\u0436\u0435\u0432\u043d\u044b\u0435 \u043d\u0430\u0440\u044f\u0434\u044b. \u0421\u0435\u0433\u043e\u0434\u043d\u044f \u0442\u0430\u043a\u0430\u044f \u043a\u0440\u0443\u0436\u0435\u0432\u043d\u0430\u044f \u043e\u0442\u0434\u0435\u043b\u043a\u0430 \u0432 \u0441\u0442\u0438\u043b\u0435 \u0432\u0438\u043a\u0442\u043e\u0440\u0438\u0430\u043d\u0441\u043a\u043e\u0439 \u044d\u043f\u043e\u0445\u0438 \u0434\u0430\u0436\u0435 \u043d\u0430 \u043d\u0435\u0431\u043e\u043b\u044c\u0448\u043e\u043c \u0430\u043a\u0441\u0435\u0441\u0441\u0443\u0430\u0440\u0435 \u043f\u043e\u0434\u0447\u0435\u0440\u043a\u0438\u0432\u0430\u0435\u0442 \u043e\u0441\u043e\u0431\u044b\u0439 \u0441\u0442\u0438\u043b\u044c \u0432\u043b\u0430\u0434\u0435\u043b\u0438\u0446\u044b \u0438\u043b\u0438 \u0438\u0441\u043a\u043b\u044e\u0447\u0438\u0442\u0435\u043b\u044c\u043d\u043e\u0441\u0442\u044c \u0432\u044b\u0431\u0440\u0430\u043d\u043d\u043e\u0433\u043e \u0434\u043b\u044f \u043d\u043e\u0448\u0435\u043d\u0438\u044f \u0441\u043b\u0443\u0447\u0430\u044f.<\/p>\n<p><b>\u041a\u043b\u044e\u0447\u0435\u0432\u044b\u0435 \u0441\u043b\u043e\u0432\u0430:<\/b> \u042e\u0432\u0435\u043b\u0438\u0440\u043d\u044b\u0435 \u0438\u0437\u0434\u0435\u043b\u0438\u044f<b>. <\/b>\u041e\u0440\u0438\u0433\u0438\u043d\u0430\u043b\u044c\u043d\u0430\u044f \u0431\u0440\u043e\u0448\u044c, \u043a\u043e\u0442\u043e\u0440\u0443\u044e \u043c\u043e\u0436\u043d\u043e \u043d\u043e\u0441\u0438\u0442\u044c \u043a\u0430\u043a \u043b\u0435\u0442\u043e\u043c, \u0442\u0430\u043a \u0438 \u0437\u0438\u043c\u043e\u0439. \u0412\u043e\u0434\u043e\u043e\u0442\u0442\u0430\u043b\u043a\u0438\u0432\u0430\u044e\u0449\u0430\u044f. \u0421\u0442\u0440\u0438\u043d\u0433-\u043f\u0438\u0446. \u0411\u0440\u043e\u0448\u044c \u0438\u0437 \u043a\u0440\u0443\u0436\u0435\u0432\u0430 \u0432 \u0442\u0435\u0445\u043d\u0438\u043a\u0435 \u00ab\u0442\u044d\u0442\u0442\u0438\u043d\u0433\u00bb<\/p>","protected":false},"excerpt":{"rendered":"<p><b>\u0411\u0440\u043e\u0448\u044c \u0441 \u0448\u0442\u0438\u0444\u0442\u043e\u0432\u043e\u0439 \u0437\u0430\u0441\u0442\u0435\u0436\u043a\u043e\u0439, \u0443\u043a\u0440\u0430\u0448\u0435\u043d\u043d\u0430\u044f  \u0438 \u0441\u0442\u0435\u043a\u043b\u044f\u043d\u043d\u044b\u043c\u0438 \u0431\u0443\u0441\u0438\u043d\u0430\u043c\u0438, \u2014 \u044d\u0442\u043e \u043e\u0440\u0438\u0433\u0438\u043d\u0430\u043b\u044c\u043d\u043e\u0435 \u0443\u043a\u0440\u0430\u0448\u0435\u043d\u0438\u0435, \u043a\u043e\u0442\u043e\u0440\u043e\u0435 \u043c\u043e\u0436\u043d\u043e \u043d\u043e\u0441\u0438\u0442\u044c \u043a\u0430\u043a \u043b\u0435\u0442\u043e\u043c, \u0442\u0430\u043a \u0438 \u0437\u0438\u043c\u043e\u0439. \u0411\u0440\u043e\u0448\u044c \u0441 \u043a\u0440\u0443\u0436\u0435\u0432\u043e\u043c \u0438\u0437\u0433\u043e\u0442\u043e\u0432\u043b\u0435\u043d\u0430 \u043f\u043e\u043b\u043d\u043e\u0441\u0442\u044c\u044e \u0432\u0440\u0443\u0447\u043d\u0443\u044e \u0438 \u043f\u0440\u0438\u043a\u0440\u0435\u043f\u043b\u0435\u043d\u0430 \u0432\u0440\u0443\u0447\u043d\u0443\u044e \u043a \u043c\u0430\u0442\u0435\u0440\u0438\u0430\u043b\u0443, \u043f\u043e\u0445\u043e\u0436\u0435\u043c\u0443 \u043d\u0430 \u0448\u0435\u0440\u0441\u0442\u044c. \u0423\u043f\u0430\u043a\u043e\u0432\u0430\u043d\u0430 \u0432 \u043a\u043e\u0440\u043e\u0431\u043a\u0443 \u0441 \u043e\u043a\u043e\u0448\u043a\u043e\u043c \u0440\u0430\u0437\u043c\u0435\u0440\u043e\u043c 7,5 x 7,5 x 2 \u0441\u043c. \u0417\u0430\u043a\u0430\u0437\u0447\u0438\u043a \u043c\u043e\u0436\u0435\u0442 \u0432\u044b\u0431\u0440\u0430\u0442\u044c \u0446\u0432\u0435\u0442 \u043a\u0440\u0443\u0436\u0435\u0432\u0430.<\/b><b> \u0420\u0435\u043c\u0435\u0441\u043b\u0435\u043d\u043d\u0438\u043a <a href=\"https:\/\/peipsikaup.ee\/ru\/meistrid\/karin-otsus\/\">\u041a\u0430\u0440\u0438\u043d \u0420\u0435\u0448<\/a>.<\/b><\/p>","protected":false},"featured_media":2102,"comment_status":"open","ping_status":"closed","template":"","meta":{"site-sidebar-layout":"default","site-content-layout":"default","ast-global-header-display":"","ast-main-header-display":"","ast-hfb-above-header-display":"","ast-hfb-below-header-display":"","ast-hfb-mobile-header-display":"","site-post-title":"","ast-breadcrumbs-content":"","ast-featured-img":"","footer-sml-layout":"","theme-transparent-header-meta":"default","adv-header-id-meta":"","stick-header-meta":"default","header-above-stick-meta":"","header-main-stick-meta":"","header-below-stick-meta":""},"product_brand":[],"product_cat":[75,18,76],"product_tag":[58,48],"class_list":{"0":"post-5652","1":"product","2":"type-product","3":"status-publish","4":"has-post-thumbnail","6":"product_cat-aksessuaarid","7":"product_cat-ehted","8":"product_cat-karin-otsuse-tooted","9":"product_tag-pidu","10":"product_tag-sunnipaev","11":"desktop-align-left","12":"tablet-align-left","13":"mobile-align-left","15":"first","16":"instock","17":"shipping-taxable","18":"purchasable","19":"product-type-simple"},"yoast_head":"<!-- This site is optimized with the Yoast SEO plugin v27.2 - https:\/\/yoast.com\/product\/yoast-seo-wordpress\/ -->\n<title>Pross s\u00fcstikpitsiga - Peipsi kaup<\/title>\n<meta name=\"robots\" content=\"index, follow, max-snippet:-1, max-image-preview:large, max-video-preview:-1\" \/>\n<link rel=\"canonical\" href=\"https:\/\/peipsikaup.ee\/ru\/product\/pross-sustikpitsiga-2\/\" \/>\n<meta property=\"og:locale\" content=\"ru_RU\" \/>\n<meta property=\"og:type\" content=\"article\" \/>\n<meta property=\"og:title\" content=\"Pross s\u00fcstikpitsiga - Peipsi kaup\" \/>\n<meta property=\"og:description\" content=\"S\u00fcstikpitsiga ja klaasp\u00e4rlitega kaunistatud pross on oman\u00e4oline ehe, mis sobib kandmiseks nii suvel kui talvel. Pross s\u00fcstikpitsiga on valminud t\u00e4ielikult k\u00e4sit\u00f6\u00f6na ning kinnitatud k\u00e4sitsi villasesarnase materjali peale. Pakendatud aknakesega karpi, mille m\u00f5\u00f5dud on 7,5 x7,5 x 2cm. Tellijal on v\u00f5imalik valida pitsi v\u00e4rvi. Meister Karin Otsus.\" \/>\n<meta property=\"og:url\" content=\"https:\/\/peipsikaup.ee\/ru\/product\/pross-sustikpitsiga-2\/\" \/>\n<meta property=\"og:site_name\" content=\"Peipsi kaup\" \/>\n<meta property=\"article:modified_time\" content=\"2026-02-03T11:59:46+00:00\" \/>\n<meta property=\"og:image\" content=\"https:\/\/peipsikaup.ee\/wp-content\/uploads\/2021\/06\/Peipsikaup_meister_Karin-Otsus_pross-sustikpitsiga-5.jpg\" \/>\n\t<meta property=\"og:image:width\" content=\"1000\" \/>\n\t<meta property=\"og:image:height\" content=\"1000\" \/>\n\t<meta property=\"og:image:type\" content=\"image\/jpeg\" \/>\n<meta name=\"twitter:card\" content=\"summary_large_image\" \/>\n<meta name=\"twitter:label1\" content=\"\u041f\u0440\u0438\u043c\u0435\u0440\u043d\u043e\u0435 \u0432\u0440\u0435\u043c\u044f \u0434\u043b\u044f \u0447\u0442\u0435\u043d\u0438\u044f\" \/>\n\t<meta name=\"twitter:data1\" content=\"2 \u043c\u0438\u043d\u0443\u0442\u044b\" \/>\n<script type=\"application\/ld+json\" class=\"yoast-schema-graph\">{\"@context\":\"https:\/\/schema.org\",\"@graph\":[{\"@type\":\"WebPage\",\"@id\":\"https:\/\/peipsikaup.ee\/toode\/pross-sustikpitsiga-2\/\",\"url\":\"https:\/\/peipsikaup.ee\/toode\/pross-sustikpitsiga-2\/\",\"name\":\"Pross s\u00fcstikpitsiga - Peipsi kaup\",\"isPartOf\":{\"@id\":\"https:\/\/peipsikaup.ee\/#website\"},\"primaryImageOfPage\":{\"@id\":\"https:\/\/peipsikaup.ee\/toode\/pross-sustikpitsiga-2\/#primaryimage\"},\"image\":{\"@id\":\"https:\/\/peipsikaup.ee\/toode\/pross-sustikpitsiga-2\/#primaryimage\"},\"thumbnailUrl\":\"https:\/\/peipsikaup.ee\/wp-content\/uploads\/2021\/06\/Peipsikaup_meister_Karin-Otsus_pross-sustikpitsiga-5.jpg\",\"datePublished\":\"2021-11-23T12:59:21+00:00\",\"dateModified\":\"2026-02-03T11:59:46+00:00\",\"breadcrumb\":{\"@id\":\"https:\/\/peipsikaup.ee\/toode\/pross-sustikpitsiga-2\/#breadcrumb\"},\"inLanguage\":\"ru-RU\",\"potentialAction\":[{\"@type\":\"ReadAction\",\"target\":[\"https:\/\/peipsikaup.ee\/toode\/pross-sustikpitsiga-2\/\"]}]},{\"@type\":\"ImageObject\",\"inLanguage\":\"ru-RU\",\"@id\":\"https:\/\/peipsikaup.ee\/toode\/pross-sustikpitsiga-2\/#primaryimage\",\"url\":\"https:\/\/peipsikaup.ee\/wp-content\/uploads\/2021\/06\/Peipsikaup_meister_Karin-Otsus_pross-sustikpitsiga-5.jpg\",\"contentUrl\":\"https:\/\/peipsikaup.ee\/wp-content\/uploads\/2021\/06\/Peipsikaup_meister_Karin-Otsus_pross-sustikpitsiga-5.jpg\",\"width\":1000,\"height\":1000,\"caption\":\"Peipsikaup pitsimeister Karin Otsus pross s\u00fcstikpitsiga.\"},{\"@type\":\"BreadcrumbList\",\"@id\":\"https:\/\/peipsikaup.ee\/toode\/pross-sustikpitsiga-2\/#breadcrumb\",\"itemListElement\":[{\"@type\":\"ListItem\",\"position\":1,\"name\":\"Home\",\"item\":\"https:\/\/peipsikaup.ee\/\"},{\"@type\":\"ListItem\",\"position\":2,\"name\":\"Pood\",\"item\":\"https:\/\/peipsikaup.ee\/pood\/\"},{\"@type\":\"ListItem\",\"position\":3,\"name\":\"Pross s\u00fcstikpitsiga\"}]},{\"@type\":\"WebSite\",\"@id\":\"https:\/\/peipsikaup.ee\/#website\",\"url\":\"https:\/\/peipsikaup.ee\/\",\"name\":\"Peipsi kaup\",\"description\":\"eheda ja isikup\u00e4rase k\u00e4sit\u00f6\u00f6 veebipood\",\"publisher\":{\"@id\":\"https:\/\/peipsikaup.ee\/#organization\"},\"potentialAction\":[{\"@type\":\"SearchAction\",\"target\":{\"@type\":\"EntryPoint\",\"urlTemplate\":\"https:\/\/peipsikaup.ee\/?s={search_term_string}\"},\"query-input\":{\"@type\":\"PropertyValueSpecification\",\"valueRequired\":true,\"valueName\":\"search_term_string\"}}],\"inLanguage\":\"ru-RU\"},{\"@type\":\"Organization\",\"@id\":\"https:\/\/peipsikaup.ee\/#organization\",\"name\":\"Peipsi kaup\",\"url\":\"https:\/\/peipsikaup.ee\/\",\"logo\":{\"@type\":\"ImageObject\",\"inLanguage\":\"ru-RU\",\"@id\":\"https:\/\/peipsikaup.ee\/#\/schema\/logo\/image\/\",\"url\":\"https:\/\/peipsikaup.ee\/wp-content\/uploads\/2022\/01\/cropped-Peipsikaup-loho-pisike.png\",\"contentUrl\":\"https:\/\/peipsikaup.ee\/wp-content\/uploads\/2022\/01\/cropped-Peipsikaup-loho-pisike.png\",\"width\":180,\"height\":60,\"caption\":\"Peipsi kaup\"},\"image\":{\"@id\":\"https:\/\/peipsikaup.ee\/#\/schema\/logo\/image\/\"}}]}<\/script>\n<!-- \/ Yoast SEO plugin. -->","yoast_head_json":{"title":"Pross s\u00fcstikpitsiga - Peipsi kaup","robots":{"index":"index","follow":"follow","max-snippet":"max-snippet:-1","max-image-preview":"max-image-preview:large","max-video-preview":"max-video-preview:-1"},"canonical":"https:\/\/peipsikaup.ee\/ru\/product\/pross-sustikpitsiga-2\/","og_locale":"ru_RU","og_type":"article","og_title":"Pross s\u00fcstikpitsiga - Peipsi kaup","og_description":"S\u00fcstikpitsiga ja klaasp\u00e4rlitega kaunistatud pross on oman\u00e4oline ehe, mis sobib kandmiseks nii suvel kui talvel. Pross s\u00fcstikpitsiga on valminud t\u00e4ielikult k\u00e4sit\u00f6\u00f6na ning kinnitatud k\u00e4sitsi villasesarnase materjali peale. Pakendatud aknakesega karpi, mille m\u00f5\u00f5dud on 7,5 x7,5 x 2cm. Tellijal on v\u00f5imalik valida pitsi v\u00e4rvi. Meister Karin Otsus.","og_url":"https:\/\/peipsikaup.ee\/ru\/product\/pross-sustikpitsiga-2\/","og_site_name":"Peipsi kaup","article_modified_time":"2026-02-03T11:59:46+00:00","og_image":[{"width":1000,"height":1000,"url":"https:\/\/peipsikaup.ee\/wp-content\/uploads\/2021\/06\/Peipsikaup_meister_Karin-Otsus_pross-sustikpitsiga-5.jpg","type":"image\/jpeg"}],"twitter_card":"summary_large_image","twitter_misc":{"\u041f\u0440\u0438\u043c\u0435\u0440\u043d\u043e\u0435 \u0432\u0440\u0435\u043c\u044f \u0434\u043b\u044f \u0447\u0442\u0435\u043d\u0438\u044f":"2 \u043c\u0438\u043d\u0443\u0442\u044b"},"schema":{"@context":"https:\/\/schema.org","@graph":[{"@type":"WebPage","@id":"https:\/\/peipsikaup.ee\/toode\/pross-sustikpitsiga-2\/","url":"https:\/\/peipsikaup.ee\/toode\/pross-sustikpitsiga-2\/","name":"Pross s\u00fcstikpitsiga - Peipsi kaup","isPartOf":{"@id":"https:\/\/peipsikaup.ee\/#website"},"primaryImageOfPage":{"@id":"https:\/\/peipsikaup.ee\/toode\/pross-sustikpitsiga-2\/#primaryimage"},"image":{"@id":"https:\/\/peipsikaup.ee\/toode\/pross-sustikpitsiga-2\/#primaryimage"},"thumbnailUrl":"https:\/\/peipsikaup.ee\/wp-content\/uploads\/2021\/06\/Peipsikaup_meister_Karin-Otsus_pross-sustikpitsiga-5.jpg","datePublished":"2021-11-23T12:59:21+00:00","dateModified":"2026-02-03T11:59:46+00:00","breadcrumb":{"@id":"https:\/\/peipsikaup.ee\/toode\/pross-sustikpitsiga-2\/#breadcrumb"},"inLanguage":"ru-RU","potentialAction":[{"@type":"ReadAction","target":["https:\/\/peipsikaup.ee\/toode\/pross-sustikpitsiga-2\/"]}]},{"@type":"ImageObject","inLanguage":"ru-RU","@id":"https:\/\/peipsikaup.ee\/toode\/pross-sustikpitsiga-2\/#primaryimage","url":"https:\/\/peipsikaup.ee\/wp-content\/uploads\/2021\/06\/Peipsikaup_meister_Karin-Otsus_pross-sustikpitsiga-5.jpg","contentUrl":"https:\/\/peipsikaup.ee\/wp-content\/uploads\/2021\/06\/Peipsikaup_meister_Karin-Otsus_pross-sustikpitsiga-5.jpg","width":1000,"height":1000,"caption":"Peipsikaup pitsimeister Karin Otsus pross s\u00fcstikpitsiga."},{"@type":"BreadcrumbList","@id":"https:\/\/peipsikaup.ee\/toode\/pross-sustikpitsiga-2\/#breadcrumb","itemListElement":[{"@type":"ListItem","position":1,"name":"Home","item":"https:\/\/peipsikaup.ee\/"},{"@type":"ListItem","position":2,"name":"Pood","item":"https:\/\/peipsikaup.ee\/pood\/"},{"@type":"ListItem","position":3,"name":"Pross s\u00fcstikpitsiga"}]},{"@type":"WebSite","@id":"https:\/\/peipsikaup.ee\/#website","url":"https:\/\/peipsikaup.ee\/","name":"\u0422\u043e\u0440\u0433\u043e\u0432\u043b\u044f \u043d\u0430 \u0427\u0443\u0434\u0441\u043a\u043e\u043c \u043e\u0441\u0442\u0440\u043e\u0432\u0435","description":"eheda ja isikup\u00e4rase k\u00e4sit\u00f6\u00f6 veebipood","publisher":{"@id":"https:\/\/peipsikaup.ee\/#organization"},"potentialAction":[{"@type":"SearchAction","target":{"@type":"EntryPoint","urlTemplate":"https:\/\/peipsikaup.ee\/?s={search_term_string}"},"query-input":{"@type":"PropertyValueSpecification","valueRequired":true,"valueName":"search_term_string"}}],"inLanguage":"ru-RU"},{"@type":"Organization","@id":"https:\/\/peipsikaup.ee\/#organization","name":"\u0422\u043e\u0440\u0433\u043e\u0432\u043b\u044f \u043d\u0430 \u0427\u0443\u0434\u0441\u043a\u043e\u043c \u043e\u0441\u0442\u0440\u043e\u0432\u0435","url":"https:\/\/peipsikaup.ee\/","logo":{"@type":"ImageObject","inLanguage":"ru-RU","@id":"https:\/\/peipsikaup.ee\/#\/schema\/logo\/image\/","url":"https:\/\/peipsikaup.ee\/wp-content\/uploads\/2022\/01\/cropped-Peipsikaup-loho-pisike.png","contentUrl":"https:\/\/peipsikaup.ee\/wp-content\/uploads\/2022\/01\/cropped-Peipsikaup-loho-pisike.png","width":180,"height":60,"caption":"Peipsi kaup"},"image":{"@id":"https:\/\/peipsikaup.ee\/#\/schema\/logo\/image\/"}}]}},"_links":{"self":[{"href":"https:\/\/peipsikaup.ee\/ru\/wp-json\/wp\/v2\/product\/5652","targetHints":{"allow":["GET"]}}],"collection":[{"href":"https:\/\/peipsikaup.ee\/ru\/wp-json\/wp\/v2\/product"}],"about":[{"href":"https:\/\/peipsikaup.ee\/ru\/wp-json\/wp\/v2\/types\/product"}],"replies":[{"embeddable":true,"href":"https:\/\/peipsikaup.ee\/ru\/wp-json\/wp\/v2\/comments?post=5652"}],"wp:featuredmedia":[{"embeddable":true,"href":"https:\/\/peipsikaup.ee\/ru\/wp-json\/wp\/v2\/media\/2102"}],"wp:attachment":[{"href":"https:\/\/peipsikaup.ee\/ru\/wp-json\/wp\/v2\/media?parent=5652"}],"wp:term":[{"taxonomy":"product_brand","embeddable":true,"href":"https:\/\/peipsikaup.ee\/ru\/wp-json\/wp\/v2\/product_brand?post=5652"},{"taxonomy":"product_cat","embeddable":true,"href":"https:\/\/peipsikaup.ee\/ru\/wp-json\/wp\/v2\/product_cat?post=5652"},{"taxonomy":"product_tag","embeddable":true,"href":"https:\/\/peipsikaup.ee\/ru\/wp-json\/wp\/v2\/product_tag?post=5652"}],"curies":[{"name":"wp","href":"https:\/\/api.w.org\/{rel}","templated":true}]}}