{"id":5172,"date":"2021-11-23T11:41:06","date_gmt":"2021-11-23T11:41:06","guid":{"rendered":"https:\/\/peipsikaup.ee\/?post_type=product&#038;p=5172"},"modified":"2021-11-23T13:27:14","modified_gmt":"2021-11-23T13:27:14","slug":"poiste-kevad-sugis-mutsid-54cm","status":"publish","type":"product","link":"https:\/\/peipsikaup.ee\/ru\/product\/poiste-kevad-sugis-mutsid-54cm\/","title":{"rendered":"\u0412\u0435\u0441\u0435\u043d\u043d\u0435-\u043e\u0441\u0435\u043d\u043d\u0438\u0435 \u0448\u0430\u043f\u043a\u0438 \u0434\u043b\u044f \u043c\u0430\u043b\u044c\u0447\u0438\u043a\u043e\u0432, 54 \u0441\u043c"},"content":{"rendered":"<div class=\"page\" title=\"Page 3\">\n<div class=\"layoutArea\">\n<div class=\"column\">\n<div class=\"page\" title=\"Page 3\">\n<div class=\"layoutArea\">\n<div class=\"column\">\n<div class=\"page\" title=\"Page 3\">\n<div class=\"layoutArea\">\n<div class=\"column\">\n<div class=\"page\" title=\"Page 4\">\n<div class=\"layoutArea\">\n<div class=\"column\">\n<div class=\"page\" title=\"Page 4\">\n<div class=\"layoutArea\">\n<div class=\"column\">\n<p><strong>Riidesse panek ei pea olema keeruline ja t\u00fclikas protseduur, kus kokkulepe sobiliku riideeseme valiku \u00fcle kujuneb pikkade ja kurnavate l\u00e4bir\u00e4\u00e4kimiste teel. Kui riidel on lapse jaoks meeldivad assotsiatsioonid, saab riietumisest alati r\u00f5\u00f5mus ja oodatud tegevus. K\u00fcll on uhke joosta \u00f5ue \u00fche l\u00f5busa mustrilise m\u00fctsiga!\u00a0 Kanga tooraine on Peipsimaa toodetele omaselt loodusl\u00e4hedane &#8211; see on \u00f5mmeldud \u00f6kos\u00f5bralikust kangast, mis omab vastavaid sertifikaate.<\/strong><\/p>\n<p>M\u00fctsi funktsionaalsus on inspireeritud maal\u00e4hedast ja liikuvat eluviisi harrastavatest lastest, kelle r\u00f5ivad peavad olema lisaks \u00e4gedale kujundusele ka mugavad ja praktilised.\u00a0<span class=\"Apple-converted-space\">Lastem\u00fctsid on \u00f5mmeldud \u00f6koloogilisest dresskangast ning mustrid lastep\u00e4rased , v\u00e4rvid s\u00e4ravad ja kangas hea venivusega(~5cm). \u00dchekordsed m\u00fctsid sobivad kanda soojemal s\u00fcgisp\u00e4eval. Voodriga m\u00fctsid on soojemad ja sobivad kandmiseks jahedamal s\u00fcgisp\u00e4eval, isegi talvel. Sellist m\u00fctsi saab kanda m\u00f5lemat pidi. Keera aga vooder v\u00e4ljapoole ja ongi peas uus m\u00fcts! <\/span><\/p>\n<\/div>\n<p><span style=\"font-size: 16px;font-style: normal;font-weight: 400\">Kui pealetr\u00fckitud kujundusega riideese hakkab p\u00e4rast 2-3 pesu oma ilmet kaotama, siis pildikangas p\u00fcsib pikalt ilusa v\u00e4limusega ning ei kulu \u00e4ra enne, kui laps kasvab riideesemest v\u00e4lja.<\/span><\/p>\n<\/div>\n<\/div>\n<\/div>\n<\/div>\n<\/div>\n<\/div>\n<\/div>\n<\/div>\n<\/div>\n<\/div>\n<\/div>\n<\/div>\n<\/div>\n<\/div>","protected":false},"excerpt":{"rendered":"<p><b>Poiste kahepoolne kevad-s\u00fcgis m\u00fcts, mis on \u00f5mmeldud \u00f6koloogilisest dresskangast. M<\/b><b><span class=\"Apple-converted-space\">ustrid lastep\u00e4rased, v\u00e4rvid s\u00e4ravad ja kangas hea venivusega(~5cm). <\/span>\u0420\u0435\u043c\u0435\u0441\u043b\u0435\u043d\u043d\u0438\u043a <a href=\"https:\/\/peipsikaup.ee\/ru\/meistrid\/nati-asi\/\">\u041d\u0430\u0442\u0438 \u0410\u0441\u0438<\/a>.<\/b><\/p>","protected":false},"featured_media":4160,"comment_status":"open","ping_status":"closed","template":"","meta":{"site-sidebar-layout":"default","site-content-layout":"default","ast-global-header-display":"","ast-main-header-display":"","ast-hfb-above-header-display":"","ast-hfb-below-header-display":"","ast-hfb-mobile-header-display":"","site-post-title":"","ast-breadcrumbs-content":"","ast-featured-img":"","footer-sml-layout":"","theme-transparent-header-meta":"default","adv-header-id-meta":"","stick-header-meta":"default","header-above-stick-meta":"","header-main-stick-meta":"","header-below-stick-meta":""},"product_brand":[],"product_cat":[55,56],"product_tag":[57,254,40,63,58,59,48],"class_list":{"0":"post-5172","1":"product","2":"type-product","3":"status-publish","4":"has-post-thumbnail","6":"product_cat-nati-asi-tooted","7":"product_cat-riided","8":"product_tag-joulud","9":"product_tag-kingitus","10":"product_tag-kingitus-lapsele","11":"product_tag-lapsele","12":"product_tag-pidu","13":"product_tag-sportlik","14":"product_tag-sunnipaev","15":"desktop-align-left","16":"tablet-align-left","17":"mobile-align-left","19":"first","20":"instock","21":"shipping-taxable","22":"purchasable","23":"product-type-variable"},"yoast_head":"<!-- This site is optimized with the Yoast SEO plugin v27.2 - https:\/\/yoast.com\/product\/yoast-seo-wordpress\/ -->\n<title>Poiste kevad-s\u00fcgis m\u00fctsid 54cm - Peipsi kaup<\/title>\n<meta name=\"robots\" content=\"index, follow, max-snippet:-1, max-image-preview:large, max-video-preview:-1\" \/>\n<link rel=\"canonical\" href=\"https:\/\/peipsikaup.ee\/ru\/product\/poiste-kevad-sugis-mutsid-54cm\/\" \/>\n<meta property=\"og:locale\" content=\"ru_RU\" \/>\n<meta property=\"og:type\" content=\"article\" \/>\n<meta property=\"og:title\" content=\"Poiste kevad-s\u00fcgis m\u00fctsid 54cm - Peipsi kaup\" \/>\n<meta property=\"og:description\" content=\"Poiste kahepoolne kevad-s\u00fcgis m\u00fcts, mis on \u00f5mmeldud \u00f6koloogilisest dresskangast. Mustrid lastep\u00e4rased, v\u00e4rvid s\u00e4ravad ja kangas hea venivusega(~5cm). Meister Nati Asi.\" \/>\n<meta property=\"og:url\" content=\"https:\/\/peipsikaup.ee\/ru\/product\/poiste-kevad-sugis-mutsid-54cm\/\" \/>\n<meta property=\"og:site_name\" content=\"Peipsi kaup\" \/>\n<meta property=\"article:modified_time\" content=\"2021-11-23T13:27:14+00:00\" \/>\n<meta property=\"og:image\" content=\"https:\/\/peipsikaup.ee\/wp-content\/uploads\/2021\/09\/Peipsikaup_meister_Nati_Asi_muts-25.jpg\" \/>\n\t<meta property=\"og:image:width\" content=\"1000\" \/>\n\t<meta property=\"og:image:height\" content=\"1000\" \/>\n\t<meta property=\"og:image:type\" content=\"image\/jpeg\" \/>\n<meta name=\"twitter:card\" content=\"summary_large_image\" \/>\n<meta name=\"twitter:label1\" content=\"\u041f\u0440\u0438\u043c\u0435\u0440\u043d\u043e\u0435 \u0432\u0440\u0435\u043c\u044f \u0434\u043b\u044f \u0447\u0442\u0435\u043d\u0438\u044f\" \/>\n\t<meta name=\"twitter:data1\" content=\"1 \u043c\u0438\u043d\u0443\u0442\u0430\" \/>\n<script type=\"application\/ld+json\" class=\"yoast-schema-graph\">{\"@context\":\"https:\/\/schema.org\",\"@graph\":[{\"@type\":\"WebPage\",\"@id\":\"https:\/\/peipsikaup.ee\/toode\/poiste-kevad-sugis-mutsid-54cm\/\",\"url\":\"https:\/\/peipsikaup.ee\/toode\/poiste-kevad-sugis-mutsid-54cm\/\",\"name\":\"Poiste kevad-s\u00fcgis m\u00fctsid 54cm - Peipsi kaup\",\"isPartOf\":{\"@id\":\"https:\/\/peipsikaup.ee\/#website\"},\"primaryImageOfPage\":{\"@id\":\"https:\/\/peipsikaup.ee\/toode\/poiste-kevad-sugis-mutsid-54cm\/#primaryimage\"},\"image\":{\"@id\":\"https:\/\/peipsikaup.ee\/toode\/poiste-kevad-sugis-mutsid-54cm\/#primaryimage\"},\"thumbnailUrl\":\"https:\/\/peipsikaup.ee\/wp-content\/uploads\/2021\/09\/Peipsikaup_meister_Nati_Asi_muts-25.jpg\",\"datePublished\":\"2021-11-23T11:41:06+00:00\",\"dateModified\":\"2021-11-23T13:27:14+00:00\",\"breadcrumb\":{\"@id\":\"https:\/\/peipsikaup.ee\/toode\/poiste-kevad-sugis-mutsid-54cm\/#breadcrumb\"},\"inLanguage\":\"ru-RU\",\"potentialAction\":[{\"@type\":\"ReadAction\",\"target\":[\"https:\/\/peipsikaup.ee\/toode\/poiste-kevad-sugis-mutsid-54cm\/\"]}]},{\"@type\":\"ImageObject\",\"inLanguage\":\"ru-RU\",\"@id\":\"https:\/\/peipsikaup.ee\/toode\/poiste-kevad-sugis-mutsid-54cm\/#primaryimage\",\"url\":\"https:\/\/peipsikaup.ee\/wp-content\/uploads\/2021\/09\/Peipsikaup_meister_Nati_Asi_muts-25.jpg\",\"contentUrl\":\"https:\/\/peipsikaup.ee\/wp-content\/uploads\/2021\/09\/Peipsikaup_meister_Nati_Asi_muts-25.jpg\",\"width\":1000,\"height\":1000,\"caption\":\"Peipsikaup meister Nati poiste kevad-s\u00fcgis m\u00fcts\"},{\"@type\":\"BreadcrumbList\",\"@id\":\"https:\/\/peipsikaup.ee\/toode\/poiste-kevad-sugis-mutsid-54cm\/#breadcrumb\",\"itemListElement\":[{\"@type\":\"ListItem\",\"position\":1,\"name\":\"Home\",\"item\":\"https:\/\/peipsikaup.ee\/\"},{\"@type\":\"ListItem\",\"position\":2,\"name\":\"Pood\",\"item\":\"https:\/\/peipsikaup.ee\/pood\/\"},{\"@type\":\"ListItem\",\"position\":3,\"name\":\"Poiste kevad-s\u00fcgis m\u00fctsid 54cm\"}]},{\"@type\":\"WebSite\",\"@id\":\"https:\/\/peipsikaup.ee\/#website\",\"url\":\"https:\/\/peipsikaup.ee\/\",\"name\":\"Peipsi kaup\",\"description\":\"eheda ja isikup\u00e4rase k\u00e4sit\u00f6\u00f6 veebipood\",\"publisher\":{\"@id\":\"https:\/\/peipsikaup.ee\/#organization\"},\"potentialAction\":[{\"@type\":\"SearchAction\",\"target\":{\"@type\":\"EntryPoint\",\"urlTemplate\":\"https:\/\/peipsikaup.ee\/?s={search_term_string}\"},\"query-input\":{\"@type\":\"PropertyValueSpecification\",\"valueRequired\":true,\"valueName\":\"search_term_string\"}}],\"inLanguage\":\"ru-RU\"},{\"@type\":\"Organization\",\"@id\":\"https:\/\/peipsikaup.ee\/#organization\",\"name\":\"Peipsi kaup\",\"url\":\"https:\/\/peipsikaup.ee\/\",\"logo\":{\"@type\":\"ImageObject\",\"inLanguage\":\"ru-RU\",\"@id\":\"https:\/\/peipsikaup.ee\/#\/schema\/logo\/image\/\",\"url\":\"https:\/\/peipsikaup.ee\/wp-content\/uploads\/2022\/01\/cropped-Peipsikaup-loho-pisike.png\",\"contentUrl\":\"https:\/\/peipsikaup.ee\/wp-content\/uploads\/2022\/01\/cropped-Peipsikaup-loho-pisike.png\",\"width\":180,\"height\":60,\"caption\":\"Peipsi kaup\"},\"image\":{\"@id\":\"https:\/\/peipsikaup.ee\/#\/schema\/logo\/image\/\"}}]}<\/script>\n<!-- \/ Yoast SEO plugin. -->","yoast_head_json":{"title":"Poiste kevad-s\u00fcgis m\u00fctsid 54cm - Peipsi kaup","robots":{"index":"index","follow":"follow","max-snippet":"max-snippet:-1","max-image-preview":"max-image-preview:large","max-video-preview":"max-video-preview:-1"},"canonical":"https:\/\/peipsikaup.ee\/ru\/product\/poiste-kevad-sugis-mutsid-54cm\/","og_locale":"ru_RU","og_type":"article","og_title":"Poiste kevad-s\u00fcgis m\u00fctsid 54cm - Peipsi kaup","og_description":"Poiste kahepoolne kevad-s\u00fcgis m\u00fcts, mis on \u00f5mmeldud \u00f6koloogilisest dresskangast. Mustrid lastep\u00e4rased, v\u00e4rvid s\u00e4ravad ja kangas hea venivusega(~5cm). Meister Nati Asi.","og_url":"https:\/\/peipsikaup.ee\/ru\/product\/poiste-kevad-sugis-mutsid-54cm\/","og_site_name":"Peipsi kaup","article_modified_time":"2021-11-23T13:27:14+00:00","og_image":[{"width":1000,"height":1000,"url":"https:\/\/peipsikaup.ee\/wp-content\/uploads\/2021\/09\/Peipsikaup_meister_Nati_Asi_muts-25.jpg","type":"image\/jpeg"}],"twitter_card":"summary_large_image","twitter_misc":{"\u041f\u0440\u0438\u043c\u0435\u0440\u043d\u043e\u0435 \u0432\u0440\u0435\u043c\u044f \u0434\u043b\u044f \u0447\u0442\u0435\u043d\u0438\u044f":"1 \u043c\u0438\u043d\u0443\u0442\u0430"},"schema":{"@context":"https:\/\/schema.org","@graph":[{"@type":"WebPage","@id":"https:\/\/peipsikaup.ee\/toode\/poiste-kevad-sugis-mutsid-54cm\/","url":"https:\/\/peipsikaup.ee\/toode\/poiste-kevad-sugis-mutsid-54cm\/","name":"Poiste kevad-s\u00fcgis m\u00fctsid 54cm - Peipsi kaup","isPartOf":{"@id":"https:\/\/peipsikaup.ee\/#website"},"primaryImageOfPage":{"@id":"https:\/\/peipsikaup.ee\/toode\/poiste-kevad-sugis-mutsid-54cm\/#primaryimage"},"image":{"@id":"https:\/\/peipsikaup.ee\/toode\/poiste-kevad-sugis-mutsid-54cm\/#primaryimage"},"thumbnailUrl":"https:\/\/peipsikaup.ee\/wp-content\/uploads\/2021\/09\/Peipsikaup_meister_Nati_Asi_muts-25.jpg","datePublished":"2021-11-23T11:41:06+00:00","dateModified":"2021-11-23T13:27:14+00:00","breadcrumb":{"@id":"https:\/\/peipsikaup.ee\/toode\/poiste-kevad-sugis-mutsid-54cm\/#breadcrumb"},"inLanguage":"ru-RU","potentialAction":[{"@type":"ReadAction","target":["https:\/\/peipsikaup.ee\/toode\/poiste-kevad-sugis-mutsid-54cm\/"]}]},{"@type":"ImageObject","inLanguage":"ru-RU","@id":"https:\/\/peipsikaup.ee\/toode\/poiste-kevad-sugis-mutsid-54cm\/#primaryimage","url":"https:\/\/peipsikaup.ee\/wp-content\/uploads\/2021\/09\/Peipsikaup_meister_Nati_Asi_muts-25.jpg","contentUrl":"https:\/\/peipsikaup.ee\/wp-content\/uploads\/2021\/09\/Peipsikaup_meister_Nati_Asi_muts-25.jpg","width":1000,"height":1000,"caption":"Peipsikaup meister Nati poiste kevad-s\u00fcgis m\u00fcts"},{"@type":"BreadcrumbList","@id":"https:\/\/peipsikaup.ee\/toode\/poiste-kevad-sugis-mutsid-54cm\/#breadcrumb","itemListElement":[{"@type":"ListItem","position":1,"name":"Home","item":"https:\/\/peipsikaup.ee\/"},{"@type":"ListItem","position":2,"name":"Pood","item":"https:\/\/peipsikaup.ee\/pood\/"},{"@type":"ListItem","position":3,"name":"Poiste kevad-s\u00fcgis m\u00fctsid 54cm"}]},{"@type":"WebSite","@id":"https:\/\/peipsikaup.ee\/#website","url":"https:\/\/peipsikaup.ee\/","name":"\u0422\u043e\u0440\u0433\u043e\u0432\u043b\u044f \u043d\u0430 \u0427\u0443\u0434\u0441\u043a\u043e\u043c \u043e\u0441\u0442\u0440\u043e\u0432\u0435","description":"eheda ja isikup\u00e4rase k\u00e4sit\u00f6\u00f6 veebipood","publisher":{"@id":"https:\/\/peipsikaup.ee\/#organization"},"potentialAction":[{"@type":"SearchAction","target":{"@type":"EntryPoint","urlTemplate":"https:\/\/peipsikaup.ee\/?s={search_term_string}"},"query-input":{"@type":"PropertyValueSpecification","valueRequired":true,"valueName":"search_term_string"}}],"inLanguage":"ru-RU"},{"@type":"Organization","@id":"https:\/\/peipsikaup.ee\/#organization","name":"\u0422\u043e\u0440\u0433\u043e\u0432\u043b\u044f \u043d\u0430 \u0427\u0443\u0434\u0441\u043a\u043e\u043c \u043e\u0441\u0442\u0440\u043e\u0432\u0435","url":"https:\/\/peipsikaup.ee\/","logo":{"@type":"ImageObject","inLanguage":"ru-RU","@id":"https:\/\/peipsikaup.ee\/#\/schema\/logo\/image\/","url":"https:\/\/peipsikaup.ee\/wp-content\/uploads\/2022\/01\/cropped-Peipsikaup-loho-pisike.png","contentUrl":"https:\/\/peipsikaup.ee\/wp-content\/uploads\/2022\/01\/cropped-Peipsikaup-loho-pisike.png","width":180,"height":60,"caption":"Peipsi kaup"},"image":{"@id":"https:\/\/peipsikaup.ee\/#\/schema\/logo\/image\/"}}]}},"_links":{"self":[{"href":"https:\/\/peipsikaup.ee\/ru\/wp-json\/wp\/v2\/product\/5172","targetHints":{"allow":["GET"]}}],"collection":[{"href":"https:\/\/peipsikaup.ee\/ru\/wp-json\/wp\/v2\/product"}],"about":[{"href":"https:\/\/peipsikaup.ee\/ru\/wp-json\/wp\/v2\/types\/product"}],"replies":[{"embeddable":true,"href":"https:\/\/peipsikaup.ee\/ru\/wp-json\/wp\/v2\/comments?post=5172"}],"wp:featuredmedia":[{"embeddable":true,"href":"https:\/\/peipsikaup.ee\/ru\/wp-json\/wp\/v2\/media\/4160"}],"wp:attachment":[{"href":"https:\/\/peipsikaup.ee\/ru\/wp-json\/wp\/v2\/media?parent=5172"}],"wp:term":[{"taxonomy":"product_brand","embeddable":true,"href":"https:\/\/peipsikaup.ee\/ru\/wp-json\/wp\/v2\/product_brand?post=5172"},{"taxonomy":"product_cat","embeddable":true,"href":"https:\/\/peipsikaup.ee\/ru\/wp-json\/wp\/v2\/product_cat?post=5172"},{"taxonomy":"product_tag","embeddable":true,"href":"https:\/\/peipsikaup.ee\/ru\/wp-json\/wp\/v2\/product_tag?post=5172"}],"curies":[{"name":"wp","href":"https:\/\/api.w.org\/{rel}","templated":true}]}}