{"id":3902,"date":"2021-05-06T11:26:34","date_gmt":"2021-09-26T21:39:58","guid":{"rendered":"https:\/\/peipsikaup.ee\/toode\/lookalike-set\/"},"modified":"2021-09-26T21:40:00","modified_gmt":"2021-09-26T21:40:00","slug":"lookalike-set","status":"publish","type":"product","link":"https:\/\/peipsikaup.ee\/ru\/product\/lookalike-set\/","title":{"rendered":"Lookalike set"},"content":{"rendered":"<div class=\"page\" title=\"Page 3\">\n<div class=\"layoutArea\">\n<div class=\"column\">\n<div class=\"page\" title=\"Page 3\">\n<div class=\"layoutArea\">\n<div class=\"column\">\n<div class=\"page\" title=\"Page 3\">\n<div class=\"layoutArea\">\n<div class=\"column\">\n<div class=\"page\" title=\"Page 4\">\n<div class=\"layoutArea\">\n<div class=\"column\">\n<div class=\"page\" title=\"Page 4\">\n<div class=\"layoutArea\">\n<div class=\"column\">\n<p><strong>Who wouldn&#8217;t want to wear clothes like their mom&#8217;s! The clothes of the mother-child set are very similar. Similar coupon \/ image, similar background color, similar style. The only difference is the size of the garment. Kids love such kits very much.<\/strong><\/p>\n<p>It is also important to look similar in brother-sister kits. If the age difference of the children in the family is quite small, a small peculiar difference can be found in the clothes so that the wearer would still know and recognize his or her clothes.<\/p>\n<p>This set is slightly Christmas themed. Long-sleeved tunic with tulle at the edge. White tulle for adults and sparkling silver for girls. For everyday wear or more festive occasions. The similarly dressed family looks special and forms a cohesive whole. The girls&#8217; tunics have warm leggings, because they are a winter set.<\/p>\n<p>The functionality of the sets is inspired by children who enjoy a rural and active lifestyle, whose clothes must be comfortable and practical in addition to their cool design. The raw material of the fabric is close to nature, typical of Peipusland products &#8211; it is sewn from eco-friendly fabric, which has the corresponding certificates.<\/p>\n<p>If these products inspired you to want a different solution than the existing one, then the master is ready to make individual orders. Similar dresses, tunics, blouses, dresses or even hats make up<span class=\"Apple-converted-space\"> a coherent whole.<\/span><\/p>\n<\/div>\n<\/div>\n<\/div>\n<\/div>\n<\/div>\n<\/div>\n<\/div>\n<\/div>\n<\/div>\n<\/div>\n<\/div>\n<\/div>\n<\/div>\n<\/div>\n<\/div>","protected":false},"excerpt":{"rendered":"<p><b>Lookalike set are almost the same clothes for both a child and a parent. Ecotex natural dress fabrics used for sewing.<\/b> <b>Grown up<\/b><b> size 46, children&#8217;s lengths 92cm and 98 cm.<\/b><b>Master<a href=\"https:\/\/peipsikaup.ee\/ru\/meistrid\/nati-asi\/\"> \u041d\u0430\u0442\u0438 \u0410\u0441\u0438<\/a> .<\/b><\/p>","protected":false},"featured_media":2832,"comment_status":"open","ping_status":"closed","template":"","meta":{"site-sidebar-layout":"default","site-content-layout":"default","ast-global-header-display":"","ast-main-header-display":"","ast-hfb-above-header-display":"","ast-hfb-below-header-display":"","ast-hfb-mobile-header-display":"","site-post-title":"","ast-breadcrumbs-content":"","ast-featured-img":"","footer-sml-layout":"","theme-transparent-header-meta":"default","adv-header-id-meta":"","stick-header-meta":"default","header-above-stick-meta":"","header-main-stick-meta":"","header-below-stick-meta":""},"product_brand":[],"product_cat":[212,234],"product_tag":[191,228,232,199],"class_list":{"0":"post-3902","1":"product","2":"type-product","3":"status-publish","4":"has-post-thumbnail","6":"product_cat-clothes","7":"product_cat-nati-asi-products","8":"product_tag-birthday","9":"product_tag-christmas","10":"product_tag-gift-for-a-child","11":"product_tag-party","12":"desktop-align-left","13":"tablet-align-left","14":"mobile-align-left","16":"first","17":"instock","18":"shipping-taxable","19":"purchasable","20":"product-type-simple"},"yoast_head":"<!-- This site is optimized with the Yoast SEO plugin v27.2 - https:\/\/yoast.com\/product\/yoast-seo-wordpress\/ -->\n<title>Lookalike set - Peipsi kaup<\/title>\n<meta name=\"robots\" content=\"index, follow, max-snippet:-1, max-image-preview:large, max-video-preview:-1\" \/>\n<link rel=\"canonical\" href=\"https:\/\/peipsikaup.ee\/ru\/product\/lookalike-set\/?lang=en\" \/>\n<meta property=\"og:locale\" content=\"ru_RU\" \/>\n<meta property=\"og:type\" content=\"article\" \/>\n<meta property=\"og:title\" content=\"Lookalike set - Peipsi kaup\" \/>\n<meta property=\"og:description\" content=\"Lookalike set are almost the same clothes for both a child and a parent. Ecotex natural dress fabrics used for sewing. Grown up size 46, children&#039;s lengths 92cm and 98 cm.Master Nati Asi .\" \/>\n<meta property=\"og:url\" content=\"https:\/\/peipsikaup.ee\/ru\/product\/lookalike-set\/?lang=en\" \/>\n<meta property=\"og:site_name\" content=\"Peipsi kaup\" \/>\n<meta property=\"article:modified_time\" content=\"2021-09-26T21:40:00+00:00\" \/>\n<meta property=\"og:image\" content=\"https:\/\/peipsikaup.ee\/wp-content\/uploads\/2021\/05\/Peipsikaup_meister_Nati-Asi_yhtekate-komplekt-18.jpg\" \/>\n\t<meta property=\"og:image:width\" content=\"1000\" \/>\n\t<meta property=\"og:image:height\" content=\"1000\" \/>\n\t<meta property=\"og:image:type\" content=\"image\/jpeg\" \/>\n<meta name=\"twitter:card\" content=\"summary_large_image\" \/>\n<meta name=\"twitter:label1\" content=\"\u041f\u0440\u0438\u043c\u0435\u0440\u043d\u043e\u0435 \u0432\u0440\u0435\u043c\u044f \u0434\u043b\u044f \u0447\u0442\u0435\u043d\u0438\u044f\" \/>\n\t<meta name=\"twitter:data1\" content=\"1 \u043c\u0438\u043d\u0443\u0442\u0430\" \/>\n<script type=\"application\/ld+json\" class=\"yoast-schema-graph\">{\"@context\":\"https:\/\/schema.org\",\"@graph\":[{\"@type\":\"WebPage\",\"@id\":\"https:\/\/peipsikaup.ee\/toode\/lookalike-set\/?lang=en\",\"url\":\"https:\/\/peipsikaup.ee\/toode\/lookalike-set\/?lang=en\",\"name\":\"Lookalike set - Peipsi kaup\",\"isPartOf\":{\"@id\":\"https:\/\/peipsikaup.ee\/#website\"},\"primaryImageOfPage\":{\"@id\":\"https:\/\/peipsikaup.ee\/toode\/lookalike-set\/?lang=en#primaryimage\"},\"image\":{\"@id\":\"https:\/\/peipsikaup.ee\/toode\/lookalike-set\/?lang=en#primaryimage\"},\"thumbnailUrl\":\"https:\/\/peipsikaup.ee\/wp-content\/uploads\/2021\/05\/Peipsikaup_meister_Nati-Asi_yhtekate-komplekt-18.jpg\",\"datePublished\":\"2021-09-26T21:39:58+00:00\",\"dateModified\":\"2021-09-26T21:40:00+00:00\",\"breadcrumb\":{\"@id\":\"https:\/\/peipsikaup.ee\/toode\/lookalike-set\/?lang=en#breadcrumb\"},\"inLanguage\":\"ru-RU\",\"potentialAction\":[{\"@type\":\"ReadAction\",\"target\":[\"https:\/\/peipsikaup.ee\/toode\/lookalike-set\/?lang=en\"]}]},{\"@type\":\"ImageObject\",\"inLanguage\":\"ru-RU\",\"@id\":\"https:\/\/peipsikaup.ee\/toode\/lookalike-set\/?lang=en#primaryimage\",\"url\":\"https:\/\/peipsikaup.ee\/wp-content\/uploads\/2021\/05\/Peipsikaup_meister_Nati-Asi_yhtekate-komplekt-18.jpg\",\"contentUrl\":\"https:\/\/peipsikaup.ee\/wp-content\/uploads\/2021\/05\/Peipsikaup_meister_Nati-Asi_yhtekate-komplekt-18.jpg\",\"width\":1000,\"height\":1000,\"caption\":\"A set of lookalike clothes by sewing master Nati Asi.\"},{\"@type\":\"BreadcrumbList\",\"@id\":\"https:\/\/peipsikaup.ee\/toode\/lookalike-set\/?lang=en#breadcrumb\",\"itemListElement\":[{\"@type\":\"ListItem\",\"position\":1,\"name\":\"Home\",\"item\":\"https:\/\/peipsikaup.ee\/\"},{\"@type\":\"ListItem\",\"position\":2,\"name\":\"Pood\",\"item\":\"https:\/\/peipsikaup.ee\/pood\/\"},{\"@type\":\"ListItem\",\"position\":3,\"name\":\"Lookalike set\"}]},{\"@type\":\"WebSite\",\"@id\":\"https:\/\/peipsikaup.ee\/#website\",\"url\":\"https:\/\/peipsikaup.ee\/\",\"name\":\"Peipsi kaup\",\"description\":\"eheda ja isikup\u00e4rase k\u00e4sit\u00f6\u00f6 veebipood\",\"publisher\":{\"@id\":\"https:\/\/peipsikaup.ee\/#organization\"},\"potentialAction\":[{\"@type\":\"SearchAction\",\"target\":{\"@type\":\"EntryPoint\",\"urlTemplate\":\"https:\/\/peipsikaup.ee\/?s={search_term_string}\"},\"query-input\":{\"@type\":\"PropertyValueSpecification\",\"valueRequired\":true,\"valueName\":\"search_term_string\"}}],\"inLanguage\":\"ru-RU\"},{\"@type\":\"Organization\",\"@id\":\"https:\/\/peipsikaup.ee\/#organization\",\"name\":\"Peipsi kaup\",\"url\":\"https:\/\/peipsikaup.ee\/\",\"logo\":{\"@type\":\"ImageObject\",\"inLanguage\":\"ru-RU\",\"@id\":\"https:\/\/peipsikaup.ee\/#\/schema\/logo\/image\/\",\"url\":\"https:\/\/peipsikaup.ee\/wp-content\/uploads\/2022\/01\/cropped-Peipsikaup-loho-pisike.png\",\"contentUrl\":\"https:\/\/peipsikaup.ee\/wp-content\/uploads\/2022\/01\/cropped-Peipsikaup-loho-pisike.png\",\"width\":180,\"height\":60,\"caption\":\"Peipsi kaup\"},\"image\":{\"@id\":\"https:\/\/peipsikaup.ee\/#\/schema\/logo\/image\/\"}}]}<\/script>\n<!-- \/ Yoast SEO plugin. -->","yoast_head_json":{"title":"Lookalike set - Peipsi kaup","robots":{"index":"index","follow":"follow","max-snippet":"max-snippet:-1","max-image-preview":"max-image-preview:large","max-video-preview":"max-video-preview:-1"},"canonical":"https:\/\/peipsikaup.ee\/ru\/product\/lookalike-set\/?lang=en","og_locale":"ru_RU","og_type":"article","og_title":"Lookalike set - Peipsi kaup","og_description":"Lookalike set are almost the same clothes for both a child and a parent. Ecotex natural dress fabrics used for sewing. Grown up size 46, children's lengths 92cm and 98 cm.Master Nati Asi .","og_url":"https:\/\/peipsikaup.ee\/ru\/product\/lookalike-set\/?lang=en","og_site_name":"Peipsi kaup","article_modified_time":"2021-09-26T21:40:00+00:00","og_image":[{"width":1000,"height":1000,"url":"https:\/\/peipsikaup.ee\/wp-content\/uploads\/2021\/05\/Peipsikaup_meister_Nati-Asi_yhtekate-komplekt-18.jpg","type":"image\/jpeg"}],"twitter_card":"summary_large_image","twitter_misc":{"\u041f\u0440\u0438\u043c\u0435\u0440\u043d\u043e\u0435 \u0432\u0440\u0435\u043c\u044f \u0434\u043b\u044f \u0447\u0442\u0435\u043d\u0438\u044f":"1 \u043c\u0438\u043d\u0443\u0442\u0430"},"schema":{"@context":"https:\/\/schema.org","@graph":[{"@type":"WebPage","@id":"https:\/\/peipsikaup.ee\/toode\/lookalike-set\/?lang=en","url":"https:\/\/peipsikaup.ee\/toode\/lookalike-set\/?lang=en","name":"Lookalike set - Peipsi kaup","isPartOf":{"@id":"https:\/\/peipsikaup.ee\/#website"},"primaryImageOfPage":{"@id":"https:\/\/peipsikaup.ee\/toode\/lookalike-set\/?lang=en#primaryimage"},"image":{"@id":"https:\/\/peipsikaup.ee\/toode\/lookalike-set\/?lang=en#primaryimage"},"thumbnailUrl":"https:\/\/peipsikaup.ee\/wp-content\/uploads\/2021\/05\/Peipsikaup_meister_Nati-Asi_yhtekate-komplekt-18.jpg","datePublished":"2021-09-26T21:39:58+00:00","dateModified":"2021-09-26T21:40:00+00:00","breadcrumb":{"@id":"https:\/\/peipsikaup.ee\/toode\/lookalike-set\/?lang=en#breadcrumb"},"inLanguage":"ru-RU","potentialAction":[{"@type":"ReadAction","target":["https:\/\/peipsikaup.ee\/toode\/lookalike-set\/?lang=en"]}]},{"@type":"ImageObject","inLanguage":"ru-RU","@id":"https:\/\/peipsikaup.ee\/toode\/lookalike-set\/?lang=en#primaryimage","url":"https:\/\/peipsikaup.ee\/wp-content\/uploads\/2021\/05\/Peipsikaup_meister_Nati-Asi_yhtekate-komplekt-18.jpg","contentUrl":"https:\/\/peipsikaup.ee\/wp-content\/uploads\/2021\/05\/Peipsikaup_meister_Nati-Asi_yhtekate-komplekt-18.jpg","width":1000,"height":1000,"caption":"A set of lookalike clothes by sewing master Nati Asi."},{"@type":"BreadcrumbList","@id":"https:\/\/peipsikaup.ee\/toode\/lookalike-set\/?lang=en#breadcrumb","itemListElement":[{"@type":"ListItem","position":1,"name":"Home","item":"https:\/\/peipsikaup.ee\/"},{"@type":"ListItem","position":2,"name":"Pood","item":"https:\/\/peipsikaup.ee\/pood\/"},{"@type":"ListItem","position":3,"name":"Lookalike set"}]},{"@type":"WebSite","@id":"https:\/\/peipsikaup.ee\/#website","url":"https:\/\/peipsikaup.ee\/","name":"\u0422\u043e\u0440\u0433\u043e\u0432\u043b\u044f \u043d\u0430 \u0427\u0443\u0434\u0441\u043a\u043e\u043c \u043e\u0441\u0442\u0440\u043e\u0432\u0435","description":"eheda ja isikup\u00e4rase k\u00e4sit\u00f6\u00f6 veebipood","publisher":{"@id":"https:\/\/peipsikaup.ee\/#organization"},"potentialAction":[{"@type":"SearchAction","target":{"@type":"EntryPoint","urlTemplate":"https:\/\/peipsikaup.ee\/?s={search_term_string}"},"query-input":{"@type":"PropertyValueSpecification","valueRequired":true,"valueName":"search_term_string"}}],"inLanguage":"ru-RU"},{"@type":"Organization","@id":"https:\/\/peipsikaup.ee\/#organization","name":"\u0422\u043e\u0440\u0433\u043e\u0432\u043b\u044f \u043d\u0430 \u0427\u0443\u0434\u0441\u043a\u043e\u043c \u043e\u0441\u0442\u0440\u043e\u0432\u0435","url":"https:\/\/peipsikaup.ee\/","logo":{"@type":"ImageObject","inLanguage":"ru-RU","@id":"https:\/\/peipsikaup.ee\/#\/schema\/logo\/image\/","url":"https:\/\/peipsikaup.ee\/wp-content\/uploads\/2022\/01\/cropped-Peipsikaup-loho-pisike.png","contentUrl":"https:\/\/peipsikaup.ee\/wp-content\/uploads\/2022\/01\/cropped-Peipsikaup-loho-pisike.png","width":180,"height":60,"caption":"Peipsi kaup"},"image":{"@id":"https:\/\/peipsikaup.ee\/#\/schema\/logo\/image\/"}}]}},"_links":{"self":[{"href":"https:\/\/peipsikaup.ee\/ru\/wp-json\/wp\/v2\/product\/3902","targetHints":{"allow":["GET"]}}],"collection":[{"href":"https:\/\/peipsikaup.ee\/ru\/wp-json\/wp\/v2\/product"}],"about":[{"href":"https:\/\/peipsikaup.ee\/ru\/wp-json\/wp\/v2\/types\/product"}],"replies":[{"embeddable":true,"href":"https:\/\/peipsikaup.ee\/ru\/wp-json\/wp\/v2\/comments?post=3902"}],"wp:featuredmedia":[{"embeddable":true,"href":"https:\/\/peipsikaup.ee\/ru\/wp-json\/wp\/v2\/media\/2832"}],"wp:attachment":[{"href":"https:\/\/peipsikaup.ee\/ru\/wp-json\/wp\/v2\/media?parent=3902"}],"wp:term":[{"taxonomy":"product_brand","embeddable":true,"href":"https:\/\/peipsikaup.ee\/ru\/wp-json\/wp\/v2\/product_brand?post=3902"},{"taxonomy":"product_cat","embeddable":true,"href":"https:\/\/peipsikaup.ee\/ru\/wp-json\/wp\/v2\/product_cat?post=3902"},{"taxonomy":"product_tag","embeddable":true,"href":"https:\/\/peipsikaup.ee\/ru\/wp-json\/wp\/v2\/product_tag?post=3902"}],"curies":[{"name":"wp","href":"https:\/\/api.w.org\/{rel}","templated":true}]}}