{"id":1981,"date":"2021-05-22T21:50:15","date_gmt":"2021-05-22T21:50:15","guid":{"rendered":"https:\/\/peipsikaup.ee\/?post_type=product&#038;p=1981"},"modified":"2026-02-17T00:00:39","modified_gmt":"2026-02-17T00:00:39","slug":"seinapilt-vallatud-tapid","status":"publish","type":"product","link":"https:\/\/peipsikaup.ee\/ru\/product\/seinapilt-vallatud-tapid\/","title":{"rendered":"\u041a\u0430\u0440\u0442\u0438\u043d\u0430 \"\u0428\u0430\u043b\u043e\u0432\u043b\u0438\u0432\u044b\u0435 \u043a\u0440\u0443\u0436\u043e\u0447\u043a\u0438\""},"content":{"rendered":"<p><span style=\"font-size: 16px;\">Originaal maalist prinditud l\u00f5uend, pingutatud puidust raamile. 40 x 60 cm. Suur l\u00f5uendile prinditud aktimaal on suurep\u00e4rane kujunduselement magamistuppa. Pilt lisab magamistoa seinale v\u00e4rvi ning loob sisustuses veidi vallatut meeleolu. Erootiline kingitus kallimale \u2013 sobib \u00fchtviisi h\u00e4sti kingiks nii mehele kui naisele.<\/span><\/p>\n<p><span style=\"font-size: 16px;\">\u0426\u0432\u0435\u0442\u0430, \u043e\u0442\u043e\u0431\u0440\u0430\u0436\u0430\u0435\u043c\u044b\u0435 \u043d\u0430 \u044d\u043a\u0440\u0430\u043d\u0435, \u043c\u043e\u0433\u0443\u0442 \u043d\u0435\u043c\u043d\u043e\u0433\u043e \u043e\u0442\u043b\u0438\u0447\u0430\u0442\u044c\u0441\u044f \u043e\u0442 \u0440\u0435\u0430\u043b\u044c\u043d\u044b\u0445.<\/span><\/p>\n<p><b>\u041a\u043b\u044e\u0447\u0435\u0432\u044b\u0435 \u0441\u043b\u043e\u0432\u0430:<\/b> l\u00f5uendile prinditud pilt magamistoa seinale, suur aktimaal magamistuppa, erootiline kingitus kallimale (mehele, naisele), magamistoa kujundus<\/p>","protected":false},"excerpt":{"rendered":"<p><strong>Suur l\u00f5uendile prinditud aktimaal on suurep\u00e4rane kujunduselement magamistuppa. 80 x 60 cm. Pilt lisab magamistoa seinale v\u00e4rvi ning loob sisustuses veidi vallatut meeleolu. Erootiline kingitus kallimale \u2013 sobib \u00fchtviisi h\u00e4sti kingiks nii mehele kui naisele. Meister <a href=\"https:\/\/peipsikaup.ee\/ru\/meistrid\/maiu-vares\/\">\u041c\u0430\u0439\u044e \u0412\u0430\u0440\u0435\u0441<\/a>.<\/strong><\/p>","protected":false},"featured_media":1613,"comment_status":"open","ping_status":"closed","template":"","meta":{"site-sidebar-layout":"default","site-content-layout":"default","ast-global-header-display":"","ast-main-header-display":"","ast-hfb-above-header-display":"","ast-hfb-below-header-display":"","ast-hfb-mobile-header-display":"","site-post-title":"","ast-breadcrumbs-content":"","ast-featured-img":"","footer-sml-layout":"","theme-transparent-header-meta":"default","adv-header-id-meta":"","stick-header-meta":"default","header-above-stick-meta":"","header-main-stick-meta":"","header-below-stick-meta":""},"product_brand":[],"product_cat":[60,385,37],"product_tag":[52],"class_list":{"0":"post-1981","1":"product","2":"type-product","3":"status-publish","4":"has-post-thumbnail","6":"product_cat-kodukaunistus","7":"product_cat-kulleriga","8":"product_cat-maiu-vares","9":"product_tag-sisustus","10":"product_shipping_class-ainult-kuller","11":"desktop-align-left","12":"tablet-align-left","13":"mobile-align-left","15":"first","16":"instock","17":"shipping-taxable","18":"product-type-variable","19":"has-default-attributes"},"yoast_head":"<!-- This site is optimized with the Yoast SEO plugin v27.2 - https:\/\/yoast.com\/product\/yoast-seo-wordpress\/ -->\n<title>Seinapilt &quot;Vallatud t\u00e4pid&quot; - Peipsi kaup<\/title>\n<meta name=\"robots\" content=\"index, follow, max-snippet:-1, max-image-preview:large, max-video-preview:-1\" \/>\n<link rel=\"canonical\" href=\"https:\/\/peipsikaup.ee\/ru\/product\/seinapilt-vallatud-tapid\/\" \/>\n<meta property=\"og:locale\" content=\"ru_RU\" \/>\n<meta property=\"og:type\" content=\"article\" \/>\n<meta property=\"og:title\" content=\"Seinapilt &quot;Vallatud t\u00e4pid&quot; - Peipsi kaup\" \/>\n<meta property=\"og:description\" content=\"Suur l\u00f5uendile prinditud aktimaal on suurep\u00e4rane kujunduselement magamistuppa. 80 x 60 cm. Pilt lisab magamistoa seinale v\u00e4rvi ning loob sisustuses veidi vallatut meeleolu. Erootiline kingitus kallimale \u2013 sobib \u00fchtviisi h\u00e4sti kingiks nii mehele kui naisele. Meister Maiu Vares.\" \/>\n<meta property=\"og:url\" content=\"https:\/\/peipsikaup.ee\/ru\/product\/seinapilt-vallatud-tapid\/\" \/>\n<meta property=\"og:site_name\" content=\"Peipsi kaup\" \/>\n<meta property=\"article:modified_time\" content=\"2026-02-17T00:00:39+00:00\" \/>\n<meta property=\"og:image\" content=\"https:\/\/peipsikaup.ee\/wp-content\/uploads\/2021\/02\/Peipsikaup_Maiu-Vares_maal-18.jpg\" \/>\n\t<meta property=\"og:image:width\" content=\"1000\" \/>\n\t<meta property=\"og:image:height\" content=\"1000\" \/>\n\t<meta property=\"og:image:type\" content=\"image\/jpeg\" \/>\n<meta name=\"twitter:card\" content=\"summary_large_image\" \/>\n<meta name=\"twitter:label1\" content=\"\u041f\u0440\u0438\u043c\u0435\u0440\u043d\u043e\u0435 \u0432\u0440\u0435\u043c\u044f \u0434\u043b\u044f \u0447\u0442\u0435\u043d\u0438\u044f\" \/>\n\t<meta name=\"twitter:data1\" content=\"1 \u043c\u0438\u043d\u0443\u0442\u0430\" \/>\n<script type=\"application\/ld+json\" class=\"yoast-schema-graph\">{\"@context\":\"https:\/\/schema.org\",\"@graph\":[{\"@type\":\"WebPage\",\"@id\":\"https:\/\/peipsikaup.ee\/toode\/seinapilt-vallatud-tapid\/\",\"url\":\"https:\/\/peipsikaup.ee\/toode\/seinapilt-vallatud-tapid\/\",\"name\":\"Seinapilt \\\"Vallatud t\u00e4pid\\\" - Peipsi kaup\",\"isPartOf\":{\"@id\":\"https:\/\/peipsikaup.ee\/#website\"},\"primaryImageOfPage\":{\"@id\":\"https:\/\/peipsikaup.ee\/toode\/seinapilt-vallatud-tapid\/#primaryimage\"},\"image\":{\"@id\":\"https:\/\/peipsikaup.ee\/toode\/seinapilt-vallatud-tapid\/#primaryimage\"},\"thumbnailUrl\":\"https:\/\/peipsikaup.ee\/wp-content\/uploads\/2021\/02\/Peipsikaup_Maiu-Vares_maal-18.jpg\",\"datePublished\":\"2021-05-22T21:50:15+00:00\",\"dateModified\":\"2026-02-17T00:00:39+00:00\",\"breadcrumb\":{\"@id\":\"https:\/\/peipsikaup.ee\/toode\/seinapilt-vallatud-tapid\/#breadcrumb\"},\"inLanguage\":\"ru-RU\",\"potentialAction\":[{\"@type\":\"ReadAction\",\"target\":[\"https:\/\/peipsikaup.ee\/toode\/seinapilt-vallatud-tapid\/\"]}]},{\"@type\":\"ImageObject\",\"inLanguage\":\"ru-RU\",\"@id\":\"https:\/\/peipsikaup.ee\/toode\/seinapilt-vallatud-tapid\/#primaryimage\",\"url\":\"https:\/\/peipsikaup.ee\/wp-content\/uploads\/2021\/02\/Peipsikaup_Maiu-Vares_maal-18.jpg\",\"contentUrl\":\"https:\/\/peipsikaup.ee\/wp-content\/uploads\/2021\/02\/Peipsikaup_Maiu-Vares_maal-18.jpg\",\"width\":1000,\"height\":1000,\"caption\":\"Peipsikaup kunstnik Maiu Vares l\u00f5uendile prinditud erootiline maal.\"},{\"@type\":\"BreadcrumbList\",\"@id\":\"https:\/\/peipsikaup.ee\/toode\/seinapilt-vallatud-tapid\/#breadcrumb\",\"itemListElement\":[{\"@type\":\"ListItem\",\"position\":1,\"name\":\"Home\",\"item\":\"https:\/\/peipsikaup.ee\/\"},{\"@type\":\"ListItem\",\"position\":2,\"name\":\"Pood\",\"item\":\"https:\/\/peipsikaup.ee\/pood\/\"},{\"@type\":\"ListItem\",\"position\":3,\"name\":\"Seinapilt &#8220;Vallatud t\u00e4pid&#8221;\"}]},{\"@type\":\"WebSite\",\"@id\":\"https:\/\/peipsikaup.ee\/#website\",\"url\":\"https:\/\/peipsikaup.ee\/\",\"name\":\"Peipsi kaup\",\"description\":\"eheda ja isikup\u00e4rase k\u00e4sit\u00f6\u00f6 veebipood\",\"publisher\":{\"@id\":\"https:\/\/peipsikaup.ee\/#organization\"},\"potentialAction\":[{\"@type\":\"SearchAction\",\"target\":{\"@type\":\"EntryPoint\",\"urlTemplate\":\"https:\/\/peipsikaup.ee\/?s={search_term_string}\"},\"query-input\":{\"@type\":\"PropertyValueSpecification\",\"valueRequired\":true,\"valueName\":\"search_term_string\"}}],\"inLanguage\":\"ru-RU\"},{\"@type\":\"Organization\",\"@id\":\"https:\/\/peipsikaup.ee\/#organization\",\"name\":\"Peipsi kaup\",\"url\":\"https:\/\/peipsikaup.ee\/\",\"logo\":{\"@type\":\"ImageObject\",\"inLanguage\":\"ru-RU\",\"@id\":\"https:\/\/peipsikaup.ee\/#\/schema\/logo\/image\/\",\"url\":\"https:\/\/peipsikaup.ee\/wp-content\/uploads\/2022\/01\/cropped-Peipsikaup-loho-pisike.png\",\"contentUrl\":\"https:\/\/peipsikaup.ee\/wp-content\/uploads\/2022\/01\/cropped-Peipsikaup-loho-pisike.png\",\"width\":180,\"height\":60,\"caption\":\"Peipsi kaup\"},\"image\":{\"@id\":\"https:\/\/peipsikaup.ee\/#\/schema\/logo\/image\/\"}}]}<\/script>\n<!-- \/ Yoast SEO plugin. -->","yoast_head_json":{"title":"Seinapilt \"Vallatud t\u00e4pid\" - Peipsi kaup","robots":{"index":"index","follow":"follow","max-snippet":"max-snippet:-1","max-image-preview":"max-image-preview:large","max-video-preview":"max-video-preview:-1"},"canonical":"https:\/\/peipsikaup.ee\/ru\/product\/seinapilt-vallatud-tapid\/","og_locale":"ru_RU","og_type":"article","og_title":"Seinapilt \"Vallatud t\u00e4pid\" - Peipsi kaup","og_description":"Suur l\u00f5uendile prinditud aktimaal on suurep\u00e4rane kujunduselement magamistuppa. 80 x 60 cm. Pilt lisab magamistoa seinale v\u00e4rvi ning loob sisustuses veidi vallatut meeleolu. Erootiline kingitus kallimale \u2013 sobib \u00fchtviisi h\u00e4sti kingiks nii mehele kui naisele. Meister Maiu Vares.","og_url":"https:\/\/peipsikaup.ee\/ru\/product\/seinapilt-vallatud-tapid\/","og_site_name":"Peipsi kaup","article_modified_time":"2026-02-17T00:00:39+00:00","og_image":[{"width":1000,"height":1000,"url":"https:\/\/peipsikaup.ee\/wp-content\/uploads\/2021\/02\/Peipsikaup_Maiu-Vares_maal-18.jpg","type":"image\/jpeg"}],"twitter_card":"summary_large_image","twitter_misc":{"\u041f\u0440\u0438\u043c\u0435\u0440\u043d\u043e\u0435 \u0432\u0440\u0435\u043c\u044f \u0434\u043b\u044f \u0447\u0442\u0435\u043d\u0438\u044f":"1 \u043c\u0438\u043d\u0443\u0442\u0430"},"schema":{"@context":"https:\/\/schema.org","@graph":[{"@type":"WebPage","@id":"https:\/\/peipsikaup.ee\/toode\/seinapilt-vallatud-tapid\/","url":"https:\/\/peipsikaup.ee\/toode\/seinapilt-vallatud-tapid\/","name":"Seinapilt \"Vallatud t\u00e4pid\" - Peipsi kaup","isPartOf":{"@id":"https:\/\/peipsikaup.ee\/#website"},"primaryImageOfPage":{"@id":"https:\/\/peipsikaup.ee\/toode\/seinapilt-vallatud-tapid\/#primaryimage"},"image":{"@id":"https:\/\/peipsikaup.ee\/toode\/seinapilt-vallatud-tapid\/#primaryimage"},"thumbnailUrl":"https:\/\/peipsikaup.ee\/wp-content\/uploads\/2021\/02\/Peipsikaup_Maiu-Vares_maal-18.jpg","datePublished":"2021-05-22T21:50:15+00:00","dateModified":"2026-02-17T00:00:39+00:00","breadcrumb":{"@id":"https:\/\/peipsikaup.ee\/toode\/seinapilt-vallatud-tapid\/#breadcrumb"},"inLanguage":"ru-RU","potentialAction":[{"@type":"ReadAction","target":["https:\/\/peipsikaup.ee\/toode\/seinapilt-vallatud-tapid\/"]}]},{"@type":"ImageObject","inLanguage":"ru-RU","@id":"https:\/\/peipsikaup.ee\/toode\/seinapilt-vallatud-tapid\/#primaryimage","url":"https:\/\/peipsikaup.ee\/wp-content\/uploads\/2021\/02\/Peipsikaup_Maiu-Vares_maal-18.jpg","contentUrl":"https:\/\/peipsikaup.ee\/wp-content\/uploads\/2021\/02\/Peipsikaup_Maiu-Vares_maal-18.jpg","width":1000,"height":1000,"caption":"Peipsikaup kunstnik Maiu Vares l\u00f5uendile prinditud erootiline maal."},{"@type":"BreadcrumbList","@id":"https:\/\/peipsikaup.ee\/toode\/seinapilt-vallatud-tapid\/#breadcrumb","itemListElement":[{"@type":"ListItem","position":1,"name":"Home","item":"https:\/\/peipsikaup.ee\/"},{"@type":"ListItem","position":2,"name":"Pood","item":"https:\/\/peipsikaup.ee\/pood\/"},{"@type":"ListItem","position":3,"name":"Seinapilt &#8220;Vallatud t\u00e4pid&#8221;"}]},{"@type":"WebSite","@id":"https:\/\/peipsikaup.ee\/#website","url":"https:\/\/peipsikaup.ee\/","name":"\u0422\u043e\u0440\u0433\u043e\u0432\u043b\u044f \u043d\u0430 \u0427\u0443\u0434\u0441\u043a\u043e\u043c \u043e\u0441\u0442\u0440\u043e\u0432\u0435","description":"eheda ja isikup\u00e4rase k\u00e4sit\u00f6\u00f6 veebipood","publisher":{"@id":"https:\/\/peipsikaup.ee\/#organization"},"potentialAction":[{"@type":"SearchAction","target":{"@type":"EntryPoint","urlTemplate":"https:\/\/peipsikaup.ee\/?s={search_term_string}"},"query-input":{"@type":"PropertyValueSpecification","valueRequired":true,"valueName":"search_term_string"}}],"inLanguage":"ru-RU"},{"@type":"Organization","@id":"https:\/\/peipsikaup.ee\/#organization","name":"\u0422\u043e\u0440\u0433\u043e\u0432\u043b\u044f \u043d\u0430 \u0427\u0443\u0434\u0441\u043a\u043e\u043c \u043e\u0441\u0442\u0440\u043e\u0432\u0435","url":"https:\/\/peipsikaup.ee\/","logo":{"@type":"ImageObject","inLanguage":"ru-RU","@id":"https:\/\/peipsikaup.ee\/#\/schema\/logo\/image\/","url":"https:\/\/peipsikaup.ee\/wp-content\/uploads\/2022\/01\/cropped-Peipsikaup-loho-pisike.png","contentUrl":"https:\/\/peipsikaup.ee\/wp-content\/uploads\/2022\/01\/cropped-Peipsikaup-loho-pisike.png","width":180,"height":60,"caption":"Peipsi kaup"},"image":{"@id":"https:\/\/peipsikaup.ee\/#\/schema\/logo\/image\/"}}]}},"_links":{"self":[{"href":"https:\/\/peipsikaup.ee\/ru\/wp-json\/wp\/v2\/product\/1981","targetHints":{"allow":["GET"]}}],"collection":[{"href":"https:\/\/peipsikaup.ee\/ru\/wp-json\/wp\/v2\/product"}],"about":[{"href":"https:\/\/peipsikaup.ee\/ru\/wp-json\/wp\/v2\/types\/product"}],"replies":[{"embeddable":true,"href":"https:\/\/peipsikaup.ee\/ru\/wp-json\/wp\/v2\/comments?post=1981"}],"wp:featuredmedia":[{"embeddable":true,"href":"https:\/\/peipsikaup.ee\/ru\/wp-json\/wp\/v2\/media\/1613"}],"wp:attachment":[{"href":"https:\/\/peipsikaup.ee\/ru\/wp-json\/wp\/v2\/media?parent=1981"}],"wp:term":[{"taxonomy":"product_brand","embeddable":true,"href":"https:\/\/peipsikaup.ee\/ru\/wp-json\/wp\/v2\/product_brand?post=1981"},{"taxonomy":"product_cat","embeddable":true,"href":"https:\/\/peipsikaup.ee\/ru\/wp-json\/wp\/v2\/product_cat?post=1981"},{"taxonomy":"product_tag","embeddable":true,"href":"https:\/\/peipsikaup.ee\/ru\/wp-json\/wp\/v2\/product_tag?post=1981"}],"curies":[{"name":"wp","href":"https:\/\/api.w.org\/{rel}","templated":true}]}}