{"id":1817,"date":"2021-05-21T14:47:04","date_gmt":"2021-05-21T14:47:04","guid":{"rendered":"https:\/\/peipsikaup.ee\/?post_type=product&#038;p=1817"},"modified":"2026-04-07T23:10:43","modified_gmt":"2026-04-07T23:10:43","slug":"musta-passiku-chaga-ekstrakt-500ml","status":"publish","type":"product","link":"https:\/\/peipsikaup.ee\/ru\/product\/musta-passiku-chaga-ekstrakt-500ml\/","title":{"rendered":"Musta p\u00e4ssiku CHAGA 500ml"},"content":{"rendered":"<div class=\"page\" title=\"Page 3\">\n<div class=\"layoutArea\">\n<div class=\"column\">\n<div class=\"page\" title=\"Page 3\">\n<div class=\"layoutArea\">\n<div class=\"column\">\n<div class=\"page\" title=\"Page 3\">\n<div class=\"layoutArea\">\n<div class=\"column\">\n<div class=\"page\" title=\"Page 4\">\n<div class=\"layoutArea\">\n<div class=\"column\">\n<div class=\"page\" title=\"Page 4\">\n<div class=\"layoutArea\">\n<div class=\"column\">\n<p>\u041f\u0440\u043e\u0438\u0437\u0432\u0435\u0434\u0435\u043d\u043d\u044b\u0439 \u043d\u0430\u043c\u0438 \u044d\u043a\u0441\u0442\u0440\u0430\u043a\u0442 \u0441\u043e\u0434\u0435\u0440\u0436\u0438\u0442 160 \u0433\u0440\u0430\u043c\u043c\u043e\u0432 \u043f\u043e\u0440\u043e\u0448\u043a\u0430 \u0447\u0430\u0433\u0438. \u0420\u0435\u043a\u043e\u043c\u0435\u043d\u0434\u0443\u0435\u043c\u044b\u0439 \u043a\u0443\u0440\u0441 \u0443\u043a\u0440\u0435\u043f\u043b\u0435\u043d\u0438\u044f \u0437\u0434\u043e\u0440\u043e\u0432\u044c\u044f \u2014 1000 \u043c\u043b, \u0442\u043e \u0435\u0441\u0442\u044c \u043e\u0434\u0438\u043d \u043b\u0438\u0442\u0440 \u044d\u043a\u0441\u0442\u0440\u0430\u043a\u0442\u0430, \u043a\u043e\u0442\u043e\u0440\u044b\u0439 \u0441\u043b\u0435\u0434\u0443\u0435\u0442 \u0443\u043f\u043e\u0442\u0440\u0435\u0431\u043b\u044f\u0442\u044c \u043f\u043e\u0441\u043b\u0435\u0434\u043e\u0432\u0430\u0442\u0435\u043b\u044c\u043d\u043e. \u041c\u0430\u043a\u0441\u0438\u043c\u0430\u043b\u044c\u043d\u0430\u044f \u0441\u0443\u0442\u043e\u0447\u043d\u0430\u044f \u0434\u043e\u0437\u0430 \u0441\u043e\u0441\u0442\u0430\u0432\u043b\u044f\u0435\u0442 \u0434\u043e 50 \u043c\u043b \u0432 \u0434\u0435\u043d\u044c.<\/p>\n<p><span class=\"Apple-converted-space\">\u0412 \u0430\u0441\u0441\u043e\u0440\u0442\u0438\u043c\u0435\u043d\u0442\u0435 \u043f\u0440\u0435\u0434\u0441\u0442\u0430\u0432\u043b\u0435\u043d\u044b \u0434\u0432\u0430 \u0432\u0438\u0434\u0430 \u044d\u043a\u0441\u0442\u0440\u0430\u043a\u0442\u0430 \u0447\u0430\u0433\u0438: \u043e\u0434\u0438\u043d \u0431\u0435\u0437 \u0434\u043e\u0431\u0430\u0432\u043e\u043a, \u0430 \u0432 \u0434\u0440\u0443\u0433\u043e\u0439 \u0434\u043b\u044f \u0443\u043b\u0443\u0447\u0448\u0435\u043d\u0438\u044f \u0432\u043a\u0443\u0441\u043e\u0432\u044b\u0445 \u043a\u0430\u0447\u0435\u0441\u0442\u0432 \u0434\u043e\u0431\u0430\u0432\u043b\u0435\u043d\u044b \u043e\u0442\u0435\u0447\u0435\u0441\u0442\u0432\u0435\u043d\u043d\u044b\u0439 \u043c\u0435\u0434, \u0438\u043c\u0431\u0438\u0440\u044c \u0438 \u043a\u043e\u0440\u0438\u0446\u0430.\u00a0<\/span><\/p>\n<p>\u0417\u0438\u043c\u043e\u0439, \u043a\u043e\u0433\u0434\u0430 \u043d\u0430 \u0443\u043b\u0438\u0446\u0435 \u043c\u0438\u043d\u0443\u0441\u043e\u0432\u0430\u044f \u0442\u0435\u043c\u043f\u0435\u0440\u0430\u0442\u0443\u0440\u0430, \u0440\u0435\u043a\u043e\u043c\u0435\u043d\u0434\u0443\u0435\u0442\u0441\u044f \u0437\u0430\u043a\u0430\u0437\u0430\u0442\u044c \u0434\u043e\u0441\u0442\u0430\u0432\u043a\u0443 \u0432 \u043f\u043e\u0447\u0442\u043e\u043c\u0430\u0442 Itella SmartPOST.<\/p>\n<p>\u041e\u0431\u0440\u0430\u0449\u0430\u0435\u043c \u0432\u0430\u0448\u0435 \u0432\u043d\u0438\u043c\u0430\u043d\u0438\u0435, \u0447\u0442\u043e \u0434\u0430\u043d\u043d\u044b\u0439 \u043f\u0440\u043e\u0434\u0443\u043a\u0442 \u043d\u0435 \u043f\u043e\u0434\u0445\u043e\u0434\u0438\u0442 \u0434\u043b\u044f \u0434\u0435\u0442\u0435\u0439 \u043c\u043b\u0430\u0434\u0448\u0435 14 \u043b\u0435\u0442; \u0435\u0433\u043e \u043d\u0435 \u0440\u0435\u043a\u043e\u043c\u0435\u043d\u0434\u0443\u0435\u0442\u0441\u044f \u0443\u043f\u043e\u0442\u0440\u0435\u0431\u043b\u044f\u0442\u044c \u043f\u0440\u0438 \u0440\u0438\u0441\u043a\u0435 \u043e\u0431\u0440\u0430\u0437\u043e\u0432\u0430\u043d\u0438\u044f \u043f\u043e\u0447\u0435\u0447\u043d\u043e\u043a\u0430\u043c\u0435\u043d\u043d\u043e\u0439 \u0431\u043e\u043b\u0435\u0437\u043d\u0438 \u0438\u043b\u0438 \u043d\u0430\u0440\u0443\u0448\u0435\u043d\u0438\u044f\u0445 \u0441\u0432\u0435\u0440\u0442\u044b\u0432\u0430\u0435\u043c\u043e\u0441\u0442\u0438 \u043a\u0440\u043e\u0432\u0438; \u0442\u0430\u043a\u0436\u0435 \u0441\u043b\u0435\u0434\u0443\u0435\u0442 \u0438\u0437\u0431\u0435\u0433\u0430\u0442\u044c \u0443\u043f\u043e\u0442\u0440\u0435\u0431\u043b\u0435\u043d\u0438\u044f \u043f\u0440\u043e\u0434\u0443\u043a\u0442\u0430 \u0432\u043e \u0432\u0440\u0435\u043c\u044f \u0431\u0435\u0440\u0435\u043c\u0435\u043d\u043d\u043e\u0441\u0442\u0438 \u0438 \u043a\u043e\u0440\u043c\u043b\u0435\u043d\u0438\u044f \u0433\u0440\u0443\u0434\u044c\u044e.<\/p>\n<\/div>\n<\/div>\n<\/div>\n<\/div>\n<\/div>\n<\/div>\n<\/div>\n<\/div>\n<\/div>\n<\/div>\n<\/div>\n<\/div>\n<\/div>\n<\/div>\n<\/div>","protected":false},"excerpt":{"rendered":"<p><span style=\"color: #0000ff;\"><strong style=\"font-size: 16px; font-style: normal;\"><em style=\"font-size: 16px;\">\u0417\u0438\u043c\u043e\u0439, \u043f\u0440\u0438 \u043c\u0438\u043d\u0443\u0441\u043e\u0432\u043e\u0439 \u0442\u0435\u043c\u043f\u0435\u0440\u0430\u0442\u0443\u0440\u0435, \u043f\u0440\u043e\u0441\u0438\u043c \u0437\u0430\u043a\u0430\u0437\u044b\u0432\u0430\u0442\u044c \u0434\u043e\u0441\u0442\u0430\u0432\u043a\u0443 \u0432 \u043f\u043e\u0447\u0442\u043e\u043c\u0430\u0442 Itella SmartPOST. <\/em><\/strong><\/span><strong>\u042d\u043a\u0441\u0442\u0440\u0430\u043a\u0442 \u0447\u0435\u0440\u043d\u043e\u0439 \u0447\u0430\u0433\u0438 CHAGA \u0438\u0437\u0433\u043e\u0442\u043e\u0432\u043b\u0435\u043d \u0438\u0437 \u0433\u0440\u0438\u0431\u043e\u0432 \u0447\u0430\u0433\u0438, \u0441\u043e\u0431\u0440\u0430\u043d\u043d\u044b\u0445 \u0432 \u0447\u0438\u0441\u0442\u044b\u0445 \u043b\u0435\u0441\u0430\u0445 \u0440\u0435\u0433\u0438\u043e\u043d\u0430 \u041f\u0435\u0439\u043f\u0441\u0438, \u0438\u043b\u0438, \u043a\u0430\u043a \u0435\u0433\u043e \u0447\u0430\u0449\u0435 \u043d\u0430\u0437\u044b\u0432\u0430\u044e\u0442 \u044d\u0441\u0442\u043e\u043d\u0446\u044b, \u0447\u0435\u0440\u043d\u043e\u0439 \u0431\u0435\u0440\u0435\u0437\u043e\u0432\u043e\u0439 \u0447\u0430\u0433\u0438.  500 \u043c\u043b \u044d\u043a\u0441\u0442\u0440\u0430\u043a\u0442\u0430 \u0441\u043e\u0434\u0435\u0440\u0436\u0430\u0442 160 \u0433\u0440\u0430\u043c\u043c\u043e\u0432 \u043d\u0430\u0442\u0443\u0440\u0430\u043b\u044c\u043d\u043e\u0439 \u0438\u0437\u043c\u0435\u043b\u044c\u0447\u0435\u043d\u043d\u043e\u0439 \u0447\u0430\u0433\u0438. \u041c\u0430\u0441\u0442\u0435\u0440 <a href=\"https:\/\/peipsikaup.ee\/ru\/meistrid\/tiit-purika\/\">\u0422\u0438\u0439\u0442 \u041f\u0443\u0440\u0438\u043a\u0430<\/a>.<span class=\"Apple-converted-space\">\u00a0\u00a0<\/span><\/strong><\/p>","protected":false},"featured_media":3105,"comment_status":"open","ping_status":"closed","template":"","meta":{"site-sidebar-layout":"default","site-content-layout":"default","ast-global-header-display":"","ast-main-header-display":"","ast-hfb-above-header-display":"","ast-hfb-below-header-display":"","ast-hfb-mobile-header-display":"","site-post-title":"","ast-breadcrumbs-content":"","ast-featured-img":"","footer-sml-layout":"","theme-transparent-header-meta":"default","adv-header-id-meta":"","stick-header-meta":"default","header-above-stick-meta":"","header-main-stick-meta":"","header-below-stick-meta":""},"product_brand":[],"product_cat":[70,71],"product_tag":[69],"class_list":{"0":"post-1817","1":"product","2":"type-product","3":"status-publish","4":"has-post-thumbnail","6":"product_cat-chaga-tooted","7":"product_cat-tiit-purika-tooted","8":"product_tag-looduslik","9":"desktop-align-left","10":"tablet-align-left","11":"mobile-align-left","13":"first","14":"instock","15":"featured","16":"shipping-taxable","17":"purchasable","18":"product-type-variable"},"yoast_head":"<!-- This site is optimized with the Yoast SEO plugin v27.2 - https:\/\/yoast.com\/product\/yoast-seo-wordpress\/ -->\n<title>Musta p\u00e4ssiku CHAGA 500ml - Peipsi kaup<\/title>\n<meta name=\"description\" content=\"Avasta meie kvaliteetne chaga ekstrakt. Vali naturaalne v\u00f5i meega, ingveri ja kaneeliga maitsestatud variant. Tugevda end looduslikult. Tee tellimus kohe!\" \/>\n<meta name=\"robots\" content=\"index, follow, max-snippet:-1, max-image-preview:large, max-video-preview:-1\" \/>\n<link rel=\"canonical\" href=\"https:\/\/peipsikaup.ee\/ru\/product\/musta-passiku-chaga-ekstrakt-500ml\/\" \/>\n<meta property=\"og:locale\" content=\"ru_RU\" \/>\n<meta property=\"og:type\" content=\"article\" \/>\n<meta property=\"og:title\" content=\"Musta p\u00e4ssiku CHAGA 500ml - Peipsi kaup\" \/>\n<meta property=\"og:description\" content=\"Avasta meie kvaliteetne chaga ekstrakt. Vali naturaalne v\u00f5i meega, ingveri ja kaneeliga maitsestatud variant. Tugevda end looduslikult. Tee tellimus kohe!\" \/>\n<meta property=\"og:url\" content=\"https:\/\/peipsikaup.ee\/ru\/product\/musta-passiku-chaga-ekstrakt-500ml\/\" \/>\n<meta property=\"og:site_name\" content=\"Peipsi kaup\" \/>\n<meta property=\"article:modified_time\" content=\"2026-04-07T23:10:43+00:00\" \/>\n<meta property=\"og:image\" content=\"https:\/\/peipsikaup.ee\/wp-content\/uploads\/2021\/05\/Peipsikaup_meister_Tiit-Purika_chaga-ekstrakt-16.jpg\" \/>\n\t<meta property=\"og:image:width\" content=\"1000\" \/>\n\t<meta property=\"og:image:height\" content=\"1000\" \/>\n\t<meta property=\"og:image:type\" content=\"image\/jpeg\" \/>\n<meta name=\"twitter:card\" content=\"summary_large_image\" \/>\n<meta name=\"twitter:label1\" content=\"\u041f\u0440\u0438\u043c\u0435\u0440\u043d\u043e\u0435 \u0432\u0440\u0435\u043c\u044f \u0434\u043b\u044f \u0447\u0442\u0435\u043d\u0438\u044f\" \/>\n\t<meta name=\"twitter:data1\" content=\"1 \u043c\u0438\u043d\u0443\u0442\u0430\" \/>\n<script type=\"application\/ld+json\" class=\"yoast-schema-graph\">{\"@context\":\"https:\/\/schema.org\",\"@graph\":[{\"@type\":\"WebPage\",\"@id\":\"https:\/\/peipsikaup.ee\/toode\/musta-passiku-chaga-ekstrakt-500ml\/\",\"url\":\"https:\/\/peipsikaup.ee\/toode\/musta-passiku-chaga-ekstrakt-500ml\/\",\"name\":\"Musta p\u00e4ssiku CHAGA 500ml - Peipsi kaup\",\"isPartOf\":{\"@id\":\"https:\/\/peipsikaup.ee\/#website\"},\"primaryImageOfPage\":{\"@id\":\"https:\/\/peipsikaup.ee\/toode\/musta-passiku-chaga-ekstrakt-500ml\/#primaryimage\"},\"image\":{\"@id\":\"https:\/\/peipsikaup.ee\/toode\/musta-passiku-chaga-ekstrakt-500ml\/#primaryimage\"},\"thumbnailUrl\":\"https:\/\/peipsikaup.ee\/wp-content\/uploads\/2021\/05\/Peipsikaup_meister_Tiit-Purika_chaga-ekstrakt-16.jpg\",\"datePublished\":\"2021-05-21T14:47:04+00:00\",\"dateModified\":\"2026-04-07T23:10:43+00:00\",\"description\":\"Avasta meie kvaliteetne chaga ekstrakt. Vali naturaalne v\u00f5i meega, ingveri ja kaneeliga maitsestatud variant. Tugevda end looduslikult. Tee tellimus kohe!\",\"breadcrumb\":{\"@id\":\"https:\/\/peipsikaup.ee\/toode\/musta-passiku-chaga-ekstrakt-500ml\/#breadcrumb\"},\"inLanguage\":\"ru-RU\",\"potentialAction\":[{\"@type\":\"ReadAction\",\"target\":[\"https:\/\/peipsikaup.ee\/toode\/musta-passiku-chaga-ekstrakt-500ml\/\"]}]},{\"@type\":\"ImageObject\",\"inLanguage\":\"ru-RU\",\"@id\":\"https:\/\/peipsikaup.ee\/toode\/musta-passiku-chaga-ekstrakt-500ml\/#primaryimage\",\"url\":\"https:\/\/peipsikaup.ee\/wp-content\/uploads\/2021\/05\/Peipsikaup_meister_Tiit-Purika_chaga-ekstrakt-16.jpg\",\"contentUrl\":\"https:\/\/peipsikaup.ee\/wp-content\/uploads\/2021\/05\/Peipsikaup_meister_Tiit-Purika_chaga-ekstrakt-16.jpg\",\"width\":1000,\"height\":1000,\"caption\":\"Peipuscraft master Tiit Purika chaga extract\"},{\"@type\":\"BreadcrumbList\",\"@id\":\"https:\/\/peipsikaup.ee\/toode\/musta-passiku-chaga-ekstrakt-500ml\/#breadcrumb\",\"itemListElement\":[{\"@type\":\"ListItem\",\"position\":1,\"name\":\"Home\",\"item\":\"https:\/\/peipsikaup.ee\/\"},{\"@type\":\"ListItem\",\"position\":2,\"name\":\"Pood\",\"item\":\"https:\/\/peipsikaup.ee\/pood\/\"},{\"@type\":\"ListItem\",\"position\":3,\"name\":\"Musta p\u00e4ssiku CHAGA 500ml\"}]},{\"@type\":\"WebSite\",\"@id\":\"https:\/\/peipsikaup.ee\/#website\",\"url\":\"https:\/\/peipsikaup.ee\/\",\"name\":\"Peipsi kaup\",\"description\":\"eheda ja isikup\u00e4rase k\u00e4sit\u00f6\u00f6 veebipood\",\"publisher\":{\"@id\":\"https:\/\/peipsikaup.ee\/#organization\"},\"potentialAction\":[{\"@type\":\"SearchAction\",\"target\":{\"@type\":\"EntryPoint\",\"urlTemplate\":\"https:\/\/peipsikaup.ee\/?s={search_term_string}\"},\"query-input\":{\"@type\":\"PropertyValueSpecification\",\"valueRequired\":true,\"valueName\":\"search_term_string\"}}],\"inLanguage\":\"ru-RU\"},{\"@type\":\"Organization\",\"@id\":\"https:\/\/peipsikaup.ee\/#organization\",\"name\":\"Peipsi kaup\",\"url\":\"https:\/\/peipsikaup.ee\/\",\"logo\":{\"@type\":\"ImageObject\",\"inLanguage\":\"ru-RU\",\"@id\":\"https:\/\/peipsikaup.ee\/#\/schema\/logo\/image\/\",\"url\":\"https:\/\/peipsikaup.ee\/wp-content\/uploads\/2022\/01\/cropped-Peipsikaup-loho-pisike.png\",\"contentUrl\":\"https:\/\/peipsikaup.ee\/wp-content\/uploads\/2022\/01\/cropped-Peipsikaup-loho-pisike.png\",\"width\":180,\"height\":60,\"caption\":\"Peipsi kaup\"},\"image\":{\"@id\":\"https:\/\/peipsikaup.ee\/#\/schema\/logo\/image\/\"}}]}<\/script>\n<!-- \/ Yoast SEO plugin. -->","yoast_head_json":{"title":"Musta p\u00e4ssiku CHAGA 500ml - Peipsi kaup","description":"Avasta meie kvaliteetne chaga ekstrakt. Vali naturaalne v\u00f5i meega, ingveri ja kaneeliga maitsestatud variant. Tugevda end looduslikult. Tee tellimus kohe!","robots":{"index":"index","follow":"follow","max-snippet":"max-snippet:-1","max-image-preview":"max-image-preview:large","max-video-preview":"max-video-preview:-1"},"canonical":"https:\/\/peipsikaup.ee\/ru\/product\/musta-passiku-chaga-ekstrakt-500ml\/","og_locale":"ru_RU","og_type":"article","og_title":"Musta p\u00e4ssiku CHAGA 500ml - Peipsi kaup","og_description":"Avasta meie kvaliteetne chaga ekstrakt. Vali naturaalne v\u00f5i meega, ingveri ja kaneeliga maitsestatud variant. Tugevda end looduslikult. Tee tellimus kohe!","og_url":"https:\/\/peipsikaup.ee\/ru\/product\/musta-passiku-chaga-ekstrakt-500ml\/","og_site_name":"Peipsi kaup","article_modified_time":"2026-04-07T23:10:43+00:00","og_image":[{"width":1000,"height":1000,"url":"https:\/\/peipsikaup.ee\/wp-content\/uploads\/2021\/05\/Peipsikaup_meister_Tiit-Purika_chaga-ekstrakt-16.jpg","type":"image\/jpeg"}],"twitter_card":"summary_large_image","twitter_misc":{"\u041f\u0440\u0438\u043c\u0435\u0440\u043d\u043e\u0435 \u0432\u0440\u0435\u043c\u044f \u0434\u043b\u044f \u0447\u0442\u0435\u043d\u0438\u044f":"1 \u043c\u0438\u043d\u0443\u0442\u0430"},"schema":{"@context":"https:\/\/schema.org","@graph":[{"@type":"WebPage","@id":"https:\/\/peipsikaup.ee\/toode\/musta-passiku-chaga-ekstrakt-500ml\/","url":"https:\/\/peipsikaup.ee\/toode\/musta-passiku-chaga-ekstrakt-500ml\/","name":"Musta p\u00e4ssiku CHAGA 500ml - Peipsi kaup","isPartOf":{"@id":"https:\/\/peipsikaup.ee\/#website"},"primaryImageOfPage":{"@id":"https:\/\/peipsikaup.ee\/toode\/musta-passiku-chaga-ekstrakt-500ml\/#primaryimage"},"image":{"@id":"https:\/\/peipsikaup.ee\/toode\/musta-passiku-chaga-ekstrakt-500ml\/#primaryimage"},"thumbnailUrl":"https:\/\/peipsikaup.ee\/wp-content\/uploads\/2021\/05\/Peipsikaup_meister_Tiit-Purika_chaga-ekstrakt-16.jpg","datePublished":"2021-05-21T14:47:04+00:00","dateModified":"2026-04-07T23:10:43+00:00","description":"Avasta meie kvaliteetne chaga ekstrakt. Vali naturaalne v\u00f5i meega, ingveri ja kaneeliga maitsestatud variant. Tugevda end looduslikult. Tee tellimus kohe!","breadcrumb":{"@id":"https:\/\/peipsikaup.ee\/toode\/musta-passiku-chaga-ekstrakt-500ml\/#breadcrumb"},"inLanguage":"ru-RU","potentialAction":[{"@type":"ReadAction","target":["https:\/\/peipsikaup.ee\/toode\/musta-passiku-chaga-ekstrakt-500ml\/"]}]},{"@type":"ImageObject","inLanguage":"ru-RU","@id":"https:\/\/peipsikaup.ee\/toode\/musta-passiku-chaga-ekstrakt-500ml\/#primaryimage","url":"https:\/\/peipsikaup.ee\/wp-content\/uploads\/2021\/05\/Peipsikaup_meister_Tiit-Purika_chaga-ekstrakt-16.jpg","contentUrl":"https:\/\/peipsikaup.ee\/wp-content\/uploads\/2021\/05\/Peipsikaup_meister_Tiit-Purika_chaga-ekstrakt-16.jpg","width":1000,"height":1000,"caption":"Peipuscraft master Tiit Purika chaga extract"},{"@type":"BreadcrumbList","@id":"https:\/\/peipsikaup.ee\/toode\/musta-passiku-chaga-ekstrakt-500ml\/#breadcrumb","itemListElement":[{"@type":"ListItem","position":1,"name":"Home","item":"https:\/\/peipsikaup.ee\/"},{"@type":"ListItem","position":2,"name":"Pood","item":"https:\/\/peipsikaup.ee\/pood\/"},{"@type":"ListItem","position":3,"name":"Musta p\u00e4ssiku CHAGA 500ml"}]},{"@type":"WebSite","@id":"https:\/\/peipsikaup.ee\/#website","url":"https:\/\/peipsikaup.ee\/","name":"\u0422\u043e\u0440\u0433\u043e\u0432\u043b\u044f \u043d\u0430 \u0427\u0443\u0434\u0441\u043a\u043e\u043c \u043e\u0441\u0442\u0440\u043e\u0432\u0435","description":"eheda ja isikup\u00e4rase k\u00e4sit\u00f6\u00f6 veebipood","publisher":{"@id":"https:\/\/peipsikaup.ee\/#organization"},"potentialAction":[{"@type":"SearchAction","target":{"@type":"EntryPoint","urlTemplate":"https:\/\/peipsikaup.ee\/?s={search_term_string}"},"query-input":{"@type":"PropertyValueSpecification","valueRequired":true,"valueName":"search_term_string"}}],"inLanguage":"ru-RU"},{"@type":"Organization","@id":"https:\/\/peipsikaup.ee\/#organization","name":"\u0422\u043e\u0440\u0433\u043e\u0432\u043b\u044f \u043d\u0430 \u0427\u0443\u0434\u0441\u043a\u043e\u043c \u043e\u0441\u0442\u0440\u043e\u0432\u0435","url":"https:\/\/peipsikaup.ee\/","logo":{"@type":"ImageObject","inLanguage":"ru-RU","@id":"https:\/\/peipsikaup.ee\/#\/schema\/logo\/image\/","url":"https:\/\/peipsikaup.ee\/wp-content\/uploads\/2022\/01\/cropped-Peipsikaup-loho-pisike.png","contentUrl":"https:\/\/peipsikaup.ee\/wp-content\/uploads\/2022\/01\/cropped-Peipsikaup-loho-pisike.png","width":180,"height":60,"caption":"Peipsi kaup"},"image":{"@id":"https:\/\/peipsikaup.ee\/#\/schema\/logo\/image\/"}}]}},"_links":{"self":[{"href":"https:\/\/peipsikaup.ee\/ru\/wp-json\/wp\/v2\/product\/1817","targetHints":{"allow":["GET"]}}],"collection":[{"href":"https:\/\/peipsikaup.ee\/ru\/wp-json\/wp\/v2\/product"}],"about":[{"href":"https:\/\/peipsikaup.ee\/ru\/wp-json\/wp\/v2\/types\/product"}],"replies":[{"embeddable":true,"href":"https:\/\/peipsikaup.ee\/ru\/wp-json\/wp\/v2\/comments?post=1817"}],"wp:featuredmedia":[{"embeddable":true,"href":"https:\/\/peipsikaup.ee\/ru\/wp-json\/wp\/v2\/media\/3105"}],"wp:attachment":[{"href":"https:\/\/peipsikaup.ee\/ru\/wp-json\/wp\/v2\/media?parent=1817"}],"wp:term":[{"taxonomy":"product_brand","embeddable":true,"href":"https:\/\/peipsikaup.ee\/ru\/wp-json\/wp\/v2\/product_brand?post=1817"},{"taxonomy":"product_cat","embeddable":true,"href":"https:\/\/peipsikaup.ee\/ru\/wp-json\/wp\/v2\/product_cat?post=1817"},{"taxonomy":"product_tag","embeddable":true,"href":"https:\/\/peipsikaup.ee\/ru\/wp-json\/wp\/v2\/product_tag?post=1817"}],"curies":[{"name":"wp","href":"https:\/\/api.w.org\/{rel}","templated":true}]}}