{"id":1700,"date":"2021-05-06T11:45:40","date_gmt":"2021-05-06T11:45:40","guid":{"rendered":"https:\/\/peipsikaup.ee\/?post_type=product&#038;p=1700"},"modified":"2021-09-27T14:18:29","modified_gmt":"2021-09-27T14:18:29","slug":"pluus-multikategelastega","status":"publish","type":"product","link":"https:\/\/peipsikaup.ee\/ru\/product\/pluus-multikategelastega\/","title":{"rendered":"\u0421\u0432\u0438\u0442\u0435\u0440 \u0441 \u043c\u0443\u043b\u044c\u0442\u044f\u0448\u043d\u044b\u043c\u0438 \u043f\u0435\u0440\u0441\u043e\u043d\u0430\u0436\u0430\u043c\u0438"},"content":{"rendered":"<div class=\"page\" title=\"Page 3\">\n<div class=\"layoutArea\">\n<div class=\"column\">\n<div class=\"page\" title=\"Page 3\">\n<div class=\"layoutArea\">\n<div class=\"column\">\n<div class=\"page\" title=\"Page 3\">\n<div class=\"layoutArea\">\n<div class=\"column\">\n<div class=\"page\" title=\"Page 4\">\n<div class=\"layoutArea\">\n<div class=\"column\">\n<div class=\"page\" title=\"Page 4\">\n<div class=\"layoutArea\">\n<div class=\"column\">\n<p><strong>Riidesse panek ei pea olema keeruline ja t\u00fclikas protseduur, kus kokkulepe sobiliku riideeseme valiku \u00fcle kujuneb pikkade ja kurnavate l\u00e4bir\u00e4\u00e4kimiste teel. Kui pluusil on lapse jaoks meeldivad assotsiatsioonid, saab riietumisest alati r\u00f5\u00f5mus ja oodatud tegevus. K\u00fcll on uhke joosta \u00f5ue v\u00f5i v\u00f5imlema lemmikfilmi tegelastega koos! Pluus multikategelastega l\u00e4heb selga alati hea meelega. Kanga tooraine on Peipsimaa toodetele omaselt loodusl\u00e4hedane &#8211; see on \u00f5mmeldud \u00f6kos\u00f5bralikust kangast, mis omab vastavaid sertifikaate.<\/strong><\/p>\n<p>Pluusi funktsionaalsus on inspireeritud maal\u00e4hedast ja liikuvat eluviisi harrastavatest lastest, kelle r\u00f5ivad peavad olema lisaks \u00e4gedale kujundusele ka mugavad ja praktilised. Kaeluses on soonik tehtud h\u00e4sti venivaks. Selliselt pole pluusi \u00fcle pea selga t\u00f5mbamine \u00fcldse raske. Pikkade varrukatega pluus on kantav nii teksade, kui ka l\u00fchikeste p\u00fckstega. T\u00e4nu naturaalsele kangale on seda hea kanda ka suvel pisut jahedama ilmaga.<\/p>\n<p>Kui pealetr\u00fckitud kujundusega riideese hakkab p\u00e4rast 2-3 pesu oma ilmet kaotama, siis pildikangas p\u00fcsib pikalt ilusa v\u00e4limusega ning ei kulu \u00e4ra enne, kui laps kasvab riideesemest v\u00e4lja.<\/p>\n<p>Kui antud tooted inspireerisid soovima olemasolevast erinevat lahendust, siis meister on valmis tegema individuaaltellimusi. Tegelaste pluuse on v\u00f5imalik \u00f5mmelda ka teiste multikate p\u00f5hjalt v\u00f5i loomapiltidega &#8211; dinosaurused, ponid, \u00fckssarvikud.<span class=\"Apple-converted-space\">\u00a0<\/span><\/p>\n<\/div>\n<\/div>\n<\/div>\n<\/div>\n<\/div>\n<\/div>\n<\/div>\n<\/div>\n<\/div>\n<\/div>\n<\/div>\n<\/div>\n<\/div>\n<\/div>\n<\/div>","protected":false},"excerpt":{"rendered":"<p><b>K\u00e4papatrulli pluus multikategelastega, mis on seljas mugav ja \u00f5mmeldud \u00f6koloogilisest dresskangast. Suurus sobiv 110 cm pikale lapsele.<\/b><b> \u0420\u0435\u043c\u0435\u0441\u043b\u0435\u043d\u043d\u0438\u043a <a href=\"https:\/\/peipsikaup.ee\/ru\/meistrid\/nati-asi\/\">\u041d\u0430\u0442\u0438 \u0410\u0441\u0438<\/a>.<\/b><\/p>","protected":false},"featured_media":1662,"comment_status":"open","ping_status":"closed","template":"","meta":{"site-sidebar-layout":"default","site-content-layout":"default","ast-global-header-display":"","ast-main-header-display":"","ast-hfb-above-header-display":"","ast-hfb-below-header-display":"","ast-hfb-mobile-header-display":"","site-post-title":"","ast-breadcrumbs-content":"","ast-featured-img":"","footer-sml-layout":"","theme-transparent-header-meta":"default","adv-header-id-meta":"","stick-header-meta":"default","header-above-stick-meta":"","header-main-stick-meta":"","header-below-stick-meta":""},"product_brand":[],"product_cat":[55,56],"product_tag":[40,63,58,59,48],"class_list":{"0":"post-1700","1":"product","2":"type-product","3":"status-publish","4":"has-post-thumbnail","6":"product_cat-nati-asi-tooted","7":"product_cat-riided","8":"product_tag-kingitus-lapsele","9":"product_tag-lapsele","10":"product_tag-pidu","11":"product_tag-sportlik","12":"product_tag-sunnipaev","13":"desktop-align-left","14":"tablet-align-left","15":"mobile-align-left","17":"first","18":"instock","19":"shipping-taxable","20":"purchasable","21":"product-type-variable"},"yoast_head":"<!-- This site is optimized with the Yoast SEO plugin v27.2 - https:\/\/yoast.com\/product\/yoast-seo-wordpress\/ -->\n<title>Pluus multikategelastega - Peipsi kaup<\/title>\n<meta name=\"robots\" content=\"index, follow, max-snippet:-1, max-image-preview:large, max-video-preview:-1\" \/>\n<link rel=\"canonical\" href=\"https:\/\/peipsikaup.ee\/ru\/product\/pluus-multikategelastega\/\" \/>\n<meta property=\"og:locale\" content=\"ru_RU\" \/>\n<meta property=\"og:type\" content=\"article\" \/>\n<meta property=\"og:title\" content=\"Pluus multikategelastega - Peipsi kaup\" \/>\n<meta property=\"og:description\" content=\"K\u00e4papatrulli pluus multikategelastega, mis on seljas mugav ja \u00f5mmeldud \u00f6koloogilisest dresskangast. Suurus sobiv 110 cm pikale lapsele. Meister Nati Asi.\" \/>\n<meta property=\"og:url\" content=\"https:\/\/peipsikaup.ee\/ru\/product\/pluus-multikategelastega\/\" \/>\n<meta property=\"og:site_name\" content=\"Peipsi kaup\" \/>\n<meta property=\"article:modified_time\" content=\"2021-09-27T14:18:29+00:00\" \/>\n<meta property=\"og:image\" content=\"https:\/\/peipsikaup.ee\/wp-content\/uploads\/2021\/05\/Peipsikaup_meister_Nati-Asi_multikategelaste-pluus-28.jpg\" \/>\n\t<meta property=\"og:image:width\" content=\"1000\" \/>\n\t<meta property=\"og:image:height\" content=\"1000\" \/>\n\t<meta property=\"og:image:type\" content=\"image\/jpeg\" \/>\n<meta name=\"twitter:card\" content=\"summary_large_image\" \/>\n<meta name=\"twitter:label1\" content=\"\u041f\u0440\u0438\u043c\u0435\u0440\u043d\u043e\u0435 \u0432\u0440\u0435\u043c\u044f \u0434\u043b\u044f \u0447\u0442\u0435\u043d\u0438\u044f\" \/>\n\t<meta name=\"twitter:data1\" content=\"1 \u043c\u0438\u043d\u0443\u0442\u0430\" \/>\n<script type=\"application\/ld+json\" class=\"yoast-schema-graph\">{\"@context\":\"https:\/\/schema.org\",\"@graph\":[{\"@type\":\"WebPage\",\"@id\":\"https:\/\/peipsikaup.ee\/toode\/pluus-multikategelastega\/\",\"url\":\"https:\/\/peipsikaup.ee\/toode\/pluus-multikategelastega\/\",\"name\":\"Pluus multikategelastega - Peipsi kaup\",\"isPartOf\":{\"@id\":\"https:\/\/peipsikaup.ee\/#website\"},\"primaryImageOfPage\":{\"@id\":\"https:\/\/peipsikaup.ee\/toode\/pluus-multikategelastega\/#primaryimage\"},\"image\":{\"@id\":\"https:\/\/peipsikaup.ee\/toode\/pluus-multikategelastega\/#primaryimage\"},\"thumbnailUrl\":\"https:\/\/peipsikaup.ee\/wp-content\/uploads\/2021\/05\/Peipsikaup_meister_Nati-Asi_multikategelaste-pluus-28.jpg\",\"datePublished\":\"2021-05-06T11:45:40+00:00\",\"dateModified\":\"2021-09-27T14:18:29+00:00\",\"breadcrumb\":{\"@id\":\"https:\/\/peipsikaup.ee\/toode\/pluus-multikategelastega\/#breadcrumb\"},\"inLanguage\":\"ru-RU\",\"potentialAction\":[{\"@type\":\"ReadAction\",\"target\":[\"https:\/\/peipsikaup.ee\/toode\/pluus-multikategelastega\/\"]}]},{\"@type\":\"ImageObject\",\"inLanguage\":\"ru-RU\",\"@id\":\"https:\/\/peipsikaup.ee\/toode\/pluus-multikategelastega\/#primaryimage\",\"url\":\"https:\/\/peipsikaup.ee\/wp-content\/uploads\/2021\/05\/Peipsikaup_meister_Nati-Asi_multikategelaste-pluus-28.jpg\",\"contentUrl\":\"https:\/\/peipsikaup.ee\/wp-content\/uploads\/2021\/05\/Peipsikaup_meister_Nati-Asi_multikategelaste-pluus-28.jpg\",\"width\":1000,\"height\":1000,\"caption\":\"Peipsikaup meister Nati Asi pluus multikategelastega\"},{\"@type\":\"BreadcrumbList\",\"@id\":\"https:\/\/peipsikaup.ee\/toode\/pluus-multikategelastega\/#breadcrumb\",\"itemListElement\":[{\"@type\":\"ListItem\",\"position\":1,\"name\":\"Home\",\"item\":\"https:\/\/peipsikaup.ee\/\"},{\"@type\":\"ListItem\",\"position\":2,\"name\":\"Pood\",\"item\":\"https:\/\/peipsikaup.ee\/pood\/\"},{\"@type\":\"ListItem\",\"position\":3,\"name\":\"Pluus multikategelastega\"}]},{\"@type\":\"WebSite\",\"@id\":\"https:\/\/peipsikaup.ee\/#website\",\"url\":\"https:\/\/peipsikaup.ee\/\",\"name\":\"Peipsi kaup\",\"description\":\"eheda ja isikup\u00e4rase k\u00e4sit\u00f6\u00f6 veebipood\",\"publisher\":{\"@id\":\"https:\/\/peipsikaup.ee\/#organization\"},\"potentialAction\":[{\"@type\":\"SearchAction\",\"target\":{\"@type\":\"EntryPoint\",\"urlTemplate\":\"https:\/\/peipsikaup.ee\/?s={search_term_string}\"},\"query-input\":{\"@type\":\"PropertyValueSpecification\",\"valueRequired\":true,\"valueName\":\"search_term_string\"}}],\"inLanguage\":\"ru-RU\"},{\"@type\":\"Organization\",\"@id\":\"https:\/\/peipsikaup.ee\/#organization\",\"name\":\"Peipsi kaup\",\"url\":\"https:\/\/peipsikaup.ee\/\",\"logo\":{\"@type\":\"ImageObject\",\"inLanguage\":\"ru-RU\",\"@id\":\"https:\/\/peipsikaup.ee\/#\/schema\/logo\/image\/\",\"url\":\"https:\/\/peipsikaup.ee\/wp-content\/uploads\/2022\/01\/cropped-Peipsikaup-loho-pisike.png\",\"contentUrl\":\"https:\/\/peipsikaup.ee\/wp-content\/uploads\/2022\/01\/cropped-Peipsikaup-loho-pisike.png\",\"width\":180,\"height\":60,\"caption\":\"Peipsi kaup\"},\"image\":{\"@id\":\"https:\/\/peipsikaup.ee\/#\/schema\/logo\/image\/\"}}]}<\/script>\n<!-- \/ Yoast SEO plugin. -->","yoast_head_json":{"title":"Pluus multikategelastega - Peipsi kaup","robots":{"index":"index","follow":"follow","max-snippet":"max-snippet:-1","max-image-preview":"max-image-preview:large","max-video-preview":"max-video-preview:-1"},"canonical":"https:\/\/peipsikaup.ee\/ru\/product\/pluus-multikategelastega\/","og_locale":"ru_RU","og_type":"article","og_title":"Pluus multikategelastega - Peipsi kaup","og_description":"K\u00e4papatrulli pluus multikategelastega, mis on seljas mugav ja \u00f5mmeldud \u00f6koloogilisest dresskangast. Suurus sobiv 110 cm pikale lapsele. Meister Nati Asi.","og_url":"https:\/\/peipsikaup.ee\/ru\/product\/pluus-multikategelastega\/","og_site_name":"Peipsi kaup","article_modified_time":"2021-09-27T14:18:29+00:00","og_image":[{"width":1000,"height":1000,"url":"https:\/\/peipsikaup.ee\/wp-content\/uploads\/2021\/05\/Peipsikaup_meister_Nati-Asi_multikategelaste-pluus-28.jpg","type":"image\/jpeg"}],"twitter_card":"summary_large_image","twitter_misc":{"\u041f\u0440\u0438\u043c\u0435\u0440\u043d\u043e\u0435 \u0432\u0440\u0435\u043c\u044f \u0434\u043b\u044f \u0447\u0442\u0435\u043d\u0438\u044f":"1 \u043c\u0438\u043d\u0443\u0442\u0430"},"schema":{"@context":"https:\/\/schema.org","@graph":[{"@type":"WebPage","@id":"https:\/\/peipsikaup.ee\/toode\/pluus-multikategelastega\/","url":"https:\/\/peipsikaup.ee\/toode\/pluus-multikategelastega\/","name":"Pluus multikategelastega - Peipsi kaup","isPartOf":{"@id":"https:\/\/peipsikaup.ee\/#website"},"primaryImageOfPage":{"@id":"https:\/\/peipsikaup.ee\/toode\/pluus-multikategelastega\/#primaryimage"},"image":{"@id":"https:\/\/peipsikaup.ee\/toode\/pluus-multikategelastega\/#primaryimage"},"thumbnailUrl":"https:\/\/peipsikaup.ee\/wp-content\/uploads\/2021\/05\/Peipsikaup_meister_Nati-Asi_multikategelaste-pluus-28.jpg","datePublished":"2021-05-06T11:45:40+00:00","dateModified":"2021-09-27T14:18:29+00:00","breadcrumb":{"@id":"https:\/\/peipsikaup.ee\/toode\/pluus-multikategelastega\/#breadcrumb"},"inLanguage":"ru-RU","potentialAction":[{"@type":"ReadAction","target":["https:\/\/peipsikaup.ee\/toode\/pluus-multikategelastega\/"]}]},{"@type":"ImageObject","inLanguage":"ru-RU","@id":"https:\/\/peipsikaup.ee\/toode\/pluus-multikategelastega\/#primaryimage","url":"https:\/\/peipsikaup.ee\/wp-content\/uploads\/2021\/05\/Peipsikaup_meister_Nati-Asi_multikategelaste-pluus-28.jpg","contentUrl":"https:\/\/peipsikaup.ee\/wp-content\/uploads\/2021\/05\/Peipsikaup_meister_Nati-Asi_multikategelaste-pluus-28.jpg","width":1000,"height":1000,"caption":"Peipsikaup meister Nati Asi pluus multikategelastega"},{"@type":"BreadcrumbList","@id":"https:\/\/peipsikaup.ee\/toode\/pluus-multikategelastega\/#breadcrumb","itemListElement":[{"@type":"ListItem","position":1,"name":"Home","item":"https:\/\/peipsikaup.ee\/"},{"@type":"ListItem","position":2,"name":"Pood","item":"https:\/\/peipsikaup.ee\/pood\/"},{"@type":"ListItem","position":3,"name":"Pluus multikategelastega"}]},{"@type":"WebSite","@id":"https:\/\/peipsikaup.ee\/#website","url":"https:\/\/peipsikaup.ee\/","name":"\u0422\u043e\u0440\u0433\u043e\u0432\u043b\u044f \u043d\u0430 \u0427\u0443\u0434\u0441\u043a\u043e\u043c \u043e\u0441\u0442\u0440\u043e\u0432\u0435","description":"eheda ja isikup\u00e4rase k\u00e4sit\u00f6\u00f6 veebipood","publisher":{"@id":"https:\/\/peipsikaup.ee\/#organization"},"potentialAction":[{"@type":"SearchAction","target":{"@type":"EntryPoint","urlTemplate":"https:\/\/peipsikaup.ee\/?s={search_term_string}"},"query-input":{"@type":"PropertyValueSpecification","valueRequired":true,"valueName":"search_term_string"}}],"inLanguage":"ru-RU"},{"@type":"Organization","@id":"https:\/\/peipsikaup.ee\/#organization","name":"\u0422\u043e\u0440\u0433\u043e\u0432\u043b\u044f \u043d\u0430 \u0427\u0443\u0434\u0441\u043a\u043e\u043c \u043e\u0441\u0442\u0440\u043e\u0432\u0435","url":"https:\/\/peipsikaup.ee\/","logo":{"@type":"ImageObject","inLanguage":"ru-RU","@id":"https:\/\/peipsikaup.ee\/#\/schema\/logo\/image\/","url":"https:\/\/peipsikaup.ee\/wp-content\/uploads\/2022\/01\/cropped-Peipsikaup-loho-pisike.png","contentUrl":"https:\/\/peipsikaup.ee\/wp-content\/uploads\/2022\/01\/cropped-Peipsikaup-loho-pisike.png","width":180,"height":60,"caption":"Peipsi kaup"},"image":{"@id":"https:\/\/peipsikaup.ee\/#\/schema\/logo\/image\/"}}]}},"_links":{"self":[{"href":"https:\/\/peipsikaup.ee\/ru\/wp-json\/wp\/v2\/product\/1700","targetHints":{"allow":["GET"]}}],"collection":[{"href":"https:\/\/peipsikaup.ee\/ru\/wp-json\/wp\/v2\/product"}],"about":[{"href":"https:\/\/peipsikaup.ee\/ru\/wp-json\/wp\/v2\/types\/product"}],"replies":[{"embeddable":true,"href":"https:\/\/peipsikaup.ee\/ru\/wp-json\/wp\/v2\/comments?post=1700"}],"wp:featuredmedia":[{"embeddable":true,"href":"https:\/\/peipsikaup.ee\/ru\/wp-json\/wp\/v2\/media\/1662"}],"wp:attachment":[{"href":"https:\/\/peipsikaup.ee\/ru\/wp-json\/wp\/v2\/media?parent=1700"}],"wp:term":[{"taxonomy":"product_brand","embeddable":true,"href":"https:\/\/peipsikaup.ee\/ru\/wp-json\/wp\/v2\/product_brand?post=1700"},{"taxonomy":"product_cat","embeddable":true,"href":"https:\/\/peipsikaup.ee\/ru\/wp-json\/wp\/v2\/product_cat?post=1700"},{"taxonomy":"product_tag","embeddable":true,"href":"https:\/\/peipsikaup.ee\/ru\/wp-json\/wp\/v2\/product_tag?post=1700"}],"curies":[{"name":"wp","href":"https:\/\/api.w.org\/{rel}","templated":true}]}}