{"id":1228,"date":"2021-02-28T16:08:49","date_gmt":"2021-02-28T16:08:49","guid":{"rendered":"https:\/\/peipsikaup.ee\/?post_type=product&#038;p=1228"},"modified":"2025-09-19T09:12:06","modified_gmt":"2025-09-19T09:12:06","slug":"marjadega-kruusid","status":"publish","type":"product","link":"https:\/\/peipsikaup.ee\/ru\/product\/marjadega-kruusid\/","title":{"rendered":"Marjamustriline kruus"},"content":{"rendered":"<div class=\"page\" title=\"Page 3\">\n<div class=\"layoutArea\">\n<div class=\"column\">\n<div class=\"page\" title=\"Page 3\">\n<div class=\"layoutArea\">\n<div class=\"column\">\n<div class=\"page\" title=\"Page 3\">\n<div class=\"layoutArea\">\n<div class=\"column\">\n<p><strong>M\u00f5nusalt mahukas maalitud marjamustriline kruus on silindrikujuline, sirge p\u00f5hjaga. Kruus on sobilik nii k\u00fclmade kui kuumade jookide nautimiseks. Sanga \u00fclaosas on v\u00e4ike reljeefne mari, mis aitab sanga m\u00f5nusamini k\u00e4tte haarata ja hoida.\u00a0Maht 400 ml. M\u00f5nusalt mahukas kruus on valmistatud pisikeste pruunide \u0161amoti-t\u00e4ppidega naturaal-valgest k\u00f5rgkuumussavist. <\/strong><\/p>\n<p>Marjamustriline kruus on inspireeritud antud piirkonna k\u00f5ige populaarsematest metsasaadusest &#8211; mustikast. Mustikas on L\u00f5una-Peipsimaa looduse ihaldatuim m\u00fc\u00fcgiartikkel. Siinse m\u00e4nnimetsa keskel elava rahva jaoks on mustikakorjamine nii elatus- kui ka kohati omamoodi hasartne spordiala. Kes saab k\u00f5ige esimesena oma k\u00fclmikud ja moosipurgid mustikaid t\u00e4is?<\/p>\n<p>Mahukas kruus, mida kaunistab piirkonna lemmik tunnusmari, sobib suurep\u00e4raselt toonitamaks emotsionaalset sidet Peipsimaa l\u00f5unaosa piirkonnaga ning meenutama suviseid hetki m\u00e4nnimetsades ja matkaradadel.<\/p>\n<p>T\u00e4hniline savi lisab marjamustrile armsa linnumuna efektiga tausta. \u0160amott savi sees parandab nii savi vormimisomadust kui vastupidavus. Pruunid t\u00e4pid lisavad visuaalse efekti, mis loob maal\u00e4heduse ja koduse tunde. K\u00e4ega katsudes toob kerge reljeefitunnetus v\u00e4lja kohaliku rahva krobelise iseloomu, mis pole igavalt sile, vaid pakub iga kokkupuutega uut tunnetust ja emotsiooni.<\/p>\n<p>Suviselt mahlase olemisega marjad on maalitud angoobimaali tehnikas.<\/p>\n<p>Kuna igale tootele maalitakse mustrit k\u00e4sitsi ja ilma \u0161abloonideta, siis v\u00f5ib muster ja v\u00e4rvi tugevus toodetel pisut erineda.<\/p>\n<p>Kruus on silindrikujuline, sirge p\u00f5hjaga. Sanga \u00fclaosas on v\u00e4ike reljeefne mari, mis aitab sanga m\u00f5nusamini k\u00e4tte haarata ja hoida. Kruus on sobilik nii k\u00fclmade kui kuumade jookide nautimiseks.<\/p>\n<p>\u041e\u0431\u0440\u0430\u0431\u043e\u0442\u043a\u0430 \u043f\u0440\u0438 \u0432\u044b\u0441\u043e\u043a\u043e\u0439 \u0442\u0435\u043c\u043f\u0435\u0440\u0430\u0442\u0443\u0440\u0435 \u043e\u0431\u0435\u0441\u043f\u0435\u0447\u0438\u0432\u0430\u0435\u0442 \u0438\u0437\u0434\u0435\u043b\u0438\u044e \u043f\u0440\u043e\u0447\u043d\u043e\u0441\u0442\u044c \u043f\u0440\u0438 \u043f\u043e\u0432\u0441\u0435\u0434\u043d\u0435\u0432\u043d\u043e\u043c \u0438\u0441\u043f\u043e\u043b\u044c\u0437\u043e\u0432\u0430\u043d\u0438\u0438. \u0418\u0437\u0434\u0435\u043b\u0438\u0435 \u043c\u043e\u0436\u043d\u043e \u043c\u044b\u0442\u044c \u0432 \u043f\u043e\u0441\u0443\u0434\u043e\u043c\u043e\u0435\u0447\u043d\u043e\u0439 \u043c\u0430\u0448\u0438\u043d\u0435.<\/p>\n<\/div>\n<\/div>\n<\/div>\n<\/div>\n<\/div>\n<\/div>\n<\/div>\n<\/div>\n<\/div>","protected":false},"excerpt":{"rendered":"<p><strong>Kruus on sobilik nii k\u00fclmade kui kuumade jookide nautimiseks. M\u00f5nusalt mahukas maalitud marjamustriline kruus on silindrikujuline, sirge p\u00f5hjaga. Sanga \u00fclaosas on v\u00e4ike reljeefne mari, mis aitab sanga m\u00f5nusamini k\u00e4tte haarata ja hoida.\u00a0Maht 400 ml. \u00a0Meister <a href=\"https:\/\/peipsikaup.ee\/ru\/meistrid\/helemall-maask\/\">\u0425\u0435\u043b\u0435\u043c\u0430\u043b\u043b \u041c\u0430\u0430\u0441\u043a<\/a>.<\/strong><\/p>","protected":false},"featured_media":1542,"comment_status":"open","ping_status":"closed","template":"","meta":{"site-sidebar-layout":"default","site-content-layout":"default","ast-global-header-display":"","ast-main-header-display":"","ast-hfb-above-header-display":"","ast-hfb-below-header-display":"","ast-hfb-mobile-header-display":"","site-post-title":"","ast-breadcrumbs-content":"","ast-featured-img":"","footer-sml-layout":"","theme-transparent-header-meta":"default","adv-header-id-meta":"","stick-header-meta":"default","header-above-stick-meta":"","header-main-stick-meta":"","header-below-stick-meta":""},"product_brand":[],"product_cat":[23,16],"product_tag":[34,31,27,35],"class_list":{"0":"post-1228","1":"product","2":"type-product","3":"status-publish","4":"has-post-thumbnail","6":"product_cat-helemall-maask","7":"product_cat-keraamika","8":"product_tag-kruus","9":"product_tag-marjad","10":"product_tag-noud","11":"product_tag-tass","12":"desktop-align-left","13":"tablet-align-left","14":"mobile-align-left","16":"first","17":"outofstock","18":"shipping-taxable","19":"purchasable","20":"product-type-simple"},"yoast_head":"<!-- This site is optimized with the Yoast SEO plugin v27.2 - https:\/\/yoast.com\/product\/yoast-seo-wordpress\/ -->\n<title>Marjamustriline kruus - Peipsi kaup<\/title>\n<meta name=\"robots\" content=\"index, follow, max-snippet:-1, max-image-preview:large, max-video-preview:-1\" \/>\n<link rel=\"canonical\" href=\"https:\/\/peipsikaup.ee\/ru\/product\/marjadega-kruusid\/\" \/>\n<meta property=\"og:locale\" content=\"ru_RU\" \/>\n<meta property=\"og:type\" content=\"article\" \/>\n<meta property=\"og:title\" content=\"Marjamustriline kruus - Peipsi kaup\" \/>\n<meta property=\"og:description\" content=\"Kruus on sobilik nii k\u00fclmade kui kuumade jookide nautimiseks. M\u00f5nusalt mahukas maalitud marjamustriline kruus on silindrikujuline, sirge p\u00f5hjaga. Sanga \u00fclaosas on v\u00e4ike reljeefne mari, mis aitab sanga m\u00f5nusamini k\u00e4tte haarata ja hoida.\u00a0Maht 400 ml. \u00a0Meister Helemall Maask.\" \/>\n<meta property=\"og:url\" content=\"https:\/\/peipsikaup.ee\/ru\/product\/marjadega-kruusid\/\" \/>\n<meta property=\"og:site_name\" content=\"Peipsi kaup\" \/>\n<meta property=\"article:modified_time\" content=\"2025-09-19T09:12:06+00:00\" \/>\n<meta property=\"og:image\" content=\"https:\/\/peipsikaup.ee\/wp-content\/uploads\/2021\/04\/Peipsikaup_keraamik_Helemall-Maask_marjamustriline-kruus-22.jpg\" \/>\n\t<meta property=\"og:image:width\" content=\"1000\" \/>\n\t<meta property=\"og:image:height\" content=\"1000\" \/>\n\t<meta property=\"og:image:type\" content=\"image\/jpeg\" \/>\n<meta name=\"twitter:card\" content=\"summary_large_image\" \/>\n<meta name=\"twitter:label1\" content=\"\u041f\u0440\u0438\u043c\u0435\u0440\u043d\u043e\u0435 \u0432\u0440\u0435\u043c\u044f \u0434\u043b\u044f \u0447\u0442\u0435\u043d\u0438\u044f\" \/>\n\t<meta name=\"twitter:data1\" content=\"2 \u043c\u0438\u043d\u0443\u0442\u044b\" \/>\n<script type=\"application\/ld+json\" class=\"yoast-schema-graph\">{\"@context\":\"https:\/\/schema.org\",\"@graph\":[{\"@type\":\"WebPage\",\"@id\":\"https:\/\/peipsikaup.ee\/toode\/marjadega-kruusid\/\",\"url\":\"https:\/\/peipsikaup.ee\/toode\/marjadega-kruusid\/\",\"name\":\"Marjamustriline kruus - Peipsi kaup\",\"isPartOf\":{\"@id\":\"https:\/\/peipsikaup.ee\/#website\"},\"primaryImageOfPage\":{\"@id\":\"https:\/\/peipsikaup.ee\/toode\/marjadega-kruusid\/#primaryimage\"},\"image\":{\"@id\":\"https:\/\/peipsikaup.ee\/toode\/marjadega-kruusid\/#primaryimage\"},\"thumbnailUrl\":\"https:\/\/peipsikaup.ee\/wp-content\/uploads\/2021\/04\/Peipsikaup_keraamik_Helemall-Maask_marjamustriline-kruus-22.jpg\",\"datePublished\":\"2021-02-28T16:08:49+00:00\",\"dateModified\":\"2025-09-19T09:12:06+00:00\",\"breadcrumb\":{\"@id\":\"https:\/\/peipsikaup.ee\/toode\/marjadega-kruusid\/#breadcrumb\"},\"inLanguage\":\"ru-RU\",\"potentialAction\":[{\"@type\":\"ReadAction\",\"target\":[\"https:\/\/peipsikaup.ee\/toode\/marjadega-kruusid\/\"]}]},{\"@type\":\"ImageObject\",\"inLanguage\":\"ru-RU\",\"@id\":\"https:\/\/peipsikaup.ee\/toode\/marjadega-kruusid\/#primaryimage\",\"url\":\"https:\/\/peipsikaup.ee\/wp-content\/uploads\/2021\/04\/Peipsikaup_keraamik_Helemall-Maask_marjamustriline-kruus-22.jpg\",\"contentUrl\":\"https:\/\/peipsikaup.ee\/wp-content\/uploads\/2021\/04\/Peipsikaup_keraamik_Helemall-Maask_marjamustriline-kruus-22.jpg\",\"width\":1000,\"height\":1000,\"caption\":\"Pepsikaup keraamiku Helemall Maaski marjamustriline kruus\"},{\"@type\":\"BreadcrumbList\",\"@id\":\"https:\/\/peipsikaup.ee\/toode\/marjadega-kruusid\/#breadcrumb\",\"itemListElement\":[{\"@type\":\"ListItem\",\"position\":1,\"name\":\"Home\",\"item\":\"https:\/\/peipsikaup.ee\/\"},{\"@type\":\"ListItem\",\"position\":2,\"name\":\"Pood\",\"item\":\"https:\/\/peipsikaup.ee\/pood\/\"},{\"@type\":\"ListItem\",\"position\":3,\"name\":\"Marjamustriline kruus\"}]},{\"@type\":\"WebSite\",\"@id\":\"https:\/\/peipsikaup.ee\/#website\",\"url\":\"https:\/\/peipsikaup.ee\/\",\"name\":\"Peipsi kaup\",\"description\":\"eheda ja isikup\u00e4rase k\u00e4sit\u00f6\u00f6 veebipood\",\"publisher\":{\"@id\":\"https:\/\/peipsikaup.ee\/#organization\"},\"potentialAction\":[{\"@type\":\"SearchAction\",\"target\":{\"@type\":\"EntryPoint\",\"urlTemplate\":\"https:\/\/peipsikaup.ee\/?s={search_term_string}\"},\"query-input\":{\"@type\":\"PropertyValueSpecification\",\"valueRequired\":true,\"valueName\":\"search_term_string\"}}],\"inLanguage\":\"ru-RU\"},{\"@type\":\"Organization\",\"@id\":\"https:\/\/peipsikaup.ee\/#organization\",\"name\":\"Peipsi kaup\",\"url\":\"https:\/\/peipsikaup.ee\/\",\"logo\":{\"@type\":\"ImageObject\",\"inLanguage\":\"ru-RU\",\"@id\":\"https:\/\/peipsikaup.ee\/#\/schema\/logo\/image\/\",\"url\":\"https:\/\/peipsikaup.ee\/wp-content\/uploads\/2022\/01\/cropped-Peipsikaup-loho-pisike.png\",\"contentUrl\":\"https:\/\/peipsikaup.ee\/wp-content\/uploads\/2022\/01\/cropped-Peipsikaup-loho-pisike.png\",\"width\":180,\"height\":60,\"caption\":\"Peipsi kaup\"},\"image\":{\"@id\":\"https:\/\/peipsikaup.ee\/#\/schema\/logo\/image\/\"}}]}<\/script>\n<!-- \/ Yoast SEO plugin. -->","yoast_head_json":{"title":"Marjamustriline kruus - Peipsi kaup","robots":{"index":"index","follow":"follow","max-snippet":"max-snippet:-1","max-image-preview":"max-image-preview:large","max-video-preview":"max-video-preview:-1"},"canonical":"https:\/\/peipsikaup.ee\/ru\/product\/marjadega-kruusid\/","og_locale":"ru_RU","og_type":"article","og_title":"Marjamustriline kruus - Peipsi kaup","og_description":"Kruus on sobilik nii k\u00fclmade kui kuumade jookide nautimiseks. M\u00f5nusalt mahukas maalitud marjamustriline kruus on silindrikujuline, sirge p\u00f5hjaga. Sanga \u00fclaosas on v\u00e4ike reljeefne mari, mis aitab sanga m\u00f5nusamini k\u00e4tte haarata ja hoida.\u00a0Maht 400 ml. \u00a0Meister Helemall Maask.","og_url":"https:\/\/peipsikaup.ee\/ru\/product\/marjadega-kruusid\/","og_site_name":"Peipsi kaup","article_modified_time":"2025-09-19T09:12:06+00:00","og_image":[{"width":1000,"height":1000,"url":"https:\/\/peipsikaup.ee\/wp-content\/uploads\/2021\/04\/Peipsikaup_keraamik_Helemall-Maask_marjamustriline-kruus-22.jpg","type":"image\/jpeg"}],"twitter_card":"summary_large_image","twitter_misc":{"\u041f\u0440\u0438\u043c\u0435\u0440\u043d\u043e\u0435 \u0432\u0440\u0435\u043c\u044f \u0434\u043b\u044f \u0447\u0442\u0435\u043d\u0438\u044f":"2 \u043c\u0438\u043d\u0443\u0442\u044b"},"schema":{"@context":"https:\/\/schema.org","@graph":[{"@type":"WebPage","@id":"https:\/\/peipsikaup.ee\/toode\/marjadega-kruusid\/","url":"https:\/\/peipsikaup.ee\/toode\/marjadega-kruusid\/","name":"Marjamustriline kruus - Peipsi kaup","isPartOf":{"@id":"https:\/\/peipsikaup.ee\/#website"},"primaryImageOfPage":{"@id":"https:\/\/peipsikaup.ee\/toode\/marjadega-kruusid\/#primaryimage"},"image":{"@id":"https:\/\/peipsikaup.ee\/toode\/marjadega-kruusid\/#primaryimage"},"thumbnailUrl":"https:\/\/peipsikaup.ee\/wp-content\/uploads\/2021\/04\/Peipsikaup_keraamik_Helemall-Maask_marjamustriline-kruus-22.jpg","datePublished":"2021-02-28T16:08:49+00:00","dateModified":"2025-09-19T09:12:06+00:00","breadcrumb":{"@id":"https:\/\/peipsikaup.ee\/toode\/marjadega-kruusid\/#breadcrumb"},"inLanguage":"ru-RU","potentialAction":[{"@type":"ReadAction","target":["https:\/\/peipsikaup.ee\/toode\/marjadega-kruusid\/"]}]},{"@type":"ImageObject","inLanguage":"ru-RU","@id":"https:\/\/peipsikaup.ee\/toode\/marjadega-kruusid\/#primaryimage","url":"https:\/\/peipsikaup.ee\/wp-content\/uploads\/2021\/04\/Peipsikaup_keraamik_Helemall-Maask_marjamustriline-kruus-22.jpg","contentUrl":"https:\/\/peipsikaup.ee\/wp-content\/uploads\/2021\/04\/Peipsikaup_keraamik_Helemall-Maask_marjamustriline-kruus-22.jpg","width":1000,"height":1000,"caption":"Pepsikaup keraamiku Helemall Maaski marjamustriline kruus"},{"@type":"BreadcrumbList","@id":"https:\/\/peipsikaup.ee\/toode\/marjadega-kruusid\/#breadcrumb","itemListElement":[{"@type":"ListItem","position":1,"name":"Home","item":"https:\/\/peipsikaup.ee\/"},{"@type":"ListItem","position":2,"name":"Pood","item":"https:\/\/peipsikaup.ee\/pood\/"},{"@type":"ListItem","position":3,"name":"Marjamustriline kruus"}]},{"@type":"WebSite","@id":"https:\/\/peipsikaup.ee\/#website","url":"https:\/\/peipsikaup.ee\/","name":"\u0422\u043e\u0440\u0433\u043e\u0432\u043b\u044f \u043d\u0430 \u0427\u0443\u0434\u0441\u043a\u043e\u043c \u043e\u0441\u0442\u0440\u043e\u0432\u0435","description":"eheda ja isikup\u00e4rase k\u00e4sit\u00f6\u00f6 veebipood","publisher":{"@id":"https:\/\/peipsikaup.ee\/#organization"},"potentialAction":[{"@type":"SearchAction","target":{"@type":"EntryPoint","urlTemplate":"https:\/\/peipsikaup.ee\/?s={search_term_string}"},"query-input":{"@type":"PropertyValueSpecification","valueRequired":true,"valueName":"search_term_string"}}],"inLanguage":"ru-RU"},{"@type":"Organization","@id":"https:\/\/peipsikaup.ee\/#organization","name":"\u0422\u043e\u0440\u0433\u043e\u0432\u043b\u044f \u043d\u0430 \u0427\u0443\u0434\u0441\u043a\u043e\u043c \u043e\u0441\u0442\u0440\u043e\u0432\u0435","url":"https:\/\/peipsikaup.ee\/","logo":{"@type":"ImageObject","inLanguage":"ru-RU","@id":"https:\/\/peipsikaup.ee\/#\/schema\/logo\/image\/","url":"https:\/\/peipsikaup.ee\/wp-content\/uploads\/2022\/01\/cropped-Peipsikaup-loho-pisike.png","contentUrl":"https:\/\/peipsikaup.ee\/wp-content\/uploads\/2022\/01\/cropped-Peipsikaup-loho-pisike.png","width":180,"height":60,"caption":"Peipsi kaup"},"image":{"@id":"https:\/\/peipsikaup.ee\/#\/schema\/logo\/image\/"}}]}},"_links":{"self":[{"href":"https:\/\/peipsikaup.ee\/ru\/wp-json\/wp\/v2\/product\/1228","targetHints":{"allow":["GET"]}}],"collection":[{"href":"https:\/\/peipsikaup.ee\/ru\/wp-json\/wp\/v2\/product"}],"about":[{"href":"https:\/\/peipsikaup.ee\/ru\/wp-json\/wp\/v2\/types\/product"}],"replies":[{"embeddable":true,"href":"https:\/\/peipsikaup.ee\/ru\/wp-json\/wp\/v2\/comments?post=1228"}],"wp:featuredmedia":[{"embeddable":true,"href":"https:\/\/peipsikaup.ee\/ru\/wp-json\/wp\/v2\/media\/1542"}],"wp:attachment":[{"href":"https:\/\/peipsikaup.ee\/ru\/wp-json\/wp\/v2\/media?parent=1228"}],"wp:term":[{"taxonomy":"product_brand","embeddable":true,"href":"https:\/\/peipsikaup.ee\/ru\/wp-json\/wp\/v2\/product_brand?post=1228"},{"taxonomy":"product_cat","embeddable":true,"href":"https:\/\/peipsikaup.ee\/ru\/wp-json\/wp\/v2\/product_cat?post=1228"},{"taxonomy":"product_tag","embeddable":true,"href":"https:\/\/peipsikaup.ee\/ru\/wp-json\/wp\/v2\/product_tag?post=1228"}],"curies":[{"name":"wp","href":"https:\/\/api.w.org\/{rel}","templated":true}]}}