{"id":1212,"date":"2021-02-28T14:13:49","date_gmt":"2021-02-28T14:13:49","guid":{"rendered":"https:\/\/peipsikaup.ee\/?post_type=product&#038;p=1212"},"modified":"2024-11-25T15:49:45","modified_gmt":"2024-11-25T15:49:45","slug":"rebastega-kaartide-komplekt","status":"publish","type":"product","link":"https:\/\/peipsikaup.ee\/ru\/product\/rebastega-kaartide-komplekt\/","title":{"rendered":"\u041d\u0430\u0431\u043e\u0440 \u043e\u0442\u043a\u0440\u044b\u0442\u043e\u043a \u0441 \u043b\u0438\u0441\u0430\u043c\u0438"},"content":{"rendered":"<p><strong>\u041d\u0430\u0431\u043e\u0440 \u043f\u043e\u0437\u0434\u0440\u0430\u0432\u0438\u0442\u0435\u043b\u044c\u043d\u044b\u0445 \u0438 \u043f\u043e\u0437\u0434\u0440\u0430\u0432\u0438\u0442\u0435\u043b\u044c\u043d\u044b\u0445 \u043e\u0442\u043a\u0440\u044b\u0442\u043e\u043a \u0441 \u0438\u0437\u043e\u0431\u0440\u0430\u0436\u0435\u043d\u0438\u044f\u043c\u0438 \u043b\u0438\u0441\u0438\u0446, 6 \u0440\u0430\u0437\u043b\u0438\u0447\u043d\u044b\u0445 \u043e\u0442\u043a\u0440\u044b\u0442\u043e\u043a \u0441 \u043b\u0438\u0441\u0438\u0446\u0430\u043c\u0438 \u0432 \u043a\u043e\u043c\u043f\u043b\u0435\u043a\u0442\u0435 \u0441 \u043a\u043e\u043d\u0432\u0435\u0440\u0442\u0430\u043c\u0438.<\/strong><\/p>\n<p>\u041b\u0438\u0441\u044b \u2014 \u043e\u0434\u043d\u0438 \u0438\u0437 \u0441\u0430\u043c\u044b\u0445 \u043c\u0438\u043b\u044b\u0445 \u0441\u0443\u0449\u0435\u0441\u0442\u0432 \u0432 \u043c\u0438\u0440\u0435, \u0441 \u043a\u0440\u0430\u0441\u0438\u0432\u043e\u0439 \u043e\u0440\u0430\u043d\u0436\u0435\u0432\u043e-\u0440\u044b\u0436\u0435\u0439 \u0448\u0435\u0440\u0441\u0442\u044c\u044e \u0438 \u0432 \u043c\u0435\u0440\u0443 \u043e\u0437\u043e\u0440\u043d\u044b\u0435, \u0442\u043e\u0447\u043d\u043e \u043a\u0430\u043a \u044d\u0442\u0438 \u043e\u0442\u043a\u0440\u044b\u0442\u043a\u0438 \u0441 \u0438\u0437\u043e\u0431\u0440\u0430\u0436\u0435\u043d\u0438\u044f\u043c\u0438 \u043b\u0438\u0441. \u0412\u044b \u043c\u043e\u0436\u0435\u0442\u0435 \u043f\u043e\u0440\u0430\u0434\u043e\u0432\u0430\u0442\u044c \u0441\u0432\u043e\u0438\u0445 \u0434\u0440\u0443\u0437\u0435\u0439, \u043e\u0442\u043f\u0440\u0430\u0432\u043b\u044f\u044f \u0438\u043c \u043f\u043e \u043e\u0434\u043d\u043e\u0439 \u043e\u0442\u043a\u0440\u044b\u0442\u043a\u0435, \u043d\u043e \u043d\u0430\u0431\u043e\u0440 \u043e\u0442\u043a\u0440\u044b\u0442\u043e\u043a \u0442\u0430\u043a\u0436\u0435 \u0441\u0442\u0430\u043d\u0435\u0442 \u043f\u043e\u0434\u0445\u043e\u0434\u044f\u0449\u0438\u043c \u0438 \u043f\u0440\u0430\u043a\u0442\u0438\u0447\u043d\u044b\u043c \u043f\u043e\u0434\u0430\u0440\u043a\u043e\u043c \u043d\u0430 \u0414\u0435\u043d\u044c \u043c\u0430\u0442\u0435\u0440\u0438, \u043c\u0438\u043b\u044b\u043c \u043f\u043e\u0434\u0430\u0440\u043a\u043e\u043c \u0431\u0430\u0431\u0443\u0448\u043a\u0435 \u043d\u0430 \u0414\u0435\u043d\u044c \u0431\u0430\u0431\u0443\u0448\u043a\u0438 \u0438 \u0434\u0435\u0434\u0443\u0448\u043a\u0438 \u0438\u043b\u0438 \u043d\u0430 \u043b\u044e\u0431\u043e\u0439 \u0434\u0440\u0443\u0433\u043e\u0439 \u043f\u0440\u0430\u0437\u0434\u043d\u0438\u043a \u0434\u043b\u044f \u043b\u044e\u0431\u043e\u0433\u043e \u043b\u044e\u0431\u0438\u0442\u0435\u043b\u044f \u043b\u0438\u0441\u0438\u0446.<span class=\"Apple-converted-space\">\u00a0<\/span><\/p>\n<p>\u041d\u0430\u0431\u043e\u0440 \u043e\u0442\u043a\u0440\u044b\u0442\u043e\u043a \u0441 \u043b\u0438\u0441\u0438\u0447\u043a\u0430\u043c\u0438 \u0432\u043a\u043b\u044e\u0447\u0430\u0435\u0442 6 \u0440\u0430\u0437\u043b\u0438\u0447\u043d\u044b\u0445 \u043f\u043e\u0437\u0434\u0440\u0430\u0432\u0438\u0442\u0435\u043b\u044c\u043d\u044b\u0445 \u043e\u0442\u043a\u0440\u044b\u0442\u043e\u043a \u0441 \u0438\u0437\u043e\u0431\u0440\u0430\u0436\u0435\u043d\u0438\u044f\u043c\u0438 \u043b\u0438\u0441\u0438\u0446 \u0438 \u043a\u043e\u043d\u0432\u0435\u0440\u0442\u0430\u043c\u0438: \u0441\u0435\u0440\u0434\u0435\u0447\u043d\u0430\u044f \u043c\u0430\u043c\u0430-\u043b\u0438\u0441\u0438\u0446\u0430, \u043e\u0431\u043d\u0438\u043c\u0430\u044e\u0449\u0430\u044f \u0449\u0435\u043d\u043a\u0430, \u0432\u0435\u0441\u0435\u043b\u044b\u0435 \u043b\u0438\u0441\u044b, \u0440\u0438\u0441\u0443\u044e\u0449\u0438\u0435 \u0446\u0432\u0435\u0442\u044b, \u0442\u0432\u043e\u0440\u0447\u0435\u0441\u043a\u0438\u0435 \u043b\u0438\u0441\u044f\u0442\u0430, \u0440\u0438\u0441\u0443\u044e\u0449\u0438\u0435 \u0438 \u0438\u0433\u0440\u0430\u044e\u0449\u0438\u0435, \u0432\u0434\u043e\u0445\u043d\u043e\u0432\u043b\u044f\u044e\u0449\u0430\u044f \u043b\u0438\u0441\u0430, \u0440\u0438\u0441\u0443\u044e\u0449\u0430\u044f \u041c\u043e\u043d\u0443 \u041b\u0438\u0437\u0443, \u043b\u0438\u0441\u0430-\u043f\u0435\u043a\u0430\u0440\u044c, \u0432\u044b\u043f\u0435\u043a\u0430\u044e\u0449\u0430\u044f \u0434\u043e\u043c\u0430\u0448\u043d\u0438\u0439 \u0445\u043b\u0435\u0431, \u0438 \u0437\u0430\u0434\u0443\u043c\u0447\u0438\u0432\u0430\u044f \u043b\u0438\u0441\u0430 \u0441 \u043d\u0430\u0434\u043f\u0438\u0441\u044c\u044e \u00ab\u042f \u0434\u0443\u043c\u0430\u044e \u043e \u0442\u0435\u0431\u0435\u00bb (\u0438\u043b\u0438 \u00abThinking of you\u00bb \u043d\u0430 \u0430\u043d\u0433\u043b\u0438\u0439\u0441\u043a\u043e\u043c \u044f\u0437\u044b\u043a\u0435).<\/p>\n<p>\u041f\u043e\u0437\u0434\u0440\u0430\u0432\u0438\u0442\u0435\u043b\u044c\u043d\u044b\u0435 \u043e\u0442\u043a\u0440\u044b\u0442\u043a\u0438 \u043a\u0432\u0430\u0434\u0440\u0430\u0442\u043d\u043e\u0439 \u0444\u043e\u0440\u043c\u044b \u0440\u0430\u0437\u043c\u0435\u0440\u043e\u043c 14,5 x 14,5 \u0441\u043c \u044f\u0432\u043b\u044f\u044e\u0442\u0441\u044f \u0434\u0432\u0443\u0441\u0442\u043e\u0440\u043e\u043d\u043d\u0438\u043c\u0438 \u0438 \u0438\u043c\u0435\u044e\u0442 \u043f\u0443\u0441\u0442\u0443\u044e \u0432\u043d\u0443\u0442\u0440\u0435\u043d\u043d\u044e\u044e \u0447\u0430\u0441\u0442\u044c, \u0447\u0442\u043e\u0431\u044b \u0443 \u0432\u0430\u0441 \u0431\u044b\u043b\u043e \u043c\u0435\u0441\u0442\u043e \u0434\u043b\u044f \u043d\u0430\u043f\u0438\u0441\u0430\u043d\u0438\u044f \u0441\u0430\u043c\u044b\u0445 \u0442\u0435\u043f\u043b\u044b\u0445 \u043f\u043e\u0437\u0434\u0440\u0430\u0432\u043b\u0435\u043d\u0438\u0439. \u041e\u0442\u043a\u0440\u044b\u0442\u043a\u0438 \u043d\u0430\u043f\u0435\u0447\u0430\u0442\u0430\u043d\u044b \u043d\u0430 \u043d\u0430\u0442\u0443\u0440\u0430\u043b\u044c\u043d\u043e-\u0431\u0435\u043b\u043e\u0439 \u0431\u0443\u043c\u0430\u0433\u0435 \u0446\u0432\u0435\u0442\u0430 \u0441\u043b\u043e\u043d\u043e\u0432\u043e\u0439 \u043a\u043e\u0441\u0442\u0438, \u043f\u0440\u043e\u0438\u0437\u0432\u0435\u0434\u0435\u043d\u043d\u043e\u0439 \u0441 \u0443\u0447\u0435\u0442\u043e\u043c \u044d\u043a\u043e\u043b\u043e\u0433\u0438\u0447\u0435\u0441\u043a\u0438\u0445 \u0442\u0440\u0435\u0431\u043e\u0432\u0430\u043d\u0438\u0439 \u0438 \u043f\u0440\u0438\u043d\u0446\u0438\u043f\u043e\u0432 \u043e\u0442\u0432\u0435\u0442\u0441\u0442\u0432\u0435\u043d\u043d\u043e\u0433\u043e \u043f\u0440\u043e\u0438\u0437\u0432\u043e\u0434\u0441\u0442\u0432\u0430, \u0438 \u0432 \u0446\u0435\u043b\u044f\u0445 \u0441\u043e\u0445\u0440\u0430\u043d\u0435\u043d\u0438\u044f \u043f\u0440\u0438\u0440\u043e\u0434\u044b \u043d\u0435 \u0443\u043f\u0430\u043a\u043e\u0432\u0430\u043d\u044b \u043f\u043e \u043e\u0442\u0434\u0435\u043b\u044c\u043d\u043e\u0441\u0442\u0438 \u0432 \u043f\u043b\u0430\u0441\u0442\u0438\u043a\u043e\u0432\u044b\u0435 \u043f\u0430\u043a\u0435\u0442\u044b. \u041a\u043e\u043d\u0432\u0435\u0440\u0442\u044b \u0432\u044b\u043f\u043e\u043b\u043d\u0435\u043d\u044b \u0432 \u0442\u043e\u043d \u043e\u0442\u043a\u0440\u044b\u0442\u043a\u0430\u043c \u0438 \u043d\u0435\u043c\u043d\u043e\u0433\u043e \u0431\u043e\u043b\u044c\u0448\u0435 \u043f\u043e \u0440\u0430\u0437\u043c\u0435\u0440\u0443. \u041e\u0442\u043a\u0440\u044b\u0442\u043a\u0438 \u0438 \u043a\u043e\u043d\u0432\u0435\u0440\u0442\u044b \u043d\u0430\u0434\u0435\u0436\u043d\u043e \u0443\u043f\u0430\u043a\u043e\u0432\u0430\u043d\u044b \u0434\u043b\u044f \u043e\u0442\u043f\u0440\u0430\u0432\u043a\u0438 \u043f\u043e \u043f\u043e\u0447\u0442\u0435, \u0447\u0442\u043e\u0431\u044b \u0443\u0433\u043b\u044b \u043d\u0435 \u043f\u043e\u043c\u044f\u043b\u0438\u0441\u044c.<\/p>\n<p>\u0426\u0432\u0435\u0442\u0430, \u043e\u0442\u043e\u0431\u0440\u0430\u0436\u0430\u0435\u043c\u044b\u0435 \u043d\u0430 \u044d\u043a\u0440\u0430\u043d\u0435, \u043c\u043e\u0433\u0443\u0442 \u043d\u0435\u043c\u043d\u043e\u0433\u043e \u043e\u0442\u043b\u0438\u0447\u0430\u0442\u044c\u0441\u044f \u043e\u0442 \u0440\u0435\u0430\u043b\u044c\u043d\u044b\u0445.<\/p>\n<p><strong>\u0421\u043e\u0434\u0435\u0440\u0436\u0430\u043d\u0438\u0435:<\/strong> \u041b\u0438\u0441\u044b-\u043a\u0430\u0438\u0441\u0443\u0440\u044b, \u0440\u0438\u0441\u0443\u044e\u0449\u0438\u0435 \u043b\u0438\u0441\u044b, \u00ab\u041c\u043e\u043d\u0430 \u041b\u0438\u0437\u0430\u00bb, \u00ab\u0425\u043b\u0435\u0431\u043d\u0430\u044f \u043f\u0435\u0441\u043d\u044f\u00bb, \u0442\u0432\u043e\u0440\u0447\u0435\u0441\u043a\u0438\u0435 \u043b\u0438\u0441\u044b, \u00ab\u042f \u0434\u0443\u043c\u0430\u044e \u043e \u0442\u0435\u0431\u0435\u00bb (\u0438\u043b\u0438 \u00abThinking of you\u00bb). \u041a\u043e\u043d\u0432\u0435\u0440\u0442\u044b. \u0423\u043f\u0430\u043a\u043e\u0432\u043a\u0430<\/p>\n<p><b>\u041a\u043b\u044e\u0447\u0435\u0432\u044b\u0435 \u0441\u043b\u043e\u0432\u0430:<\/b> \u043d\u0430\u0431\u043e\u0440 \u043e\u0442\u043a\u0440\u044b\u0442\u043e\u043a \u0441 \u043b\u0438\u0441\u0430\u043c\u0438, \u043e\u0442\u043a\u0440\u044b\u0442\u043a\u0438 \u0441 \u043b\u0438\u0441\u0430\u043c\u0438, \u043e\u0442\u043a\u0440\u044b\u0442\u043a\u0438 \u0441 \u0438\u0437\u043e\u0431\u0440\u0430\u0436\u0435\u043d\u0438\u044f\u043c\u0438 \u043b\u0438\u0441, \u043f\u043e\u0437\u0434\u0440\u0430\u0432\u0438\u0442\u0435\u043b\u044c\u043d\u044b\u0435 \u043e\u0442\u043a\u0440\u044b\u0442\u043a\u0438, \u043e\u0442\u043a\u0440\u044b\u0442\u043a\u0438 \u0441 \u043f\u043e\u0437\u0434\u0440\u0430\u0432\u043b\u0435\u043d\u0438\u044f\u043c\u0438,<b> <\/b>\u043f\u043e\u0434\u0430\u0440\u043e\u043a \u0441 \u043b\u0438\u0441\u043e\u0439, \u043f\u043e\u0434\u0430\u0440\u043e\u043a \u043b\u044e\u0431\u0438\u0442\u0435\u043b\u044e \u043b\u0438\u0441, \u043f\u043e\u0434\u0430\u0440\u043e\u043a \u043d\u0430 \u0414\u0435\u043d\u044c \u043c\u0430\u0442\u0435\u0440\u0438, \u0431\u0430\u0431\u0443\u0448\u043a\u0435, \u043d\u0430\u0431\u043e\u0440 \u043e\u0442\u043a\u0440\u044b\u0442\u043e\u043a \u0441 \u0440\u0430\u0437\u043b\u0438\u0447\u043d\u044b\u043c\u0438 \u0438\u0437\u043e\u0431\u0440\u0430\u0436\u0435\u043d\u0438\u044f\u043c\u0438<\/p>","protected":false},"excerpt":{"rendered":"<p><strong>\u041d\u0430\u0431\u043e\u0440 \u043f\u043e\u0437\u0434\u0440\u0430\u0432\u0438\u0442\u0435\u043b\u044c\u043d\u044b\u0445 \u0438 \u043f\u043e\u0437\u0434\u0440\u0430\u0432\u0438\u0442\u0435\u043b\u044c\u043d\u044b\u0445 \u043e\u0442\u043a\u0440\u044b\u0442\u043e\u043a \u0441 \u0438\u0437\u043e\u0431\u0440\u0430\u0436\u0435\u043d\u0438\u044f\u043c\u0438 \u043b\u0438\u0441\u0438\u0446, 6 \u0440\u0430\u0437\u043b\u0438\u0447\u043d\u044b\u0445 \u043e\u0442\u043a\u0440\u044b\u0442\u043e\u043a \u0441 \u043b\u0438\u0441\u0438\u0446\u0430\u043c\u0438 \u0432 \u043a\u043e\u043c\u043f\u043b\u0435\u043a\u0442\u0435 \u0441 \u043a\u043e\u043d\u0432\u0435\u0440\u0442\u0430\u043c\u0438. \u0412 \u043d\u0430\u0431\u043e\u0440 \u0432\u0445\u043e\u0434\u044f\u0442: \u00ab\u041b\u0438\u0441\u0438\u0446\u044b-\u043a\u0430\u0438\u0437\u0443\u00bb, \u00ab\u0420\u0438\u0441\u0443\u044e\u0449\u0438\u0435 \u043b\u0438\u0441\u0438\u0446\u044b\u00bb, \u00ab\u041c\u043e\u043d\u0430 \u041b\u0438\u0437\u0430\u00bb, \u00ab\u0412\u044b\u043f\u0435\u0447\u043a\u0430\u00bb, \u00ab\u0422\u0432\u043e\u0440\u0447\u0435\u0441\u043a\u0438\u0435 \u043b\u0438\u0441\u0438\u0446\u044b\u00bb, \u00ab\u0414\u0443\u043c\u0430\u044e \u043e \u0442\u0435\u0431\u0435\u00bb (\u0438\u043b\u0438 Thinking of you). \u041a\u043e\u043d\u0432\u0435\u0440\u0442\u044b. \u041c\u0430\u0441\u0442\u0435\u0440 <a href=\"https:\/\/peipsikaup.ee\/ru\/meistrid\/maiu-vares\/\">\u041c\u0430\u0439\u044e \u0412\u0430\u0440\u0435\u0441<\/a>.<\/strong><\/p>","protected":false},"featured_media":1598,"comment_status":"open","ping_status":"closed","template":"","meta":{"site-sidebar-layout":"default","site-content-layout":"default","ast-global-header-display":"","ast-main-header-display":"","ast-hfb-above-header-display":"","ast-hfb-below-header-display":"","ast-hfb-mobile-header-display":"","site-post-title":"","ast-breadcrumbs-content":"","ast-featured-img":"","footer-sml-layout":"","theme-transparent-header-meta":"default","adv-header-id-meta":"","stick-header-meta":"default","header-above-stick-meta":"","header-main-stick-meta":"","header-below-stick-meta":""},"product_brand":[],"product_cat":[45,37,22],"product_tag":[49,48,47],"class_list":{"0":"post-1212","1":"product","2":"type-product","3":"status-publish","4":"has-post-thumbnail","6":"product_cat-kaardid","7":"product_cat-maiu-vares","8":"product_cat-meened","9":"product_tag-onnesoovid","10":"product_tag-sunnipaev","11":"product_tag-tanukaart","12":"desktop-align-left","13":"tablet-align-left","14":"mobile-align-left","16":"first","17":"instock","18":"shipping-taxable","19":"purchasable","20":"product-type-variable"},"yoast_head":"<!-- This site is optimized with the Yoast SEO plugin v27.2 - https:\/\/yoast.com\/product\/yoast-seo-wordpress\/ -->\n<title>Rebastega kaartide komplekt - Peipsi kaup<\/title>\n<meta name=\"robots\" content=\"index, follow, max-snippet:-1, max-image-preview:large, max-video-preview:-1\" \/>\n<link rel=\"canonical\" href=\"https:\/\/peipsikaup.ee\/ru\/product\/rebastega-kaartide-komplekt\/\" \/>\n<meta property=\"og:locale\" content=\"ru_RU\" \/>\n<meta property=\"og:type\" content=\"article\" \/>\n<meta property=\"og:title\" content=\"Rebastega kaartide komplekt - Peipsi kaup\" \/>\n<meta property=\"og:description\" content=\"Rebase piltidega illustreeritud \u00f5nnitlus- ja tervituskaartide komplekt, 6 erinevat rebastega kaarti koos \u00fcmbrikega. Sisaldab: Kaisurebased, maalivad rebased, mona lisa, leivategu, loovrebased, m\u00f5tlen su peale (v\u00f5i Thinking of you). \u00dcmbrikud.\u00a0Meister Maiu Vares.\" \/>\n<meta property=\"og:url\" content=\"https:\/\/peipsikaup.ee\/ru\/product\/rebastega-kaartide-komplekt\/\" \/>\n<meta property=\"og:site_name\" content=\"Peipsi kaup\" \/>\n<meta property=\"article:modified_time\" content=\"2024-11-25T15:49:45+00:00\" \/>\n<meta property=\"og:image\" content=\"https:\/\/peipsikaup.ee\/wp-content\/uploads\/2021\/02\/Peipsikaup_Maiu-Vares_rebastega-kaartide-komplekt-8.jpg\" \/>\n\t<meta property=\"og:image:width\" content=\"1000\" \/>\n\t<meta property=\"og:image:height\" content=\"1000\" \/>\n\t<meta property=\"og:image:type\" content=\"image\/jpeg\" \/>\n<meta name=\"twitter:card\" content=\"summary_large_image\" \/>\n<meta name=\"twitter:label1\" content=\"\u041f\u0440\u0438\u043c\u0435\u0440\u043d\u043e\u0435 \u0432\u0440\u0435\u043c\u044f \u0434\u043b\u044f \u0447\u0442\u0435\u043d\u0438\u044f\" \/>\n\t<meta name=\"twitter:data1\" content=\"1 \u043c\u0438\u043d\u0443\u0442\u0430\" \/>\n<script type=\"application\/ld+json\" class=\"yoast-schema-graph\">{\"@context\":\"https:\/\/schema.org\",\"@graph\":[{\"@type\":\"WebPage\",\"@id\":\"https:\/\/peipsikaup.ee\/toode\/rebastega-kaartide-komplekt\/\",\"url\":\"https:\/\/peipsikaup.ee\/toode\/rebastega-kaartide-komplekt\/\",\"name\":\"Rebastega kaartide komplekt - Peipsi kaup\",\"isPartOf\":{\"@id\":\"https:\/\/peipsikaup.ee\/#website\"},\"primaryImageOfPage\":{\"@id\":\"https:\/\/peipsikaup.ee\/toode\/rebastega-kaartide-komplekt\/#primaryimage\"},\"image\":{\"@id\":\"https:\/\/peipsikaup.ee\/toode\/rebastega-kaartide-komplekt\/#primaryimage\"},\"thumbnailUrl\":\"https:\/\/peipsikaup.ee\/wp-content\/uploads\/2021\/02\/Peipsikaup_Maiu-Vares_rebastega-kaartide-komplekt-8.jpg\",\"datePublished\":\"2021-02-28T14:13:49+00:00\",\"dateModified\":\"2024-11-25T15:49:45+00:00\",\"breadcrumb\":{\"@id\":\"https:\/\/peipsikaup.ee\/toode\/rebastega-kaartide-komplekt\/#breadcrumb\"},\"inLanguage\":\"ru-RU\",\"potentialAction\":[{\"@type\":\"ReadAction\",\"target\":[\"https:\/\/peipsikaup.ee\/toode\/rebastega-kaartide-komplekt\/\"]}]},{\"@type\":\"ImageObject\",\"inLanguage\":\"ru-RU\",\"@id\":\"https:\/\/peipsikaup.ee\/toode\/rebastega-kaartide-komplekt\/#primaryimage\",\"url\":\"https:\/\/peipsikaup.ee\/wp-content\/uploads\/2021\/02\/Peipsikaup_Maiu-Vares_rebastega-kaartide-komplekt-8.jpg\",\"contentUrl\":\"https:\/\/peipsikaup.ee\/wp-content\/uploads\/2021\/02\/Peipsikaup_Maiu-Vares_rebastega-kaartide-komplekt-8.jpg\",\"width\":1000,\"height\":1000,\"caption\":\"Peipsikaup meistri Maiu Varese rebasekaartide komplekt\"},{\"@type\":\"BreadcrumbList\",\"@id\":\"https:\/\/peipsikaup.ee\/toode\/rebastega-kaartide-komplekt\/#breadcrumb\",\"itemListElement\":[{\"@type\":\"ListItem\",\"position\":1,\"name\":\"Home\",\"item\":\"https:\/\/peipsikaup.ee\/\"},{\"@type\":\"ListItem\",\"position\":2,\"name\":\"Pood\",\"item\":\"https:\/\/peipsikaup.ee\/pood\/\"},{\"@type\":\"ListItem\",\"position\":3,\"name\":\"Rebastega kaartide komplekt\"}]},{\"@type\":\"WebSite\",\"@id\":\"https:\/\/peipsikaup.ee\/#website\",\"url\":\"https:\/\/peipsikaup.ee\/\",\"name\":\"Peipsi kaup\",\"description\":\"eheda ja isikup\u00e4rase k\u00e4sit\u00f6\u00f6 veebipood\",\"publisher\":{\"@id\":\"https:\/\/peipsikaup.ee\/#organization\"},\"potentialAction\":[{\"@type\":\"SearchAction\",\"target\":{\"@type\":\"EntryPoint\",\"urlTemplate\":\"https:\/\/peipsikaup.ee\/?s={search_term_string}\"},\"query-input\":{\"@type\":\"PropertyValueSpecification\",\"valueRequired\":true,\"valueName\":\"search_term_string\"}}],\"inLanguage\":\"ru-RU\"},{\"@type\":\"Organization\",\"@id\":\"https:\/\/peipsikaup.ee\/#organization\",\"name\":\"Peipsi kaup\",\"url\":\"https:\/\/peipsikaup.ee\/\",\"logo\":{\"@type\":\"ImageObject\",\"inLanguage\":\"ru-RU\",\"@id\":\"https:\/\/peipsikaup.ee\/#\/schema\/logo\/image\/\",\"url\":\"https:\/\/peipsikaup.ee\/wp-content\/uploads\/2022\/01\/cropped-Peipsikaup-loho-pisike.png\",\"contentUrl\":\"https:\/\/peipsikaup.ee\/wp-content\/uploads\/2022\/01\/cropped-Peipsikaup-loho-pisike.png\",\"width\":180,\"height\":60,\"caption\":\"Peipsi kaup\"},\"image\":{\"@id\":\"https:\/\/peipsikaup.ee\/#\/schema\/logo\/image\/\"}}]}<\/script>\n<!-- \/ Yoast SEO plugin. -->","yoast_head_json":{"title":"Rebastega kaartide komplekt - Peipsi kaup","robots":{"index":"index","follow":"follow","max-snippet":"max-snippet:-1","max-image-preview":"max-image-preview:large","max-video-preview":"max-video-preview:-1"},"canonical":"https:\/\/peipsikaup.ee\/ru\/product\/rebastega-kaartide-komplekt\/","og_locale":"ru_RU","og_type":"article","og_title":"Rebastega kaartide komplekt - Peipsi kaup","og_description":"Rebase piltidega illustreeritud \u00f5nnitlus- ja tervituskaartide komplekt, 6 erinevat rebastega kaarti koos \u00fcmbrikega. Sisaldab: Kaisurebased, maalivad rebased, mona lisa, leivategu, loovrebased, m\u00f5tlen su peale (v\u00f5i Thinking of you). \u00dcmbrikud.\u00a0Meister Maiu Vares.","og_url":"https:\/\/peipsikaup.ee\/ru\/product\/rebastega-kaartide-komplekt\/","og_site_name":"Peipsi kaup","article_modified_time":"2024-11-25T15:49:45+00:00","og_image":[{"width":1000,"height":1000,"url":"https:\/\/peipsikaup.ee\/wp-content\/uploads\/2021\/02\/Peipsikaup_Maiu-Vares_rebastega-kaartide-komplekt-8.jpg","type":"image\/jpeg"}],"twitter_card":"summary_large_image","twitter_misc":{"\u041f\u0440\u0438\u043c\u0435\u0440\u043d\u043e\u0435 \u0432\u0440\u0435\u043c\u044f \u0434\u043b\u044f \u0447\u0442\u0435\u043d\u0438\u044f":"1 \u043c\u0438\u043d\u0443\u0442\u0430"},"schema":{"@context":"https:\/\/schema.org","@graph":[{"@type":"WebPage","@id":"https:\/\/peipsikaup.ee\/toode\/rebastega-kaartide-komplekt\/","url":"https:\/\/peipsikaup.ee\/toode\/rebastega-kaartide-komplekt\/","name":"Rebastega kaartide komplekt - Peipsi kaup","isPartOf":{"@id":"https:\/\/peipsikaup.ee\/#website"},"primaryImageOfPage":{"@id":"https:\/\/peipsikaup.ee\/toode\/rebastega-kaartide-komplekt\/#primaryimage"},"image":{"@id":"https:\/\/peipsikaup.ee\/toode\/rebastega-kaartide-komplekt\/#primaryimage"},"thumbnailUrl":"https:\/\/peipsikaup.ee\/wp-content\/uploads\/2021\/02\/Peipsikaup_Maiu-Vares_rebastega-kaartide-komplekt-8.jpg","datePublished":"2021-02-28T14:13:49+00:00","dateModified":"2024-11-25T15:49:45+00:00","breadcrumb":{"@id":"https:\/\/peipsikaup.ee\/toode\/rebastega-kaartide-komplekt\/#breadcrumb"},"inLanguage":"ru-RU","potentialAction":[{"@type":"ReadAction","target":["https:\/\/peipsikaup.ee\/toode\/rebastega-kaartide-komplekt\/"]}]},{"@type":"ImageObject","inLanguage":"ru-RU","@id":"https:\/\/peipsikaup.ee\/toode\/rebastega-kaartide-komplekt\/#primaryimage","url":"https:\/\/peipsikaup.ee\/wp-content\/uploads\/2021\/02\/Peipsikaup_Maiu-Vares_rebastega-kaartide-komplekt-8.jpg","contentUrl":"https:\/\/peipsikaup.ee\/wp-content\/uploads\/2021\/02\/Peipsikaup_Maiu-Vares_rebastega-kaartide-komplekt-8.jpg","width":1000,"height":1000,"caption":"Peipsikaup meistri Maiu Varese rebasekaartide komplekt"},{"@type":"BreadcrumbList","@id":"https:\/\/peipsikaup.ee\/toode\/rebastega-kaartide-komplekt\/#breadcrumb","itemListElement":[{"@type":"ListItem","position":1,"name":"Home","item":"https:\/\/peipsikaup.ee\/"},{"@type":"ListItem","position":2,"name":"Pood","item":"https:\/\/peipsikaup.ee\/pood\/"},{"@type":"ListItem","position":3,"name":"Rebastega kaartide komplekt"}]},{"@type":"WebSite","@id":"https:\/\/peipsikaup.ee\/#website","url":"https:\/\/peipsikaup.ee\/","name":"\u0422\u043e\u0440\u0433\u043e\u0432\u043b\u044f \u043d\u0430 \u0427\u0443\u0434\u0441\u043a\u043e\u043c \u043e\u0441\u0442\u0440\u043e\u0432\u0435","description":"eheda ja isikup\u00e4rase k\u00e4sit\u00f6\u00f6 veebipood","publisher":{"@id":"https:\/\/peipsikaup.ee\/#organization"},"potentialAction":[{"@type":"SearchAction","target":{"@type":"EntryPoint","urlTemplate":"https:\/\/peipsikaup.ee\/?s={search_term_string}"},"query-input":{"@type":"PropertyValueSpecification","valueRequired":true,"valueName":"search_term_string"}}],"inLanguage":"ru-RU"},{"@type":"Organization","@id":"https:\/\/peipsikaup.ee\/#organization","name":"\u0422\u043e\u0440\u0433\u043e\u0432\u043b\u044f \u043d\u0430 \u0427\u0443\u0434\u0441\u043a\u043e\u043c \u043e\u0441\u0442\u0440\u043e\u0432\u0435","url":"https:\/\/peipsikaup.ee\/","logo":{"@type":"ImageObject","inLanguage":"ru-RU","@id":"https:\/\/peipsikaup.ee\/#\/schema\/logo\/image\/","url":"https:\/\/peipsikaup.ee\/wp-content\/uploads\/2022\/01\/cropped-Peipsikaup-loho-pisike.png","contentUrl":"https:\/\/peipsikaup.ee\/wp-content\/uploads\/2022\/01\/cropped-Peipsikaup-loho-pisike.png","width":180,"height":60,"caption":"Peipsi kaup"},"image":{"@id":"https:\/\/peipsikaup.ee\/#\/schema\/logo\/image\/"}}]}},"_links":{"self":[{"href":"https:\/\/peipsikaup.ee\/ru\/wp-json\/wp\/v2\/product\/1212","targetHints":{"allow":["GET"]}}],"collection":[{"href":"https:\/\/peipsikaup.ee\/ru\/wp-json\/wp\/v2\/product"}],"about":[{"href":"https:\/\/peipsikaup.ee\/ru\/wp-json\/wp\/v2\/types\/product"}],"replies":[{"embeddable":true,"href":"https:\/\/peipsikaup.ee\/ru\/wp-json\/wp\/v2\/comments?post=1212"}],"wp:featuredmedia":[{"embeddable":true,"href":"https:\/\/peipsikaup.ee\/ru\/wp-json\/wp\/v2\/media\/1598"}],"wp:attachment":[{"href":"https:\/\/peipsikaup.ee\/ru\/wp-json\/wp\/v2\/media?parent=1212"}],"wp:term":[{"taxonomy":"product_brand","embeddable":true,"href":"https:\/\/peipsikaup.ee\/ru\/wp-json\/wp\/v2\/product_brand?post=1212"},{"taxonomy":"product_cat","embeddable":true,"href":"https:\/\/peipsikaup.ee\/ru\/wp-json\/wp\/v2\/product_cat?post=1212"},{"taxonomy":"product_tag","embeddable":true,"href":"https:\/\/peipsikaup.ee\/ru\/wp-json\/wp\/v2\/product_tag?post=1212"}],"curies":[{"name":"wp","href":"https:\/\/api.w.org\/{rel}","templated":true}]}}