{"id":1124,"date":"2021-02-27T20:05:49","date_gmt":"2021-02-27T20:05:49","guid":{"rendered":"https:\/\/peipsikaup.ee\/?post_type=product&#038;p=1124"},"modified":"2026-04-07T22:35:40","modified_gmt":"2026-04-07T22:35:40","slug":"graveeritud-mustriga-kruus","status":"publish","type":"product","link":"https:\/\/peipsikaup.ee\/ru\/product\/graveeritud-mustriga-kruus\/","title":{"rendered":"\u041a\u0440\u0443\u0436\u043a\u0430 \u0441 \u0432\u044b\u0433\u0440\u0430\u0432\u0438\u0440\u043e\u0432\u0430\u043d\u043d\u044b\u043c \u0440\u0438\u0441\u0443\u043d\u043a\u043e\u043c"},"content":{"rendered":"<p><strong>\u0423\u0442\u0440\u0435\u043d\u043d\u044f\u044f \u0447\u0430\u0448\u043a\u0430 \u043a\u043e\u0444\u0435 \u0438\u043b\u0438 \u0447\u0430\u044f \u043c\u043e\u0436\u0435\u0442 \u0431\u044b\u0442\u044c \u043d\u0435 \u0442\u043e\u043b\u044c\u043a\u043e \u0440\u0443\u0442\u0438\u043d\u043e\u0439, \u043d\u043e \u0438 \u0435\u0436\u0435\u0434\u043d\u0435\u0432\u043d\u044b\u043c \u0440\u0438\u0442\u0443\u0430\u043b\u043e\u043c, \u0432 \u043a\u043e\u0442\u043e\u0440\u043e\u043c \u0435\u0441\u0442\u044c \u0441\u0432\u043e\u0438 \u043c\u0430\u043b\u0435\u043d\u044c\u043a\u0438\u0435 \u0441\u0435\u043a\u0440\u0435\u0442\u044b, \u0438\u0437\u0432\u0435\u0441\u0442\u043d\u044b\u0435 \u0442\u043e\u043b\u044c\u043a\u043e \u0442\u0435\u0431\u0435. \u0411\u0443\u0434\u0435\u0442 \u043b\u0438 \u0442\u0432\u043e\u0435 \u0443\u0442\u0440\u043e \u044f\u0440\u043a\u043e-\u043a\u0440\u0430\u0441\u043d\u044b\u043c, \u0440\u0430\u0434\u043e\u0441\u0442\u043d\u044b\u043c \u0436\u0435\u043b\u0442\u044b\u043c \u0438\u043b\u0438 \u0441\u043f\u043e\u043a\u043e\u0439\u043d\u044b\u043c \u0441\u0438\u043d\u0438\u043c \u2014 \u0440\u0435\u0448\u0430\u0442\u044c \u0442\u043e\u043b\u044c\u043a\u043e \u0442\u0435\u0431\u0435. \u0421 \u043f\u043e\u043c\u043e\u0449\u044c\u044e \u0441\u0432\u043e\u0435\u0433\u043e \u043b\u0438\u0447\u043d\u043e\u0433\u043e \u0432\u044b\u0431\u043e\u0440\u0430 \u043a\u0440\u0443\u0436\u043a\u0438 \u0442\u044b \u043c\u043e\u0436\u0435\u0448\u044c \u0434\u043e\u0431\u0430\u0432\u0438\u0442\u044c \u043a \u043d\u0435\u043c\u0443 \u0441\u0430\u043c\u044b\u0439 \u043f\u043e\u0434\u0445\u043e\u0434\u044f\u0449\u0438\u0439 \u0446\u0432\u0435\u0442. <span class=\"Apple-converted-space\">\u00a0<\/span><\/strong><\/p>\n<p>\u041f\u0440\u043e\u0441\u043d\u0443\u0432\u0448\u0438\u0441\u044c \u0443\u0442\u0440\u043e\u043c, \u043c\u043d\u043e\u0433\u0438\u0435 \u0432\u0435\u0449\u0438 \u043f\u0440\u043e\u0438\u0441\u0445\u043e\u0434\u044f\u0442 \u043a\u0430\u043a \u0431\u044b \u043d\u0430 \u0430\u0432\u0442\u043e\u043f\u0438\u043b\u043e\u0442\u0435. \u041f\u0440\u0438\u0432\u044b\u0447\u043d\u043e\u0435 \u0444\u0438\u0437\u0438\u0447\u0435\u0441\u043a\u043e\u0435 \u043e\u0449\u0443\u0449\u0435\u043d\u0438\u0435 \u0441\u043e\u0437\u0434\u0430\u0435\u0442 \u043f\u0440\u0438\u044f\u0442\u043d\u043e\u0435 \u0447\u0443\u0432\u0441\u0442\u0432\u043e \u0431\u0435\u0437\u043e\u043f\u0430\u0441\u043d\u043e\u0441\u0442\u0438 \u0432 \u0437\u043d\u0430\u043a\u043e\u043c\u043e\u0439 \u043e\u0431\u0441\u0442\u0430\u043d\u043e\u0432\u043a\u0435. \u041a\u0440\u0443\u0436\u043a\u0443 \u0441 \u0440\u0435\u043b\u044c\u0435\u0444\u043d\u044b\u043c \u0443\u0437\u043e\u0440\u043e\u043c \u0442\u044b \u0443\u0437\u043d\u0430\u0435\u0448\u044c \u043d\u0430 \u043e\u0449\u0443\u043f\u044c, \u0434\u0430\u0436\u0435 \u043d\u0435 \u0433\u043b\u044f\u0434\u044f \u043d\u0430 \u043d\u0435\u0435. \u041c\u043e\u0436\u0435\u0448\u044c \u043d\u0430 \u043c\u0433\u043d\u043e\u0432\u0435\u043d\u0438\u0435 \u0443\u0441\u0442\u0440\u0435\u043c\u0438\u0442\u044c \u0432\u0437\u0433\u043b\u044f\u0434 \u0432\u0434\u0430\u043b\u044c \u0438 \u043f\u0440\u0438 \u044d\u0442\u043e\u043c \u043f\u043e\u0447\u0443\u0432\u0441\u0442\u0432\u043e\u0432\u0430\u0442\u044c \u0440\u0443\u043a\u043e\u0439, \u0447\u0442\u043e \u0442\u044b \u0432 \u0441\u0432\u043e\u0435\u0439 \u0441\u0442\u0438\u0445\u0438\u0438. \u041f\u043e\u043a\u0440\u044b\u0442\u0430 \u043f\u0440\u043e\u0437\u0440\u0430\u0447\u043d\u043e\u0439 \u0431\u043b\u0435\u0441\u0442\u044f\u0449\u0435\u0439 \u0433\u043b\u0430\u0437\u0443\u0440\u044c\u044e, \u043f\u043e\u0434\u0447\u0435\u0440\u043a\u0438\u0432\u0430\u044e\u0449\u0435\u0439 \u0446\u0432\u0435\u0442 \u0438 \u0442\u0435\u043a\u0441\u0442\u0443\u0440\u0443, \u043a\u043e\u0442\u043e\u0440\u044b\u0435 \u0438\u043d\u0442\u0435\u0440\u0435\u0441\u043d\u043e \u0438\u0441\u0441\u043b\u0435\u0434\u043e\u0432\u0430\u0442\u044c \u043d\u0430 \u043e\u0449\u0443\u043f\u044c.<\/p>\n<p>\u0423\u0437\u043e\u0440, \u0432\u044b\u043f\u043e\u043b\u043d\u0435\u043d\u043d\u044b\u0439 \u0432 \u0442\u0435\u0445\u043d\u0438\u043a\u0435 \u0441\u0433\u0440\u0430\u0444\u0444\u0438\u0442\u043e \u0438 \u043f\u0440\u043e\u0438\u0437\u0432\u043e\u0434\u044f\u0449\u0438\u0439 \u0430\u0431\u0441\u0442\u0440\u0430\u043a\u0442\u043d\u043e\u0435 \u0432\u043f\u0435\u0447\u0430\u0442\u043b\u0435\u043d\u0438\u0435, \u0441\u043e\u0441\u0442\u043e\u0438\u0442 \u0438\u0437 \u0433\u043b\u0443\u0431\u043e\u043a\u0438\u0445 \u043d\u0430\u0434\u0440\u0435\u0437\u043e\u0432, \u0441\u0434\u0435\u043b\u0430\u043d\u043d\u044b\u0445 \u0432 \u0433\u043b\u0438\u043d\u044f\u043d\u043e\u043c \u0442\u0435\u043b\u0435, \u043a\u043e\u0442\u043e\u0440\u044b\u0435, \u0443\u0434\u0430\u043b\u044f\u044f \u0430\u043d\u0433\u043e\u0431, \u043f\u043e\u043a\u0440\u044b\u0432\u0430\u044e\u0449\u0438\u0439 \u043f\u043e\u0432\u0435\u0440\u0445\u043d\u043e\u0441\u0442\u044c \u0432 \u043c\u0435\u0441\u0442\u0435 \u043d\u0430\u0434\u0440\u0435\u0437\u0430, \u043e\u0431\u043d\u0430\u0436\u0430\u044e\u0442 \u0431\u0435\u043b\u0443\u044e \u0433\u043b\u0438\u043d\u0443. \u041a\u0430\u0436\u0434\u044b\u0439 \u043d\u0430\u0434\u0440\u0435\u0437 \u0443\u043d\u0438\u043a\u0430\u043b\u0435\u043d, \u0430 \u0432\u0441\u044f \u043f\u043e\u0432\u0435\u0440\u0445\u043d\u043e\u0441\u0442\u044c \u043a\u0440\u0443\u0436\u043a\u0438 \u0440\u0430\u0432\u043d\u043e\u043c\u0435\u0440\u043d\u043e \u043f\u043e\u043a\u0440\u044b\u0442\u0430 \u0443\u0437\u043e\u0440\u043e\u043c. \u041f\u0440\u0438 \u0441\u043e\u0437\u0434\u0430\u043d\u0438\u0438 \u0443\u0437\u043e\u0440\u0430 \u0443\u0432\u043b\u0435\u043a\u0430\u0442\u0435\u043b\u044c\u043d\u0430\u044f \u0437\u0430\u0440\u0443\u0431\u0435\u0436\u043d\u0430\u044f \u0442\u0435\u0445\u043d\u0438\u043a\u0430 \u0441\u043e\u0447\u0435\u0442\u0430\u0435\u0442\u0441\u044f \u0441 \u0430\u0442\u043c\u043e\u0441\u0444\u0435\u0440\u043e\u0439, \u0432\u0434\u043e\u0445\u043d\u043e\u0432\u043b\u0435\u043d\u043d\u043e\u0439 \u043c\u0435\u0441\u0442\u043d\u043e\u0439 \u043f\u0440\u0438\u0440\u043e\u0434\u043e\u0439 \u0438 \u043e\u043a\u0440\u0443\u0436\u0430\u044e\u0449\u0435\u0439 \u0441\u0440\u0435\u0434\u043e\u0439. \u042d\u0442\u043e \u043c\u043e\u0436\u0435\u0442 \u0430\u0441\u0441\u043e\u0446\u0438\u0438\u0440\u043e\u0432\u0430\u0442\u044c\u0441\u044f \u043a\u0430\u043a \u0441 \u043e\u0431\u043b\u0430\u043a\u0430\u043c\u0438, \u043f\u0430\u0440\u044f\u0449\u0438\u043c\u0438 \u043d\u0430\u0434 \u0427\u0443\u0433\u043e\u0432\u044b\u043c \u043e\u0437\u0435\u0440\u043e\u043c, \u0442\u0430\u043a \u0438 \u0441 \u0432\u043e\u043b\u043d\u0430\u043c\u0438 \u043d\u0430 \u043e\u0437\u0435\u0440\u0435.<span class=\"Apple-converted-space\">\u00a0<\/span><\/p>\n<p>\u0418\u0437\u0433\u043e\u0442\u043e\u0432\u043b\u0435\u043d\u0438\u0435 \u0433\u043b\u0438\u043d\u044f\u043d\u043e\u0439 \u043f\u043e\u0441\u0443\u0434\u044b \u0442\u0430\u043a\u0436\u0435 \u0438\u043c\u0435\u0435\u0442 \u0433\u043b\u0443\u0431\u043e\u043a\u0438\u0435 \u043a\u043e\u0440\u043d\u0438 \u0432 \u0440\u0435\u0433\u0438\u043e\u043d\u0435 \u041f\u0435\u0439\u043f\u0441\u0438. \u041f\u0440\u0438 \u0432\u044b\u0431\u043e\u0440\u0435 \u0441\u044b\u0440\u044c\u044f \u0442\u0440\u0430\u0434\u0438\u0446\u0438\u0438 \u0441\u043e\u0447\u0435\u0442\u0430\u044e\u0442\u0441\u044f \u0441 \u043f\u0440\u0430\u043a\u0442\u0438\u0447\u0435\u0441\u043a\u043e\u0439 \u043d\u0435\u043e\u0431\u0445\u043e\u0434\u0438\u043c\u043e\u0441\u0442\u044c\u044e \u0432 \u0432\u044b\u0441\u043e\u043a\u043e\u043c \u043a\u0430\u0447\u0435\u0441\u0442\u0432\u0435. \u041a\u0440\u0443\u0436\u043a\u0430 \u0438\u0437\u0433\u043e\u0442\u043e\u0432\u043b\u0435\u043d\u0430 \u043d\u0430 \u0433\u043e\u043d\u0447\u0430\u0440\u043d\u043e\u043c \u043a\u0440\u0443\u0433\u0435 \u0438\u0437 \u0432\u044b\u0441\u043e\u043a\u043e\u0442\u0435\u043c\u043f\u0435\u0440\u0430\u0442\u0443\u0440\u043d\u043e\u0439 \u0433\u043b\u0438\u043d\u044b \u0441 \u043d\u0435\u0431\u043e\u043b\u044c\u0448\u0438\u043c \u0441\u043e\u0434\u0435\u0440\u0436\u0430\u043d\u0438\u0435\u043c \u0448\u0430\u043c\u043e\u0442\u0430, \u043f\u0440\u043e\u0438\u0437\u0432\u0435\u0434\u0435\u043d\u043d\u043e\u0439 \u0432 \u0413\u0435\u0440\u043c\u0430\u043d\u0438\u0438. \u0420\u0435\u0447\u044c \u0438\u0434\u0435\u0442 \u043e \u0433\u043b\u0438\u043d\u0435, \u0441\u043f\u0435\u0446\u0438\u0430\u043b\u044c\u043d\u043e \u0440\u0430\u0437\u0440\u0430\u0431\u043e\u0442\u0430\u043d\u043d\u043e\u0439 \u0434\u043b\u044f \u043a\u0435\u0440\u0430\u043c\u0438\u043a\u0438, \u043a\u043e\u0442\u043e\u0440\u0430\u044f \u0432\u044b\u0434\u0435\u0440\u0436\u0438\u0432\u0430\u0435\u0442 \u043e\u0431\u0436\u0438\u0433 \u043f\u0440\u0438 \u043e\u0447\u0435\u043d\u044c \u0432\u044b\u0441\u043e\u043a\u0438\u0445 \u0442\u0435\u043c\u043f\u0435\u0440\u0430\u0442\u0443\u0440\u0430\u0445. \u041e\u0431\u0436\u0438\u0433\u0430\u0435\u0442\u0441\u044f \u043f\u0440\u0438 1220 \u00b0C \u0432 \u044d\u043b\u0435\u043a\u0442\u0440\u0438\u0447\u0435\u0441\u043a\u043e\u0439 \u043f\u0435\u0447\u0438. \u042d\u0442\u043e \u043f\u0440\u0438\u0434\u0430\u0435\u0442 \u043a\u0435\u0440\u0430\u043c\u0438\u043a\u0435 \u0445\u043e\u0440\u043e\u0448\u0443\u044e \u0443\u0434\u0430\u0440\u043e\u043f\u0440\u043e\u0447\u043d\u043e\u0441\u0442\u044c, \u0431\u043b\u0430\u0433\u043e\u0434\u0430\u0440\u044f \u0447\u0435\u043c\u0443 \u0438\u0437\u0434\u0435\u043b\u0438\u0435 \u0432\u044b\u0434\u0435\u0440\u0436\u0438\u0432\u0430\u0435\u0442 \u0438\u043d\u0442\u0435\u043d\u0441\u0438\u0432\u043d\u043e\u0435 \u0438\u0441\u043f\u043e\u043b\u044c\u0437\u043e\u0432\u0430\u043d\u0438\u0435.<\/p>\n<p>\u0411\u043b\u0430\u0433\u043e\u0434\u0430\u0440\u044f \u043f\u043e\u0432\u044b\u0448\u0435\u043d\u043d\u043e\u0439 \u043f\u0440\u043e\u0447\u043d\u043e\u0441\u0442\u0438 \u0443\u0445\u043e\u0434 \u0437\u0430 \u043a\u0440\u0443\u0436\u043a\u043e\u0439 \u0432 \u043f\u043e\u0432\u0441\u0435\u0434\u043d\u0435\u0432\u043d\u043e\u0439 \u0436\u0438\u0437\u043d\u0438 \u043d\u0435 \u043f\u0440\u0435\u0434\u0441\u0442\u0430\u0432\u043b\u044f\u0435\u0442 \u0442\u0440\u0443\u0434\u0430 \u2014 \u0435\u0451 \u043c\u043e\u0436\u043d\u043e \u043c\u044b\u0442\u044c \u0432 \u043f\u043e\u0441\u0443\u0434\u043e\u043c\u043e\u0435\u0447\u043d\u043e\u0439 \u043c\u0430\u0448\u0438\u043d\u0435, \u043a\u0430\u043a \u043b\u044e\u0431\u0443\u044e \u0434\u0440\u0443\u0433\u0443\u044e \u043a\u0443\u0445\u043e\u043d\u043d\u0443\u044e \u043f\u043e\u0441\u0443\u0434\u0443. \u0422\u0430\u043a \u0432\u044b \u0441\u044d\u043a\u043e\u043d\u043e\u043c\u0438\u0442\u0435 \u043d\u0435\u043c\u043d\u043e\u0433\u043e \u0432\u0440\u0435\u043c\u0435\u043d\u0438 \u0434\u043b\u044f \u0441\u0435\u0431\u044f.<span class=\"Apple-converted-space\">\u00a0<\/span><\/p>\n<p>\u0412\u043c\u0435\u0441\u0442\u0438\u043c\u043e\u0441\u0442\u044c \u043e\u043a\u043e\u043b\u043e 400 \u043c\u043b.<\/p>\n<p>\u0412\u0435\u0441\u0438\u0442 \u043e\u043a\u043e\u043b\u043e 200 \u0433.<\/p>","protected":false},"excerpt":{"rendered":"<p><b>\u041a\u0435\u0440\u0430\u043c\u0438\u0447\u0435\u0441\u043a\u0430\u044f \u043a\u0440\u0443\u0436\u043a\u0430 \u0441 \u0438\u043d\u0442\u0435\u0440\u0435\u0441\u043d\u044b\u043c \u0440\u0435\u043b\u044c\u0435\u0444\u043d\u044b\u043c \u0443\u0437\u043e\u0440\u043e\u043c \u0438 \u043e\u043a\u0440\u0443\u0433\u043b\u044b\u043c \u0434\u043d\u043e\u043c, \u043a\u043e\u0442\u043e\u0440\u0443\u044e \u0443\u0434\u043e\u0431\u043d\u043e \u0434\u0435\u0440\u0436\u0430\u0442\u044c \u0432 \u0440\u0443\u043a\u0435 \u0438 \u043b\u0435\u0433\u043a\u043e \u043c\u044b\u0442\u044c. \u041e\u043a\u0440\u0430\u0448\u0435\u043d\u0430 \u0441\u0438\u043d\u0435\u0439 \u0438\u043b\u0438 \u043a\u0440\u0430\u0441\u043d\u043e\u0439 \u0430\u043d\u0433\u043e\u0431\u043e\u0439 \u0438 \u043f\u043e\u043a\u0440\u044b\u0442\u0430 \u043f\u0440\u043e\u0437\u0440\u0430\u0447\u043d\u043e\u0439 \u0431\u043b\u0435\u0441\u0442\u044f\u0449\u0435\u0439 \u0433\u043b\u0430\u0437\u0443\u0440\u044c\u044e.<\/b><strong> \u0420\u0435\u043c\u0435\u0441\u043b\u0435\u043d\u043d\u0438\u043a<a href=\"https:\/\/peipsikaup.ee\/ru\/meistrid\/kaur-vasli\/\"> Kaur Vasli.<\/a><\/strong><\/p>","protected":false},"featured_media":8695,"comment_status":"open","ping_status":"closed","template":"","meta":{"site-sidebar-layout":"default","site-content-layout":"default","ast-global-header-display":"","ast-main-header-display":"","ast-hfb-above-header-display":"","ast-hfb-below-header-display":"","ast-hfb-mobile-header-display":"","site-post-title":"","ast-breadcrumbs-content":"","ast-featured-img":"","footer-sml-layout":"","theme-transparent-header-meta":"default","adv-header-id-meta":"","stick-header-meta":"default","header-above-stick-meta":"","header-main-stick-meta":"","header-below-stick-meta":""},"product_brand":[],"product_cat":[43,16],"product_tag":[34,27,286,35],"class_list":{"0":"post-1124","1":"product","2":"type-product","3":"status-publish","4":"has-post-thumbnail","6":"product_cat-kaur-vasli","7":"product_cat-keraamika","8":"product_tag-kruus","9":"product_tag-noud","10":"product_tag-punane-en","11":"product_tag-tass","12":"desktop-align-left","13":"tablet-align-left","14":"mobile-align-left","16":"first","17":"instock","18":"featured","19":"shipping-taxable","20":"purchasable","21":"product-type-variable"},"yoast_head":"<!-- This site is optimized with the Yoast SEO plugin v27.2 - https:\/\/yoast.com\/product\/yoast-seo-wordpress\/ -->\n<title>Graveeritud mustriga kruus - Peipsi kaup<\/title>\n<meta name=\"robots\" content=\"index, follow, max-snippet:-1, max-image-preview:large, max-video-preview:-1\" \/>\n<link rel=\"canonical\" href=\"https:\/\/peipsikaup.ee\/ru\/product\/graveeritud-mustriga-kruus\/\" \/>\n<meta property=\"og:locale\" content=\"ru_RU\" \/>\n<meta property=\"og:type\" content=\"article\" \/>\n<meta property=\"og:title\" content=\"Graveeritud mustriga kruus - Peipsi kaup\" \/>\n<meta property=\"og:description\" content=\"P\u00f5neva reljeefse mustri ja \u00fcmara p\u00f5hjaga keraamiline kruus, mida on m\u00f5nus k\u00e4es hoida ja lihtne pesta. V\u00e4rvitud sinise v\u00f5i punase angoobiga ja glasuuritud l\u00e4bipaistva l\u00e4ikiva glasuuriga. Meister Kaur Vasli.\" \/>\n<meta property=\"og:url\" content=\"https:\/\/peipsikaup.ee\/ru\/product\/graveeritud-mustriga-kruus\/\" \/>\n<meta property=\"og:site_name\" content=\"Peipsi kaup\" \/>\n<meta property=\"article:modified_time\" content=\"2026-04-07T22:35:40+00:00\" \/>\n<meta property=\"og:image\" content=\"https:\/\/peipsikaup.ee\/wp-content\/uploads\/2021\/02\/Peipsikaup_meister_Kaur_Vasli_tass-8-scaled.jpg\" \/>\n\t<meta property=\"og:image:width\" content=\"2560\" \/>\n\t<meta property=\"og:image:height\" content=\"2560\" \/>\n\t<meta property=\"og:image:type\" content=\"image\/jpeg\" \/>\n<meta name=\"twitter:card\" content=\"summary_large_image\" \/>\n<meta name=\"twitter:label1\" content=\"\u041f\u0440\u0438\u043c\u0435\u0440\u043d\u043e\u0435 \u0432\u0440\u0435\u043c\u044f \u0434\u043b\u044f \u0447\u0442\u0435\u043d\u0438\u044f\" \/>\n\t<meta name=\"twitter:data1\" content=\"2 \u043c\u0438\u043d\u0443\u0442\u044b\" \/>\n<script type=\"application\/ld+json\" class=\"yoast-schema-graph\">{\"@context\":\"https:\/\/schema.org\",\"@graph\":[{\"@type\":\"WebPage\",\"@id\":\"https:\/\/peipsikaup.ee\/toode\/graveeritud-mustriga-kruus\/\",\"url\":\"https:\/\/peipsikaup.ee\/toode\/graveeritud-mustriga-kruus\/\",\"name\":\"Graveeritud mustriga kruus - Peipsi kaup\",\"isPartOf\":{\"@id\":\"https:\/\/peipsikaup.ee\/#website\"},\"primaryImageOfPage\":{\"@id\":\"https:\/\/peipsikaup.ee\/toode\/graveeritud-mustriga-kruus\/#primaryimage\"},\"image\":{\"@id\":\"https:\/\/peipsikaup.ee\/toode\/graveeritud-mustriga-kruus\/#primaryimage\"},\"thumbnailUrl\":\"https:\/\/peipsikaup.ee\/wp-content\/uploads\/2021\/02\/Peipsikaup_meister_Kaur_Vasli_tass-8-scaled.jpg\",\"datePublished\":\"2021-02-27T20:05:49+00:00\",\"dateModified\":\"2026-04-07T22:35:40+00:00\",\"breadcrumb\":{\"@id\":\"https:\/\/peipsikaup.ee\/toode\/graveeritud-mustriga-kruus\/#breadcrumb\"},\"inLanguage\":\"ru-RU\",\"potentialAction\":[{\"@type\":\"ReadAction\",\"target\":[\"https:\/\/peipsikaup.ee\/toode\/graveeritud-mustriga-kruus\/\"]}]},{\"@type\":\"ImageObject\",\"inLanguage\":\"ru-RU\",\"@id\":\"https:\/\/peipsikaup.ee\/toode\/graveeritud-mustriga-kruus\/#primaryimage\",\"url\":\"https:\/\/peipsikaup.ee\/wp-content\/uploads\/2021\/02\/Peipsikaup_meister_Kaur_Vasli_tass-8-scaled.jpg\",\"contentUrl\":\"https:\/\/peipsikaup.ee\/wp-content\/uploads\/2021\/02\/Peipsikaup_meister_Kaur_Vasli_tass-8-scaled.jpg\",\"width\":2560,\"height\":2560},{\"@type\":\"BreadcrumbList\",\"@id\":\"https:\/\/peipsikaup.ee\/toode\/graveeritud-mustriga-kruus\/#breadcrumb\",\"itemListElement\":[{\"@type\":\"ListItem\",\"position\":1,\"name\":\"Home\",\"item\":\"https:\/\/peipsikaup.ee\/\"},{\"@type\":\"ListItem\",\"position\":2,\"name\":\"Pood\",\"item\":\"https:\/\/peipsikaup.ee\/pood\/\"},{\"@type\":\"ListItem\",\"position\":3,\"name\":\"Graveeritud mustriga kruus\"}]},{\"@type\":\"WebSite\",\"@id\":\"https:\/\/peipsikaup.ee\/#website\",\"url\":\"https:\/\/peipsikaup.ee\/\",\"name\":\"Peipsi kaup\",\"description\":\"eheda ja isikup\u00e4rase k\u00e4sit\u00f6\u00f6 veebipood\",\"publisher\":{\"@id\":\"https:\/\/peipsikaup.ee\/#organization\"},\"potentialAction\":[{\"@type\":\"SearchAction\",\"target\":{\"@type\":\"EntryPoint\",\"urlTemplate\":\"https:\/\/peipsikaup.ee\/?s={search_term_string}\"},\"query-input\":{\"@type\":\"PropertyValueSpecification\",\"valueRequired\":true,\"valueName\":\"search_term_string\"}}],\"inLanguage\":\"ru-RU\"},{\"@type\":\"Organization\",\"@id\":\"https:\/\/peipsikaup.ee\/#organization\",\"name\":\"Peipsi kaup\",\"url\":\"https:\/\/peipsikaup.ee\/\",\"logo\":{\"@type\":\"ImageObject\",\"inLanguage\":\"ru-RU\",\"@id\":\"https:\/\/peipsikaup.ee\/#\/schema\/logo\/image\/\",\"url\":\"https:\/\/peipsikaup.ee\/wp-content\/uploads\/2022\/01\/cropped-Peipsikaup-loho-pisike.png\",\"contentUrl\":\"https:\/\/peipsikaup.ee\/wp-content\/uploads\/2022\/01\/cropped-Peipsikaup-loho-pisike.png\",\"width\":180,\"height\":60,\"caption\":\"Peipsi kaup\"},\"image\":{\"@id\":\"https:\/\/peipsikaup.ee\/#\/schema\/logo\/image\/\"}}]}<\/script>\n<!-- \/ Yoast SEO plugin. -->","yoast_head_json":{"title":"Graveeritud mustriga kruus - Peipsi kaup","robots":{"index":"index","follow":"follow","max-snippet":"max-snippet:-1","max-image-preview":"max-image-preview:large","max-video-preview":"max-video-preview:-1"},"canonical":"https:\/\/peipsikaup.ee\/ru\/product\/graveeritud-mustriga-kruus\/","og_locale":"ru_RU","og_type":"article","og_title":"Graveeritud mustriga kruus - Peipsi kaup","og_description":"P\u00f5neva reljeefse mustri ja \u00fcmara p\u00f5hjaga keraamiline kruus, mida on m\u00f5nus k\u00e4es hoida ja lihtne pesta. V\u00e4rvitud sinise v\u00f5i punase angoobiga ja glasuuritud l\u00e4bipaistva l\u00e4ikiva glasuuriga. Meister Kaur Vasli.","og_url":"https:\/\/peipsikaup.ee\/ru\/product\/graveeritud-mustriga-kruus\/","og_site_name":"Peipsi kaup","article_modified_time":"2026-04-07T22:35:40+00:00","og_image":[{"width":2560,"height":2560,"url":"https:\/\/peipsikaup.ee\/wp-content\/uploads\/2021\/02\/Peipsikaup_meister_Kaur_Vasli_tass-8-scaled.jpg","type":"image\/jpeg"}],"twitter_card":"summary_large_image","twitter_misc":{"\u041f\u0440\u0438\u043c\u0435\u0440\u043d\u043e\u0435 \u0432\u0440\u0435\u043c\u044f \u0434\u043b\u044f \u0447\u0442\u0435\u043d\u0438\u044f":"2 \u043c\u0438\u043d\u0443\u0442\u044b"},"schema":{"@context":"https:\/\/schema.org","@graph":[{"@type":"WebPage","@id":"https:\/\/peipsikaup.ee\/toode\/graveeritud-mustriga-kruus\/","url":"https:\/\/peipsikaup.ee\/toode\/graveeritud-mustriga-kruus\/","name":"Graveeritud mustriga kruus - Peipsi kaup","isPartOf":{"@id":"https:\/\/peipsikaup.ee\/#website"},"primaryImageOfPage":{"@id":"https:\/\/peipsikaup.ee\/toode\/graveeritud-mustriga-kruus\/#primaryimage"},"image":{"@id":"https:\/\/peipsikaup.ee\/toode\/graveeritud-mustriga-kruus\/#primaryimage"},"thumbnailUrl":"https:\/\/peipsikaup.ee\/wp-content\/uploads\/2021\/02\/Peipsikaup_meister_Kaur_Vasli_tass-8-scaled.jpg","datePublished":"2021-02-27T20:05:49+00:00","dateModified":"2026-04-07T22:35:40+00:00","breadcrumb":{"@id":"https:\/\/peipsikaup.ee\/toode\/graveeritud-mustriga-kruus\/#breadcrumb"},"inLanguage":"ru-RU","potentialAction":[{"@type":"ReadAction","target":["https:\/\/peipsikaup.ee\/toode\/graveeritud-mustriga-kruus\/"]}]},{"@type":"ImageObject","inLanguage":"ru-RU","@id":"https:\/\/peipsikaup.ee\/toode\/graveeritud-mustriga-kruus\/#primaryimage","url":"https:\/\/peipsikaup.ee\/wp-content\/uploads\/2021\/02\/Peipsikaup_meister_Kaur_Vasli_tass-8-scaled.jpg","contentUrl":"https:\/\/peipsikaup.ee\/wp-content\/uploads\/2021\/02\/Peipsikaup_meister_Kaur_Vasli_tass-8-scaled.jpg","width":2560,"height":2560},{"@type":"BreadcrumbList","@id":"https:\/\/peipsikaup.ee\/toode\/graveeritud-mustriga-kruus\/#breadcrumb","itemListElement":[{"@type":"ListItem","position":1,"name":"Home","item":"https:\/\/peipsikaup.ee\/"},{"@type":"ListItem","position":2,"name":"Pood","item":"https:\/\/peipsikaup.ee\/pood\/"},{"@type":"ListItem","position":3,"name":"Graveeritud mustriga kruus"}]},{"@type":"WebSite","@id":"https:\/\/peipsikaup.ee\/#website","url":"https:\/\/peipsikaup.ee\/","name":"\u0422\u043e\u0440\u0433\u043e\u0432\u043b\u044f \u043d\u0430 \u0427\u0443\u0434\u0441\u043a\u043e\u043c \u043e\u0441\u0442\u0440\u043e\u0432\u0435","description":"eheda ja isikup\u00e4rase k\u00e4sit\u00f6\u00f6 veebipood","publisher":{"@id":"https:\/\/peipsikaup.ee\/#organization"},"potentialAction":[{"@type":"SearchAction","target":{"@type":"EntryPoint","urlTemplate":"https:\/\/peipsikaup.ee\/?s={search_term_string}"},"query-input":{"@type":"PropertyValueSpecification","valueRequired":true,"valueName":"search_term_string"}}],"inLanguage":"ru-RU"},{"@type":"Organization","@id":"https:\/\/peipsikaup.ee\/#organization","name":"\u0422\u043e\u0440\u0433\u043e\u0432\u043b\u044f \u043d\u0430 \u0427\u0443\u0434\u0441\u043a\u043e\u043c \u043e\u0441\u0442\u0440\u043e\u0432\u0435","url":"https:\/\/peipsikaup.ee\/","logo":{"@type":"ImageObject","inLanguage":"ru-RU","@id":"https:\/\/peipsikaup.ee\/#\/schema\/logo\/image\/","url":"https:\/\/peipsikaup.ee\/wp-content\/uploads\/2022\/01\/cropped-Peipsikaup-loho-pisike.png","contentUrl":"https:\/\/peipsikaup.ee\/wp-content\/uploads\/2022\/01\/cropped-Peipsikaup-loho-pisike.png","width":180,"height":60,"caption":"Peipsi kaup"},"image":{"@id":"https:\/\/peipsikaup.ee\/#\/schema\/logo\/image\/"}}]}},"_links":{"self":[{"href":"https:\/\/peipsikaup.ee\/ru\/wp-json\/wp\/v2\/product\/1124","targetHints":{"allow":["GET"]}}],"collection":[{"href":"https:\/\/peipsikaup.ee\/ru\/wp-json\/wp\/v2\/product"}],"about":[{"href":"https:\/\/peipsikaup.ee\/ru\/wp-json\/wp\/v2\/types\/product"}],"replies":[{"embeddable":true,"href":"https:\/\/peipsikaup.ee\/ru\/wp-json\/wp\/v2\/comments?post=1124"}],"wp:featuredmedia":[{"embeddable":true,"href":"https:\/\/peipsikaup.ee\/ru\/wp-json\/wp\/v2\/media\/8695"}],"wp:attachment":[{"href":"https:\/\/peipsikaup.ee\/ru\/wp-json\/wp\/v2\/media?parent=1124"}],"wp:term":[{"taxonomy":"product_brand","embeddable":true,"href":"https:\/\/peipsikaup.ee\/ru\/wp-json\/wp\/v2\/product_brand?post=1124"},{"taxonomy":"product_cat","embeddable":true,"href":"https:\/\/peipsikaup.ee\/ru\/wp-json\/wp\/v2\/product_cat?post=1124"},{"taxonomy":"product_tag","embeddable":true,"href":"https:\/\/peipsikaup.ee\/ru\/wp-json\/wp\/v2\/product_tag?post=1124"}],"curies":[{"name":"wp","href":"https:\/\/api.w.org\/{rel}","templated":true}]}}