{"id":4555,"date":"2021-09-30T20:04:54","date_gmt":"2021-09-30T20:04:54","guid":{"rendered":"https:\/\/peipsikaup.ee\/pardosanas-noteikumi\/"},"modified":"2021-09-30T20:06:21","modified_gmt":"2021-09-30T20:06:21","slug":"pardosanas-noteikumi","status":"publish","type":"page","link":"https:\/\/peipsikaup.ee\/ru\/pardosanas-noteikumi\/","title":{"rendered":"P\u0101rdo\u0161anas noteikumi"},"content":{"rendered":"<div data-elementor-type=\"wp-page\" data-elementor-id=\"4555\" class=\"elementor elementor-4555\">\n\t\t\t\t\t\t<section class=\"elementor-section elementor-top-section elementor-element elementor-element-512fef78 elementor-section-boxed elementor-section-height-default elementor-section-height-default\" data-id=\"512fef78\" data-element_type=\"section\" data-e-type=\"section\">\n\t\t\t\t\t\t<div class=\"elementor-container elementor-column-gap-default\">\n\t\t\t\t\t<div class=\"elementor-column elementor-col-100 elementor-top-column elementor-element elementor-element-1c73a8fe\" data-id=\"1c73a8fe\" data-element_type=\"column\" data-e-type=\"column\">\n\t\t\t<div class=\"elementor-widget-wrap elementor-element-populated\">\n\t\t\t\t\t\t<div class=\"elementor-element elementor-element-125574f1 elementor-widget elementor-widget-text-editor\" data-id=\"125574f1\" data-element_type=\"widget\" data-e-type=\"widget\" data-widget_type=\"text-editor.default\">\n\t\t\t\t<div class=\"elementor-widget-container\">\n\t\t\t\t\t\t\t\t\t<p><\/p>\n<p><span style=\"font-size: 15px;\">Interneta veikals peipsikaup.ee<\/span>&nbsp;<span style=\"font-size: 15px;\"> (turpm\u0101k tekst\u0101 Interneta veikals) \u012bpa\u0161nieks MT\u00dc RAPPIN KOTUS (re\u0123istra kods 80186852), kas atrodas Pelvas apri\u0146\u0137\u012b, R\u00e4pina pagasts, R\u00e4pina City, Pargi tn 31, 64505.<\/span><\/p>\n<p><b>P\u0101rdo\u0161anas l\u012bguma, pre\u010du un cenas sp\u0113k\u0101 esam\u012bba<span class=\"Apple-converted-space\">&nbsp;<\/span><\/b><\/p>\n<p>P\u0101rdo\u0161anas noteikumi attiecas uz pre\u010du ieg\u0101di no interneta veikala. <span class=\"Apple-converted-space\">&nbsp;<\/span><\/p>\n<p>Interneta veikal\u0101 p\u0101rdoto pre\u010du cenas ir nor\u0101d\u012btas blakus prec\u0113m. Cenai tiek pievienota maksa par pre\u010du pieg\u0101di.<span class=\"Apple-converted-space\">&nbsp;<\/span><\/p>\n<p>Pieg\u0101des maksa ir atkar\u012bga no pirc\u0113ja atra\u0161an\u0101s vietas un pieg\u0101des veida. Pieg\u0101des maksa tiek par\u0101d\u012bta pirc\u0113jam, veicot pas\u016bt\u012bjumu.<span class=\"Apple-converted-space\">&nbsp;<\/span><\/p>\n<p>Inform\u0101cija par prec\u0113m tiek sniegta interneta veikal\u0101 tie\u0161i blakus prec\u0113m.<\/p>\n<p><b>Pas\u016bt\u012bjuma veik\u0161ana<\/b><\/p>\n<p>Lai pas\u016bt\u012btu preces, iepirkumu groz\u0101 j\u0101pievieno v\u0113lam\u0101s preces. Lai veiktu pas\u016bt\u012bjumu, jums j\u0101aizpilda nepiecie\u0161amie datu lauki un j\u0101izv\u0113las atbilsto\u0161\u0101 produkta pieg\u0101des metode. P\u0113c tam ekr\u0101n\u0101 tiek par\u0101d\u012bta nodevas summa, kuru var samaks\u0101t, izmantojot bankas saiti vai citu maks\u0101jumu risin\u0101jumu.<\/p>\n<p>Alkohols un bezalkoholiskais v\u012bns, alus un sidrs tiek p\u0101rdoti tikai pieaugu\u0161ajiem Klientiem, kuri, iesniedzot pas\u016bt\u012bjumu, ir apstiprin\u0101ju\u0161i, ka ir vismaz 18 gadus veci. Nododot alkoholu un bezalkoholisko v\u012bnu, alu un sidru, tiek p\u0101rbaud\u012bts klienta vecums.<\/p>\n<p>L\u012bgums st\u0101jas sp\u0113k\u0101, sa\u0146emot summu, kas pien\u0101kas Interneta veikala nor\u0113\u0137inu kontam.<span class=\"Apple-converted-space\">&nbsp;<\/span><\/p>\n<p>Ja pas\u016bt\u012bt\u0101s preces nevar\u0113s pieg\u0101d\u0101t preces beigu termi\u0146a d\u0113\u013c vai k\u0101da cita iemesla d\u0113\u013c, pirc\u0113js tiks inform\u0113ts p\u0113c iesp\u0113jas \u0101tr\u0101k un samaks\u0101t\u0101 nauda (t.sk. pieg\u0101des izmaksas) tiks atmaks\u0101ta nekav\u0113joties, bet ne v\u0113l\u0101k k\u0101 14 dienas p\u0113c pazi\u0146ojuma nos\u016bt\u012b\u0161anas.<\/p>\n<p><b>Maks\u0101juma nosac\u012bjumi<\/b><\/p>\n<p>Par pirkumu eiro varat nor\u0113\u0137in\u0101ties \u0161\u0101dos veidos:<\/p>\n<p>Ir iesp\u0113jams nor\u0113\u0137in\u0101ties par pas\u016bt\u012bjumu, izmantojot maks\u0101jumu pakalpojumu sniedz\u0113ju, izmantojot bankas saites vai bankas karti. Maks\u0101jums notiek \u0101rpus e-veikala dro\u0161\u0101 maks\u0101jumu vid\u0113, ko nodro\u0161ina maks\u0101jumu pakalpojumu sniedz\u0113js. Izv\u0113loties v\u0113lamo bankas saiti, caur Maks\u0101jumu centru tiks atv\u0113rts iepriek\u0161 aizpild\u012bts maks\u0101juma uzdevums, kuru varat apmaks\u0101t, apstiprinot.<\/p>\n<p>Par pas\u016bt\u012bjumu iesp\u0113jams nor\u0113\u0137in\u0101ties ar p\u0101rskait\u012bjumu uz MT\u00dc RAPPIN KOTUS<span class=\"Apple-converted-space\">&nbsp; <\/span>uz nor\u0113\u0137inu kontu EE192200221023122278 (Swedbank) ne v\u0113l\u0101k k\u0101 3 banku dienu laik\u0101 p\u0113c pas\u016bt\u012bjuma veik\u0161anas. M\u0113s b\u016btu pateic\u012bgi, ja j\u016bs pazi\u0146otu mums pa e -pastu, ka p\u0101rs\u016bt\u012b\u0161ana ir pabeigta, lai m\u0113s var\u0113tu bez liekas kav\u0113\u0161an\u0101s nos\u016bt\u012bt j\u016bsu pas\u016bt\u012bjumu.<\/p>\n<p>Interneta veikals ir galvenais personas datu apstr\u0101d\u0101t\u0101js, tie\u0161saistes veikals p\u0101rs\u016bta maks\u0101jumu veik\u0161anai nepiecie\u0161amos personas datus no pilnvarot\u0101 apstr\u0101d\u0101t\u0101ja maks\u0101jumu pakalpojumu sniedz\u0113jam.<\/p>\n<p><b>Pieg\u0101de<\/b><\/p>\n<p>Preces tiek nos\u016bt\u012btas Igaunijas Republik\u0101.<\/p>\n<p>Visas preces, kas ieg\u0101d\u0101tas no interneta veikala, sasniegs Pirc\u0113ja izv\u0113l\u0113to pakom\u0101tu vai pas\u016bt\u012bto adresi.<\/p>\n<p>Pieg\u0101des izmaksas sedz pirc\u0113js, un atbilsto\u0161\u0101 cenu inform\u0101cija tiek par\u0101d\u012bta blakus pieg\u0101des veidam. S\u016bt\u012bjumi Igaunijas teritorij\u0101 parasti non\u0101k pirc\u0113ja nor\u0101d\u012btaj\u0101 galam\u0113r\u0137\u012b 3-7 darba dienu laik\u0101 p\u0113c p\u0101rdo\u0161anas l\u012bguma st\u0101\u0161an\u0101s sp\u0113k\u0101. Maksim\u0101lais pieg\u0101des laiks ir 7 darba dienas, ja vien ar produktu nav nor\u0101d\u012bts cit\u0101di.<\/p>\n<p>Pieg\u0101d\u0101jot alkoholu un bezalkoholisko v\u012bnu, alu un sidru, kurjeram ir ties\u012bbas piepras\u012bt personu apliecino\u0161a dokumenta iesnieg\u0161anu vecuma noteik\u0161anai. Ja dokuments nav iesniegts, kurjeram ir ties\u012bbas nepieg\u0101d\u0101t iepriek\u0161min\u0113tos Preces.<\/p>\n<p><b>Atteikuma ties\u012bbas<\/b><\/p>\n<p>P\u0113c pas\u016bt\u012bjuma sa\u0146em\u0161anas pirc\u0113jam ir ties\u012bbas atk\u0101pties no interneta veikal\u0101 nosl\u0113gt\u0101 l\u012bguma 14 dienu laik\u0101 (atkar\u012bb\u0101 no prec\u0113m pirc\u0113jam var neb\u016bt atteikuma ties\u012bbu, atbilsto\u0161ajiem produktiem un pakalpojumiem j\u0101b\u016bt iek\u013cautiem sarakst\u0101 un tie j\u0101iev\u0113ro likumu par saist\u012bb\u0101m.&nbsp; Uzskait\u012bts 53. panta 4. punkt\u0101<a href=\"https:\/\/www.riigiteataja.ee\/akt\/961235?leiaKehtiv\"> nosac\u012bjumiem<\/a> ).<span class=\"Apple-converted-space\">&nbsp;<\/span><\/p>\n<p>Atteikuma ties\u012bbas nav sp\u0113k\u0101, ja pirc\u0113js ir juridiska persona.<span class=\"Apple-converted-space\">&nbsp;<\/span><\/p>\n<p>Lai izmantotu 14 dienu atdo\u0161anas ties\u012bbas, pas\u016bt\u012bt\u0101s preces nedr\u012bkst izmantot cit\u0101di, k\u0101 vien nepiecie\u0161ams, lai p\u0101rbaud\u012btu pre\u010du b\u016bt\u012bbu, \u012bpa\u0161\u012bbas un darb\u012bbu t\u0101d\u0101 veid\u0101, kas at\u013cauts pre\u010du p\u0101rbaudei fizisk\u0101 veikal\u0101.<span class=\"Apple-converted-space\">&nbsp;<\/span><\/p>\n<p>Ja preces ir izmantotas citiem m\u0113r\u0137iem, nevis tiem, kas vajadz\u012bgi, lai noskaidrotu pre\u010du b\u016bt\u012bbu, \u012bpa\u0161\u012bbas un darb\u012bbu, vai t\u0101m ir lieto\u0161anas vai nodiluma paz\u012bmes, Interneta veikalam ir ties\u012bbas samazin\u0101t atmaks\u0101jamo maksu atbilsto\u0161i pre\u010du v\u0113rt\u012bbas samazin\u0101jumam. preces.<span class=\"Apple-converted-space\">&nbsp;<\/span><\/p>\n<p>Lai atgrieztu preces, jums j\u0101uzr\u0101da pre\u010du ieg\u0101de<a href=\"https:\/\/peipsikaup.ee\/wp-content\/uploads\/2021\/05\/Taganemisavaldus.pdf\"> pazi\u0146ojums par izst\u0101\u0161anos<\/a>&nbsp; un nos\u016btiet to uz e-pasta adresi (info@peipsikaup.ee) ne v\u0113l\u0101k k\u0101 14 dienu laik\u0101 p\u0113c preces sa\u0146em\u0161anas.<span class=\"Apple-converted-space\">&nbsp;<\/span><\/p>\n<p>Pre\u010du atgrie\u0161anas izmaksas sedz pirc\u0113js, ja vien atgrie\u0161anas iemesls nav tas, ka atgrie\u017eam\u0101 prece neatbilst pas\u016bt\u012btajam (piem\u0113ram, nepareiza vai boj\u0101ta prece).<span class=\"Apple-converted-space\">&nbsp;<\/span><\/p>\n<p>Pirc\u0113jam ir j\u0101atdod preces 14 dienu laik\u0101 p\u0113c pieteikuma iesnieg\u0161anas vai j\u0101sniedz pier\u0101d\u012bjums, ka vi\u0146\u0161 ir nodevis preces p\u0101rvad\u0101t\u0101jam iepriek\u0161min\u0113taj\u0101 termi\u0146\u0101.<span class=\"Apple-converted-space\">&nbsp;<\/span><\/p>\n<p>Sa\u0146emot atgriezt\u0101s preces, interneta veikals nekav\u0113joties, bet ne v\u0113l\u0101k k\u0101 14 dienas p\u0113c atteikuma pieteikuma sa\u0146em\u0161anas atdod pirc\u0113jam visas maksas, kas sa\u0146emtas no pirc\u0113ja, pamatojoties uz l\u012bgumu.<span class=\"Apple-converted-space\">&nbsp;<\/span><\/p>\n<p>Interneta veikals var atteikties veikt atmaksu, kam\u0113r nav atgriezta prece, uz kuru attiecas l\u012bgums, vai kam\u0113r pirc\u0113js nav iesniedzis pier\u0101d\u012bjumu, ka ir atgriezis preci, atkar\u012bb\u0101 no t\u0101, kas notiek agr\u0101k.<\/p>\n<p>Ja pirc\u0113js ir nep\u0101rprotami izv\u0113l\u0113jies pieg\u0101des veidu, kas at\u0161\u0137iras no l\u0113t\u0101k\u0101s parast\u0101s pieg\u0101des metodes, ko pied\u0101v\u0101 Interneta veikals, Interneta veikalam nav j\u0101atmaks\u0101 pat\u0113r\u0113t\u0101jam izmaksas, kas p\u0101rsniedz ar parasto pieg\u0101des veidu saist\u012bt\u0101s izmaksas.<span class=\"Apple-converted-space\">&nbsp;<\/span><\/p>\n<p>Interneta veikalam ir ties\u012bbas atk\u0101pties no p\u0101rdo\u0161anas dar\u012bjuma, ja preces cena interneta veikal\u0101 k\u013c\u016bdas d\u0113\u013c ir atz\u012bm\u0113ts iev\u0113rojami zem preces cenas.<span class=\"Apple-converted-space\">&nbsp;<\/span><\/p>\n<p><b>Ties\u012bbas iesniegt pras\u012bbu<span class=\"Apple-converted-space\">&nbsp;<\/span><\/b><\/p>\n<p>Interneta veikals ir atbild\u012bgs par pirc\u0113jam p\u0101rdoto pre\u010du neatbilst\u012bbu vai defektu, kas jau past\u0101v\u0113ja lietas pieg\u0101des br\u012bd\u012b un kas k\u013c\u016bst redzams divu gadu laik\u0101 no preces pieg\u0101des pirc\u0113jam. Pirmo se\u0161u m\u0113ne\u0161u laik\u0101 no lietas pieg\u0101des pirc\u0113jam tiek pie\u0146emts, ka defekts jau past\u0101v\u0113ja lietas pieg\u0101des br\u012bd\u012b. Interneta veikala pien\u0101kums ir atsp\u0113kot attiec\u012bgo pie\u0146\u0113mumu.<span class=\"Apple-converted-space\">&nbsp;<\/span><\/p>\n<p>Pirc\u0113jam ir ties\u012bbas v\u0113l\u0101kais divu m\u0113ne\u0161u laik\u0101 sazin\u0101ties ar interneta veikalu, nos\u016btot e-pastu uz info@peipsikaup.ee vai zvanot: (+372) 53010830.<\/p>\n<p>Interneta veikals nav atbild\u012bgs par defektiem, kas radu\u0161ies p\u0113c pre\u010du pieg\u0101des pirc\u0113jam. Ja no Interneta veikala ieg\u0101d\u0101taj\u0101m prec\u0113m ir defekti, par kuriem ir atbild\u012bgs Interneta veikals, Interneta veikals labos vai nomain\u012bs boj\u0101t\u0101s preces. Ja preces nevar salabot vai nomain\u012bt, Interneta veikals pirc\u0113jam atdos visas ar p\u0101rdo\u0161anas l\u012bgumu saist\u012bt\u0101s maksas.<span class=\"Apple-converted-space\">&nbsp;<\/span><\/p>\n<p>Interneta veikals atbild uz pat\u0113r\u0113t\u0101ja iesniegto s\u016bdz\u012bbu rakstiski vai rakstiski reproduc\u0113jam\u0101 form\u0101 15 dienu laik\u0101.<span class=\"Apple-converted-space\">&nbsp;<\/span><\/p>\n<p><b>Tie\u0161ais m\u0101rketings un personas datu apstr\u0101de<\/b><\/p>\n<p>Interneta veikals izmanto pirc\u0113ja ievad\u012btos personas datus (t.sk. V\u0101rds, t\u0101lru\u0146a numurs, adrese, e-pasta adrese, bankas rekviz\u012bti) tikai pas\u016bt\u012bjuma apstr\u0101dei un pre\u010du nos\u016bt\u012b\u0161anai pirc\u0113jam. Interneta veikals nos\u016bta personas datus transporta uz\u0146\u0113mumiem, lai pieg\u0101d\u0101tu preces.<span class=\"Apple-converted-space\">&nbsp;<\/span><\/p>\n<p>Interneta veikals s\u016bt\u012bs bi\u013cetenus un pied\u0101v\u0101jumus uz pirc\u0113ja e-pasta adresi tikai tad, ja pirc\u0113js ir izteicis v\u0113lmi, ievadot t\u012bmek\u013ca vietn\u0113 e-pasta adresi un pazi\u0146ojis par v\u0113lmi sa\u0146emt pazi\u0146ojumus par tie\u0161o pastu.<span class=\"Apple-converted-space\">&nbsp;<\/span><\/p>\n<p>Pirc\u0113js var jebkur\u0101 laik\u0101 atcelt uz e-pastu nos\u016bt\u012btos pied\u0101v\u0101jumus un bi\u013cetenus, par to pazi\u0146ojot mums pa e-pastu vai izpildot nor\u0101d\u012bjumus e-past\u0101, kas satur pied\u0101v\u0101jumus.<span class=\"Apple-converted-space\">&nbsp;<\/span><\/p>\n<p><b>Argumentu risin\u0101\u0161ana<\/b><\/p>\n<p>Ja pirc\u0113jam ir s\u016bdz\u012bbas par Interneta veikalu, t\u0101s j\u0101nos\u016bta uz e-pasta adresi info@peipsikaup.ee vai<span class=\"Apple-converted-space\">&nbsp;<\/span> zvaniet pa t\u0101lruni: (+372) 53010830.<span class=\"Apple-converted-space\">&nbsp;<\/span><\/p>\n<p>Ja pirc\u0113js un interneta veikals nesp\u0113j atrisin\u0101t str\u012bdu p\u0113c vieno\u0161an\u0101s, pirc\u0113js var v\u0113rsties<a href=\"https:\/\/komisjon.ee\/et\"> Pat\u0113r\u0113t\u0101ju str\u012bdu komiteja<\/a> puse.&nbsp; Pat\u0113r\u0113t\u0101ju str\u012bdu komiteja ir kompetenta atrisin\u0101t str\u012bdus, kas izriet no l\u012bguma, kas nosl\u0113gts starp pirc\u0113ju un interneta veikalu. Pirc\u0113ja s\u016bdz\u012bbas izskat\u012b\u0161ana komisij\u0101 ir bez maksas. Pirc\u0113js var sazin\u0101ties<a href=\"https:\/\/ec.europa.eu\/consumers\/odr\/main\/index.cfm?event=main.home.chooseLanguage\"> Ce\u013c\u0101 uz Eiropas Savien\u012bbas Pat\u0113r\u0113t\u0101ju str\u012bdu iz\u0161\u0137ir\u0161anas platformu<\/a> .<\/p>\n<p><\/p>\n\t\t\t\t\t\t\t\t<\/div>\n\t\t\t\t<\/div>\n\t\t\t\t\t<\/div>\n\t\t<\/div>\n\t\t\t\t\t<\/div>\n\t\t<\/section>\n\t\t\t\t<\/div>","protected":false},"excerpt":{"rendered":"<p>Interneta veikals peipsikaup.ee&nbsp; (turpm\u0101k tekst\u0101 Interneta veikals) \u012bpa\u0161nieks MT\u00dc RAPPIN KOTUS (re\u0123istra kods 80186852), kas atrodas Pelvas apri\u0146\u0137\u012b, R\u00e4pina pagasts, R\u00e4pina City, Pargi tn 31, 64505. P\u0101rdo\u0161anas l\u012bguma, pre\u010du un cenas sp\u0113k\u0101 esam\u012bba&nbsp; P\u0101rdo\u0161anas noteikumi attiecas uz pre\u010du ieg\u0101di no interneta veikala. &nbsp; Interneta veikal\u0101 p\u0101rdoto pre\u010du cenas ir nor\u0101d\u012btas blakus prec\u0113m. Cenai tiek pievienota &hellip;<\/p>\n<p class=\"read-more\"> <a class=\"\" href=\"https:\/\/peipsikaup.ee\/ru\/pardosanas-noteikumi\/\"> <span class=\"screen-reader-text\">P\u0101rdo\u0161anas noteikumi<\/span> \u0427\u0438\u0442\u0430\u0442\u044c \u0434\u0430\u043b\u0435\u0435 &raquo;<\/a><\/p>","protected":false},"author":2,"featured_media":0,"parent":0,"menu_order":0,"comment_status":"closed","ping_status":"open","template":"","meta":{"site-sidebar-layout":"default","site-content-layout":"default","ast-global-header-display":"","ast-main-header-display":"","ast-hfb-above-header-display":"","ast-hfb-below-header-display":"","ast-hfb-mobile-header-display":"","site-post-title":"","ast-breadcrumbs-content":"","ast-featured-img":"","footer-sml-layout":"","theme-transparent-header-meta":"default","adv-header-id-meta":"","stick-header-meta":"default","header-above-stick-meta":"","header-main-stick-meta":"","header-below-stick-meta":"","footnotes":""},"class_list":["post-4555","page","type-page","status-publish","hentry"],"yoast_head":"<!-- This site is optimized with the Yoast SEO plugin v27.2 - https:\/\/yoast.com\/product\/yoast-seo-wordpress\/ -->\n<title>P\u0101rdo\u0161anas noteikumi - Peipsi kaup<\/title>\n<meta name=\"robots\" content=\"index, follow, max-snippet:-1, max-image-preview:large, max-video-preview:-1\" \/>\n<link rel=\"canonical\" href=\"https:\/\/peipsikaup.ee\/ru\/pardosanas-noteikumi\/?lang=lv\" \/>\n<meta property=\"og:locale\" content=\"ru_RU\" \/>\n<meta property=\"og:type\" content=\"article\" \/>\n<meta property=\"og:title\" content=\"P\u0101rdo\u0161anas noteikumi - Peipsi kaup\" \/>\n<meta property=\"og:description\" content=\"Interneta veikals peipsikaup.ee&nbsp; (turpm\u0101k tekst\u0101 Interneta veikals) \u012bpa\u0161nieks MT\u00dc RAPPIN KOTUS (re\u0123istra kods 80186852), kas atrodas Pelvas apri\u0146\u0137\u012b, R\u00e4pina pagasts, R\u00e4pina City, Pargi tn 31, 64505. P\u0101rdo\u0161anas l\u012bguma, pre\u010du un cenas sp\u0113k\u0101 esam\u012bba&nbsp; P\u0101rdo\u0161anas noteikumi attiecas uz pre\u010du ieg\u0101di no interneta veikala. &nbsp; Interneta veikal\u0101 p\u0101rdoto pre\u010du cenas ir nor\u0101d\u012btas blakus prec\u0113m. Cenai tiek pievienota &hellip; P\u0101rdo\u0161anas noteikumi \u0427\u0438\u0442\u0430\u0442\u044c \u0434\u0430\u043b\u0435\u0435 &raquo;\" \/>\n<meta property=\"og:url\" content=\"https:\/\/peipsikaup.ee\/ru\/pardosanas-noteikumi\/?lang=lv\" \/>\n<meta property=\"og:site_name\" content=\"Peipsi kaup\" \/>\n<meta property=\"article:modified_time\" content=\"2021-09-30T20:06:21+00:00\" \/>\n<meta name=\"twitter:card\" content=\"summary_large_image\" \/>\n<meta name=\"twitter:label1\" content=\"\u041f\u0440\u0438\u043c\u0435\u0440\u043d\u043e\u0435 \u0432\u0440\u0435\u043c\u044f \u0434\u043b\u044f \u0447\u0442\u0435\u043d\u0438\u044f\" \/>\n\t<meta name=\"twitter:data1\" content=\"8 \u043c\u0438\u043d\u0443\u0442\" \/>\n<script type=\"application\/ld+json\" class=\"yoast-schema-graph\">{\"@context\":\"https:\/\/schema.org\",\"@graph\":[{\"@type\":\"WebPage\",\"@id\":\"https:\/\/peipsikaup.ee\/pardosanas-noteikumi\/?lang=lv\",\"url\":\"https:\/\/peipsikaup.ee\/pardosanas-noteikumi\/?lang=lv\",\"name\":\"P\u0101rdo\u0161anas noteikumi - Peipsi kaup\",\"isPartOf\":{\"@id\":\"https:\/\/peipsikaup.ee\/#website\"},\"datePublished\":\"2021-09-30T20:04:54+00:00\",\"dateModified\":\"2021-09-30T20:06:21+00:00\",\"breadcrumb\":{\"@id\":\"https:\/\/peipsikaup.ee\/pardosanas-noteikumi\/?lang=lv#breadcrumb\"},\"inLanguage\":\"ru-RU\",\"potentialAction\":[{\"@type\":\"ReadAction\",\"target\":[\"https:\/\/peipsikaup.ee\/pardosanas-noteikumi\/?lang=lv\"]}]},{\"@type\":\"BreadcrumbList\",\"@id\":\"https:\/\/peipsikaup.ee\/pardosanas-noteikumi\/?lang=lv#breadcrumb\",\"itemListElement\":[{\"@type\":\"ListItem\",\"position\":1,\"name\":\"Home\",\"item\":\"https:\/\/peipsikaup.ee\/\"},{\"@type\":\"ListItem\",\"position\":2,\"name\":\"P\u0101rdo\u0161anas noteikumi\"}]},{\"@type\":\"WebSite\",\"@id\":\"https:\/\/peipsikaup.ee\/#website\",\"url\":\"https:\/\/peipsikaup.ee\/\",\"name\":\"Peipsi kaup\",\"description\":\"eheda ja isikup\u00e4rase k\u00e4sit\u00f6\u00f6 veebipood\",\"publisher\":{\"@id\":\"https:\/\/peipsikaup.ee\/#organization\"},\"potentialAction\":[{\"@type\":\"SearchAction\",\"target\":{\"@type\":\"EntryPoint\",\"urlTemplate\":\"https:\/\/peipsikaup.ee\/?s={search_term_string}\"},\"query-input\":{\"@type\":\"PropertyValueSpecification\",\"valueRequired\":true,\"valueName\":\"search_term_string\"}}],\"inLanguage\":\"ru-RU\"},{\"@type\":\"Organization\",\"@id\":\"https:\/\/peipsikaup.ee\/#organization\",\"name\":\"Peipsi kaup\",\"url\":\"https:\/\/peipsikaup.ee\/\",\"logo\":{\"@type\":\"ImageObject\",\"inLanguage\":\"ru-RU\",\"@id\":\"https:\/\/peipsikaup.ee\/#\/schema\/logo\/image\/\",\"url\":\"https:\/\/peipsikaup.ee\/wp-content\/uploads\/2026\/04\/cropped-ChatGPT-Image-Apr-24-2026-02_54_59-PM.png\",\"contentUrl\":\"https:\/\/peipsikaup.ee\/wp-content\/uploads\/2026\/04\/cropped-ChatGPT-Image-Apr-24-2026-02_54_59-PM.png\",\"width\":1946,\"height\":325,\"caption\":\"Peipsi kaup\"},\"image\":{\"@id\":\"https:\/\/peipsikaup.ee\/#\/schema\/logo\/image\/\"}}]}<\/script>\n<!-- \/ Yoast SEO plugin. -->","yoast_head_json":{"title":"P\u0101rdo\u0161anas noteikumi - Peipsi kaup","robots":{"index":"index","follow":"follow","max-snippet":"max-snippet:-1","max-image-preview":"max-image-preview:large","max-video-preview":"max-video-preview:-1"},"canonical":"https:\/\/peipsikaup.ee\/ru\/pardosanas-noteikumi\/?lang=lv","og_locale":"ru_RU","og_type":"article","og_title":"P\u0101rdo\u0161anas noteikumi - Peipsi kaup","og_description":"Interneta veikals peipsikaup.ee&nbsp; (turpm\u0101k tekst\u0101 Interneta veikals) \u012bpa\u0161nieks MT\u00dc RAPPIN KOTUS (re\u0123istra kods 80186852), kas atrodas Pelvas apri\u0146\u0137\u012b, R\u00e4pina pagasts, R\u00e4pina City, Pargi tn 31, 64505. P\u0101rdo\u0161anas l\u012bguma, pre\u010du un cenas sp\u0113k\u0101 esam\u012bba&nbsp; P\u0101rdo\u0161anas noteikumi attiecas uz pre\u010du ieg\u0101di no interneta veikala. &nbsp; Interneta veikal\u0101 p\u0101rdoto pre\u010du cenas ir nor\u0101d\u012btas blakus prec\u0113m. Cenai tiek pievienota &hellip; P\u0101rdo\u0161anas noteikumi \u0427\u0438\u0442\u0430\u0442\u044c \u0434\u0430\u043b\u0435\u0435 &raquo;","og_url":"https:\/\/peipsikaup.ee\/ru\/pardosanas-noteikumi\/?lang=lv","og_site_name":"Peipsi kaup","article_modified_time":"2021-09-30T20:06:21+00:00","twitter_card":"summary_large_image","twitter_misc":{"\u041f\u0440\u0438\u043c\u0435\u0440\u043d\u043e\u0435 \u0432\u0440\u0435\u043c\u044f \u0434\u043b\u044f \u0447\u0442\u0435\u043d\u0438\u044f":"8 \u043c\u0438\u043d\u0443\u0442"},"schema":{"@context":"https:\/\/schema.org","@graph":[{"@type":"WebPage","@id":"https:\/\/peipsikaup.ee\/pardosanas-noteikumi\/?lang=lv","url":"https:\/\/peipsikaup.ee\/pardosanas-noteikumi\/?lang=lv","name":"P\u0101rdo\u0161anas noteikumi - Peipsi kaup","isPartOf":{"@id":"https:\/\/peipsikaup.ee\/#website"},"datePublished":"2021-09-30T20:04:54+00:00","dateModified":"2021-09-30T20:06:21+00:00","breadcrumb":{"@id":"https:\/\/peipsikaup.ee\/pardosanas-noteikumi\/?lang=lv#breadcrumb"},"inLanguage":"ru-RU","potentialAction":[{"@type":"ReadAction","target":["https:\/\/peipsikaup.ee\/pardosanas-noteikumi\/?lang=lv"]}]},{"@type":"BreadcrumbList","@id":"https:\/\/peipsikaup.ee\/pardosanas-noteikumi\/?lang=lv#breadcrumb","itemListElement":[{"@type":"ListItem","position":1,"name":"Home","item":"https:\/\/peipsikaup.ee\/"},{"@type":"ListItem","position":2,"name":"P\u0101rdo\u0161anas noteikumi"}]},{"@type":"WebSite","@id":"https:\/\/peipsikaup.ee\/#website","url":"https:\/\/peipsikaup.ee\/","name":"\u0422\u043e\u0440\u0433\u043e\u0432\u043b\u044f \u043d\u0430 \u0427\u0443\u0434\u0441\u043a\u043e\u043c \u043e\u0441\u0442\u0440\u043e\u0432\u0435","description":"eheda ja isikup\u00e4rase k\u00e4sit\u00f6\u00f6 veebipood","publisher":{"@id":"https:\/\/peipsikaup.ee\/#organization"},"potentialAction":[{"@type":"SearchAction","target":{"@type":"EntryPoint","urlTemplate":"https:\/\/peipsikaup.ee\/?s={search_term_string}"},"query-input":{"@type":"PropertyValueSpecification","valueRequired":true,"valueName":"search_term_string"}}],"inLanguage":"ru-RU"},{"@type":"Organization","@id":"https:\/\/peipsikaup.ee\/#organization","name":"\u0422\u043e\u0440\u0433\u043e\u0432\u043b\u044f \u043d\u0430 \u0427\u0443\u0434\u0441\u043a\u043e\u043c \u043e\u0441\u0442\u0440\u043e\u0432\u0435","url":"https:\/\/peipsikaup.ee\/","logo":{"@type":"ImageObject","inLanguage":"ru-RU","@id":"https:\/\/peipsikaup.ee\/#\/schema\/logo\/image\/","url":"https:\/\/peipsikaup.ee\/wp-content\/uploads\/2026\/04\/cropped-ChatGPT-Image-Apr-24-2026-02_54_59-PM.png","contentUrl":"https:\/\/peipsikaup.ee\/wp-content\/uploads\/2026\/04\/cropped-ChatGPT-Image-Apr-24-2026-02_54_59-PM.png","width":1946,"height":325,"caption":"Peipsi kaup"},"image":{"@id":"https:\/\/peipsikaup.ee\/#\/schema\/logo\/image\/"}}]}},"_links":{"self":[{"href":"https:\/\/peipsikaup.ee\/ru\/wp-json\/wp\/v2\/pages\/4555","targetHints":{"allow":["GET"]}}],"collection":[{"href":"https:\/\/peipsikaup.ee\/ru\/wp-json\/wp\/v2\/pages"}],"about":[{"href":"https:\/\/peipsikaup.ee\/ru\/wp-json\/wp\/v2\/types\/page"}],"author":[{"embeddable":true,"href":"https:\/\/peipsikaup.ee\/ru\/wp-json\/wp\/v2\/users\/2"}],"replies":[{"embeddable":true,"href":"https:\/\/peipsikaup.ee\/ru\/wp-json\/wp\/v2\/comments?post=4555"}],"version-history":[{"count":0,"href":"https:\/\/peipsikaup.ee\/ru\/wp-json\/wp\/v2\/pages\/4555\/revisions"}],"wp:attachment":[{"href":"https:\/\/peipsikaup.ee\/ru\/wp-json\/wp\/v2\/media?parent=4555"}],"curies":[{"name":"wp","href":"https:\/\/api.w.org\/{rel}","templated":true}]}}