{"id":4409,"date":"2021-09-29T21:31:36","date_gmt":"2021-09-29T21:31:36","guid":{"rendered":"https:\/\/peipsikaup.ee\/tiita-purika\/"},"modified":"2021-09-29T21:32:17","modified_gmt":"2021-09-29T21:32:17","slug":"tiita-purika","status":"publish","type":"page","link":"https:\/\/peipsikaup.ee\/ru\/meistari\/tiita-purika\/","title":{"rendered":"\u0422\u0438\u0439\u0442 \u041f\u0443\u0440\u0438\u043a\u0430"},"content":{"rendered":"<div data-elementor-type=\"wp-post\" data-elementor-id=\"4409\" class=\"elementor elementor-4409\">\n\t\t\t\t\t\t<section class=\"elementor-section elementor-top-section elementor-element elementor-element-6ccdc95 elementor-section-content-middle elementor-section-boxed elementor-section-height-default elementor-section-height-default\" data-id=\"6ccdc95\" data-element_type=\"section\" data-e-type=\"section\" data-settings=\"{&quot;background_background&quot;:&quot;classic&quot;}\">\n\t\t\t\t\t\t\t<div class=\"elementor-background-overlay\"><\/div>\n\t\t\t\t\t\t\t<div class=\"elementor-container elementor-column-gap-no\">\n\t\t\t\t\t<div class=\"elementor-column elementor-col-100 elementor-top-column elementor-element elementor-element-4f6adc0\" data-id=\"4f6adc0\" data-element_type=\"column\" data-e-type=\"column\" data-settings=\"{&quot;background_background&quot;:&quot;classic&quot;}\">\n\t\t\t<div class=\"elementor-widget-wrap elementor-element-populated\">\n\t\t\t\t\t\t<div class=\"elementor-element elementor-element-179c706 elementor-widget elementor-widget-heading\" data-id=\"179c706\" data-element_type=\"widget\" data-e-type=\"widget\" data-widget_type=\"heading.default\">\n\t\t\t\t<div class=\"elementor-widget-container\">\n\t\t\t\t\t<h1 class=\"elementor-heading-title elementor-size-default\">Meistara st\u0101sts<\/h1>\t\t\t\t<\/div>\n\t\t\t\t<\/div>\n\t\t\t\t\t<\/div>\n\t\t<\/div>\n\t\t\t\t\t<\/div>\n\t\t<\/section>\n\t\t\t\t<section class=\"elementor-section elementor-top-section elementor-element elementor-element-6ec1e06 elementor-section-boxed elementor-section-height-default elementor-section-height-default\" data-id=\"6ec1e06\" data-element_type=\"section\" data-e-type=\"section\">\n\t\t\t\t\t\t<div class=\"elementor-container elementor-column-gap-default\">\n\t\t\t\t\t<div class=\"elementor-column elementor-col-100 elementor-top-column elementor-element elementor-element-e23d401\" data-id=\"e23d401\" data-element_type=\"column\" data-e-type=\"column\">\n\t\t\t<div class=\"elementor-widget-wrap elementor-element-populated\">\n\t\t\t\t\t\t<section class=\"elementor-section elementor-inner-section elementor-element elementor-element-e51aece elementor-section-boxed elementor-section-height-default elementor-section-height-default\" data-id=\"e51aece\" data-element_type=\"section\" data-e-type=\"section\">\n\t\t\t\t\t\t<div class=\"elementor-container elementor-column-gap-no\">\n\t\t\t\t\t<div class=\"elementor-column elementor-col-33 elementor-inner-column elementor-element elementor-element-3c3eb1f\" data-id=\"3c3eb1f\" data-element_type=\"column\" data-e-type=\"column\">\n\t\t\t<div class=\"elementor-widget-wrap elementor-element-populated\">\n\t\t\t\t\t\t<div class=\"elementor-element elementor-element-334895d elementor-position-top elementor-widget elementor-widget-image-box\" data-id=\"334895d\" data-element_type=\"widget\" data-e-type=\"widget\" data-widget_type=\"image-box.default\">\n\t\t\t\t<div class=\"elementor-widget-container\">\n\t\t\t\t\t<div class=\"elementor-image-box-wrapper\"><figure class=\"elementor-image-box-img\"><img fetchpriority=\"high\" decoding=\"async\" width=\"900\" height=\"1600\" src=\"https:\/\/peipsikaup.ee\/wp-content\/uploads\/2021\/05\/Peipsikaup_meister_Tiit-Purika.jpg\" class=\"attachment-full size-full wp-image-3073\" alt=\"Peipusa ezera pre\u010du meistars Tiits Purika\" srcset=\"https:\/\/peipsikaup.ee\/wp-content\/uploads\/2021\/05\/Peipsikaup_meister_Tiit-Purika.jpg 900w, https:\/\/peipsikaup.ee\/wp-content\/uploads\/2021\/05\/Peipsikaup_meister_Tiit-Purika-169x300.jpg 169w, https:\/\/peipsikaup.ee\/wp-content\/uploads\/2021\/05\/Peipsikaup_meister_Tiit-Purika-576x1024.jpg 576w, https:\/\/peipsikaup.ee\/wp-content\/uploads\/2021\/05\/Peipsikaup_meister_Tiit-Purika-768x1365.jpg 768w, https:\/\/peipsikaup.ee\/wp-content\/uploads\/2021\/05\/Peipsikaup_meister_Tiit-Purika-864x1536.jpg 864w, https:\/\/peipsikaup.ee\/wp-content\/uploads\/2021\/05\/Peipsikaup_meister_Tiit-Purika-600x1067.jpg 600w\" sizes=\"(max-width: 900px) 100vw, 900px\" \/><\/figure><div class=\"elementor-image-box-content\"><h3 class=\"elementor-image-box-title\">\u0422\u0438\u0439\u0442 \u041f\u0443\u0440\u0438\u043a\u0430<\/h3><p class=\"elementor-image-box-description\">meistars<\/p><\/div><\/div>\t\t\t\t<\/div>\n\t\t\t\t<\/div>\n\t\t\t\t<div class=\"elementor-element elementor-element-6183903 elementor-mobile-align-center elementor-align-center elementor-widget elementor-widget-button\" data-id=\"6183903\" data-element_type=\"widget\" data-e-type=\"widget\" data-widget_type=\"button.default\">\n\t\t\t\t<div class=\"elementor-widget-container\">\n\t\t\t\t\t\t\t\t\t<div class=\"elementor-button-wrapper\">\n\t\t\t\t\t<a class=\"elementor-button elementor-button-link elementor-size-md\" href=\"https:\/\/peipsikaup.ee\/ru\/product-category\/tiit-purika-tooted\/\">\n\t\t\t\t\t\t<span class=\"elementor-button-content-wrapper\">\n\t\t\t\t\t\t\t\t\t<span class=\"elementor-button-text\">mani produkti<\/span>\n\t\t\t\t\t<\/span>\n\t\t\t\t\t<\/a>\n\t\t\t\t<\/div>\n\t\t\t\t\t\t\t\t<\/div>\n\t\t\t\t<\/div>\n\t\t\t\t\t<\/div>\n\t\t<\/div>\n\t\t\t\t<div class=\"elementor-column elementor-col-66 elementor-inner-column elementor-element elementor-element-1e69e34\" data-id=\"1e69e34\" data-element_type=\"column\" data-e-type=\"column\">\n\t\t\t<div class=\"elementor-widget-wrap elementor-element-populated\">\n\t\t\t\t\t\t<div class=\"elementor-element elementor-element-217c6ee elementor-widget elementor-widget-text-editor\" data-id=\"217c6ee\" data-element_type=\"widget\" data-e-type=\"widget\" data-widget_type=\"text-editor.default\">\n\t\t\t\t<div class=\"elementor-widget-container\">\n\t\t\t\t\t\t\t\t\t<p>Esmu vec\u0101k\u0101 skolas meistare, kurai pat\u012bk b\u016bt dab\u0101 un daudz p\u0101rg\u0101jienu. Es s\u0101ku veidot savu uz\u0146\u0113mumu 2019. gad\u0101, un virziens bija \u0113din\u0101\u0161ana. Papildus pamatdarbam es izgl\u012btojos kulin\u0101rijas jom\u0101 un biju gatava s\u0101kt \u0113din\u0101\u0161anu 2020. gad\u0101. Diem\u017e\u0113l Covid 19 tika p\u0101rtraukts, un bija j\u0101gaida pas\u0101kumu nodro\u0161in\u0101\u0161ana.<span class=\"Apple-converted-space\"> <\/span><\/p>\n<p>Bija j\u0101atrod pl\u0101ns B, kas dr\u012bz izr\u0101d\u012bj\u0101s produkti no v\u0113rt\u012bg\u0101m s\u0113n\u0113m.<span class=\"Apple-converted-space\"> <\/span><\/p>\n<p>Pie \u0161\u012bs br\u012bni\u0161\u0137\u012bg\u0101s s\u0113nes nok\u013cuvu pirms gada, kad t\u0113vs non\u0101ca slimn\u012bc\u0101. Es biju dzird\u0113jis par \u010dagu k\u0101 br\u012bni\u0161\u0137\u012bgu \u0101rstniecisku s\u0113ni un devos apskat\u012bt me\u017eu, varb\u016bt es to dar\u012b\u0161u. G\u0101ju gandr\u012bz tr\u012bs stundas pa me\u017eu, kad beidzot no t\u0101lienes paman\u012bju melnu veidojumu uz kasetes k\u0101ta. Bija liels prieks, kad izr\u0101d\u012bj\u0101s bezdel\u012bga vai \u010daga. <span class=\"Apple-converted-space\"> <\/span><\/p>\n<p>P\u0113c pla\u0161as s\u0113rfo\u0161anas internet\u0101 es atkl\u0101ju daudzas sen\u010du gudr\u012bbas un receptes, k\u0101 izmantot \u0161o br\u012bni\u0161\u0137\u012bgo s\u0113ni, lai par\u0101d\u012btu visu sp\u0113ku<span class=\"Apple-converted-space\">  <\/span>un ka tiek saglab\u0101tas v\u0113rt\u012bgas vielas. Pirmie izr\u0101d\u012bj\u0101s 5 kilogramu auni, no kuriem ieguvu br\u012bni\u0161\u0137\u012bgus garus gan t\u0113vam, gan draugiem. Un no turienes jau bija piepras\u012bjums, jo to v\u0113l\u0113j\u0101s ar\u012b draugu draugi. T\u0101 k\u0101 m\u0113s agr\u0101k esam audz\u0113ju\u0161i gar\u0161augus un mans partneris ir m\u0101c\u012bjies par augu audz\u0113t\u0101ju (absolv\u0113jis Irje Karjuse z\u0101\u013cu skolu), \u0161\u0137ita, ka ir pareizi gatavot v\u0113rt\u012bgus \u0101rstniecisko s\u0113\u0146u izstr\u0101d\u0101jumus. Gada laik\u0101 lauku m\u0101j\u0101 esam uzc\u0113lu\u0161i ra\u017eotnes, kur top m\u016bsu br\u012bni\u0161\u0137\u012bgais ekstrakts. Papildus ekstraktam m\u0113s izgatavojam ar\u012b meln\u0101s nor\u012b\u0161anas pulveri. Izstr\u0101d\u0101jot produktu, dr\u012bzum\u0101 tiks pied\u0101v\u0101tas \u012bpa\u0161as aromatiz\u0113tas \u010daga t\u0113jas, kas apvienotas ar v\u0113rt\u012bgiem augiem.<span class=\"Apple-converted-space\"> <\/span><\/p>\n\t\t\t\t\t\t\t\t<\/div>\n\t\t\t\t<\/div>\n\t\t\t\t\t<\/div>\n\t\t<\/div>\n\t\t\t\t\t<\/div>\n\t\t<\/section>\n\t\t\t\t\t<\/div>\n\t\t<\/div>\n\t\t\t\t\t<\/div>\n\t\t<\/section>\n\t\t\t\t<section class=\"elementor-section elementor-top-section elementor-element elementor-element-dc6a4e3 elementor-section-boxed elementor-section-height-default elementor-section-height-default\" data-id=\"dc6a4e3\" data-element_type=\"section\" data-e-type=\"section\" data-settings=\"{&quot;background_background&quot;:&quot;classic&quot;}\">\n\t\t\t\t\t\t<div class=\"elementor-container elementor-column-gap-no\">\n\t\t\t\t\t<div class=\"elementor-column elementor-col-100 elementor-top-column elementor-element elementor-element-0e2a233\" data-id=\"0e2a233\" data-element_type=\"column\" data-e-type=\"column\">\n\t\t\t<div class=\"elementor-widget-wrap elementor-element-populated\">\n\t\t\t\t\t\t<div class=\"elementor-element elementor-element-dcd18bc elementor-position-top elementor-widget elementor-widget-image-box\" data-id=\"dcd18bc\" data-element_type=\"widget\" data-e-type=\"widget\" data-widget_type=\"image-box.default\">\n\t\t\t\t<div class=\"elementor-widget-container\">\n\t\t\t\t\t<div class=\"elementor-image-box-wrapper\"><figure class=\"elementor-image-box-img\"><img decoding=\"async\" width=\"1600\" height=\"900\" src=\"https:\/\/peipsikaup.ee\/wp-content\/uploads\/2021\/05\/Peipsikaup_meister_Tiit-Purika_keedab-chaga-ekstrakt.jpg\" class=\"attachment-full size-full wp-image-3070\" alt=\"Peipsi pre\u010du meistare Tiita Purika v\u0101ra \u010dagas ekstraktu\" srcset=\"https:\/\/peipsikaup.ee\/wp-content\/uploads\/2021\/05\/Peipsikaup_meister_Tiit-Purika_keedab-chaga-ekstrakt.jpg 1600w, https:\/\/peipsikaup.ee\/wp-content\/uploads\/2021\/05\/Peipsikaup_meister_Tiit-Purika_keedab-chaga-ekstrakt-300x169.jpg 300w, https:\/\/peipsikaup.ee\/wp-content\/uploads\/2021\/05\/Peipsikaup_meister_Tiit-Purika_keedab-chaga-ekstrakt-1024x576.jpg 1024w, https:\/\/peipsikaup.ee\/wp-content\/uploads\/2021\/05\/Peipsikaup_meister_Tiit-Purika_keedab-chaga-ekstrakt-768x432.jpg 768w, https:\/\/peipsikaup.ee\/wp-content\/uploads\/2021\/05\/Peipsikaup_meister_Tiit-Purika_keedab-chaga-ekstrakt-1536x864.jpg 1536w, https:\/\/peipsikaup.ee\/wp-content\/uploads\/2021\/05\/Peipsikaup_meister_Tiit-Purika_keedab-chaga-ekstrakt-600x338.jpg 600w\" sizes=\"(max-width: 1600px) 100vw, 1600px\" \/><\/figure><\/div>\t\t\t\t<\/div>\n\t\t\t\t<\/div>\n\t\t\t\t<div class=\"elementor-element elementor-element-e075a06 elementor-widget elementor-widget-heading\" data-id=\"e075a06\" data-element_type=\"widget\" data-e-type=\"widget\" data-widget_type=\"heading.default\">\n\t\t\t\t<div class=\"elementor-widget-container\">\n\t\t\t\t\t<h2 class=\"elementor-heading-title elementor-size-default\">K\u0101 lai es to izdaru?<\/h2>\t\t\t\t<\/div>\n\t\t\t\t<\/div>\n\t\t\t\t<div class=\"elementor-element elementor-element-863954d elementor-widget elementor-widget-text-editor\" data-id=\"863954d\" data-element_type=\"widget\" data-e-type=\"widget\" data-widget_type=\"text-editor.default\">\n\t\t\t\t<div class=\"elementor-widget-container\">\n\t\t\t\t\t\t\t\t\t<p>Meln\u0101s bezdel\u012bgas ekstrakts tiek gatavots saimniec\u012bbas Tiidu m\u0101jas virtuv\u0113 un speci\u0101li b\u016bv\u0113t\u0101s ra\u017eotn\u0113s. Visa ra\u017eo\u0161ana ir gara procesu \u0137\u0113de, kas s\u0101kas ar pat\u012bkamu p\u0101rg\u0101jienu me\u017e\u0101. Desmit stundu ce\u013cojums pa me\u017eu var b\u016bt da\u017eu desmitu kilogramu bezdel\u012bgu loms vai vienk\u0101r\u0161i a<span class=\"Apple-converted-space\">  <\/span>izbrauciens pa me\u017eu svaig\u0101 dab\u0101. Abas iesp\u0113jas ir labas, jo p\u0101rg\u0101jieni ir biju\u0161i un joproj\u0101m ir mans liel\u0101kais hobijs. T\u0101p\u0113c m\u0113s sav\u0101cam visas izejvielas pa\u0161i, lai p\u0101rliecin\u0101tos, ka ra\u017ea joproj\u0101m ir no dz\u012bv\u0101 b\u0113rza, nevis no beigtas koksnes. <span class=\"Apple-converted-space\"> <\/span><\/p>\n<p>P\u0113c pastaigas me\u017e\u0101 aunus not\u012bra, sasmalcina un p\u0113c tam smalki sasmalcina. P\u0113c tam drupatu atst\u0101j \u016bden\u012b 24 stundas, p\u0113c tam visu masu p\u0101rnes uz lielu katlu, kur to v\u0101ra 90 gr\u0101du temperat\u016br\u0101 4-6 stundas. P\u0113c v\u0101r\u012b\u0161anas medu, kan\u0113li un ingveru nok\u0101\u0161 un p\u0113c tam pievieno, lai uzlabotu gar\u0161u. Ekstrakts tiek pild\u012bts pudel\u0113s 0,5<span class=\"Apple-converted-space\">  <\/span>un 0,25 litru pudeles, atdzes\u0113 un tad dz\u0113riens ir gatavs lieto\u0161anai.<\/p>\n\t\t\t\t\t\t\t\t<\/div>\n\t\t\t\t<\/div>\n\t\t\t\t<div class=\"elementor-element elementor-element-f5c8852 elementor-mobile-align-center elementor-align-center elementor-widget elementor-widget-button\" data-id=\"f5c8852\" data-element_type=\"widget\" data-e-type=\"widget\" data-widget_type=\"button.default\">\n\t\t\t\t<div class=\"elementor-widget-container\">\n\t\t\t\t\t\t\t\t\t<div class=\"elementor-button-wrapper\">\n\t\t\t\t\t<a class=\"elementor-button elementor-button-link elementor-size-md\" href=\"https:\/\/peipsikaup.ee\/ru\/product-category\/tiit-purika-tooted\/\">\n\t\t\t\t\t\t<span class=\"elementor-button-content-wrapper\">\n\t\t\t\t\t\t\t\t\t<span class=\"elementor-button-text\">mani produkti<\/span>\n\t\t\t\t\t<\/span>\n\t\t\t\t\t<\/a>\n\t\t\t\t<\/div>\n\t\t\t\t\t\t\t\t<\/div>\n\t\t\t\t<\/div>\n\t\t\t\t\t<\/div>\n\t\t<\/div>\n\t\t\t\t\t<\/div>\n\t\t<\/section>\n\t\t\t\t<\/div>","protected":false},"excerpt":{"rendered":"<p>Meistara st\u0101sts Tiit Purika meistars mani produkti Esmu vec\u0101k\u0101 skolas meistare, kurai pat\u012bk b\u016bt dab\u0101 un daudz p\u0101rg\u0101jienu. Es s\u0101ku veidot savu uz\u0146\u0113mumu 2019. gad\u0101, un virziens bija \u0113din\u0101\u0161ana. Papildus pamatdarbam es izgl\u012btojos kulin\u0101rijas jom\u0101 un biju gatava s\u0101kt \u0113din\u0101\u0161anu 2020. gad\u0101. Diem\u017e\u0113l Covid 19 tika p\u0101rtraukts, un bija j\u0101gaida pas\u0101kumu nodro\u0161in\u0101\u0161ana. Bija j\u0101atrod pl\u0101ns &hellip;<\/p>\n<p class=\"read-more\"> <a class=\"\" href=\"https:\/\/peipsikaup.ee\/ru\/meistari\/tiita-purika\/\"> <span class=\"screen-reader-text\">\u0422\u0438\u0439\u0442 \u041f\u0443\u0440\u0438\u043a\u0430<\/span> \u0427\u0438\u0442\u0430\u0442\u044c \u0434\u0430\u043b\u0435\u0435 &raquo;<\/a><\/p>","protected":false},"author":2,"featured_media":0,"parent":4585,"menu_order":0,"comment_status":"closed","ping_status":"closed","template":"","meta":{"site-sidebar-layout":"no-sidebar","site-content-layout":"page-builder","ast-global-header-display":"","ast-main-header-display":"","ast-hfb-above-header-display":"","ast-hfb-below-header-display":"","ast-hfb-mobile-header-display":"","site-post-title":"disabled","ast-breadcrumbs-content":"","ast-featured-img":"disabled","footer-sml-layout":"","theme-transparent-header-meta":"enabled","adv-header-id-meta":"","stick-header-meta":"default","header-above-stick-meta":"","header-main-stick-meta":"","header-below-stick-meta":"","footnotes":""},"class_list":["post-4409","page","type-page","status-publish","hentry"],"yoast_head":"<!-- This site is optimized with the Yoast SEO plugin v27.2 - https:\/\/yoast.com\/product\/yoast-seo-wordpress\/ -->\n<title>Tiit Purika - Peipsi kaup<\/title>\n<meta name=\"robots\" content=\"index, follow, max-snippet:-1, max-image-preview:large, max-video-preview:-1\" \/>\n<link rel=\"canonical\" href=\"https:\/\/peipsikaup.ee\/ru\/meistari\/tiita-purika\/?lang=lv\" \/>\n<meta property=\"og:locale\" content=\"ru_RU\" \/>\n<meta property=\"og:type\" content=\"article\" \/>\n<meta property=\"og:title\" content=\"Tiit Purika - Peipsi kaup\" \/>\n<meta property=\"og:description\" content=\"Meistara st\u0101sts Tiit Purika meistars mani produkti Esmu vec\u0101k\u0101 skolas meistare, kurai pat\u012bk b\u016bt dab\u0101 un daudz p\u0101rg\u0101jienu. Es s\u0101ku veidot savu uz\u0146\u0113mumu 2019. gad\u0101, un virziens bija \u0113din\u0101\u0161ana. Papildus pamatdarbam es izgl\u012btojos kulin\u0101rijas jom\u0101 un biju gatava s\u0101kt \u0113din\u0101\u0161anu 2020. gad\u0101. Diem\u017e\u0113l Covid 19 tika p\u0101rtraukts, un bija j\u0101gaida pas\u0101kumu nodro\u0161in\u0101\u0161ana. Bija j\u0101atrod pl\u0101ns &hellip; Tiit Purika \u0427\u0438\u0442\u0430\u0442\u044c \u0434\u0430\u043b\u0435\u0435 &raquo;\" \/>\n<meta property=\"og:url\" content=\"https:\/\/peipsikaup.ee\/ru\/meistari\/tiita-purika\/?lang=lv\" \/>\n<meta property=\"og:site_name\" content=\"Peipsi kaup\" \/>\n<meta property=\"article:modified_time\" content=\"2021-09-29T21:32:17+00:00\" \/>\n<meta property=\"og:image\" content=\"https:\/\/peipsikaup.ee\/wp-content\/uploads\/2021\/05\/Peipsikaup_meister_Tiit-Purika.jpg\" \/>\n<meta name=\"twitter:card\" content=\"summary_large_image\" \/>\n<meta name=\"twitter:label1\" content=\"\u041f\u0440\u0438\u043c\u0435\u0440\u043d\u043e\u0435 \u0432\u0440\u0435\u043c\u044f \u0434\u043b\u044f \u0447\u0442\u0435\u043d\u0438\u044f\" \/>\n\t<meta name=\"twitter:data1\" content=\"3 \u043c\u0438\u043d\u0443\u0442\u044b\" \/>\n<script type=\"application\/ld+json\" class=\"yoast-schema-graph\">{\"@context\":\"https:\/\/schema.org\",\"@graph\":[{\"@type\":\"WebPage\",\"@id\":\"https:\/\/peipsikaup.ee\/meistari\/tiita-purika\/?lang=lv\",\"url\":\"https:\/\/peipsikaup.ee\/meistari\/tiita-purika\/?lang=lv\",\"name\":\"Tiit Purika - Peipsi kaup\",\"isPartOf\":{\"@id\":\"https:\/\/peipsikaup.ee\/#website\"},\"primaryImageOfPage\":{\"@id\":\"https:\/\/peipsikaup.ee\/meistari\/tiita-purika\/?lang=lv#primaryimage\"},\"image\":{\"@id\":\"https:\/\/peipsikaup.ee\/meistari\/tiita-purika\/?lang=lv#primaryimage\"},\"thumbnailUrl\":\"https:\/\/peipsikaup.ee\/wp-content\/uploads\/2021\/05\/Peipsikaup_meister_Tiit-Purika.jpg\",\"datePublished\":\"2021-09-29T21:31:36+00:00\",\"dateModified\":\"2021-09-29T21:32:17+00:00\",\"breadcrumb\":{\"@id\":\"https:\/\/peipsikaup.ee\/meistari\/tiita-purika\/?lang=lv#breadcrumb\"},\"inLanguage\":\"ru-RU\",\"potentialAction\":[{\"@type\":\"ReadAction\",\"target\":[\"https:\/\/peipsikaup.ee\/meistari\/tiita-purika\/?lang=lv\"]}]},{\"@type\":\"ImageObject\",\"inLanguage\":\"ru-RU\",\"@id\":\"https:\/\/peipsikaup.ee\/meistari\/tiita-purika\/?lang=lv#primaryimage\",\"url\":\"https:\/\/peipsikaup.ee\/wp-content\/uploads\/2021\/05\/Peipsikaup_meister_Tiit-Purika.jpg\",\"contentUrl\":\"https:\/\/peipsikaup.ee\/wp-content\/uploads\/2021\/05\/Peipsikaup_meister_Tiit-Purika.jpg\"},{\"@type\":\"BreadcrumbList\",\"@id\":\"https:\/\/peipsikaup.ee\/meistari\/tiita-purika\/?lang=lv#breadcrumb\",\"itemListElement\":[{\"@type\":\"ListItem\",\"position\":1,\"name\":\"Home\",\"item\":\"https:\/\/peipsikaup.ee\/\"},{\"@type\":\"ListItem\",\"position\":2,\"name\":\"Meistari\",\"item\":\"https:\/\/peipsikaup.ee\/meistari\/?lang=lv\"},{\"@type\":\"ListItem\",\"position\":3,\"name\":\"Tiit Purika\"}]},{\"@type\":\"WebSite\",\"@id\":\"https:\/\/peipsikaup.ee\/#website\",\"url\":\"https:\/\/peipsikaup.ee\/\",\"name\":\"Peipsi kaup\",\"description\":\"eheda ja isikup\u00e4rase k\u00e4sit\u00f6\u00f6 veebipood\",\"publisher\":{\"@id\":\"https:\/\/peipsikaup.ee\/#organization\"},\"potentialAction\":[{\"@type\":\"SearchAction\",\"target\":{\"@type\":\"EntryPoint\",\"urlTemplate\":\"https:\/\/peipsikaup.ee\/?s={search_term_string}\"},\"query-input\":{\"@type\":\"PropertyValueSpecification\",\"valueRequired\":true,\"valueName\":\"search_term_string\"}}],\"inLanguage\":\"ru-RU\"},{\"@type\":\"Organization\",\"@id\":\"https:\/\/peipsikaup.ee\/#organization\",\"name\":\"Peipsi kaup\",\"url\":\"https:\/\/peipsikaup.ee\/\",\"logo\":{\"@type\":\"ImageObject\",\"inLanguage\":\"ru-RU\",\"@id\":\"https:\/\/peipsikaup.ee\/#\/schema\/logo\/image\/\",\"url\":\"https:\/\/peipsikaup.ee\/wp-content\/uploads\/2026\/04\/cropped-ChatGPT-Image-Apr-24-2026-02_54_59-PM.png\",\"contentUrl\":\"https:\/\/peipsikaup.ee\/wp-content\/uploads\/2026\/04\/cropped-ChatGPT-Image-Apr-24-2026-02_54_59-PM.png\",\"width\":1946,\"height\":325,\"caption\":\"Peipsi kaup\"},\"image\":{\"@id\":\"https:\/\/peipsikaup.ee\/#\/schema\/logo\/image\/\"}}]}<\/script>\n<!-- \/ Yoast SEO plugin. -->","yoast_head_json":{"title":"Tiit Purika - Peipsi kaup","robots":{"index":"index","follow":"follow","max-snippet":"max-snippet:-1","max-image-preview":"max-image-preview:large","max-video-preview":"max-video-preview:-1"},"canonical":"https:\/\/peipsikaup.ee\/ru\/meistari\/tiita-purika\/?lang=lv","og_locale":"ru_RU","og_type":"article","og_title":"Tiit Purika - Peipsi kaup","og_description":"Meistara st\u0101sts Tiit Purika meistars mani produkti Esmu vec\u0101k\u0101 skolas meistare, kurai pat\u012bk b\u016bt dab\u0101 un daudz p\u0101rg\u0101jienu. Es s\u0101ku veidot savu uz\u0146\u0113mumu 2019. gad\u0101, un virziens bija \u0113din\u0101\u0161ana. Papildus pamatdarbam es izgl\u012btojos kulin\u0101rijas jom\u0101 un biju gatava s\u0101kt \u0113din\u0101\u0161anu 2020. gad\u0101. Diem\u017e\u0113l Covid 19 tika p\u0101rtraukts, un bija j\u0101gaida pas\u0101kumu nodro\u0161in\u0101\u0161ana. Bija j\u0101atrod pl\u0101ns &hellip; Tiit Purika \u0427\u0438\u0442\u0430\u0442\u044c \u0434\u0430\u043b\u0435\u0435 &raquo;","og_url":"https:\/\/peipsikaup.ee\/ru\/meistari\/tiita-purika\/?lang=lv","og_site_name":"Peipsi kaup","article_modified_time":"2021-09-29T21:32:17+00:00","og_image":[{"url":"https:\/\/peipsikaup.ee\/wp-content\/uploads\/2021\/05\/Peipsikaup_meister_Tiit-Purika.jpg","type":"","width":"","height":""}],"twitter_card":"summary_large_image","twitter_misc":{"\u041f\u0440\u0438\u043c\u0435\u0440\u043d\u043e\u0435 \u0432\u0440\u0435\u043c\u044f \u0434\u043b\u044f \u0447\u0442\u0435\u043d\u0438\u044f":"3 \u043c\u0438\u043d\u0443\u0442\u044b"},"schema":{"@context":"https:\/\/schema.org","@graph":[{"@type":"WebPage","@id":"https:\/\/peipsikaup.ee\/meistari\/tiita-purika\/?lang=lv","url":"https:\/\/peipsikaup.ee\/meistari\/tiita-purika\/?lang=lv","name":"Tiit Purika - Peipsi kaup","isPartOf":{"@id":"https:\/\/peipsikaup.ee\/#website"},"primaryImageOfPage":{"@id":"https:\/\/peipsikaup.ee\/meistari\/tiita-purika\/?lang=lv#primaryimage"},"image":{"@id":"https:\/\/peipsikaup.ee\/meistari\/tiita-purika\/?lang=lv#primaryimage"},"thumbnailUrl":"https:\/\/peipsikaup.ee\/wp-content\/uploads\/2021\/05\/Peipsikaup_meister_Tiit-Purika.jpg","datePublished":"2021-09-29T21:31:36+00:00","dateModified":"2021-09-29T21:32:17+00:00","breadcrumb":{"@id":"https:\/\/peipsikaup.ee\/meistari\/tiita-purika\/?lang=lv#breadcrumb"},"inLanguage":"ru-RU","potentialAction":[{"@type":"ReadAction","target":["https:\/\/peipsikaup.ee\/meistari\/tiita-purika\/?lang=lv"]}]},{"@type":"ImageObject","inLanguage":"ru-RU","@id":"https:\/\/peipsikaup.ee\/meistari\/tiita-purika\/?lang=lv#primaryimage","url":"https:\/\/peipsikaup.ee\/wp-content\/uploads\/2021\/05\/Peipsikaup_meister_Tiit-Purika.jpg","contentUrl":"https:\/\/peipsikaup.ee\/wp-content\/uploads\/2021\/05\/Peipsikaup_meister_Tiit-Purika.jpg"},{"@type":"BreadcrumbList","@id":"https:\/\/peipsikaup.ee\/meistari\/tiita-purika\/?lang=lv#breadcrumb","itemListElement":[{"@type":"ListItem","position":1,"name":"Home","item":"https:\/\/peipsikaup.ee\/"},{"@type":"ListItem","position":2,"name":"Meistari","item":"https:\/\/peipsikaup.ee\/meistari\/?lang=lv"},{"@type":"ListItem","position":3,"name":"Tiit Purika"}]},{"@type":"WebSite","@id":"https:\/\/peipsikaup.ee\/#website","url":"https:\/\/peipsikaup.ee\/","name":"\u0422\u043e\u0440\u0433\u043e\u0432\u043b\u044f \u043d\u0430 \u0427\u0443\u0434\u0441\u043a\u043e\u043c \u043e\u0441\u0442\u0440\u043e\u0432\u0435","description":"eheda ja isikup\u00e4rase k\u00e4sit\u00f6\u00f6 veebipood","publisher":{"@id":"https:\/\/peipsikaup.ee\/#organization"},"potentialAction":[{"@type":"SearchAction","target":{"@type":"EntryPoint","urlTemplate":"https:\/\/peipsikaup.ee\/?s={search_term_string}"},"query-input":{"@type":"PropertyValueSpecification","valueRequired":true,"valueName":"search_term_string"}}],"inLanguage":"ru-RU"},{"@type":"Organization","@id":"https:\/\/peipsikaup.ee\/#organization","name":"\u0422\u043e\u0440\u0433\u043e\u0432\u043b\u044f \u043d\u0430 \u0427\u0443\u0434\u0441\u043a\u043e\u043c \u043e\u0441\u0442\u0440\u043e\u0432\u0435","url":"https:\/\/peipsikaup.ee\/","logo":{"@type":"ImageObject","inLanguage":"ru-RU","@id":"https:\/\/peipsikaup.ee\/#\/schema\/logo\/image\/","url":"https:\/\/peipsikaup.ee\/wp-content\/uploads\/2026\/04\/cropped-ChatGPT-Image-Apr-24-2026-02_54_59-PM.png","contentUrl":"https:\/\/peipsikaup.ee\/wp-content\/uploads\/2026\/04\/cropped-ChatGPT-Image-Apr-24-2026-02_54_59-PM.png","width":1946,"height":325,"caption":"Peipsi kaup"},"image":{"@id":"https:\/\/peipsikaup.ee\/#\/schema\/logo\/image\/"}}]}},"_links":{"self":[{"href":"https:\/\/peipsikaup.ee\/ru\/wp-json\/wp\/v2\/pages\/4409","targetHints":{"allow":["GET"]}}],"collection":[{"href":"https:\/\/peipsikaup.ee\/ru\/wp-json\/wp\/v2\/pages"}],"about":[{"href":"https:\/\/peipsikaup.ee\/ru\/wp-json\/wp\/v2\/types\/page"}],"author":[{"embeddable":true,"href":"https:\/\/peipsikaup.ee\/ru\/wp-json\/wp\/v2\/users\/2"}],"replies":[{"embeddable":true,"href":"https:\/\/peipsikaup.ee\/ru\/wp-json\/wp\/v2\/comments?post=4409"}],"version-history":[{"count":0,"href":"https:\/\/peipsikaup.ee\/ru\/wp-json\/wp\/v2\/pages\/4409\/revisions"}],"up":[{"embeddable":true,"href":"https:\/\/peipsikaup.ee\/ru\/wp-json\/wp\/v2\/pages\/4585"}],"wp:attachment":[{"href":"https:\/\/peipsikaup.ee\/ru\/wp-json\/wp\/v2\/media?parent=4409"}],"curies":[{"name":"wp","href":"https:\/\/api.w.org\/{rel}","templated":true}]}}