{"id":3978,"date":"2021-09-28T10:12:36","date_gmt":"2021-09-28T10:12:36","guid":{"rendered":"https:\/\/peipsikaup.ee\/olavs-pihlapu\/"},"modified":"2021-09-28T10:13:36","modified_gmt":"2021-09-28T10:13:36","slug":"olavs-pihlapu","status":"publish","type":"page","link":"https:\/\/peipsikaup.ee\/ru\/meistari\/olavs-pihlapu\/","title":{"rendered":"Olavs Pihlap\u016b"},"content":{"rendered":"<div data-elementor-type=\"wp-post\" data-elementor-id=\"3978\" class=\"elementor elementor-3978\">\n\t\t\t\t\t\t<section class=\"elementor-section elementor-top-section elementor-element elementor-element-6ccdc95 elementor-section-content-middle elementor-section-boxed elementor-section-height-default elementor-section-height-default\" data-id=\"6ccdc95\" data-element_type=\"section\" data-e-type=\"section\" data-settings=\"{&quot;background_background&quot;:&quot;classic&quot;}\">\n\t\t\t\t\t\t\t<div class=\"elementor-background-overlay\"><\/div>\n\t\t\t\t\t\t\t<div class=\"elementor-container elementor-column-gap-no\">\n\t\t\t\t\t<div class=\"elementor-column elementor-col-100 elementor-top-column elementor-element elementor-element-4f6adc0\" data-id=\"4f6adc0\" data-element_type=\"column\" data-e-type=\"column\" data-settings=\"{&quot;background_background&quot;:&quot;classic&quot;}\">\n\t\t\t<div class=\"elementor-widget-wrap elementor-element-populated\">\n\t\t\t\t\t\t<div class=\"elementor-element elementor-element-179c706 elementor-widget elementor-widget-heading\" data-id=\"179c706\" data-element_type=\"widget\" data-e-type=\"widget\" data-widget_type=\"heading.default\">\n\t\t\t\t<div class=\"elementor-widget-container\">\n\t\t\t\t\t<h1 class=\"elementor-heading-title elementor-size-default\">Meistara st\u0101sts<\/h1>\t\t\t\t<\/div>\n\t\t\t\t<\/div>\n\t\t\t\t\t<\/div>\n\t\t<\/div>\n\t\t\t\t\t<\/div>\n\t\t<\/section>\n\t\t\t\t<section class=\"elementor-section elementor-top-section elementor-element elementor-element-6ec1e06 elementor-section-boxed elementor-section-height-default elementor-section-height-default\" data-id=\"6ec1e06\" data-element_type=\"section\" data-e-type=\"section\">\n\t\t\t\t\t\t<div class=\"elementor-container elementor-column-gap-default\">\n\t\t\t\t\t<div class=\"elementor-column elementor-col-100 elementor-top-column elementor-element elementor-element-e23d401\" data-id=\"e23d401\" data-element_type=\"column\" data-e-type=\"column\">\n\t\t\t<div class=\"elementor-widget-wrap elementor-element-populated\">\n\t\t\t\t\t\t<section class=\"elementor-section elementor-inner-section elementor-element elementor-element-e51aece elementor-section-boxed elementor-section-height-default elementor-section-height-default\" data-id=\"e51aece\" data-element_type=\"section\" data-e-type=\"section\">\n\t\t\t\t\t\t<div class=\"elementor-container elementor-column-gap-no\">\n\t\t\t\t\t<div class=\"elementor-column elementor-col-33 elementor-inner-column elementor-element elementor-element-3c3eb1f\" data-id=\"3c3eb1f\" data-element_type=\"column\" data-e-type=\"column\">\n\t\t\t<div class=\"elementor-widget-wrap elementor-element-populated\">\n\t\t\t\t\t\t<div class=\"elementor-element elementor-element-334895d elementor-position-top elementor-widget elementor-widget-image-box\" data-id=\"334895d\" data-element_type=\"widget\" data-e-type=\"widget\" data-widget_type=\"image-box.default\">\n\t\t\t\t<div class=\"elementor-widget-container\">\n\t\t\t\t\t<div class=\"elementor-image-box-wrapper\"><figure class=\"elementor-image-box-img\"><img fetchpriority=\"high\" decoding=\"async\" width=\"900\" height=\"1600\" src=\"https:\/\/peipsikaup.ee\/wp-content\/uploads\/2021\/05\/Peipsikaup_Rapina-loomemaja-veinimeister_Olav-Pihlapuu.jpg\" class=\"attachment-full size-full wp-image-3133\" alt=\"Olavi Pihlapuu, R\u00e4pina jaunrades nama v\u012bndaris\" srcset=\"https:\/\/peipsikaup.ee\/wp-content\/uploads\/2021\/05\/Peipsikaup_Rapina-loomemaja-veinimeister_Olav-Pihlapuu.jpg 900w, https:\/\/peipsikaup.ee\/wp-content\/uploads\/2021\/05\/Peipsikaup_Rapina-loomemaja-veinimeister_Olav-Pihlapuu-169x300.jpg 169w, https:\/\/peipsikaup.ee\/wp-content\/uploads\/2021\/05\/Peipsikaup_Rapina-loomemaja-veinimeister_Olav-Pihlapuu-576x1024.jpg 576w, https:\/\/peipsikaup.ee\/wp-content\/uploads\/2021\/05\/Peipsikaup_Rapina-loomemaja-veinimeister_Olav-Pihlapuu-768x1365.jpg 768w, https:\/\/peipsikaup.ee\/wp-content\/uploads\/2021\/05\/Peipsikaup_Rapina-loomemaja-veinimeister_Olav-Pihlapuu-864x1536.jpg 864w, https:\/\/peipsikaup.ee\/wp-content\/uploads\/2021\/05\/Peipsikaup_Rapina-loomemaja-veinimeister_Olav-Pihlapuu-600x1067.jpg 600w\" sizes=\"(max-width: 900px) 100vw, 900px\" \/><\/figure><div class=\"elementor-image-box-content\"><h3 class=\"elementor-image-box-title\">Olavs Pihlap\u016b<\/h3><p class=\"elementor-image-box-description\">R\u00e4pina jaunrades nama alus dar\u012bt\u0101js<\/p><\/div><\/div>\t\t\t\t<\/div>\n\t\t\t\t<\/div>\n\t\t\t\t<div class=\"elementor-element elementor-element-6183903 elementor-mobile-align-center elementor-align-center elementor-widget elementor-widget-button\" data-id=\"6183903\" data-element_type=\"widget\" data-e-type=\"widget\" data-widget_type=\"button.default\">\n\t\t\t\t<div class=\"elementor-widget-container\">\n\t\t\t\t\t\t\t\t\t<div class=\"elementor-button-wrapper\">\n\t\t\t\t\t<a class=\"elementor-button elementor-button-link elementor-size-md\" href=\"https:\/\/peipsikaup.ee\/ru\/product-category\/rapina-loomemaja-tooted\/\">\n\t\t\t\t\t\t<span class=\"elementor-button-content-wrapper\">\n\t\t\t\t\t\t\t\t\t<span class=\"elementor-button-text\">mani produkti<\/span>\n\t\t\t\t\t<\/span>\n\t\t\t\t\t<\/a>\n\t\t\t\t<\/div>\n\t\t\t\t\t\t\t\t<\/div>\n\t\t\t\t<\/div>\n\t\t\t\t\t<\/div>\n\t\t<\/div>\n\t\t\t\t<div class=\"elementor-column elementor-col-66 elementor-inner-column elementor-element elementor-element-1e69e34\" data-id=\"1e69e34\" data-element_type=\"column\" data-e-type=\"column\">\n\t\t\t<div class=\"elementor-widget-wrap elementor-element-populated\">\n\t\t\t\t\t\t<div class=\"elementor-element elementor-element-217c6ee elementor-widget elementor-widget-text-editor\" data-id=\"217c6ee\" data-element_type=\"widget\" data-e-type=\"widget\" data-widget_type=\"text-editor.default\">\n\t\t\t\t<div class=\"elementor-widget-container\">\n\t\t\t\t\t\t\t\t\t<p>\u0112ku, kas celta 19. gadsimt\u0101 k\u0101 R\u0101pinas mui\u017eas sta\u013c\u013ca \u0161\u0137\u016bnis, R\u00e4pinas pa\u0161vald\u012bba ieg\u0101d\u0101j\u0101s 2012. gad\u0101. jaun\u0101 elp\u0101 un s\u0101ka dz\u012bvot pavisam citu un raibu dz\u012bvi. Rado\u0161\u0101 m\u0101ja dzimusi no idejas, ka m\u016bsu cilv\u0113ki ir peln\u012bju\u0161i vietu, kur realiz\u0113t un atdz\u012bvin\u0101t savu iek\u0161\u0113jo rad\u012bt\u0101ju-dz\u012bvnieku.<\/p>\n<p>T\u0101 ir laba vieta, kur piedz\u012bvot, bet ne tikai v\u0113sturisk\u0101s \u0113kas d\u0113\u013c &#8211; m\u016bsu cilv\u0113ki un milz\u012bgais pa\u0161rad\u012b\u0161anas prieks padara rado\u0161\u0101s m\u0101jas apmekl\u0113jumu par neparastu un neaizmirstamu pieredzi gan viet\u0113j\u0101m, gan t\u0101l\u0101m grup\u0101m. \u0160o ener\u0123iju nav viegli aprakst\u012bt, lai to saprastu, tas vienk\u0101r\u0161i j\u0101piedz\u012bvo pa\u0161am.<\/p>\n<p>R\u00e4pina jaunrades nam\u0101 ir alus dar\u012btava ar akc\u012bzes ties\u012bb\u0101m, kur tiek gatavots m\u016bsu ar rok\u0101m darin\u0101ts alus un roku v\u012bni. Es \u0161eit str\u0101d\u0101ju kop\u0161 m\u016bsu m\u0101jas atv\u0113r\u0161anas. Ogu v\u012bni ir biju\u0161i vieni no rudens pas\u0101kumiem, kad Peipsi ezer\u0101 tiek gatavoti daudz da\u017e\u0101du veidu aug\u013ci un ogas, kas ir labi piem\u0113roti pild\u012b\u0161anai pudel\u0113s. Esam darin\u0101ju\u0161i da\u017e\u0101dus ogu v\u012bnus: rabarberu, br\u016bkle\u0146u, \u0101bolu, upe\u0146u, aroniju, ave\u0146u, \u0137ir\u0161u u.c. M\u0113s ar\u012b gatavojam v\u012bnu no viet\u0113j\u0101m v\u012bnog\u0101m, kas nav zem\u0101ks par v\u012bna valstu v\u012bnu. <span class=\"Apple-converted-space\"> <\/span><\/p>\n<p>Alus dar\u012btav\u0101 gatavojam ar\u012b amatniec\u012bbas alu. Reperis ir alus, kas s\u0101kas dzirnavi\u0146\u0101s un beidzas p\u0113c m\u0113ne\u0161a, iepildot pudel\u0113s un mar\u0137\u0113jot vienu partiju un ar m\u0101jas saimnieces pal\u012bdz\u012bbu uzrakstot datumus ar rok\u0101m. M\u0113s nepied\u0101v\u0101jam alu vis\u0101 Igaunij\u0101, to ir iesp\u0113jams ieg\u016bt tikai no R\u00e4pinas apk\u0101rtnes. T\u0101tad, alus degust\u0101cijai j\u0101ierodas un j\u0101izp\u0113ta uz vietas, un tad var s\u012bk\u0101k uzzin\u0101t, k\u0101 top \u012bst\u0101 rokdarbu vasaras dz\u0113riens.<\/p>\n<p>R\u00e4pina jaunrades nam\u0101 ir hobiju pulci\u0146i maziem b\u0113rniem, skol\u0113niem un pieaugu\u0161ajiem, kas notiek katru ned\u0113\u013cu, un ir ar\u012b vienreiz\u0113ji hobiju pulci\u0146i, piem\u0113ram, pavasar\u012b b\u0113rni un vi\u0146u vec\u0101ki var veidot putnu ligzdas vai n\u0101kt izm\u0113\u0123in\u0101t savus sp\u0113kus \u0113diena gatavo\u0161ana. Mums ir ar\u012b telpa stell\u0113m, kur ikviens var izgatavot savu pakl\u0101ju, dvieli vai pirts dvieli.<\/p>\n\t\t\t\t\t\t\t\t<\/div>\n\t\t\t\t<\/div>\n\t\t\t\t\t<\/div>\n\t\t<\/div>\n\t\t\t\t\t<\/div>\n\t\t<\/section>\n\t\t\t\t\t<\/div>\n\t\t<\/div>\n\t\t\t\t\t<\/div>\n\t\t<\/section>\n\t\t\t\t<section class=\"elementor-section elementor-top-section elementor-element elementor-element-dc6a4e3 elementor-section-boxed elementor-section-height-default elementor-section-height-default\" data-id=\"dc6a4e3\" data-element_type=\"section\" data-e-type=\"section\" data-settings=\"{&quot;background_background&quot;:&quot;classic&quot;}\">\n\t\t\t\t\t\t<div class=\"elementor-container elementor-column-gap-no\">\n\t\t\t\t\t<div class=\"elementor-column elementor-col-100 elementor-top-column elementor-element elementor-element-0e2a233\" data-id=\"0e2a233\" data-element_type=\"column\" data-e-type=\"column\">\n\t\t\t<div class=\"elementor-widget-wrap elementor-element-populated\">\n\t\t\t\t\t\t<div class=\"elementor-element elementor-element-dcd18bc elementor-position-top elementor-widget elementor-widget-image-box\" data-id=\"dcd18bc\" data-element_type=\"widget\" data-e-type=\"widget\" data-widget_type=\"image-box.default\">\n\t\t\t\t<div class=\"elementor-widget-container\">\n\t\t\t\t\t<div class=\"elementor-image-box-wrapper\"><figure class=\"elementor-image-box-img\"><img decoding=\"async\" width=\"1600\" height=\"900\" src=\"https:\/\/peipsikaup.ee\/wp-content\/uploads\/2021\/05\/Peipsikaup_Rapina-loomemaja-veinimeister_Olav-Pihlapuu-1.jpg\" class=\"attachment-full size-full wp-image-3124\" alt=\"Olavi Pihlapuu, R\u00e4pina jaunrades nama v\u012bndaris\" srcset=\"https:\/\/peipsikaup.ee\/wp-content\/uploads\/2021\/05\/Peipsikaup_Rapina-loomemaja-veinimeister_Olav-Pihlapuu-1.jpg 1600w, https:\/\/peipsikaup.ee\/wp-content\/uploads\/2021\/05\/Peipsikaup_Rapina-loomemaja-veinimeister_Olav-Pihlapuu-1-300x169.jpg 300w, https:\/\/peipsikaup.ee\/wp-content\/uploads\/2021\/05\/Peipsikaup_Rapina-loomemaja-veinimeister_Olav-Pihlapuu-1-1024x576.jpg 1024w, https:\/\/peipsikaup.ee\/wp-content\/uploads\/2021\/05\/Peipsikaup_Rapina-loomemaja-veinimeister_Olav-Pihlapuu-1-768x432.jpg 768w, https:\/\/peipsikaup.ee\/wp-content\/uploads\/2021\/05\/Peipsikaup_Rapina-loomemaja-veinimeister_Olav-Pihlapuu-1-1536x864.jpg 1536w, https:\/\/peipsikaup.ee\/wp-content\/uploads\/2021\/05\/Peipsikaup_Rapina-loomemaja-veinimeister_Olav-Pihlapuu-1-600x338.jpg 600w\" sizes=\"(max-width: 1600px) 100vw, 1600px\" \/><\/figure><\/div>\t\t\t\t<\/div>\n\t\t\t\t<\/div>\n\t\t\t\t<div class=\"elementor-element elementor-element-e075a06 elementor-widget elementor-widget-heading\" data-id=\"e075a06\" data-element_type=\"widget\" data-e-type=\"widget\" data-widget_type=\"heading.default\">\n\t\t\t\t<div class=\"elementor-widget-container\">\n\t\t\t\t\t<h2 class=\"elementor-heading-title elementor-size-default\">K\u0101 lai es to izdaru?<\/h2>\t\t\t\t<\/div>\n\t\t\t\t<\/div>\n\t\t\t\t<div class=\"elementor-element elementor-element-863954d elementor-widget elementor-widget-text-editor\" data-id=\"863954d\" data-element_type=\"widget\" data-e-type=\"widget\" data-widget_type=\"text-editor.default\">\n\t\t\t\t<div class=\"elementor-widget-container\">\n\t\t\t\t\t\t\t\t\t<p>Uzs\u0101kot v\u012bna dar\u012b\u0161anu, j\u0101\u0146em v\u0113r\u0101, k\u0101da oga ir gads. Katra oga uzvedas sav\u0101d\u0101k un katru gadu vienas \u0161\u0137irnes ogas n\u0101k nedaudz sav\u0101d\u0101k.<span class=\"Apple-converted-space\"> <\/span><\/p>\n<p>Ja v\u0113l ir \u013coti labs p\u012bl\u0101d\u017eu gads, j\u0101dom\u0101 par p\u012bl\u0101d\u017eu v\u012bnu. Kad m\u0113s las\u0101m skaistas ogas, m\u0113s izspie\u017eam sulu no og\u0101m. Protams, da\u017eas ogas, piem\u0113ram, p\u012bl\u0101d\u017ei un at\u0161i, vispirms tiek sasald\u0113tas. T\u0101 k\u0101 \u0161is process izce\u013c dab\u012bgos cukurus un v\u012bns k\u013c\u016bst sald\u0101ks. P\u0113c pres\u0113\u0161anas m\u0113s ievietojam sulu ferment\u0101cijas trauk\u0101 un pievienojam v\u012bna raugu, ar kura pal\u012bdz\u012bbu s\u0101kas ferment\u0101cijas process. Ferment\u0101cijas process ilgst \u010detras l\u012bdz asto\u0146as ned\u0113\u013cas atkar\u012bb\u0101 no cukura daudzuma un ferment\u0101cijas temperat\u016bras. Kad \u0161is process ir pabeigts un v\u012bns ir sasniedzis savu stiprumu, ferment\u0101cija j\u0101p\u0101rtrauc, pievienojot pieturas, un p\u0113c tam j\u0101noskaidro. Kad viss ir izdar\u012bts, viss, kas jums j\u0101dara, ir p\u0113csezona un to pudel\u0113s un novecot.<span class=\"Apple-converted-space\"> <\/span><\/p>\n<p>T\u0101 k\u0101 v\u012bndar\u012bba ir liela zin\u0101tne, m\u0113s ar\u012b katru gadu uzzin\u0101m kaut ko jaunu.<\/p>\n\t\t\t\t\t\t\t\t<\/div>\n\t\t\t\t<\/div>\n\t\t\t\t<div class=\"elementor-element elementor-element-f5c8852 elementor-mobile-align-center elementor-align-center elementor-widget elementor-widget-button\" data-id=\"f5c8852\" data-element_type=\"widget\" data-e-type=\"widget\" data-widget_type=\"button.default\">\n\t\t\t\t<div class=\"elementor-widget-container\">\n\t\t\t\t\t\t\t\t\t<div class=\"elementor-button-wrapper\">\n\t\t\t\t\t<a class=\"elementor-button elementor-button-link elementor-size-md\" href=\"https:\/\/peipsikaup.ee\/ru\/product-category\/rapina-loomemaja-tooted\/\">\n\t\t\t\t\t\t<span class=\"elementor-button-content-wrapper\">\n\t\t\t\t\t\t\t\t\t<span class=\"elementor-button-text\">mani produkti<\/span>\n\t\t\t\t\t<\/span>\n\t\t\t\t\t<\/a>\n\t\t\t\t<\/div>\n\t\t\t\t\t\t\t\t<\/div>\n\t\t\t\t<\/div>\n\t\t\t\t\t<\/div>\n\t\t<\/div>\n\t\t\t\t\t<\/div>\n\t\t<\/section>\n\t\t\t\t<\/div>","protected":false},"excerpt":{"rendered":"<p>Meistara st\u0101sts Olavs Pihlap\u016b R\u00e4pina jaunrades nama alus dar\u012bt\u0101js mani produkti \u0112ku, kas celta 19. gadsimt\u0101 k\u0101 R\u0101pinas mui\u017eas sta\u013c\u013ca \u0161\u0137\u016bnis, R\u00e4pinas pa\u0161vald\u012bba ieg\u0101d\u0101j\u0101s 2012. gad\u0101. jaun\u0101 elp\u0101 un s\u0101ka dz\u012bvot pavisam citu un raibu dz\u012bvi. Rado\u0161\u0101 m\u0101ja dzimusi no idejas, ka m\u016bsu cilv\u0113ki ir peln\u012bju\u0161i vietu, kur realiz\u0113t un atdz\u012bvin\u0101t savu iek\u0161\u0113jo rad\u012bt\u0101ju-dz\u012bvnieku. T\u0101 &hellip;<\/p>\n<p class=\"read-more\"> <a class=\"\" href=\"https:\/\/peipsikaup.ee\/ru\/meistari\/olavs-pihlapu\/\"> <span class=\"screen-reader-text\">Olavs Pihlap\u016b<\/span> \u0427\u0438\u0442\u0430\u0442\u044c \u0434\u0430\u043b\u0435\u0435 &raquo;<\/a><\/p>","protected":false},"author":2,"featured_media":0,"parent":4585,"menu_order":0,"comment_status":"closed","ping_status":"closed","template":"","meta":{"site-sidebar-layout":"no-sidebar","site-content-layout":"page-builder","ast-global-header-display":"","ast-main-header-display":"","ast-hfb-above-header-display":"","ast-hfb-below-header-display":"","ast-hfb-mobile-header-display":"","site-post-title":"disabled","ast-breadcrumbs-content":"","ast-featured-img":"disabled","footer-sml-layout":"","theme-transparent-header-meta":"enabled","adv-header-id-meta":"","stick-header-meta":"default","header-above-stick-meta":"","header-main-stick-meta":"","header-below-stick-meta":"","footnotes":""},"class_list":["post-3978","page","type-page","status-publish","hentry"],"yoast_head":"<!-- This site is optimized with the Yoast SEO plugin v27.2 - https:\/\/yoast.com\/product\/yoast-seo-wordpress\/ -->\n<title>Olavs Pihlap\u016b - Peipsi kaup<\/title>\n<meta name=\"robots\" content=\"index, follow, max-snippet:-1, max-image-preview:large, max-video-preview:-1\" \/>\n<link rel=\"canonical\" href=\"https:\/\/peipsikaup.ee\/ru\/meistari\/olavs-pihlapu\/?lang=lv\" \/>\n<meta property=\"og:locale\" content=\"ru_RU\" \/>\n<meta property=\"og:type\" content=\"article\" \/>\n<meta property=\"og:title\" content=\"Olavs Pihlap\u016b - Peipsi kaup\" \/>\n<meta property=\"og:description\" content=\"Meistara st\u0101sts Olavs Pihlap\u016b R\u00e4pina jaunrades nama alus dar\u012bt\u0101js mani produkti \u0112ku, kas celta 19. gadsimt\u0101 k\u0101 R\u0101pinas mui\u017eas sta\u013c\u013ca \u0161\u0137\u016bnis, R\u00e4pinas pa\u0161vald\u012bba ieg\u0101d\u0101j\u0101s 2012. gad\u0101. jaun\u0101 elp\u0101 un s\u0101ka dz\u012bvot pavisam citu un raibu dz\u012bvi. Rado\u0161\u0101 m\u0101ja dzimusi no idejas, ka m\u016bsu cilv\u0113ki ir peln\u012bju\u0161i vietu, kur realiz\u0113t un atdz\u012bvin\u0101t savu iek\u0161\u0113jo rad\u012bt\u0101ju-dz\u012bvnieku. T\u0101 &hellip; Olavs Pihlap\u016b \u0427\u0438\u0442\u0430\u0442\u044c \u0434\u0430\u043b\u0435\u0435 &raquo;\" \/>\n<meta property=\"og:url\" content=\"https:\/\/peipsikaup.ee\/ru\/meistari\/olavs-pihlapu\/?lang=lv\" \/>\n<meta property=\"og:site_name\" content=\"Peipsi kaup\" \/>\n<meta property=\"article:modified_time\" content=\"2021-09-28T10:13:36+00:00\" \/>\n<meta property=\"og:image\" content=\"https:\/\/peipsikaup.ee\/wp-content\/uploads\/2021\/05\/Peipsikaup_Rapina-loomemaja-veinimeister_Olav-Pihlapuu.jpg\" \/>\n<meta name=\"twitter:card\" content=\"summary_large_image\" \/>\n<meta name=\"twitter:label1\" content=\"\u041f\u0440\u0438\u043c\u0435\u0440\u043d\u043e\u0435 \u0432\u0440\u0435\u043c\u044f \u0434\u043b\u044f \u0447\u0442\u0435\u043d\u0438\u044f\" \/>\n\t<meta name=\"twitter:data1\" content=\"3 \u043c\u0438\u043d\u0443\u0442\u044b\" \/>\n<script type=\"application\/ld+json\" class=\"yoast-schema-graph\">{\"@context\":\"https:\/\/schema.org\",\"@graph\":[{\"@type\":\"WebPage\",\"@id\":\"https:\/\/peipsikaup.ee\/meistari\/olavs-pihlapu\/?lang=lv\",\"url\":\"https:\/\/peipsikaup.ee\/meistari\/olavs-pihlapu\/?lang=lv\",\"name\":\"Olavs Pihlap\u016b - Peipsi kaup\",\"isPartOf\":{\"@id\":\"https:\/\/peipsikaup.ee\/#website\"},\"primaryImageOfPage\":{\"@id\":\"https:\/\/peipsikaup.ee\/meistari\/olavs-pihlapu\/?lang=lv#primaryimage\"},\"image\":{\"@id\":\"https:\/\/peipsikaup.ee\/meistari\/olavs-pihlapu\/?lang=lv#primaryimage\"},\"thumbnailUrl\":\"https:\/\/peipsikaup.ee\/wp-content\/uploads\/2021\/05\/Peipsikaup_Rapina-loomemaja-veinimeister_Olav-Pihlapuu.jpg\",\"datePublished\":\"2021-09-28T10:12:36+00:00\",\"dateModified\":\"2021-09-28T10:13:36+00:00\",\"breadcrumb\":{\"@id\":\"https:\/\/peipsikaup.ee\/meistari\/olavs-pihlapu\/?lang=lv#breadcrumb\"},\"inLanguage\":\"ru-RU\",\"potentialAction\":[{\"@type\":\"ReadAction\",\"target\":[\"https:\/\/peipsikaup.ee\/meistari\/olavs-pihlapu\/?lang=lv\"]}]},{\"@type\":\"ImageObject\",\"inLanguage\":\"ru-RU\",\"@id\":\"https:\/\/peipsikaup.ee\/meistari\/olavs-pihlapu\/?lang=lv#primaryimage\",\"url\":\"https:\/\/peipsikaup.ee\/wp-content\/uploads\/2021\/05\/Peipsikaup_Rapina-loomemaja-veinimeister_Olav-Pihlapuu.jpg\",\"contentUrl\":\"https:\/\/peipsikaup.ee\/wp-content\/uploads\/2021\/05\/Peipsikaup_Rapina-loomemaja-veinimeister_Olav-Pihlapuu.jpg\"},{\"@type\":\"BreadcrumbList\",\"@id\":\"https:\/\/peipsikaup.ee\/meistari\/olavs-pihlapu\/?lang=lv#breadcrumb\",\"itemListElement\":[{\"@type\":\"ListItem\",\"position\":1,\"name\":\"Home\",\"item\":\"https:\/\/peipsikaup.ee\/\"},{\"@type\":\"ListItem\",\"position\":2,\"name\":\"Meistari\",\"item\":\"https:\/\/peipsikaup.ee\/meistari\/?lang=lv\"},{\"@type\":\"ListItem\",\"position\":3,\"name\":\"Olavs Pihlap\u016b\"}]},{\"@type\":\"WebSite\",\"@id\":\"https:\/\/peipsikaup.ee\/#website\",\"url\":\"https:\/\/peipsikaup.ee\/\",\"name\":\"Peipsi kaup\",\"description\":\"eheda ja isikup\u00e4rase k\u00e4sit\u00f6\u00f6 veebipood\",\"publisher\":{\"@id\":\"https:\/\/peipsikaup.ee\/#organization\"},\"potentialAction\":[{\"@type\":\"SearchAction\",\"target\":{\"@type\":\"EntryPoint\",\"urlTemplate\":\"https:\/\/peipsikaup.ee\/?s={search_term_string}\"},\"query-input\":{\"@type\":\"PropertyValueSpecification\",\"valueRequired\":true,\"valueName\":\"search_term_string\"}}],\"inLanguage\":\"ru-RU\"},{\"@type\":\"Organization\",\"@id\":\"https:\/\/peipsikaup.ee\/#organization\",\"name\":\"Peipsi kaup\",\"url\":\"https:\/\/peipsikaup.ee\/\",\"logo\":{\"@type\":\"ImageObject\",\"inLanguage\":\"ru-RU\",\"@id\":\"https:\/\/peipsikaup.ee\/#\/schema\/logo\/image\/\",\"url\":\"https:\/\/peipsikaup.ee\/wp-content\/uploads\/2022\/01\/cropped-Peipsikaup-loho-pisike.png\",\"contentUrl\":\"https:\/\/peipsikaup.ee\/wp-content\/uploads\/2022\/01\/cropped-Peipsikaup-loho-pisike.png\",\"width\":180,\"height\":60,\"caption\":\"Peipsi kaup\"},\"image\":{\"@id\":\"https:\/\/peipsikaup.ee\/#\/schema\/logo\/image\/\"}}]}<\/script>\n<!-- \/ Yoast SEO plugin. -->","yoast_head_json":{"title":"Olavs Pihlap\u016b - Peipsi kaup","robots":{"index":"index","follow":"follow","max-snippet":"max-snippet:-1","max-image-preview":"max-image-preview:large","max-video-preview":"max-video-preview:-1"},"canonical":"https:\/\/peipsikaup.ee\/ru\/meistari\/olavs-pihlapu\/?lang=lv","og_locale":"ru_RU","og_type":"article","og_title":"Olavs Pihlap\u016b - Peipsi kaup","og_description":"Meistara st\u0101sts Olavs Pihlap\u016b R\u00e4pina jaunrades nama alus dar\u012bt\u0101js mani produkti \u0112ku, kas celta 19. gadsimt\u0101 k\u0101 R\u0101pinas mui\u017eas sta\u013c\u013ca \u0161\u0137\u016bnis, R\u00e4pinas pa\u0161vald\u012bba ieg\u0101d\u0101j\u0101s 2012. gad\u0101. jaun\u0101 elp\u0101 un s\u0101ka dz\u012bvot pavisam citu un raibu dz\u012bvi. Rado\u0161\u0101 m\u0101ja dzimusi no idejas, ka m\u016bsu cilv\u0113ki ir peln\u012bju\u0161i vietu, kur realiz\u0113t un atdz\u012bvin\u0101t savu iek\u0161\u0113jo rad\u012bt\u0101ju-dz\u012bvnieku. T\u0101 &hellip; Olavs Pihlap\u016b \u0427\u0438\u0442\u0430\u0442\u044c \u0434\u0430\u043b\u0435\u0435 &raquo;","og_url":"https:\/\/peipsikaup.ee\/ru\/meistari\/olavs-pihlapu\/?lang=lv","og_site_name":"Peipsi kaup","article_modified_time":"2021-09-28T10:13:36+00:00","og_image":[{"url":"https:\/\/peipsikaup.ee\/wp-content\/uploads\/2021\/05\/Peipsikaup_Rapina-loomemaja-veinimeister_Olav-Pihlapuu.jpg","type":"","width":"","height":""}],"twitter_card":"summary_large_image","twitter_misc":{"\u041f\u0440\u0438\u043c\u0435\u0440\u043d\u043e\u0435 \u0432\u0440\u0435\u043c\u044f \u0434\u043b\u044f \u0447\u0442\u0435\u043d\u0438\u044f":"3 \u043c\u0438\u043d\u0443\u0442\u044b"},"schema":{"@context":"https:\/\/schema.org","@graph":[{"@type":"WebPage","@id":"https:\/\/peipsikaup.ee\/meistari\/olavs-pihlapu\/?lang=lv","url":"https:\/\/peipsikaup.ee\/meistari\/olavs-pihlapu\/?lang=lv","name":"Olavs Pihlap\u016b - Peipsi kaup","isPartOf":{"@id":"https:\/\/peipsikaup.ee\/#website"},"primaryImageOfPage":{"@id":"https:\/\/peipsikaup.ee\/meistari\/olavs-pihlapu\/?lang=lv#primaryimage"},"image":{"@id":"https:\/\/peipsikaup.ee\/meistari\/olavs-pihlapu\/?lang=lv#primaryimage"},"thumbnailUrl":"https:\/\/peipsikaup.ee\/wp-content\/uploads\/2021\/05\/Peipsikaup_Rapina-loomemaja-veinimeister_Olav-Pihlapuu.jpg","datePublished":"2021-09-28T10:12:36+00:00","dateModified":"2021-09-28T10:13:36+00:00","breadcrumb":{"@id":"https:\/\/peipsikaup.ee\/meistari\/olavs-pihlapu\/?lang=lv#breadcrumb"},"inLanguage":"ru-RU","potentialAction":[{"@type":"ReadAction","target":["https:\/\/peipsikaup.ee\/meistari\/olavs-pihlapu\/?lang=lv"]}]},{"@type":"ImageObject","inLanguage":"ru-RU","@id":"https:\/\/peipsikaup.ee\/meistari\/olavs-pihlapu\/?lang=lv#primaryimage","url":"https:\/\/peipsikaup.ee\/wp-content\/uploads\/2021\/05\/Peipsikaup_Rapina-loomemaja-veinimeister_Olav-Pihlapuu.jpg","contentUrl":"https:\/\/peipsikaup.ee\/wp-content\/uploads\/2021\/05\/Peipsikaup_Rapina-loomemaja-veinimeister_Olav-Pihlapuu.jpg"},{"@type":"BreadcrumbList","@id":"https:\/\/peipsikaup.ee\/meistari\/olavs-pihlapu\/?lang=lv#breadcrumb","itemListElement":[{"@type":"ListItem","position":1,"name":"Home","item":"https:\/\/peipsikaup.ee\/"},{"@type":"ListItem","position":2,"name":"Meistari","item":"https:\/\/peipsikaup.ee\/meistari\/?lang=lv"},{"@type":"ListItem","position":3,"name":"Olavs Pihlap\u016b"}]},{"@type":"WebSite","@id":"https:\/\/peipsikaup.ee\/#website","url":"https:\/\/peipsikaup.ee\/","name":"\u0422\u043e\u0440\u0433\u043e\u0432\u043b\u044f \u043d\u0430 \u0427\u0443\u0434\u0441\u043a\u043e\u043c \u043e\u0441\u0442\u0440\u043e\u0432\u0435","description":"eheda ja isikup\u00e4rase k\u00e4sit\u00f6\u00f6 veebipood","publisher":{"@id":"https:\/\/peipsikaup.ee\/#organization"},"potentialAction":[{"@type":"SearchAction","target":{"@type":"EntryPoint","urlTemplate":"https:\/\/peipsikaup.ee\/?s={search_term_string}"},"query-input":{"@type":"PropertyValueSpecification","valueRequired":true,"valueName":"search_term_string"}}],"inLanguage":"ru-RU"},{"@type":"Organization","@id":"https:\/\/peipsikaup.ee\/#organization","name":"\u0422\u043e\u0440\u0433\u043e\u0432\u043b\u044f \u043d\u0430 \u0427\u0443\u0434\u0441\u043a\u043e\u043c \u043e\u0441\u0442\u0440\u043e\u0432\u0435","url":"https:\/\/peipsikaup.ee\/","logo":{"@type":"ImageObject","inLanguage":"ru-RU","@id":"https:\/\/peipsikaup.ee\/#\/schema\/logo\/image\/","url":"https:\/\/peipsikaup.ee\/wp-content\/uploads\/2022\/01\/cropped-Peipsikaup-loho-pisike.png","contentUrl":"https:\/\/peipsikaup.ee\/wp-content\/uploads\/2022\/01\/cropped-Peipsikaup-loho-pisike.png","width":180,"height":60,"caption":"Peipsi kaup"},"image":{"@id":"https:\/\/peipsikaup.ee\/#\/schema\/logo\/image\/"}}]}},"_links":{"self":[{"href":"https:\/\/peipsikaup.ee\/ru\/wp-json\/wp\/v2\/pages\/3978","targetHints":{"allow":["GET"]}}],"collection":[{"href":"https:\/\/peipsikaup.ee\/ru\/wp-json\/wp\/v2\/pages"}],"about":[{"href":"https:\/\/peipsikaup.ee\/ru\/wp-json\/wp\/v2\/types\/page"}],"author":[{"embeddable":true,"href":"https:\/\/peipsikaup.ee\/ru\/wp-json\/wp\/v2\/users\/2"}],"replies":[{"embeddable":true,"href":"https:\/\/peipsikaup.ee\/ru\/wp-json\/wp\/v2\/comments?post=3978"}],"version-history":[{"count":0,"href":"https:\/\/peipsikaup.ee\/ru\/wp-json\/wp\/v2\/pages\/3978\/revisions"}],"up":[{"embeddable":true,"href":"https:\/\/peipsikaup.ee\/ru\/wp-json\/wp\/v2\/pages\/4585"}],"wp:attachment":[{"href":"https:\/\/peipsikaup.ee\/ru\/wp-json\/wp\/v2\/media?parent=3978"}],"curies":[{"name":"wp","href":"https:\/\/api.w.org\/{rel}","templated":true}]}}