{"id":3974,"date":"2021-09-28T10:08:59","date_gmt":"2021-09-28T10:08:59","guid":{"rendered":"https:\/\/peipsikaup.ee\/olav-pihlapuu\/"},"modified":"2021-09-30T21:50:17","modified_gmt":"2021-09-30T21:50:17","slug":"olav-pihlapuu","status":"publish","type":"page","link":"https:\/\/peipsikaup.ee\/ru\/masters\/olav-pihlapuu\/","title":{"rendered":"\u041e\u043b\u0430\u0432 \u041f\u0438\u0445\u043b\u0430\u043f\u0443\u0443"},"content":{"rendered":"<div data-elementor-type=\"wp-post\" data-elementor-id=\"3974\" class=\"elementor elementor-3974\">\n\t\t\t\t\t\t<section class=\"elementor-section elementor-top-section elementor-element elementor-element-6ccdc95 elementor-section-content-middle elementor-section-boxed elementor-section-height-default elementor-section-height-default\" data-id=\"6ccdc95\" data-element_type=\"section\" data-e-type=\"section\" data-settings=\"{&quot;background_background&quot;:&quot;classic&quot;}\">\n\t\t\t\t\t\t\t<div class=\"elementor-background-overlay\"><\/div>\n\t\t\t\t\t\t\t<div class=\"elementor-container elementor-column-gap-no\">\n\t\t\t\t\t<div class=\"elementor-column elementor-col-100 elementor-top-column elementor-element elementor-element-4f6adc0\" data-id=\"4f6adc0\" data-element_type=\"column\" data-e-type=\"column\" data-settings=\"{&quot;background_background&quot;:&quot;classic&quot;}\">\n\t\t\t<div class=\"elementor-widget-wrap elementor-element-populated\">\n\t\t\t\t\t\t<div class=\"elementor-element elementor-element-179c706 elementor-widget elementor-widget-heading\" data-id=\"179c706\" data-element_type=\"widget\" data-e-type=\"widget\" data-widget_type=\"heading.default\">\n\t\t\t\t<div class=\"elementor-widget-container\">\n\t\t\t\t\t<h1 class=\"elementor-heading-title elementor-size-default\">Master's story<\/h1>\t\t\t\t<\/div>\n\t\t\t\t<\/div>\n\t\t\t\t\t<\/div>\n\t\t<\/div>\n\t\t\t\t\t<\/div>\n\t\t<\/section>\n\t\t\t\t<section class=\"elementor-section elementor-top-section elementor-element elementor-element-6ec1e06 elementor-section-boxed elementor-section-height-default elementor-section-height-default\" data-id=\"6ec1e06\" data-element_type=\"section\" data-e-type=\"section\">\n\t\t\t\t\t\t<div class=\"elementor-container elementor-column-gap-default\">\n\t\t\t\t\t<div class=\"elementor-column elementor-col-100 elementor-top-column elementor-element elementor-element-e23d401\" data-id=\"e23d401\" data-element_type=\"column\" data-e-type=\"column\">\n\t\t\t<div class=\"elementor-widget-wrap elementor-element-populated\">\n\t\t\t\t\t\t<section class=\"elementor-section elementor-inner-section elementor-element elementor-element-e51aece elementor-section-boxed elementor-section-height-default elementor-section-height-default\" data-id=\"e51aece\" data-element_type=\"section\" data-e-type=\"section\">\n\t\t\t\t\t\t<div class=\"elementor-container elementor-column-gap-no\">\n\t\t\t\t\t<div class=\"elementor-column elementor-col-33 elementor-inner-column elementor-element elementor-element-3c3eb1f\" data-id=\"3c3eb1f\" data-element_type=\"column\" data-e-type=\"column\">\n\t\t\t<div class=\"elementor-widget-wrap elementor-element-populated\">\n\t\t\t\t\t\t<div class=\"elementor-element elementor-element-334895d elementor-position-top elementor-widget elementor-widget-image-box\" data-id=\"334895d\" data-element_type=\"widget\" data-e-type=\"widget\" data-widget_type=\"image-box.default\">\n\t\t\t\t<div class=\"elementor-widget-container\">\n\t\t\t\t\t<div class=\"elementor-image-box-wrapper\"><figure class=\"elementor-image-box-img\"><img fetchpriority=\"high\" decoding=\"async\" width=\"900\" height=\"1600\" src=\"https:\/\/peipsikaup.ee\/wp-content\/uploads\/2021\/05\/Peipsikaup_Rapina-loomemaja-veinimeister_Olav-Pihlapuu.jpg\" class=\"attachment-full size-full wp-image-3132\" alt=\"Olavi Pihlapuu, winemaker of R\u00e4pina Creative House\" srcset=\"https:\/\/peipsikaup.ee\/wp-content\/uploads\/2021\/05\/Peipsikaup_Rapina-loomemaja-veinimeister_Olav-Pihlapuu.jpg 900w, https:\/\/peipsikaup.ee\/wp-content\/uploads\/2021\/05\/Peipsikaup_Rapina-loomemaja-veinimeister_Olav-Pihlapuu-169x300.jpg 169w, https:\/\/peipsikaup.ee\/wp-content\/uploads\/2021\/05\/Peipsikaup_Rapina-loomemaja-veinimeister_Olav-Pihlapuu-576x1024.jpg 576w, https:\/\/peipsikaup.ee\/wp-content\/uploads\/2021\/05\/Peipsikaup_Rapina-loomemaja-veinimeister_Olav-Pihlapuu-768x1365.jpg 768w, https:\/\/peipsikaup.ee\/wp-content\/uploads\/2021\/05\/Peipsikaup_Rapina-loomemaja-veinimeister_Olav-Pihlapuu-864x1536.jpg 864w, https:\/\/peipsikaup.ee\/wp-content\/uploads\/2021\/05\/Peipsikaup_Rapina-loomemaja-veinimeister_Olav-Pihlapuu-600x1067.jpg 600w\" sizes=\"(max-width: 900px) 100vw, 900px\" \/><\/figure><div class=\"elementor-image-box-content\"><h3 class=\"elementor-image-box-title\">\u041e\u043b\u0430\u0432 \u041f\u0438\u0445\u043b\u0430\u043f\u0443\u0443<\/h3><p class=\"elementor-image-box-description\">Winemaker of R\u00e4pina Creative House<\/p><\/div><\/div>\t\t\t\t<\/div>\n\t\t\t\t<\/div>\n\t\t\t\t<div class=\"elementor-element elementor-element-6183903 elementor-mobile-align-center elementor-align-center elementor-widget elementor-widget-button\" data-id=\"6183903\" data-element_type=\"widget\" data-e-type=\"widget\" data-widget_type=\"button.default\">\n\t\t\t\t<div class=\"elementor-widget-container\">\n\t\t\t\t\t\t\t\t\t<div class=\"elementor-button-wrapper\">\n\t\t\t\t\t<a class=\"elementor-button elementor-button-link elementor-size-md\" href=\"https:\/\/peipsikaup.ee\/ru\/product-category\/rapina-creative-house-products\/?lang=en\">\n\t\t\t\t\t\t<span class=\"elementor-button-content-wrapper\">\n\t\t\t\t\t\t\t\t\t<span class=\"elementor-button-text\">my products<\/span>\n\t\t\t\t\t<\/span>\n\t\t\t\t\t<\/a>\n\t\t\t\t<\/div>\n\t\t\t\t\t\t\t\t<\/div>\n\t\t\t\t<\/div>\n\t\t\t\t\t<\/div>\n\t\t<\/div>\n\t\t\t\t<div class=\"elementor-column elementor-col-66 elementor-inner-column elementor-element elementor-element-1e69e34\" data-id=\"1e69e34\" data-element_type=\"column\" data-e-type=\"column\">\n\t\t\t<div class=\"elementor-widget-wrap elementor-element-populated\">\n\t\t\t\t\t\t<div class=\"elementor-element elementor-element-217c6ee elementor-widget elementor-widget-text-editor\" data-id=\"217c6ee\" data-element_type=\"widget\" data-e-type=\"widget\" data-widget_type=\"text-editor.default\">\n\t\t\t\t<div class=\"elementor-widget-container\">\n\t\t\t\t\t\t\t\t\t<p>The stable shed, built in the 19th century for R\u00e4pina manor, was acquired by R\u00e4pina municipality in 2012 and began to live a completely different and variegated life. The R\u00e4pina Creative House is born of the idea that our people deserve a place to realize and revive their inner creator-animal.<\/p>\n<p>It is a good place for experiencing new activities, but not only because of the historic building &#8211; our people and the immense joy of self-making make visiting a creative house an extraordinary and memorable experience for both local and distant groups. This energy is not easy to describe, to understand it you just have to experience it for yourself.<\/p>\n<p>R\u00e4pina Creative House has a brewery with excise rights, where our craft-beers and wines are made. I have been working here since this house was opened. Berry wines have been one of the autumn ventures, when many different types of fruit and berries ripen in Lake Peipus area, which are well suited for bottling. We have made various berry wines: rhubarb, lingonberry, apple, blackcurrant, chokeberry, raspberry, cherry, etc. We also make wine from local grapes, which is not inferior to wine from wine countries. <span class=\"Apple-converted-space\"> <\/span><\/p>\n<p>We also make craft beer in the brewery. R\u00e4pnik is a beer that starts in a grinder and is ready after a month by bottling and hand-labeling one batch and writing the dates by hand with the help of the hostess of the house. We do not offer beer all over Estonia, it is possible to get it only from the vicinity of R\u00e4pina. So, for beer tasting, you have to come and explore on the spot, and then you can find out in more detail how the real handicraft summer booze is made.<\/p>\n<p>R\u00e4pina Creative House has hobby groups for toddlers, schoolchildren and adults, which take place every week, and there are also one-time hobby groups, such as in the spring, when children and their parents can build bird nest boxes or come and try their hand at cooking. We also have a room for looms, where everyone can make their own rug, scarf or sauna towel.<\/p>\n\t\t\t\t\t\t\t\t<\/div>\n\t\t\t\t<\/div>\n\t\t\t\t\t<\/div>\n\t\t<\/div>\n\t\t\t\t\t<\/div>\n\t\t<\/section>\n\t\t\t\t\t<\/div>\n\t\t<\/div>\n\t\t\t\t\t<\/div>\n\t\t<\/section>\n\t\t\t\t<section class=\"elementor-section elementor-top-section elementor-element elementor-element-dc6a4e3 elementor-section-boxed elementor-section-height-default elementor-section-height-default\" data-id=\"dc6a4e3\" data-element_type=\"section\" data-e-type=\"section\" data-settings=\"{&quot;background_background&quot;:&quot;classic&quot;}\">\n\t\t\t\t\t\t<div class=\"elementor-container elementor-column-gap-no\">\n\t\t\t\t\t<div class=\"elementor-column elementor-col-100 elementor-top-column elementor-element elementor-element-0e2a233\" data-id=\"0e2a233\" data-element_type=\"column\" data-e-type=\"column\">\n\t\t\t<div class=\"elementor-widget-wrap elementor-element-populated\">\n\t\t\t\t\t\t<div class=\"elementor-element elementor-element-dcd18bc elementor-position-top elementor-widget elementor-widget-image-box\" data-id=\"dcd18bc\" data-element_type=\"widget\" data-e-type=\"widget\" data-widget_type=\"image-box.default\">\n\t\t\t\t<div class=\"elementor-widget-container\">\n\t\t\t\t\t<div class=\"elementor-image-box-wrapper\"><figure class=\"elementor-image-box-img\"><img decoding=\"async\" width=\"1600\" height=\"900\" src=\"https:\/\/peipsikaup.ee\/wp-content\/uploads\/2021\/05\/Peipsikaup_Rapina-loomemaja-veinimeister_Olav-Pihlapuu-1.jpg\" class=\"attachment-full size-full wp-image-3123\" alt=\"Olavi Pihlapuu, winemaker of R\u00e4pina Creative House\" srcset=\"https:\/\/peipsikaup.ee\/wp-content\/uploads\/2021\/05\/Peipsikaup_Rapina-loomemaja-veinimeister_Olav-Pihlapuu-1.jpg 1600w, https:\/\/peipsikaup.ee\/wp-content\/uploads\/2021\/05\/Peipsikaup_Rapina-loomemaja-veinimeister_Olav-Pihlapuu-1-300x169.jpg 300w, https:\/\/peipsikaup.ee\/wp-content\/uploads\/2021\/05\/Peipsikaup_Rapina-loomemaja-veinimeister_Olav-Pihlapuu-1-1024x576.jpg 1024w, https:\/\/peipsikaup.ee\/wp-content\/uploads\/2021\/05\/Peipsikaup_Rapina-loomemaja-veinimeister_Olav-Pihlapuu-1-768x432.jpg 768w, https:\/\/peipsikaup.ee\/wp-content\/uploads\/2021\/05\/Peipsikaup_Rapina-loomemaja-veinimeister_Olav-Pihlapuu-1-1536x864.jpg 1536w, https:\/\/peipsikaup.ee\/wp-content\/uploads\/2021\/05\/Peipsikaup_Rapina-loomemaja-veinimeister_Olav-Pihlapuu-1-600x338.jpg 600w\" sizes=\"(max-width: 1600px) 100vw, 1600px\" \/><\/figure><\/div>\t\t\t\t<\/div>\n\t\t\t\t<\/div>\n\t\t\t\t<div class=\"elementor-element elementor-element-e075a06 elementor-widget elementor-widget-heading\" data-id=\"e075a06\" data-element_type=\"widget\" data-e-type=\"widget\" data-widget_type=\"heading.default\">\n\t\t\t\t<div class=\"elementor-widget-container\">\n\t\t\t\t\t<h2 class=\"elementor-heading-title elementor-size-default\">How do I do that?<\/h2>\t\t\t\t<\/div>\n\t\t\t\t<\/div>\n\t\t\t\t<div class=\"elementor-element elementor-element-863954d elementor-widget elementor-widget-text-editor\" data-id=\"863954d\" data-element_type=\"widget\" data-e-type=\"widget\" data-widget_type=\"text-editor.default\">\n\t\t\t\t<div class=\"elementor-widget-container\">\n\t\t\t\t\t\t\t\t\t<p>When starting winemaking, you need to consider what kind of berry year it is. Each berry behaves differently and every year the berries of the same variety come a little different.<span class=\"Apple-converted-space\"> <\/span><\/p>\n<p>If it&#8217;s still a very good rowan year, you should think of rowan wine. After we pick beautiful berries, we squeeze the juice from them. Of course, some berries, such as rowan and atch, are first frozen. As this process brings out the natural sugars and the wine becomes sweeter. After pressing, we put the juice in a fermentation vessel and add wine yeast, with the help of which the fermentation process begins. The fermentation process takes four to eight weeks, depending on the amount of sugar and the fermentation temperature. Once this process has been completed and the wine has reached its strength, the fermentation must be stopped, with the addition of stops, and then clarified. When all is done, all you have to do is post-season, bottle it and age it.<span class=\"Apple-converted-space\"> <\/span><\/p>\n<p>Since winemaking is a big science, we also learn something new every year.<\/p>\n\t\t\t\t\t\t\t\t<\/div>\n\t\t\t\t<\/div>\n\t\t\t\t<div class=\"elementor-element elementor-element-f5c8852 elementor-mobile-align-center elementor-align-center elementor-widget elementor-widget-button\" data-id=\"f5c8852\" data-element_type=\"widget\" data-e-type=\"widget\" data-widget_type=\"button.default\">\n\t\t\t\t<div class=\"elementor-widget-container\">\n\t\t\t\t\t\t\t\t\t<div class=\"elementor-button-wrapper\">\n\t\t\t\t\t<a class=\"elementor-button elementor-button-link elementor-size-md\" href=\"https:\/\/peipsikaup.ee\/ru\/product-category\/rapina-creative-house-products\/?lang=en\">\n\t\t\t\t\t\t<span class=\"elementor-button-content-wrapper\">\n\t\t\t\t\t\t\t\t\t<span class=\"elementor-button-text\">my products<\/span>\n\t\t\t\t\t<\/span>\n\t\t\t\t\t<\/a>\n\t\t\t\t<\/div>\n\t\t\t\t\t\t\t\t<\/div>\n\t\t\t\t<\/div>\n\t\t\t\t\t<\/div>\n\t\t<\/div>\n\t\t\t\t\t<\/div>\n\t\t<\/section>\n\t\t\t\t<\/div>","protected":false},"excerpt":{"rendered":"<p>Master&#8217;s story Olav Pihlapuu Winemaker of R\u00e4pina Creative House my products The stable shed, built in the 19th century for R\u00e4pina manor, was acquired by R\u00e4pina municipality in 2012 and began to live a completely different and variegated life. The R\u00e4pina Creative House is born of the idea that our people deserve a place to &hellip;<\/p>\n<p class=\"read-more\"> <a class=\"\" href=\"https:\/\/peipsikaup.ee\/ru\/masters\/olav-pihlapuu\/\"> <span class=\"screen-reader-text\">\u041e\u043b\u0430\u0432 \u041f\u0438\u0445\u043b\u0430\u043f\u0443\u0443<\/span> \u0427\u0438\u0442\u0430\u0442\u044c \u0434\u0430\u043b\u0435\u0435 &raquo;<\/a><\/p>","protected":false},"author":2,"featured_media":0,"parent":4581,"menu_order":0,"comment_status":"closed","ping_status":"closed","template":"","meta":{"site-sidebar-layout":"no-sidebar","site-content-layout":"page-builder","ast-global-header-display":"","ast-main-header-display":"","ast-hfb-above-header-display":"","ast-hfb-below-header-display":"","ast-hfb-mobile-header-display":"","site-post-title":"disabled","ast-breadcrumbs-content":"","ast-featured-img":"disabled","footer-sml-layout":"","theme-transparent-header-meta":"enabled","adv-header-id-meta":"","stick-header-meta":"default","header-above-stick-meta":"","header-main-stick-meta":"","header-below-stick-meta":"","footnotes":""},"class_list":["post-3974","page","type-page","status-publish","hentry"],"yoast_head":"<!-- This site is optimized with the Yoast SEO plugin v27.2 - https:\/\/yoast.com\/product\/yoast-seo-wordpress\/ -->\n<title>Olav Pihlapuu - Peipsi kaup<\/title>\n<meta name=\"robots\" content=\"index, follow, max-snippet:-1, max-image-preview:large, max-video-preview:-1\" \/>\n<link rel=\"canonical\" href=\"https:\/\/peipsikaup.ee\/ru\/masters__trashed\/olav-pihlapuu\/\" \/>\n<meta property=\"og:locale\" content=\"ru_RU\" \/>\n<meta property=\"og:type\" content=\"article\" \/>\n<meta property=\"og:title\" content=\"Olav Pihlapuu - Peipsi kaup\" \/>\n<meta property=\"og:description\" content=\"Master&#8217;s story Olav Pihlapuu Winemaker of R\u00e4pina Creative House my products The stable shed, built in the 19th century for R\u00e4pina manor, was acquired by R\u00e4pina municipality in 2012 and began to live a completely different and variegated life. The R\u00e4pina Creative House is born of the idea that our people deserve a place to &hellip; Olav Pihlapuu \u0427\u0438\u0442\u0430\u0442\u044c \u0434\u0430\u043b\u0435\u0435 &raquo;\" \/>\n<meta property=\"og:url\" content=\"https:\/\/peipsikaup.ee\/ru\/masters__trashed\/olav-pihlapuu\/\" \/>\n<meta property=\"og:site_name\" content=\"Peipsi kaup\" \/>\n<meta property=\"article:modified_time\" content=\"2021-09-30T21:50:17+00:00\" \/>\n<meta property=\"og:image\" content=\"https:\/\/peipsikaup.ee\/wp-content\/uploads\/2021\/05\/Peipsikaup_Rapina-loomemaja-veinimeister_Olav-Pihlapuu.jpg\" \/>\n<meta name=\"twitter:card\" content=\"summary_large_image\" \/>\n<meta name=\"twitter:label1\" content=\"\u041f\u0440\u0438\u043c\u0435\u0440\u043d\u043e\u0435 \u0432\u0440\u0435\u043c\u044f \u0434\u043b\u044f \u0447\u0442\u0435\u043d\u0438\u044f\" \/>\n\t<meta name=\"twitter:data1\" content=\"3 \u043c\u0438\u043d\u0443\u0442\u044b\" \/>\n<script type=\"application\/ld+json\" class=\"yoast-schema-graph\">{\"@context\":\"https:\/\/schema.org\",\"@graph\":[{\"@type\":\"WebPage\",\"@id\":\"https:\/\/peipsikaup.ee\/masters__trashed\/olav-pihlapuu\/\",\"url\":\"https:\/\/peipsikaup.ee\/masters__trashed\/olav-pihlapuu\/\",\"name\":\"Olav Pihlapuu - Peipsi kaup\",\"isPartOf\":{\"@id\":\"https:\/\/peipsikaup.ee\/#website\"},\"primaryImageOfPage\":{\"@id\":\"https:\/\/peipsikaup.ee\/masters__trashed\/olav-pihlapuu\/#primaryimage\"},\"image\":{\"@id\":\"https:\/\/peipsikaup.ee\/masters__trashed\/olav-pihlapuu\/#primaryimage\"},\"thumbnailUrl\":\"https:\/\/peipsikaup.ee\/wp-content\/uploads\/2021\/05\/Peipsikaup_Rapina-loomemaja-veinimeister_Olav-Pihlapuu.jpg\",\"datePublished\":\"2021-09-28T10:08:59+00:00\",\"dateModified\":\"2021-09-30T21:50:17+00:00\",\"breadcrumb\":{\"@id\":\"https:\/\/peipsikaup.ee\/masters__trashed\/olav-pihlapuu\/#breadcrumb\"},\"inLanguage\":\"ru-RU\",\"potentialAction\":[{\"@type\":\"ReadAction\",\"target\":[\"https:\/\/peipsikaup.ee\/masters__trashed\/olav-pihlapuu\/\"]}]},{\"@type\":\"ImageObject\",\"inLanguage\":\"ru-RU\",\"@id\":\"https:\/\/peipsikaup.ee\/masters__trashed\/olav-pihlapuu\/#primaryimage\",\"url\":\"https:\/\/peipsikaup.ee\/wp-content\/uploads\/2021\/05\/Peipsikaup_Rapina-loomemaja-veinimeister_Olav-Pihlapuu.jpg\",\"contentUrl\":\"https:\/\/peipsikaup.ee\/wp-content\/uploads\/2021\/05\/Peipsikaup_Rapina-loomemaja-veinimeister_Olav-Pihlapuu.jpg\"},{\"@type\":\"BreadcrumbList\",\"@id\":\"https:\/\/peipsikaup.ee\/masters__trashed\/olav-pihlapuu\/#breadcrumb\",\"itemListElement\":[{\"@type\":\"ListItem\",\"position\":1,\"name\":\"Home\",\"item\":\"https:\/\/peipsikaup.ee\/\"},{\"@type\":\"ListItem\",\"position\":2,\"name\":\"Masters\",\"item\":\"https:\/\/peipsikaup.ee\/?page_id=4581\"},{\"@type\":\"ListItem\",\"position\":3,\"name\":\"Olav Pihlapuu\"}]},{\"@type\":\"WebSite\",\"@id\":\"https:\/\/peipsikaup.ee\/#website\",\"url\":\"https:\/\/peipsikaup.ee\/\",\"name\":\"Peipsi kaup\",\"description\":\"eheda ja isikup\u00e4rase k\u00e4sit\u00f6\u00f6 veebipood\",\"publisher\":{\"@id\":\"https:\/\/peipsikaup.ee\/#organization\"},\"potentialAction\":[{\"@type\":\"SearchAction\",\"target\":{\"@type\":\"EntryPoint\",\"urlTemplate\":\"https:\/\/peipsikaup.ee\/?s={search_term_string}\"},\"query-input\":{\"@type\":\"PropertyValueSpecification\",\"valueRequired\":true,\"valueName\":\"search_term_string\"}}],\"inLanguage\":\"ru-RU\"},{\"@type\":\"Organization\",\"@id\":\"https:\/\/peipsikaup.ee\/#organization\",\"name\":\"Peipsi kaup\",\"url\":\"https:\/\/peipsikaup.ee\/\",\"logo\":{\"@type\":\"ImageObject\",\"inLanguage\":\"ru-RU\",\"@id\":\"https:\/\/peipsikaup.ee\/#\/schema\/logo\/image\/\",\"url\":\"https:\/\/peipsikaup.ee\/wp-content\/uploads\/2022\/01\/cropped-Peipsikaup-loho-pisike.png\",\"contentUrl\":\"https:\/\/peipsikaup.ee\/wp-content\/uploads\/2022\/01\/cropped-Peipsikaup-loho-pisike.png\",\"width\":180,\"height\":60,\"caption\":\"Peipsi kaup\"},\"image\":{\"@id\":\"https:\/\/peipsikaup.ee\/#\/schema\/logo\/image\/\"}}]}<\/script>\n<!-- \/ Yoast SEO plugin. -->","yoast_head_json":{"title":"Olav Pihlapuu - Peipsi kaup","robots":{"index":"index","follow":"follow","max-snippet":"max-snippet:-1","max-image-preview":"max-image-preview:large","max-video-preview":"max-video-preview:-1"},"canonical":"https:\/\/peipsikaup.ee\/ru\/masters__trashed\/olav-pihlapuu\/","og_locale":"ru_RU","og_type":"article","og_title":"Olav Pihlapuu - Peipsi kaup","og_description":"Master&#8217;s story Olav Pihlapuu Winemaker of R\u00e4pina Creative House my products The stable shed, built in the 19th century for R\u00e4pina manor, was acquired by R\u00e4pina municipality in 2012 and began to live a completely different and variegated life. The R\u00e4pina Creative House is born of the idea that our people deserve a place to &hellip; Olav Pihlapuu \u0427\u0438\u0442\u0430\u0442\u044c \u0434\u0430\u043b\u0435\u0435 &raquo;","og_url":"https:\/\/peipsikaup.ee\/ru\/masters__trashed\/olav-pihlapuu\/","og_site_name":"Peipsi kaup","article_modified_time":"2021-09-30T21:50:17+00:00","og_image":[{"url":"https:\/\/peipsikaup.ee\/wp-content\/uploads\/2021\/05\/Peipsikaup_Rapina-loomemaja-veinimeister_Olav-Pihlapuu.jpg","type":"","width":"","height":""}],"twitter_card":"summary_large_image","twitter_misc":{"\u041f\u0440\u0438\u043c\u0435\u0440\u043d\u043e\u0435 \u0432\u0440\u0435\u043c\u044f \u0434\u043b\u044f \u0447\u0442\u0435\u043d\u0438\u044f":"3 \u043c\u0438\u043d\u0443\u0442\u044b"},"schema":{"@context":"https:\/\/schema.org","@graph":[{"@type":"WebPage","@id":"https:\/\/peipsikaup.ee\/masters__trashed\/olav-pihlapuu\/","url":"https:\/\/peipsikaup.ee\/masters__trashed\/olav-pihlapuu\/","name":"Olav Pihlapuu - Peipsi kaup","isPartOf":{"@id":"https:\/\/peipsikaup.ee\/#website"},"primaryImageOfPage":{"@id":"https:\/\/peipsikaup.ee\/masters__trashed\/olav-pihlapuu\/#primaryimage"},"image":{"@id":"https:\/\/peipsikaup.ee\/masters__trashed\/olav-pihlapuu\/#primaryimage"},"thumbnailUrl":"https:\/\/peipsikaup.ee\/wp-content\/uploads\/2021\/05\/Peipsikaup_Rapina-loomemaja-veinimeister_Olav-Pihlapuu.jpg","datePublished":"2021-09-28T10:08:59+00:00","dateModified":"2021-09-30T21:50:17+00:00","breadcrumb":{"@id":"https:\/\/peipsikaup.ee\/masters__trashed\/olav-pihlapuu\/#breadcrumb"},"inLanguage":"ru-RU","potentialAction":[{"@type":"ReadAction","target":["https:\/\/peipsikaup.ee\/masters__trashed\/olav-pihlapuu\/"]}]},{"@type":"ImageObject","inLanguage":"ru-RU","@id":"https:\/\/peipsikaup.ee\/masters__trashed\/olav-pihlapuu\/#primaryimage","url":"https:\/\/peipsikaup.ee\/wp-content\/uploads\/2021\/05\/Peipsikaup_Rapina-loomemaja-veinimeister_Olav-Pihlapuu.jpg","contentUrl":"https:\/\/peipsikaup.ee\/wp-content\/uploads\/2021\/05\/Peipsikaup_Rapina-loomemaja-veinimeister_Olav-Pihlapuu.jpg"},{"@type":"BreadcrumbList","@id":"https:\/\/peipsikaup.ee\/masters__trashed\/olav-pihlapuu\/#breadcrumb","itemListElement":[{"@type":"ListItem","position":1,"name":"Home","item":"https:\/\/peipsikaup.ee\/"},{"@type":"ListItem","position":2,"name":"Masters","item":"https:\/\/peipsikaup.ee\/?page_id=4581"},{"@type":"ListItem","position":3,"name":"Olav Pihlapuu"}]},{"@type":"WebSite","@id":"https:\/\/peipsikaup.ee\/#website","url":"https:\/\/peipsikaup.ee\/","name":"\u0422\u043e\u0440\u0433\u043e\u0432\u043b\u044f \u043d\u0430 \u0427\u0443\u0434\u0441\u043a\u043e\u043c \u043e\u0441\u0442\u0440\u043e\u0432\u0435","description":"eheda ja isikup\u00e4rase k\u00e4sit\u00f6\u00f6 veebipood","publisher":{"@id":"https:\/\/peipsikaup.ee\/#organization"},"potentialAction":[{"@type":"SearchAction","target":{"@type":"EntryPoint","urlTemplate":"https:\/\/peipsikaup.ee\/?s={search_term_string}"},"query-input":{"@type":"PropertyValueSpecification","valueRequired":true,"valueName":"search_term_string"}}],"inLanguage":"ru-RU"},{"@type":"Organization","@id":"https:\/\/peipsikaup.ee\/#organization","name":"\u0422\u043e\u0440\u0433\u043e\u0432\u043b\u044f \u043d\u0430 \u0427\u0443\u0434\u0441\u043a\u043e\u043c \u043e\u0441\u0442\u0440\u043e\u0432\u0435","url":"https:\/\/peipsikaup.ee\/","logo":{"@type":"ImageObject","inLanguage":"ru-RU","@id":"https:\/\/peipsikaup.ee\/#\/schema\/logo\/image\/","url":"https:\/\/peipsikaup.ee\/wp-content\/uploads\/2022\/01\/cropped-Peipsikaup-loho-pisike.png","contentUrl":"https:\/\/peipsikaup.ee\/wp-content\/uploads\/2022\/01\/cropped-Peipsikaup-loho-pisike.png","width":180,"height":60,"caption":"Peipsi kaup"},"image":{"@id":"https:\/\/peipsikaup.ee\/#\/schema\/logo\/image\/"}}]}},"_links":{"self":[{"href":"https:\/\/peipsikaup.ee\/ru\/wp-json\/wp\/v2\/pages\/3974","targetHints":{"allow":["GET"]}}],"collection":[{"href":"https:\/\/peipsikaup.ee\/ru\/wp-json\/wp\/v2\/pages"}],"about":[{"href":"https:\/\/peipsikaup.ee\/ru\/wp-json\/wp\/v2\/types\/page"}],"author":[{"embeddable":true,"href":"https:\/\/peipsikaup.ee\/ru\/wp-json\/wp\/v2\/users\/2"}],"replies":[{"embeddable":true,"href":"https:\/\/peipsikaup.ee\/ru\/wp-json\/wp\/v2\/comments?post=3974"}],"version-history":[{"count":0,"href":"https:\/\/peipsikaup.ee\/ru\/wp-json\/wp\/v2\/pages\/3974\/revisions"}],"up":[{"embeddable":true,"href":"https:\/\/peipsikaup.ee\/ru\/wp-json\/wp\/v2\/pages\/4581"}],"wp:attachment":[{"href":"https:\/\/peipsikaup.ee\/ru\/wp-json\/wp\/v2\/media?parent=3974"}],"curies":[{"name":"wp","href":"https:\/\/api.w.org\/{rel}","templated":true}]}}