{"id":3889,"date":"2021-09-26T21:07:38","date_gmt":"2021-09-26T21:07:38","guid":{"rendered":"https:\/\/peipsikaup.ee\/nati-asi\/"},"modified":"2021-09-26T21:07:40","modified_gmt":"2021-09-26T21:07:40","slug":"nati-asi","status":"publish","type":"page","link":"https:\/\/peipsikaup.ee\/ru\/meistari\/nati-asi\/","title":{"rendered":"\u041d\u0430\u0442\u0438 \u0410\u0441\u0438"},"content":{"rendered":"<div data-elementor-type=\"wp-post\" data-elementor-id=\"3889\" class=\"elementor elementor-3889\">\n\t\t\t\t\t\t<section class=\"elementor-section elementor-top-section elementor-element elementor-element-6ccdc95 elementor-section-content-middle elementor-section-boxed elementor-section-height-default elementor-section-height-default\" data-id=\"6ccdc95\" data-element_type=\"section\" data-e-type=\"section\" data-settings=\"{&quot;background_background&quot;:&quot;classic&quot;}\">\n\t\t\t\t\t\t\t<div class=\"elementor-background-overlay\"><\/div>\n\t\t\t\t\t\t\t<div class=\"elementor-container elementor-column-gap-no\">\n\t\t\t\t\t<div class=\"elementor-column elementor-col-100 elementor-top-column elementor-element elementor-element-4f6adc0\" data-id=\"4f6adc0\" data-element_type=\"column\" data-e-type=\"column\" data-settings=\"{&quot;background_background&quot;:&quot;classic&quot;}\">\n\t\t\t<div class=\"elementor-widget-wrap elementor-element-populated\">\n\t\t\t\t\t\t<div class=\"elementor-element elementor-element-179c706 elementor-widget elementor-widget-heading\" data-id=\"179c706\" data-element_type=\"widget\" data-e-type=\"widget\" data-widget_type=\"heading.default\">\n\t\t\t\t<div class=\"elementor-widget-container\">\n\t\t\t\t\t<h1 class=\"elementor-heading-title elementor-size-default\">Meistara st\u0101sts<\/h1>\t\t\t\t<\/div>\n\t\t\t\t<\/div>\n\t\t\t\t\t<\/div>\n\t\t<\/div>\n\t\t\t\t\t<\/div>\n\t\t<\/section>\n\t\t\t\t<section class=\"elementor-section elementor-top-section elementor-element elementor-element-6ec1e06 elementor-section-boxed elementor-section-height-default elementor-section-height-default\" data-id=\"6ec1e06\" data-element_type=\"section\" data-e-type=\"section\">\n\t\t\t\t\t\t<div class=\"elementor-container elementor-column-gap-default\">\n\t\t\t\t\t<div class=\"elementor-column elementor-col-100 elementor-top-column elementor-element elementor-element-e23d401\" data-id=\"e23d401\" data-element_type=\"column\" data-e-type=\"column\">\n\t\t\t<div class=\"elementor-widget-wrap elementor-element-populated\">\n\t\t\t\t\t\t<section class=\"elementor-section elementor-inner-section elementor-element elementor-element-e51aece elementor-section-boxed elementor-section-height-default elementor-section-height-default\" data-id=\"e51aece\" data-element_type=\"section\" data-e-type=\"section\">\n\t\t\t\t\t\t<div class=\"elementor-container elementor-column-gap-no\">\n\t\t\t\t\t<div class=\"elementor-column elementor-col-33 elementor-inner-column elementor-element elementor-element-3c3eb1f\" data-id=\"3c3eb1f\" data-element_type=\"column\" data-e-type=\"column\">\n\t\t\t<div class=\"elementor-widget-wrap elementor-element-populated\">\n\t\t\t\t\t\t<div class=\"elementor-element elementor-element-334895d elementor-position-top elementor-widget elementor-widget-image-box\" data-id=\"334895d\" data-element_type=\"widget\" data-e-type=\"widget\" data-widget_type=\"image-box.default\">\n\t\t\t\t<div class=\"elementor-widget-container\">\n\t\t\t\t\t<div class=\"elementor-image-box-wrapper\"><figure class=\"elementor-image-box-img\"><img fetchpriority=\"high\" decoding=\"async\" width=\"900\" height=\"1600\" src=\"https:\/\/peipsikaup.ee\/wp-content\/uploads\/2021\/05\/Peipsikaup_meister_Nati-Asi.jpg\" class=\"attachment-full size-full wp-image-2785\" alt=\"Peipsikaup ap\u0123\u0113rbu meistare Nati Asi\" srcset=\"https:\/\/peipsikaup.ee\/wp-content\/uploads\/2021\/05\/Peipsikaup_meister_Nati-Asi.jpg 900w, https:\/\/peipsikaup.ee\/wp-content\/uploads\/2021\/05\/Peipsikaup_meister_Nati-Asi-169x300.jpg 169w, https:\/\/peipsikaup.ee\/wp-content\/uploads\/2021\/05\/Peipsikaup_meister_Nati-Asi-576x1024.jpg 576w, https:\/\/peipsikaup.ee\/wp-content\/uploads\/2021\/05\/Peipsikaup_meister_Nati-Asi-768x1365.jpg 768w, https:\/\/peipsikaup.ee\/wp-content\/uploads\/2021\/05\/Peipsikaup_meister_Nati-Asi-864x1536.jpg 864w, https:\/\/peipsikaup.ee\/wp-content\/uploads\/2021\/05\/Peipsikaup_meister_Nati-Asi-600x1067.jpg 600w\" sizes=\"(max-width: 900px) 100vw, 900px\" \/><\/figure><div class=\"elementor-image-box-content\"><h3 class=\"elementor-image-box-title\">\u041d\u0430\u0442\u0438 \u0410\u0441\u0438<\/h3><p class=\"elementor-image-box-description\">ap\u0123\u0113rbu meistars<\/p><\/div><\/div>\t\t\t\t<\/div>\n\t\t\t\t<\/div>\n\t\t\t\t<div class=\"elementor-element elementor-element-e028703 elementor-mobile-align-center elementor-align-center elementor-widget elementor-widget-button\" data-id=\"e028703\" data-element_type=\"widget\" data-e-type=\"widget\" data-widget_type=\"button.default\">\n\t\t\t\t<div class=\"elementor-widget-container\">\n\t\t\t\t\t\t\t\t\t<div class=\"elementor-button-wrapper\">\n\t\t\t\t\t<a class=\"elementor-button elementor-button-link elementor-size-md\" href=\"https:\/\/peipsikaup.ee\/ru\/product-category\/nati-asi-tooted\/\">\n\t\t\t\t\t\t<span class=\"elementor-button-content-wrapper\">\n\t\t\t\t\t\t\t\t\t<span class=\"elementor-button-text\">mani produkti<\/span>\n\t\t\t\t\t<\/span>\n\t\t\t\t\t<\/a>\n\t\t\t\t<\/div>\n\t\t\t\t\t\t\t\t<\/div>\n\t\t\t\t<\/div>\n\t\t\t\t\t<\/div>\n\t\t<\/div>\n\t\t\t\t<div class=\"elementor-column elementor-col-66 elementor-inner-column elementor-element elementor-element-1e69e34\" data-id=\"1e69e34\" data-element_type=\"column\" data-e-type=\"column\">\n\t\t\t<div class=\"elementor-widget-wrap elementor-element-populated\">\n\t\t\t\t\t\t<div class=\"elementor-element elementor-element-217c6ee elementor-widget elementor-widget-text-editor\" data-id=\"217c6ee\" data-element_type=\"widget\" data-e-type=\"widget\" data-widget_type=\"text-editor.default\">\n\t\t\t\t<div class=\"elementor-widget-container\">\n\t\t\t\t\t\t\t\t\t<p>Esmu m\u0101c\u012bjis b\u0113rniem, gan maziem, gan veciem, par sava apzin\u0101t\u0101 darbinieka dz\u012bvi. P\u0113c profesijas klases audzin\u0101t\u0101ja, v\u0113l\u0101k ar\u012b uzlabojusies k\u0101 b\u0113rnud\u0101rza audzin\u0101t\u0101ja. Man pat\u012bk maza cilv\u0113ka patiesa v\u0113lme un interese sajust, paman\u012bt un piedz\u012bvot kaut ko piln\u012bgi jaunu un aizraujo\u0161u. \u0160is atkl\u0101jumu ce\u013cojums skolot\u0101jam ir liela atbild\u012bba, jo katram acu p\u0101rim dz\u012bves ce\u013cojuma s\u0101kum\u0101 ir j\u0101piedz\u012bvo un j\u0101redz t\u0101s v\u0113rt\u012bbas, kas vi\u0146us pavad\u012btu visas dz\u012bves garum\u0101.<\/p>\n<p>Skolot\u0101ja darbs ir unik\u0101ls katru dienu, tom\u0113r mana slepen\u0101 v\u0113lme bija kaut ko dar\u012bt ar sav\u0101m rok\u0101m. Man jau skol\u0101 patika rokdarbi, bet toreiz nebija laika tiem piev\u0113rst liel\u0101ku uzman\u012bbu. Citi hobiji ir dzied\u0101\u0161ana, tautas dejas un rokdarbi.<\/p>\n<p>T\u0101 k\u0101 esmu senais reperis, nol\u0113mu stud\u0113t R\u00e4pinu<span class=\"Apple-converted-space\">  <\/span>D\u0101rzkop\u012bbas skola, kas specializ\u0113jas nacion\u0101lajos tekstilizstr\u0101d\u0101jumos. Skola papla\u0161in\u0101ja manu redzesloku un padar\u012bja mani par amatniec\u012bbas atkar\u012bgo lab\u0101 noz\u012bm\u0113. Skol\u0101 m\u0113s apguv\u0101m daudzas da\u017e\u0101das tehnikas, bet mani visvair\u0101k piesaist\u012bja \u0161\u016b\u0161ana. Papildus ikdienas m\u0101c\u012b\u0161anas darbam esmu uzlabojis savas prasmes ar\u012b Tartu Tautas universit\u0101t\u0113. Mana jaun\u0101 m\u012blest\u012bba ir \u0113rti ap\u0123\u0113rbi no dab\u012bgiem audumiem gan b\u0113rniem, gan vi\u0146u m\u0101t\u0113m.<span class=\"Apple-converted-space\"> <\/span><\/p>\n<p>Es atceros pirm\u0101s dr\u0113bes savam mazajam d\u0113lam. Veikal\u0101 nebija lielas izv\u0113les, bet d\u0113lam vajadz\u0113ja dab\u016bt ko jauku. \u0160uvu pati! God\u012bgi sakot, man v\u0113l bija drosme, jo \u012bsti nem\u0101c\u0113ju \u0161\u016bt. Griba bija \u013coti liela! \u0160\u012b griba pa\u0161am kaut ko rad\u012bt un \u0161\u016bt vienm\u0113r ir bijusi ar mani.<\/p>\n\t\t\t\t\t\t\t\t<\/div>\n\t\t\t\t<\/div>\n\t\t\t\t\t<\/div>\n\t\t<\/div>\n\t\t\t\t\t<\/div>\n\t\t<\/section>\n\t\t\t\t\t<\/div>\n\t\t<\/div>\n\t\t\t\t\t<\/div>\n\t\t<\/section>\n\t\t\t\t<section class=\"elementor-section elementor-top-section elementor-element elementor-element-dc6a4e3 elementor-section-boxed elementor-section-height-default elementor-section-height-default\" data-id=\"dc6a4e3\" data-element_type=\"section\" data-e-type=\"section\" data-settings=\"{&quot;background_background&quot;:&quot;classic&quot;}\">\n\t\t\t\t\t\t<div class=\"elementor-container elementor-column-gap-no\">\n\t\t\t\t\t<div class=\"elementor-column elementor-col-100 elementor-top-column elementor-element elementor-element-0e2a233\" data-id=\"0e2a233\" data-element_type=\"column\" data-e-type=\"column\">\n\t\t\t<div class=\"elementor-widget-wrap elementor-element-populated\">\n\t\t\t\t\t\t<div class=\"elementor-element elementor-element-8115b95 elementor-position-top elementor-widget elementor-widget-image-box\" data-id=\"8115b95\" data-element_type=\"widget\" data-e-type=\"widget\" data-widget_type=\"image-box.default\">\n\t\t\t\t<div class=\"elementor-widget-container\">\n\t\t\t\t\t<div class=\"elementor-image-box-wrapper\"><figure class=\"elementor-image-box-img\"><img decoding=\"async\" width=\"1600\" height=\"900\" src=\"https:\/\/peipsikaup.ee\/wp-content\/uploads\/2021\/05\/Peipsikaup_meister-ateljees_Nati-Asi.jpg\" class=\"attachment-full size-full wp-image-2788\" alt=\"Peipsikaup ap\u0123\u0113rbu meistares Nati Asi studija\" srcset=\"https:\/\/peipsikaup.ee\/wp-content\/uploads\/2021\/05\/Peipsikaup_meister-ateljees_Nati-Asi.jpg 1600w, https:\/\/peipsikaup.ee\/wp-content\/uploads\/2021\/05\/Peipsikaup_meister-ateljees_Nati-Asi-300x169.jpg 300w, https:\/\/peipsikaup.ee\/wp-content\/uploads\/2021\/05\/Peipsikaup_meister-ateljees_Nati-Asi-1024x576.jpg 1024w, https:\/\/peipsikaup.ee\/wp-content\/uploads\/2021\/05\/Peipsikaup_meister-ateljees_Nati-Asi-768x432.jpg 768w, https:\/\/peipsikaup.ee\/wp-content\/uploads\/2021\/05\/Peipsikaup_meister-ateljees_Nati-Asi-1536x864.jpg 1536w, https:\/\/peipsikaup.ee\/wp-content\/uploads\/2021\/05\/Peipsikaup_meister-ateljees_Nati-Asi-600x338.jpg 600w\" sizes=\"(max-width: 1600px) 100vw, 1600px\" \/><\/figure><\/div>\t\t\t\t<\/div>\n\t\t\t\t<\/div>\n\t\t\t\t<div class=\"elementor-element elementor-element-e075a06 elementor-widget elementor-widget-heading\" data-id=\"e075a06\" data-element_type=\"widget\" data-e-type=\"widget\" data-widget_type=\"heading.default\">\n\t\t\t\t<div class=\"elementor-widget-container\">\n\t\t\t\t\t<h2 class=\"elementor-heading-title elementor-size-default\">K\u0101 lai es to izdaru?<\/h2>\t\t\t\t<\/div>\n\t\t\t\t<\/div>\n\t\t\t\t<div class=\"elementor-element elementor-element-863954d elementor-widget elementor-widget-text-editor\" data-id=\"863954d\" data-element_type=\"widget\" data-e-type=\"widget\" data-widget_type=\"text-editor.default\">\n\t\t\t\t<div class=\"elementor-widget-container\">\n\t\t\t\t\t\t\t\t\t<p>Viss s\u0101kas ar audumu. Turot rok\u0101 jauno audumu, uzreiz s\u0101k kust\u0113ties ideja &#8211; kuram piest\u0101v\u0113tu, k\u0101d\u0101 stil\u0101 ap\u0123\u0113rbam j\u0101b\u016bt un daudz da\u017e\u0101du domu. Man pat\u012bk sp\u0113l\u0113ties ar audumiem. Ja tas<span class=\"Apple-converted-space\">  <\/span>da\u017e\u0101di mode\u013ci un kr\u0101sas kop\u0101, radot aizraujo\u0161as individu\u0101las dr\u0113bes, k\u0101 ar\u012b komplektus un t\u0101 saucamos atsevi\u0161\u0137os komplektus m\u0101tei-b\u0113rnam, br\u0101\u013ciem un m\u0101s\u0101m utt.<\/p>\n<p>Manis rad\u012btie ap\u0123\u0113rbi man ir \u013coti svar\u012bgi.<span class=\"Apple-converted-space\">  <\/span>Es rakst\u012bju disert\u0101ciju R\u0113pinas d\u0101rzkop\u012bbas skol\u0101, kur s\u012bk\u0101k p\u0113t\u012bju R\u0113pinas tautas t\u0113rpa simboliku. Izstr\u0101d\u0101jot savu z\u012bmolu, mani iedvesmojusi R\u00e4pina tautas t\u0113rpu burtu josta. Es izmantoju \u0161o modeli ar cie\u0146u un lepnumu. Es sav\u0101m rad\u012btaj\u0101m dr\u0113b\u0113m pievienoju z\u012bmolu.<\/p>\n<p>Kas man liek virz\u012bties uz priek\u0161u? Atsauksmes un sirsn\u012bgs prieks un pateic\u012bba no mana valk\u0101t\u0101ja. Kad ielu ain\u0101 ieraugu savas rad\u012bt\u0101s dr\u0113bes, tas dod drosmi r\u012bkoties un noteikti silda sirdi!<\/p>\n\t\t\t\t\t\t\t\t<\/div>\n\t\t\t\t<\/div>\n\t\t\t\t<div class=\"elementor-element elementor-element-f5c8852 elementor-mobile-align-center elementor-align-center elementor-widget elementor-widget-button\" data-id=\"f5c8852\" data-element_type=\"widget\" data-e-type=\"widget\" data-widget_type=\"button.default\">\n\t\t\t\t<div class=\"elementor-widget-container\">\n\t\t\t\t\t\t\t\t\t<div class=\"elementor-button-wrapper\">\n\t\t\t\t\t<a class=\"elementor-button elementor-button-link elementor-size-md\" href=\"https:\/\/peipsikaup.ee\/ru\/product-category\/nati-asi-tooted\/\">\n\t\t\t\t\t\t<span class=\"elementor-button-content-wrapper\">\n\t\t\t\t\t\t\t\t\t<span class=\"elementor-button-text\">mani produkti<\/span>\n\t\t\t\t\t<\/span>\n\t\t\t\t\t<\/a>\n\t\t\t\t<\/div>\n\t\t\t\t\t\t\t\t<\/div>\n\t\t\t\t<\/div>\n\t\t\t\t\t<\/div>\n\t\t<\/div>\n\t\t\t\t\t<\/div>\n\t\t<\/section>\n\t\t\t\t<\/div>","protected":false},"excerpt":{"rendered":"<p>Meistara st\u0101sts Nati Asi ap\u0123\u0113rbu meistars mani produkti Esmu m\u0101c\u012bjis b\u0113rniem, gan maziem, gan veciem, par sava apzin\u0101t\u0101 darbinieka dz\u012bvi. P\u0113c profesijas klases audzin\u0101t\u0101ja, v\u0113l\u0101k ar\u012b uzlabojusies k\u0101 b\u0113rnud\u0101rza audzin\u0101t\u0101ja. Man pat\u012bk maza cilv\u0113ka patiesa v\u0113lme un interese sajust, paman\u012bt un piedz\u012bvot kaut ko piln\u012bgi jaunu un aizraujo\u0161u. \u0160is atkl\u0101jumu ce\u013cojums skolot\u0101jam ir liela atbild\u012bba, &hellip;<\/p>\n<p class=\"read-more\"> <a class=\"\" href=\"https:\/\/peipsikaup.ee\/ru\/meistari\/nati-asi\/\"> <span class=\"screen-reader-text\">\u041d\u0430\u0442\u0438 \u0410\u0441\u0438<\/span> \u0427\u0438\u0442\u0430\u0442\u044c \u0434\u0430\u043b\u0435\u0435 &raquo;<\/a><\/p>","protected":false},"author":2,"featured_media":0,"parent":4585,"menu_order":0,"comment_status":"closed","ping_status":"closed","template":"","meta":{"site-sidebar-layout":"no-sidebar","site-content-layout":"page-builder","ast-global-header-display":"","ast-main-header-display":"","ast-hfb-above-header-display":"","ast-hfb-below-header-display":"","ast-hfb-mobile-header-display":"","site-post-title":"disabled","ast-breadcrumbs-content":"","ast-featured-img":"disabled","footer-sml-layout":"","theme-transparent-header-meta":"enabled","adv-header-id-meta":"","stick-header-meta":"default","header-above-stick-meta":"","header-main-stick-meta":"","header-below-stick-meta":"","footnotes":""},"class_list":["post-3889","page","type-page","status-publish","hentry"],"yoast_head":"<!-- This site is optimized with the Yoast SEO plugin v27.2 - https:\/\/yoast.com\/product\/yoast-seo-wordpress\/ -->\n<title>Nati Asi - Peipsi kaup<\/title>\n<meta name=\"robots\" content=\"index, follow, max-snippet:-1, max-image-preview:large, max-video-preview:-1\" \/>\n<link rel=\"canonical\" href=\"https:\/\/peipsikaup.ee\/ru\/meistari\/nati-asi\/?lang=lv\" \/>\n<meta property=\"og:locale\" content=\"ru_RU\" \/>\n<meta property=\"og:type\" content=\"article\" \/>\n<meta property=\"og:title\" content=\"Nati Asi - Peipsi kaup\" \/>\n<meta property=\"og:description\" content=\"Meistara st\u0101sts Nati Asi ap\u0123\u0113rbu meistars mani produkti Esmu m\u0101c\u012bjis b\u0113rniem, gan maziem, gan veciem, par sava apzin\u0101t\u0101 darbinieka dz\u012bvi. P\u0113c profesijas klases audzin\u0101t\u0101ja, v\u0113l\u0101k ar\u012b uzlabojusies k\u0101 b\u0113rnud\u0101rza audzin\u0101t\u0101ja. Man pat\u012bk maza cilv\u0113ka patiesa v\u0113lme un interese sajust, paman\u012bt un piedz\u012bvot kaut ko piln\u012bgi jaunu un aizraujo\u0161u. \u0160is atkl\u0101jumu ce\u013cojums skolot\u0101jam ir liela atbild\u012bba, &hellip; Nati Asi \u0427\u0438\u0442\u0430\u0442\u044c \u0434\u0430\u043b\u0435\u0435 &raquo;\" \/>\n<meta property=\"og:url\" content=\"https:\/\/peipsikaup.ee\/ru\/meistari\/nati-asi\/?lang=lv\" \/>\n<meta property=\"og:site_name\" content=\"Peipsi kaup\" \/>\n<meta property=\"article:modified_time\" content=\"2021-09-26T21:07:40+00:00\" \/>\n<meta property=\"og:image\" content=\"https:\/\/peipsikaup.ee\/wp-content\/uploads\/2021\/05\/Peipsikaup_meister_Nati-Asi.jpg\" \/>\n<meta name=\"twitter:card\" content=\"summary_large_image\" \/>\n<meta name=\"twitter:label1\" content=\"\u041f\u0440\u0438\u043c\u0435\u0440\u043d\u043e\u0435 \u0432\u0440\u0435\u043c\u044f \u0434\u043b\u044f \u0447\u0442\u0435\u043d\u0438\u044f\" \/>\n\t<meta name=\"twitter:data1\" content=\"3 \u043c\u0438\u043d\u0443\u0442\u044b\" \/>\n<script type=\"application\/ld+json\" class=\"yoast-schema-graph\">{\"@context\":\"https:\/\/schema.org\",\"@graph\":[{\"@type\":\"WebPage\",\"@id\":\"https:\/\/peipsikaup.ee\/meistari\/nati-asi\/?lang=lv\",\"url\":\"https:\/\/peipsikaup.ee\/meistari\/nati-asi\/?lang=lv\",\"name\":\"Nati Asi - Peipsi kaup\",\"isPartOf\":{\"@id\":\"https:\/\/peipsikaup.ee\/#website\"},\"primaryImageOfPage\":{\"@id\":\"https:\/\/peipsikaup.ee\/meistari\/nati-asi\/?lang=lv#primaryimage\"},\"image\":{\"@id\":\"https:\/\/peipsikaup.ee\/meistari\/nati-asi\/?lang=lv#primaryimage\"},\"thumbnailUrl\":\"https:\/\/peipsikaup.ee\/wp-content\/uploads\/2021\/05\/Peipsikaup_meister_Nati-Asi.jpg\",\"datePublished\":\"2021-09-26T21:07:38+00:00\",\"dateModified\":\"2021-09-26T21:07:40+00:00\",\"breadcrumb\":{\"@id\":\"https:\/\/peipsikaup.ee\/meistari\/nati-asi\/?lang=lv#breadcrumb\"},\"inLanguage\":\"ru-RU\",\"potentialAction\":[{\"@type\":\"ReadAction\",\"target\":[\"https:\/\/peipsikaup.ee\/meistari\/nati-asi\/?lang=lv\"]}]},{\"@type\":\"ImageObject\",\"inLanguage\":\"ru-RU\",\"@id\":\"https:\/\/peipsikaup.ee\/meistari\/nati-asi\/?lang=lv#primaryimage\",\"url\":\"https:\/\/peipsikaup.ee\/wp-content\/uploads\/2021\/05\/Peipsikaup_meister_Nati-Asi.jpg\",\"contentUrl\":\"https:\/\/peipsikaup.ee\/wp-content\/uploads\/2021\/05\/Peipsikaup_meister_Nati-Asi.jpg\"},{\"@type\":\"BreadcrumbList\",\"@id\":\"https:\/\/peipsikaup.ee\/meistari\/nati-asi\/?lang=lv#breadcrumb\",\"itemListElement\":[{\"@type\":\"ListItem\",\"position\":1,\"name\":\"Home\",\"item\":\"https:\/\/peipsikaup.ee\/\"},{\"@type\":\"ListItem\",\"position\":2,\"name\":\"Meistari\",\"item\":\"https:\/\/peipsikaup.ee\/meistari\/?lang=lv\"},{\"@type\":\"ListItem\",\"position\":3,\"name\":\"Nati Asi\"}]},{\"@type\":\"WebSite\",\"@id\":\"https:\/\/peipsikaup.ee\/#website\",\"url\":\"https:\/\/peipsikaup.ee\/\",\"name\":\"Peipsi kaup\",\"description\":\"eheda ja isikup\u00e4rase k\u00e4sit\u00f6\u00f6 veebipood\",\"publisher\":{\"@id\":\"https:\/\/peipsikaup.ee\/#organization\"},\"potentialAction\":[{\"@type\":\"SearchAction\",\"target\":{\"@type\":\"EntryPoint\",\"urlTemplate\":\"https:\/\/peipsikaup.ee\/?s={search_term_string}\"},\"query-input\":{\"@type\":\"PropertyValueSpecification\",\"valueRequired\":true,\"valueName\":\"search_term_string\"}}],\"inLanguage\":\"ru-RU\"},{\"@type\":\"Organization\",\"@id\":\"https:\/\/peipsikaup.ee\/#organization\",\"name\":\"Peipsi kaup\",\"url\":\"https:\/\/peipsikaup.ee\/\",\"logo\":{\"@type\":\"ImageObject\",\"inLanguage\":\"ru-RU\",\"@id\":\"https:\/\/peipsikaup.ee\/#\/schema\/logo\/image\/\",\"url\":\"https:\/\/peipsikaup.ee\/wp-content\/uploads\/2022\/01\/cropped-Peipsikaup-loho-pisike.png\",\"contentUrl\":\"https:\/\/peipsikaup.ee\/wp-content\/uploads\/2022\/01\/cropped-Peipsikaup-loho-pisike.png\",\"width\":180,\"height\":60,\"caption\":\"Peipsi kaup\"},\"image\":{\"@id\":\"https:\/\/peipsikaup.ee\/#\/schema\/logo\/image\/\"}}]}<\/script>\n<!-- \/ Yoast SEO plugin. -->","yoast_head_json":{"title":"Nati Asi - Peipsi kaup","robots":{"index":"index","follow":"follow","max-snippet":"max-snippet:-1","max-image-preview":"max-image-preview:large","max-video-preview":"max-video-preview:-1"},"canonical":"https:\/\/peipsikaup.ee\/ru\/meistari\/nati-asi\/?lang=lv","og_locale":"ru_RU","og_type":"article","og_title":"Nati Asi - Peipsi kaup","og_description":"Meistara st\u0101sts Nati Asi ap\u0123\u0113rbu meistars mani produkti Esmu m\u0101c\u012bjis b\u0113rniem, gan maziem, gan veciem, par sava apzin\u0101t\u0101 darbinieka dz\u012bvi. P\u0113c profesijas klases audzin\u0101t\u0101ja, v\u0113l\u0101k ar\u012b uzlabojusies k\u0101 b\u0113rnud\u0101rza audzin\u0101t\u0101ja. Man pat\u012bk maza cilv\u0113ka patiesa v\u0113lme un interese sajust, paman\u012bt un piedz\u012bvot kaut ko piln\u012bgi jaunu un aizraujo\u0161u. \u0160is atkl\u0101jumu ce\u013cojums skolot\u0101jam ir liela atbild\u012bba, &hellip; Nati Asi \u0427\u0438\u0442\u0430\u0442\u044c \u0434\u0430\u043b\u0435\u0435 &raquo;","og_url":"https:\/\/peipsikaup.ee\/ru\/meistari\/nati-asi\/?lang=lv","og_site_name":"Peipsi kaup","article_modified_time":"2021-09-26T21:07:40+00:00","og_image":[{"url":"https:\/\/peipsikaup.ee\/wp-content\/uploads\/2021\/05\/Peipsikaup_meister_Nati-Asi.jpg","type":"","width":"","height":""}],"twitter_card":"summary_large_image","twitter_misc":{"\u041f\u0440\u0438\u043c\u0435\u0440\u043d\u043e\u0435 \u0432\u0440\u0435\u043c\u044f \u0434\u043b\u044f \u0447\u0442\u0435\u043d\u0438\u044f":"3 \u043c\u0438\u043d\u0443\u0442\u044b"},"schema":{"@context":"https:\/\/schema.org","@graph":[{"@type":"WebPage","@id":"https:\/\/peipsikaup.ee\/meistari\/nati-asi\/?lang=lv","url":"https:\/\/peipsikaup.ee\/meistari\/nati-asi\/?lang=lv","name":"Nati Asi - Peipsi kaup","isPartOf":{"@id":"https:\/\/peipsikaup.ee\/#website"},"primaryImageOfPage":{"@id":"https:\/\/peipsikaup.ee\/meistari\/nati-asi\/?lang=lv#primaryimage"},"image":{"@id":"https:\/\/peipsikaup.ee\/meistari\/nati-asi\/?lang=lv#primaryimage"},"thumbnailUrl":"https:\/\/peipsikaup.ee\/wp-content\/uploads\/2021\/05\/Peipsikaup_meister_Nati-Asi.jpg","datePublished":"2021-09-26T21:07:38+00:00","dateModified":"2021-09-26T21:07:40+00:00","breadcrumb":{"@id":"https:\/\/peipsikaup.ee\/meistari\/nati-asi\/?lang=lv#breadcrumb"},"inLanguage":"ru-RU","potentialAction":[{"@type":"ReadAction","target":["https:\/\/peipsikaup.ee\/meistari\/nati-asi\/?lang=lv"]}]},{"@type":"ImageObject","inLanguage":"ru-RU","@id":"https:\/\/peipsikaup.ee\/meistari\/nati-asi\/?lang=lv#primaryimage","url":"https:\/\/peipsikaup.ee\/wp-content\/uploads\/2021\/05\/Peipsikaup_meister_Nati-Asi.jpg","contentUrl":"https:\/\/peipsikaup.ee\/wp-content\/uploads\/2021\/05\/Peipsikaup_meister_Nati-Asi.jpg"},{"@type":"BreadcrumbList","@id":"https:\/\/peipsikaup.ee\/meistari\/nati-asi\/?lang=lv#breadcrumb","itemListElement":[{"@type":"ListItem","position":1,"name":"Home","item":"https:\/\/peipsikaup.ee\/"},{"@type":"ListItem","position":2,"name":"Meistari","item":"https:\/\/peipsikaup.ee\/meistari\/?lang=lv"},{"@type":"ListItem","position":3,"name":"Nati Asi"}]},{"@type":"WebSite","@id":"https:\/\/peipsikaup.ee\/#website","url":"https:\/\/peipsikaup.ee\/","name":"\u0422\u043e\u0440\u0433\u043e\u0432\u043b\u044f \u043d\u0430 \u0427\u0443\u0434\u0441\u043a\u043e\u043c \u043e\u0441\u0442\u0440\u043e\u0432\u0435","description":"eheda ja isikup\u00e4rase k\u00e4sit\u00f6\u00f6 veebipood","publisher":{"@id":"https:\/\/peipsikaup.ee\/#organization"},"potentialAction":[{"@type":"SearchAction","target":{"@type":"EntryPoint","urlTemplate":"https:\/\/peipsikaup.ee\/?s={search_term_string}"},"query-input":{"@type":"PropertyValueSpecification","valueRequired":true,"valueName":"search_term_string"}}],"inLanguage":"ru-RU"},{"@type":"Organization","@id":"https:\/\/peipsikaup.ee\/#organization","name":"\u0422\u043e\u0440\u0433\u043e\u0432\u043b\u044f \u043d\u0430 \u0427\u0443\u0434\u0441\u043a\u043e\u043c \u043e\u0441\u0442\u0440\u043e\u0432\u0435","url":"https:\/\/peipsikaup.ee\/","logo":{"@type":"ImageObject","inLanguage":"ru-RU","@id":"https:\/\/peipsikaup.ee\/#\/schema\/logo\/image\/","url":"https:\/\/peipsikaup.ee\/wp-content\/uploads\/2022\/01\/cropped-Peipsikaup-loho-pisike.png","contentUrl":"https:\/\/peipsikaup.ee\/wp-content\/uploads\/2022\/01\/cropped-Peipsikaup-loho-pisike.png","width":180,"height":60,"caption":"Peipsi kaup"},"image":{"@id":"https:\/\/peipsikaup.ee\/#\/schema\/logo\/image\/"}}]}},"_links":{"self":[{"href":"https:\/\/peipsikaup.ee\/ru\/wp-json\/wp\/v2\/pages\/3889","targetHints":{"allow":["GET"]}}],"collection":[{"href":"https:\/\/peipsikaup.ee\/ru\/wp-json\/wp\/v2\/pages"}],"about":[{"href":"https:\/\/peipsikaup.ee\/ru\/wp-json\/wp\/v2\/types\/page"}],"author":[{"embeddable":true,"href":"https:\/\/peipsikaup.ee\/ru\/wp-json\/wp\/v2\/users\/2"}],"replies":[{"embeddable":true,"href":"https:\/\/peipsikaup.ee\/ru\/wp-json\/wp\/v2\/comments?post=3889"}],"version-history":[{"count":0,"href":"https:\/\/peipsikaup.ee\/ru\/wp-json\/wp\/v2\/pages\/3889\/revisions"}],"up":[{"embeddable":true,"href":"https:\/\/peipsikaup.ee\/ru\/wp-json\/wp\/v2\/pages\/4585"}],"wp:attachment":[{"href":"https:\/\/peipsikaup.ee\/ru\/wp-json\/wp\/v2\/media?parent=3889"}],"curies":[{"name":"wp","href":"https:\/\/api.w.org\/{rel}","templated":true}]}}