{"id":3885,"date":"2021-09-26T21:07:03","date_gmt":"2021-09-26T21:07:03","guid":{"rendered":"https:\/\/peipsikaup.ee\/nati-asi\/"},"modified":"2021-09-30T21:49:29","modified_gmt":"2021-09-30T21:49:29","slug":"nati-asi","status":"publish","type":"page","link":"https:\/\/peipsikaup.ee\/ru\/masters\/nati-asi\/","title":{"rendered":"\u041d\u0430\u0442\u0438 \u0410\u0441\u0438"},"content":{"rendered":"<div data-elementor-type=\"wp-post\" data-elementor-id=\"3885\" class=\"elementor elementor-3885\">\n\t\t\t\t\t\t<section class=\"elementor-section elementor-top-section elementor-element elementor-element-6ccdc95 elementor-section-content-middle elementor-section-boxed elementor-section-height-default elementor-section-height-default\" data-id=\"6ccdc95\" data-element_type=\"section\" data-e-type=\"section\" data-settings=\"{&quot;background_background&quot;:&quot;classic&quot;}\">\n\t\t\t\t\t\t\t<div class=\"elementor-background-overlay\"><\/div>\n\t\t\t\t\t\t\t<div class=\"elementor-container elementor-column-gap-no\">\n\t\t\t\t\t<div class=\"elementor-column elementor-col-100 elementor-top-column elementor-element elementor-element-4f6adc0\" data-id=\"4f6adc0\" data-element_type=\"column\" data-e-type=\"column\" data-settings=\"{&quot;background_background&quot;:&quot;classic&quot;}\">\n\t\t\t<div class=\"elementor-widget-wrap elementor-element-populated\">\n\t\t\t\t\t\t<div class=\"elementor-element elementor-element-179c706 elementor-widget elementor-widget-heading\" data-id=\"179c706\" data-element_type=\"widget\" data-e-type=\"widget\" data-widget_type=\"heading.default\">\n\t\t\t\t<div class=\"elementor-widget-container\">\n\t\t\t\t\t<h1 class=\"elementor-heading-title elementor-size-default\">Master's story<\/h1>\t\t\t\t<\/div>\n\t\t\t\t<\/div>\n\t\t\t\t\t<\/div>\n\t\t<\/div>\n\t\t\t\t\t<\/div>\n\t\t<\/section>\n\t\t\t\t<section class=\"elementor-section elementor-top-section elementor-element elementor-element-6ec1e06 elementor-section-boxed elementor-section-height-default elementor-section-height-default\" data-id=\"6ec1e06\" data-element_type=\"section\" data-e-type=\"section\">\n\t\t\t\t\t\t<div class=\"elementor-container elementor-column-gap-default\">\n\t\t\t\t\t<div class=\"elementor-column elementor-col-100 elementor-top-column elementor-element elementor-element-e23d401\" data-id=\"e23d401\" data-element_type=\"column\" data-e-type=\"column\">\n\t\t\t<div class=\"elementor-widget-wrap elementor-element-populated\">\n\t\t\t\t\t\t<section class=\"elementor-section elementor-inner-section elementor-element elementor-element-e51aece elementor-section-boxed elementor-section-height-default elementor-section-height-default\" data-id=\"e51aece\" data-element_type=\"section\" data-e-type=\"section\">\n\t\t\t\t\t\t<div class=\"elementor-container elementor-column-gap-no\">\n\t\t\t\t\t<div class=\"elementor-column elementor-col-33 elementor-inner-column elementor-element elementor-element-3c3eb1f\" data-id=\"3c3eb1f\" data-element_type=\"column\" data-e-type=\"column\">\n\t\t\t<div class=\"elementor-widget-wrap elementor-element-populated\">\n\t\t\t\t\t\t<div class=\"elementor-element elementor-element-334895d elementor-position-top elementor-widget elementor-widget-image-box\" data-id=\"334895d\" data-element_type=\"widget\" data-e-type=\"widget\" data-widget_type=\"image-box.default\">\n\t\t\t\t<div class=\"elementor-widget-container\">\n\t\t\t\t\t<div class=\"elementor-image-box-wrapper\"><figure class=\"elementor-image-box-img\"><img fetchpriority=\"high\" decoding=\"async\" width=\"900\" height=\"1600\" src=\"https:\/\/peipsikaup.ee\/wp-content\/uploads\/2021\/05\/Peipsikaup_meister_Nati-Asi.jpg\" class=\"attachment-full size-full wp-image-2784\" alt=\"Peipsikaup clothing master Nati Asi\" srcset=\"https:\/\/peipsikaup.ee\/wp-content\/uploads\/2021\/05\/Peipsikaup_meister_Nati-Asi.jpg 900w, https:\/\/peipsikaup.ee\/wp-content\/uploads\/2021\/05\/Peipsikaup_meister_Nati-Asi-169x300.jpg 169w, https:\/\/peipsikaup.ee\/wp-content\/uploads\/2021\/05\/Peipsikaup_meister_Nati-Asi-576x1024.jpg 576w, https:\/\/peipsikaup.ee\/wp-content\/uploads\/2021\/05\/Peipsikaup_meister_Nati-Asi-768x1365.jpg 768w, https:\/\/peipsikaup.ee\/wp-content\/uploads\/2021\/05\/Peipsikaup_meister_Nati-Asi-864x1536.jpg 864w, https:\/\/peipsikaup.ee\/wp-content\/uploads\/2021\/05\/Peipsikaup_meister_Nati-Asi-600x1067.jpg 600w\" sizes=\"(max-width: 900px) 100vw, 900px\" \/><\/figure><div class=\"elementor-image-box-content\"><h3 class=\"elementor-image-box-title\">\u041d\u0430\u0442\u0438 \u0410\u0441\u0438<\/h3><p class=\"elementor-image-box-description\">clothing master<\/p><\/div><\/div>\t\t\t\t<\/div>\n\t\t\t\t<\/div>\n\t\t\t\t<div class=\"elementor-element elementor-element-e028703 elementor-mobile-align-center elementor-align-center elementor-widget elementor-widget-button\" data-id=\"e028703\" data-element_type=\"widget\" data-e-type=\"widget\" data-widget_type=\"button.default\">\n\t\t\t\t<div class=\"elementor-widget-container\">\n\t\t\t\t\t\t\t\t\t<div class=\"elementor-button-wrapper\">\n\t\t\t\t\t<a class=\"elementor-button elementor-button-link elementor-size-md\" href=\"https:\/\/peipsikaup.ee\/ru\/product-category\/nati-asi-products\/?lang=en\">\n\t\t\t\t\t\t<span class=\"elementor-button-content-wrapper\">\n\t\t\t\t\t\t\t\t\t<span class=\"elementor-button-text\">my products<\/span>\n\t\t\t\t\t<\/span>\n\t\t\t\t\t<\/a>\n\t\t\t\t<\/div>\n\t\t\t\t\t\t\t\t<\/div>\n\t\t\t\t<\/div>\n\t\t\t\t\t<\/div>\n\t\t<\/div>\n\t\t\t\t<div class=\"elementor-column elementor-col-66 elementor-inner-column elementor-element elementor-element-1e69e34\" data-id=\"1e69e34\" data-element_type=\"column\" data-e-type=\"column\">\n\t\t\t<div class=\"elementor-widget-wrap elementor-element-populated\">\n\t\t\t\t\t\t<div class=\"elementor-element elementor-element-217c6ee elementor-widget elementor-widget-text-editor\" data-id=\"217c6ee\" data-element_type=\"widget\" data-e-type=\"widget\" data-widget_type=\"text-editor.default\">\n\t\t\t\t<div class=\"elementor-widget-container\">\n\t\t\t\t\t\t\t\t\t<p>Most of my conscious worker life I have taught children, both young and old. By profession I am a class teacher, later also educated as a kindergarten teacher. I like the sincere desire and interest of a small person to feel, notice and experience something completely new and exciting. This journey of discovery is a great responsibility for the teacher, because each pair of eyes must experience and see at the beginning of their life&#8217;s journey the very values that would accompany them throughout their lives.<\/p>\n<p>The teacher&#8217;s work is unique every day, yet my secret desire was to do something with my own hands. I already liked handicrafts at school, but I didn&#8217;t have time to pay more attention to them then. My hobbies are singing, folk dance and handicrafts.<\/p>\n<p>Since I am from R\u00e4pina, I decided to study at R\u00e4pina<span class=\"Apple-converted-space\">  <\/span>Horticultural school, specializing in national textile crafts. The school broadened my horizons and made me a craft addict in a good way. We learned many different techniques at school, but I was most attracted to sewing. In addition to my daily teaching work, I have also improved my skills at Tartu People&#8217;s University. My new love is comfortable clothes made of natural fabrics for both children and their mothers.<span class=\"Apple-converted-space\"> <\/span><\/p>\n<p>I remember the first clothes for my little son. There wasn&#8217;t much choice in the store, but my son had to get something nice. I sewed myself! Honestly, I still had the courage, because I didn&#8217;t really know how to sew. My desire was huge! This desire to create and sew something myself has always been with me.<\/p>\n\t\t\t\t\t\t\t\t<\/div>\n\t\t\t\t<\/div>\n\t\t\t\t\t<\/div>\n\t\t<\/div>\n\t\t\t\t\t<\/div>\n\t\t<\/section>\n\t\t\t\t\t<\/div>\n\t\t<\/div>\n\t\t\t\t\t<\/div>\n\t\t<\/section>\n\t\t\t\t<section class=\"elementor-section elementor-top-section elementor-element elementor-element-dc6a4e3 elementor-section-boxed elementor-section-height-default elementor-section-height-default\" data-id=\"dc6a4e3\" data-element_type=\"section\" data-e-type=\"section\" data-settings=\"{&quot;background_background&quot;:&quot;classic&quot;}\">\n\t\t\t\t\t\t<div class=\"elementor-container elementor-column-gap-no\">\n\t\t\t\t\t<div class=\"elementor-column elementor-col-100 elementor-top-column elementor-element elementor-element-0e2a233\" data-id=\"0e2a233\" data-element_type=\"column\" data-e-type=\"column\">\n\t\t\t<div class=\"elementor-widget-wrap elementor-element-populated\">\n\t\t\t\t\t\t<div class=\"elementor-element elementor-element-8115b95 elementor-position-top elementor-widget elementor-widget-image-box\" data-id=\"8115b95\" data-element_type=\"widget\" data-e-type=\"widget\" data-widget_type=\"image-box.default\">\n\t\t\t\t<div class=\"elementor-widget-container\">\n\t\t\t\t\t<div class=\"elementor-image-box-wrapper\"><figure class=\"elementor-image-box-img\"><img decoding=\"async\" width=\"1600\" height=\"900\" src=\"https:\/\/peipsikaup.ee\/wp-content\/uploads\/2021\/05\/Peipsikaup_meister-ateljees_Nati-Asi.jpg\" class=\"attachment-full size-full wp-image-2787\" alt=\"Peipuscraft clothing master Nati Asi&#039;s studio\" srcset=\"https:\/\/peipsikaup.ee\/wp-content\/uploads\/2021\/05\/Peipsikaup_meister-ateljees_Nati-Asi.jpg 1600w, https:\/\/peipsikaup.ee\/wp-content\/uploads\/2021\/05\/Peipsikaup_meister-ateljees_Nati-Asi-300x169.jpg 300w, https:\/\/peipsikaup.ee\/wp-content\/uploads\/2021\/05\/Peipsikaup_meister-ateljees_Nati-Asi-1024x576.jpg 1024w, https:\/\/peipsikaup.ee\/wp-content\/uploads\/2021\/05\/Peipsikaup_meister-ateljees_Nati-Asi-768x432.jpg 768w, https:\/\/peipsikaup.ee\/wp-content\/uploads\/2021\/05\/Peipsikaup_meister-ateljees_Nati-Asi-1536x864.jpg 1536w, https:\/\/peipsikaup.ee\/wp-content\/uploads\/2021\/05\/Peipsikaup_meister-ateljees_Nati-Asi-600x338.jpg 600w\" sizes=\"(max-width: 1600px) 100vw, 1600px\" \/><\/figure><\/div>\t\t\t\t<\/div>\n\t\t\t\t<\/div>\n\t\t\t\t<div class=\"elementor-element elementor-element-e075a06 elementor-widget elementor-widget-heading\" data-id=\"e075a06\" data-element_type=\"widget\" data-e-type=\"widget\" data-widget_type=\"heading.default\">\n\t\t\t\t<div class=\"elementor-widget-container\">\n\t\t\t\t\t<h2 class=\"elementor-heading-title elementor-size-default\">How do I do that?<\/h2>\t\t\t\t<\/div>\n\t\t\t\t<\/div>\n\t\t\t\t<div class=\"elementor-element elementor-element-863954d elementor-widget elementor-widget-text-editor\" data-id=\"863954d\" data-element_type=\"widget\" data-e-type=\"widget\" data-widget_type=\"text-editor.default\">\n\t\t\t\t<div class=\"elementor-widget-container\">\n\t\t\t\t\t\t\t\t\t<p>It all starts with the fabric. Holding the new fabric in your hand, the idea immediately begins to move &#8211; who would suit what style the garment should be in and many different thoughts. I like to play with fabrics. I fit<span class=\"Apple-converted-space\">  <\/span>different patterns and colors together, creating exciting individual clothes as well as sets and so-called alike sets for mother-child, siblings, etc.<\/p>\n<p>The clothes I create are very important to me.<span class=\"Apple-converted-space\">  <\/span>At R\u00e4pina Horticultural School, where I studied, I wrote my diploma about the symbolism of R\u00e4pina folk costume in more detail. In designing my brand, I have been inspired by the letter belt of R\u00e4pina folk costumes. I use this pattern with respect and pride. I add a brand to my created clothes.<\/p>\n<p>What makes me move forward? Feedback and sincere pleasure and thanks from my wearer. When I see my created-sewn clothes in the street, it gives me the courage to act and definitely makes my heart warm!<\/p>\n\t\t\t\t\t\t\t\t<\/div>\n\t\t\t\t<\/div>\n\t\t\t\t<div class=\"elementor-element elementor-element-f5c8852 elementor-mobile-align-center elementor-align-center elementor-widget elementor-widget-button\" data-id=\"f5c8852\" data-element_type=\"widget\" data-e-type=\"widget\" data-widget_type=\"button.default\">\n\t\t\t\t<div class=\"elementor-widget-container\">\n\t\t\t\t\t\t\t\t\t<div class=\"elementor-button-wrapper\">\n\t\t\t\t\t<a class=\"elementor-button elementor-button-link elementor-size-md\" href=\"https:\/\/peipsikaup.ee\/ru\/product-category\/nati-asi-products\/?lang=en\">\n\t\t\t\t\t\t<span class=\"elementor-button-content-wrapper\">\n\t\t\t\t\t\t\t\t\t<span class=\"elementor-button-text\">my products<\/span>\n\t\t\t\t\t<\/span>\n\t\t\t\t\t<\/a>\n\t\t\t\t<\/div>\n\t\t\t\t\t\t\t\t<\/div>\n\t\t\t\t<\/div>\n\t\t\t\t\t<\/div>\n\t\t<\/div>\n\t\t\t\t\t<\/div>\n\t\t<\/section>\n\t\t\t\t<\/div>","protected":false},"excerpt":{"rendered":"<p>Master&#8217;s story Nati Asi clothing master my products Most of my conscious worker life I have taught children, both young and old. By profession I am a class teacher, later also educated as a kindergarten teacher. I like the sincere desire and interest of a small person to feel, notice and experience something completely new &hellip;<\/p>\n<p class=\"read-more\"> <a class=\"\" href=\"https:\/\/peipsikaup.ee\/ru\/masters\/nati-asi\/\"> <span class=\"screen-reader-text\">\u041d\u0430\u0442\u0438 \u0410\u0441\u0438<\/span> \u0427\u0438\u0442\u0430\u0442\u044c \u0434\u0430\u043b\u0435\u0435 &raquo;<\/a><\/p>","protected":false},"author":2,"featured_media":0,"parent":4581,"menu_order":0,"comment_status":"closed","ping_status":"closed","template":"","meta":{"site-sidebar-layout":"no-sidebar","site-content-layout":"page-builder","ast-global-header-display":"","ast-main-header-display":"","ast-hfb-above-header-display":"","ast-hfb-below-header-display":"","ast-hfb-mobile-header-display":"","site-post-title":"disabled","ast-breadcrumbs-content":"","ast-featured-img":"disabled","footer-sml-layout":"","theme-transparent-header-meta":"enabled","adv-header-id-meta":"","stick-header-meta":"default","header-above-stick-meta":"","header-main-stick-meta":"","header-below-stick-meta":"","footnotes":""},"class_list":["post-3885","page","type-page","status-publish","hentry"],"yoast_head":"<!-- This site is optimized with the Yoast SEO plugin v27.2 - https:\/\/yoast.com\/product\/yoast-seo-wordpress\/ -->\n<title>Nati Asi - Peipsi kaup<\/title>\n<meta name=\"robots\" content=\"index, follow, max-snippet:-1, max-image-preview:large, max-video-preview:-1\" \/>\n<link rel=\"canonical\" href=\"https:\/\/peipsikaup.ee\/ru\/masters__trashed\/nati-asi\/\" \/>\n<meta property=\"og:locale\" content=\"ru_RU\" \/>\n<meta property=\"og:type\" content=\"article\" \/>\n<meta property=\"og:title\" content=\"Nati Asi - Peipsi kaup\" \/>\n<meta property=\"og:description\" content=\"Master&#8217;s story Nati Asi clothing master my products Most of my conscious worker life I have taught children, both young and old. By profession I am a class teacher, later also educated as a kindergarten teacher. I like the sincere desire and interest of a small person to feel, notice and experience something completely new &hellip; Nati Asi \u0427\u0438\u0442\u0430\u0442\u044c \u0434\u0430\u043b\u0435\u0435 &raquo;\" \/>\n<meta property=\"og:url\" content=\"https:\/\/peipsikaup.ee\/ru\/masters__trashed\/nati-asi\/\" \/>\n<meta property=\"og:site_name\" content=\"Peipsi kaup\" \/>\n<meta property=\"article:modified_time\" content=\"2021-09-30T21:49:29+00:00\" \/>\n<meta property=\"og:image\" content=\"https:\/\/peipsikaup.ee\/wp-content\/uploads\/2021\/05\/Peipsikaup_meister_Nati-Asi.jpg\" \/>\n<meta name=\"twitter:card\" content=\"summary_large_image\" \/>\n<meta name=\"twitter:label1\" content=\"\u041f\u0440\u0438\u043c\u0435\u0440\u043d\u043e\u0435 \u0432\u0440\u0435\u043c\u044f \u0434\u043b\u044f \u0447\u0442\u0435\u043d\u0438\u044f\" \/>\n\t<meta name=\"twitter:data1\" content=\"3 \u043c\u0438\u043d\u0443\u0442\u044b\" \/>\n<script type=\"application\/ld+json\" class=\"yoast-schema-graph\">{\"@context\":\"https:\/\/schema.org\",\"@graph\":[{\"@type\":\"WebPage\",\"@id\":\"https:\/\/peipsikaup.ee\/masters__trashed\/nati-asi\/\",\"url\":\"https:\/\/peipsikaup.ee\/masters__trashed\/nati-asi\/\",\"name\":\"Nati Asi - Peipsi kaup\",\"isPartOf\":{\"@id\":\"https:\/\/peipsikaup.ee\/#website\"},\"primaryImageOfPage\":{\"@id\":\"https:\/\/peipsikaup.ee\/masters__trashed\/nati-asi\/#primaryimage\"},\"image\":{\"@id\":\"https:\/\/peipsikaup.ee\/masters__trashed\/nati-asi\/#primaryimage\"},\"thumbnailUrl\":\"https:\/\/peipsikaup.ee\/wp-content\/uploads\/2021\/05\/Peipsikaup_meister_Nati-Asi.jpg\",\"datePublished\":\"2021-09-26T21:07:03+00:00\",\"dateModified\":\"2021-09-30T21:49:29+00:00\",\"breadcrumb\":{\"@id\":\"https:\/\/peipsikaup.ee\/masters__trashed\/nati-asi\/#breadcrumb\"},\"inLanguage\":\"ru-RU\",\"potentialAction\":[{\"@type\":\"ReadAction\",\"target\":[\"https:\/\/peipsikaup.ee\/masters__trashed\/nati-asi\/\"]}]},{\"@type\":\"ImageObject\",\"inLanguage\":\"ru-RU\",\"@id\":\"https:\/\/peipsikaup.ee\/masters__trashed\/nati-asi\/#primaryimage\",\"url\":\"https:\/\/peipsikaup.ee\/wp-content\/uploads\/2021\/05\/Peipsikaup_meister_Nati-Asi.jpg\",\"contentUrl\":\"https:\/\/peipsikaup.ee\/wp-content\/uploads\/2021\/05\/Peipsikaup_meister_Nati-Asi.jpg\"},{\"@type\":\"BreadcrumbList\",\"@id\":\"https:\/\/peipsikaup.ee\/masters__trashed\/nati-asi\/#breadcrumb\",\"itemListElement\":[{\"@type\":\"ListItem\",\"position\":1,\"name\":\"Home\",\"item\":\"https:\/\/peipsikaup.ee\/\"},{\"@type\":\"ListItem\",\"position\":2,\"name\":\"Masters\",\"item\":\"https:\/\/peipsikaup.ee\/?page_id=4581\"},{\"@type\":\"ListItem\",\"position\":3,\"name\":\"Nati Asi\"}]},{\"@type\":\"WebSite\",\"@id\":\"https:\/\/peipsikaup.ee\/#website\",\"url\":\"https:\/\/peipsikaup.ee\/\",\"name\":\"Peipsi kaup\",\"description\":\"eheda ja isikup\u00e4rase k\u00e4sit\u00f6\u00f6 veebipood\",\"publisher\":{\"@id\":\"https:\/\/peipsikaup.ee\/#organization\"},\"potentialAction\":[{\"@type\":\"SearchAction\",\"target\":{\"@type\":\"EntryPoint\",\"urlTemplate\":\"https:\/\/peipsikaup.ee\/?s={search_term_string}\"},\"query-input\":{\"@type\":\"PropertyValueSpecification\",\"valueRequired\":true,\"valueName\":\"search_term_string\"}}],\"inLanguage\":\"ru-RU\"},{\"@type\":\"Organization\",\"@id\":\"https:\/\/peipsikaup.ee\/#organization\",\"name\":\"Peipsi kaup\",\"url\":\"https:\/\/peipsikaup.ee\/\",\"logo\":{\"@type\":\"ImageObject\",\"inLanguage\":\"ru-RU\",\"@id\":\"https:\/\/peipsikaup.ee\/#\/schema\/logo\/image\/\",\"url\":\"https:\/\/peipsikaup.ee\/wp-content\/uploads\/2026\/04\/cropped-ChatGPT-Image-Apr-24-2026-02_54_59-PM.png\",\"contentUrl\":\"https:\/\/peipsikaup.ee\/wp-content\/uploads\/2026\/04\/cropped-ChatGPT-Image-Apr-24-2026-02_54_59-PM.png\",\"width\":1946,\"height\":325,\"caption\":\"Peipsi kaup\"},\"image\":{\"@id\":\"https:\/\/peipsikaup.ee\/#\/schema\/logo\/image\/\"}}]}<\/script>\n<!-- \/ Yoast SEO plugin. -->","yoast_head_json":{"title":"Nati Asi - Peipsi kaup","robots":{"index":"index","follow":"follow","max-snippet":"max-snippet:-1","max-image-preview":"max-image-preview:large","max-video-preview":"max-video-preview:-1"},"canonical":"https:\/\/peipsikaup.ee\/ru\/masters__trashed\/nati-asi\/","og_locale":"ru_RU","og_type":"article","og_title":"Nati Asi - Peipsi kaup","og_description":"Master&#8217;s story Nati Asi clothing master my products Most of my conscious worker life I have taught children, both young and old. By profession I am a class teacher, later also educated as a kindergarten teacher. I like the sincere desire and interest of a small person to feel, notice and experience something completely new &hellip; Nati Asi \u0427\u0438\u0442\u0430\u0442\u044c \u0434\u0430\u043b\u0435\u0435 &raquo;","og_url":"https:\/\/peipsikaup.ee\/ru\/masters__trashed\/nati-asi\/","og_site_name":"Peipsi kaup","article_modified_time":"2021-09-30T21:49:29+00:00","og_image":[{"url":"https:\/\/peipsikaup.ee\/wp-content\/uploads\/2021\/05\/Peipsikaup_meister_Nati-Asi.jpg","type":"","width":"","height":""}],"twitter_card":"summary_large_image","twitter_misc":{"\u041f\u0440\u0438\u043c\u0435\u0440\u043d\u043e\u0435 \u0432\u0440\u0435\u043c\u044f \u0434\u043b\u044f \u0447\u0442\u0435\u043d\u0438\u044f":"3 \u043c\u0438\u043d\u0443\u0442\u044b"},"schema":{"@context":"https:\/\/schema.org","@graph":[{"@type":"WebPage","@id":"https:\/\/peipsikaup.ee\/masters__trashed\/nati-asi\/","url":"https:\/\/peipsikaup.ee\/masters__trashed\/nati-asi\/","name":"Nati Asi - Peipsi kaup","isPartOf":{"@id":"https:\/\/peipsikaup.ee\/#website"},"primaryImageOfPage":{"@id":"https:\/\/peipsikaup.ee\/masters__trashed\/nati-asi\/#primaryimage"},"image":{"@id":"https:\/\/peipsikaup.ee\/masters__trashed\/nati-asi\/#primaryimage"},"thumbnailUrl":"https:\/\/peipsikaup.ee\/wp-content\/uploads\/2021\/05\/Peipsikaup_meister_Nati-Asi.jpg","datePublished":"2021-09-26T21:07:03+00:00","dateModified":"2021-09-30T21:49:29+00:00","breadcrumb":{"@id":"https:\/\/peipsikaup.ee\/masters__trashed\/nati-asi\/#breadcrumb"},"inLanguage":"ru-RU","potentialAction":[{"@type":"ReadAction","target":["https:\/\/peipsikaup.ee\/masters__trashed\/nati-asi\/"]}]},{"@type":"ImageObject","inLanguage":"ru-RU","@id":"https:\/\/peipsikaup.ee\/masters__trashed\/nati-asi\/#primaryimage","url":"https:\/\/peipsikaup.ee\/wp-content\/uploads\/2021\/05\/Peipsikaup_meister_Nati-Asi.jpg","contentUrl":"https:\/\/peipsikaup.ee\/wp-content\/uploads\/2021\/05\/Peipsikaup_meister_Nati-Asi.jpg"},{"@type":"BreadcrumbList","@id":"https:\/\/peipsikaup.ee\/masters__trashed\/nati-asi\/#breadcrumb","itemListElement":[{"@type":"ListItem","position":1,"name":"Home","item":"https:\/\/peipsikaup.ee\/"},{"@type":"ListItem","position":2,"name":"Masters","item":"https:\/\/peipsikaup.ee\/?page_id=4581"},{"@type":"ListItem","position":3,"name":"Nati Asi"}]},{"@type":"WebSite","@id":"https:\/\/peipsikaup.ee\/#website","url":"https:\/\/peipsikaup.ee\/","name":"\u0422\u043e\u0440\u0433\u043e\u0432\u043b\u044f \u043d\u0430 \u0427\u0443\u0434\u0441\u043a\u043e\u043c \u043e\u0441\u0442\u0440\u043e\u0432\u0435","description":"eheda ja isikup\u00e4rase k\u00e4sit\u00f6\u00f6 veebipood","publisher":{"@id":"https:\/\/peipsikaup.ee\/#organization"},"potentialAction":[{"@type":"SearchAction","target":{"@type":"EntryPoint","urlTemplate":"https:\/\/peipsikaup.ee\/?s={search_term_string}"},"query-input":{"@type":"PropertyValueSpecification","valueRequired":true,"valueName":"search_term_string"}}],"inLanguage":"ru-RU"},{"@type":"Organization","@id":"https:\/\/peipsikaup.ee\/#organization","name":"\u0422\u043e\u0440\u0433\u043e\u0432\u043b\u044f \u043d\u0430 \u0427\u0443\u0434\u0441\u043a\u043e\u043c \u043e\u0441\u0442\u0440\u043e\u0432\u0435","url":"https:\/\/peipsikaup.ee\/","logo":{"@type":"ImageObject","inLanguage":"ru-RU","@id":"https:\/\/peipsikaup.ee\/#\/schema\/logo\/image\/","url":"https:\/\/peipsikaup.ee\/wp-content\/uploads\/2026\/04\/cropped-ChatGPT-Image-Apr-24-2026-02_54_59-PM.png","contentUrl":"https:\/\/peipsikaup.ee\/wp-content\/uploads\/2026\/04\/cropped-ChatGPT-Image-Apr-24-2026-02_54_59-PM.png","width":1946,"height":325,"caption":"Peipsi kaup"},"image":{"@id":"https:\/\/peipsikaup.ee\/#\/schema\/logo\/image\/"}}]}},"_links":{"self":[{"href":"https:\/\/peipsikaup.ee\/ru\/wp-json\/wp\/v2\/pages\/3885","targetHints":{"allow":["GET"]}}],"collection":[{"href":"https:\/\/peipsikaup.ee\/ru\/wp-json\/wp\/v2\/pages"}],"about":[{"href":"https:\/\/peipsikaup.ee\/ru\/wp-json\/wp\/v2\/types\/page"}],"author":[{"embeddable":true,"href":"https:\/\/peipsikaup.ee\/ru\/wp-json\/wp\/v2\/users\/2"}],"replies":[{"embeddable":true,"href":"https:\/\/peipsikaup.ee\/ru\/wp-json\/wp\/v2\/comments?post=3885"}],"version-history":[{"count":0,"href":"https:\/\/peipsikaup.ee\/ru\/wp-json\/wp\/v2\/pages\/3885\/revisions"}],"up":[{"embeddable":true,"href":"https:\/\/peipsikaup.ee\/ru\/wp-json\/wp\/v2\/pages\/4581"}],"wp:attachment":[{"href":"https:\/\/peipsikaup.ee\/ru\/wp-json\/wp\/v2\/media?parent=3885"}],"curies":[{"name":"wp","href":"https:\/\/api.w.org\/{rel}","templated":true}]}}