{"id":3854,"date":"2021-09-26T15:51:58","date_gmt":"2021-09-26T15:51:58","guid":{"rendered":"https:\/\/peipsikaup.ee\/maiu-vares\/"},"modified":"2021-09-26T15:51:59","modified_gmt":"2021-09-26T15:51:59","slug":"maiu-vares","status":"publish","type":"page","link":"https:\/\/peipsikaup.ee\/ru\/meistari\/maiu-vares\/","title":{"rendered":"\u041c\u0430\u0439\u044e \u0412\u0430\u0440\u0435\u0441"},"content":{"rendered":"<div data-elementor-type=\"wp-post\" data-elementor-id=\"3854\" class=\"elementor elementor-3854\">\n\t\t\t\t\t\t<section class=\"elementor-section elementor-top-section elementor-element elementor-element-6ccdc95 elementor-section-content-middle elementor-section-boxed elementor-section-height-default elementor-section-height-default\" data-id=\"6ccdc95\" data-element_type=\"section\" data-e-type=\"section\" data-settings=\"{&quot;background_background&quot;:&quot;classic&quot;}\">\n\t\t\t\t\t\t\t<div class=\"elementor-background-overlay\"><\/div>\n\t\t\t\t\t\t\t<div class=\"elementor-container elementor-column-gap-no\">\n\t\t\t\t\t<div class=\"elementor-column elementor-col-100 elementor-top-column elementor-element elementor-element-4f6adc0\" data-id=\"4f6adc0\" data-element_type=\"column\" data-e-type=\"column\" data-settings=\"{&quot;background_background&quot;:&quot;classic&quot;}\">\n\t\t\t<div class=\"elementor-widget-wrap elementor-element-populated\">\n\t\t\t\t\t\t<div class=\"elementor-element elementor-element-179c706 elementor-widget elementor-widget-heading\" data-id=\"179c706\" data-element_type=\"widget\" data-e-type=\"widget\" data-widget_type=\"heading.default\">\n\t\t\t\t<div class=\"elementor-widget-container\">\n\t\t\t\t\t<h1 class=\"elementor-heading-title elementor-size-default\">Meistara st\u0101sts<\/h1>\t\t\t\t<\/div>\n\t\t\t\t<\/div>\n\t\t\t\t\t<\/div>\n\t\t<\/div>\n\t\t\t\t\t<\/div>\n\t\t<\/section>\n\t\t\t\t<section class=\"elementor-section elementor-top-section elementor-element elementor-element-6ec1e06 elementor-section-boxed elementor-section-height-default elementor-section-height-default\" data-id=\"6ec1e06\" data-element_type=\"section\" data-e-type=\"section\">\n\t\t\t\t\t\t<div class=\"elementor-container elementor-column-gap-default\">\n\t\t\t\t\t<div class=\"elementor-column elementor-col-100 elementor-top-column elementor-element elementor-element-e23d401\" data-id=\"e23d401\" data-element_type=\"column\" data-e-type=\"column\">\n\t\t\t<div class=\"elementor-widget-wrap elementor-element-populated\">\n\t\t\t\t\t\t<section class=\"elementor-section elementor-inner-section elementor-element elementor-element-e51aece elementor-section-boxed elementor-section-height-default elementor-section-height-default\" data-id=\"e51aece\" data-element_type=\"section\" data-e-type=\"section\">\n\t\t\t\t\t\t<div class=\"elementor-container elementor-column-gap-no\">\n\t\t\t\t\t<div class=\"elementor-column elementor-col-33 elementor-inner-column elementor-element elementor-element-3c3eb1f\" data-id=\"3c3eb1f\" data-element_type=\"column\" data-e-type=\"column\">\n\t\t\t<div class=\"elementor-widget-wrap elementor-element-populated\">\n\t\t\t\t\t\t<div class=\"elementor-element elementor-element-334895d elementor-position-top elementor-widget elementor-widget-image-box\" data-id=\"334895d\" data-element_type=\"widget\" data-e-type=\"widget\" data-widget_type=\"image-box.default\">\n\t\t\t\t<div class=\"elementor-widget-container\">\n\t\t\t\t\t<div class=\"elementor-image-box-wrapper\"><figure class=\"elementor-image-box-img\"><img fetchpriority=\"high\" decoding=\"async\" width=\"900\" height=\"1600\" src=\"https:\/\/peipsikaup.ee\/wp-content\/uploads\/2021\/02\/Peipsikaup_meister-kunstnik_Maiu-Vares.jpg\" class=\"attachment-full size-full wp-image-2719\" alt=\"\" srcset=\"https:\/\/peipsikaup.ee\/wp-content\/uploads\/2021\/02\/Peipsikaup_meister-kunstnik_Maiu-Vares.jpg 900w, https:\/\/peipsikaup.ee\/wp-content\/uploads\/2021\/02\/Peipsikaup_meister-kunstnik_Maiu-Vares-169x300.jpg 169w, https:\/\/peipsikaup.ee\/wp-content\/uploads\/2021\/02\/Peipsikaup_meister-kunstnik_Maiu-Vares-576x1024.jpg 576w, https:\/\/peipsikaup.ee\/wp-content\/uploads\/2021\/02\/Peipsikaup_meister-kunstnik_Maiu-Vares-768x1365.jpg 768w, https:\/\/peipsikaup.ee\/wp-content\/uploads\/2021\/02\/Peipsikaup_meister-kunstnik_Maiu-Vares-864x1536.jpg 864w, https:\/\/peipsikaup.ee\/wp-content\/uploads\/2021\/02\/Peipsikaup_meister-kunstnik_Maiu-Vares-600x1067.jpg 600w\" sizes=\"(max-width: 900px) 100vw, 900px\" \/><\/figure><div class=\"elementor-image-box-content\"><h3 class=\"elementor-image-box-title\">\u041c\u0430\u0439\u044e \u0412\u0430\u0440\u0435\u0441<\/h3><p class=\"elementor-image-box-description\">m\u0101kslinieks<\/p><\/div><\/div>\t\t\t\t<\/div>\n\t\t\t\t<\/div>\n\t\t\t\t<div class=\"elementor-element elementor-element-8f26d81 elementor-mobile-align-center elementor-align-center elementor-widget elementor-widget-button\" data-id=\"8f26d81\" data-element_type=\"widget\" data-e-type=\"widget\" data-widget_type=\"button.default\">\n\t\t\t\t<div class=\"elementor-widget-container\">\n\t\t\t\t\t\t\t\t\t<div class=\"elementor-button-wrapper\">\n\t\t\t\t\t<a class=\"elementor-button elementor-button-link elementor-size-md\" href=\"https:\/\/peipsikaup.ee\/ru\/product-category\/maiu-vares\/\">\n\t\t\t\t\t\t<span class=\"elementor-button-content-wrapper\">\n\t\t\t\t\t\t\t\t\t<span class=\"elementor-button-text\">mani produkti<\/span>\n\t\t\t\t\t<\/span>\n\t\t\t\t\t<\/a>\n\t\t\t\t<\/div>\n\t\t\t\t\t\t\t\t<\/div>\n\t\t\t\t<\/div>\n\t\t\t\t\t<\/div>\n\t\t<\/div>\n\t\t\t\t<div class=\"elementor-column elementor-col-66 elementor-inner-column elementor-element elementor-element-1e69e34\" data-id=\"1e69e34\" data-element_type=\"column\" data-e-type=\"column\">\n\t\t\t<div class=\"elementor-widget-wrap elementor-element-populated\">\n\t\t\t\t\t\t<div class=\"elementor-element elementor-element-217c6ee elementor-widget elementor-widget-text-editor\" data-id=\"217c6ee\" data-element_type=\"widget\" data-e-type=\"widget\" data-widget_type=\"text-editor.default\">\n\t\t\t\t<div class=\"elementor-widget-container\">\n\t\t\t\t\t\t\t\t\t<p>Es esmu Maiu, ilustrators un m\u0101kslinieks no R\u00e4pinas.<\/p>\n<p>M\u0101kslu esmu m\u012bl\u0113jusi kop\u0161 b\u0113rn\u012bbas. Es atceros, cik bie\u017ei es izveidoju savus z\u012bm\u0113jumus m\u0101kslas izst\u0101dei viesistab\u0101 un aicin\u0101ju \u0123imenes locek\u013cus paskat\u012bties. B\u0113rnud\u0101rza m\u0101kslas pulci\u0146a skolot\u0101ja v\u0113l\u0101k run\u0101ja par to, k\u0101 es vienm\u0113r, katru reizi tobr\u012bd katru stundu dzirdot uzdevumu, jaut\u0101ju, vai varu vien\u0101 vai otr\u0101 veid\u0101 \u0161o t\u0113mu paveikt, un gada beig\u0101s visi mani darbi tika nedaudz atrisin\u0101ti sav\u0101d\u0101k.<\/p>\n<p>Pamatskolas laik\u0101 p\u0113c skolas es s\u0101ku braukt ar autobusu uz Tartu B\u0113rnu m\u0101kslas skolu, kur ieguvu pirm\u0101s zin\u0101\u0161anas par klasisko z\u012bm\u0113\u0161anu, glezno\u0161anu,<span class=\"Apple-converted-space\">  <\/span>perspekt\u012bva, kr\u0101su m\u0101c\u012b\u0161ana utt. M\u0101j\u0101s es ierados tikai v\u0113lu katru dienu. Skolas m\u0101kslas stund\u0101s klasesbiedri reiz\u0113m slepeni nesa savas bildes pie mana galda, lai es var\u0113tu gleznot. Kad draugi jaut\u0101ja, vai es v\u0113los k\u013c\u016bt par izcilu m\u0101kslinieku, es izt\u0113lojos varoni, kas st\u0101v pie molberta ar bereti, gleznojot gleznas ar iestat\u012bt\u0101m v\u0101z\u0113m un vol\u0101niem. N\u0113, es negrib\u0113ju b\u016bt t\u0101ds m\u0101kslinieks.<\/p>\n<p>V\u0113l\u0101k, protams, es sapratu, ka b\u016bt m\u0101ksliniekam var daudz at\u0161\u0137irties no \u0161\u012bs idejas un tas var b\u016bt \u013coti jautrs un vajadz\u012bgs darbs. P\u0113c vidusskolas beig\u0161anas devos stud\u0113t Tartu M\u0101kslas koled\u017e\u0101 (tagad Pallas m\u0101kslas skola), mediju un rekl\u0101mas m\u0101kslas specialit\u0101t\u0113. P\u0113c pirm\u0101 studiju gada vasar\u0101 devos uz ASV, lai p\u0101rdotu gr\u0101matas ar programmu Southwestern Advantage. Tom\u0113r viena m\u0113\u0123in\u0101jumu vasara k\u013cuva par se\u0161\u0101m da\u017e\u0101d\u0101m vasaras pieredz\u0113m, kas liel\u0101 m\u0113r\u0101 ir ietekm\u0113ju\u0161as manu turpm\u0101ko dz\u012bvi un pasaules uzskatu.<\/p>\n<p>P\u0113c universit\u0101tes un gr\u0101matu p\u0101rdo\u0161anas perioda dz\u012bve mani atveda uz R\u00e4pinu, kur s\u0101kotn\u0113ji pl\u0101noju palikt tikai uz laiku. Nejau\u0161i nok\u013cuvu R\u0113pinas rado\u0161aj\u0101 m\u0101j\u0101 un dr\u012bz vien sapratu, ka \u0161oreiz tas bija &#8220;\u012bslaic\u012bgi&#8221; \u012bsts un tas ir bijis viens no maniem lab\u0101kajiem l\u0113mumiem l\u012bdz \u0161im. R\u00e4pina jaunrades nam\u0101 es 4 gadus str\u0101d\u0101ju par programmu vad\u012bt\u0101ju un vad\u012bju da\u017e\u0101das rado\u0161\u0101s darbn\u012bcas b\u0113rniem un pieaugu\u0161ajiem. Cita starp\u0101 \u0161aj\u0101 laika posm\u0101 paliek 2 person\u0101lm\u0101kslas izst\u0101des, 1 pirm\u0101 vieta un 1 laure\u0101ta vieta starptautisk\u0101 dizaina konkurs\u0101 un Pelvas novada Gada kult\u016bras person\u012bbas tituls. Gr\u016btniec\u012bbas un dzemd\u012bbu atva\u013cin\u0101jum\u0101 es nodevu galveno darba n\u016bju, bet joproj\u0101m uzraugu darbn\u012bcas. Man \u012bpa\u0161i pat\u012bk pam\u0101c\u012bt jaun\u0101kos m\u0101kslas entuziastus, jo \u0161aj\u0101s stund\u0101s esmu visliel\u0101k\u0101 izgl\u012btojam\u0101. \u0160odien es pavadu daudz laika, b\u016bdama br\u012bni\u0161\u0137\u012bgas meitenes m\u0101te, iesaistot vi\u0146u sav\u0101s aktivit\u0101t\u0113s, m\u0101cot un m\u0101coties.<\/p>\n\t\t\t\t\t\t\t\t<\/div>\n\t\t\t\t<\/div>\n\t\t\t\t\t<\/div>\n\t\t<\/div>\n\t\t\t\t\t<\/div>\n\t\t<\/section>\n\t\t\t\t\t<\/div>\n\t\t<\/div>\n\t\t\t\t\t<\/div>\n\t\t<\/section>\n\t\t\t\t<section class=\"elementor-section elementor-top-section elementor-element elementor-element-dc6a4e3 elementor-section-boxed elementor-section-height-default elementor-section-height-default\" data-id=\"dc6a4e3\" data-element_type=\"section\" data-e-type=\"section\" data-settings=\"{&quot;background_background&quot;:&quot;classic&quot;}\">\n\t\t\t\t\t\t<div class=\"elementor-container elementor-column-gap-no\">\n\t\t\t\t\t<div class=\"elementor-column elementor-col-100 elementor-top-column elementor-element elementor-element-0e2a233\" data-id=\"0e2a233\" data-element_type=\"column\" data-e-type=\"column\">\n\t\t\t<div class=\"elementor-widget-wrap elementor-element-populated\">\n\t\t\t\t\t\t<div class=\"elementor-element elementor-element-d6573d0 elementor-position-top elementor-widget elementor-widget-image-box\" data-id=\"d6573d0\" data-element_type=\"widget\" data-e-type=\"widget\" data-widget_type=\"image-box.default\">\n\t\t\t\t<div class=\"elementor-widget-container\">\n\t\t\t\t\t<div class=\"elementor-image-box-wrapper\"><figure class=\"elementor-image-box-img\"><img decoding=\"async\" width=\"1600\" height=\"900\" src=\"https:\/\/peipsikaup.ee\/wp-content\/uploads\/2021\/02\/Peipsikaup_meister-kunstnik_Maiu-Vares_loob.jpg\" class=\"attachment-full size-full wp-image-2722\" alt=\"\" srcset=\"https:\/\/peipsikaup.ee\/wp-content\/uploads\/2021\/02\/Peipsikaup_meister-kunstnik_Maiu-Vares_loob.jpg 1600w, https:\/\/peipsikaup.ee\/wp-content\/uploads\/2021\/02\/Peipsikaup_meister-kunstnik_Maiu-Vares_loob-300x169.jpg 300w, https:\/\/peipsikaup.ee\/wp-content\/uploads\/2021\/02\/Peipsikaup_meister-kunstnik_Maiu-Vares_loob-1024x576.jpg 1024w, https:\/\/peipsikaup.ee\/wp-content\/uploads\/2021\/02\/Peipsikaup_meister-kunstnik_Maiu-Vares_loob-768x432.jpg 768w, https:\/\/peipsikaup.ee\/wp-content\/uploads\/2021\/02\/Peipsikaup_meister-kunstnik_Maiu-Vares_loob-1536x864.jpg 1536w, https:\/\/peipsikaup.ee\/wp-content\/uploads\/2021\/02\/Peipsikaup_meister-kunstnik_Maiu-Vares_loob-600x338.jpg 600w\" sizes=\"(max-width: 1600px) 100vw, 1600px\" \/><\/figure><\/div>\t\t\t\t<\/div>\n\t\t\t\t<\/div>\n\t\t\t\t<div class=\"elementor-element elementor-element-e075a06 elementor-widget elementor-widget-heading\" data-id=\"e075a06\" data-element_type=\"widget\" data-e-type=\"widget\" data-widget_type=\"heading.default\">\n\t\t\t\t<div class=\"elementor-widget-container\">\n\t\t\t\t\t<h2 class=\"elementor-heading-title elementor-size-default\">K\u0101 lai es to izdaru?<\/h2>\t\t\t\t<\/div>\n\t\t\t\t<\/div>\n\t\t\t\t<div class=\"elementor-element elementor-element-863954d elementor-widget elementor-widget-text-editor\" data-id=\"863954d\" data-element_type=\"widget\" data-e-type=\"widget\" data-widget_type=\"text-editor.default\">\n\t\t\t\t<div class=\"elementor-widget-container\">\n\t\t\t\t\t\t\t\t\t<p>Mana darba galvenais rezult\u0101ts ir aizraujo\u0161u ilustr\u0101ciju rad\u012b\u0161ana,<span class=\"Apple-converted-space\">  <\/span>person\u012bgo suven\u012bru un d\u0101vanu apglezno\u0161ana un uzkr\u012bto\u0161u rekl\u0101mas materi\u0101lu noform\u0113\u0161ana. Tom\u0113r es neuzskatu m\u0101kslu par savu darbu, mans vissvar\u012bg\u0101kais uzdevums ir pal\u012bdz\u0113t saviem klientiem sasniegt savus m\u0113r\u0137us, un m\u0101ksla ir mans instruments, lai to sasniegtu. Mana rad\u012b\u0161ana ir da\u017e\u0101du tehniku un materi\u0101lu sajaukums &#8211; digit\u0101lie z\u012bm\u0113jumi un ilustr\u0101cijas, tradicion\u0101l\u0101s otas un kr\u0101sas uz pap\u012bra vai koka un citu materi\u0101lu kombin\u0101cija. T\u0101d\u0101 veid\u0101 man\u0101 darb\u0101 vienm\u0113r ir jaunas m\u0101c\u012bbas un daudzveid\u012bba, jo, saskaroties ar katru jaunu uzdevumu, es izv\u0113los instrumentus, pamatojoties uz \u0161o izaicin\u0101jumu. Liel\u0101k\u0101 da\u013ca mana darba s\u0101kas ar situ\u0101ciju, kas j\u0101atrisina, ta\u010du arvien bie\u017e\u0101k kav\u0113jos ar\u012b starp rado\u0161iem uzdevumiem, kas ilgu laiku paliku\u0161i pr\u0101t\u0101 k\u0101 idejas.<\/p>\n<p>M\u0101ksla ir mans veids, k\u0101 st\u0101st\u012bt st\u0101stus.<span class=\"Apple-converted-space\">  <\/span>Es uztveru katru savu darbu \u013coti person\u012bgi, katr\u0101 jaunaj\u0101 ilustr\u0101cij\u0101 ieliekot gabalu savas dv\u0113seles un pirkstu galus.<\/p>\n\t\t\t\t\t\t\t\t<\/div>\n\t\t\t\t<\/div>\n\t\t\t\t<div class=\"elementor-element elementor-element-f5c8852 elementor-mobile-align-center elementor-align-center elementor-widget elementor-widget-button\" data-id=\"f5c8852\" data-element_type=\"widget\" data-e-type=\"widget\" data-widget_type=\"button.default\">\n\t\t\t\t<div class=\"elementor-widget-container\">\n\t\t\t\t\t\t\t\t\t<div class=\"elementor-button-wrapper\">\n\t\t\t\t\t<a class=\"elementor-button elementor-button-link elementor-size-md\" href=\"https:\/\/peipsikaup.ee\/ru\/product-category\/maiu-vares\/\">\n\t\t\t\t\t\t<span class=\"elementor-button-content-wrapper\">\n\t\t\t\t\t\t\t\t\t<span class=\"elementor-button-text\">mani produkti<\/span>\n\t\t\t\t\t<\/span>\n\t\t\t\t\t<\/a>\n\t\t\t\t<\/div>\n\t\t\t\t\t\t\t\t<\/div>\n\t\t\t\t<\/div>\n\t\t\t\t\t<\/div>\n\t\t<\/div>\n\t\t\t\t\t<\/div>\n\t\t<\/section>\n\t\t\t\t<\/div>","protected":false},"excerpt":{"rendered":"<p>Meistara st\u0101sts Maiu Vares m\u0101kslinieks mani produkti Es esmu Maiu, ilustrators un m\u0101kslinieks no R\u00e4pinas. M\u0101kslu esmu m\u012bl\u0113jusi kop\u0161 b\u0113rn\u012bbas. Es atceros, cik bie\u017ei es izveidoju savus z\u012bm\u0113jumus m\u0101kslas izst\u0101dei viesistab\u0101 un aicin\u0101ju \u0123imenes locek\u013cus paskat\u012bties. B\u0113rnud\u0101rza m\u0101kslas pulci\u0146a skolot\u0101ja v\u0113l\u0101k run\u0101ja par to, k\u0101 es vienm\u0113r, katru reizi tobr\u012bd katru stundu dzirdot uzdevumu, jaut\u0101ju, &hellip;<\/p>\n<p class=\"read-more\"> <a class=\"\" href=\"https:\/\/peipsikaup.ee\/ru\/meistari\/maiu-vares\/\"> <span class=\"screen-reader-text\">\u041c\u0430\u0439\u044e \u0412\u0430\u0440\u0435\u0441<\/span> \u0427\u0438\u0442\u0430\u0442\u044c \u0434\u0430\u043b\u0435\u0435 &raquo;<\/a><\/p>","protected":false},"author":2,"featured_media":0,"parent":4585,"menu_order":0,"comment_status":"closed","ping_status":"closed","template":"","meta":{"site-sidebar-layout":"no-sidebar","site-content-layout":"page-builder","ast-global-header-display":"","ast-main-header-display":"","ast-hfb-above-header-display":"","ast-hfb-below-header-display":"","ast-hfb-mobile-header-display":"","site-post-title":"disabled","ast-breadcrumbs-content":"","ast-featured-img":"disabled","footer-sml-layout":"","theme-transparent-header-meta":"enabled","adv-header-id-meta":"","stick-header-meta":"default","header-above-stick-meta":"","header-main-stick-meta":"","header-below-stick-meta":"","footnotes":""},"class_list":["post-3854","page","type-page","status-publish","hentry"],"yoast_head":"<!-- This site is optimized with the Yoast SEO plugin v27.2 - https:\/\/yoast.com\/product\/yoast-seo-wordpress\/ -->\n<title>Maiu Vares - Peipsi kaup<\/title>\n<meta name=\"robots\" content=\"index, follow, max-snippet:-1, max-image-preview:large, max-video-preview:-1\" \/>\n<link rel=\"canonical\" href=\"https:\/\/peipsikaup.ee\/ru\/meistari\/maiu-vares\/?lang=lv\" \/>\n<meta property=\"og:locale\" content=\"ru_RU\" \/>\n<meta property=\"og:type\" content=\"article\" \/>\n<meta property=\"og:title\" content=\"Maiu Vares - Peipsi kaup\" \/>\n<meta property=\"og:description\" content=\"Meistara st\u0101sts Maiu Vares m\u0101kslinieks mani produkti Es esmu Maiu, ilustrators un m\u0101kslinieks no R\u00e4pinas. M\u0101kslu esmu m\u012bl\u0113jusi kop\u0161 b\u0113rn\u012bbas. Es atceros, cik bie\u017ei es izveidoju savus z\u012bm\u0113jumus m\u0101kslas izst\u0101dei viesistab\u0101 un aicin\u0101ju \u0123imenes locek\u013cus paskat\u012bties. B\u0113rnud\u0101rza m\u0101kslas pulci\u0146a skolot\u0101ja v\u0113l\u0101k run\u0101ja par to, k\u0101 es vienm\u0113r, katru reizi tobr\u012bd katru stundu dzirdot uzdevumu, jaut\u0101ju, &hellip; Maiu Vares \u0427\u0438\u0442\u0430\u0442\u044c \u0434\u0430\u043b\u0435\u0435 &raquo;\" \/>\n<meta property=\"og:url\" content=\"https:\/\/peipsikaup.ee\/ru\/meistari\/maiu-vares\/?lang=lv\" \/>\n<meta property=\"og:site_name\" content=\"Peipsi kaup\" \/>\n<meta property=\"article:modified_time\" content=\"2021-09-26T15:51:59+00:00\" \/>\n<meta property=\"og:image\" content=\"https:\/\/peipsikaup.ee\/wp-content\/uploads\/2021\/02\/Peipsikaup_meister-kunstnik_Maiu-Vares.jpg\" \/>\n<meta name=\"twitter:card\" content=\"summary_large_image\" \/>\n<meta name=\"twitter:label1\" content=\"\u041f\u0440\u0438\u043c\u0435\u0440\u043d\u043e\u0435 \u0432\u0440\u0435\u043c\u044f \u0434\u043b\u044f \u0447\u0442\u0435\u043d\u0438\u044f\" \/>\n\t<meta name=\"twitter:data1\" content=\"4 \u043c\u0438\u043d\u0443\u0442\u044b\" \/>\n<script type=\"application\/ld+json\" class=\"yoast-schema-graph\">{\"@context\":\"https:\/\/schema.org\",\"@graph\":[{\"@type\":\"WebPage\",\"@id\":\"https:\/\/peipsikaup.ee\/meistari\/maiu-vares\/?lang=lv\",\"url\":\"https:\/\/peipsikaup.ee\/meistari\/maiu-vares\/?lang=lv\",\"name\":\"Maiu Vares - Peipsi kaup\",\"isPartOf\":{\"@id\":\"https:\/\/peipsikaup.ee\/#website\"},\"primaryImageOfPage\":{\"@id\":\"https:\/\/peipsikaup.ee\/meistari\/maiu-vares\/?lang=lv#primaryimage\"},\"image\":{\"@id\":\"https:\/\/peipsikaup.ee\/meistari\/maiu-vares\/?lang=lv#primaryimage\"},\"thumbnailUrl\":\"https:\/\/peipsikaup.ee\/wp-content\/uploads\/2021\/02\/Peipsikaup_meister-kunstnik_Maiu-Vares.jpg\",\"datePublished\":\"2021-09-26T15:51:58+00:00\",\"dateModified\":\"2021-09-26T15:51:59+00:00\",\"breadcrumb\":{\"@id\":\"https:\/\/peipsikaup.ee\/meistari\/maiu-vares\/?lang=lv#breadcrumb\"},\"inLanguage\":\"ru-RU\",\"potentialAction\":[{\"@type\":\"ReadAction\",\"target\":[\"https:\/\/peipsikaup.ee\/meistari\/maiu-vares\/?lang=lv\"]}]},{\"@type\":\"ImageObject\",\"inLanguage\":\"ru-RU\",\"@id\":\"https:\/\/peipsikaup.ee\/meistari\/maiu-vares\/?lang=lv#primaryimage\",\"url\":\"https:\/\/peipsikaup.ee\/wp-content\/uploads\/2021\/02\/Peipsikaup_meister-kunstnik_Maiu-Vares.jpg\",\"contentUrl\":\"https:\/\/peipsikaup.ee\/wp-content\/uploads\/2021\/02\/Peipsikaup_meister-kunstnik_Maiu-Vares.jpg\"},{\"@type\":\"BreadcrumbList\",\"@id\":\"https:\/\/peipsikaup.ee\/meistari\/maiu-vares\/?lang=lv#breadcrumb\",\"itemListElement\":[{\"@type\":\"ListItem\",\"position\":1,\"name\":\"Home\",\"item\":\"https:\/\/peipsikaup.ee\/\"},{\"@type\":\"ListItem\",\"position\":2,\"name\":\"Meistari\",\"item\":\"https:\/\/peipsikaup.ee\/meistari\/?lang=lv\"},{\"@type\":\"ListItem\",\"position\":3,\"name\":\"Maiu Vares\"}]},{\"@type\":\"WebSite\",\"@id\":\"https:\/\/peipsikaup.ee\/#website\",\"url\":\"https:\/\/peipsikaup.ee\/\",\"name\":\"Peipsi kaup\",\"description\":\"eheda ja isikup\u00e4rase k\u00e4sit\u00f6\u00f6 veebipood\",\"publisher\":{\"@id\":\"https:\/\/peipsikaup.ee\/#organization\"},\"potentialAction\":[{\"@type\":\"SearchAction\",\"target\":{\"@type\":\"EntryPoint\",\"urlTemplate\":\"https:\/\/peipsikaup.ee\/?s={search_term_string}\"},\"query-input\":{\"@type\":\"PropertyValueSpecification\",\"valueRequired\":true,\"valueName\":\"search_term_string\"}}],\"inLanguage\":\"ru-RU\"},{\"@type\":\"Organization\",\"@id\":\"https:\/\/peipsikaup.ee\/#organization\",\"name\":\"Peipsi kaup\",\"url\":\"https:\/\/peipsikaup.ee\/\",\"logo\":{\"@type\":\"ImageObject\",\"inLanguage\":\"ru-RU\",\"@id\":\"https:\/\/peipsikaup.ee\/#\/schema\/logo\/image\/\",\"url\":\"https:\/\/peipsikaup.ee\/wp-content\/uploads\/2026\/04\/cropped-ChatGPT-Image-Apr-24-2026-02_54_59-PM.png\",\"contentUrl\":\"https:\/\/peipsikaup.ee\/wp-content\/uploads\/2026\/04\/cropped-ChatGPT-Image-Apr-24-2026-02_54_59-PM.png\",\"width\":1946,\"height\":325,\"caption\":\"Peipsi kaup\"},\"image\":{\"@id\":\"https:\/\/peipsikaup.ee\/#\/schema\/logo\/image\/\"}}]}<\/script>\n<!-- \/ Yoast SEO plugin. -->","yoast_head_json":{"title":"Maiu Vares - Peipsi kaup","robots":{"index":"index","follow":"follow","max-snippet":"max-snippet:-1","max-image-preview":"max-image-preview:large","max-video-preview":"max-video-preview:-1"},"canonical":"https:\/\/peipsikaup.ee\/ru\/meistari\/maiu-vares\/?lang=lv","og_locale":"ru_RU","og_type":"article","og_title":"Maiu Vares - Peipsi kaup","og_description":"Meistara st\u0101sts Maiu Vares m\u0101kslinieks mani produkti Es esmu Maiu, ilustrators un m\u0101kslinieks no R\u00e4pinas. M\u0101kslu esmu m\u012bl\u0113jusi kop\u0161 b\u0113rn\u012bbas. Es atceros, cik bie\u017ei es izveidoju savus z\u012bm\u0113jumus m\u0101kslas izst\u0101dei viesistab\u0101 un aicin\u0101ju \u0123imenes locek\u013cus paskat\u012bties. B\u0113rnud\u0101rza m\u0101kslas pulci\u0146a skolot\u0101ja v\u0113l\u0101k run\u0101ja par to, k\u0101 es vienm\u0113r, katru reizi tobr\u012bd katru stundu dzirdot uzdevumu, jaut\u0101ju, &hellip; Maiu Vares \u0427\u0438\u0442\u0430\u0442\u044c \u0434\u0430\u043b\u0435\u0435 &raquo;","og_url":"https:\/\/peipsikaup.ee\/ru\/meistari\/maiu-vares\/?lang=lv","og_site_name":"Peipsi kaup","article_modified_time":"2021-09-26T15:51:59+00:00","og_image":[{"url":"https:\/\/peipsikaup.ee\/wp-content\/uploads\/2021\/02\/Peipsikaup_meister-kunstnik_Maiu-Vares.jpg","type":"","width":"","height":""}],"twitter_card":"summary_large_image","twitter_misc":{"\u041f\u0440\u0438\u043c\u0435\u0440\u043d\u043e\u0435 \u0432\u0440\u0435\u043c\u044f \u0434\u043b\u044f \u0447\u0442\u0435\u043d\u0438\u044f":"4 \u043c\u0438\u043d\u0443\u0442\u044b"},"schema":{"@context":"https:\/\/schema.org","@graph":[{"@type":"WebPage","@id":"https:\/\/peipsikaup.ee\/meistari\/maiu-vares\/?lang=lv","url":"https:\/\/peipsikaup.ee\/meistari\/maiu-vares\/?lang=lv","name":"Maiu Vares - Peipsi kaup","isPartOf":{"@id":"https:\/\/peipsikaup.ee\/#website"},"primaryImageOfPage":{"@id":"https:\/\/peipsikaup.ee\/meistari\/maiu-vares\/?lang=lv#primaryimage"},"image":{"@id":"https:\/\/peipsikaup.ee\/meistari\/maiu-vares\/?lang=lv#primaryimage"},"thumbnailUrl":"https:\/\/peipsikaup.ee\/wp-content\/uploads\/2021\/02\/Peipsikaup_meister-kunstnik_Maiu-Vares.jpg","datePublished":"2021-09-26T15:51:58+00:00","dateModified":"2021-09-26T15:51:59+00:00","breadcrumb":{"@id":"https:\/\/peipsikaup.ee\/meistari\/maiu-vares\/?lang=lv#breadcrumb"},"inLanguage":"ru-RU","potentialAction":[{"@type":"ReadAction","target":["https:\/\/peipsikaup.ee\/meistari\/maiu-vares\/?lang=lv"]}]},{"@type":"ImageObject","inLanguage":"ru-RU","@id":"https:\/\/peipsikaup.ee\/meistari\/maiu-vares\/?lang=lv#primaryimage","url":"https:\/\/peipsikaup.ee\/wp-content\/uploads\/2021\/02\/Peipsikaup_meister-kunstnik_Maiu-Vares.jpg","contentUrl":"https:\/\/peipsikaup.ee\/wp-content\/uploads\/2021\/02\/Peipsikaup_meister-kunstnik_Maiu-Vares.jpg"},{"@type":"BreadcrumbList","@id":"https:\/\/peipsikaup.ee\/meistari\/maiu-vares\/?lang=lv#breadcrumb","itemListElement":[{"@type":"ListItem","position":1,"name":"Home","item":"https:\/\/peipsikaup.ee\/"},{"@type":"ListItem","position":2,"name":"Meistari","item":"https:\/\/peipsikaup.ee\/meistari\/?lang=lv"},{"@type":"ListItem","position":3,"name":"Maiu Vares"}]},{"@type":"WebSite","@id":"https:\/\/peipsikaup.ee\/#website","url":"https:\/\/peipsikaup.ee\/","name":"\u0422\u043e\u0440\u0433\u043e\u0432\u043b\u044f \u043d\u0430 \u0427\u0443\u0434\u0441\u043a\u043e\u043c \u043e\u0441\u0442\u0440\u043e\u0432\u0435","description":"eheda ja isikup\u00e4rase k\u00e4sit\u00f6\u00f6 veebipood","publisher":{"@id":"https:\/\/peipsikaup.ee\/#organization"},"potentialAction":[{"@type":"SearchAction","target":{"@type":"EntryPoint","urlTemplate":"https:\/\/peipsikaup.ee\/?s={search_term_string}"},"query-input":{"@type":"PropertyValueSpecification","valueRequired":true,"valueName":"search_term_string"}}],"inLanguage":"ru-RU"},{"@type":"Organization","@id":"https:\/\/peipsikaup.ee\/#organization","name":"\u0422\u043e\u0440\u0433\u043e\u0432\u043b\u044f \u043d\u0430 \u0427\u0443\u0434\u0441\u043a\u043e\u043c \u043e\u0441\u0442\u0440\u043e\u0432\u0435","url":"https:\/\/peipsikaup.ee\/","logo":{"@type":"ImageObject","inLanguage":"ru-RU","@id":"https:\/\/peipsikaup.ee\/#\/schema\/logo\/image\/","url":"https:\/\/peipsikaup.ee\/wp-content\/uploads\/2026\/04\/cropped-ChatGPT-Image-Apr-24-2026-02_54_59-PM.png","contentUrl":"https:\/\/peipsikaup.ee\/wp-content\/uploads\/2026\/04\/cropped-ChatGPT-Image-Apr-24-2026-02_54_59-PM.png","width":1946,"height":325,"caption":"Peipsi kaup"},"image":{"@id":"https:\/\/peipsikaup.ee\/#\/schema\/logo\/image\/"}}]}},"_links":{"self":[{"href":"https:\/\/peipsikaup.ee\/ru\/wp-json\/wp\/v2\/pages\/3854","targetHints":{"allow":["GET"]}}],"collection":[{"href":"https:\/\/peipsikaup.ee\/ru\/wp-json\/wp\/v2\/pages"}],"about":[{"href":"https:\/\/peipsikaup.ee\/ru\/wp-json\/wp\/v2\/types\/page"}],"author":[{"embeddable":true,"href":"https:\/\/peipsikaup.ee\/ru\/wp-json\/wp\/v2\/users\/2"}],"replies":[{"embeddable":true,"href":"https:\/\/peipsikaup.ee\/ru\/wp-json\/wp\/v2\/comments?post=3854"}],"version-history":[{"count":0,"href":"https:\/\/peipsikaup.ee\/ru\/wp-json\/wp\/v2\/pages\/3854\/revisions"}],"up":[{"embeddable":true,"href":"https:\/\/peipsikaup.ee\/ru\/wp-json\/wp\/v2\/pages\/4585"}],"wp:attachment":[{"href":"https:\/\/peipsikaup.ee\/ru\/wp-json\/wp\/v2\/media?parent=3854"}],"curies":[{"name":"wp","href":"https:\/\/api.w.org\/{rel}","templated":true}]}}