{"id":3801,"date":"2021-09-26T10:52:50","date_gmt":"2021-09-26T10:52:50","guid":{"rendered":"https:\/\/peipsikaup.ee\/kaur-vasli\/"},"modified":"2021-09-26T10:52:54","modified_gmt":"2021-09-26T10:52:54","slug":"kaur-vasli","status":"publish","type":"page","link":"https:\/\/peipsikaup.ee\/ru\/meistari\/kaur-vasli\/","title":{"rendered":"\u041a\u0430\u0443\u0440 \u0412\u0430\u0441\u043b\u0438"},"content":{"rendered":"<div data-elementor-type=\"wp-post\" data-elementor-id=\"3801\" class=\"elementor elementor-3801\">\n\t\t\t\t\t\t<section class=\"elementor-section elementor-top-section elementor-element elementor-element-6ccdc95 elementor-section-content-middle elementor-section-boxed elementor-section-height-default elementor-section-height-default\" data-id=\"6ccdc95\" data-element_type=\"section\" data-e-type=\"section\" data-settings=\"{&quot;background_background&quot;:&quot;classic&quot;}\">\n\t\t\t\t\t\t\t<div class=\"elementor-background-overlay\"><\/div>\n\t\t\t\t\t\t\t<div class=\"elementor-container elementor-column-gap-no\">\n\t\t\t\t\t<div class=\"elementor-column elementor-col-100 elementor-top-column elementor-element elementor-element-4f6adc0\" data-id=\"4f6adc0\" data-element_type=\"column\" data-e-type=\"column\" data-settings=\"{&quot;background_background&quot;:&quot;classic&quot;}\">\n\t\t\t<div class=\"elementor-widget-wrap elementor-element-populated\">\n\t\t\t\t\t\t<div class=\"elementor-element elementor-element-179c706 elementor-widget elementor-widget-heading\" data-id=\"179c706\" data-element_type=\"widget\" data-e-type=\"widget\" data-widget_type=\"heading.default\">\n\t\t\t\t<div class=\"elementor-widget-container\">\n\t\t\t\t\t<h1 class=\"elementor-heading-title elementor-size-default\">Meistara st\u0101sts<\/h1>\t\t\t\t<\/div>\n\t\t\t\t<\/div>\n\t\t\t\t\t<\/div>\n\t\t<\/div>\n\t\t\t\t\t<\/div>\n\t\t<\/section>\n\t\t\t\t<section class=\"elementor-section elementor-top-section elementor-element elementor-element-6ec1e06 elementor-section-boxed elementor-section-height-default elementor-section-height-default\" data-id=\"6ec1e06\" data-element_type=\"section\" data-e-type=\"section\">\n\t\t\t\t\t\t<div class=\"elementor-container elementor-column-gap-default\">\n\t\t\t\t\t<div class=\"elementor-column elementor-col-100 elementor-top-column elementor-element elementor-element-e23d401\" data-id=\"e23d401\" data-element_type=\"column\" data-e-type=\"column\">\n\t\t\t<div class=\"elementor-widget-wrap elementor-element-populated\">\n\t\t\t\t\t\t<section class=\"elementor-section elementor-inner-section elementor-element elementor-element-e51aece elementor-section-boxed elementor-section-height-default elementor-section-height-default\" data-id=\"e51aece\" data-element_type=\"section\" data-e-type=\"section\">\n\t\t\t\t\t\t<div class=\"elementor-container elementor-column-gap-no\">\n\t\t\t\t\t<div class=\"elementor-column elementor-col-33 elementor-inner-column elementor-element elementor-element-3c3eb1f\" data-id=\"3c3eb1f\" data-element_type=\"column\" data-e-type=\"column\">\n\t\t\t<div class=\"elementor-widget-wrap elementor-element-populated\">\n\t\t\t\t\t\t<div class=\"elementor-element elementor-element-334895d elementor-position-top elementor-widget elementor-widget-image-box\" data-id=\"334895d\" data-element_type=\"widget\" data-e-type=\"widget\" data-widget_type=\"image-box.default\">\n\t\t\t\t<div class=\"elementor-widget-container\">\n\t\t\t\t\t<div class=\"elementor-image-box-wrapper\"><figure class=\"elementor-image-box-img\"><img fetchpriority=\"high\" decoding=\"async\" width=\"900\" height=\"1600\" src=\"https:\/\/peipsikaup.ee\/wp-content\/uploads\/2021\/04\/Peipsikaup_meister-keraamik_Kaur-Vasli.jpg\" class=\"attachment-full size-full wp-image-2557\" alt=\"Peipsikaam podnieks Kaurs Vasli\" srcset=\"https:\/\/peipsikaup.ee\/wp-content\/uploads\/2021\/04\/Peipsikaup_meister-keraamik_Kaur-Vasli.jpg 900w, https:\/\/peipsikaup.ee\/wp-content\/uploads\/2021\/04\/Peipsikaup_meister-keraamik_Kaur-Vasli-169x300.jpg 169w, https:\/\/peipsikaup.ee\/wp-content\/uploads\/2021\/04\/Peipsikaup_meister-keraamik_Kaur-Vasli-576x1024.jpg 576w, https:\/\/peipsikaup.ee\/wp-content\/uploads\/2021\/04\/Peipsikaup_meister-keraamik_Kaur-Vasli-768x1365.jpg 768w, https:\/\/peipsikaup.ee\/wp-content\/uploads\/2021\/04\/Peipsikaup_meister-keraamik_Kaur-Vasli-864x1536.jpg 864w, https:\/\/peipsikaup.ee\/wp-content\/uploads\/2021\/04\/Peipsikaup_meister-keraamik_Kaur-Vasli-600x1067.jpg 600w\" sizes=\"(max-width: 900px) 100vw, 900px\" \/><\/figure><div class=\"elementor-image-box-content\"><h3 class=\"elementor-image-box-title\">\u041a\u0430\u0443\u0440 \u0412\u0430\u0441\u043b\u0438<\/h3><p class=\"elementor-image-box-description\">podnieks<\/p><\/div><\/div>\t\t\t\t<\/div>\n\t\t\t\t<\/div>\n\t\t\t\t<div class=\"elementor-element elementor-element-e3d1cc5 elementor-mobile-align-center elementor-align-center elementor-widget elementor-widget-button\" data-id=\"e3d1cc5\" data-element_type=\"widget\" data-e-type=\"widget\" data-widget_type=\"button.default\">\n\t\t\t\t<div class=\"elementor-widget-container\">\n\t\t\t\t\t\t\t\t\t<div class=\"elementor-button-wrapper\">\n\t\t\t\t\t<a class=\"elementor-button elementor-button-link elementor-size-md\" href=\"https:\/\/peipsikaup.ee\/ru\/product-category\/kaur-vasli\/\">\n\t\t\t\t\t\t<span class=\"elementor-button-content-wrapper\">\n\t\t\t\t\t\t\t\t\t<span class=\"elementor-button-text\">mani produkti<\/span>\n\t\t\t\t\t<\/span>\n\t\t\t\t\t<\/a>\n\t\t\t\t<\/div>\n\t\t\t\t\t\t\t\t<\/div>\n\t\t\t\t<\/div>\n\t\t\t\t\t<\/div>\n\t\t<\/div>\n\t\t\t\t<div class=\"elementor-column elementor-col-66 elementor-inner-column elementor-element elementor-element-1e69e34\" data-id=\"1e69e34\" data-element_type=\"column\" data-e-type=\"column\">\n\t\t\t<div class=\"elementor-widget-wrap elementor-element-populated\">\n\t\t\t\t\t\t<div class=\"elementor-element elementor-element-217c6ee elementor-widget elementor-widget-text-editor\" data-id=\"217c6ee\" data-element_type=\"widget\" data-e-type=\"widget\" data-widget_type=\"text-editor.default\">\n\t\t\t\t<div class=\"elementor-widget-container\">\n\t\t\t\t\t\t\t\t\t<p>Ar keramiku sask\u0101ros nejau\u0161i, kad mani uzaicin\u0101ja apskat\u012bt R\u00e4pina keramikas darbn\u012bcu. Darbn\u012bc\u0101 uzreiz paman\u012bju vecu padomju laiku keramiku un pal\u016bdzu at\u013cauju pam\u0113\u0123in\u0101t m\u0101la pagrie\u0161anu. Man par p\u0101rsteigumu, vi\u0146i bija&nbsp; visi darbn\u012bcas darbinieki ir \u013coti iedro\u0161ino\u0161i un laipni dal\u0101s ar padomiem. Atceros, k\u0101 laiks paskr\u0113ja &#8211; tr\u012bs stundas pag\u0101ja piln\u012bgi nemanot. Kad biju pabeidzis savu pirmo mazo v\u0101zi, kas vid\u016b atg\u0101din\u0101ja dobu m\u0101lu, biju p\u0101rliecin\u0101ta, ka v\u0113los to dar\u012bt v\u0113lreiz.<\/p>\n<p>P\u0113c k\u0101da laika man pied\u0101v\u0101ja darbn\u012bcas atsl\u0113gu, lai es var\u0113tu izm\u0113\u0123in\u0101t p\u0113c darba laika. Es s\u0101ku regul\u0101ri praktiz\u0113t un pavad\u012bju garus vakarus aiz kna\u0123a. Pam\u0101c\u012bbu atradu galvenok\u0101rt internet\u0101. Pamaz\u0101m manas lietas s\u0101ka p\u0101rdot, un nepag\u0101ja ilgs laiks, l\u012bdz es faktiski \u0137\u0113ros pie darbn\u012bcas. Es str\u0101d\u0101ju galvenok\u0101rt aiz v\u0101rpstas, pagrie\u017eot sagataves. Visvair\u0101k man pat\u012bk lielo un apjom\u012bgo formu pagrie\u0161ana. Pirmo reizi es jutu, ka r\u012bkojos pareizi. Tagad man ir cepe\u0161kr\u0101sns, ciedrs un istaba, kur m\u0101j\u0101s izgatavot savu keramiku. Tikm\u0113r es piev\u0113rsos liel\u0101k\u0101m sagatav\u0113m kol\u0113\u0123iem, piem\u0113ram, liel\u0101k\u0101m b\u013cod\u0101m un katliem.<\/p>\n<p>Pirms p\u0101ris gadiem Kedrafest\u0101, kas notiek Uhti krodzi\u0146a \u0113k\u0101 net\u0101lu no Tartu, es vad\u012bju potikatedras virpo\u0161anas darbn\u012bcu jaunpien\u0101c\u0113jiem, un 2018. g. Taj\u0101 pa\u0161\u0101 gad\u012bjum\u0101 es uzvar\u0113ju virpo\u0161anas konkurs\u0101. Tuv\u0101kaj\u0101 n\u0101kotn\u0113 galven\u0101 uzman\u012bba tiks piev\u0113rsta keramikas turpm\u0101kai izp\u0113tei, lai uzlabotu prasmes un papla\u0161in\u0101tu redzesloku.&nbsp;<\/p>\n\t\t\t\t\t\t\t\t<\/div>\n\t\t\t\t<\/div>\n\t\t\t\t\t<\/div>\n\t\t<\/div>\n\t\t\t\t\t<\/div>\n\t\t<\/section>\n\t\t\t\t\t<\/div>\n\t\t<\/div>\n\t\t\t\t\t<\/div>\n\t\t<\/section>\n\t\t\t\t<section class=\"elementor-section elementor-top-section elementor-element elementor-element-dc6a4e3 elementor-section-boxed elementor-section-height-default elementor-section-height-default\" data-id=\"dc6a4e3\" data-element_type=\"section\" data-e-type=\"section\" data-settings=\"{&quot;background_background&quot;:&quot;classic&quot;}\">\n\t\t\t\t\t\t<div class=\"elementor-container elementor-column-gap-no\">\n\t\t\t\t\t<div class=\"elementor-column elementor-col-100 elementor-top-column elementor-element elementor-element-0e2a233\" data-id=\"0e2a233\" data-element_type=\"column\" data-e-type=\"column\">\n\t\t\t<div class=\"elementor-widget-wrap elementor-element-populated\">\n\t\t\t\t\t\t<div class=\"elementor-element elementor-element-6c315a1 elementor-position-top elementor-widget elementor-widget-image-box\" data-id=\"6c315a1\" data-element_type=\"widget\" data-e-type=\"widget\" data-widget_type=\"image-box.default\">\n\t\t\t\t<div class=\"elementor-widget-container\">\n\t\t\t\t\t<div class=\"elementor-image-box-wrapper\"><figure class=\"elementor-image-box-img\"><img decoding=\"async\" width=\"1600\" height=\"900\" src=\"https:\/\/peipsikaup.ee\/wp-content\/uploads\/2021\/04\/Peipsikaup_meister-keraamik_Kaur-Vasli_kedra-taga.jpg\" class=\"attachment-full size-full wp-image-2554\" alt=\"Peipsikaup podnieka Kaura Vasli darbn\u012bca\" srcset=\"https:\/\/peipsikaup.ee\/wp-content\/uploads\/2021\/04\/Peipsikaup_meister-keraamik_Kaur-Vasli_kedra-taga.jpg 1600w, https:\/\/peipsikaup.ee\/wp-content\/uploads\/2021\/04\/Peipsikaup_meister-keraamik_Kaur-Vasli_kedra-taga-300x169.jpg 300w, https:\/\/peipsikaup.ee\/wp-content\/uploads\/2021\/04\/Peipsikaup_meister-keraamik_Kaur-Vasli_kedra-taga-1024x576.jpg 1024w, https:\/\/peipsikaup.ee\/wp-content\/uploads\/2021\/04\/Peipsikaup_meister-keraamik_Kaur-Vasli_kedra-taga-768x432.jpg 768w, https:\/\/peipsikaup.ee\/wp-content\/uploads\/2021\/04\/Peipsikaup_meister-keraamik_Kaur-Vasli_kedra-taga-1536x864.jpg 1536w, https:\/\/peipsikaup.ee\/wp-content\/uploads\/2021\/04\/Peipsikaup_meister-keraamik_Kaur-Vasli_kedra-taga-600x338.jpg 600w\" sizes=\"(max-width: 1600px) 100vw, 1600px\" \/><\/figure><\/div>\t\t\t\t<\/div>\n\t\t\t\t<\/div>\n\t\t\t\t<div class=\"elementor-element elementor-element-e075a06 elementor-widget elementor-widget-heading\" data-id=\"e075a06\" data-element_type=\"widget\" data-e-type=\"widget\" data-widget_type=\"heading.default\">\n\t\t\t\t<div class=\"elementor-widget-container\">\n\t\t\t\t\t<h2 class=\"elementor-heading-title elementor-size-default\">K\u0101 lai es to izdaru?<\/h2>\t\t\t\t<\/div>\n\t\t\t\t<\/div>\n\t\t\t\t<div class=\"elementor-element elementor-element-863954d elementor-widget elementor-widget-text-editor\" data-id=\"863954d\" data-element_type=\"widget\" data-e-type=\"widget\" data-widget_type=\"text-editor.default\">\n\t\t\t\t<div class=\"elementor-widget-container\">\n\t\t\t\t\t\t\t\t\t<p>Lai s\u0101ktu darbu, m\u0101ls ir j\u0101sam\u012bca un j\u0101p\u0101rliecin\u0101s, ka m\u0101la korpusa iek\u0161pus\u0113 nepaliek gaisa kabatas, lai nov\u0113rstu turpm\u0101kas probl\u0113mas ar dedzin\u0101\u0161anu un nodro\u0161in\u0101tu, ka trauks nepl\u012bst kr\u0101sn\u012b. T\u0101l\u0101k gatavo\u0161anas laik\u0101 m\u0101la podkatedr\u0101lei j\u0101b\u016bt centr\u0113tai<span class=\"Apple-converted-space\">&nbsp; <\/span>pagrie\u0161anai. Pagrieziet ar rok\u0101m, izmantojot \u016bdeni, lai m\u0101la virsma b\u016btu slidena. P\u0113c centr\u0113\u0161anas m\u0101ls j\u0101p\u0101rv\u0113r\u0161 konusveida cilindra form\u0101, un p\u0113c tam objektam var pie\u0161\u0137irt citu formu. Labi tad<span class=\"Apple-converted-space\">&nbsp;<\/span>kr\u016bze, kr\u016bze vai b\u013coda &#8211; viss s\u0101kas ar parasto cilindru. P\u0113c pagrie\u0161anas izstr\u0101d\u0101jumu atst\u0101j plauktos no\u017e\u016bt 1-3 dienas atkar\u012bb\u0101 no mitruma. Zem pl\u0113ves m\u0101ls paliek mitrs pat vair\u0101k nek\u0101 ned\u0113\u013cu.&nbsp;<\/p>\n<p>\u017d\u0101v\u0113\u0161anas laik\u0101 m\u0101la korpuss saraujas atkar\u012bb\u0101 no m\u0101la veida. Izgatavojot priek\u0161metus ar jebkuru v\u0101ku vai ja nepiecie\u0161ams noteiktas ietilp\u012bbas konteiners, j\u0101\u0146em v\u0113r\u0101 sarau\u0161an\u0101s. \u0100das \u017e\u0101v\u0113tais priek\u0161mets ir gatavs dekor\u0113\u0161anai un savieno\u0161anai ar rokturi. Pagrie\u0161anas laik\u0101 vislab\u0101k izmantot \u0161\u0137idru m\u0101la vircu. Vispirms raupjiet gan roktura, gan kr\u016bzes virsmu, p\u0113c tam p\u0101rkl\u0101jiet virsmas ar m\u0101la l\u012bmi un pievienojiet t\u0101m. M\u0101la l\u012bme ar pareizu viskozit\u0101ti nodro\u0161ina ilgsto\u0161u savienojumu.<\/p>\n<p>Dekor\u0113\u0161anai objekta virsma j\u0101p\u0101rkl\u0101j ar izv\u0113l\u0113t\u0101s kr\u0101sas enkuru (kr\u0101sotu \u0161\u0137idru m\u0101lu). Kad ango ir v\u0113lams, taj\u0101 var izgriezt rakstu. Kad raksts ir sagriezts, k\u013c\u016bst redzams balts m\u0101la korpuss zem enkura. T\u0101l\u0101k jums j\u0101\u013cauj ra\u017eo\u0161anai<span class=\"Apple-converted-space\">&nbsp; <\/span>piln\u012bb\u0101 iz\u017e\u016bt, kas ilgst da\u017eas dienas atkar\u012bb\u0101 no mitruma un temperat\u016bras. Sausais priek\u0161mets j\u0101pabeidz, no\u0146emot putek\u013cus un taml\u012bdz\u012bgus materi\u0101lus no m\u0101la virsmas. P\u0113c apdares lietas ir gatavas iepriek\u0161\u0113jai sadedzin\u0101\u0161anai.<\/p>\n<p>900 gr\u0101du temperat\u016br\u0101 iepriek\u0161\u0113ja sadedzin\u0101\u0161ana ilgst apm\u0113ram 7 stundas, p\u0113c tam kr\u0101sns atdziest 3-4 stundas. Kad kr\u0101sns un keramika ir atdzisusi, varat s\u0101kt glaz\u0113t. Glaz\u016br\u0101 var iem\u0113rkt maz\u0101kas lietas, bet liel\u0101kas &#8211; p\u0101rlej ar glaz\u016bru. Priek\u0161meta virsma, kas atrodas pret cep\u0161anas papl\u0101ti, vienm\u0113r paliks neglaz\u0113ta. Glaz\u0113tu mitru keramiku pirms apdedzin\u0101\u0161anas \u017e\u0101v\u0113 kr\u0101sn\u012b ar zemu karstumu vai \u013cauj tai no\u017e\u016bt. P\u0113d\u0113jais apdegums notiek 1220 gr\u0101du temperat\u016br\u0101 un ilgst apm\u0113ram 10 stundas. Kad kr\u0101sns ir atdzisusi, j\u016bs beidzot varat iz\u0146emt lietas.<span class=\"Apple-converted-space\">&nbsp; <\/span>Es dom\u0101ju, ka visi piekr\u012bt, ka cepe\u0161kr\u0101sns atv\u0113r\u0161ana ir lab\u0101k\u0101 keramikas gatavo\u0161anas sast\u0101vda\u013ca.<\/p>\n\t\t\t\t\t\t\t\t<\/div>\n\t\t\t\t<\/div>\n\t\t\t\t<div class=\"elementor-element elementor-element-f5c8852 elementor-mobile-align-center elementor-align-center elementor-widget elementor-widget-button\" data-id=\"f5c8852\" data-element_type=\"widget\" data-e-type=\"widget\" data-widget_type=\"button.default\">\n\t\t\t\t<div class=\"elementor-widget-container\">\n\t\t\t\t\t\t\t\t\t<div class=\"elementor-button-wrapper\">\n\t\t\t\t\t<a class=\"elementor-button elementor-button-link elementor-size-md\" href=\"https:\/\/peipsikaup.ee\/ru\/product-category\/kaur-vasli\/\">\n\t\t\t\t\t\t<span class=\"elementor-button-content-wrapper\">\n\t\t\t\t\t\t\t\t\t<span class=\"elementor-button-text\">mani produkti<\/span>\n\t\t\t\t\t<\/span>\n\t\t\t\t\t<\/a>\n\t\t\t\t<\/div>\n\t\t\t\t\t\t\t\t<\/div>\n\t\t\t\t<\/div>\n\t\t\t\t\t<\/div>\n\t\t<\/div>\n\t\t\t\t\t<\/div>\n\t\t<\/section>\n\t\t\t\t<\/div>","protected":false},"excerpt":{"rendered":"<p>Meistara st\u0101sts Kaur Vasli podnieks mani produkti Ar keramiku sask\u0101ros nejau\u0161i, kad mani uzaicin\u0101ja apskat\u012bt R\u00e4pina keramikas darbn\u012bcu. Darbn\u012bc\u0101 uzreiz paman\u012bju vecu padomju laiku keramiku un pal\u016bdzu at\u013cauju pam\u0113\u0123in\u0101t m\u0101la pagrie\u0161anu. Man par p\u0101rsteigumu, vi\u0146i bija&nbsp; visi darbn\u012bcas darbinieki ir \u013coti iedro\u0161ino\u0161i un laipni dal\u0101s ar padomiem. Atceros, k\u0101 laiks paskr\u0113ja &#8211; tr\u012bs stundas pag\u0101ja &hellip;<\/p>\n<p class=\"read-more\"> <a class=\"\" href=\"https:\/\/peipsikaup.ee\/ru\/meistari\/kaur-vasli\/\"> <span class=\"screen-reader-text\">\u041a\u0430\u0443\u0440 \u0412\u0430\u0441\u043b\u0438<\/span> \u0427\u0438\u0442\u0430\u0442\u044c \u0434\u0430\u043b\u0435\u0435 &raquo;<\/a><\/p>","protected":false},"author":2,"featured_media":0,"parent":4585,"menu_order":0,"comment_status":"closed","ping_status":"closed","template":"","meta":{"site-sidebar-layout":"no-sidebar","site-content-layout":"page-builder","ast-global-header-display":"","ast-main-header-display":"","ast-hfb-above-header-display":"","ast-hfb-below-header-display":"","ast-hfb-mobile-header-display":"","site-post-title":"disabled","ast-breadcrumbs-content":"","ast-featured-img":"disabled","footer-sml-layout":"","theme-transparent-header-meta":"enabled","adv-header-id-meta":"","stick-header-meta":"default","header-above-stick-meta":"","header-main-stick-meta":"","header-below-stick-meta":"","footnotes":""},"class_list":["post-3801","page","type-page","status-publish","hentry"],"yoast_head":"<!-- This site is optimized with the Yoast SEO plugin v27.2 - https:\/\/yoast.com\/product\/yoast-seo-wordpress\/ -->\n<title>Kaur Vasli - Peipsi kaup<\/title>\n<meta name=\"robots\" content=\"index, follow, max-snippet:-1, max-image-preview:large, max-video-preview:-1\" \/>\n<link rel=\"canonical\" href=\"https:\/\/peipsikaup.ee\/ru\/meistari\/kaur-vasli\/?lang=lv\" \/>\n<meta property=\"og:locale\" content=\"ru_RU\" \/>\n<meta property=\"og:type\" content=\"article\" \/>\n<meta property=\"og:title\" content=\"Kaur Vasli - Peipsi kaup\" \/>\n<meta property=\"og:description\" content=\"Meistara st\u0101sts Kaur Vasli podnieks mani produkti Ar keramiku sask\u0101ros nejau\u0161i, kad mani uzaicin\u0101ja apskat\u012bt R\u00e4pina keramikas darbn\u012bcu. Darbn\u012bc\u0101 uzreiz paman\u012bju vecu padomju laiku keramiku un pal\u016bdzu at\u013cauju pam\u0113\u0123in\u0101t m\u0101la pagrie\u0161anu. Man par p\u0101rsteigumu, vi\u0146i bija&nbsp; visi darbn\u012bcas darbinieki ir \u013coti iedro\u0161ino\u0161i un laipni dal\u0101s ar padomiem. Atceros, k\u0101 laiks paskr\u0113ja &#8211; tr\u012bs stundas pag\u0101ja &hellip; Kaur Vasli \u0427\u0438\u0442\u0430\u0442\u044c \u0434\u0430\u043b\u0435\u0435 &raquo;\" \/>\n<meta property=\"og:url\" content=\"https:\/\/peipsikaup.ee\/ru\/meistari\/kaur-vasli\/?lang=lv\" \/>\n<meta property=\"og:site_name\" content=\"Peipsi kaup\" \/>\n<meta property=\"article:modified_time\" content=\"2021-09-26T10:52:54+00:00\" \/>\n<meta property=\"og:image\" content=\"https:\/\/peipsikaup.ee\/wp-content\/uploads\/2021\/04\/Peipsikaup_meister-keraamik_Kaur-Vasli.jpg\" \/>\n<meta name=\"twitter:card\" content=\"summary_large_image\" \/>\n<meta name=\"twitter:label1\" content=\"\u041f\u0440\u0438\u043c\u0435\u0440\u043d\u043e\u0435 \u0432\u0440\u0435\u043c\u044f \u0434\u043b\u044f \u0447\u0442\u0435\u043d\u0438\u044f\" \/>\n\t<meta name=\"twitter:data1\" content=\"4 \u043c\u0438\u043d\u0443\u0442\u044b\" \/>\n<script type=\"application\/ld+json\" class=\"yoast-schema-graph\">{\"@context\":\"https:\/\/schema.org\",\"@graph\":[{\"@type\":\"WebPage\",\"@id\":\"https:\/\/peipsikaup.ee\/meistari\/kaur-vasli\/?lang=lv\",\"url\":\"https:\/\/peipsikaup.ee\/meistari\/kaur-vasli\/?lang=lv\",\"name\":\"Kaur Vasli - Peipsi kaup\",\"isPartOf\":{\"@id\":\"https:\/\/peipsikaup.ee\/#website\"},\"primaryImageOfPage\":{\"@id\":\"https:\/\/peipsikaup.ee\/meistari\/kaur-vasli\/?lang=lv#primaryimage\"},\"image\":{\"@id\":\"https:\/\/peipsikaup.ee\/meistari\/kaur-vasli\/?lang=lv#primaryimage\"},\"thumbnailUrl\":\"https:\/\/peipsikaup.ee\/wp-content\/uploads\/2021\/04\/Peipsikaup_meister-keraamik_Kaur-Vasli.jpg\",\"datePublished\":\"2021-09-26T10:52:50+00:00\",\"dateModified\":\"2021-09-26T10:52:54+00:00\",\"breadcrumb\":{\"@id\":\"https:\/\/peipsikaup.ee\/meistari\/kaur-vasli\/?lang=lv#breadcrumb\"},\"inLanguage\":\"ru-RU\",\"potentialAction\":[{\"@type\":\"ReadAction\",\"target\":[\"https:\/\/peipsikaup.ee\/meistari\/kaur-vasli\/?lang=lv\"]}]},{\"@type\":\"ImageObject\",\"inLanguage\":\"ru-RU\",\"@id\":\"https:\/\/peipsikaup.ee\/meistari\/kaur-vasli\/?lang=lv#primaryimage\",\"url\":\"https:\/\/peipsikaup.ee\/wp-content\/uploads\/2021\/04\/Peipsikaup_meister-keraamik_Kaur-Vasli.jpg\",\"contentUrl\":\"https:\/\/peipsikaup.ee\/wp-content\/uploads\/2021\/04\/Peipsikaup_meister-keraamik_Kaur-Vasli.jpg\"},{\"@type\":\"BreadcrumbList\",\"@id\":\"https:\/\/peipsikaup.ee\/meistari\/kaur-vasli\/?lang=lv#breadcrumb\",\"itemListElement\":[{\"@type\":\"ListItem\",\"position\":1,\"name\":\"Home\",\"item\":\"https:\/\/peipsikaup.ee\/\"},{\"@type\":\"ListItem\",\"position\":2,\"name\":\"Meistari\",\"item\":\"https:\/\/peipsikaup.ee\/meistari\/?lang=lv\"},{\"@type\":\"ListItem\",\"position\":3,\"name\":\"Kaur Vasli\"}]},{\"@type\":\"WebSite\",\"@id\":\"https:\/\/peipsikaup.ee\/#website\",\"url\":\"https:\/\/peipsikaup.ee\/\",\"name\":\"Peipsi kaup\",\"description\":\"eheda ja isikup\u00e4rase k\u00e4sit\u00f6\u00f6 veebipood\",\"publisher\":{\"@id\":\"https:\/\/peipsikaup.ee\/#organization\"},\"potentialAction\":[{\"@type\":\"SearchAction\",\"target\":{\"@type\":\"EntryPoint\",\"urlTemplate\":\"https:\/\/peipsikaup.ee\/?s={search_term_string}\"},\"query-input\":{\"@type\":\"PropertyValueSpecification\",\"valueRequired\":true,\"valueName\":\"search_term_string\"}}],\"inLanguage\":\"ru-RU\"},{\"@type\":\"Organization\",\"@id\":\"https:\/\/peipsikaup.ee\/#organization\",\"name\":\"Peipsi kaup\",\"url\":\"https:\/\/peipsikaup.ee\/\",\"logo\":{\"@type\":\"ImageObject\",\"inLanguage\":\"ru-RU\",\"@id\":\"https:\/\/peipsikaup.ee\/#\/schema\/logo\/image\/\",\"url\":\"https:\/\/peipsikaup.ee\/wp-content\/uploads\/2022\/01\/cropped-Peipsikaup-loho-pisike.png\",\"contentUrl\":\"https:\/\/peipsikaup.ee\/wp-content\/uploads\/2022\/01\/cropped-Peipsikaup-loho-pisike.png\",\"width\":180,\"height\":60,\"caption\":\"Peipsi kaup\"},\"image\":{\"@id\":\"https:\/\/peipsikaup.ee\/#\/schema\/logo\/image\/\"}}]}<\/script>\n<!-- \/ Yoast SEO plugin. -->","yoast_head_json":{"title":"Kaur Vasli - Peipsi kaup","robots":{"index":"index","follow":"follow","max-snippet":"max-snippet:-1","max-image-preview":"max-image-preview:large","max-video-preview":"max-video-preview:-1"},"canonical":"https:\/\/peipsikaup.ee\/ru\/meistari\/kaur-vasli\/?lang=lv","og_locale":"ru_RU","og_type":"article","og_title":"Kaur Vasli - Peipsi kaup","og_description":"Meistara st\u0101sts Kaur Vasli podnieks mani produkti Ar keramiku sask\u0101ros nejau\u0161i, kad mani uzaicin\u0101ja apskat\u012bt R\u00e4pina keramikas darbn\u012bcu. Darbn\u012bc\u0101 uzreiz paman\u012bju vecu padomju laiku keramiku un pal\u016bdzu at\u013cauju pam\u0113\u0123in\u0101t m\u0101la pagrie\u0161anu. Man par p\u0101rsteigumu, vi\u0146i bija&nbsp; visi darbn\u012bcas darbinieki ir \u013coti iedro\u0161ino\u0161i un laipni dal\u0101s ar padomiem. Atceros, k\u0101 laiks paskr\u0113ja &#8211; tr\u012bs stundas pag\u0101ja &hellip; Kaur Vasli \u0427\u0438\u0442\u0430\u0442\u044c \u0434\u0430\u043b\u0435\u0435 &raquo;","og_url":"https:\/\/peipsikaup.ee\/ru\/meistari\/kaur-vasli\/?lang=lv","og_site_name":"Peipsi kaup","article_modified_time":"2021-09-26T10:52:54+00:00","og_image":[{"url":"https:\/\/peipsikaup.ee\/wp-content\/uploads\/2021\/04\/Peipsikaup_meister-keraamik_Kaur-Vasli.jpg","type":"","width":"","height":""}],"twitter_card":"summary_large_image","twitter_misc":{"\u041f\u0440\u0438\u043c\u0435\u0440\u043d\u043e\u0435 \u0432\u0440\u0435\u043c\u044f \u0434\u043b\u044f \u0447\u0442\u0435\u043d\u0438\u044f":"4 \u043c\u0438\u043d\u0443\u0442\u044b"},"schema":{"@context":"https:\/\/schema.org","@graph":[{"@type":"WebPage","@id":"https:\/\/peipsikaup.ee\/meistari\/kaur-vasli\/?lang=lv","url":"https:\/\/peipsikaup.ee\/meistari\/kaur-vasli\/?lang=lv","name":"Kaur Vasli - Peipsi kaup","isPartOf":{"@id":"https:\/\/peipsikaup.ee\/#website"},"primaryImageOfPage":{"@id":"https:\/\/peipsikaup.ee\/meistari\/kaur-vasli\/?lang=lv#primaryimage"},"image":{"@id":"https:\/\/peipsikaup.ee\/meistari\/kaur-vasli\/?lang=lv#primaryimage"},"thumbnailUrl":"https:\/\/peipsikaup.ee\/wp-content\/uploads\/2021\/04\/Peipsikaup_meister-keraamik_Kaur-Vasli.jpg","datePublished":"2021-09-26T10:52:50+00:00","dateModified":"2021-09-26T10:52:54+00:00","breadcrumb":{"@id":"https:\/\/peipsikaup.ee\/meistari\/kaur-vasli\/?lang=lv#breadcrumb"},"inLanguage":"ru-RU","potentialAction":[{"@type":"ReadAction","target":["https:\/\/peipsikaup.ee\/meistari\/kaur-vasli\/?lang=lv"]}]},{"@type":"ImageObject","inLanguage":"ru-RU","@id":"https:\/\/peipsikaup.ee\/meistari\/kaur-vasli\/?lang=lv#primaryimage","url":"https:\/\/peipsikaup.ee\/wp-content\/uploads\/2021\/04\/Peipsikaup_meister-keraamik_Kaur-Vasli.jpg","contentUrl":"https:\/\/peipsikaup.ee\/wp-content\/uploads\/2021\/04\/Peipsikaup_meister-keraamik_Kaur-Vasli.jpg"},{"@type":"BreadcrumbList","@id":"https:\/\/peipsikaup.ee\/meistari\/kaur-vasli\/?lang=lv#breadcrumb","itemListElement":[{"@type":"ListItem","position":1,"name":"Home","item":"https:\/\/peipsikaup.ee\/"},{"@type":"ListItem","position":2,"name":"Meistari","item":"https:\/\/peipsikaup.ee\/meistari\/?lang=lv"},{"@type":"ListItem","position":3,"name":"Kaur Vasli"}]},{"@type":"WebSite","@id":"https:\/\/peipsikaup.ee\/#website","url":"https:\/\/peipsikaup.ee\/","name":"\u0422\u043e\u0440\u0433\u043e\u0432\u043b\u044f \u043d\u0430 \u0427\u0443\u0434\u0441\u043a\u043e\u043c \u043e\u0441\u0442\u0440\u043e\u0432\u0435","description":"eheda ja isikup\u00e4rase k\u00e4sit\u00f6\u00f6 veebipood","publisher":{"@id":"https:\/\/peipsikaup.ee\/#organization"},"potentialAction":[{"@type":"SearchAction","target":{"@type":"EntryPoint","urlTemplate":"https:\/\/peipsikaup.ee\/?s={search_term_string}"},"query-input":{"@type":"PropertyValueSpecification","valueRequired":true,"valueName":"search_term_string"}}],"inLanguage":"ru-RU"},{"@type":"Organization","@id":"https:\/\/peipsikaup.ee\/#organization","name":"\u0422\u043e\u0440\u0433\u043e\u0432\u043b\u044f \u043d\u0430 \u0427\u0443\u0434\u0441\u043a\u043e\u043c \u043e\u0441\u0442\u0440\u043e\u0432\u0435","url":"https:\/\/peipsikaup.ee\/","logo":{"@type":"ImageObject","inLanguage":"ru-RU","@id":"https:\/\/peipsikaup.ee\/#\/schema\/logo\/image\/","url":"https:\/\/peipsikaup.ee\/wp-content\/uploads\/2022\/01\/cropped-Peipsikaup-loho-pisike.png","contentUrl":"https:\/\/peipsikaup.ee\/wp-content\/uploads\/2022\/01\/cropped-Peipsikaup-loho-pisike.png","width":180,"height":60,"caption":"Peipsi kaup"},"image":{"@id":"https:\/\/peipsikaup.ee\/#\/schema\/logo\/image\/"}}]}},"_links":{"self":[{"href":"https:\/\/peipsikaup.ee\/ru\/wp-json\/wp\/v2\/pages\/3801","targetHints":{"allow":["GET"]}}],"collection":[{"href":"https:\/\/peipsikaup.ee\/ru\/wp-json\/wp\/v2\/pages"}],"about":[{"href":"https:\/\/peipsikaup.ee\/ru\/wp-json\/wp\/v2\/types\/page"}],"author":[{"embeddable":true,"href":"https:\/\/peipsikaup.ee\/ru\/wp-json\/wp\/v2\/users\/2"}],"replies":[{"embeddable":true,"href":"https:\/\/peipsikaup.ee\/ru\/wp-json\/wp\/v2\/comments?post=3801"}],"version-history":[{"count":0,"href":"https:\/\/peipsikaup.ee\/ru\/wp-json\/wp\/v2\/pages\/3801\/revisions"}],"up":[{"embeddable":true,"href":"https:\/\/peipsikaup.ee\/ru\/wp-json\/wp\/v2\/pages\/4585"}],"wp:attachment":[{"href":"https:\/\/peipsikaup.ee\/ru\/wp-json\/wp\/v2\/media?parent=3801"}],"curies":[{"name":"wp","href":"https:\/\/api.w.org\/{rel}","templated":true}]}}