{"id":3799,"date":"2021-09-26T10:35:34","date_gmt":"2021-09-26T10:35:34","guid":{"rendered":"https:\/\/peipsikaup.ee\/kaur-vasli\/"},"modified":"2021-09-30T21:46:06","modified_gmt":"2021-09-30T21:46:06","slug":"kaur-vasli","status":"publish","type":"page","link":"https:\/\/peipsikaup.ee\/ru\/masters\/kaur-vasli\/","title":{"rendered":"\u041a\u0430\u0443\u0440 \u0412\u0430\u0441\u043b\u0438"},"content":{"rendered":"<div data-elementor-type=\"wp-post\" data-elementor-id=\"3799\" class=\"elementor elementor-3799\">\n\t\t\t\t\t\t<section class=\"elementor-section elementor-top-section elementor-element elementor-element-6ccdc95 elementor-section-content-middle elementor-section-boxed elementor-section-height-default elementor-section-height-default\" data-id=\"6ccdc95\" data-element_type=\"section\" data-e-type=\"section\" data-settings=\"{&quot;background_background&quot;:&quot;classic&quot;}\">\n\t\t\t\t\t\t\t<div class=\"elementor-background-overlay\"><\/div>\n\t\t\t\t\t\t\t<div class=\"elementor-container elementor-column-gap-no\">\n\t\t\t\t\t<div class=\"elementor-column elementor-col-100 elementor-top-column elementor-element elementor-element-4f6adc0\" data-id=\"4f6adc0\" data-element_type=\"column\" data-e-type=\"column\" data-settings=\"{&quot;background_background&quot;:&quot;classic&quot;}\">\n\t\t\t<div class=\"elementor-widget-wrap elementor-element-populated\">\n\t\t\t\t\t\t<div class=\"elementor-element elementor-element-179c706 elementor-widget elementor-widget-heading\" data-id=\"179c706\" data-element_type=\"widget\" data-e-type=\"widget\" data-widget_type=\"heading.default\">\n\t\t\t\t<div class=\"elementor-widget-container\">\n\t\t\t\t\t<h1 class=\"elementor-heading-title elementor-size-default\">Master's story<\/h1>\t\t\t\t<\/div>\n\t\t\t\t<\/div>\n\t\t\t\t\t<\/div>\n\t\t<\/div>\n\t\t\t\t\t<\/div>\n\t\t<\/section>\n\t\t\t\t<section class=\"elementor-section elementor-top-section elementor-element elementor-element-6ec1e06 elementor-section-boxed elementor-section-height-default elementor-section-height-default\" data-id=\"6ec1e06\" data-element_type=\"section\" data-e-type=\"section\">\n\t\t\t\t\t\t<div class=\"elementor-container elementor-column-gap-default\">\n\t\t\t\t\t<div class=\"elementor-column elementor-col-100 elementor-top-column elementor-element elementor-element-e23d401\" data-id=\"e23d401\" data-element_type=\"column\" data-e-type=\"column\">\n\t\t\t<div class=\"elementor-widget-wrap elementor-element-populated\">\n\t\t\t\t\t\t<section class=\"elementor-section elementor-inner-section elementor-element elementor-element-e51aece elementor-section-boxed elementor-section-height-default elementor-section-height-default\" data-id=\"e51aece\" data-element_type=\"section\" data-e-type=\"section\">\n\t\t\t\t\t\t<div class=\"elementor-container elementor-column-gap-no\">\n\t\t\t\t\t<div class=\"elementor-column elementor-col-33 elementor-inner-column elementor-element elementor-element-3c3eb1f\" data-id=\"3c3eb1f\" data-element_type=\"column\" data-e-type=\"column\">\n\t\t\t<div class=\"elementor-widget-wrap elementor-element-populated\">\n\t\t\t\t\t\t<div class=\"elementor-element elementor-element-334895d elementor-position-top elementor-widget elementor-widget-image-box\" data-id=\"334895d\" data-element_type=\"widget\" data-e-type=\"widget\" data-widget_type=\"image-box.default\">\n\t\t\t\t<div class=\"elementor-widget-container\">\n\t\t\t\t\t<div class=\"elementor-image-box-wrapper\"><figure class=\"elementor-image-box-img\"><img fetchpriority=\"high\" decoding=\"async\" width=\"900\" height=\"1600\" src=\"https:\/\/peipsikaup.ee\/wp-content\/uploads\/2021\/04\/Peipsikaup_meister-keraamik_Kaur-Vasli.jpg\" class=\"attachment-full size-full wp-image-2556\" alt=\"Peipsikaam potter Kaur Vasli\" srcset=\"https:\/\/peipsikaup.ee\/wp-content\/uploads\/2021\/04\/Peipsikaup_meister-keraamik_Kaur-Vasli.jpg 900w, https:\/\/peipsikaup.ee\/wp-content\/uploads\/2021\/04\/Peipsikaup_meister-keraamik_Kaur-Vasli-169x300.jpg 169w, https:\/\/peipsikaup.ee\/wp-content\/uploads\/2021\/04\/Peipsikaup_meister-keraamik_Kaur-Vasli-576x1024.jpg 576w, https:\/\/peipsikaup.ee\/wp-content\/uploads\/2021\/04\/Peipsikaup_meister-keraamik_Kaur-Vasli-768x1365.jpg 768w, https:\/\/peipsikaup.ee\/wp-content\/uploads\/2021\/04\/Peipsikaup_meister-keraamik_Kaur-Vasli-864x1536.jpg 864w, https:\/\/peipsikaup.ee\/wp-content\/uploads\/2021\/04\/Peipsikaup_meister-keraamik_Kaur-Vasli-600x1067.jpg 600w\" sizes=\"(max-width: 900px) 100vw, 900px\" \/><\/figure><div class=\"elementor-image-box-content\"><h3 class=\"elementor-image-box-title\">\u041a\u0430\u0443\u0440 \u0412\u0430\u0441\u043b\u0438<\/h3><p class=\"elementor-image-box-description\">ceramicist<\/p><\/div><\/div>\t\t\t\t<\/div>\n\t\t\t\t<\/div>\n\t\t\t\t<div class=\"elementor-element elementor-element-e3d1cc5 elementor-mobile-align-center elementor-align-center elementor-widget elementor-widget-button\" data-id=\"e3d1cc5\" data-element_type=\"widget\" data-e-type=\"widget\" data-widget_type=\"button.default\">\n\t\t\t\t<div class=\"elementor-widget-container\">\n\t\t\t\t\t\t\t\t\t<div class=\"elementor-button-wrapper\">\n\t\t\t\t\t<a class=\"elementor-button elementor-button-link elementor-size-md\" href=\"https:\/\/peipsikaup.ee\/ru\/product-category\/kaur-vasli-products\/?lang=en\">\n\t\t\t\t\t\t<span class=\"elementor-button-content-wrapper\">\n\t\t\t\t\t\t\t\t\t<span class=\"elementor-button-text\">my products<\/span>\n\t\t\t\t\t<\/span>\n\t\t\t\t\t<\/a>\n\t\t\t\t<\/div>\n\t\t\t\t\t\t\t\t<\/div>\n\t\t\t\t<\/div>\n\t\t\t\t\t<\/div>\n\t\t<\/div>\n\t\t\t\t<div class=\"elementor-column elementor-col-66 elementor-inner-column elementor-element elementor-element-1e69e34\" data-id=\"1e69e34\" data-element_type=\"column\" data-e-type=\"column\">\n\t\t\t<div class=\"elementor-widget-wrap elementor-element-populated\">\n\t\t\t\t\t\t<div class=\"elementor-element elementor-element-217c6ee elementor-widget elementor-widget-text-editor\" data-id=\"217c6ee\" data-element_type=\"widget\" data-e-type=\"widget\" data-widget_type=\"text-editor.default\">\n\t\t\t\t<div class=\"elementor-widget-container\">\n\t\t\t\t\t\t\t\t\t<p>I came across ceramics by chance when I was invited to see the R\u00e4pina ceramics studio. In the studio, I immediately noticed an old Soviet-era potter&#8217;s wheel and asked permission to try it To my surprise, &nbsp; the studio staff were all very encouraging and kind to share tips. I remember how time flew &#8211; three hours passed completely unnoticed. When I had finished my first small vase resembling a hollow clay in the middle, I was sure I wanted to do it again.<\/p>\n<p>After a while, I was offered a studio key so I could try and practice after business hours. I started practicing regularly and spent long evenings behind the wheel. I found the tips and knowledge mainly on the Internet. Gradually, my stuff started to be sold and it didn&#8217;t take long for me to actually get to work in the R\u00e4pina Ceramics studio. I worked mainly behind the potter&#8217;s wheel, producing the blanks. What I like most is turning large and voluminous forms. For the first time, I felt I was doing the right thing. Now I have an oven, a potter&#8217;s wheel and a room to make my own ceramics at home. In the meantime, I turn to larger blanks for colleagues, such as larger bowls and pots.<\/p>\n<p>A couple of years ago, at the Kedrafest, which takes place in the Uhti tavern building near Tartu, I conducted a pottery workshop for beginners, and in 2018 in the same event I won a turning competition. In the near future, there is a focus on further study of ceramics in order to improve skills and broaden horizons.&nbsp;<\/p>\n\t\t\t\t\t\t\t\t<\/div>\n\t\t\t\t<\/div>\n\t\t\t\t\t<\/div>\n\t\t<\/div>\n\t\t\t\t\t<\/div>\n\t\t<\/section>\n\t\t\t\t\t<\/div>\n\t\t<\/div>\n\t\t\t\t\t<\/div>\n\t\t<\/section>\n\t\t\t\t<section class=\"elementor-section elementor-top-section elementor-element elementor-element-dc6a4e3 elementor-section-boxed elementor-section-height-default elementor-section-height-default\" data-id=\"dc6a4e3\" data-element_type=\"section\" data-e-type=\"section\" data-settings=\"{&quot;background_background&quot;:&quot;classic&quot;}\">\n\t\t\t\t\t\t<div class=\"elementor-container elementor-column-gap-no\">\n\t\t\t\t\t<div class=\"elementor-column elementor-col-100 elementor-top-column elementor-element elementor-element-0e2a233\" data-id=\"0e2a233\" data-element_type=\"column\" data-e-type=\"column\">\n\t\t\t<div class=\"elementor-widget-wrap elementor-element-populated\">\n\t\t\t\t\t\t<div class=\"elementor-element elementor-element-6c315a1 elementor-position-top elementor-widget elementor-widget-image-box\" data-id=\"6c315a1\" data-element_type=\"widget\" data-e-type=\"widget\" data-widget_type=\"image-box.default\">\n\t\t\t\t<div class=\"elementor-widget-container\">\n\t\t\t\t\t<div class=\"elementor-image-box-wrapper\"><figure class=\"elementor-image-box-img\"><img decoding=\"async\" width=\"1600\" height=\"900\" src=\"https:\/\/peipsikaup.ee\/wp-content\/uploads\/2021\/04\/Peipsikaup_meister-keraamik_Kaur-Vasli_kedra-taga.jpg\" class=\"attachment-full size-full wp-image-2553\" alt=\"Peipuscraft ceramicist Kaur Vasli studio\" srcset=\"https:\/\/peipsikaup.ee\/wp-content\/uploads\/2021\/04\/Peipsikaup_meister-keraamik_Kaur-Vasli_kedra-taga.jpg 1600w, https:\/\/peipsikaup.ee\/wp-content\/uploads\/2021\/04\/Peipsikaup_meister-keraamik_Kaur-Vasli_kedra-taga-300x169.jpg 300w, https:\/\/peipsikaup.ee\/wp-content\/uploads\/2021\/04\/Peipsikaup_meister-keraamik_Kaur-Vasli_kedra-taga-1024x576.jpg 1024w, https:\/\/peipsikaup.ee\/wp-content\/uploads\/2021\/04\/Peipsikaup_meister-keraamik_Kaur-Vasli_kedra-taga-768x432.jpg 768w, https:\/\/peipsikaup.ee\/wp-content\/uploads\/2021\/04\/Peipsikaup_meister-keraamik_Kaur-Vasli_kedra-taga-1536x864.jpg 1536w, https:\/\/peipsikaup.ee\/wp-content\/uploads\/2021\/04\/Peipsikaup_meister-keraamik_Kaur-Vasli_kedra-taga-600x338.jpg 600w\" sizes=\"(max-width: 1600px) 100vw, 1600px\" \/><\/figure><\/div>\t\t\t\t<\/div>\n\t\t\t\t<\/div>\n\t\t\t\t<div class=\"elementor-element elementor-element-e075a06 elementor-widget elementor-widget-heading\" data-id=\"e075a06\" data-element_type=\"widget\" data-e-type=\"widget\" data-widget_type=\"heading.default\">\n\t\t\t\t<div class=\"elementor-widget-container\">\n\t\t\t\t\t<h2 class=\"elementor-heading-title elementor-size-default\">How do I do that?<\/h2>\t\t\t\t<\/div>\n\t\t\t\t<\/div>\n\t\t\t\t<div class=\"elementor-element elementor-element-863954d elementor-widget elementor-widget-text-editor\" data-id=\"863954d\" data-element_type=\"widget\" data-e-type=\"widget\" data-widget_type=\"text-editor.default\">\n\t\t\t\t<div class=\"elementor-widget-container\">\n\t\t\t\t\t\t\t\t\t<p>To get started, the clay must be kneaded and make sure that no air pockets remain inside the clay body to prevent subsequent problems with burning and to ensure that the container does not break in the oven. Next, the clay must be centered in preparation<span class=\"Apple-converted-space\">&nbsp; <\/span>for turning. Turning goes by hand, using water to make the clay surface slippery. After centering, the clay must be turned into a conical cylinder shape and the object can then be given a different shape. Would it become<span class=\"Apple-converted-space\">&nbsp;<\/span>a mug, jug or bowl &#8211; it all starts with a regular cylinder. After turning, the product is left to dry on the shelves for 1-3 days, depending on the humidity. Under the film, the clay stays moist for even more than a week.&nbsp;<\/p>\n<p>During drying, the clay body shrinks, depending on the type of clay. Shrinkage must be taken into account when making objects with any lid or when a container of a certain capacity is required. The skin-dried object is ready for decoration and joining the handle. It is best to use liquid clay slurry left over during turning. First roughen the surface of both the handle and the mug, then cover the surfaces with clay glue and join them. Clay glue with the right viscosity ensures a strong connection that lasts.<\/p>\n<p>For decoration, the surface of the object must be covered with an angobe of the selected color (painted liquid clay). When the angobe has hardened, a pattern can be cut into it. When the pattern is cut, the white clay body under the anchor becomes visible. Next you have to let the production<span class=\"Apple-converted-space\">&nbsp; <\/span>dry completely, which takes a few days, depending on humidity and temperature. The dry object must be finished by removing dust from the clay surface. After finishing, things are ready for pre-burning.<\/p>\n<p>At 900 degrees, the pre-burn takes about 7 hours, after which the oven cools for 3-4 hours. Once the oven and the pottery have cooled down, you can start glazing. Smaller things can be dipped in the glaze, but larger things need to be poured over with the glaze. The surface of the object that rests against the baking tray will always remain unglazed. Glazed wet ceramics must be dried in a low heat oven or allowed to air dry before burning. The last burn takes place at 1220 degrees and lasts about 10 hours. After the oven has cooled down, you can finally take things out.<span class=\"Apple-converted-space\">&nbsp; <\/span>I think everyone agrees that opening the oven is the best part about making pottery.<\/p>\n\t\t\t\t\t\t\t\t<\/div>\n\t\t\t\t<\/div>\n\t\t\t\t<div class=\"elementor-element elementor-element-f5c8852 elementor-mobile-align-center elementor-align-center elementor-widget elementor-widget-button\" data-id=\"f5c8852\" data-element_type=\"widget\" data-e-type=\"widget\" data-widget_type=\"button.default\">\n\t\t\t\t<div class=\"elementor-widget-container\">\n\t\t\t\t\t\t\t\t\t<div class=\"elementor-button-wrapper\">\n\t\t\t\t\t<a class=\"elementor-button elementor-button-link elementor-size-md\" href=\"https:\/\/peipsikaup.ee\/ru\/product-category\/kaur-vasli-products\/?lang=en\">\n\t\t\t\t\t\t<span class=\"elementor-button-content-wrapper\">\n\t\t\t\t\t\t\t\t\t<span class=\"elementor-button-text\">my products<\/span>\n\t\t\t\t\t<\/span>\n\t\t\t\t\t<\/a>\n\t\t\t\t<\/div>\n\t\t\t\t\t\t\t\t<\/div>\n\t\t\t\t<\/div>\n\t\t\t\t\t<\/div>\n\t\t<\/div>\n\t\t\t\t\t<\/div>\n\t\t<\/section>\n\t\t\t\t<\/div>","protected":false},"excerpt":{"rendered":"<p>Master&#8217;s story Kaur Vasli ceramicist my products I came across ceramics by chance when I was invited to see the R\u00e4pina ceramics studio. In the studio, I immediately noticed an old Soviet-era potter&#8217;s wheel and asked permission to try it To my surprise, &nbsp; the studio staff were all very encouraging and kind to share &hellip;<\/p>\n<p class=\"read-more\"> <a class=\"\" href=\"https:\/\/peipsikaup.ee\/ru\/masters\/kaur-vasli\/\"> <span class=\"screen-reader-text\">\u041a\u0430\u0443\u0440 \u0412\u0430\u0441\u043b\u0438<\/span> \u0427\u0438\u0442\u0430\u0442\u044c \u0434\u0430\u043b\u0435\u0435 &raquo;<\/a><\/p>","protected":false},"author":2,"featured_media":0,"parent":4581,"menu_order":0,"comment_status":"closed","ping_status":"closed","template":"","meta":{"site-sidebar-layout":"no-sidebar","site-content-layout":"page-builder","ast-global-header-display":"","ast-main-header-display":"","ast-hfb-above-header-display":"","ast-hfb-below-header-display":"","ast-hfb-mobile-header-display":"","site-post-title":"disabled","ast-breadcrumbs-content":"","ast-featured-img":"disabled","footer-sml-layout":"","theme-transparent-header-meta":"enabled","adv-header-id-meta":"","stick-header-meta":"default","header-above-stick-meta":"","header-main-stick-meta":"","header-below-stick-meta":"","footnotes":""},"class_list":["post-3799","page","type-page","status-publish","hentry"],"yoast_head":"<!-- This site is optimized with the Yoast SEO plugin v27.2 - https:\/\/yoast.com\/product\/yoast-seo-wordpress\/ -->\n<title>Kaur Vasli - Peipsi kaup<\/title>\n<meta name=\"robots\" content=\"index, follow, max-snippet:-1, max-image-preview:large, max-video-preview:-1\" \/>\n<link rel=\"canonical\" href=\"https:\/\/peipsikaup.ee\/ru\/masters__trashed\/kaur-vasli\/\" \/>\n<meta property=\"og:locale\" content=\"ru_RU\" \/>\n<meta property=\"og:type\" content=\"article\" \/>\n<meta property=\"og:title\" content=\"Kaur Vasli - Peipsi kaup\" \/>\n<meta property=\"og:description\" content=\"Master&#8217;s story Kaur Vasli ceramicist my products I came across ceramics by chance when I was invited to see the R\u00e4pina ceramics studio. In the studio, I immediately noticed an old Soviet-era potter&#8217;s wheel and asked permission to try it To my surprise, &nbsp; the studio staff were all very encouraging and kind to share &hellip; Kaur Vasli \u0427\u0438\u0442\u0430\u0442\u044c \u0434\u0430\u043b\u0435\u0435 &raquo;\" \/>\n<meta property=\"og:url\" content=\"https:\/\/peipsikaup.ee\/ru\/masters__trashed\/kaur-vasli\/\" \/>\n<meta property=\"og:site_name\" content=\"Peipsi kaup\" \/>\n<meta property=\"article:modified_time\" content=\"2021-09-30T21:46:06+00:00\" \/>\n<meta property=\"og:image\" content=\"https:\/\/peipsikaup.ee\/wp-content\/uploads\/2021\/04\/Peipsikaup_meister-keraamik_Kaur-Vasli.jpg\" \/>\n<meta name=\"twitter:card\" content=\"summary_large_image\" \/>\n<meta name=\"twitter:label1\" content=\"\u041f\u0440\u0438\u043c\u0435\u0440\u043d\u043e\u0435 \u0432\u0440\u0435\u043c\u044f \u0434\u043b\u044f \u0447\u0442\u0435\u043d\u0438\u044f\" \/>\n\t<meta name=\"twitter:data1\" content=\"4 \u043c\u0438\u043d\u0443\u0442\u044b\" \/>\n<script type=\"application\/ld+json\" class=\"yoast-schema-graph\">{\"@context\":\"https:\/\/schema.org\",\"@graph\":[{\"@type\":\"WebPage\",\"@id\":\"https:\/\/peipsikaup.ee\/masters__trashed\/kaur-vasli\/\",\"url\":\"https:\/\/peipsikaup.ee\/masters__trashed\/kaur-vasli\/\",\"name\":\"Kaur Vasli - Peipsi kaup\",\"isPartOf\":{\"@id\":\"https:\/\/peipsikaup.ee\/#website\"},\"primaryImageOfPage\":{\"@id\":\"https:\/\/peipsikaup.ee\/masters__trashed\/kaur-vasli\/#primaryimage\"},\"image\":{\"@id\":\"https:\/\/peipsikaup.ee\/masters__trashed\/kaur-vasli\/#primaryimage\"},\"thumbnailUrl\":\"https:\/\/peipsikaup.ee\/wp-content\/uploads\/2021\/04\/Peipsikaup_meister-keraamik_Kaur-Vasli.jpg\",\"datePublished\":\"2021-09-26T10:35:34+00:00\",\"dateModified\":\"2021-09-30T21:46:06+00:00\",\"breadcrumb\":{\"@id\":\"https:\/\/peipsikaup.ee\/masters__trashed\/kaur-vasli\/#breadcrumb\"},\"inLanguage\":\"ru-RU\",\"potentialAction\":[{\"@type\":\"ReadAction\",\"target\":[\"https:\/\/peipsikaup.ee\/masters__trashed\/kaur-vasli\/\"]}]},{\"@type\":\"ImageObject\",\"inLanguage\":\"ru-RU\",\"@id\":\"https:\/\/peipsikaup.ee\/masters__trashed\/kaur-vasli\/#primaryimage\",\"url\":\"https:\/\/peipsikaup.ee\/wp-content\/uploads\/2021\/04\/Peipsikaup_meister-keraamik_Kaur-Vasli.jpg\",\"contentUrl\":\"https:\/\/peipsikaup.ee\/wp-content\/uploads\/2021\/04\/Peipsikaup_meister-keraamik_Kaur-Vasli.jpg\"},{\"@type\":\"BreadcrumbList\",\"@id\":\"https:\/\/peipsikaup.ee\/masters__trashed\/kaur-vasli\/#breadcrumb\",\"itemListElement\":[{\"@type\":\"ListItem\",\"position\":1,\"name\":\"Home\",\"item\":\"https:\/\/peipsikaup.ee\/\"},{\"@type\":\"ListItem\",\"position\":2,\"name\":\"Masters\",\"item\":\"https:\/\/peipsikaup.ee\/?page_id=4581\"},{\"@type\":\"ListItem\",\"position\":3,\"name\":\"Kaur Vasli\"}]},{\"@type\":\"WebSite\",\"@id\":\"https:\/\/peipsikaup.ee\/#website\",\"url\":\"https:\/\/peipsikaup.ee\/\",\"name\":\"Peipsi kaup\",\"description\":\"eheda ja isikup\u00e4rase k\u00e4sit\u00f6\u00f6 veebipood\",\"publisher\":{\"@id\":\"https:\/\/peipsikaup.ee\/#organization\"},\"potentialAction\":[{\"@type\":\"SearchAction\",\"target\":{\"@type\":\"EntryPoint\",\"urlTemplate\":\"https:\/\/peipsikaup.ee\/?s={search_term_string}\"},\"query-input\":{\"@type\":\"PropertyValueSpecification\",\"valueRequired\":true,\"valueName\":\"search_term_string\"}}],\"inLanguage\":\"ru-RU\"},{\"@type\":\"Organization\",\"@id\":\"https:\/\/peipsikaup.ee\/#organization\",\"name\":\"Peipsi kaup\",\"url\":\"https:\/\/peipsikaup.ee\/\",\"logo\":{\"@type\":\"ImageObject\",\"inLanguage\":\"ru-RU\",\"@id\":\"https:\/\/peipsikaup.ee\/#\/schema\/logo\/image\/\",\"url\":\"https:\/\/peipsikaup.ee\/wp-content\/uploads\/2026\/04\/cropped-ChatGPT-Image-Apr-24-2026-02_54_59-PM.png\",\"contentUrl\":\"https:\/\/peipsikaup.ee\/wp-content\/uploads\/2026\/04\/cropped-ChatGPT-Image-Apr-24-2026-02_54_59-PM.png\",\"width\":1946,\"height\":325,\"caption\":\"Peipsi kaup\"},\"image\":{\"@id\":\"https:\/\/peipsikaup.ee\/#\/schema\/logo\/image\/\"}}]}<\/script>\n<!-- \/ Yoast SEO plugin. -->","yoast_head_json":{"title":"Kaur Vasli - Peipsi kaup","robots":{"index":"index","follow":"follow","max-snippet":"max-snippet:-1","max-image-preview":"max-image-preview:large","max-video-preview":"max-video-preview:-1"},"canonical":"https:\/\/peipsikaup.ee\/ru\/masters__trashed\/kaur-vasli\/","og_locale":"ru_RU","og_type":"article","og_title":"Kaur Vasli - Peipsi kaup","og_description":"Master&#8217;s story Kaur Vasli ceramicist my products I came across ceramics by chance when I was invited to see the R\u00e4pina ceramics studio. In the studio, I immediately noticed an old Soviet-era potter&#8217;s wheel and asked permission to try it To my surprise, &nbsp; the studio staff were all very encouraging and kind to share &hellip; Kaur Vasli \u0427\u0438\u0442\u0430\u0442\u044c \u0434\u0430\u043b\u0435\u0435 &raquo;","og_url":"https:\/\/peipsikaup.ee\/ru\/masters__trashed\/kaur-vasli\/","og_site_name":"Peipsi kaup","article_modified_time":"2021-09-30T21:46:06+00:00","og_image":[{"url":"https:\/\/peipsikaup.ee\/wp-content\/uploads\/2021\/04\/Peipsikaup_meister-keraamik_Kaur-Vasli.jpg","type":"","width":"","height":""}],"twitter_card":"summary_large_image","twitter_misc":{"\u041f\u0440\u0438\u043c\u0435\u0440\u043d\u043e\u0435 \u0432\u0440\u0435\u043c\u044f \u0434\u043b\u044f \u0447\u0442\u0435\u043d\u0438\u044f":"4 \u043c\u0438\u043d\u0443\u0442\u044b"},"schema":{"@context":"https:\/\/schema.org","@graph":[{"@type":"WebPage","@id":"https:\/\/peipsikaup.ee\/masters__trashed\/kaur-vasli\/","url":"https:\/\/peipsikaup.ee\/masters__trashed\/kaur-vasli\/","name":"Kaur Vasli - Peipsi kaup","isPartOf":{"@id":"https:\/\/peipsikaup.ee\/#website"},"primaryImageOfPage":{"@id":"https:\/\/peipsikaup.ee\/masters__trashed\/kaur-vasli\/#primaryimage"},"image":{"@id":"https:\/\/peipsikaup.ee\/masters__trashed\/kaur-vasli\/#primaryimage"},"thumbnailUrl":"https:\/\/peipsikaup.ee\/wp-content\/uploads\/2021\/04\/Peipsikaup_meister-keraamik_Kaur-Vasli.jpg","datePublished":"2021-09-26T10:35:34+00:00","dateModified":"2021-09-30T21:46:06+00:00","breadcrumb":{"@id":"https:\/\/peipsikaup.ee\/masters__trashed\/kaur-vasli\/#breadcrumb"},"inLanguage":"ru-RU","potentialAction":[{"@type":"ReadAction","target":["https:\/\/peipsikaup.ee\/masters__trashed\/kaur-vasli\/"]}]},{"@type":"ImageObject","inLanguage":"ru-RU","@id":"https:\/\/peipsikaup.ee\/masters__trashed\/kaur-vasli\/#primaryimage","url":"https:\/\/peipsikaup.ee\/wp-content\/uploads\/2021\/04\/Peipsikaup_meister-keraamik_Kaur-Vasli.jpg","contentUrl":"https:\/\/peipsikaup.ee\/wp-content\/uploads\/2021\/04\/Peipsikaup_meister-keraamik_Kaur-Vasli.jpg"},{"@type":"BreadcrumbList","@id":"https:\/\/peipsikaup.ee\/masters__trashed\/kaur-vasli\/#breadcrumb","itemListElement":[{"@type":"ListItem","position":1,"name":"Home","item":"https:\/\/peipsikaup.ee\/"},{"@type":"ListItem","position":2,"name":"Masters","item":"https:\/\/peipsikaup.ee\/?page_id=4581"},{"@type":"ListItem","position":3,"name":"Kaur Vasli"}]},{"@type":"WebSite","@id":"https:\/\/peipsikaup.ee\/#website","url":"https:\/\/peipsikaup.ee\/","name":"\u0422\u043e\u0440\u0433\u043e\u0432\u043b\u044f \u043d\u0430 \u0427\u0443\u0434\u0441\u043a\u043e\u043c \u043e\u0441\u0442\u0440\u043e\u0432\u0435","description":"eheda ja isikup\u00e4rase k\u00e4sit\u00f6\u00f6 veebipood","publisher":{"@id":"https:\/\/peipsikaup.ee\/#organization"},"potentialAction":[{"@type":"SearchAction","target":{"@type":"EntryPoint","urlTemplate":"https:\/\/peipsikaup.ee\/?s={search_term_string}"},"query-input":{"@type":"PropertyValueSpecification","valueRequired":true,"valueName":"search_term_string"}}],"inLanguage":"ru-RU"},{"@type":"Organization","@id":"https:\/\/peipsikaup.ee\/#organization","name":"\u0422\u043e\u0440\u0433\u043e\u0432\u043b\u044f \u043d\u0430 \u0427\u0443\u0434\u0441\u043a\u043e\u043c \u043e\u0441\u0442\u0440\u043e\u0432\u0435","url":"https:\/\/peipsikaup.ee\/","logo":{"@type":"ImageObject","inLanguage":"ru-RU","@id":"https:\/\/peipsikaup.ee\/#\/schema\/logo\/image\/","url":"https:\/\/peipsikaup.ee\/wp-content\/uploads\/2026\/04\/cropped-ChatGPT-Image-Apr-24-2026-02_54_59-PM.png","contentUrl":"https:\/\/peipsikaup.ee\/wp-content\/uploads\/2026\/04\/cropped-ChatGPT-Image-Apr-24-2026-02_54_59-PM.png","width":1946,"height":325,"caption":"Peipsi kaup"},"image":{"@id":"https:\/\/peipsikaup.ee\/#\/schema\/logo\/image\/"}}]}},"_links":{"self":[{"href":"https:\/\/peipsikaup.ee\/ru\/wp-json\/wp\/v2\/pages\/3799","targetHints":{"allow":["GET"]}}],"collection":[{"href":"https:\/\/peipsikaup.ee\/ru\/wp-json\/wp\/v2\/pages"}],"about":[{"href":"https:\/\/peipsikaup.ee\/ru\/wp-json\/wp\/v2\/types\/page"}],"author":[{"embeddable":true,"href":"https:\/\/peipsikaup.ee\/ru\/wp-json\/wp\/v2\/users\/2"}],"replies":[{"embeddable":true,"href":"https:\/\/peipsikaup.ee\/ru\/wp-json\/wp\/v2\/comments?post=3799"}],"version-history":[{"count":0,"href":"https:\/\/peipsikaup.ee\/ru\/wp-json\/wp\/v2\/pages\/3799\/revisions"}],"up":[{"embeddable":true,"href":"https:\/\/peipsikaup.ee\/ru\/wp-json\/wp\/v2\/pages\/4581"}],"wp:attachment":[{"href":"https:\/\/peipsikaup.ee\/ru\/wp-json\/wp\/v2\/media?parent=3799"}],"curies":[{"name":"wp","href":"https:\/\/api.w.org\/{rel}","templated":true}]}}