{"id":3757,"date":"2021-09-25T20:09:25","date_gmt":"2021-09-25T20:09:25","guid":{"rendered":"https:\/\/peipsikaup.ee\/karin-otsus\/"},"modified":"2021-09-30T21:45:13","modified_gmt":"2021-09-30T21:45:13","slug":"karin-otsus","status":"publish","type":"page","link":"https:\/\/peipsikaup.ee\/ru\/masters\/karin-otsus\/","title":{"rendered":"\u041a\u0430\u0440\u0438\u043d \u0420\u0435\u0448"},"content":{"rendered":"<div data-elementor-type=\"wp-post\" data-elementor-id=\"3757\" class=\"elementor elementor-3757\">\n\t\t\t\t\t\t<section class=\"elementor-section elementor-top-section elementor-element elementor-element-6ccdc95 elementor-section-content-middle elementor-section-boxed elementor-section-height-default elementor-section-height-default\" data-id=\"6ccdc95\" data-element_type=\"section\" data-e-type=\"section\" data-settings=\"{&quot;background_background&quot;:&quot;classic&quot;}\">\n\t\t\t\t\t\t\t<div class=\"elementor-background-overlay\"><\/div>\n\t\t\t\t\t\t\t<div class=\"elementor-container elementor-column-gap-no\">\n\t\t\t\t\t<div class=\"elementor-column elementor-col-100 elementor-top-column elementor-element elementor-element-4f6adc0\" data-id=\"4f6adc0\" data-element_type=\"column\" data-e-type=\"column\" data-settings=\"{&quot;background_background&quot;:&quot;classic&quot;}\">\n\t\t\t<div class=\"elementor-widget-wrap elementor-element-populated\">\n\t\t\t\t\t\t<div class=\"elementor-element elementor-element-179c706 elementor-widget elementor-widget-heading\" data-id=\"179c706\" data-element_type=\"widget\" data-e-type=\"widget\" data-widget_type=\"heading.default\">\n\t\t\t\t<div class=\"elementor-widget-container\">\n\t\t\t\t\t<h1 class=\"elementor-heading-title elementor-size-default\">Master's story<\/h1>\t\t\t\t<\/div>\n\t\t\t\t<\/div>\n\t\t\t\t\t<\/div>\n\t\t<\/div>\n\t\t\t\t\t<\/div>\n\t\t<\/section>\n\t\t\t\t<section class=\"elementor-section elementor-top-section elementor-element elementor-element-6ec1e06 elementor-section-boxed elementor-section-height-default elementor-section-height-default\" data-id=\"6ec1e06\" data-element_type=\"section\" data-e-type=\"section\">\n\t\t\t\t\t\t<div class=\"elementor-container elementor-column-gap-default\">\n\t\t\t\t\t<div class=\"elementor-column elementor-col-100 elementor-top-column elementor-element elementor-element-e23d401\" data-id=\"e23d401\" data-element_type=\"column\" data-e-type=\"column\">\n\t\t\t<div class=\"elementor-widget-wrap elementor-element-populated\">\n\t\t\t\t\t\t<section class=\"elementor-section elementor-inner-section elementor-element elementor-element-e51aece elementor-section-boxed elementor-section-height-default elementor-section-height-default\" data-id=\"e51aece\" data-element_type=\"section\" data-e-type=\"section\">\n\t\t\t\t\t\t<div class=\"elementor-container elementor-column-gap-no\">\n\t\t\t\t\t<div class=\"elementor-column elementor-col-33 elementor-inner-column elementor-element elementor-element-3c3eb1f\" data-id=\"3c3eb1f\" data-element_type=\"column\" data-e-type=\"column\">\n\t\t\t<div class=\"elementor-widget-wrap elementor-element-populated\">\n\t\t\t\t\t\t<div class=\"elementor-element elementor-element-334895d elementor-position-top elementor-widget elementor-widget-image-box\" data-id=\"334895d\" data-element_type=\"widget\" data-e-type=\"widget\" data-widget_type=\"image-box.default\">\n\t\t\t\t<div class=\"elementor-widget-container\">\n\t\t\t\t\t<div class=\"elementor-image-box-wrapper\"><figure class=\"elementor-image-box-img\"><img fetchpriority=\"high\" decoding=\"async\" width=\"900\" height=\"1600\" src=\"https:\/\/peipsikaup.ee\/wp-content\/uploads\/2021\/06\/Peipsikaup_meister-pitsimeister_Karin-Otsus.jpg\" class=\"attachment-full size-full wp-image-3189\" alt=\"Lace master Karin Otsus\" srcset=\"https:\/\/peipsikaup.ee\/wp-content\/uploads\/2021\/06\/Peipsikaup_meister-pitsimeister_Karin-Otsus.jpg 900w, https:\/\/peipsikaup.ee\/wp-content\/uploads\/2021\/06\/Peipsikaup_meister-pitsimeister_Karin-Otsus-169x300.jpg 169w, https:\/\/peipsikaup.ee\/wp-content\/uploads\/2021\/06\/Peipsikaup_meister-pitsimeister_Karin-Otsus-576x1024.jpg 576w, https:\/\/peipsikaup.ee\/wp-content\/uploads\/2021\/06\/Peipsikaup_meister-pitsimeister_Karin-Otsus-768x1365.jpg 768w, https:\/\/peipsikaup.ee\/wp-content\/uploads\/2021\/06\/Peipsikaup_meister-pitsimeister_Karin-Otsus-864x1536.jpg 864w, https:\/\/peipsikaup.ee\/wp-content\/uploads\/2021\/06\/Peipsikaup_meister-pitsimeister_Karin-Otsus-600x1067.jpg 600w\" sizes=\"(max-width: 900px) 100vw, 900px\" \/><\/figure><div class=\"elementor-image-box-content\"><h3 class=\"elementor-image-box-title\">\u041a\u0430\u0440\u0438\u043d \u0420\u0435\u0448<\/h3><p class=\"elementor-image-box-description\">lace master<\/p><\/div><\/div>\t\t\t\t<\/div>\n\t\t\t\t<\/div>\n\t\t\t\t<div class=\"elementor-element elementor-element-1ac0888 elementor-mobile-align-center elementor-align-center elementor-widget elementor-widget-button\" data-id=\"1ac0888\" data-element_type=\"widget\" data-e-type=\"widget\" data-widget_type=\"button.default\">\n\t\t\t\t<div class=\"elementor-widget-container\">\n\t\t\t\t\t\t\t\t\t<div class=\"elementor-button-wrapper\">\n\t\t\t\t\t<a class=\"elementor-button elementor-button-link elementor-size-md\" href=\"https:\/\/peipsikaup.ee\/ru\/product-category\/karin-otsus-products\/?lang=en\">\n\t\t\t\t\t\t<span class=\"elementor-button-content-wrapper\">\n\t\t\t\t\t\t\t\t\t<span class=\"elementor-button-text\">my products<\/span>\n\t\t\t\t\t<\/span>\n\t\t\t\t\t<\/a>\n\t\t\t\t<\/div>\n\t\t\t\t\t\t\t\t<\/div>\n\t\t\t\t<\/div>\n\t\t\t\t\t<\/div>\n\t\t<\/div>\n\t\t\t\t<div class=\"elementor-column elementor-col-66 elementor-inner-column elementor-element elementor-element-1e69e34\" data-id=\"1e69e34\" data-element_type=\"column\" data-e-type=\"column\">\n\t\t\t<div class=\"elementor-widget-wrap elementor-element-populated\">\n\t\t\t\t\t\t<div class=\"elementor-element elementor-element-217c6ee elementor-widget elementor-widget-text-editor\" data-id=\"217c6ee\" data-element_type=\"widget\" data-e-type=\"widget\" data-widget_type=\"text-editor.default\">\n\t\t\t\t<div class=\"elementor-widget-container\">\n\t\t\t\t\t\t\t\t\t<p>I have studied to be a handicraft teacher at the Tallinn Pedagogical Institute. There was also the first contact with the production of tatting lace. For years, I have taught children and now adults crafts at school. The textile handicraft department of R\u00e4pina Horticultural School has been my occupation since 2015. In addition, those interested in handicrafts can create fascinating and necessary things in R\u00e4pina Creative House. I have been deeply involved in weaving belts and fabrics, weaving gloves and socks, machine weaving and now mostly tatting lace.<\/p>\n<p>Finding the right material has given the greatest impetus and courage to offer products with tatting lace to others. The threads for the production comes from Germany and have also been recognized as the best by tatting lace makers in other countries. It is important that I pollute the environment as little as possible. And the things I do will be beautiful in a hundreds years.<\/p>\n<p>I make braided belts for a change. Just to hold sometimes something bigger between your fingers. And it&#8217;s fun to play with colors. The shuttle tatting are pretty tiny.<\/p>\n<p>Long-term activities have taken time. It took years to find the materials before I was satisfied. When I received the material and saw that the product remains of high quality, I started to act more specifically. So high quality craftsmanship needs experience and a lot of practice.<span class=\"Apple-converted-space\"> <\/span><\/p>\n<p>I was able to practice thanks to the fact that I rode a male family members to a bicycle marathons and sat on the stump waiting with my handicraft. It can also be done at any training or meeting and to alleviate motor restlessness. The main thing, however, is that it is not a dull act and you have to be very careful. <span class=\"Apple-converted-space\"> <\/span><\/p>\n<p>In Estonia, there are less than ten people, who has profficiency in these techniques. Many such crafts were made in the pre-war republic, but economic and social change pushed these skills into oblivion. Now, thanks to the Internet, it is easier to exchange information and revive forgotten skills and techniques for the sake of beauty.<\/p>\n\t\t\t\t\t\t\t\t<\/div>\n\t\t\t\t<\/div>\n\t\t\t\t\t<\/div>\n\t\t<\/div>\n\t\t\t\t\t<\/div>\n\t\t<\/section>\n\t\t\t\t\t<\/div>\n\t\t<\/div>\n\t\t\t\t\t<\/div>\n\t\t<\/section>\n\t\t\t\t<section class=\"elementor-section elementor-top-section elementor-element elementor-element-dc6a4e3 elementor-section-boxed elementor-section-height-default elementor-section-height-default\" data-id=\"dc6a4e3\" data-element_type=\"section\" data-e-type=\"section\" data-settings=\"{&quot;background_background&quot;:&quot;classic&quot;}\">\n\t\t\t\t\t\t<div class=\"elementor-container elementor-column-gap-no\">\n\t\t\t\t\t<div class=\"elementor-column elementor-col-100 elementor-top-column elementor-element elementor-element-0e2a233\" data-id=\"0e2a233\" data-element_type=\"column\" data-e-type=\"column\">\n\t\t\t<div class=\"elementor-widget-wrap elementor-element-populated\">\n\t\t\t\t\t\t<div class=\"elementor-element elementor-element-ebb6c72 elementor-position-top elementor-widget elementor-widget-image-box\" data-id=\"ebb6c72\" data-element_type=\"widget\" data-e-type=\"widget\" data-widget_type=\"image-box.default\">\n\t\t\t\t<div class=\"elementor-widget-container\">\n\t\t\t\t\t<div class=\"elementor-image-box-wrapper\"><figure class=\"elementor-image-box-img\"><img decoding=\"async\" width=\"1600\" height=\"900\" src=\"https:\/\/peipsikaup.ee\/wp-content\/uploads\/2021\/06\/Peipsikaup_meister_Karin-Otsus_tegevuses.jpg\" class=\"attachment-full size-full wp-image-3192\" alt=\"Lace master Karin Otsus\" srcset=\"https:\/\/peipsikaup.ee\/wp-content\/uploads\/2021\/06\/Peipsikaup_meister_Karin-Otsus_tegevuses.jpg 1600w, https:\/\/peipsikaup.ee\/wp-content\/uploads\/2021\/06\/Peipsikaup_meister_Karin-Otsus_tegevuses-300x169.jpg 300w, https:\/\/peipsikaup.ee\/wp-content\/uploads\/2021\/06\/Peipsikaup_meister_Karin-Otsus_tegevuses-1024x576.jpg 1024w, https:\/\/peipsikaup.ee\/wp-content\/uploads\/2021\/06\/Peipsikaup_meister_Karin-Otsus_tegevuses-768x432.jpg 768w, https:\/\/peipsikaup.ee\/wp-content\/uploads\/2021\/06\/Peipsikaup_meister_Karin-Otsus_tegevuses-1536x864.jpg 1536w, https:\/\/peipsikaup.ee\/wp-content\/uploads\/2021\/06\/Peipsikaup_meister_Karin-Otsus_tegevuses-600x338.jpg 600w\" sizes=\"(max-width: 1600px) 100vw, 1600px\" \/><\/figure><\/div>\t\t\t\t<\/div>\n\t\t\t\t<\/div>\n\t\t\t\t<div class=\"elementor-element elementor-element-e075a06 elementor-widget elementor-widget-heading\" data-id=\"e075a06\" data-element_type=\"widget\" data-e-type=\"widget\" data-widget_type=\"heading.default\">\n\t\t\t\t<div class=\"elementor-widget-container\">\n\t\t\t\t\t<h2 class=\"elementor-heading-title elementor-size-default\">How do I do that?<\/h2>\t\t\t\t<\/div>\n\t\t\t\t<\/div>\n\t\t\t\t<div class=\"elementor-element elementor-element-863954d elementor-widget elementor-widget-text-editor\" data-id=\"863954d\" data-element_type=\"widget\" data-e-type=\"widget\" data-widget_type=\"text-editor.default\">\n\t\t\t\t<div class=\"elementor-widget-container\">\n\t\t\t\t\t\t\t\t\t<p>Shuttle tatting lace is a knot lace, probably one of the most advanced developments in macrame technique. It is alleged that the shuttle tatting lace originated in France or Italy. Before the advent of industrial lace, shuttle tatting lace had a definite place in decorating clothing. At present, shuttle tatting lace makers can be found in online resources mainly in Germany, the USA, Japan, Portugal, Spain and Russia.<span class=\"Apple-converted-space\"> <\/span><\/p>\n<p>The main tool is small shuttles, a small crochet hook is also needed. The lace is made up of small, double-knotted knots formed around a thread. You can make miniature details as well as bedspreads, for example. Shuttle tatting lace is especially often seen as a bridal accessory.<\/p>\n<p>Making a shuttle tatting lace is like solving a crossword puzzle &#8211; you have to think about the order of work in advance, you can&#8217;t miss the joints, because you can&#8217;t do it afterwards. Every node is important. Particularly fine areas must be made with the help of a magnifying glass. And it&#8217;s exciting!<\/p>\n<p>In addition, I like that I can make simpler patterns anywhere &#8211; the main thing is to have light. Even in the woods on a stump. The final finish is, of course, at home under proper light and a magnifying glass.<\/p>\n<p>To knit a braided belt, I use square wooden plates with rounded corners, with a hole for yarn in each corner. The more plates side by side, the wider the belt will be. Belt-length woolen yarns are made from the strings, they are attached to something at both ends and linen yarn is usually used for knitting. The braided belt is strong. In Estonia, for example, braded belts were also made for horse reins. Men put belts around the body once or twice, either on trousers, a long coat or a shirt. The tassels are left hanging in front.<\/p>\n<p>Knitting itself is such a meditative activity. When all the preliminary work has been done, you just keep turning, you go through the weave and think your thoughts.<\/p>\n\t\t\t\t\t\t\t\t<\/div>\n\t\t\t\t<\/div>\n\t\t\t\t<div class=\"elementor-element elementor-element-f5c8852 elementor-mobile-align-center elementor-align-center elementor-widget elementor-widget-button\" data-id=\"f5c8852\" data-element_type=\"widget\" data-e-type=\"widget\" data-widget_type=\"button.default\">\n\t\t\t\t<div class=\"elementor-widget-container\">\n\t\t\t\t\t\t\t\t\t<div class=\"elementor-button-wrapper\">\n\t\t\t\t\t<a class=\"elementor-button elementor-button-link elementor-size-md\" href=\"https:\/\/peipsikaup.ee\/ru\/product-category\/karin-otsus-products\/?lang=en\">\n\t\t\t\t\t\t<span class=\"elementor-button-content-wrapper\">\n\t\t\t\t\t\t\t\t\t<span class=\"elementor-button-text\">my products<\/span>\n\t\t\t\t\t<\/span>\n\t\t\t\t\t<\/a>\n\t\t\t\t<\/div>\n\t\t\t\t\t\t\t\t<\/div>\n\t\t\t\t<\/div>\n\t\t\t\t\t<\/div>\n\t\t<\/div>\n\t\t\t\t\t<\/div>\n\t\t<\/section>\n\t\t\t\t<\/div>","protected":false},"excerpt":{"rendered":"<p>Master&#8217;s story Karin Otsus lace master my products I have studied to be a handicraft teacher at the Tallinn Pedagogical Institute. There was also the first contact with the production of tatting lace. For years, I have taught children and now adults crafts at school. The textile handicraft department of R\u00e4pina Horticultural School has been &hellip;<\/p>\n<p class=\"read-more\"> <a class=\"\" href=\"https:\/\/peipsikaup.ee\/ru\/masters\/karin-otsus\/\"> <span class=\"screen-reader-text\">\u041a\u0430\u0440\u0438\u043d \u0420\u0435\u0448<\/span> \u0427\u0438\u0442\u0430\u0442\u044c \u0434\u0430\u043b\u0435\u0435 &raquo;<\/a><\/p>","protected":false},"author":2,"featured_media":0,"parent":4581,"menu_order":0,"comment_status":"closed","ping_status":"closed","template":"","meta":{"site-sidebar-layout":"no-sidebar","site-content-layout":"page-builder","ast-global-header-display":"","ast-main-header-display":"","ast-hfb-above-header-display":"","ast-hfb-below-header-display":"","ast-hfb-mobile-header-display":"","site-post-title":"disabled","ast-breadcrumbs-content":"","ast-featured-img":"disabled","footer-sml-layout":"","theme-transparent-header-meta":"enabled","adv-header-id-meta":"","stick-header-meta":"default","header-above-stick-meta":"","header-main-stick-meta":"","header-below-stick-meta":"","footnotes":""},"class_list":["post-3757","page","type-page","status-publish","hentry"],"yoast_head":"<!-- This site is optimized with the Yoast SEO plugin v27.2 - https:\/\/yoast.com\/product\/yoast-seo-wordpress\/ -->\n<title>Karin Otsus - Peipsi kaup<\/title>\n<meta name=\"robots\" content=\"index, follow, max-snippet:-1, max-image-preview:large, max-video-preview:-1\" \/>\n<link rel=\"canonical\" href=\"https:\/\/peipsikaup.ee\/ru\/masters__trashed\/karin-otsus\/\" \/>\n<meta property=\"og:locale\" content=\"ru_RU\" \/>\n<meta property=\"og:type\" content=\"article\" \/>\n<meta property=\"og:title\" content=\"Karin Otsus - Peipsi kaup\" \/>\n<meta property=\"og:description\" content=\"Master&#8217;s story Karin Otsus lace master my products I have studied to be a handicraft teacher at the Tallinn Pedagogical Institute. There was also the first contact with the production of tatting lace. For years, I have taught children and now adults crafts at school. The textile handicraft department of R\u00e4pina Horticultural School has been &hellip; Karin Otsus \u0427\u0438\u0442\u0430\u0442\u044c \u0434\u0430\u043b\u0435\u0435 &raquo;\" \/>\n<meta property=\"og:url\" content=\"https:\/\/peipsikaup.ee\/ru\/masters__trashed\/karin-otsus\/\" \/>\n<meta property=\"og:site_name\" content=\"Peipsi kaup\" \/>\n<meta property=\"article:modified_time\" content=\"2021-09-30T21:45:13+00:00\" \/>\n<meta property=\"og:image\" content=\"https:\/\/peipsikaup.ee\/wp-content\/uploads\/2021\/06\/Peipsikaup_meister-pitsimeister_Karin-Otsus.jpg\" \/>\n<meta name=\"twitter:card\" content=\"summary_large_image\" \/>\n<meta name=\"twitter:label1\" content=\"\u041f\u0440\u0438\u043c\u0435\u0440\u043d\u043e\u0435 \u0432\u0440\u0435\u043c\u044f \u0434\u043b\u044f \u0447\u0442\u0435\u043d\u0438\u044f\" \/>\n\t<meta name=\"twitter:data1\" content=\"4 \u043c\u0438\u043d\u0443\u0442\u044b\" \/>\n<script type=\"application\/ld+json\" class=\"yoast-schema-graph\">{\"@context\":\"https:\/\/schema.org\",\"@graph\":[{\"@type\":\"WebPage\",\"@id\":\"https:\/\/peipsikaup.ee\/masters__trashed\/karin-otsus\/\",\"url\":\"https:\/\/peipsikaup.ee\/masters__trashed\/karin-otsus\/\",\"name\":\"Karin Otsus - Peipsi kaup\",\"isPartOf\":{\"@id\":\"https:\/\/peipsikaup.ee\/#website\"},\"primaryImageOfPage\":{\"@id\":\"https:\/\/peipsikaup.ee\/masters__trashed\/karin-otsus\/#primaryimage\"},\"image\":{\"@id\":\"https:\/\/peipsikaup.ee\/masters__trashed\/karin-otsus\/#primaryimage\"},\"thumbnailUrl\":\"https:\/\/peipsikaup.ee\/wp-content\/uploads\/2021\/06\/Peipsikaup_meister-pitsimeister_Karin-Otsus.jpg\",\"datePublished\":\"2021-09-25T20:09:25+00:00\",\"dateModified\":\"2021-09-30T21:45:13+00:00\",\"breadcrumb\":{\"@id\":\"https:\/\/peipsikaup.ee\/masters__trashed\/karin-otsus\/#breadcrumb\"},\"inLanguage\":\"ru-RU\",\"potentialAction\":[{\"@type\":\"ReadAction\",\"target\":[\"https:\/\/peipsikaup.ee\/masters__trashed\/karin-otsus\/\"]}]},{\"@type\":\"ImageObject\",\"inLanguage\":\"ru-RU\",\"@id\":\"https:\/\/peipsikaup.ee\/masters__trashed\/karin-otsus\/#primaryimage\",\"url\":\"https:\/\/peipsikaup.ee\/wp-content\/uploads\/2021\/06\/Peipsikaup_meister-pitsimeister_Karin-Otsus.jpg\",\"contentUrl\":\"https:\/\/peipsikaup.ee\/wp-content\/uploads\/2021\/06\/Peipsikaup_meister-pitsimeister_Karin-Otsus.jpg\"},{\"@type\":\"BreadcrumbList\",\"@id\":\"https:\/\/peipsikaup.ee\/masters__trashed\/karin-otsus\/#breadcrumb\",\"itemListElement\":[{\"@type\":\"ListItem\",\"position\":1,\"name\":\"Home\",\"item\":\"https:\/\/peipsikaup.ee\/\"},{\"@type\":\"ListItem\",\"position\":2,\"name\":\"Masters\",\"item\":\"https:\/\/peipsikaup.ee\/?page_id=4581\"},{\"@type\":\"ListItem\",\"position\":3,\"name\":\"Karin Otsus\"}]},{\"@type\":\"WebSite\",\"@id\":\"https:\/\/peipsikaup.ee\/#website\",\"url\":\"https:\/\/peipsikaup.ee\/\",\"name\":\"Peipsi kaup\",\"description\":\"eheda ja isikup\u00e4rase k\u00e4sit\u00f6\u00f6 veebipood\",\"publisher\":{\"@id\":\"https:\/\/peipsikaup.ee\/#organization\"},\"potentialAction\":[{\"@type\":\"SearchAction\",\"target\":{\"@type\":\"EntryPoint\",\"urlTemplate\":\"https:\/\/peipsikaup.ee\/?s={search_term_string}\"},\"query-input\":{\"@type\":\"PropertyValueSpecification\",\"valueRequired\":true,\"valueName\":\"search_term_string\"}}],\"inLanguage\":\"ru-RU\"},{\"@type\":\"Organization\",\"@id\":\"https:\/\/peipsikaup.ee\/#organization\",\"name\":\"Peipsi kaup\",\"url\":\"https:\/\/peipsikaup.ee\/\",\"logo\":{\"@type\":\"ImageObject\",\"inLanguage\":\"ru-RU\",\"@id\":\"https:\/\/peipsikaup.ee\/#\/schema\/logo\/image\/\",\"url\":\"https:\/\/peipsikaup.ee\/wp-content\/uploads\/2026\/04\/cropped-ChatGPT-Image-Apr-24-2026-02_54_59-PM.png\",\"contentUrl\":\"https:\/\/peipsikaup.ee\/wp-content\/uploads\/2026\/04\/cropped-ChatGPT-Image-Apr-24-2026-02_54_59-PM.png\",\"width\":1946,\"height\":325,\"caption\":\"Peipsi kaup\"},\"image\":{\"@id\":\"https:\/\/peipsikaup.ee\/#\/schema\/logo\/image\/\"}}]}<\/script>\n<!-- \/ Yoast SEO plugin. -->","yoast_head_json":{"title":"Karin Otsus - Peipsi kaup","robots":{"index":"index","follow":"follow","max-snippet":"max-snippet:-1","max-image-preview":"max-image-preview:large","max-video-preview":"max-video-preview:-1"},"canonical":"https:\/\/peipsikaup.ee\/ru\/masters__trashed\/karin-otsus\/","og_locale":"ru_RU","og_type":"article","og_title":"Karin Otsus - Peipsi kaup","og_description":"Master&#8217;s story Karin Otsus lace master my products I have studied to be a handicraft teacher at the Tallinn Pedagogical Institute. There was also the first contact with the production of tatting lace. For years, I have taught children and now adults crafts at school. The textile handicraft department of R\u00e4pina Horticultural School has been &hellip; Karin Otsus \u0427\u0438\u0442\u0430\u0442\u044c \u0434\u0430\u043b\u0435\u0435 &raquo;","og_url":"https:\/\/peipsikaup.ee\/ru\/masters__trashed\/karin-otsus\/","og_site_name":"Peipsi kaup","article_modified_time":"2021-09-30T21:45:13+00:00","og_image":[{"url":"https:\/\/peipsikaup.ee\/wp-content\/uploads\/2021\/06\/Peipsikaup_meister-pitsimeister_Karin-Otsus.jpg","type":"","width":"","height":""}],"twitter_card":"summary_large_image","twitter_misc":{"\u041f\u0440\u0438\u043c\u0435\u0440\u043d\u043e\u0435 \u0432\u0440\u0435\u043c\u044f \u0434\u043b\u044f \u0447\u0442\u0435\u043d\u0438\u044f":"4 \u043c\u0438\u043d\u0443\u0442\u044b"},"schema":{"@context":"https:\/\/schema.org","@graph":[{"@type":"WebPage","@id":"https:\/\/peipsikaup.ee\/masters__trashed\/karin-otsus\/","url":"https:\/\/peipsikaup.ee\/masters__trashed\/karin-otsus\/","name":"Karin Otsus - Peipsi kaup","isPartOf":{"@id":"https:\/\/peipsikaup.ee\/#website"},"primaryImageOfPage":{"@id":"https:\/\/peipsikaup.ee\/masters__trashed\/karin-otsus\/#primaryimage"},"image":{"@id":"https:\/\/peipsikaup.ee\/masters__trashed\/karin-otsus\/#primaryimage"},"thumbnailUrl":"https:\/\/peipsikaup.ee\/wp-content\/uploads\/2021\/06\/Peipsikaup_meister-pitsimeister_Karin-Otsus.jpg","datePublished":"2021-09-25T20:09:25+00:00","dateModified":"2021-09-30T21:45:13+00:00","breadcrumb":{"@id":"https:\/\/peipsikaup.ee\/masters__trashed\/karin-otsus\/#breadcrumb"},"inLanguage":"ru-RU","potentialAction":[{"@type":"ReadAction","target":["https:\/\/peipsikaup.ee\/masters__trashed\/karin-otsus\/"]}]},{"@type":"ImageObject","inLanguage":"ru-RU","@id":"https:\/\/peipsikaup.ee\/masters__trashed\/karin-otsus\/#primaryimage","url":"https:\/\/peipsikaup.ee\/wp-content\/uploads\/2021\/06\/Peipsikaup_meister-pitsimeister_Karin-Otsus.jpg","contentUrl":"https:\/\/peipsikaup.ee\/wp-content\/uploads\/2021\/06\/Peipsikaup_meister-pitsimeister_Karin-Otsus.jpg"},{"@type":"BreadcrumbList","@id":"https:\/\/peipsikaup.ee\/masters__trashed\/karin-otsus\/#breadcrumb","itemListElement":[{"@type":"ListItem","position":1,"name":"Home","item":"https:\/\/peipsikaup.ee\/"},{"@type":"ListItem","position":2,"name":"Masters","item":"https:\/\/peipsikaup.ee\/?page_id=4581"},{"@type":"ListItem","position":3,"name":"Karin Otsus"}]},{"@type":"WebSite","@id":"https:\/\/peipsikaup.ee\/#website","url":"https:\/\/peipsikaup.ee\/","name":"\u0422\u043e\u0440\u0433\u043e\u0432\u043b\u044f \u043d\u0430 \u0427\u0443\u0434\u0441\u043a\u043e\u043c \u043e\u0441\u0442\u0440\u043e\u0432\u0435","description":"eheda ja isikup\u00e4rase k\u00e4sit\u00f6\u00f6 veebipood","publisher":{"@id":"https:\/\/peipsikaup.ee\/#organization"},"potentialAction":[{"@type":"SearchAction","target":{"@type":"EntryPoint","urlTemplate":"https:\/\/peipsikaup.ee\/?s={search_term_string}"},"query-input":{"@type":"PropertyValueSpecification","valueRequired":true,"valueName":"search_term_string"}}],"inLanguage":"ru-RU"},{"@type":"Organization","@id":"https:\/\/peipsikaup.ee\/#organization","name":"\u0422\u043e\u0440\u0433\u043e\u0432\u043b\u044f \u043d\u0430 \u0427\u0443\u0434\u0441\u043a\u043e\u043c \u043e\u0441\u0442\u0440\u043e\u0432\u0435","url":"https:\/\/peipsikaup.ee\/","logo":{"@type":"ImageObject","inLanguage":"ru-RU","@id":"https:\/\/peipsikaup.ee\/#\/schema\/logo\/image\/","url":"https:\/\/peipsikaup.ee\/wp-content\/uploads\/2026\/04\/cropped-ChatGPT-Image-Apr-24-2026-02_54_59-PM.png","contentUrl":"https:\/\/peipsikaup.ee\/wp-content\/uploads\/2026\/04\/cropped-ChatGPT-Image-Apr-24-2026-02_54_59-PM.png","width":1946,"height":325,"caption":"Peipsi kaup"},"image":{"@id":"https:\/\/peipsikaup.ee\/#\/schema\/logo\/image\/"}}]}},"_links":{"self":[{"href":"https:\/\/peipsikaup.ee\/ru\/wp-json\/wp\/v2\/pages\/3757","targetHints":{"allow":["GET"]}}],"collection":[{"href":"https:\/\/peipsikaup.ee\/ru\/wp-json\/wp\/v2\/pages"}],"about":[{"href":"https:\/\/peipsikaup.ee\/ru\/wp-json\/wp\/v2\/types\/page"}],"author":[{"embeddable":true,"href":"https:\/\/peipsikaup.ee\/ru\/wp-json\/wp\/v2\/users\/2"}],"replies":[{"embeddable":true,"href":"https:\/\/peipsikaup.ee\/ru\/wp-json\/wp\/v2\/comments?post=3757"}],"version-history":[{"count":0,"href":"https:\/\/peipsikaup.ee\/ru\/wp-json\/wp\/v2\/pages\/3757\/revisions"}],"up":[{"embeddable":true,"href":"https:\/\/peipsikaup.ee\/ru\/wp-json\/wp\/v2\/pages\/4581"}],"wp:attachment":[{"href":"https:\/\/peipsikaup.ee\/ru\/wp-json\/wp\/v2\/media?parent=3757"}],"curies":[{"name":"wp","href":"https:\/\/api.w.org\/{rel}","templated":true}]}}