{"id":3726,"date":"2021-09-25T17:15:19","date_gmt":"2021-09-25T17:15:19","guid":{"rendered":"https:\/\/peipsikaup.ee\/jaana-maoma\/"},"modified":"2021-09-25T17:15:20","modified_gmt":"2021-09-25T17:15:20","slug":"jaana-maoma","status":"publish","type":"page","link":"https:\/\/peipsikaup.ee\/ru\/meistari\/jaana-maoma\/","title":{"rendered":"\u042f\u0430\u043d\u0430 \u041c\u044f\u043e\u043c\u0430"},"content":{"rendered":"<div data-elementor-type=\"wp-post\" data-elementor-id=\"3726\" class=\"elementor elementor-3726\">\n\t\t\t\t\t\t<section class=\"elementor-section elementor-top-section elementor-element elementor-element-6ccdc95 elementor-section-content-middle elementor-section-boxed elementor-section-height-default elementor-section-height-default\" data-id=\"6ccdc95\" data-element_type=\"section\" data-e-type=\"section\" data-settings=\"{&quot;background_background&quot;:&quot;classic&quot;}\">\n\t\t\t\t\t\t\t<div class=\"elementor-background-overlay\"><\/div>\n\t\t\t\t\t\t\t<div class=\"elementor-container elementor-column-gap-no\">\n\t\t\t\t\t<div class=\"elementor-column elementor-col-100 elementor-top-column elementor-element elementor-element-4f6adc0\" data-id=\"4f6adc0\" data-element_type=\"column\" data-e-type=\"column\" data-settings=\"{&quot;background_background&quot;:&quot;classic&quot;}\">\n\t\t\t<div class=\"elementor-widget-wrap elementor-element-populated\">\n\t\t\t\t\t\t<div class=\"elementor-element elementor-element-179c706 elementor-widget elementor-widget-heading\" data-id=\"179c706\" data-element_type=\"widget\" data-e-type=\"widget\" data-widget_type=\"heading.default\">\n\t\t\t\t<div class=\"elementor-widget-container\">\n\t\t\t\t\t<h1 class=\"elementor-heading-title elementor-size-default\">Meistara st\u0101sts<\/h1>\t\t\t\t<\/div>\n\t\t\t\t<\/div>\n\t\t\t\t\t<\/div>\n\t\t<\/div>\n\t\t\t\t\t<\/div>\n\t\t<\/section>\n\t\t\t\t<section class=\"elementor-section elementor-top-section elementor-element elementor-element-6ec1e06 elementor-section-boxed elementor-section-height-default elementor-section-height-default\" data-id=\"6ec1e06\" data-element_type=\"section\" data-e-type=\"section\">\n\t\t\t\t\t\t<div class=\"elementor-container elementor-column-gap-default\">\n\t\t\t\t\t<div class=\"elementor-column elementor-col-100 elementor-top-column elementor-element elementor-element-e23d401\" data-id=\"e23d401\" data-element_type=\"column\" data-e-type=\"column\">\n\t\t\t<div class=\"elementor-widget-wrap elementor-element-populated\">\n\t\t\t\t\t\t<section class=\"elementor-section elementor-inner-section elementor-element elementor-element-e51aece elementor-section-boxed elementor-section-height-default elementor-section-height-default\" data-id=\"e51aece\" data-element_type=\"section\" data-e-type=\"section\">\n\t\t\t\t\t\t<div class=\"elementor-container elementor-column-gap-no\">\n\t\t\t\t\t<div class=\"elementor-column elementor-col-33 elementor-inner-column elementor-element elementor-element-3c3eb1f\" data-id=\"3c3eb1f\" data-element_type=\"column\" data-e-type=\"column\">\n\t\t\t<div class=\"elementor-widget-wrap elementor-element-populated\">\n\t\t\t\t\t\t<div class=\"elementor-element elementor-element-334895d elementor-position-top elementor-widget elementor-widget-image-box\" data-id=\"334895d\" data-element_type=\"widget\" data-e-type=\"widget\" data-widget_type=\"image-box.default\">\n\t\t\t\t<div class=\"elementor-widget-container\">\n\t\t\t\t\t<div class=\"elementor-image-box-wrapper\"><figure class=\"elementor-image-box-img\"><img fetchpriority=\"high\" decoding=\"async\" width=\"900\" height=\"1600\" src=\"https:\/\/peipsikaup.ee\/wp-content\/uploads\/2021\/04\/Peipsikaup_meister_Jaana-Maoma.jpg\" class=\"attachment-full size-full wp-image-2500\" alt=\"Peipsikaup meistare Jaana M\u00e4oma\" srcset=\"https:\/\/peipsikaup.ee\/wp-content\/uploads\/2021\/04\/Peipsikaup_meister_Jaana-Maoma.jpg 900w, https:\/\/peipsikaup.ee\/wp-content\/uploads\/2021\/04\/Peipsikaup_meister_Jaana-Maoma-169x300.jpg 169w, https:\/\/peipsikaup.ee\/wp-content\/uploads\/2021\/04\/Peipsikaup_meister_Jaana-Maoma-576x1024.jpg 576w, https:\/\/peipsikaup.ee\/wp-content\/uploads\/2021\/04\/Peipsikaup_meister_Jaana-Maoma-768x1365.jpg 768w, https:\/\/peipsikaup.ee\/wp-content\/uploads\/2021\/04\/Peipsikaup_meister_Jaana-Maoma-864x1536.jpg 864w, https:\/\/peipsikaup.ee\/wp-content\/uploads\/2021\/04\/Peipsikaup_meister_Jaana-Maoma-600x1067.jpg 600w\" sizes=\"(max-width: 900px) 100vw, 900px\" \/><\/figure><div class=\"elementor-image-box-content\"><h3 class=\"elementor-image-box-title\">\u042f\u0430\u043d\u0430 \u041c\u044f\u043e\u043c\u0430<\/h3><p class=\"elementor-image-box-description\">amatnieks<\/p><\/div><\/div>\t\t\t\t<\/div>\n\t\t\t\t<\/div>\n\t\t\t\t<div class=\"elementor-element elementor-element-6183903 elementor-mobile-align-center elementor-align-center elementor-widget elementor-widget-button\" data-id=\"6183903\" data-element_type=\"widget\" data-e-type=\"widget\" data-widget_type=\"button.default\">\n\t\t\t\t<div class=\"elementor-widget-container\">\n\t\t\t\t\t\t\t\t\t<div class=\"elementor-button-wrapper\">\n\t\t\t\t\t<a class=\"elementor-button elementor-button-link elementor-size-md\" href=\"https:\/\/peipsikaup.ee\/ru\/product-category\/jaana-maoma-tooted\/\">\n\t\t\t\t\t\t<span class=\"elementor-button-content-wrapper\">\n\t\t\t\t\t\t\t\t\t<span class=\"elementor-button-text\">mani produkti<\/span>\n\t\t\t\t\t<\/span>\n\t\t\t\t\t<\/a>\n\t\t\t\t<\/div>\n\t\t\t\t\t\t\t\t<\/div>\n\t\t\t\t<\/div>\n\t\t\t\t\t<\/div>\n\t\t<\/div>\n\t\t\t\t<div class=\"elementor-column elementor-col-66 elementor-inner-column elementor-element elementor-element-1e69e34\" data-id=\"1e69e34\" data-element_type=\"column\" data-e-type=\"column\">\n\t\t\t<div class=\"elementor-widget-wrap elementor-element-populated\">\n\t\t\t\t\t\t<div class=\"elementor-element elementor-element-217c6ee elementor-widget elementor-widget-text-editor\" data-id=\"217c6ee\" data-element_type=\"widget\" data-e-type=\"widget\" data-widget_type=\"text-editor.default\">\n\t\t\t\t<div class=\"elementor-widget-container\">\n\t\t\t\t\t\t\t\t\t<p>Es esmu Jaana un man pat\u012bk amatniec\u012bba. K\u0101 va\u013casprieks gatavoju \u0161okol\u0101des kart\u012btes un tambor\u0113ju grozi\u0146us. Man ar\u012b pat\u012bk ad\u012bt ze\u0137es un pakl\u0101jus uz stell\u0113m ziem\u0101.<span class=\"Apple-converted-space\"> <\/span><\/p>\n<p>Paties\u012bb\u0101 esmu gr\u0101matvede p\u0113c profesijas, un amatniec\u012bba man ir nomierino\u0161a nodarbe. Darba dienas laik\u0101 ir daudz dom\u0101\u0161anas, un, darot rokdarbus, es varu nov\u0113rst sevi no ikdienas, \u013caut sav\u0101m dom\u0101m peld\u0113t citur. Amatniec\u012bba ir k\u0101 mana person\u012bg\u0101 pasaka &#8211; paste\u013cto\u0146os, me\u017e\u0123\u012bn\u0113s, ar daudz\u0101m pu\u0137\u0113m, lent\u0113m un tauri\u0146iem.<\/p>\n<p>Esmu no Tartu. Pirms 17 gadiem es pie\u0146\u0113mu l\u0113mumu n\u0101kt dz\u012bvot uz valsti. Esmu \u010detru b\u0113rnu m\u0101te un dz\u012bvoju Mehiko. Lai lab\u0101k iepaz\u012btu viet\u0113jos iedz\u012bvot\u0101jus un viet\u0113jo dz\u012bvi, pievienojos Meeksi lauku biedr\u012bbai. Kop\u0101 ar viet\u0113j\u0101m sieviet\u0113m \u012bstenoj\u0101m da\u017e\u0101dus rokdarbu projektus un bija ar\u012b liel\u0101ka interese par rokdarbu darin\u0101\u0161anu.<span class=\"Apple-converted-space\"> <\/span><\/p>\n<p>Vasar\u0101 dodamies ekskursij\u0101s uz da\u017e\u0101d\u0101m biedr\u012bbas sievie\u0161u viet\u0101m. Piem\u0113ram, vienu gadu pavad\u012bj\u0101m H\u0101psal\u0101, skatoties \u0161alles. Da\u017ereiz m\u0113s apmekl\u0113jam citas ciemata biedr\u012bbas. \u0160\u012bs kust\u012bbas pal\u012bdz atrast iedvesmu un jaunu pieredzi. M\u0113s tik\u0101mies reizi m\u0113nes\u012b, un katru m\u0113nesi bija cita t\u0113ma. \u0160aj\u0101s san\u0101ksm\u0113s kop\u0101 svin\u0113j\u0101m dzim\u0161anas dienas, un dzim\u0161anas dienas svin\u012bb\u0101m vienm\u0113r bija j\u0101izdom\u0101 tik\u0161an\u0101s t\u0113ma. T\u0101 mums vienm\u0113r k\u0101ds uzst\u0101j\u0101s vai tren\u0113j\u0101s.<\/p>\n<p>\u0160\u0101da dzim\u0161anas dienas pas\u0101kuma gait\u0101 mums reiz vajadz\u0113ja izgatavot \u0161okol\u0101des karti\u0146as, no kur\u0101m es guvu priek\u0161statu par savu rokdarbu izstr\u0101d\u0101jumu. Apm\u0101c\u012bbas laik\u0101 es iem\u0101c\u012bjos gatavot \u0161okol\u0101des kart\u012btes, uzkr\u0101ju materi\u0101lu un ar\u012b m\u0113\u0123in\u0101ju to izdar\u012bt pati. S\u0101kum\u0101 es tos gatavoju k\u0101 d\u0101vanu citiem un, t\u0101 k\u0101 sa\u0146\u0113mu pozit\u012bvas atsauksmes, ar\u012b s\u0101ku gatavot tos p\u0101rdo\u0161anai.<span class=\"Apple-converted-space\"> <\/span><\/p>\n<p>P\u0113c dabas esmu mier\u012bga un m\u0113r\u0137tiec\u012bga, t\u0101p\u0113c manu\u0101las darb\u012bbas man n\u0101k par labu. Man pat\u012bk m\u0101c\u012bties un nodarboties ar da\u017e\u0101diem materi\u0101liem un darbiem. Lai apg\u016btu jaunas prasmes un papildin\u0101tu eso\u0161\u0101s, devos apg\u016bt tekstilizstr\u0101d\u0101jumu rokdarbu specialit\u0101ti R\u00e4pinas d\u0101rzkop\u012bbas skol\u0101. Tas bija pareizs l\u0113mums.<\/p>\n\t\t\t\t\t\t\t\t<\/div>\n\t\t\t\t<\/div>\n\t\t\t\t\t<\/div>\n\t\t<\/div>\n\t\t\t\t\t<\/div>\n\t\t<\/section>\n\t\t\t\t\t<\/div>\n\t\t<\/div>\n\t\t\t\t\t<\/div>\n\t\t<\/section>\n\t\t\t\t<section class=\"elementor-section elementor-top-section elementor-element elementor-element-dc6a4e3 elementor-section-boxed elementor-section-height-default elementor-section-height-default\" data-id=\"dc6a4e3\" data-element_type=\"section\" data-e-type=\"section\" data-settings=\"{&quot;background_background&quot;:&quot;classic&quot;}\">\n\t\t\t\t\t\t<div class=\"elementor-container elementor-column-gap-no\">\n\t\t\t\t\t<div class=\"elementor-column elementor-col-100 elementor-top-column elementor-element elementor-element-0e2a233\" data-id=\"0e2a233\" data-element_type=\"column\" data-e-type=\"column\">\n\t\t\t<div class=\"elementor-widget-wrap elementor-element-populated\">\n\t\t\t\t\t\t<div class=\"elementor-element elementor-element-dcd18bc elementor-position-top elementor-widget elementor-widget-image-box\" data-id=\"dcd18bc\" data-element_type=\"widget\" data-e-type=\"widget\" data-widget_type=\"image-box.default\">\n\t\t\t\t<div class=\"elementor-widget-container\">\n\t\t\t\t\t<div class=\"elementor-image-box-wrapper\"><figure class=\"elementor-image-box-img\"><img decoding=\"async\" width=\"1600\" height=\"900\" src=\"https:\/\/peipsikaup.ee\/wp-content\/uploads\/2021\/04\/Peipsikaup_meister_Jaana-Maoma_kuidas-valmib.jpg\" class=\"attachment-full size-full wp-image-2503\" alt=\"Peipsikaup meistare Jaana M\u00e4oma\" srcset=\"https:\/\/peipsikaup.ee\/wp-content\/uploads\/2021\/04\/Peipsikaup_meister_Jaana-Maoma_kuidas-valmib.jpg 1600w, https:\/\/peipsikaup.ee\/wp-content\/uploads\/2021\/04\/Peipsikaup_meister_Jaana-Maoma_kuidas-valmib-300x169.jpg 300w, https:\/\/peipsikaup.ee\/wp-content\/uploads\/2021\/04\/Peipsikaup_meister_Jaana-Maoma_kuidas-valmib-1024x576.jpg 1024w, https:\/\/peipsikaup.ee\/wp-content\/uploads\/2021\/04\/Peipsikaup_meister_Jaana-Maoma_kuidas-valmib-768x432.jpg 768w, https:\/\/peipsikaup.ee\/wp-content\/uploads\/2021\/04\/Peipsikaup_meister_Jaana-Maoma_kuidas-valmib-1536x864.jpg 1536w, https:\/\/peipsikaup.ee\/wp-content\/uploads\/2021\/04\/Peipsikaup_meister_Jaana-Maoma_kuidas-valmib-600x338.jpg 600w\" sizes=\"(max-width: 1600px) 100vw, 1600px\" \/><\/figure><\/div>\t\t\t\t<\/div>\n\t\t\t\t<\/div>\n\t\t\t\t<div class=\"elementor-element elementor-element-e075a06 elementor-widget elementor-widget-heading\" data-id=\"e075a06\" data-element_type=\"widget\" data-e-type=\"widget\" data-widget_type=\"heading.default\">\n\t\t\t\t<div class=\"elementor-widget-container\">\n\t\t\t\t\t<h2 class=\"elementor-heading-title elementor-size-default\">K\u0101 lai es to izdaru?<\/h2>\t\t\t\t<\/div>\n\t\t\t\t<\/div>\n\t\t\t\t<div class=\"elementor-element elementor-element-863954d elementor-widget elementor-widget-text-editor\" data-id=\"863954d\" data-element_type=\"widget\" data-e-type=\"widget\" data-widget_type=\"text-editor.default\">\n\t\t\t\t<div class=\"elementor-widget-container\">\n\t\t\t\t\t\t\t\t\t<p>Es izmantoju da\u017e\u0101das kast\u012btes \u0161okol\u0101des k\u0101rbu izgatavo\u0161anai. Tam j\u0101b\u016bt biez\u0101kam un kvalitat\u012bv\u0101kam materi\u0101lam.<span class=\"Apple-converted-space\">  <\/span>No kr\u0101s\u0101m es dodu priek\u0161roku gai\u0161\u0101k\u0101m, bet da\u017ereiz izmantoju ar\u012b tum\u0161i sarkanu. Visvair\u0101k izmantoju smil\u0161kr\u0101sas to\u0146us un bez tiem roz\u0101 ir ar\u012b viena no man\u0101m m\u012b\u013c\u0101kaj\u0101m. Man pat\u012bk paste\u013cto\u0146i, jo tie ir mier\u012bgi.<span class=\"Apple-converted-space\"> <\/span><\/p>\n<p>Man pat\u012bk dekor\u0113\u0161anai izmantot sievi\u0161\u0137\u012bgus materi\u0101lus &#8211; me\u017e\u0123\u012bnes, lentes un ziedus.<span class=\"Apple-converted-space\">  <\/span>Da\u017ereiz izmantoju ar\u012b met\u0101la rotas. Stiprin\u0101\u0161anai izmantoju abpus\u0113ju lenti. Es piestiprinu ziedus un met\u0101la rot\u0101jumus ar l\u012bmi vai knied\u0113m ar karst\u0101 gaisa pistoli.<span class=\"Apple-converted-space\"> <\/span><\/p>\n<p>Vispirms es izv\u0113los kartonu un tad s\u0101ku saska\u0146ot da\u017e\u0101dus materi\u0101lus. Katrai kartei j\u0101b\u016bt unik\u0101lai un unik\u0101lai.<\/p>\n<p>Gatavojot grozus, es izmantoju citas kr\u0101sas triko. Tambor\u0113\u0161anai izmantoju tamboradatu ar numuru asto\u0146i. Grozu s\u0101ku tambor\u0113t, tambor\u0113jot dibenu. P\u0113c tam tambor\u0113jiet malas. Tambor\u0113\u0161anas grozus var dekor\u0113t ar lent\u0113m, me\u017e\u0123\u012bn\u0113m un tambor\u0113tiem ziediem. Es tambor\u0113ju grozus apa\u013cos, kvadr\u0101tveida,<span class=\"Apple-converted-space\">  <\/span>gan ar rokturiem, gan bez tiem.<span class=\"Apple-converted-space\"> <\/span><\/p>\n<p>Triko siksnas ir kokvilnas un elast\u012bgas &#8211; pateicoties tam, t\u0101s var piel\u0101got da\u017e\u0101d\u0101m form\u0101m. Tambor\u0113jumam j\u0101b\u016bt pietiekami stipram, lai lentes \u013coti cie\u0161i pievilktu. Tad ar\u012b grozs k\u013c\u016bst iztur\u012bgs.<span class=\"Apple-converted-space\"> <\/span><\/p>\n\t\t\t\t\t\t\t\t<\/div>\n\t\t\t\t<\/div>\n\t\t\t\t<div class=\"elementor-element elementor-element-f5c8852 elementor-mobile-align-center elementor-align-center elementor-widget elementor-widget-button\" data-id=\"f5c8852\" data-element_type=\"widget\" data-e-type=\"widget\" data-widget_type=\"button.default\">\n\t\t\t\t<div class=\"elementor-widget-container\">\n\t\t\t\t\t\t\t\t\t<div class=\"elementor-button-wrapper\">\n\t\t\t\t\t<a class=\"elementor-button elementor-button-link elementor-size-md\" href=\"https:\/\/peipsikaup.ee\/ru\/product-category\/jaana-maoma-tooted\/\">\n\t\t\t\t\t\t<span class=\"elementor-button-content-wrapper\">\n\t\t\t\t\t\t\t\t\t<span class=\"elementor-button-text\">mani produkti<\/span>\n\t\t\t\t\t<\/span>\n\t\t\t\t\t<\/a>\n\t\t\t\t<\/div>\n\t\t\t\t\t\t\t\t<\/div>\n\t\t\t\t<\/div>\n\t\t\t\t\t<\/div>\n\t\t<\/div>\n\t\t\t\t\t<\/div>\n\t\t<\/section>\n\t\t\t\t<\/div>","protected":false},"excerpt":{"rendered":"<p>Meistara st\u0101sts Jaana M\u00e4oma amatnieks mani produkti Es esmu Jaana un man pat\u012bk amatniec\u012bba. K\u0101 va\u013casprieks gatavoju \u0161okol\u0101des kart\u012btes un tambor\u0113ju grozi\u0146us. Man ar\u012b pat\u012bk ad\u012bt ze\u0137es un pakl\u0101jus uz stell\u0113m ziem\u0101. Paties\u012bb\u0101 esmu gr\u0101matvede p\u0113c profesijas, un amatniec\u012bba man ir nomierino\u0161a nodarbe. Darba dienas laik\u0101 ir daudz dom\u0101\u0161anas, un, darot rokdarbus, es varu nov\u0113rst &hellip;<\/p>\n<p class=\"read-more\"> <a class=\"\" href=\"https:\/\/peipsikaup.ee\/ru\/meistari\/jaana-maoma\/\"> <span class=\"screen-reader-text\">\u042f\u0430\u043d\u0430 \u041c\u044f\u043e\u043c\u0430<\/span> \u0427\u0438\u0442\u0430\u0442\u044c \u0434\u0430\u043b\u0435\u0435 &raquo;<\/a><\/p>","protected":false},"author":2,"featured_media":0,"parent":4585,"menu_order":0,"comment_status":"closed","ping_status":"closed","template":"","meta":{"site-sidebar-layout":"no-sidebar","site-content-layout":"page-builder","ast-global-header-display":"","ast-main-header-display":"","ast-hfb-above-header-display":"","ast-hfb-below-header-display":"","ast-hfb-mobile-header-display":"","site-post-title":"disabled","ast-breadcrumbs-content":"","ast-featured-img":"disabled","footer-sml-layout":"","theme-transparent-header-meta":"enabled","adv-header-id-meta":"","stick-header-meta":"default","header-above-stick-meta":"","header-main-stick-meta":"","header-below-stick-meta":"","footnotes":""},"class_list":["post-3726","page","type-page","status-publish","hentry"],"yoast_head":"<!-- This site is optimized with the Yoast SEO plugin v27.2 - https:\/\/yoast.com\/product\/yoast-seo-wordpress\/ -->\n<title>Jaana M\u00e4oma - Peipsi kaup<\/title>\n<meta name=\"robots\" content=\"index, follow, max-snippet:-1, max-image-preview:large, max-video-preview:-1\" \/>\n<link rel=\"canonical\" href=\"https:\/\/peipsikaup.ee\/ru\/meistari\/jaana-maoma\/?lang=lv\" \/>\n<meta property=\"og:locale\" content=\"ru_RU\" \/>\n<meta property=\"og:type\" content=\"article\" \/>\n<meta property=\"og:title\" content=\"Jaana M\u00e4oma - Peipsi kaup\" \/>\n<meta property=\"og:description\" content=\"Meistara st\u0101sts Jaana M\u00e4oma amatnieks mani produkti Es esmu Jaana un man pat\u012bk amatniec\u012bba. K\u0101 va\u013casprieks gatavoju \u0161okol\u0101des kart\u012btes un tambor\u0113ju grozi\u0146us. Man ar\u012b pat\u012bk ad\u012bt ze\u0137es un pakl\u0101jus uz stell\u0113m ziem\u0101. Paties\u012bb\u0101 esmu gr\u0101matvede p\u0113c profesijas, un amatniec\u012bba man ir nomierino\u0161a nodarbe. Darba dienas laik\u0101 ir daudz dom\u0101\u0161anas, un, darot rokdarbus, es varu nov\u0113rst &hellip; Jaana M\u00e4oma \u0427\u0438\u0442\u0430\u0442\u044c \u0434\u0430\u043b\u0435\u0435 &raquo;\" \/>\n<meta property=\"og:url\" content=\"https:\/\/peipsikaup.ee\/ru\/meistari\/jaana-maoma\/?lang=lv\" \/>\n<meta property=\"og:site_name\" content=\"Peipsi kaup\" \/>\n<meta property=\"article:modified_time\" content=\"2021-09-25T17:15:20+00:00\" \/>\n<meta property=\"og:image\" content=\"https:\/\/peipsikaup.ee\/wp-content\/uploads\/2021\/04\/Peipsikaup_meister_Jaana-Maoma.jpg\" \/>\n<meta name=\"twitter:card\" content=\"summary_large_image\" \/>\n<meta name=\"twitter:label1\" content=\"\u041f\u0440\u0438\u043c\u0435\u0440\u043d\u043e\u0435 \u0432\u0440\u0435\u043c\u044f \u0434\u043b\u044f \u0447\u0442\u0435\u043d\u0438\u044f\" \/>\n\t<meta name=\"twitter:data1\" content=\"3 \u043c\u0438\u043d\u0443\u0442\u044b\" \/>\n<script type=\"application\/ld+json\" class=\"yoast-schema-graph\">{\"@context\":\"https:\/\/schema.org\",\"@graph\":[{\"@type\":\"WebPage\",\"@id\":\"https:\/\/peipsikaup.ee\/meistari\/jaana-maoma\/?lang=lv\",\"url\":\"https:\/\/peipsikaup.ee\/meistari\/jaana-maoma\/?lang=lv\",\"name\":\"Jaana M\u00e4oma - Peipsi kaup\",\"isPartOf\":{\"@id\":\"https:\/\/peipsikaup.ee\/#website\"},\"primaryImageOfPage\":{\"@id\":\"https:\/\/peipsikaup.ee\/meistari\/jaana-maoma\/?lang=lv#primaryimage\"},\"image\":{\"@id\":\"https:\/\/peipsikaup.ee\/meistari\/jaana-maoma\/?lang=lv#primaryimage\"},\"thumbnailUrl\":\"https:\/\/peipsikaup.ee\/wp-content\/uploads\/2021\/04\/Peipsikaup_meister_Jaana-Maoma.jpg\",\"datePublished\":\"2021-09-25T17:15:19+00:00\",\"dateModified\":\"2021-09-25T17:15:20+00:00\",\"breadcrumb\":{\"@id\":\"https:\/\/peipsikaup.ee\/meistari\/jaana-maoma\/?lang=lv#breadcrumb\"},\"inLanguage\":\"ru-RU\",\"potentialAction\":[{\"@type\":\"ReadAction\",\"target\":[\"https:\/\/peipsikaup.ee\/meistari\/jaana-maoma\/?lang=lv\"]}]},{\"@type\":\"ImageObject\",\"inLanguage\":\"ru-RU\",\"@id\":\"https:\/\/peipsikaup.ee\/meistari\/jaana-maoma\/?lang=lv#primaryimage\",\"url\":\"https:\/\/peipsikaup.ee\/wp-content\/uploads\/2021\/04\/Peipsikaup_meister_Jaana-Maoma.jpg\",\"contentUrl\":\"https:\/\/peipsikaup.ee\/wp-content\/uploads\/2021\/04\/Peipsikaup_meister_Jaana-Maoma.jpg\"},{\"@type\":\"BreadcrumbList\",\"@id\":\"https:\/\/peipsikaup.ee\/meistari\/jaana-maoma\/?lang=lv#breadcrumb\",\"itemListElement\":[{\"@type\":\"ListItem\",\"position\":1,\"name\":\"Home\",\"item\":\"https:\/\/peipsikaup.ee\/\"},{\"@type\":\"ListItem\",\"position\":2,\"name\":\"Meistari\",\"item\":\"https:\/\/peipsikaup.ee\/meistari\/?lang=lv\"},{\"@type\":\"ListItem\",\"position\":3,\"name\":\"Jaana M\u00e4oma\"}]},{\"@type\":\"WebSite\",\"@id\":\"https:\/\/peipsikaup.ee\/#website\",\"url\":\"https:\/\/peipsikaup.ee\/\",\"name\":\"Peipsi kaup\",\"description\":\"eheda ja isikup\u00e4rase k\u00e4sit\u00f6\u00f6 veebipood\",\"publisher\":{\"@id\":\"https:\/\/peipsikaup.ee\/#organization\"},\"potentialAction\":[{\"@type\":\"SearchAction\",\"target\":{\"@type\":\"EntryPoint\",\"urlTemplate\":\"https:\/\/peipsikaup.ee\/?s={search_term_string}\"},\"query-input\":{\"@type\":\"PropertyValueSpecification\",\"valueRequired\":true,\"valueName\":\"search_term_string\"}}],\"inLanguage\":\"ru-RU\"},{\"@type\":\"Organization\",\"@id\":\"https:\/\/peipsikaup.ee\/#organization\",\"name\":\"Peipsi kaup\",\"url\":\"https:\/\/peipsikaup.ee\/\",\"logo\":{\"@type\":\"ImageObject\",\"inLanguage\":\"ru-RU\",\"@id\":\"https:\/\/peipsikaup.ee\/#\/schema\/logo\/image\/\",\"url\":\"https:\/\/peipsikaup.ee\/wp-content\/uploads\/2022\/01\/cropped-Peipsikaup-loho-pisike.png\",\"contentUrl\":\"https:\/\/peipsikaup.ee\/wp-content\/uploads\/2022\/01\/cropped-Peipsikaup-loho-pisike.png\",\"width\":180,\"height\":60,\"caption\":\"Peipsi kaup\"},\"image\":{\"@id\":\"https:\/\/peipsikaup.ee\/#\/schema\/logo\/image\/\"}}]}<\/script>\n<!-- \/ Yoast SEO plugin. -->","yoast_head_json":{"title":"Jaana M\u00e4oma - Peipsi kaup","robots":{"index":"index","follow":"follow","max-snippet":"max-snippet:-1","max-image-preview":"max-image-preview:large","max-video-preview":"max-video-preview:-1"},"canonical":"https:\/\/peipsikaup.ee\/ru\/meistari\/jaana-maoma\/?lang=lv","og_locale":"ru_RU","og_type":"article","og_title":"Jaana M\u00e4oma - Peipsi kaup","og_description":"Meistara st\u0101sts Jaana M\u00e4oma amatnieks mani produkti Es esmu Jaana un man pat\u012bk amatniec\u012bba. K\u0101 va\u013casprieks gatavoju \u0161okol\u0101des kart\u012btes un tambor\u0113ju grozi\u0146us. Man ar\u012b pat\u012bk ad\u012bt ze\u0137es un pakl\u0101jus uz stell\u0113m ziem\u0101. Paties\u012bb\u0101 esmu gr\u0101matvede p\u0113c profesijas, un amatniec\u012bba man ir nomierino\u0161a nodarbe. Darba dienas laik\u0101 ir daudz dom\u0101\u0161anas, un, darot rokdarbus, es varu nov\u0113rst &hellip; Jaana M\u00e4oma \u0427\u0438\u0442\u0430\u0442\u044c \u0434\u0430\u043b\u0435\u0435 &raquo;","og_url":"https:\/\/peipsikaup.ee\/ru\/meistari\/jaana-maoma\/?lang=lv","og_site_name":"Peipsi kaup","article_modified_time":"2021-09-25T17:15:20+00:00","og_image":[{"url":"https:\/\/peipsikaup.ee\/wp-content\/uploads\/2021\/04\/Peipsikaup_meister_Jaana-Maoma.jpg","type":"","width":"","height":""}],"twitter_card":"summary_large_image","twitter_misc":{"\u041f\u0440\u0438\u043c\u0435\u0440\u043d\u043e\u0435 \u0432\u0440\u0435\u043c\u044f \u0434\u043b\u044f \u0447\u0442\u0435\u043d\u0438\u044f":"3 \u043c\u0438\u043d\u0443\u0442\u044b"},"schema":{"@context":"https:\/\/schema.org","@graph":[{"@type":"WebPage","@id":"https:\/\/peipsikaup.ee\/meistari\/jaana-maoma\/?lang=lv","url":"https:\/\/peipsikaup.ee\/meistari\/jaana-maoma\/?lang=lv","name":"Jaana M\u00e4oma - Peipsi kaup","isPartOf":{"@id":"https:\/\/peipsikaup.ee\/#website"},"primaryImageOfPage":{"@id":"https:\/\/peipsikaup.ee\/meistari\/jaana-maoma\/?lang=lv#primaryimage"},"image":{"@id":"https:\/\/peipsikaup.ee\/meistari\/jaana-maoma\/?lang=lv#primaryimage"},"thumbnailUrl":"https:\/\/peipsikaup.ee\/wp-content\/uploads\/2021\/04\/Peipsikaup_meister_Jaana-Maoma.jpg","datePublished":"2021-09-25T17:15:19+00:00","dateModified":"2021-09-25T17:15:20+00:00","breadcrumb":{"@id":"https:\/\/peipsikaup.ee\/meistari\/jaana-maoma\/?lang=lv#breadcrumb"},"inLanguage":"ru-RU","potentialAction":[{"@type":"ReadAction","target":["https:\/\/peipsikaup.ee\/meistari\/jaana-maoma\/?lang=lv"]}]},{"@type":"ImageObject","inLanguage":"ru-RU","@id":"https:\/\/peipsikaup.ee\/meistari\/jaana-maoma\/?lang=lv#primaryimage","url":"https:\/\/peipsikaup.ee\/wp-content\/uploads\/2021\/04\/Peipsikaup_meister_Jaana-Maoma.jpg","contentUrl":"https:\/\/peipsikaup.ee\/wp-content\/uploads\/2021\/04\/Peipsikaup_meister_Jaana-Maoma.jpg"},{"@type":"BreadcrumbList","@id":"https:\/\/peipsikaup.ee\/meistari\/jaana-maoma\/?lang=lv#breadcrumb","itemListElement":[{"@type":"ListItem","position":1,"name":"Home","item":"https:\/\/peipsikaup.ee\/"},{"@type":"ListItem","position":2,"name":"Meistari","item":"https:\/\/peipsikaup.ee\/meistari\/?lang=lv"},{"@type":"ListItem","position":3,"name":"Jaana M\u00e4oma"}]},{"@type":"WebSite","@id":"https:\/\/peipsikaup.ee\/#website","url":"https:\/\/peipsikaup.ee\/","name":"\u0422\u043e\u0440\u0433\u043e\u0432\u043b\u044f \u043d\u0430 \u0427\u0443\u0434\u0441\u043a\u043e\u043c \u043e\u0441\u0442\u0440\u043e\u0432\u0435","description":"eheda ja isikup\u00e4rase k\u00e4sit\u00f6\u00f6 veebipood","publisher":{"@id":"https:\/\/peipsikaup.ee\/#organization"},"potentialAction":[{"@type":"SearchAction","target":{"@type":"EntryPoint","urlTemplate":"https:\/\/peipsikaup.ee\/?s={search_term_string}"},"query-input":{"@type":"PropertyValueSpecification","valueRequired":true,"valueName":"search_term_string"}}],"inLanguage":"ru-RU"},{"@type":"Organization","@id":"https:\/\/peipsikaup.ee\/#organization","name":"\u0422\u043e\u0440\u0433\u043e\u0432\u043b\u044f \u043d\u0430 \u0427\u0443\u0434\u0441\u043a\u043e\u043c \u043e\u0441\u0442\u0440\u043e\u0432\u0435","url":"https:\/\/peipsikaup.ee\/","logo":{"@type":"ImageObject","inLanguage":"ru-RU","@id":"https:\/\/peipsikaup.ee\/#\/schema\/logo\/image\/","url":"https:\/\/peipsikaup.ee\/wp-content\/uploads\/2022\/01\/cropped-Peipsikaup-loho-pisike.png","contentUrl":"https:\/\/peipsikaup.ee\/wp-content\/uploads\/2022\/01\/cropped-Peipsikaup-loho-pisike.png","width":180,"height":60,"caption":"Peipsi kaup"},"image":{"@id":"https:\/\/peipsikaup.ee\/#\/schema\/logo\/image\/"}}]}},"_links":{"self":[{"href":"https:\/\/peipsikaup.ee\/ru\/wp-json\/wp\/v2\/pages\/3726","targetHints":{"allow":["GET"]}}],"collection":[{"href":"https:\/\/peipsikaup.ee\/ru\/wp-json\/wp\/v2\/pages"}],"about":[{"href":"https:\/\/peipsikaup.ee\/ru\/wp-json\/wp\/v2\/types\/page"}],"author":[{"embeddable":true,"href":"https:\/\/peipsikaup.ee\/ru\/wp-json\/wp\/v2\/users\/2"}],"replies":[{"embeddable":true,"href":"https:\/\/peipsikaup.ee\/ru\/wp-json\/wp\/v2\/comments?post=3726"}],"version-history":[{"count":0,"href":"https:\/\/peipsikaup.ee\/ru\/wp-json\/wp\/v2\/pages\/3726\/revisions"}],"up":[{"embeddable":true,"href":"https:\/\/peipsikaup.ee\/ru\/wp-json\/wp\/v2\/pages\/4585"}],"wp:attachment":[{"href":"https:\/\/peipsikaup.ee\/ru\/wp-json\/wp\/v2\/media?parent=3726"}],"curies":[{"name":"wp","href":"https:\/\/api.w.org\/{rel}","templated":true}]}}