{"id":3705,"date":"2021-09-25T15:06:27","date_gmt":"2021-09-25T15:06:27","guid":{"rendered":"https:\/\/peipsikaup.ee\/helemall-maask\/"},"modified":"2021-09-25T15:06:32","modified_gmt":"2021-09-25T15:06:32","slug":"helemall-maask","status":"publish","type":"page","link":"https:\/\/peipsikaup.ee\/ru\/meistari\/helemall-maask\/","title":{"rendered":"\u0425\u0435\u043b\u0435\u043c\u0430\u043b\u043b \u041c\u0430\u0430\u0441\u043a"},"content":{"rendered":"<div data-elementor-type=\"wp-post\" data-elementor-id=\"3705\" class=\"elementor elementor-3705\">\n\t\t\t\t\t\t<section class=\"elementor-section elementor-top-section elementor-element elementor-element-6ccdc95 elementor-section-content-middle elementor-section-boxed elementor-section-height-default elementor-section-height-default\" data-id=\"6ccdc95\" data-element_type=\"section\" data-e-type=\"section\" data-settings=\"{&quot;background_background&quot;:&quot;classic&quot;}\">\n\t\t\t\t\t\t\t<div class=\"elementor-background-overlay\"><\/div>\n\t\t\t\t\t\t\t<div class=\"elementor-container elementor-column-gap-no\">\n\t\t\t\t\t<div class=\"elementor-column elementor-col-100 elementor-top-column elementor-element elementor-element-4f6adc0\" data-id=\"4f6adc0\" data-element_type=\"column\" data-e-type=\"column\" data-settings=\"{&quot;background_background&quot;:&quot;classic&quot;}\">\n\t\t\t<div class=\"elementor-widget-wrap elementor-element-populated\">\n\t\t\t\t\t\t<div class=\"elementor-element elementor-element-179c706 elementor-widget elementor-widget-heading\" data-id=\"179c706\" data-element_type=\"widget\" data-e-type=\"widget\" data-widget_type=\"heading.default\">\n\t\t\t\t<div class=\"elementor-widget-container\">\n\t\t\t\t\t<h1 class=\"elementor-heading-title elementor-size-default\">Meistara st\u0101sts<\/h1>\t\t\t\t<\/div>\n\t\t\t\t<\/div>\n\t\t\t\t\t<\/div>\n\t\t<\/div>\n\t\t\t\t\t<\/div>\n\t\t<\/section>\n\t\t\t\t<section class=\"elementor-section elementor-top-section elementor-element elementor-element-6ec1e06 elementor-section-boxed elementor-section-height-default elementor-section-height-default\" data-id=\"6ec1e06\" data-element_type=\"section\" data-e-type=\"section\">\n\t\t\t\t\t\t<div class=\"elementor-container elementor-column-gap-default\">\n\t\t\t\t\t<div class=\"elementor-column elementor-col-100 elementor-top-column elementor-element elementor-element-e23d401\" data-id=\"e23d401\" data-element_type=\"column\" data-e-type=\"column\">\n\t\t\t<div class=\"elementor-widget-wrap elementor-element-populated\">\n\t\t\t\t\t\t<section class=\"elementor-section elementor-inner-section elementor-element elementor-element-e51aece elementor-section-boxed elementor-section-height-default elementor-section-height-default\" data-id=\"e51aece\" data-element_type=\"section\" data-e-type=\"section\">\n\t\t\t\t\t\t<div class=\"elementor-container elementor-column-gap-no\">\n\t\t\t\t\t<div class=\"elementor-column elementor-col-33 elementor-inner-column elementor-element elementor-element-3c3eb1f\" data-id=\"3c3eb1f\" data-element_type=\"column\" data-e-type=\"column\">\n\t\t\t<div class=\"elementor-widget-wrap elementor-element-populated\">\n\t\t\t\t\t\t<div class=\"elementor-element elementor-element-334895d elementor-position-top elementor-widget elementor-widget-image-box\" data-id=\"334895d\" data-element_type=\"widget\" data-e-type=\"widget\" data-widget_type=\"image-box.default\">\n\t\t\t\t<div class=\"elementor-widget-container\">\n\t\t\t\t\t<div class=\"elementor-image-box-wrapper\"><figure class=\"elementor-image-box-img\"><img fetchpriority=\"high\" decoding=\"async\" width=\"900\" height=\"1600\" src=\"https:\/\/peipsikaup.ee\/wp-content\/uploads\/2021\/04\/Peipsikaup_meister-keraamik_Helemall-Maask.jpg\" class=\"attachment-full size-full wp-image-2635\" alt=\"Pepsi keramika Helemall Maask\" srcset=\"https:\/\/peipsikaup.ee\/wp-content\/uploads\/2021\/04\/Peipsikaup_meister-keraamik_Helemall-Maask.jpg 900w, https:\/\/peipsikaup.ee\/wp-content\/uploads\/2021\/04\/Peipsikaup_meister-keraamik_Helemall-Maask-169x300.jpg 169w, https:\/\/peipsikaup.ee\/wp-content\/uploads\/2021\/04\/Peipsikaup_meister-keraamik_Helemall-Maask-576x1024.jpg 576w, https:\/\/peipsikaup.ee\/wp-content\/uploads\/2021\/04\/Peipsikaup_meister-keraamik_Helemall-Maask-768x1365.jpg 768w, https:\/\/peipsikaup.ee\/wp-content\/uploads\/2021\/04\/Peipsikaup_meister-keraamik_Helemall-Maask-864x1536.jpg 864w, https:\/\/peipsikaup.ee\/wp-content\/uploads\/2021\/04\/Peipsikaup_meister-keraamik_Helemall-Maask-600x1067.jpg 600w\" sizes=\"(max-width: 900px) 100vw, 900px\" \/><\/figure><div class=\"elementor-image-box-content\"><h3 class=\"elementor-image-box-title\">\u0425\u0435\u043b\u0435\u043c\u0430\u043b\u043b \u041c\u0430\u0430\u0441\u043a<\/h3><p class=\"elementor-image-box-description\">podnieks<\/p><\/div><\/div>\t\t\t\t<\/div>\n\t\t\t\t<\/div>\n\t\t\t\t<div class=\"elementor-element elementor-element-c16bc65 elementor-mobile-align-center elementor-align-center elementor-widget elementor-widget-button\" data-id=\"c16bc65\" data-element_type=\"widget\" data-e-type=\"widget\" data-widget_type=\"button.default\">\n\t\t\t\t<div class=\"elementor-widget-container\">\n\t\t\t\t\t\t\t\t\t<div class=\"elementor-button-wrapper\">\n\t\t\t\t\t<a class=\"elementor-button elementor-button-link elementor-size-md\" href=\"https:\/\/peipsikaup.ee\/ru\/product-category\/helemall-maask\/\">\n\t\t\t\t\t\t<span class=\"elementor-button-content-wrapper\">\n\t\t\t\t\t\t\t\t\t<span class=\"elementor-button-text\">mani produkti<\/span>\n\t\t\t\t\t<\/span>\n\t\t\t\t\t<\/a>\n\t\t\t\t<\/div>\n\t\t\t\t\t\t\t\t<\/div>\n\t\t\t\t<\/div>\n\t\t\t\t\t<\/div>\n\t\t<\/div>\n\t\t\t\t<div class=\"elementor-column elementor-col-66 elementor-inner-column elementor-element elementor-element-1e69e34\" data-id=\"1e69e34\" data-element_type=\"column\" data-e-type=\"column\">\n\t\t\t<div class=\"elementor-widget-wrap elementor-element-populated\">\n\t\t\t\t\t\t<div class=\"elementor-element elementor-element-217c6ee elementor-widget elementor-widget-text-editor\" data-id=\"217c6ee\" data-element_type=\"widget\" data-e-type=\"widget\" data-widget_type=\"text-editor.default\">\n\t\t\t\t<div class=\"elementor-widget-container\">\n\t\t\t\t\t\t\t\t\t<div class=\"page\" title=\"1. lapa\">\n<div class=\"layoutArea\">\n<div class=\"column\">\n<p>Esmu keramikas skolot\u0101js un amatnieks. Es mudinu gan b\u0113rnus, gan pieaugu\u0161os draudz\u0113ties ar m\u0101lu R\u0101pinas jaunrades nam\u0101. Es gatavoju praktiskus un skaistus p\u0101rtikas piederumus m\u0101j\u0101m, \u012bpa\u0161us priek\u0161metus ar \u012bpa\u0161iem rakstiem un burtiem k\u0101 d\u0101vanas, suven\u012brus uz\u0146\u0113mumiem un pas\u0101kumiem.<br \/>K\u0101 uz\u0146\u0113m\u0113js str\u0101d\u0101ju kop\u0161 2014.<\/p>\n<p>Esmu zi\u0146k\u0101r\u012bgs cilv\u0113ks, t\u0101p\u0113c esmu izm\u0113\u0123in\u0101jis da\u017e\u0101das profesijas, zin\u0101tnes un darb\u012bbas. Visi no tiem vienm\u0113r ir biju\u0161i ap cilv\u0113ka dabu, m\u0101kslu, kult\u016bru un rokdarbiem. Es mekl\u0113ju skaistumu un mani fascin\u0113 eso\u0161\u0101 pasaule. Tas ir tik \u013coti daudzveid\u012bgs un perfekts, ka es vair\u0101k j\u016btos k\u0101 starpnieks, nevis rad\u012bt\u0101js. Viss jau ir rad\u012bts! Es tikai interpret\u0113ju un nor\u0101d\u012bju, es iev\u0113roju. Kr\u0101su konsistence, kontrasti, augu formas, ogu sul\u012bgums, ziedu delikatese.<\/p>\n<p>M\u0101kslas kult\u016bras v\u0113sture vis\u0101 pasaul\u0113 s\u0101kas ar keramiku. Dodoties uz cilv\u0113ces mitolo\u0123isko s\u0101kumu, ir zin\u0101ms, ka pirmie cilv\u0113ki tika izgatavoti no m\u0101la. K\u0101 tad, iz\u0146emot v\u0113lmi izprast pasauli, cilv\u0113ku un m\u0101kslu, ir j\u0101iedzi\u013cin\u0101s m\u0101la dzi\u013c\u0101kaj\u0101 dab\u0101.<\/p>\n<p>Es str\u0101d\u0101ju R\u00e4pin\u0101, kur ir daudz d\u0101rzkop\u012bb\u0101 iesaist\u012btu cilv\u0113ku. Klausoties, k\u0101 vi\u0146i ar sirdi run\u0101 par augiem un audz\u0113 tos, r\u016bp\u0113joties par tiem, es sapratu, ka man mani keramikas priek\u0161meti ir k\u0101 augi. Es radu nepiecie\u0161amos apst\u0101k\u013cus, lai tie notiktu, es par\u016bp\u0113jos par tiem nogatavin\u0101\u0161anas un \u017e\u0101v\u0113\u0161anas proces\u0101. Mitriniet, iz\u017e\u0101v\u0113jiet, cepiet, izl\u012bdziniet.<\/p>\n<p>Es ar\u012b j\u016btos saist\u012bts ar zemi tikpat sp\u0113c\u012bgi k\u0101 st\u0101du audz\u0113t\u0101ji. \u0160is materi\u0101ls, kas miljoniem gadu atrodas zemes garoz\u0101, nes savu pirmatn\u0113jo elpu un prasa cie\u0146u no lietot\u0101ja.<\/p>\n<\/div>\n<\/div>\n<\/div>\n\t\t\t\t\t\t\t\t<\/div>\n\t\t\t\t<\/div>\n\t\t\t\t\t<\/div>\n\t\t<\/div>\n\t\t\t\t\t<\/div>\n\t\t<\/section>\n\t\t\t\t\t<\/div>\n\t\t<\/div>\n\t\t\t\t\t<\/div>\n\t\t<\/section>\n\t\t\t\t<section class=\"elementor-section elementor-top-section elementor-element elementor-element-dc6a4e3 elementor-section-boxed elementor-section-height-default elementor-section-height-default\" data-id=\"dc6a4e3\" data-element_type=\"section\" data-e-type=\"section\" data-settings=\"{&quot;background_background&quot;:&quot;classic&quot;}\">\n\t\t\t\t\t\t<div class=\"elementor-container elementor-column-gap-no\">\n\t\t\t\t\t<div class=\"elementor-column elementor-col-100 elementor-top-column elementor-element elementor-element-0e2a233\" data-id=\"0e2a233\" data-element_type=\"column\" data-e-type=\"column\">\n\t\t\t<div class=\"elementor-widget-wrap elementor-element-populated\">\n\t\t\t\t\t\t<div class=\"elementor-element elementor-element-e9e724a elementor-position-top elementor-widget elementor-widget-image-box\" data-id=\"e9e724a\" data-element_type=\"widget\" data-e-type=\"widget\" data-widget_type=\"image-box.default\">\n\t\t\t\t<div class=\"elementor-widget-container\">\n\t\t\t\t\t<div class=\"elementor-image-box-wrapper\"><figure class=\"elementor-image-box-img\"><img decoding=\"async\" width=\"1600\" height=\"900\" src=\"https:\/\/peipsikaup.ee\/wp-content\/uploads\/2021\/04\/Peipsikaup_keraamik_Helemall-Maask_meistrikojas.jpg\" class=\"attachment-full size-full wp-image-2632\" alt=\"Pepsi keramika kerami\u0137a Helemall Maask darbn\u012bc\u0101\" srcset=\"https:\/\/peipsikaup.ee\/wp-content\/uploads\/2021\/04\/Peipsikaup_keraamik_Helemall-Maask_meistrikojas.jpg 1600w, https:\/\/peipsikaup.ee\/wp-content\/uploads\/2021\/04\/Peipsikaup_keraamik_Helemall-Maask_meistrikojas-300x169.jpg 300w, https:\/\/peipsikaup.ee\/wp-content\/uploads\/2021\/04\/Peipsikaup_keraamik_Helemall-Maask_meistrikojas-1024x576.jpg 1024w, https:\/\/peipsikaup.ee\/wp-content\/uploads\/2021\/04\/Peipsikaup_keraamik_Helemall-Maask_meistrikojas-768x432.jpg 768w, https:\/\/peipsikaup.ee\/wp-content\/uploads\/2021\/04\/Peipsikaup_keraamik_Helemall-Maask_meistrikojas-1536x864.jpg 1536w, https:\/\/peipsikaup.ee\/wp-content\/uploads\/2021\/04\/Peipsikaup_keraamik_Helemall-Maask_meistrikojas-600x338.jpg 600w\" sizes=\"(max-width: 1600px) 100vw, 1600px\" \/><\/figure><\/div>\t\t\t\t<\/div>\n\t\t\t\t<\/div>\n\t\t\t\t<div class=\"elementor-element elementor-element-e075a06 elementor-widget elementor-widget-heading\" data-id=\"e075a06\" data-element_type=\"widget\" data-e-type=\"widget\" data-widget_type=\"heading.default\">\n\t\t\t\t<div class=\"elementor-widget-container\">\n\t\t\t\t\t<h2 class=\"elementor-heading-title elementor-size-default\">K\u0101 lai es to izdaru?<\/h2>\t\t\t\t<\/div>\n\t\t\t\t<\/div>\n\t\t\t\t<div class=\"elementor-element elementor-element-863954d elementor-widget elementor-widget-text-editor\" data-id=\"863954d\" data-element_type=\"widget\" data-e-type=\"widget\" data-widget_type=\"text-editor.default\">\n\t\t\t\t<div class=\"elementor-widget-container\">\n\t\t\t\t\t\t\t\t\t<div class=\"page\" title=\"2. lapa\">\n<div class=\"layoutArea\">\n<div class=\"column\">\n<p>Produktu ra\u017eo\u0161anai izmantoju neatt\u012btu m\u0101la loks\u0146u veido\u0161anas un l\u012bm\u0113\u0161anas pa\u0146\u0113mienus un virpo\u0161anu. Lai izveidotu sare\u017e\u0123\u012bt\u0101kus objektus, da\u017ereiz jums ir j\u0101iesp\u0113jo visas savas prasmes un j\u0101apvieno da\u017e\u0101das metodes.<\/p>\n<p>Kad es saku, ka man nepat\u012bk z\u012bm\u0113t, es bie\u017ei br\u012bnos. Es reti z\u012bm\u0113ju uz pap\u012bra. Varb\u016bt tikai da\u017eas konstrukcijas, iztaisnot\u0101ji &#8211; tehniskie ras\u0113jumi. No otras puses, man pat\u012bk z\u012bm\u0113t un gleznot uz m\u0101la. Manas iecien\u012bt\u0101k\u0101s metodes, ko izmantoju m\u0101la priek\u0161metu dekor\u0113\u0161anai, ir grafiti un angobo kr\u0101so\u0161ana.<\/p>\n<p>Zilas s\u0113rijas graf\u012bta tehnik\u0101: ar augu mot\u012bviem, putniem un ziedu og\u0101m. Grafiti keramik\u0101 uz nesadegu\u0161a m\u0101la priek\u0161meta tiek uzkl\u0101ts pl\u0101ns kontrast\u0113jo\u0161a m\u0101la mais\u012bjuma sl\u0101nis. \u013baujiet nedaudz no\u017e\u016bt un p\u0113c tam iegrav\u0113jiet rakstu uz virsmas. Skr\u0101pjos izn\u0101k apak\u0161\u0113j\u0101 otr\u0101 m\u0101la k\u0101rta. Da\u017ereiz ir pat\u012bkami izmantot tre\u0161o kr\u0101su, lai uzsv\u0113rtu deta\u013cu.<br \/>Daudzkr\u0101saini izstr\u0101d\u0101jumi, piem\u0113ram, kr\u016bzes ar og\u0101m un b\u013codas, ir izgatavoti Angoobpa kr\u0101so\u0161anas tehnik\u0101. Angoob ir \u0161\u0137idrs m\u0101ls, kas ton\u0113ts ar kr\u0101su pigmentiem. Diezgan gua\u0161a l\u012bdz\u012bgs. Ar to j\u016bs varat piln\u012bb\u0101 p\u0101rkl\u0101t un p\u0101rkr\u0101sot objektu, uzz\u012bm\u0113t maz\u0101kas un prec\u012bz\u0101kas formas un att\u0113lus.<br \/>Raksti un formas, kuras glezna st\u0101sta par bag\u0101t\u012bgo silto vasaru, d\u0101rzu, me\u017eu,<br \/>mazliet par mistisko dabu un dabu mums apk\u0101rt.<\/p>\n<p>\u0160os \u0113dienus ir labi izmantot gan m\u0101j\u0101s, gan t\u0113jai un \u0113dienu kl\u0101\u0161anai, gan omul\u012bgos vakaros d\u0101rgu cilv\u0113ku sabiedr\u012bb\u0101, kl\u0101jot liel\u0101ku svin\u012bbu galdu.<br \/>Lai dz\u012bvo dz\u012bve!<\/p>\n<\/div>\n<\/div>\n<\/div>\n\t\t\t\t\t\t\t\t<\/div>\n\t\t\t\t<\/div>\n\t\t\t\t<div class=\"elementor-element elementor-element-f5c8852 elementor-mobile-align-center elementor-align-center elementor-widget elementor-widget-button\" data-id=\"f5c8852\" data-element_type=\"widget\" data-e-type=\"widget\" data-widget_type=\"button.default\">\n\t\t\t\t<div class=\"elementor-widget-container\">\n\t\t\t\t\t\t\t\t\t<div class=\"elementor-button-wrapper\">\n\t\t\t\t\t<a class=\"elementor-button elementor-button-link elementor-size-md\" href=\"https:\/\/peipsikaup.ee\/ru\/product-category\/helemall-maask\/\">\n\t\t\t\t\t\t<span class=\"elementor-button-content-wrapper\">\n\t\t\t\t\t\t\t\t\t<span class=\"elementor-button-text\">mani produkti<\/span>\n\t\t\t\t\t<\/span>\n\t\t\t\t\t<\/a>\n\t\t\t\t<\/div>\n\t\t\t\t\t\t\t\t<\/div>\n\t\t\t\t<\/div>\n\t\t\t\t\t<\/div>\n\t\t<\/div>\n\t\t\t\t\t<\/div>\n\t\t<\/section>\n\t\t\t\t<\/div>","protected":false},"excerpt":{"rendered":"<p>Meistara st\u0101sts Helemall Maask podnieks mani produkti Esmu keramikas skolot\u0101js un amatnieks. Es mudinu gan b\u0113rnus, gan pieaugu\u0161os draudz\u0113ties ar m\u0101lu R\u0101pinas jaunrades nam\u0101. Es gatavoju praktiskus un skaistus p\u0101rtikas piederumus m\u0101j\u0101m, \u012bpa\u0161us priek\u0161metus ar \u012bpa\u0161iem rakstiem un burtiem k\u0101 d\u0101vanas, suven\u012brus uz\u0146\u0113mumiem un pas\u0101kumiem.K\u0101 uz\u0146\u0113m\u0113js str\u0101d\u0101ju kop\u0161 2014. Esmu zi\u0146k\u0101r\u012bgs cilv\u0113ks, t\u0101p\u0113c esmu izm\u0113\u0123in\u0101jis &hellip;<\/p>\n<p class=\"read-more\"> <a class=\"\" href=\"https:\/\/peipsikaup.ee\/ru\/meistari\/helemall-maask\/\"> <span class=\"screen-reader-text\">\u0425\u0435\u043b\u0435\u043c\u0430\u043b\u043b \u041c\u0430\u0430\u0441\u043a<\/span> \u0427\u0438\u0442\u0430\u0442\u044c \u0434\u0430\u043b\u0435\u0435 &raquo;<\/a><\/p>","protected":false},"author":2,"featured_media":0,"parent":4585,"menu_order":0,"comment_status":"closed","ping_status":"closed","template":"","meta":{"site-sidebar-layout":"no-sidebar","site-content-layout":"page-builder","ast-global-header-display":"","ast-main-header-display":"","ast-hfb-above-header-display":"","ast-hfb-below-header-display":"","ast-hfb-mobile-header-display":"","site-post-title":"disabled","ast-breadcrumbs-content":"","ast-featured-img":"disabled","footer-sml-layout":"","theme-transparent-header-meta":"enabled","adv-header-id-meta":"","stick-header-meta":"default","header-above-stick-meta":"","header-main-stick-meta":"","header-below-stick-meta":"","footnotes":""},"class_list":["post-3705","page","type-page","status-publish","hentry"],"yoast_head":"<!-- This site is optimized with the Yoast SEO plugin v27.2 - https:\/\/yoast.com\/product\/yoast-seo-wordpress\/ -->\n<title>Helemall Maask - Peipsi kaup<\/title>\n<meta name=\"robots\" content=\"index, follow, max-snippet:-1, max-image-preview:large, max-video-preview:-1\" \/>\n<link rel=\"canonical\" href=\"https:\/\/peipsikaup.ee\/ru\/meistari\/helemall-maask\/?lang=lv\" \/>\n<meta property=\"og:locale\" content=\"ru_RU\" \/>\n<meta property=\"og:type\" content=\"article\" \/>\n<meta property=\"og:title\" content=\"Helemall Maask - Peipsi kaup\" \/>\n<meta property=\"og:description\" content=\"Meistara st\u0101sts Helemall Maask podnieks mani produkti Esmu keramikas skolot\u0101js un amatnieks. Es mudinu gan b\u0113rnus, gan pieaugu\u0161os draudz\u0113ties ar m\u0101lu R\u0101pinas jaunrades nam\u0101. Es gatavoju praktiskus un skaistus p\u0101rtikas piederumus m\u0101j\u0101m, \u012bpa\u0161us priek\u0161metus ar \u012bpa\u0161iem rakstiem un burtiem k\u0101 d\u0101vanas, suven\u012brus uz\u0146\u0113mumiem un pas\u0101kumiem.K\u0101 uz\u0146\u0113m\u0113js str\u0101d\u0101ju kop\u0161 2014. Esmu zi\u0146k\u0101r\u012bgs cilv\u0113ks, t\u0101p\u0113c esmu izm\u0113\u0123in\u0101jis &hellip; Helemall Maask \u0427\u0438\u0442\u0430\u0442\u044c \u0434\u0430\u043b\u0435\u0435 &raquo;\" \/>\n<meta property=\"og:url\" content=\"https:\/\/peipsikaup.ee\/ru\/meistari\/helemall-maask\/?lang=lv\" \/>\n<meta property=\"og:site_name\" content=\"Peipsi kaup\" \/>\n<meta property=\"article:modified_time\" content=\"2021-09-25T15:06:32+00:00\" \/>\n<meta property=\"og:image\" content=\"https:\/\/peipsikaup.ee\/wp-content\/uploads\/2021\/04\/Peipsikaup_meister-keraamik_Helemall-Maask.jpg\" \/>\n<meta name=\"twitter:card\" content=\"summary_large_image\" \/>\n<meta name=\"twitter:label1\" content=\"\u041f\u0440\u0438\u043c\u0435\u0440\u043d\u043e\u0435 \u0432\u0440\u0435\u043c\u044f \u0434\u043b\u044f \u0447\u0442\u0435\u043d\u0438\u044f\" \/>\n\t<meta name=\"twitter:data1\" content=\"3 \u043c\u0438\u043d\u0443\u0442\u044b\" \/>\n<script type=\"application\/ld+json\" class=\"yoast-schema-graph\">{\"@context\":\"https:\/\/schema.org\",\"@graph\":[{\"@type\":\"WebPage\",\"@id\":\"https:\/\/peipsikaup.ee\/meistari\/helemall-maask\/?lang=lv\",\"url\":\"https:\/\/peipsikaup.ee\/meistari\/helemall-maask\/?lang=lv\",\"name\":\"Helemall Maask - Peipsi kaup\",\"isPartOf\":{\"@id\":\"https:\/\/peipsikaup.ee\/#website\"},\"primaryImageOfPage\":{\"@id\":\"https:\/\/peipsikaup.ee\/meistari\/helemall-maask\/?lang=lv#primaryimage\"},\"image\":{\"@id\":\"https:\/\/peipsikaup.ee\/meistari\/helemall-maask\/?lang=lv#primaryimage\"},\"thumbnailUrl\":\"https:\/\/peipsikaup.ee\/wp-content\/uploads\/2021\/04\/Peipsikaup_meister-keraamik_Helemall-Maask.jpg\",\"datePublished\":\"2021-09-25T15:06:27+00:00\",\"dateModified\":\"2021-09-25T15:06:32+00:00\",\"breadcrumb\":{\"@id\":\"https:\/\/peipsikaup.ee\/meistari\/helemall-maask\/?lang=lv#breadcrumb\"},\"inLanguage\":\"ru-RU\",\"potentialAction\":[{\"@type\":\"ReadAction\",\"target\":[\"https:\/\/peipsikaup.ee\/meistari\/helemall-maask\/?lang=lv\"]}]},{\"@type\":\"ImageObject\",\"inLanguage\":\"ru-RU\",\"@id\":\"https:\/\/peipsikaup.ee\/meistari\/helemall-maask\/?lang=lv#primaryimage\",\"url\":\"https:\/\/peipsikaup.ee\/wp-content\/uploads\/2021\/04\/Peipsikaup_meister-keraamik_Helemall-Maask.jpg\",\"contentUrl\":\"https:\/\/peipsikaup.ee\/wp-content\/uploads\/2021\/04\/Peipsikaup_meister-keraamik_Helemall-Maask.jpg\"},{\"@type\":\"BreadcrumbList\",\"@id\":\"https:\/\/peipsikaup.ee\/meistari\/helemall-maask\/?lang=lv#breadcrumb\",\"itemListElement\":[{\"@type\":\"ListItem\",\"position\":1,\"name\":\"Home\",\"item\":\"https:\/\/peipsikaup.ee\/\"},{\"@type\":\"ListItem\",\"position\":2,\"name\":\"Meistari\",\"item\":\"https:\/\/peipsikaup.ee\/meistari\/?lang=lv\"},{\"@type\":\"ListItem\",\"position\":3,\"name\":\"Helemall Maask\"}]},{\"@type\":\"WebSite\",\"@id\":\"https:\/\/peipsikaup.ee\/#website\",\"url\":\"https:\/\/peipsikaup.ee\/\",\"name\":\"Peipsi kaup\",\"description\":\"eheda ja isikup\u00e4rase k\u00e4sit\u00f6\u00f6 veebipood\",\"publisher\":{\"@id\":\"https:\/\/peipsikaup.ee\/#organization\"},\"potentialAction\":[{\"@type\":\"SearchAction\",\"target\":{\"@type\":\"EntryPoint\",\"urlTemplate\":\"https:\/\/peipsikaup.ee\/?s={search_term_string}\"},\"query-input\":{\"@type\":\"PropertyValueSpecification\",\"valueRequired\":true,\"valueName\":\"search_term_string\"}}],\"inLanguage\":\"ru-RU\"},{\"@type\":\"Organization\",\"@id\":\"https:\/\/peipsikaup.ee\/#organization\",\"name\":\"Peipsi kaup\",\"url\":\"https:\/\/peipsikaup.ee\/\",\"logo\":{\"@type\":\"ImageObject\",\"inLanguage\":\"ru-RU\",\"@id\":\"https:\/\/peipsikaup.ee\/#\/schema\/logo\/image\/\",\"url\":\"https:\/\/peipsikaup.ee\/wp-content\/uploads\/2022\/01\/cropped-Peipsikaup-loho-pisike.png\",\"contentUrl\":\"https:\/\/peipsikaup.ee\/wp-content\/uploads\/2022\/01\/cropped-Peipsikaup-loho-pisike.png\",\"width\":180,\"height\":60,\"caption\":\"Peipsi kaup\"},\"image\":{\"@id\":\"https:\/\/peipsikaup.ee\/#\/schema\/logo\/image\/\"}}]}<\/script>\n<!-- \/ Yoast SEO plugin. -->","yoast_head_json":{"title":"Helemall Maask - Peipsi kaup","robots":{"index":"index","follow":"follow","max-snippet":"max-snippet:-1","max-image-preview":"max-image-preview:large","max-video-preview":"max-video-preview:-1"},"canonical":"https:\/\/peipsikaup.ee\/ru\/meistari\/helemall-maask\/?lang=lv","og_locale":"ru_RU","og_type":"article","og_title":"Helemall Maask - Peipsi kaup","og_description":"Meistara st\u0101sts Helemall Maask podnieks mani produkti Esmu keramikas skolot\u0101js un amatnieks. Es mudinu gan b\u0113rnus, gan pieaugu\u0161os draudz\u0113ties ar m\u0101lu R\u0101pinas jaunrades nam\u0101. Es gatavoju praktiskus un skaistus p\u0101rtikas piederumus m\u0101j\u0101m, \u012bpa\u0161us priek\u0161metus ar \u012bpa\u0161iem rakstiem un burtiem k\u0101 d\u0101vanas, suven\u012brus uz\u0146\u0113mumiem un pas\u0101kumiem.K\u0101 uz\u0146\u0113m\u0113js str\u0101d\u0101ju kop\u0161 2014. Esmu zi\u0146k\u0101r\u012bgs cilv\u0113ks, t\u0101p\u0113c esmu izm\u0113\u0123in\u0101jis &hellip; Helemall Maask \u0427\u0438\u0442\u0430\u0442\u044c \u0434\u0430\u043b\u0435\u0435 &raquo;","og_url":"https:\/\/peipsikaup.ee\/ru\/meistari\/helemall-maask\/?lang=lv","og_site_name":"Peipsi kaup","article_modified_time":"2021-09-25T15:06:32+00:00","og_image":[{"url":"https:\/\/peipsikaup.ee\/wp-content\/uploads\/2021\/04\/Peipsikaup_meister-keraamik_Helemall-Maask.jpg","type":"","width":"","height":""}],"twitter_card":"summary_large_image","twitter_misc":{"\u041f\u0440\u0438\u043c\u0435\u0440\u043d\u043e\u0435 \u0432\u0440\u0435\u043c\u044f \u0434\u043b\u044f \u0447\u0442\u0435\u043d\u0438\u044f":"3 \u043c\u0438\u043d\u0443\u0442\u044b"},"schema":{"@context":"https:\/\/schema.org","@graph":[{"@type":"WebPage","@id":"https:\/\/peipsikaup.ee\/meistari\/helemall-maask\/?lang=lv","url":"https:\/\/peipsikaup.ee\/meistari\/helemall-maask\/?lang=lv","name":"Helemall Maask - Peipsi kaup","isPartOf":{"@id":"https:\/\/peipsikaup.ee\/#website"},"primaryImageOfPage":{"@id":"https:\/\/peipsikaup.ee\/meistari\/helemall-maask\/?lang=lv#primaryimage"},"image":{"@id":"https:\/\/peipsikaup.ee\/meistari\/helemall-maask\/?lang=lv#primaryimage"},"thumbnailUrl":"https:\/\/peipsikaup.ee\/wp-content\/uploads\/2021\/04\/Peipsikaup_meister-keraamik_Helemall-Maask.jpg","datePublished":"2021-09-25T15:06:27+00:00","dateModified":"2021-09-25T15:06:32+00:00","breadcrumb":{"@id":"https:\/\/peipsikaup.ee\/meistari\/helemall-maask\/?lang=lv#breadcrumb"},"inLanguage":"ru-RU","potentialAction":[{"@type":"ReadAction","target":["https:\/\/peipsikaup.ee\/meistari\/helemall-maask\/?lang=lv"]}]},{"@type":"ImageObject","inLanguage":"ru-RU","@id":"https:\/\/peipsikaup.ee\/meistari\/helemall-maask\/?lang=lv#primaryimage","url":"https:\/\/peipsikaup.ee\/wp-content\/uploads\/2021\/04\/Peipsikaup_meister-keraamik_Helemall-Maask.jpg","contentUrl":"https:\/\/peipsikaup.ee\/wp-content\/uploads\/2021\/04\/Peipsikaup_meister-keraamik_Helemall-Maask.jpg"},{"@type":"BreadcrumbList","@id":"https:\/\/peipsikaup.ee\/meistari\/helemall-maask\/?lang=lv#breadcrumb","itemListElement":[{"@type":"ListItem","position":1,"name":"Home","item":"https:\/\/peipsikaup.ee\/"},{"@type":"ListItem","position":2,"name":"Meistari","item":"https:\/\/peipsikaup.ee\/meistari\/?lang=lv"},{"@type":"ListItem","position":3,"name":"Helemall Maask"}]},{"@type":"WebSite","@id":"https:\/\/peipsikaup.ee\/#website","url":"https:\/\/peipsikaup.ee\/","name":"\u0422\u043e\u0440\u0433\u043e\u0432\u043b\u044f \u043d\u0430 \u0427\u0443\u0434\u0441\u043a\u043e\u043c \u043e\u0441\u0442\u0440\u043e\u0432\u0435","description":"eheda ja isikup\u00e4rase k\u00e4sit\u00f6\u00f6 veebipood","publisher":{"@id":"https:\/\/peipsikaup.ee\/#organization"},"potentialAction":[{"@type":"SearchAction","target":{"@type":"EntryPoint","urlTemplate":"https:\/\/peipsikaup.ee\/?s={search_term_string}"},"query-input":{"@type":"PropertyValueSpecification","valueRequired":true,"valueName":"search_term_string"}}],"inLanguage":"ru-RU"},{"@type":"Organization","@id":"https:\/\/peipsikaup.ee\/#organization","name":"\u0422\u043e\u0440\u0433\u043e\u0432\u043b\u044f \u043d\u0430 \u0427\u0443\u0434\u0441\u043a\u043e\u043c \u043e\u0441\u0442\u0440\u043e\u0432\u0435","url":"https:\/\/peipsikaup.ee\/","logo":{"@type":"ImageObject","inLanguage":"ru-RU","@id":"https:\/\/peipsikaup.ee\/#\/schema\/logo\/image\/","url":"https:\/\/peipsikaup.ee\/wp-content\/uploads\/2022\/01\/cropped-Peipsikaup-loho-pisike.png","contentUrl":"https:\/\/peipsikaup.ee\/wp-content\/uploads\/2022\/01\/cropped-Peipsikaup-loho-pisike.png","width":180,"height":60,"caption":"Peipsi kaup"},"image":{"@id":"https:\/\/peipsikaup.ee\/#\/schema\/logo\/image\/"}}]}},"_links":{"self":[{"href":"https:\/\/peipsikaup.ee\/ru\/wp-json\/wp\/v2\/pages\/3705","targetHints":{"allow":["GET"]}}],"collection":[{"href":"https:\/\/peipsikaup.ee\/ru\/wp-json\/wp\/v2\/pages"}],"about":[{"href":"https:\/\/peipsikaup.ee\/ru\/wp-json\/wp\/v2\/types\/page"}],"author":[{"embeddable":true,"href":"https:\/\/peipsikaup.ee\/ru\/wp-json\/wp\/v2\/users\/2"}],"replies":[{"embeddable":true,"href":"https:\/\/peipsikaup.ee\/ru\/wp-json\/wp\/v2\/comments?post=3705"}],"version-history":[{"count":0,"href":"https:\/\/peipsikaup.ee\/ru\/wp-json\/wp\/v2\/pages\/3705\/revisions"}],"up":[{"embeddable":true,"href":"https:\/\/peipsikaup.ee\/ru\/wp-json\/wp\/v2\/pages\/4585"}],"wp:attachment":[{"href":"https:\/\/peipsikaup.ee\/ru\/wp-json\/wp\/v2\/media?parent=3705"}],"curies":[{"name":"wp","href":"https:\/\/api.w.org\/{rel}","templated":true}]}}