{"id":3703,"date":"2021-09-25T15:06:11","date_gmt":"2021-09-25T15:06:11","guid":{"rendered":"https:\/\/peipsikaup.ee\/helemall-maask\/"},"modified":"2021-09-30T21:39:00","modified_gmt":"2021-09-30T21:39:00","slug":"helemall-maask","status":"publish","type":"page","link":"https:\/\/peipsikaup.ee\/ru\/masters\/helemall-maask\/","title":{"rendered":"\u0425\u0435\u043b\u0435\u043c\u0430\u043b\u043b \u041c\u0430\u0430\u0441\u043a"},"content":{"rendered":"<div data-elementor-type=\"wp-post\" data-elementor-id=\"3703\" class=\"elementor elementor-3703\">\n\t\t\t\t\t\t<section class=\"elementor-section elementor-top-section elementor-element elementor-element-6ccdc95 elementor-section-content-middle elementor-section-boxed elementor-section-height-default elementor-section-height-default\" data-id=\"6ccdc95\" data-element_type=\"section\" data-e-type=\"section\" data-settings=\"{&quot;background_background&quot;:&quot;classic&quot;}\">\n\t\t\t\t\t\t\t<div class=\"elementor-background-overlay\"><\/div>\n\t\t\t\t\t\t\t<div class=\"elementor-container elementor-column-gap-no\">\n\t\t\t\t\t<div class=\"elementor-column elementor-col-100 elementor-top-column elementor-element elementor-element-4f6adc0\" data-id=\"4f6adc0\" data-element_type=\"column\" data-e-type=\"column\" data-settings=\"{&quot;background_background&quot;:&quot;classic&quot;}\">\n\t\t\t<div class=\"elementor-widget-wrap elementor-element-populated\">\n\t\t\t\t\t\t<div class=\"elementor-element elementor-element-179c706 elementor-widget elementor-widget-heading\" data-id=\"179c706\" data-element_type=\"widget\" data-e-type=\"widget\" data-widget_type=\"heading.default\">\n\t\t\t\t<div class=\"elementor-widget-container\">\n\t\t\t\t\t<h1 class=\"elementor-heading-title elementor-size-default\">Master's story<\/h1>\t\t\t\t<\/div>\n\t\t\t\t<\/div>\n\t\t\t\t\t<\/div>\n\t\t<\/div>\n\t\t\t\t\t<\/div>\n\t\t<\/section>\n\t\t\t\t<section class=\"elementor-section elementor-top-section elementor-element elementor-element-6ec1e06 elementor-section-boxed elementor-section-height-default elementor-section-height-default\" data-id=\"6ec1e06\" data-element_type=\"section\" data-e-type=\"section\">\n\t\t\t\t\t\t<div class=\"elementor-container elementor-column-gap-default\">\n\t\t\t\t\t<div class=\"elementor-column elementor-col-100 elementor-top-column elementor-element elementor-element-e23d401\" data-id=\"e23d401\" data-element_type=\"column\" data-e-type=\"column\">\n\t\t\t<div class=\"elementor-widget-wrap elementor-element-populated\">\n\t\t\t\t\t\t<section class=\"elementor-section elementor-inner-section elementor-element elementor-element-e51aece elementor-section-boxed elementor-section-height-default elementor-section-height-default\" data-id=\"e51aece\" data-element_type=\"section\" data-e-type=\"section\">\n\t\t\t\t\t\t<div class=\"elementor-container elementor-column-gap-no\">\n\t\t\t\t\t<div class=\"elementor-column elementor-col-33 elementor-inner-column elementor-element elementor-element-3c3eb1f\" data-id=\"3c3eb1f\" data-element_type=\"column\" data-e-type=\"column\">\n\t\t\t<div class=\"elementor-widget-wrap elementor-element-populated\">\n\t\t\t\t\t\t<div class=\"elementor-element elementor-element-334895d elementor-position-top elementor-widget elementor-widget-image-box\" data-id=\"334895d\" data-element_type=\"widget\" data-e-type=\"widget\" data-widget_type=\"image-box.default\">\n\t\t\t\t<div class=\"elementor-widget-container\">\n\t\t\t\t\t<div class=\"elementor-image-box-wrapper\"><figure class=\"elementor-image-box-img\"><img fetchpriority=\"high\" decoding=\"async\" width=\"900\" height=\"1600\" src=\"https:\/\/peipsikaup.ee\/wp-content\/uploads\/2021\/04\/Peipsikaup_meister-keraamik_Helemall-Maask.jpg\" class=\"attachment-full size-full wp-image-2634\" alt=\"Pepsi ceramics Helemall Maask\" srcset=\"https:\/\/peipsikaup.ee\/wp-content\/uploads\/2021\/04\/Peipsikaup_meister-keraamik_Helemall-Maask.jpg 900w, https:\/\/peipsikaup.ee\/wp-content\/uploads\/2021\/04\/Peipsikaup_meister-keraamik_Helemall-Maask-169x300.jpg 169w, https:\/\/peipsikaup.ee\/wp-content\/uploads\/2021\/04\/Peipsikaup_meister-keraamik_Helemall-Maask-576x1024.jpg 576w, https:\/\/peipsikaup.ee\/wp-content\/uploads\/2021\/04\/Peipsikaup_meister-keraamik_Helemall-Maask-768x1365.jpg 768w, https:\/\/peipsikaup.ee\/wp-content\/uploads\/2021\/04\/Peipsikaup_meister-keraamik_Helemall-Maask-864x1536.jpg 864w, https:\/\/peipsikaup.ee\/wp-content\/uploads\/2021\/04\/Peipsikaup_meister-keraamik_Helemall-Maask-600x1067.jpg 600w\" sizes=\"(max-width: 900px) 100vw, 900px\" \/><\/figure><div class=\"elementor-image-box-content\"><h3 class=\"elementor-image-box-title\">\u0425\u0435\u043b\u0435\u043c\u0430\u043b\u043b \u041c\u0430\u0430\u0441\u043a<\/h3><p class=\"elementor-image-box-description\">ceramisist<\/p><\/div><\/div>\t\t\t\t<\/div>\n\t\t\t\t<\/div>\n\t\t\t\t<div class=\"elementor-element elementor-element-c16bc65 elementor-mobile-align-center elementor-align-center elementor-widget elementor-widget-button\" data-id=\"c16bc65\" data-element_type=\"widget\" data-e-type=\"widget\" data-widget_type=\"button.default\">\n\t\t\t\t<div class=\"elementor-widget-container\">\n\t\t\t\t\t\t\t\t\t<div class=\"elementor-button-wrapper\">\n\t\t\t\t\t<a class=\"elementor-button elementor-button-link elementor-size-md\" href=\"https:\/\/peipsikaup.ee\/ru\/product-category\/helemall-maask-products\/?lang=en\">\n\t\t\t\t\t\t<span class=\"elementor-button-content-wrapper\">\n\t\t\t\t\t\t\t\t\t<span class=\"elementor-button-text\">my products<\/span>\n\t\t\t\t\t<\/span>\n\t\t\t\t\t<\/a>\n\t\t\t\t<\/div>\n\t\t\t\t\t\t\t\t<\/div>\n\t\t\t\t<\/div>\n\t\t\t\t\t<\/div>\n\t\t<\/div>\n\t\t\t\t<div class=\"elementor-column elementor-col-66 elementor-inner-column elementor-element elementor-element-1e69e34\" data-id=\"1e69e34\" data-element_type=\"column\" data-e-type=\"column\">\n\t\t\t<div class=\"elementor-widget-wrap elementor-element-populated\">\n\t\t\t\t\t\t<div class=\"elementor-element elementor-element-217c6ee elementor-widget elementor-widget-text-editor\" data-id=\"217c6ee\" data-element_type=\"widget\" data-e-type=\"widget\" data-widget_type=\"text-editor.default\">\n\t\t\t\t<div class=\"elementor-widget-container\">\n\t\t\t\t\t\t\t\t\t<div class=\"page\" title=\"Page 1\">\n<div class=\"layoutArea\">\n<div class=\"column\">\n<p>I am a pottery teacher and craftsman. I encourage both children and adults to become friends with clay in R\u00e4pina Creative House. I make practical and beautiful food utensils for homes, special items with special patterns and personal messages as gifts, souvenirs for companies and events.<br \/>I have been operating as an entrepreneur since 2014.<\/p>\n<p>I am a curious person and therefore I have tried different professions, sciences and activities. All of them have always revolved around human nature, art, culture and handicrafts. I am looking for beauty and I am fascinated by the existing world. It is so vastly diverse and perfect that I feel more like a mediator than a creator. Everything is already created! I just interpret and point out, I notice. Consistency of colors, contrasts, plant forms, juiciness of berries, delicacy of flowers.<\/p>\n<p>The history of art culture throughout the world begins with ceramics. Going to the mythological beginning of humanity, it is known that the first human beings were made of clay. How then, other than to want to understand the world, man and art, one must dive into the deeper nature of clay.<\/p>\n<p>I operate in R\u00e4pina, where there are many people involved in gardening. Listening to them talking with heart about plants and growing them, taking care of them, I realized that for me, my ceramic objects are like plants. I create the necessary conditions for them to occur, I take care of them in the process of ripening and drying. Moisten, dry, bake, smooth.<\/p>\n<p>I also feel connected to the land as strongly as plant growers. This material, which has been in the earth&#8217;s crust for millions of years, carries its primordial breath and demands respect from the user.<\/p>\n<\/div>\n<\/div>\n<\/div>\n\t\t\t\t\t\t\t\t<\/div>\n\t\t\t\t<\/div>\n\t\t\t\t\t<\/div>\n\t\t<\/div>\n\t\t\t\t\t<\/div>\n\t\t<\/section>\n\t\t\t\t\t<\/div>\n\t\t<\/div>\n\t\t\t\t\t<\/div>\n\t\t<\/section>\n\t\t\t\t<section class=\"elementor-section elementor-top-section elementor-element elementor-element-dc6a4e3 elementor-section-boxed elementor-section-height-default elementor-section-height-default\" data-id=\"dc6a4e3\" data-element_type=\"section\" data-e-type=\"section\" data-settings=\"{&quot;background_background&quot;:&quot;classic&quot;}\">\n\t\t\t\t\t\t<div class=\"elementor-container elementor-column-gap-no\">\n\t\t\t\t\t<div class=\"elementor-column elementor-col-100 elementor-top-column elementor-element elementor-element-0e2a233\" data-id=\"0e2a233\" data-element_type=\"column\" data-e-type=\"column\">\n\t\t\t<div class=\"elementor-widget-wrap elementor-element-populated\">\n\t\t\t\t\t\t<div class=\"elementor-element elementor-element-e9e724a elementor-position-top elementor-widget elementor-widget-image-box\" data-id=\"e9e724a\" data-element_type=\"widget\" data-e-type=\"widget\" data-widget_type=\"image-box.default\">\n\t\t\t\t<div class=\"elementor-widget-container\">\n\t\t\t\t\t<div class=\"elementor-image-box-wrapper\"><figure class=\"elementor-image-box-img\"><img decoding=\"async\" width=\"1600\" height=\"900\" src=\"https:\/\/peipsikaup.ee\/wp-content\/uploads\/2021\/04\/Peipsikaup_keraamik_Helemall-Maask_meistrikojas.jpg\" class=\"attachment-full size-full wp-image-2631\" alt=\"Peipuscraft ceramicist Helemall Maask in the studio\" srcset=\"https:\/\/peipsikaup.ee\/wp-content\/uploads\/2021\/04\/Peipsikaup_keraamik_Helemall-Maask_meistrikojas.jpg 1600w, https:\/\/peipsikaup.ee\/wp-content\/uploads\/2021\/04\/Peipsikaup_keraamik_Helemall-Maask_meistrikojas-300x169.jpg 300w, https:\/\/peipsikaup.ee\/wp-content\/uploads\/2021\/04\/Peipsikaup_keraamik_Helemall-Maask_meistrikojas-1024x576.jpg 1024w, https:\/\/peipsikaup.ee\/wp-content\/uploads\/2021\/04\/Peipsikaup_keraamik_Helemall-Maask_meistrikojas-768x432.jpg 768w, https:\/\/peipsikaup.ee\/wp-content\/uploads\/2021\/04\/Peipsikaup_keraamik_Helemall-Maask_meistrikojas-1536x864.jpg 1536w, https:\/\/peipsikaup.ee\/wp-content\/uploads\/2021\/04\/Peipsikaup_keraamik_Helemall-Maask_meistrikojas-600x338.jpg 600w\" sizes=\"(max-width: 1600px) 100vw, 1600px\" \/><\/figure><\/div>\t\t\t\t<\/div>\n\t\t\t\t<\/div>\n\t\t\t\t<div class=\"elementor-element elementor-element-e075a06 elementor-widget elementor-widget-heading\" data-id=\"e075a06\" data-element_type=\"widget\" data-e-type=\"widget\" data-widget_type=\"heading.default\">\n\t\t\t\t<div class=\"elementor-widget-container\">\n\t\t\t\t\t<h2 class=\"elementor-heading-title elementor-size-default\">How do I do that?<\/h2>\t\t\t\t<\/div>\n\t\t\t\t<\/div>\n\t\t\t\t<div class=\"elementor-element elementor-element-863954d elementor-widget elementor-widget-text-editor\" data-id=\"863954d\" data-element_type=\"widget\" data-e-type=\"widget\" data-widget_type=\"text-editor.default\">\n\t\t\t\t<div class=\"elementor-widget-container\">\n\t\t\t\t\t\t\t\t\t<div class=\"page\" title=\"Page 2\">\n<div class=\"layoutArea\">\n<div class=\"column\">\n<p>For the production I use the techniques of forming and gluing and turning from unwound clay sheets. To make more complex objects, you sometimes have to put all your skills into play and combine different techniques.<\/p>\n<p>When I say I don&#8217;t like to draw, people are often amazed. I rarely draw on paper. Maybe just some structures, straighteners &#8211; technical drawings. On the other hand, I like to draw and paint on clay. My favorite techniques I use to decorate clay items are sgraffito and angob painting.<\/p>\n<p>Blue series in sgraffito technique: with plant motifs, birds and flower-berries. Sgraffito in ceramics means that a thin layer of a contrasting clay mixture is applied to an unburned clay object. Allow to dry slightly and then engrave a pattern on the surface. The lower-second layer of clay comes out in the scrapers. Sometimes it&#8217;s nice to use a third color to emphasize a detail.<br \/>Multi-colored products, such as cups with berries and bowls, are made in the angob painting technique. Angob is a liquid clay tinted with color pigments. Quite gouache-like. With it, you can completely cover and repaint the object, draw smaller and more precise shapes and pictures.<br \/>The patterns and shapes that the painting tells the stories of the abundant warm summer, garden, forest,<br \/>a little about the mystical nature and the nature around us.<\/p>\n<p>It is good to use these dishes both at home and for tea and setting meals, and on cozy evenings in the company of dear people, covering a larger party table.<br \/>Long live life!<\/p>\n<\/div>\n<\/div>\n<\/div>\n\t\t\t\t\t\t\t\t<\/div>\n\t\t\t\t<\/div>\n\t\t\t\t<div class=\"elementor-element elementor-element-f5c8852 elementor-mobile-align-center elementor-align-center elementor-widget elementor-widget-button\" data-id=\"f5c8852\" data-element_type=\"widget\" data-e-type=\"widget\" data-widget_type=\"button.default\">\n\t\t\t\t<div class=\"elementor-widget-container\">\n\t\t\t\t\t\t\t\t\t<div class=\"elementor-button-wrapper\">\n\t\t\t\t\t<a class=\"elementor-button elementor-button-link elementor-size-md\" href=\"https:\/\/peipsikaup.ee\/ru\/product-category\/helemall-maask-products\/?lang=en\">\n\t\t\t\t\t\t<span class=\"elementor-button-content-wrapper\">\n\t\t\t\t\t\t\t\t\t<span class=\"elementor-button-text\">my products<\/span>\n\t\t\t\t\t<\/span>\n\t\t\t\t\t<\/a>\n\t\t\t\t<\/div>\n\t\t\t\t\t\t\t\t<\/div>\n\t\t\t\t<\/div>\n\t\t\t\t\t<\/div>\n\t\t<\/div>\n\t\t\t\t\t<\/div>\n\t\t<\/section>\n\t\t\t\t<\/div>","protected":false},"excerpt":{"rendered":"<p>Master&#8217;s story Helemall Maask ceramisist my products I am a pottery teacher and craftsman. I encourage both children and adults to become friends with clay in R\u00e4pina Creative House. I make practical and beautiful food utensils for homes, special items with special patterns and personal messages as gifts, souvenirs for companies and events.I have been &hellip;<\/p>\n<p class=\"read-more\"> <a class=\"\" href=\"https:\/\/peipsikaup.ee\/ru\/masters\/helemall-maask\/\"> <span class=\"screen-reader-text\">\u0425\u0435\u043b\u0435\u043c\u0430\u043b\u043b \u041c\u0430\u0430\u0441\u043a<\/span> \u0427\u0438\u0442\u0430\u0442\u044c \u0434\u0430\u043b\u0435\u0435 &raquo;<\/a><\/p>","protected":false},"author":2,"featured_media":0,"parent":4581,"menu_order":0,"comment_status":"closed","ping_status":"closed","template":"","meta":{"site-sidebar-layout":"no-sidebar","site-content-layout":"page-builder","ast-global-header-display":"","ast-main-header-display":"","ast-hfb-above-header-display":"","ast-hfb-below-header-display":"","ast-hfb-mobile-header-display":"","site-post-title":"disabled","ast-breadcrumbs-content":"","ast-featured-img":"disabled","footer-sml-layout":"","theme-transparent-header-meta":"enabled","adv-header-id-meta":"","stick-header-meta":"default","header-above-stick-meta":"","header-main-stick-meta":"","header-below-stick-meta":"","footnotes":""},"class_list":["post-3703","page","type-page","status-publish","hentry"],"yoast_head":"<!-- This site is optimized with the Yoast SEO plugin v27.2 - https:\/\/yoast.com\/product\/yoast-seo-wordpress\/ -->\n<title>Helemall Maask - Peipsi kaup<\/title>\n<meta name=\"robots\" content=\"index, follow, max-snippet:-1, max-image-preview:large, max-video-preview:-1\" \/>\n<link rel=\"canonical\" href=\"https:\/\/peipsikaup.ee\/ru\/masters__trashed\/helemall-maask\/\" \/>\n<meta property=\"og:locale\" content=\"ru_RU\" \/>\n<meta property=\"og:type\" content=\"article\" \/>\n<meta property=\"og:title\" content=\"Helemall Maask - Peipsi kaup\" \/>\n<meta property=\"og:description\" content=\"Master&#8217;s story Helemall Maask ceramisist my products I am a pottery teacher and craftsman. I encourage both children and adults to become friends with clay in R\u00e4pina Creative House. I make practical and beautiful food utensils for homes, special items with special patterns and personal messages as gifts, souvenirs for companies and events.I have been &hellip; Helemall Maask \u0427\u0438\u0442\u0430\u0442\u044c \u0434\u0430\u043b\u0435\u0435 &raquo;\" \/>\n<meta property=\"og:url\" content=\"https:\/\/peipsikaup.ee\/ru\/masters__trashed\/helemall-maask\/\" \/>\n<meta property=\"og:site_name\" content=\"Peipsi kaup\" \/>\n<meta property=\"article:modified_time\" content=\"2021-09-30T21:39:00+00:00\" \/>\n<meta property=\"og:image\" content=\"https:\/\/peipsikaup.ee\/wp-content\/uploads\/2021\/04\/Peipsikaup_meister-keraamik_Helemall-Maask.jpg\" \/>\n<meta name=\"twitter:card\" content=\"summary_large_image\" \/>\n<meta name=\"twitter:label1\" content=\"\u041f\u0440\u0438\u043c\u0435\u0440\u043d\u043e\u0435 \u0432\u0440\u0435\u043c\u044f \u0434\u043b\u044f \u0447\u0442\u0435\u043d\u0438\u044f\" \/>\n\t<meta name=\"twitter:data1\" content=\"3 \u043c\u0438\u043d\u0443\u0442\u044b\" \/>\n<script type=\"application\/ld+json\" class=\"yoast-schema-graph\">{\"@context\":\"https:\/\/schema.org\",\"@graph\":[{\"@type\":\"WebPage\",\"@id\":\"https:\/\/peipsikaup.ee\/masters__trashed\/helemall-maask\/\",\"url\":\"https:\/\/peipsikaup.ee\/masters__trashed\/helemall-maask\/\",\"name\":\"Helemall Maask - Peipsi kaup\",\"isPartOf\":{\"@id\":\"https:\/\/peipsikaup.ee\/#website\"},\"primaryImageOfPage\":{\"@id\":\"https:\/\/peipsikaup.ee\/masters__trashed\/helemall-maask\/#primaryimage\"},\"image\":{\"@id\":\"https:\/\/peipsikaup.ee\/masters__trashed\/helemall-maask\/#primaryimage\"},\"thumbnailUrl\":\"https:\/\/peipsikaup.ee\/wp-content\/uploads\/2021\/04\/Peipsikaup_meister-keraamik_Helemall-Maask.jpg\",\"datePublished\":\"2021-09-25T15:06:11+00:00\",\"dateModified\":\"2021-09-30T21:39:00+00:00\",\"breadcrumb\":{\"@id\":\"https:\/\/peipsikaup.ee\/masters__trashed\/helemall-maask\/#breadcrumb\"},\"inLanguage\":\"ru-RU\",\"potentialAction\":[{\"@type\":\"ReadAction\",\"target\":[\"https:\/\/peipsikaup.ee\/masters__trashed\/helemall-maask\/\"]}]},{\"@type\":\"ImageObject\",\"inLanguage\":\"ru-RU\",\"@id\":\"https:\/\/peipsikaup.ee\/masters__trashed\/helemall-maask\/#primaryimage\",\"url\":\"https:\/\/peipsikaup.ee\/wp-content\/uploads\/2021\/04\/Peipsikaup_meister-keraamik_Helemall-Maask.jpg\",\"contentUrl\":\"https:\/\/peipsikaup.ee\/wp-content\/uploads\/2021\/04\/Peipsikaup_meister-keraamik_Helemall-Maask.jpg\"},{\"@type\":\"BreadcrumbList\",\"@id\":\"https:\/\/peipsikaup.ee\/masters__trashed\/helemall-maask\/#breadcrumb\",\"itemListElement\":[{\"@type\":\"ListItem\",\"position\":1,\"name\":\"Home\",\"item\":\"https:\/\/peipsikaup.ee\/\"},{\"@type\":\"ListItem\",\"position\":2,\"name\":\"Masters\",\"item\":\"https:\/\/peipsikaup.ee\/?page_id=4581\"},{\"@type\":\"ListItem\",\"position\":3,\"name\":\"Helemall Maask\"}]},{\"@type\":\"WebSite\",\"@id\":\"https:\/\/peipsikaup.ee\/#website\",\"url\":\"https:\/\/peipsikaup.ee\/\",\"name\":\"Peipsi kaup\",\"description\":\"eheda ja isikup\u00e4rase k\u00e4sit\u00f6\u00f6 veebipood\",\"publisher\":{\"@id\":\"https:\/\/peipsikaup.ee\/#organization\"},\"potentialAction\":[{\"@type\":\"SearchAction\",\"target\":{\"@type\":\"EntryPoint\",\"urlTemplate\":\"https:\/\/peipsikaup.ee\/?s={search_term_string}\"},\"query-input\":{\"@type\":\"PropertyValueSpecification\",\"valueRequired\":true,\"valueName\":\"search_term_string\"}}],\"inLanguage\":\"ru-RU\"},{\"@type\":\"Organization\",\"@id\":\"https:\/\/peipsikaup.ee\/#organization\",\"name\":\"Peipsi kaup\",\"url\":\"https:\/\/peipsikaup.ee\/\",\"logo\":{\"@type\":\"ImageObject\",\"inLanguage\":\"ru-RU\",\"@id\":\"https:\/\/peipsikaup.ee\/#\/schema\/logo\/image\/\",\"url\":\"https:\/\/peipsikaup.ee\/wp-content\/uploads\/2026\/04\/cropped-ChatGPT-Image-Apr-24-2026-02_54_59-PM.png\",\"contentUrl\":\"https:\/\/peipsikaup.ee\/wp-content\/uploads\/2026\/04\/cropped-ChatGPT-Image-Apr-24-2026-02_54_59-PM.png\",\"width\":1946,\"height\":325,\"caption\":\"Peipsi kaup\"},\"image\":{\"@id\":\"https:\/\/peipsikaup.ee\/#\/schema\/logo\/image\/\"}}]}<\/script>\n<!-- \/ Yoast SEO plugin. -->","yoast_head_json":{"title":"Helemall Maask - Peipsi kaup","robots":{"index":"index","follow":"follow","max-snippet":"max-snippet:-1","max-image-preview":"max-image-preview:large","max-video-preview":"max-video-preview:-1"},"canonical":"https:\/\/peipsikaup.ee\/ru\/masters__trashed\/helemall-maask\/","og_locale":"ru_RU","og_type":"article","og_title":"Helemall Maask - Peipsi kaup","og_description":"Master&#8217;s story Helemall Maask ceramisist my products I am a pottery teacher and craftsman. I encourage both children and adults to become friends with clay in R\u00e4pina Creative House. I make practical and beautiful food utensils for homes, special items with special patterns and personal messages as gifts, souvenirs for companies and events.I have been &hellip; Helemall Maask \u0427\u0438\u0442\u0430\u0442\u044c \u0434\u0430\u043b\u0435\u0435 &raquo;","og_url":"https:\/\/peipsikaup.ee\/ru\/masters__trashed\/helemall-maask\/","og_site_name":"Peipsi kaup","article_modified_time":"2021-09-30T21:39:00+00:00","og_image":[{"url":"https:\/\/peipsikaup.ee\/wp-content\/uploads\/2021\/04\/Peipsikaup_meister-keraamik_Helemall-Maask.jpg","type":"","width":"","height":""}],"twitter_card":"summary_large_image","twitter_misc":{"\u041f\u0440\u0438\u043c\u0435\u0440\u043d\u043e\u0435 \u0432\u0440\u0435\u043c\u044f \u0434\u043b\u044f \u0447\u0442\u0435\u043d\u0438\u044f":"3 \u043c\u0438\u043d\u0443\u0442\u044b"},"schema":{"@context":"https:\/\/schema.org","@graph":[{"@type":"WebPage","@id":"https:\/\/peipsikaup.ee\/masters__trashed\/helemall-maask\/","url":"https:\/\/peipsikaup.ee\/masters__trashed\/helemall-maask\/","name":"Helemall Maask - Peipsi kaup","isPartOf":{"@id":"https:\/\/peipsikaup.ee\/#website"},"primaryImageOfPage":{"@id":"https:\/\/peipsikaup.ee\/masters__trashed\/helemall-maask\/#primaryimage"},"image":{"@id":"https:\/\/peipsikaup.ee\/masters__trashed\/helemall-maask\/#primaryimage"},"thumbnailUrl":"https:\/\/peipsikaup.ee\/wp-content\/uploads\/2021\/04\/Peipsikaup_meister-keraamik_Helemall-Maask.jpg","datePublished":"2021-09-25T15:06:11+00:00","dateModified":"2021-09-30T21:39:00+00:00","breadcrumb":{"@id":"https:\/\/peipsikaup.ee\/masters__trashed\/helemall-maask\/#breadcrumb"},"inLanguage":"ru-RU","potentialAction":[{"@type":"ReadAction","target":["https:\/\/peipsikaup.ee\/masters__trashed\/helemall-maask\/"]}]},{"@type":"ImageObject","inLanguage":"ru-RU","@id":"https:\/\/peipsikaup.ee\/masters__trashed\/helemall-maask\/#primaryimage","url":"https:\/\/peipsikaup.ee\/wp-content\/uploads\/2021\/04\/Peipsikaup_meister-keraamik_Helemall-Maask.jpg","contentUrl":"https:\/\/peipsikaup.ee\/wp-content\/uploads\/2021\/04\/Peipsikaup_meister-keraamik_Helemall-Maask.jpg"},{"@type":"BreadcrumbList","@id":"https:\/\/peipsikaup.ee\/masters__trashed\/helemall-maask\/#breadcrumb","itemListElement":[{"@type":"ListItem","position":1,"name":"Home","item":"https:\/\/peipsikaup.ee\/"},{"@type":"ListItem","position":2,"name":"Masters","item":"https:\/\/peipsikaup.ee\/?page_id=4581"},{"@type":"ListItem","position":3,"name":"Helemall Maask"}]},{"@type":"WebSite","@id":"https:\/\/peipsikaup.ee\/#website","url":"https:\/\/peipsikaup.ee\/","name":"\u0422\u043e\u0440\u0433\u043e\u0432\u043b\u044f \u043d\u0430 \u0427\u0443\u0434\u0441\u043a\u043e\u043c \u043e\u0441\u0442\u0440\u043e\u0432\u0435","description":"eheda ja isikup\u00e4rase k\u00e4sit\u00f6\u00f6 veebipood","publisher":{"@id":"https:\/\/peipsikaup.ee\/#organization"},"potentialAction":[{"@type":"SearchAction","target":{"@type":"EntryPoint","urlTemplate":"https:\/\/peipsikaup.ee\/?s={search_term_string}"},"query-input":{"@type":"PropertyValueSpecification","valueRequired":true,"valueName":"search_term_string"}}],"inLanguage":"ru-RU"},{"@type":"Organization","@id":"https:\/\/peipsikaup.ee\/#organization","name":"\u0422\u043e\u0440\u0433\u043e\u0432\u043b\u044f \u043d\u0430 \u0427\u0443\u0434\u0441\u043a\u043e\u043c \u043e\u0441\u0442\u0440\u043e\u0432\u0435","url":"https:\/\/peipsikaup.ee\/","logo":{"@type":"ImageObject","inLanguage":"ru-RU","@id":"https:\/\/peipsikaup.ee\/#\/schema\/logo\/image\/","url":"https:\/\/peipsikaup.ee\/wp-content\/uploads\/2026\/04\/cropped-ChatGPT-Image-Apr-24-2026-02_54_59-PM.png","contentUrl":"https:\/\/peipsikaup.ee\/wp-content\/uploads\/2026\/04\/cropped-ChatGPT-Image-Apr-24-2026-02_54_59-PM.png","width":1946,"height":325,"caption":"Peipsi kaup"},"image":{"@id":"https:\/\/peipsikaup.ee\/#\/schema\/logo\/image\/"}}]}},"_links":{"self":[{"href":"https:\/\/peipsikaup.ee\/ru\/wp-json\/wp\/v2\/pages\/3703","targetHints":{"allow":["GET"]}}],"collection":[{"href":"https:\/\/peipsikaup.ee\/ru\/wp-json\/wp\/v2\/pages"}],"about":[{"href":"https:\/\/peipsikaup.ee\/ru\/wp-json\/wp\/v2\/types\/page"}],"author":[{"embeddable":true,"href":"https:\/\/peipsikaup.ee\/ru\/wp-json\/wp\/v2\/users\/2"}],"replies":[{"embeddable":true,"href":"https:\/\/peipsikaup.ee\/ru\/wp-json\/wp\/v2\/comments?post=3703"}],"version-history":[{"count":0,"href":"https:\/\/peipsikaup.ee\/ru\/wp-json\/wp\/v2\/pages\/3703\/revisions"}],"up":[{"embeddable":true,"href":"https:\/\/peipsikaup.ee\/ru\/wp-json\/wp\/v2\/pages\/4581"}],"wp:attachment":[{"href":"https:\/\/peipsikaup.ee\/ru\/wp-json\/wp\/v2\/media?parent=3703"}],"curies":[{"name":"wp","href":"https:\/\/api.w.org\/{rel}","templated":true}]}}