{"id":3688,"date":"2021-09-25T13:48:46","date_gmt":"2021-09-25T13:48:46","guid":{"rendered":"https:\/\/peipsikaup.ee\/enekens-volkovs\/"},"modified":"2021-09-25T13:48:50","modified_gmt":"2021-09-25T13:48:50","slug":"enekens-volkovs","status":"publish","type":"page","link":"https:\/\/peipsikaup.ee\/ru\/meistari\/enekens-volkovs\/","title":{"rendered":"Enekens Volkovs"},"content":{"rendered":"<div data-elementor-type=\"wp-post\" data-elementor-id=\"3688\" class=\"elementor elementor-3688\">\n\t\t\t\t\t\t<section class=\"elementor-section elementor-top-section elementor-element elementor-element-6ccdc95 elementor-section-content-middle elementor-section-boxed elementor-section-height-default elementor-section-height-default\" data-id=\"6ccdc95\" data-element_type=\"section\" data-e-type=\"section\" data-settings=\"{&quot;background_background&quot;:&quot;classic&quot;}\">\n\t\t\t\t\t\t\t<div class=\"elementor-background-overlay\"><\/div>\n\t\t\t\t\t\t\t<div class=\"elementor-container elementor-column-gap-no\">\n\t\t\t\t\t<div class=\"elementor-column elementor-col-100 elementor-top-column elementor-element elementor-element-4f6adc0\" data-id=\"4f6adc0\" data-element_type=\"column\" data-e-type=\"column\" data-settings=\"{&quot;background_background&quot;:&quot;classic&quot;}\">\n\t\t\t<div class=\"elementor-widget-wrap elementor-element-populated\">\n\t\t\t\t\t\t<div class=\"elementor-element elementor-element-179c706 elementor-widget elementor-widget-heading\" data-id=\"179c706\" data-element_type=\"widget\" data-e-type=\"widget\" data-widget_type=\"heading.default\">\n\t\t\t\t<div class=\"elementor-widget-container\">\n\t\t\t\t\t<h1 class=\"elementor-heading-title elementor-size-default\">Meistara st\u0101sts<\/h1>\t\t\t\t<\/div>\n\t\t\t\t<\/div>\n\t\t\t\t\t<\/div>\n\t\t<\/div>\n\t\t\t\t\t<\/div>\n\t\t<\/section>\n\t\t\t\t<section class=\"elementor-section elementor-top-section elementor-element elementor-element-6ec1e06 elementor-section-boxed elementor-section-height-default elementor-section-height-default\" data-id=\"6ec1e06\" data-element_type=\"section\" data-e-type=\"section\">\n\t\t\t\t\t\t<div class=\"elementor-container elementor-column-gap-default\">\n\t\t\t\t\t<div class=\"elementor-column elementor-col-100 elementor-top-column elementor-element elementor-element-e23d401\" data-id=\"e23d401\" data-element_type=\"column\" data-e-type=\"column\">\n\t\t\t<div class=\"elementor-widget-wrap elementor-element-populated\">\n\t\t\t\t\t\t<section class=\"elementor-section elementor-inner-section elementor-element elementor-element-e51aece elementor-section-boxed elementor-section-height-default elementor-section-height-default\" data-id=\"e51aece\" data-element_type=\"section\" data-e-type=\"section\">\n\t\t\t\t\t\t<div class=\"elementor-container elementor-column-gap-no\">\n\t\t\t\t\t<div class=\"elementor-column elementor-col-33 elementor-inner-column elementor-element elementor-element-3c3eb1f\" data-id=\"3c3eb1f\" data-element_type=\"column\" data-e-type=\"column\">\n\t\t\t<div class=\"elementor-widget-wrap elementor-element-populated\">\n\t\t\t\t\t\t<div class=\"elementor-element elementor-element-334895d elementor-position-top elementor-widget elementor-widget-image-box\" data-id=\"334895d\" data-element_type=\"widget\" data-e-type=\"widget\" data-widget_type=\"image-box.default\">\n\t\t\t\t<div class=\"elementor-widget-container\">\n\t\t\t\t\t<div class=\"elementor-image-box-wrapper\"><figure class=\"elementor-image-box-img\"><img fetchpriority=\"high\" decoding=\"async\" width=\"900\" height=\"1600\" src=\"https:\/\/peipsikaup.ee\/wp-content\/uploads\/2021\/04\/Peipsikaup_meister-ehtekunstnik_Eneken-Volkov-1.jpg\" class=\"attachment-full size-full wp-image-2638\" alt=\"Peipsikaup meistars Enekens Volkovs\" srcset=\"https:\/\/peipsikaup.ee\/wp-content\/uploads\/2021\/04\/Peipsikaup_meister-ehtekunstnik_Eneken-Volkov-1.jpg 900w, https:\/\/peipsikaup.ee\/wp-content\/uploads\/2021\/04\/Peipsikaup_meister-ehtekunstnik_Eneken-Volkov-1-169x300.jpg 169w, https:\/\/peipsikaup.ee\/wp-content\/uploads\/2021\/04\/Peipsikaup_meister-ehtekunstnik_Eneken-Volkov-1-576x1024.jpg 576w, https:\/\/peipsikaup.ee\/wp-content\/uploads\/2021\/04\/Peipsikaup_meister-ehtekunstnik_Eneken-Volkov-1-768x1365.jpg 768w, https:\/\/peipsikaup.ee\/wp-content\/uploads\/2021\/04\/Peipsikaup_meister-ehtekunstnik_Eneken-Volkov-1-864x1536.jpg 864w, https:\/\/peipsikaup.ee\/wp-content\/uploads\/2021\/04\/Peipsikaup_meister-ehtekunstnik_Eneken-Volkov-1-600x1067.jpg 600w\" sizes=\"(max-width: 900px) 100vw, 900px\" \/><\/figure><div class=\"elementor-image-box-content\"><h3 class=\"elementor-image-box-title\">Enekens Volkovs<\/h3><p class=\"elementor-image-box-description\">rotu m\u0101kslinieks<\/p><\/div><\/div>\t\t\t\t<\/div>\n\t\t\t\t<\/div>\n\t\t\t\t<div class=\"elementor-element elementor-element-1ac0888 elementor-mobile-align-center elementor-align-center elementor-widget elementor-widget-button\" data-id=\"1ac0888\" data-element_type=\"widget\" data-e-type=\"widget\" data-widget_type=\"button.default\">\n\t\t\t\t<div class=\"elementor-widget-container\">\n\t\t\t\t\t\t\t\t\t<div class=\"elementor-button-wrapper\">\n\t\t\t\t\t<a class=\"elementor-button elementor-button-link elementor-size-md\" href=\"https:\/\/peipsikaup.ee\/ru\/product-category\/eneken-volkov\/\">\n\t\t\t\t\t\t<span class=\"elementor-button-content-wrapper\">\n\t\t\t\t\t\t\t\t\t<span class=\"elementor-button-text\">mani produkti<\/span>\n\t\t\t\t\t<\/span>\n\t\t\t\t\t<\/a>\n\t\t\t\t<\/div>\n\t\t\t\t\t\t\t\t<\/div>\n\t\t\t\t<\/div>\n\t\t\t\t\t<\/div>\n\t\t<\/div>\n\t\t\t\t<div class=\"elementor-column elementor-col-66 elementor-inner-column elementor-element elementor-element-1e69e34\" data-id=\"1e69e34\" data-element_type=\"column\" data-e-type=\"column\">\n\t\t\t<div class=\"elementor-widget-wrap elementor-element-populated\">\n\t\t\t\t\t\t<div class=\"elementor-element elementor-element-217c6ee elementor-widget elementor-widget-text-editor\" data-id=\"217c6ee\" data-element_type=\"widget\" data-e-type=\"widget\" data-widget_type=\"text-editor.default\">\n\t\t\t\t<div class=\"elementor-widget-container\">\n\t\t\t\t\t\t\t\t\t<p>Es darinu koku k\u0101 hobiju<span class=\"Apple-converted-space\">  <\/span>un amatniec\u012bbas rotaslietas no epoks\u012bda sve\u0137iem. Kop\u0161 b\u0113rn\u012bbas man patika ar sav\u0101m rok\u0101m kaut ko izgatavot un z\u012bm\u0113t. T\u0101p\u0113c visiem maniem draugiem ir z\u012bm\u0113jums vai d\u0101vana, ko esmu vi\u0146iem uztais\u012bjis. Ja agr\u0101k galvenok\u0101rt nodarbojos ar z\u012bm\u0113\u0161anu, ko, protams, daru ar\u012b \u0161odien, tad 2019. gad\u0101. 2006. gada vasar\u0101 mani \u013coti interes\u0113ja kulonu izgatavo\u0161ana, izmantojot epoks\u012bda sve\u0137us un koku.<span class=\"Apple-converted-space\">  <\/span>Ir bezgal\u012bgas iesp\u0113jas apvienot koku un epoks\u012bda sve\u0137us, jums vienk\u0101r\u0161i j\u0101\u013cauj izt\u0113lei lidot un ideja piepild\u012bsies. Esmu g\u0101jusi \u0161\u0101d\u0101 veid\u0101, lai izgatavotu kulonus galvenok\u0101rt kaklarot\u0101m.<\/p>\n<p>T\u0101 k\u0101 esmu tikai sve\u0137u rotu izgatavo\u0161anas ce\u013ca s\u0101kum\u0101, \u013coti noteikts stils v\u0113l nav izveidojies.<span class=\"Apple-converted-space\">  <\/span>Viens no galvenajiem manis izmantotajiem elementiem ir<span class=\"Apple-converted-space\">  <\/span>da\u017e\u0101da garuma koksnes \u0161\u0137iedru skaits, kas redzams uz salauzta koka gabala, kas<span class=\"Apple-converted-space\">  <\/span>manupr\u0101t, tas padara katru rotu unik\u0101lu. Manas rotas ir veidotas t\u0101, lai t\u0101s b\u016btu vienk\u0101r\u0161as p\u0113c formas, ta\u010du, apvienojot divus piln\u012bgi at\u0161\u0137ir\u012bga rakstura materi\u0101lus (sve\u0137us un koku) vien\u0101, rotaslietu sare\u017e\u0123\u012bt\u012bba k\u013c\u016bst ac\u012bmredzama. Da\u017ei mode\u013ci ietver citus<span class=\"Apple-converted-space\">  <\/span>materi\u0101li,<span class=\"Apple-converted-space\">  <\/span>ne tikai koks un sve\u0137i. Piem\u0113ram, salauztas rotaslietas p\u0113rles, akrila kr\u0101sa koka virsmas dekor\u0113\u0161anai, \u017e\u0101v\u0113ti ziedi<span class=\"Apple-converted-space\">  <\/span>vai s\u016bnas, kas nov\u0101ktas, ejot me\u017e\u0101. Iedvesmu sme\u013cos, staig\u0101jot dab\u0101 un v\u0113rojot tur eso\u0161o kr\u0101su sh\u0113mu.<br \/>Kulonu veido\u0161an\u0101 valda savi\u013c\u0146ojums un eksperimenti, jo visu, ko l\u012bdz \u0161im esmu dar\u012bjusi, esmu apguvusi pati. Ir ar\u012b v\u0113lme p\u0101rsniegt kulonus un izgatavot auskarus un izveidot produktu l\u012bnijas ar da\u017e\u0101diem visaptvero\u0161iem elementiem.<\/p><\/p>\n\t\t\t\t\t\t\t\t<\/div>\n\t\t\t\t<\/div>\n\t\t\t\t\t<\/div>\n\t\t<\/div>\n\t\t\t\t\t<\/div>\n\t\t<\/section>\n\t\t\t\t\t<\/div>\n\t\t<\/div>\n\t\t\t\t\t<\/div>\n\t\t<\/section>\n\t\t\t\t<section class=\"elementor-section elementor-top-section elementor-element elementor-element-dc6a4e3 elementor-section-boxed elementor-section-height-default elementor-section-height-default\" data-id=\"dc6a4e3\" data-element_type=\"section\" data-e-type=\"section\" data-settings=\"{&quot;background_background&quot;:&quot;classic&quot;}\">\n\t\t\t\t\t\t<div class=\"elementor-container elementor-column-gap-no\">\n\t\t\t\t\t<div class=\"elementor-column elementor-col-100 elementor-top-column elementor-element elementor-element-0e2a233\" data-id=\"0e2a233\" data-element_type=\"column\" data-e-type=\"column\">\n\t\t\t<div class=\"elementor-widget-wrap elementor-element-populated\">\n\t\t\t\t\t\t<div class=\"elementor-element elementor-element-ebb6c72 elementor-position-top elementor-widget elementor-widget-image-box\" data-id=\"ebb6c72\" data-element_type=\"widget\" data-e-type=\"widget\" data-widget_type=\"image-box.default\">\n\t\t\t\t<div class=\"elementor-widget-container\">\n\t\t\t\t\t<div class=\"elementor-image-box-wrapper\"><figure class=\"elementor-image-box-img\"><img decoding=\"async\" width=\"1600\" height=\"900\" src=\"https:\/\/peipsikaup.ee\/wp-content\/uploads\/2021\/04\/Peipsikaup_meister-ehtekunstnik_Eneken-Volkov_loob-1.jpg\" class=\"attachment-full size-full wp-image-2641\" alt=\"Peipsikaup meistars Enekens Volkovs\" srcset=\"https:\/\/peipsikaup.ee\/wp-content\/uploads\/2021\/04\/Peipsikaup_meister-ehtekunstnik_Eneken-Volkov_loob-1.jpg 1600w, https:\/\/peipsikaup.ee\/wp-content\/uploads\/2021\/04\/Peipsikaup_meister-ehtekunstnik_Eneken-Volkov_loob-1-300x169.jpg 300w, https:\/\/peipsikaup.ee\/wp-content\/uploads\/2021\/04\/Peipsikaup_meister-ehtekunstnik_Eneken-Volkov_loob-1-1024x576.jpg 1024w, https:\/\/peipsikaup.ee\/wp-content\/uploads\/2021\/04\/Peipsikaup_meister-ehtekunstnik_Eneken-Volkov_loob-1-768x432.jpg 768w, https:\/\/peipsikaup.ee\/wp-content\/uploads\/2021\/04\/Peipsikaup_meister-ehtekunstnik_Eneken-Volkov_loob-1-1536x864.jpg 1536w, https:\/\/peipsikaup.ee\/wp-content\/uploads\/2021\/04\/Peipsikaup_meister-ehtekunstnik_Eneken-Volkov_loob-1-600x338.jpg 600w\" sizes=\"(max-width: 1600px) 100vw, 1600px\" \/><\/figure><\/div>\t\t\t\t<\/div>\n\t\t\t\t<\/div>\n\t\t\t\t<div class=\"elementor-element elementor-element-e075a06 elementor-widget elementor-widget-heading\" data-id=\"e075a06\" data-element_type=\"widget\" data-e-type=\"widget\" data-widget_type=\"heading.default\">\n\t\t\t\t<div class=\"elementor-widget-container\">\n\t\t\t\t\t<h2 class=\"elementor-heading-title elementor-size-default\">K\u0101 lai es to izdaru?<\/h2>\t\t\t\t<\/div>\n\t\t\t\t<\/div>\n\t\t\t\t<div class=\"elementor-element elementor-element-863954d elementor-widget elementor-widget-text-editor\" data-id=\"863954d\" data-element_type=\"widget\" data-e-type=\"widget\" data-widget_type=\"text-editor.default\">\n\t\t\t\t<div class=\"elementor-widget-container\">\n\t\t\t\t\t\t\t\t\t<p>Rotu izgatavo\u0161ana s\u0101kas ar to, ka vispirms no \u0161\u0137\u016b\u0146a, me\u017ea vai citas vietas sav\u0101ktie koka gabali ir j\u0101\u0161\u0137iro un j\u0101apgrie\u017e. Galvenok\u0101rt izmantoju ozolu, bet eksperiment\u0113ju ar\u012b ar citiem kokiem, piem\u0113ram, osiem, b\u0113rziem, pried\u0113m.<span class=\"Apple-converted-space\">  <\/span>Kad koka gabali ir izv\u0113l\u0113ti, es s\u0101k\u0161u tos lauzt. Tam ir ar\u012b sava lau\u0161anas tehnika, lai koka gals paliktu p\u0113c iesp\u0113jas robains un ar da\u017e\u0101da garuma koka \u0161\u0137iedr\u0101m.<\/p>\n<p>\u0160im posmam seko koka gabalu rot\u0101\u0161ana, kur es \u013cauju sav\u0101m dom\u0101m lidot un redz\u0113t, k\u0101 \u0161is gabals mani uzrun\u0101. Vai man vi\u0146ai j\u0101pievieno kr\u0101sa vai vi\u0146a v\u0113l\u0113tos ziedu rot\u0101jumu vai p\u0113rli savai sirdij. T\u0101l\u0101k es ievietoju dekor\u0113to koka gabalu silikona veidn\u0113 vai no lentes un plastmasas iepakojuma izveidoju ietin\u0113ju, kur beidzot pievienoju epoks\u012bda sve\u0137us. Es varu ar\u012b nokr\u0101sot sve\u0137us, k\u0101 esmu pl\u0101nojis sav\u0101 dizain\u0101.<span class=\"Apple-converted-space\"> <\/span><\/p>\n<p>P\u0113c da\u017e\u0101m dien\u0101m koksne un epoks\u012bda sve\u0137i iz\u017e\u016bst kop\u0101, un j\u016bs varat p\u0101riet uz n\u0101kamo soli, kas ir koka gabala un epoks\u012bda sve\u0137u veido\u0161ana. Da\u013cas veido\u0161ana tiek veikta, sl\u012bp\u0113jot.<span class=\"Apple-converted-space\">  <\/span>\u0160aj\u0101 posm\u0101 es v\u0113lreiz skatos gabalu un dom\u0101ju par topo\u0161\u0101 kulona formu<span class=\"Apple-converted-space\">  <\/span>grib\u0113tu dab\u016bt.<span class=\"Apple-converted-space\">  <\/span>Es uz pap\u012bra veidoju skices un p\u0101rnesu uz sagatavi. Vispirms izveidojiet formu, izmantojot dzirnavi\u0146as un griez\u0113ju. Kad forma ir veidota, sl\u012bp\u0113jiet t\u0101l\u0101k ar rok\u0101m<span class=\"Apple-converted-space\">  <\/span>ar arvien pl\u0101n\u0101ku smil\u0161pap\u012bru. Gala apdare tiek pul\u0113ta ar pul\u0113\u0161anas pastu, l\u012bdz koks ir z\u012bdaini m\u012bksts un epoks\u012bda sve\u0137i ir caursp\u012bd\u012bgi un sp\u012bd\u012bgi.<span class=\"Apple-converted-space\"> <\/span><\/p>\n\t\t\t\t\t\t\t\t<\/div>\n\t\t\t\t<\/div>\n\t\t\t\t<div class=\"elementor-element elementor-element-f5c8852 elementor-mobile-align-center elementor-align-center elementor-widget elementor-widget-button\" data-id=\"f5c8852\" data-element_type=\"widget\" data-e-type=\"widget\" data-widget_type=\"button.default\">\n\t\t\t\t<div class=\"elementor-widget-container\">\n\t\t\t\t\t\t\t\t\t<div class=\"elementor-button-wrapper\">\n\t\t\t\t\t<a class=\"elementor-button elementor-button-link elementor-size-md\" href=\"https:\/\/peipsikaup.ee\/ru\/product-category\/eneken-volkov\/\">\n\t\t\t\t\t\t<span class=\"elementor-button-content-wrapper\">\n\t\t\t\t\t\t\t\t\t<span class=\"elementor-button-text\">mani produkti<\/span>\n\t\t\t\t\t<\/span>\n\t\t\t\t\t<\/a>\n\t\t\t\t<\/div>\n\t\t\t\t\t\t\t\t<\/div>\n\t\t\t\t<\/div>\n\t\t\t\t\t<\/div>\n\t\t<\/div>\n\t\t\t\t\t<\/div>\n\t\t<\/section>\n\t\t\t\t<\/div>","protected":false},"excerpt":{"rendered":"<p>Meistara st\u0101sts Enekens Volkovs rotu m\u0101kslinieks mani produkti Es darinu koku k\u0101 hobiju un amatniec\u012bbas rotaslietas no epoks\u012bda sve\u0137iem. Kop\u0161 b\u0113rn\u012bbas man patika ar sav\u0101m rok\u0101m kaut ko izgatavot un z\u012bm\u0113t. T\u0101p\u0113c visiem maniem draugiem ir z\u012bm\u0113jums vai d\u0101vana, ko esmu vi\u0146iem uztais\u012bjis. Ja agr\u0101k galvenok\u0101rt nodarbojos ar z\u012bm\u0113\u0161anu, ko, protams, daru ar\u012b \u0161odien, tad &hellip;<\/p>\n<p class=\"read-more\"> <a class=\"\" href=\"https:\/\/peipsikaup.ee\/ru\/meistari\/enekens-volkovs\/\"> <span class=\"screen-reader-text\">Enekens Volkovs<\/span> \u0427\u0438\u0442\u0430\u0442\u044c \u0434\u0430\u043b\u0435\u0435 &raquo;<\/a><\/p>","protected":false},"author":2,"featured_media":0,"parent":4585,"menu_order":0,"comment_status":"closed","ping_status":"closed","template":"","meta":{"site-sidebar-layout":"no-sidebar","site-content-layout":"page-builder","ast-global-header-display":"","ast-main-header-display":"","ast-hfb-above-header-display":"","ast-hfb-below-header-display":"","ast-hfb-mobile-header-display":"","site-post-title":"disabled","ast-breadcrumbs-content":"","ast-featured-img":"disabled","footer-sml-layout":"","theme-transparent-header-meta":"enabled","adv-header-id-meta":"","stick-header-meta":"default","header-above-stick-meta":"","header-main-stick-meta":"","header-below-stick-meta":"","footnotes":""},"class_list":["post-3688","page","type-page","status-publish","hentry"],"yoast_head":"<!-- This site is optimized with the Yoast SEO plugin v27.2 - https:\/\/yoast.com\/product\/yoast-seo-wordpress\/ -->\n<title>Enekens Volkovs - Peipsi kaup<\/title>\n<meta name=\"robots\" content=\"index, follow, max-snippet:-1, max-image-preview:large, max-video-preview:-1\" \/>\n<link rel=\"canonical\" href=\"https:\/\/peipsikaup.ee\/ru\/meistari\/enekens-volkovs\/?lang=lv\" \/>\n<meta property=\"og:locale\" content=\"ru_RU\" \/>\n<meta property=\"og:type\" content=\"article\" \/>\n<meta property=\"og:title\" content=\"Enekens Volkovs - Peipsi kaup\" \/>\n<meta property=\"og:description\" content=\"Meistara st\u0101sts Enekens Volkovs rotu m\u0101kslinieks mani produkti Es darinu koku k\u0101 hobiju un amatniec\u012bbas rotaslietas no epoks\u012bda sve\u0137iem. Kop\u0161 b\u0113rn\u012bbas man patika ar sav\u0101m rok\u0101m kaut ko izgatavot un z\u012bm\u0113t. T\u0101p\u0113c visiem maniem draugiem ir z\u012bm\u0113jums vai d\u0101vana, ko esmu vi\u0146iem uztais\u012bjis. Ja agr\u0101k galvenok\u0101rt nodarbojos ar z\u012bm\u0113\u0161anu, ko, protams, daru ar\u012b \u0161odien, tad &hellip; Enekens Volkovs \u0427\u0438\u0442\u0430\u0442\u044c \u0434\u0430\u043b\u0435\u0435 &raquo;\" \/>\n<meta property=\"og:url\" content=\"https:\/\/peipsikaup.ee\/ru\/meistari\/enekens-volkovs\/?lang=lv\" \/>\n<meta property=\"og:site_name\" content=\"Peipsi kaup\" \/>\n<meta property=\"article:modified_time\" content=\"2021-09-25T13:48:50+00:00\" \/>\n<meta property=\"og:image\" content=\"https:\/\/peipsikaup.ee\/wp-content\/uploads\/2021\/04\/Peipsikaup_meister-ehtekunstnik_Eneken-Volkov-1.jpg\" \/>\n<meta name=\"twitter:card\" content=\"summary_large_image\" \/>\n<meta name=\"twitter:label1\" content=\"\u041f\u0440\u0438\u043c\u0435\u0440\u043d\u043e\u0435 \u0432\u0440\u0435\u043c\u044f \u0434\u043b\u044f \u0447\u0442\u0435\u043d\u0438\u044f\" \/>\n\t<meta name=\"twitter:data1\" content=\"3 \u043c\u0438\u043d\u0443\u0442\u044b\" \/>\n<script type=\"application\/ld+json\" class=\"yoast-schema-graph\">{\"@context\":\"https:\/\/schema.org\",\"@graph\":[{\"@type\":\"WebPage\",\"@id\":\"https:\/\/peipsikaup.ee\/meistari\/enekens-volkovs\/?lang=lv\",\"url\":\"https:\/\/peipsikaup.ee\/meistari\/enekens-volkovs\/?lang=lv\",\"name\":\"Enekens Volkovs - Peipsi kaup\",\"isPartOf\":{\"@id\":\"https:\/\/peipsikaup.ee\/#website\"},\"primaryImageOfPage\":{\"@id\":\"https:\/\/peipsikaup.ee\/meistari\/enekens-volkovs\/?lang=lv#primaryimage\"},\"image\":{\"@id\":\"https:\/\/peipsikaup.ee\/meistari\/enekens-volkovs\/?lang=lv#primaryimage\"},\"thumbnailUrl\":\"https:\/\/peipsikaup.ee\/wp-content\/uploads\/2021\/04\/Peipsikaup_meister-ehtekunstnik_Eneken-Volkov-1.jpg\",\"datePublished\":\"2021-09-25T13:48:46+00:00\",\"dateModified\":\"2021-09-25T13:48:50+00:00\",\"breadcrumb\":{\"@id\":\"https:\/\/peipsikaup.ee\/meistari\/enekens-volkovs\/?lang=lv#breadcrumb\"},\"inLanguage\":\"ru-RU\",\"potentialAction\":[{\"@type\":\"ReadAction\",\"target\":[\"https:\/\/peipsikaup.ee\/meistari\/enekens-volkovs\/?lang=lv\"]}]},{\"@type\":\"ImageObject\",\"inLanguage\":\"ru-RU\",\"@id\":\"https:\/\/peipsikaup.ee\/meistari\/enekens-volkovs\/?lang=lv#primaryimage\",\"url\":\"https:\/\/peipsikaup.ee\/wp-content\/uploads\/2021\/04\/Peipsikaup_meister-ehtekunstnik_Eneken-Volkov-1.jpg\",\"contentUrl\":\"https:\/\/peipsikaup.ee\/wp-content\/uploads\/2021\/04\/Peipsikaup_meister-ehtekunstnik_Eneken-Volkov-1.jpg\"},{\"@type\":\"BreadcrumbList\",\"@id\":\"https:\/\/peipsikaup.ee\/meistari\/enekens-volkovs\/?lang=lv#breadcrumb\",\"itemListElement\":[{\"@type\":\"ListItem\",\"position\":1,\"name\":\"Home\",\"item\":\"https:\/\/peipsikaup.ee\/\"},{\"@type\":\"ListItem\",\"position\":2,\"name\":\"Meistari\",\"item\":\"https:\/\/peipsikaup.ee\/meistari\/?lang=lv\"},{\"@type\":\"ListItem\",\"position\":3,\"name\":\"Enekens Volkovs\"}]},{\"@type\":\"WebSite\",\"@id\":\"https:\/\/peipsikaup.ee\/#website\",\"url\":\"https:\/\/peipsikaup.ee\/\",\"name\":\"Peipsi kaup\",\"description\":\"eheda ja isikup\u00e4rase k\u00e4sit\u00f6\u00f6 veebipood\",\"publisher\":{\"@id\":\"https:\/\/peipsikaup.ee\/#organization\"},\"potentialAction\":[{\"@type\":\"SearchAction\",\"target\":{\"@type\":\"EntryPoint\",\"urlTemplate\":\"https:\/\/peipsikaup.ee\/?s={search_term_string}\"},\"query-input\":{\"@type\":\"PropertyValueSpecification\",\"valueRequired\":true,\"valueName\":\"search_term_string\"}}],\"inLanguage\":\"ru-RU\"},{\"@type\":\"Organization\",\"@id\":\"https:\/\/peipsikaup.ee\/#organization\",\"name\":\"Peipsi kaup\",\"url\":\"https:\/\/peipsikaup.ee\/\",\"logo\":{\"@type\":\"ImageObject\",\"inLanguage\":\"ru-RU\",\"@id\":\"https:\/\/peipsikaup.ee\/#\/schema\/logo\/image\/\",\"url\":\"https:\/\/peipsikaup.ee\/wp-content\/uploads\/2026\/04\/cropped-ChatGPT-Image-Apr-24-2026-02_54_59-PM.png\",\"contentUrl\":\"https:\/\/peipsikaup.ee\/wp-content\/uploads\/2026\/04\/cropped-ChatGPT-Image-Apr-24-2026-02_54_59-PM.png\",\"width\":1946,\"height\":325,\"caption\":\"Peipsi kaup\"},\"image\":{\"@id\":\"https:\/\/peipsikaup.ee\/#\/schema\/logo\/image\/\"}}]}<\/script>\n<!-- \/ Yoast SEO plugin. -->","yoast_head_json":{"title":"Enekens Volkovs - Peipsi kaup","robots":{"index":"index","follow":"follow","max-snippet":"max-snippet:-1","max-image-preview":"max-image-preview:large","max-video-preview":"max-video-preview:-1"},"canonical":"https:\/\/peipsikaup.ee\/ru\/meistari\/enekens-volkovs\/?lang=lv","og_locale":"ru_RU","og_type":"article","og_title":"Enekens Volkovs - Peipsi kaup","og_description":"Meistara st\u0101sts Enekens Volkovs rotu m\u0101kslinieks mani produkti Es darinu koku k\u0101 hobiju un amatniec\u012bbas rotaslietas no epoks\u012bda sve\u0137iem. Kop\u0161 b\u0113rn\u012bbas man patika ar sav\u0101m rok\u0101m kaut ko izgatavot un z\u012bm\u0113t. T\u0101p\u0113c visiem maniem draugiem ir z\u012bm\u0113jums vai d\u0101vana, ko esmu vi\u0146iem uztais\u012bjis. Ja agr\u0101k galvenok\u0101rt nodarbojos ar z\u012bm\u0113\u0161anu, ko, protams, daru ar\u012b \u0161odien, tad &hellip; Enekens Volkovs \u0427\u0438\u0442\u0430\u0442\u044c \u0434\u0430\u043b\u0435\u0435 &raquo;","og_url":"https:\/\/peipsikaup.ee\/ru\/meistari\/enekens-volkovs\/?lang=lv","og_site_name":"Peipsi kaup","article_modified_time":"2021-09-25T13:48:50+00:00","og_image":[{"url":"https:\/\/peipsikaup.ee\/wp-content\/uploads\/2021\/04\/Peipsikaup_meister-ehtekunstnik_Eneken-Volkov-1.jpg","type":"","width":"","height":""}],"twitter_card":"summary_large_image","twitter_misc":{"\u041f\u0440\u0438\u043c\u0435\u0440\u043d\u043e\u0435 \u0432\u0440\u0435\u043c\u044f \u0434\u043b\u044f \u0447\u0442\u0435\u043d\u0438\u044f":"3 \u043c\u0438\u043d\u0443\u0442\u044b"},"schema":{"@context":"https:\/\/schema.org","@graph":[{"@type":"WebPage","@id":"https:\/\/peipsikaup.ee\/meistari\/enekens-volkovs\/?lang=lv","url":"https:\/\/peipsikaup.ee\/meistari\/enekens-volkovs\/?lang=lv","name":"Enekens Volkovs - Peipsi kaup","isPartOf":{"@id":"https:\/\/peipsikaup.ee\/#website"},"primaryImageOfPage":{"@id":"https:\/\/peipsikaup.ee\/meistari\/enekens-volkovs\/?lang=lv#primaryimage"},"image":{"@id":"https:\/\/peipsikaup.ee\/meistari\/enekens-volkovs\/?lang=lv#primaryimage"},"thumbnailUrl":"https:\/\/peipsikaup.ee\/wp-content\/uploads\/2021\/04\/Peipsikaup_meister-ehtekunstnik_Eneken-Volkov-1.jpg","datePublished":"2021-09-25T13:48:46+00:00","dateModified":"2021-09-25T13:48:50+00:00","breadcrumb":{"@id":"https:\/\/peipsikaup.ee\/meistari\/enekens-volkovs\/?lang=lv#breadcrumb"},"inLanguage":"ru-RU","potentialAction":[{"@type":"ReadAction","target":["https:\/\/peipsikaup.ee\/meistari\/enekens-volkovs\/?lang=lv"]}]},{"@type":"ImageObject","inLanguage":"ru-RU","@id":"https:\/\/peipsikaup.ee\/meistari\/enekens-volkovs\/?lang=lv#primaryimage","url":"https:\/\/peipsikaup.ee\/wp-content\/uploads\/2021\/04\/Peipsikaup_meister-ehtekunstnik_Eneken-Volkov-1.jpg","contentUrl":"https:\/\/peipsikaup.ee\/wp-content\/uploads\/2021\/04\/Peipsikaup_meister-ehtekunstnik_Eneken-Volkov-1.jpg"},{"@type":"BreadcrumbList","@id":"https:\/\/peipsikaup.ee\/meistari\/enekens-volkovs\/?lang=lv#breadcrumb","itemListElement":[{"@type":"ListItem","position":1,"name":"Home","item":"https:\/\/peipsikaup.ee\/"},{"@type":"ListItem","position":2,"name":"Meistari","item":"https:\/\/peipsikaup.ee\/meistari\/?lang=lv"},{"@type":"ListItem","position":3,"name":"Enekens Volkovs"}]},{"@type":"WebSite","@id":"https:\/\/peipsikaup.ee\/#website","url":"https:\/\/peipsikaup.ee\/","name":"\u0422\u043e\u0440\u0433\u043e\u0432\u043b\u044f \u043d\u0430 \u0427\u0443\u0434\u0441\u043a\u043e\u043c \u043e\u0441\u0442\u0440\u043e\u0432\u0435","description":"eheda ja isikup\u00e4rase k\u00e4sit\u00f6\u00f6 veebipood","publisher":{"@id":"https:\/\/peipsikaup.ee\/#organization"},"potentialAction":[{"@type":"SearchAction","target":{"@type":"EntryPoint","urlTemplate":"https:\/\/peipsikaup.ee\/?s={search_term_string}"},"query-input":{"@type":"PropertyValueSpecification","valueRequired":true,"valueName":"search_term_string"}}],"inLanguage":"ru-RU"},{"@type":"Organization","@id":"https:\/\/peipsikaup.ee\/#organization","name":"\u0422\u043e\u0440\u0433\u043e\u0432\u043b\u044f \u043d\u0430 \u0427\u0443\u0434\u0441\u043a\u043e\u043c \u043e\u0441\u0442\u0440\u043e\u0432\u0435","url":"https:\/\/peipsikaup.ee\/","logo":{"@type":"ImageObject","inLanguage":"ru-RU","@id":"https:\/\/peipsikaup.ee\/#\/schema\/logo\/image\/","url":"https:\/\/peipsikaup.ee\/wp-content\/uploads\/2026\/04\/cropped-ChatGPT-Image-Apr-24-2026-02_54_59-PM.png","contentUrl":"https:\/\/peipsikaup.ee\/wp-content\/uploads\/2026\/04\/cropped-ChatGPT-Image-Apr-24-2026-02_54_59-PM.png","width":1946,"height":325,"caption":"Peipsi kaup"},"image":{"@id":"https:\/\/peipsikaup.ee\/#\/schema\/logo\/image\/"}}]}},"_links":{"self":[{"href":"https:\/\/peipsikaup.ee\/ru\/wp-json\/wp\/v2\/pages\/3688","targetHints":{"allow":["GET"]}}],"collection":[{"href":"https:\/\/peipsikaup.ee\/ru\/wp-json\/wp\/v2\/pages"}],"about":[{"href":"https:\/\/peipsikaup.ee\/ru\/wp-json\/wp\/v2\/types\/page"}],"author":[{"embeddable":true,"href":"https:\/\/peipsikaup.ee\/ru\/wp-json\/wp\/v2\/users\/2"}],"replies":[{"embeddable":true,"href":"https:\/\/peipsikaup.ee\/ru\/wp-json\/wp\/v2\/comments?post=3688"}],"version-history":[{"count":0,"href":"https:\/\/peipsikaup.ee\/ru\/wp-json\/wp\/v2\/pages\/3688\/revisions"}],"up":[{"embeddable":true,"href":"https:\/\/peipsikaup.ee\/ru\/wp-json\/wp\/v2\/pages\/4585"}],"wp:attachment":[{"href":"https:\/\/peipsikaup.ee\/ru\/wp-json\/wp\/v2\/media?parent=3688"}],"curies":[{"name":"wp","href":"https:\/\/api.w.org\/{rel}","templated":true}]}}