{"id":2008,"date":"2021-05-22T22:35:18","date_gmt":"2021-05-22T22:35:18","guid":{"rendered":"https:\/\/peipsikaup.ee\/?page_id=2008"},"modified":"2021-09-30T20:12:04","modified_gmt":"2021-09-30T20:12:04","slug":"projekti-kirjeldus","status":"publish","type":"page","link":"https:\/\/peipsikaup.ee\/ru\/projekti-kirjeldus\/","title":{"rendered":"Projekti kirjeldus"},"content":{"rendered":"<div data-elementor-type=\"wp-post\" data-elementor-id=\"2008\" class=\"elementor elementor-2008\">\n\t\t\t\t\t\t<section class=\"elementor-section elementor-top-section elementor-element elementor-element-6ccdc95 elementor-section-content-middle elementor-section-boxed elementor-section-height-default elementor-section-height-default\" data-id=\"6ccdc95\" data-element_type=\"section\" data-e-type=\"section\" data-settings=\"{&quot;background_background&quot;:&quot;classic&quot;}\">\n\t\t\t\t\t\t\t<div class=\"elementor-background-overlay\"><\/div>\n\t\t\t\t\t\t\t<div class=\"elementor-container elementor-column-gap-no\">\n\t\t\t\t\t<div class=\"elementor-column elementor-col-100 elementor-top-column elementor-element elementor-element-4f6adc0\" data-id=\"4f6adc0\" data-element_type=\"column\" data-e-type=\"column\" data-settings=\"{&quot;background_background&quot;:&quot;classic&quot;}\">\n\t\t\t<div class=\"elementor-widget-wrap elementor-element-populated\">\n\t\t\t\t\t\t<div class=\"elementor-element elementor-element-179c706 elementor-widget elementor-widget-heading\" data-id=\"179c706\" data-element_type=\"widget\" data-e-type=\"widget\" data-widget_type=\"heading.default\">\n\t\t\t\t<div class=\"elementor-widget-container\">\n\t\t\t\t\t<h1 class=\"elementor-heading-title elementor-size-default\">Projekti kirjeldus<\/h1>\t\t\t\t<\/div>\n\t\t\t\t<\/div>\n\t\t\t\t\t<\/div>\n\t\t<\/div>\n\t\t\t\t\t<\/div>\n\t\t<\/section>\n\t\t\t\t<section class=\"elementor-section elementor-top-section elementor-element elementor-element-6ec1e06 elementor-section-boxed elementor-section-height-default elementor-section-height-default\" data-id=\"6ec1e06\" data-element_type=\"section\" data-e-type=\"section\">\n\t\t\t\t\t\t<div class=\"elementor-container elementor-column-gap-default\">\n\t\t\t\t\t<div class=\"elementor-column elementor-col-100 elementor-top-column elementor-element elementor-element-e23d401\" data-id=\"e23d401\" data-element_type=\"column\" data-e-type=\"column\">\n\t\t\t<div class=\"elementor-widget-wrap elementor-element-populated\">\n\t\t\t\t\t\t<section class=\"elementor-section elementor-inner-section elementor-element elementor-element-e51aece elementor-section-boxed elementor-section-height-default elementor-section-height-default\" data-id=\"e51aece\" data-element_type=\"section\" data-e-type=\"section\">\n\t\t\t\t\t\t<div class=\"elementor-container elementor-column-gap-no\">\n\t\t\t\t\t<div class=\"elementor-column elementor-col-33 elementor-inner-column elementor-element elementor-element-3c3eb1f\" data-id=\"3c3eb1f\" data-element_type=\"column\" data-e-type=\"column\">\n\t\t\t<div class=\"elementor-widget-wrap elementor-element-populated\">\n\t\t\t\t\t\t<div class=\"elementor-element elementor-element-334895d elementor-position-top elementor-widget elementor-widget-image-box\" data-id=\"334895d\" data-element_type=\"widget\" data-e-type=\"widget\" data-widget_type=\"image-box.default\">\n\t\t\t\t<div class=\"elementor-widget-container\">\n\t\t\t\t\t<div class=\"elementor-image-box-wrapper\"><figure class=\"elementor-image-box-img\"><img fetchpriority=\"high\" decoding=\"async\" width=\"1181\" height=\"331\" src=\"https:\/\/peipsikaup.ee\/wp-content\/uploads\/2019\/01\/1.1.-leader-2014-kleebis-veeb-h-w-col-2.jpg\" class=\"attachment-full size-full wp-image-1914\" alt=\"Leader projektitoetuse teavituse logo\" srcset=\"https:\/\/peipsikaup.ee\/wp-content\/uploads\/2019\/01\/1.1.-leader-2014-kleebis-veeb-h-w-col-2.jpg 1181w, https:\/\/peipsikaup.ee\/wp-content\/uploads\/2019\/01\/1.1.-leader-2014-kleebis-veeb-h-w-col-2-300x84.jpg 300w, https:\/\/peipsikaup.ee\/wp-content\/uploads\/2019\/01\/1.1.-leader-2014-kleebis-veeb-h-w-col-2-1024x287.jpg 1024w, https:\/\/peipsikaup.ee\/wp-content\/uploads\/2019\/01\/1.1.-leader-2014-kleebis-veeb-h-w-col-2-768x215.jpg 768w, https:\/\/peipsikaup.ee\/wp-content\/uploads\/2019\/01\/1.1.-leader-2014-kleebis-veeb-h-w-col-2-600x168.jpg 600w\" sizes=\"(max-width: 1181px) 100vw, 1181px\" \/><\/figure><\/div>\t\t\t\t<\/div>\n\t\t\t\t<\/div>\n\t\t\t\t<div class=\"elementor-element elementor-element-86e3073 elementor-position-top elementor-widget elementor-widget-image-box\" data-id=\"86e3073\" data-element_type=\"widget\" data-e-type=\"widget\" data-widget_type=\"image-box.default\">\n\t\t\t\t<div class=\"elementor-widget-container\">\n\t\t\t\t\t<div class=\"elementor-image-box-wrapper\"><figure class=\"elementor-image-box-img\"><img decoding=\"async\" width=\"1012\" height=\"572\" src=\"https:\/\/peipsikaup.ee\/wp-content\/uploads\/2019\/01\/2.-Piiriveere-Liideri-logo.png\" class=\"attachment-full size-full wp-image-1919\" alt=\"Piiriveere liider logo\" srcset=\"https:\/\/peipsikaup.ee\/wp-content\/uploads\/2019\/01\/2.-Piiriveere-Liideri-logo.png 1012w, https:\/\/peipsikaup.ee\/wp-content\/uploads\/2019\/01\/2.-Piiriveere-Liideri-logo-300x170.png 300w, https:\/\/peipsikaup.ee\/wp-content\/uploads\/2019\/01\/2.-Piiriveere-Liideri-logo-768x434.png 768w, https:\/\/peipsikaup.ee\/wp-content\/uploads\/2019\/01\/2.-Piiriveere-Liideri-logo-600x339.png 600w\" sizes=\"(max-width: 1012px) 100vw, 1012px\" \/><\/figure><\/div>\t\t\t\t<\/div>\n\t\t\t\t<\/div>\n\t\t\t\t\t<\/div>\n\t\t<\/div>\n\t\t\t\t<div class=\"elementor-column elementor-col-66 elementor-inner-column elementor-element elementor-element-1e69e34\" data-id=\"1e69e34\" data-element_type=\"column\" data-e-type=\"column\">\n\t\t\t<div class=\"elementor-widget-wrap elementor-element-populated\">\n\t\t\t\t\t\t<div class=\"elementor-element elementor-element-217c6ee elementor-widget elementor-widget-text-editor\" data-id=\"217c6ee\" data-element_type=\"widget\" data-e-type=\"widget\" data-widget_type=\"text-editor.default\">\n\t\t\t\t<div class=\"elementor-widget-container\">\n\t\t\t\t\t\t\t\t\t<div>LEADER-projektiga &#8220;R\u00e4pina meistrite e-kaubahoov&#8221; loodi R\u00e4pina meistreid tutvustav ning nende tooteid turundav koduleht e-poe funktsionaalsusega.<\/div><div><br><\/div>\n<div>Projektiga teostati:&nbsp;<\/div>\n<div>&#8211; Veebilehe loomine e-poe lahendusega.&nbsp;&nbsp;<\/div>\n<div>&#8211; Meistrite tutvustuste ja kaupade kirjelduste koostamine (tekstid, fotod).<\/div>\n<div>&#8211; Veebilehe&nbsp;sisu t\u00f5lkimine inglise, vene ja l\u00e4ti keelde.&nbsp;<\/div>\n<div>&#8211;&nbsp;E-poe tehniline tugi ja m\u00fc\u00fcgianal\u00fc\u00fcs 12 kuu v\u00e4ltel.<\/div>\n<div>&#8211; M\u00fc\u00fcgi &#8211; ja turundusstrateegia\/turundusplaani v\u00e4ljat\u00f6\u00f6tamine Eesti ja v\u00e4lismaa turgudele.<\/div>\t\t\t\t\t\t\t\t<\/div>\n\t\t\t\t<\/div>\n\t\t\t\t<div class=\"elementor-element elementor-element-1ac0888 elementor-mobile-align-center elementor-align-center elementor-widget elementor-widget-button\" data-id=\"1ac0888\" data-element_type=\"widget\" data-e-type=\"widget\" data-widget_type=\"button.default\">\n\t\t\t\t<div class=\"elementor-widget-container\">\n\t\t\t\t\t\t\t\t\t<div class=\"elementor-button-wrapper\">\n\t\t\t\t\t<a class=\"elementor-button elementor-button-link elementor-size-md\" href=\"https:\/\/peipsikaup.ee\/ru\/e-pood\/\">\n\t\t\t\t\t\t<span class=\"elementor-button-content-wrapper\">\n\t\t\t\t\t\t\t\t\t<span class=\"elementor-button-text\">tutvu e-poega<\/span>\n\t\t\t\t\t<\/span>\n\t\t\t\t\t<\/a>\n\t\t\t\t<\/div>\n\t\t\t\t\t\t\t\t<\/div>\n\t\t\t\t<\/div>\n\t\t\t\t\t<\/div>\n\t\t<\/div>\n\t\t\t\t\t<\/div>\n\t\t<\/section>\n\t\t\t\t\t<\/div>\n\t\t<\/div>\n\t\t\t\t\t<\/div>\n\t\t<\/section>\n\t\t\t\t<\/div>","protected":false},"excerpt":{"rendered":"<p>Projekti kirjeldus LEADER-projektiga &#8220;R\u00e4pina meistrite e-kaubahoov&#8221; loodi R\u00e4pina meistreid tutvustav ning nende tooteid turundav koduleht e-poe funktsionaalsusega. Projektiga teostati:&nbsp; &#8211; Veebilehe loomine e-poe lahendusega.&nbsp;&nbsp; &#8211; Meistrite tutvustuste ja kaupade kirjelduste koostamine (tekstid, fotod). &#8211; Veebilehe&nbsp;sisu t\u00f5lkimine inglise, vene ja l\u00e4ti keelde.&nbsp; &#8211;&nbsp;E-poe tehniline tugi ja m\u00fc\u00fcgianal\u00fc\u00fcs 12 kuu v\u00e4ltel. &#8211; M\u00fc\u00fcgi &#8211; ja turundusstrateegia\/turundusplaani v\u00e4ljat\u00f6\u00f6tamine &hellip;<\/p>\n<p class=\"read-more\"> <a class=\"\" href=\"https:\/\/peipsikaup.ee\/ru\/projekti-kirjeldus\/\"> <span class=\"screen-reader-text\">Projekti kirjeldus<\/span> \u0427\u0438\u0442\u0430\u0442\u044c \u0434\u0430\u043b\u0435\u0435 &raquo;<\/a><\/p>","protected":false},"author":2,"featured_media":0,"parent":0,"menu_order":0,"comment_status":"closed","ping_status":"closed","template":"","meta":{"site-sidebar-layout":"no-sidebar","site-content-layout":"page-builder","ast-global-header-display":"","ast-main-header-display":"","ast-hfb-above-header-display":"","ast-hfb-below-header-display":"","ast-hfb-mobile-header-display":"","site-post-title":"disabled","ast-breadcrumbs-content":"","ast-featured-img":"disabled","footer-sml-layout":"","theme-transparent-header-meta":"enabled","adv-header-id-meta":"","stick-header-meta":"default","header-above-stick-meta":"","header-main-stick-meta":"","header-below-stick-meta":"","footnotes":""},"class_list":["post-2008","page","type-page","status-publish","hentry"],"yoast_head":"<!-- This site is optimized with the Yoast SEO plugin v27.2 - https:\/\/yoast.com\/product\/yoast-seo-wordpress\/ -->\n<title>Projekti kirjeldus - Peipsi kaup<\/title>\n<meta name=\"robots\" content=\"index, follow, max-snippet:-1, max-image-preview:large, max-video-preview:-1\" \/>\n<link rel=\"canonical\" href=\"https:\/\/peipsikaup.ee\/ru\/projekti-kirjeldus\/\" \/>\n<meta property=\"og:locale\" content=\"ru_RU\" \/>\n<meta property=\"og:type\" content=\"article\" \/>\n<meta property=\"og:title\" content=\"Projekti kirjeldus - Peipsi kaup\" \/>\n<meta property=\"og:description\" content=\"Projekti kirjeldus LEADER-projektiga &#8220;R\u00e4pina meistrite e-kaubahoov&#8221; loodi R\u00e4pina meistreid tutvustav ning nende tooteid turundav koduleht e-poe funktsionaalsusega. Projektiga teostati:&nbsp; &#8211; Veebilehe loomine e-poe lahendusega.&nbsp;&nbsp; &#8211; Meistrite tutvustuste ja kaupade kirjelduste koostamine (tekstid, fotod). &#8211; Veebilehe&nbsp;sisu t\u00f5lkimine inglise, vene ja l\u00e4ti keelde.&nbsp; &#8211;&nbsp;E-poe tehniline tugi ja m\u00fc\u00fcgianal\u00fc\u00fcs 12 kuu v\u00e4ltel. &#8211; M\u00fc\u00fcgi &#8211; ja turundusstrateegia\/turundusplaani v\u00e4ljat\u00f6\u00f6tamine &hellip; Projekti kirjeldus \u0427\u0438\u0442\u0430\u0442\u044c \u0434\u0430\u043b\u0435\u0435 &raquo;\" \/>\n<meta property=\"og:url\" content=\"https:\/\/peipsikaup.ee\/ru\/projekti-kirjeldus\/\" \/>\n<meta property=\"og:site_name\" content=\"Peipsi kaup\" \/>\n<meta property=\"article:modified_time\" content=\"2021-09-30T20:12:04+00:00\" \/>\n<meta property=\"og:image\" content=\"https:\/\/peipsikaup.ee\/wp-content\/uploads\/2019\/01\/1.1.-leader-2014-kleebis-veeb-h-w-col-2.jpg\" \/>\n<meta name=\"twitter:card\" content=\"summary_large_image\" \/>\n<meta name=\"twitter:label1\" content=\"\u041f\u0440\u0438\u043c\u0435\u0440\u043d\u043e\u0435 \u0432\u0440\u0435\u043c\u044f \u0434\u043b\u044f \u0447\u0442\u0435\u043d\u0438\u044f\" \/>\n\t<meta name=\"twitter:data1\" content=\"1 \u043c\u0438\u043d\u0443\u0442\u0430\" \/>\n<script type=\"application\/ld+json\" class=\"yoast-schema-graph\">{\"@context\":\"https:\/\/schema.org\",\"@graph\":[{\"@type\":\"WebPage\",\"@id\":\"https:\/\/peipsikaup.ee\/projekti-kirjeldus\/\",\"url\":\"https:\/\/peipsikaup.ee\/projekti-kirjeldus\/\",\"name\":\"Projekti kirjeldus - Peipsi kaup\",\"isPartOf\":{\"@id\":\"https:\/\/peipsikaup.ee\/#website\"},\"primaryImageOfPage\":{\"@id\":\"https:\/\/peipsikaup.ee\/projekti-kirjeldus\/#primaryimage\"},\"image\":{\"@id\":\"https:\/\/peipsikaup.ee\/projekti-kirjeldus\/#primaryimage\"},\"thumbnailUrl\":\"https:\/\/peipsikaup.ee\/wp-content\/uploads\/2019\/01\/1.1.-leader-2014-kleebis-veeb-h-w-col-2.jpg\",\"datePublished\":\"2021-05-22T22:35:18+00:00\",\"dateModified\":\"2021-09-30T20:12:04+00:00\",\"breadcrumb\":{\"@id\":\"https:\/\/peipsikaup.ee\/projekti-kirjeldus\/#breadcrumb\"},\"inLanguage\":\"ru-RU\",\"potentialAction\":[{\"@type\":\"ReadAction\",\"target\":[\"https:\/\/peipsikaup.ee\/projekti-kirjeldus\/\"]}]},{\"@type\":\"ImageObject\",\"inLanguage\":\"ru-RU\",\"@id\":\"https:\/\/peipsikaup.ee\/projekti-kirjeldus\/#primaryimage\",\"url\":\"https:\/\/peipsikaup.ee\/wp-content\/uploads\/2019\/01\/1.1.-leader-2014-kleebis-veeb-h-w-col-2.jpg\",\"contentUrl\":\"https:\/\/peipsikaup.ee\/wp-content\/uploads\/2019\/01\/1.1.-leader-2014-kleebis-veeb-h-w-col-2.jpg\"},{\"@type\":\"BreadcrumbList\",\"@id\":\"https:\/\/peipsikaup.ee\/projekti-kirjeldus\/#breadcrumb\",\"itemListElement\":[{\"@type\":\"ListItem\",\"position\":1,\"name\":\"Home\",\"item\":\"https:\/\/peipsikaup.ee\/\"},{\"@type\":\"ListItem\",\"position\":2,\"name\":\"Projekti kirjeldus\"}]},{\"@type\":\"WebSite\",\"@id\":\"https:\/\/peipsikaup.ee\/#website\",\"url\":\"https:\/\/peipsikaup.ee\/\",\"name\":\"Peipsi kaup\",\"description\":\"eheda ja isikup\u00e4rase k\u00e4sit\u00f6\u00f6 veebipood\",\"publisher\":{\"@id\":\"https:\/\/peipsikaup.ee\/#organization\"},\"potentialAction\":[{\"@type\":\"SearchAction\",\"target\":{\"@type\":\"EntryPoint\",\"urlTemplate\":\"https:\/\/peipsikaup.ee\/?s={search_term_string}\"},\"query-input\":{\"@type\":\"PropertyValueSpecification\",\"valueRequired\":true,\"valueName\":\"search_term_string\"}}],\"inLanguage\":\"ru-RU\"},{\"@type\":\"Organization\",\"@id\":\"https:\/\/peipsikaup.ee\/#organization\",\"name\":\"Peipsi kaup\",\"url\":\"https:\/\/peipsikaup.ee\/\",\"logo\":{\"@type\":\"ImageObject\",\"inLanguage\":\"ru-RU\",\"@id\":\"https:\/\/peipsikaup.ee\/#\/schema\/logo\/image\/\",\"url\":\"https:\/\/peipsikaup.ee\/wp-content\/uploads\/2022\/01\/cropped-Peipsikaup-loho-pisike.png\",\"contentUrl\":\"https:\/\/peipsikaup.ee\/wp-content\/uploads\/2022\/01\/cropped-Peipsikaup-loho-pisike.png\",\"width\":180,\"height\":60,\"caption\":\"Peipsi kaup\"},\"image\":{\"@id\":\"https:\/\/peipsikaup.ee\/#\/schema\/logo\/image\/\"}}]}<\/script>\n<!-- \/ Yoast SEO plugin. -->","yoast_head_json":{"title":"Projekti kirjeldus - Peipsi kaup","robots":{"index":"index","follow":"follow","max-snippet":"max-snippet:-1","max-image-preview":"max-image-preview:large","max-video-preview":"max-video-preview:-1"},"canonical":"https:\/\/peipsikaup.ee\/ru\/projekti-kirjeldus\/","og_locale":"ru_RU","og_type":"article","og_title":"Projekti kirjeldus - Peipsi kaup","og_description":"Projekti kirjeldus LEADER-projektiga &#8220;R\u00e4pina meistrite e-kaubahoov&#8221; loodi R\u00e4pina meistreid tutvustav ning nende tooteid turundav koduleht e-poe funktsionaalsusega. Projektiga teostati:&nbsp; &#8211; Veebilehe loomine e-poe lahendusega.&nbsp;&nbsp; &#8211; Meistrite tutvustuste ja kaupade kirjelduste koostamine (tekstid, fotod). &#8211; Veebilehe&nbsp;sisu t\u00f5lkimine inglise, vene ja l\u00e4ti keelde.&nbsp; &#8211;&nbsp;E-poe tehniline tugi ja m\u00fc\u00fcgianal\u00fc\u00fcs 12 kuu v\u00e4ltel. &#8211; M\u00fc\u00fcgi &#8211; ja turundusstrateegia\/turundusplaani v\u00e4ljat\u00f6\u00f6tamine &hellip; Projekti kirjeldus \u0427\u0438\u0442\u0430\u0442\u044c \u0434\u0430\u043b\u0435\u0435 &raquo;","og_url":"https:\/\/peipsikaup.ee\/ru\/projekti-kirjeldus\/","og_site_name":"Peipsi kaup","article_modified_time":"2021-09-30T20:12:04+00:00","og_image":[{"url":"https:\/\/peipsikaup.ee\/wp-content\/uploads\/2019\/01\/1.1.-leader-2014-kleebis-veeb-h-w-col-2.jpg","type":"","width":"","height":""}],"twitter_card":"summary_large_image","twitter_misc":{"\u041f\u0440\u0438\u043c\u0435\u0440\u043d\u043e\u0435 \u0432\u0440\u0435\u043c\u044f \u0434\u043b\u044f \u0447\u0442\u0435\u043d\u0438\u044f":"1 \u043c\u0438\u043d\u0443\u0442\u0430"},"schema":{"@context":"https:\/\/schema.org","@graph":[{"@type":"WebPage","@id":"https:\/\/peipsikaup.ee\/projekti-kirjeldus\/","url":"https:\/\/peipsikaup.ee\/projekti-kirjeldus\/","name":"Projekti kirjeldus - Peipsi kaup","isPartOf":{"@id":"https:\/\/peipsikaup.ee\/#website"},"primaryImageOfPage":{"@id":"https:\/\/peipsikaup.ee\/projekti-kirjeldus\/#primaryimage"},"image":{"@id":"https:\/\/peipsikaup.ee\/projekti-kirjeldus\/#primaryimage"},"thumbnailUrl":"https:\/\/peipsikaup.ee\/wp-content\/uploads\/2019\/01\/1.1.-leader-2014-kleebis-veeb-h-w-col-2.jpg","datePublished":"2021-05-22T22:35:18+00:00","dateModified":"2021-09-30T20:12:04+00:00","breadcrumb":{"@id":"https:\/\/peipsikaup.ee\/projekti-kirjeldus\/#breadcrumb"},"inLanguage":"ru-RU","potentialAction":[{"@type":"ReadAction","target":["https:\/\/peipsikaup.ee\/projekti-kirjeldus\/"]}]},{"@type":"ImageObject","inLanguage":"ru-RU","@id":"https:\/\/peipsikaup.ee\/projekti-kirjeldus\/#primaryimage","url":"https:\/\/peipsikaup.ee\/wp-content\/uploads\/2019\/01\/1.1.-leader-2014-kleebis-veeb-h-w-col-2.jpg","contentUrl":"https:\/\/peipsikaup.ee\/wp-content\/uploads\/2019\/01\/1.1.-leader-2014-kleebis-veeb-h-w-col-2.jpg"},{"@type":"BreadcrumbList","@id":"https:\/\/peipsikaup.ee\/projekti-kirjeldus\/#breadcrumb","itemListElement":[{"@type":"ListItem","position":1,"name":"Home","item":"https:\/\/peipsikaup.ee\/"},{"@type":"ListItem","position":2,"name":"Projekti kirjeldus"}]},{"@type":"WebSite","@id":"https:\/\/peipsikaup.ee\/#website","url":"https:\/\/peipsikaup.ee\/","name":"\u0422\u043e\u0440\u0433\u043e\u0432\u043b\u044f \u043d\u0430 \u0427\u0443\u0434\u0441\u043a\u043e\u043c \u043e\u0441\u0442\u0440\u043e\u0432\u0435","description":"eheda ja isikup\u00e4rase k\u00e4sit\u00f6\u00f6 veebipood","publisher":{"@id":"https:\/\/peipsikaup.ee\/#organization"},"potentialAction":[{"@type":"SearchAction","target":{"@type":"EntryPoint","urlTemplate":"https:\/\/peipsikaup.ee\/?s={search_term_string}"},"query-input":{"@type":"PropertyValueSpecification","valueRequired":true,"valueName":"search_term_string"}}],"inLanguage":"ru-RU"},{"@type":"Organization","@id":"https:\/\/peipsikaup.ee\/#organization","name":"\u0422\u043e\u0440\u0433\u043e\u0432\u043b\u044f \u043d\u0430 \u0427\u0443\u0434\u0441\u043a\u043e\u043c \u043e\u0441\u0442\u0440\u043e\u0432\u0435","url":"https:\/\/peipsikaup.ee\/","logo":{"@type":"ImageObject","inLanguage":"ru-RU","@id":"https:\/\/peipsikaup.ee\/#\/schema\/logo\/image\/","url":"https:\/\/peipsikaup.ee\/wp-content\/uploads\/2022\/01\/cropped-Peipsikaup-loho-pisike.png","contentUrl":"https:\/\/peipsikaup.ee\/wp-content\/uploads\/2022\/01\/cropped-Peipsikaup-loho-pisike.png","width":180,"height":60,"caption":"Peipsi kaup"},"image":{"@id":"https:\/\/peipsikaup.ee\/#\/schema\/logo\/image\/"}}]}},"_links":{"self":[{"href":"https:\/\/peipsikaup.ee\/ru\/wp-json\/wp\/v2\/pages\/2008","targetHints":{"allow":["GET"]}}],"collection":[{"href":"https:\/\/peipsikaup.ee\/ru\/wp-json\/wp\/v2\/pages"}],"about":[{"href":"https:\/\/peipsikaup.ee\/ru\/wp-json\/wp\/v2\/types\/page"}],"author":[{"embeddable":true,"href":"https:\/\/peipsikaup.ee\/ru\/wp-json\/wp\/v2\/users\/2"}],"replies":[{"embeddable":true,"href":"https:\/\/peipsikaup.ee\/ru\/wp-json\/wp\/v2\/comments?post=2008"}],"version-history":[{"count":0,"href":"https:\/\/peipsikaup.ee\/ru\/wp-json\/wp\/v2\/pages\/2008\/revisions"}],"wp:attachment":[{"href":"https:\/\/peipsikaup.ee\/ru\/wp-json\/wp\/v2\/media?parent=2008"}],"curies":[{"name":"wp","href":"https:\/\/api.w.org\/{rel}","templated":true}]}}