{"id":1989,"date":"2021-05-22T22:18:32","date_gmt":"2021-05-22T22:18:32","guid":{"rendered":"https:\/\/peipsikaup.ee\/?page_id=1989"},"modified":"2021-09-30T20:05:10","modified_gmt":"2021-09-30T20:05:10","slug":"muugitingimused","status":"publish","type":"page","link":"https:\/\/peipsikaup.ee\/ru\/muugitingimused\/","title":{"rendered":"\u0423\u0441\u043b\u043e\u0432\u0438\u044f \u043f\u0440\u043e\u0434\u0430\u0436\u0438"},"content":{"rendered":"<div data-elementor-type=\"wp-page\" data-elementor-id=\"1989\" class=\"elementor elementor-1989\">\n\t\t\t\t\t\t<section class=\"elementor-section elementor-top-section elementor-element elementor-element-512fef78 elementor-section-boxed elementor-section-height-default elementor-section-height-default\" data-id=\"512fef78\" data-element_type=\"section\" data-e-type=\"section\">\n\t\t\t\t\t\t<div class=\"elementor-container elementor-column-gap-default\">\n\t\t\t\t\t<div class=\"elementor-column elementor-col-100 elementor-top-column elementor-element elementor-element-1c73a8fe\" data-id=\"1c73a8fe\" data-element_type=\"column\" data-e-type=\"column\">\n\t\t\t<div class=\"elementor-widget-wrap elementor-element-populated\">\n\t\t\t\t\t\t<div class=\"elementor-element elementor-element-125574f1 elementor-widget elementor-widget-text-editor\" data-id=\"125574f1\" data-element_type=\"widget\" data-e-type=\"widget\" data-widget_type=\"text-editor.default\">\n\t\t\t\t<div class=\"elementor-widget-container\">\n\t\t\t\t\t\t\t\t\t<p><\/p>\n<p><span style=\"font-size: 15px;\">Veebipoe peipsikaup.ee<\/span>&nbsp; <span style=\"font-size: 15px;\">(edaspidi Veebipood) omanik MT\u00dc RAPPIN KOTUS (registrikood 80186852) asukohaga P\u00f5lvamaa, R\u00e4pina vald, R\u00e4pina linn, Pargi tn 31, 64505.<\/span><br><\/p>\n<p><b>M\u00fc\u00fcgilepingu kehtivus, kauba- ja hinnainfo<span class=\"Apple-converted-space\">&nbsp;<\/span><\/b><\/p>\n<p>M\u00fc\u00fcgitingimused kehtivad Veebipoest kaupade ostmisel. <span class=\"Apple-converted-space\">&nbsp;<\/span><\/p>\n<p>Veebipoes m\u00fc\u00fcdavate toodete hinnad on m\u00e4rgitud toodete juurde. Hinnale lisandub tasu kauba k\u00e4ttetoimetamise eest.<span class=\"Apple-converted-space\">&nbsp;<\/span><\/p>\n<p>Kauba k\u00e4ttetoimetamise tasu s\u00f5ltub ostja asukohast ning k\u00e4ttetoimetamise viisist. K\u00e4ttetoimetamise tasu kuvatakse ostjale tellimuse vormistamisel.<span class=\"Apple-converted-space\">&nbsp;<\/span><\/p>\n<p>Teave kauba kohta on esitatud Veebipoes vahetult kauba juures.<\/p>\n<p><b>Tellimuse vormistamine<\/b><\/p>\n<p>Kauba tellimiseks tuleb lisada soovitud tooted ostukorvi. Tellimuse vormistamiseks tuleb t\u00e4ita n\u00f5utud andmev\u00e4ljad ning valida sobiv toodete kohaletoimetamise viis. Seej\u00e4rel kuvatakse ekraanile tasu suurus, mille saab tasuda pangalingi kaudu v\u00f5i muu makselahenduse abil.<\/p>\n<p>Alkoholi ning alkoholivaba veini, \u00f5lut ja siidrit m\u00fc\u00fcakse ainult t\u00e4isealistele Klientidele, kes on tellimuse esitamisel kinnitanud, et on v\u00e4hemalt 18-aastased. Kliendi vanust kontrollitakse alkoholi ning alkoholivaba veini, \u00f5lu ja siidri \u00fcleandmisel.<\/p>\n<p>Leping j\u00f5ustub alates tasumisele kuuluva summa laekumisest Veebipoe arvelduskontole.<span class=\"Apple-converted-space\">&nbsp;<\/span><\/p>\n<p>Kui tellitud kaupa ei ole v\u00f5imalik tarnida seoses kauba l\u00f5ppemisega v\u00f5i muul p\u00f5hjusel, teavitatakse sellest ostjat esimesel v\u00f5imalusel ning tagastatakse tasutud raha (sh kauba k\u00e4ttetoimetamise kulud) viivitamata, kuid mitte hiljem kui 14 p\u00e4eva jooksul teate saatmisest.<\/p>\n<p><b>Maksetingimused<\/b><\/p>\n<p>Ostu eest on Teil v\u00f5imalik tasuda eurodes j\u00e4rgnevatel viisidel:<\/p>\n<p>Tellimuse eest on v\u00f5imalik tasuda makseteenuse pakkuja kaudu pangalinkide v\u00f5i pangakaardiga. Tasumine toimub v\u00e4ljaspool E-poodi turvalises maksekeskkonnas, mida vahendab makseteenuse pakkuja. Valides soovitud pangalingi, avaneb Sulle Maksekeskuse kaudu eelt\u00e4idetud maksekorraldus, mida kinnitades saad oma tellimuse eest tasuda.<\/p>\n<p>Tellimise eest on v\u00f5imalik tasuda \u00fclekandega MT\u00dc RAPPIN KOTUS<span class=\"Apple-converted-space\">&nbsp; <\/span>arveldusarvele EE192200221023122278 (Swedbank) hiljemalt 3 pangap\u00e4eva jooksul alates tellimuse tegemisest. Oleksime t\u00e4nulikud, kui teavitaksite meid e-kirja teel \u00fclekande sooritamisest, et saaksime Teie tellimuse ilma liigse viivituseta \u00e4ra saata.<\/p>\n<p>Veebipood on isikuandmete vastutav t\u00f6\u00f6tleja, veebipood edastab maksete teostamiseks vajalikud isikuandmed volitatud t\u00f6\u00f6tlejast makseteenuse pakkujale.<\/p>\n<p><b>Kohaletoimetamine<\/b><\/p>\n<p>Kaupu saadetakse Eesti Vabariigi piires.<\/p>\n<p>K\u00f5ik veebipoest ostetud kaubad j\u00f5uavad Ostja poolt valitud pakiautomaati v\u00f5i tellitud aadressile.<\/p>\n<p>Kauba saatmiskulud kannab ostja ning vastav hinnainfo on kuvatud saatmisviisi juures. Eestisisesed saadetised j\u00f5uavad \u00fcldjuhul ostja m\u00e4\u00e4ratud sihtpunkti 3-7 t\u00f6\u00f6p\u00e4eva jooksul alates m\u00fc\u00fcgilepingu j\u00f5ustumist. Pikim tarneaeg on 7 t\u00f6\u00f6p\u00e4eva, kui ei ole toote juures m\u00e4rgitud teisiti.<\/p>\n<p>Alkoholi ning alkoholivaba veini, \u00f5lu ja siidri \u00fcleandmisel on kulleril \u00f5igus n\u00f5uda vanuse tuvastamiseks isikut t\u00f5endava dokumendi esitamist. Kui dokumenti ei esitata, on kulleril \u00f5igus j\u00e4tta eelnimetatud Tooted \u00fcle andmata.<\/p>\n<p><b>\u041f\u0440\u0430\u0432\u043e \u043d\u0430 \u043e\u0442\u0437\u044b\u0432<\/b><\/p>\n<p>P\u00e4rast tellimuse k\u00e4ttesaamist on ostjal \u00f5igus veebipoes s\u00f5lmitud lepingust taganeda 14 p\u00e4eva jooksul (olenevalt toodetest ei pruugi ostjal taganemise \u00f5igust olla, vastavad tooted ja teenused tuleb sellisel juhul loetleda ning need peavad vastama v\u00f5la\u00f5igusseaduse&nbsp;\u00a7 53 lg-s 4 loetletud <a href=\"https:\/\/www.riigiteataja.ee\/akt\/961235?leiaKehtiv\">tingimustele<\/a>).<span class=\"Apple-converted-space\">&nbsp;<\/span><\/p>\n<p>Taganemis\u00f5igus ei kohaldu, kui ostjaks on juriidiline isik.<span class=\"Apple-converted-space\">&nbsp;<\/span><\/p>\n<p>14-p\u00e4evase tagastamis\u00f5iguse kasutamiseks ei tohi tellitud kaupa kasutada muul viisil kui on vajalik kauba olemuses, omadustes ja toimimises veendumiseks viisil, nagu see on lubatud kauba testimiseks f\u00fc\u00fcsilises poes.<span class=\"Apple-converted-space\">&nbsp;<\/span><\/p>\n<p>Kui kaupa on kasutatud muuks otstarbeks kui on vajalik kauba olemuses, omadustes ja toimimises veendumiseks v\u00f5i sellel on kasutamise v\u00f5i kulumise m\u00e4rke, on Veebipoel \u00f5igus alandada tagastatavat tasu vastavalt kauba v\u00e4\u00e4rtuse v\u00e4henemisele.<span class=\"Apple-converted-space\">&nbsp;<\/span><\/p>\n<p>Kauba tagastamiseks tuleb esitada kauba ostmisest <a href=\"https:\/\/peipsikaup.ee\/wp-content\/uploads\/2021\/05\/Taganemisavaldus.pdf\">taganemise avaldus<\/a>&nbsp;ning saata see e-posti (info@peipsikaup.ee) aadressile hiljemalt 14 p\u00e4eva jooksul kauba k\u00e4ttesaamisest.<span class=\"Apple-converted-space\">&nbsp;<\/span><\/p>\n<p>Kauba tagastamise kulud kannab ostja, v\u00e4lja arvatud juhul, kui tagastamise p\u00f5hjus seisneb asjaolus, et tagastamisele kuuluv asi ei vasta tellitule (nt vale v\u00f5i defektiga asi).<span class=\"Apple-converted-space\">&nbsp;<\/span><\/p>\n<p>Ostja peab kauba tagastama avalduse esitamisele j\u00e4rgneva 14 p\u00e4eva jooksul v\u00f5i esitama t\u00f5endi, et ta on eelnimetatud perioodi jooksul kauba \u00fcle andnud kauba vedajale.<span class=\"Apple-converted-space\">&nbsp;<\/span><\/p>\n<p>Veebipood tagastab tagastatava kauba k\u00e4ttesaamisel ostjale viivitamata, kuid mitte hiljem kui 14 p\u00e4eva m\u00f6\u00f6dumisel arvates taganemisavalduse saamisest, k\u00f5ik ostjalt lepingu alusel saadud tasud.<span class=\"Apple-converted-space\">&nbsp;<\/span><\/p>\n<p>Veebipood v\u00f5ib keelduda tagasimaksete tegemisest seni, kuni on lepingu esemeks oleva asja tagasi saanud v\u00f5i kuni ostja on esitanud t\u00f5endid, et on asja tagasi saatnud, s\u00f5ltuvalt sellest, kumb toimub varem.<\/p>\n<p>Kui ostja on s\u00f5naselgelt valinud Veebipoe pakutud k\u00f5ige odavamast tavap\u00e4rasest asja k\u00e4ttetoimetamise viisist erineva k\u00e4ttetoimetamise viisi, ei pea Veebipood tarbijale tagastama kulu, mis \u00fcletab tavap\u00e4rase k\u00e4ttetoimetamise viisiga seotud kulu.<span class=\"Apple-converted-space\">&nbsp;<\/span><\/p>\n<p>Veebipoel on \u00f5igus taganeda m\u00fc\u00fcgitehingust, kui kauba hind veebipoes on eksituse t\u00f5ttu m\u00e4rgitud oluliselt alla kauba turuhinna.<span class=\"Apple-converted-space\">&nbsp;<\/span><\/p>\n<p><b>Pretensiooni esitamise \u00f5igus<span class=\"Apple-converted-space\">&nbsp;<\/span><\/b><\/p>\n<p>Veebipood vastutab ostjale m\u00fc\u00fcdud kauba lepingutingimustele mittevastavuse v\u00f5i puuduse eest, mis oli olemas juba asja \u00fcleandmise hetkel ning mis ilmneb kuni kahe aasta jooksul, alates kauba \u00fcleandmisest ostjale. Sellest esimese kuue kuu jooksul asja \u00fcleandmisest ostjale eeldatakse, et puudus oli olemas juba asja \u00fcleandmise ajal. Vastava eelduse \u00fcmberl\u00fckkamine on Veebipoe kohustus.<span class=\"Apple-converted-space\">&nbsp;<\/span><\/p>\n<p>Ostjal on \u00f5igus puuduse ilmnemisel p\u00f6\u00f6rduda hiljemalt kahe kuu jooksul veebipoe poole, saates ekirja aadressile info@peipsikaup.ee v\u00f5i helistada telefonil: (+372) 53010830.<\/p>\n<p>Veebipood ei vastuta puuduste eest, mis on tekkinud p\u00e4rast kauba \u00fcleandmist ostjale. Kui Veebipoest ostetud kaubal on puudused, mille eest Veebipood vastutab, parandab v\u00f5i asendab Veebipood puudusega kauba. Kui kaupa ei ole v\u00f5imalik parandada ega asendada, tagastab Veebipood ostjale k\u00f5ik m\u00fc\u00fcgilepinguga kaasnenud tasud.<span class=\"Apple-converted-space\">&nbsp;<\/span><\/p>\n<p>Veebipood vastab tarbija esitatud kaebusele kirjalikult v\u00f5i kirjalikku taasesitamist v\u00f5imaldavas vormis 15 p\u00e4eva jooksul.<span class=\"Apple-converted-space\">&nbsp;<\/span><\/p>\n<p><b>Otseturustus ja isikuandmete t\u00f6\u00f6tlemine<\/b><\/p>\n<p>Veebipood kasutab ostja poolt sisestatud isikuandmeid (sh nimi, telefoninumber, aadress, e-maili aadress, pangarekvisiidid) ainult tellimuse t\u00f6\u00f6tlemiseks ning kauba ostjale saatmiseks. Veebipood edastab isikuandmeid veoteenust pakkuvale ettev\u00f5tetele selleks, et kohale toimetada kaupa.<span class=\"Apple-converted-space\">&nbsp;<\/span><\/p>\n<p>Veebipood saadab ostjale uudiskirju ning pakkumisi ostja e-maili aadressile ainult juhul, kui ostja on selleks avaldanud soovi sisestades veebilehel e-kirja aadressi ning andnud teada oma soovist otsepostituse teadete saamiseks.<span class=\"Apple-converted-space\">&nbsp;<\/span><\/p>\n<p>Ostjal on igal ajal v\u00f5imalik loobuda e-postile saadetavatest pakkumistest ja uudiskirjadest andes sellest meile teada e-kirja teel v\u00f5i j\u00e4rgides pakkumisi sisaldava e-kirjas toodud juhiseid.<span class=\"Apple-converted-space\">&nbsp;<\/span><\/p>\n<p><b>Vaidluste lahendamine<\/b><\/p>\n<p>Kui ostjal on Veebipoe osas pretensioone, tuleb need saata e-kirja aadressile info@peipsikaup.ee v\u00f5i<span class=\"Apple-converted-space\">&nbsp; <\/span>helistada telefonil: (+372) 53010830.<span class=\"Apple-converted-space\">&nbsp;<\/span><\/p>\n<p>Kui ostja ja Veebipood ei suuda lahenda vaidlust kokkuleppe teel, siis on ostjal v\u00f5imalik p\u00f6\u00f6rduda <a href=\"https:\/\/komisjon.ee\/et\">Tarbijavaidluste komisjoni<\/a> poole. &nbsp;Tarbijavaidluste komisjoni p\u00e4devuses on lahendada ostja ja Veebipoe vahel s\u00f5lmitud lepingust tulenevaid vaidlusi. Ostja kaebuse l\u00e4bivaatamine komisjonis on tasuta. Ostja v\u00f5ib p\u00f6\u00f6rduda <a href=\"https:\/\/ec.europa.eu\/consumers\/odr\/main\/index.cfm?event=main.home.chooseLanguage\">Euroopa Liidu tarbijavaidlusi lahendava platvormi poole<\/a>.<\/p>\n<p><\/p>\t\t\t\t\t\t\t\t<\/div>\n\t\t\t\t<\/div>\n\t\t\t\t\t<\/div>\n\t\t<\/div>\n\t\t\t\t\t<\/div>\n\t\t<\/section>\n\t\t\t\t<\/div>","protected":false},"excerpt":{"rendered":"<p>Veebipoe peipsikaup.ee&nbsp; (edaspidi Veebipood) omanik MT\u00dc RAPPIN KOTUS (registrikood 80186852) asukohaga P\u00f5lvamaa, R\u00e4pina vald, R\u00e4pina linn, Pargi tn 31, 64505. M\u00fc\u00fcgilepingu kehtivus, kauba- ja hinnainfo&nbsp; M\u00fc\u00fcgitingimused kehtivad Veebipoest kaupade ostmisel. &nbsp; Veebipoes m\u00fc\u00fcdavate toodete hinnad on m\u00e4rgitud toodete juurde. Hinnale lisandub tasu kauba k\u00e4ttetoimetamise eest.&nbsp; Kauba k\u00e4ttetoimetamise tasu s\u00f5ltub ostja asukohast ning k\u00e4ttetoimetamise viisist. K\u00e4ttetoimetamise &hellip;<\/p>\n<p class=\"read-more\"> <a class=\"\" href=\"https:\/\/peipsikaup.ee\/ru\/muugitingimused\/\"> <span class=\"screen-reader-text\">\u0423\u0441\u043b\u043e\u0432\u0438\u044f \u043f\u0440\u043e\u0434\u0430\u0436\u0438<\/span> \u0427\u0438\u0442\u0430\u0442\u044c \u0434\u0430\u043b\u0435\u0435 &raquo;<\/a><\/p>","protected":false},"author":2,"featured_media":0,"parent":0,"menu_order":0,"comment_status":"closed","ping_status":"open","template":"","meta":{"site-sidebar-layout":"default","site-content-layout":"default","ast-global-header-display":"","ast-main-header-display":"","ast-hfb-above-header-display":"","ast-hfb-below-header-display":"","ast-hfb-mobile-header-display":"","site-post-title":"","ast-breadcrumbs-content":"","ast-featured-img":"","footer-sml-layout":"","theme-transparent-header-meta":"default","adv-header-id-meta":"","stick-header-meta":"default","header-above-stick-meta":"","header-main-stick-meta":"","header-below-stick-meta":"","footnotes":""},"class_list":["post-1989","page","type-page","status-publish","hentry"],"yoast_head":"<!-- This site is optimized with the Yoast SEO plugin v27.2 - https:\/\/yoast.com\/product\/yoast-seo-wordpress\/ -->\n<title>M\u00fc\u00fcgitingimused - Peipsi kaup<\/title>\n<meta name=\"robots\" content=\"index, follow, max-snippet:-1, max-image-preview:large, max-video-preview:-1\" \/>\n<link rel=\"canonical\" href=\"https:\/\/peipsikaup.ee\/ru\/muugitingimused\/\" \/>\n<meta property=\"og:locale\" content=\"ru_RU\" \/>\n<meta property=\"og:type\" content=\"article\" \/>\n<meta property=\"og:title\" content=\"M\u00fc\u00fcgitingimused - Peipsi kaup\" \/>\n<meta property=\"og:description\" content=\"Veebipoe peipsikaup.ee&nbsp; (edaspidi Veebipood) omanik MT\u00dc RAPPIN KOTUS (registrikood 80186852) asukohaga P\u00f5lvamaa, R\u00e4pina vald, R\u00e4pina linn, Pargi tn 31, 64505. M\u00fc\u00fcgilepingu kehtivus, kauba- ja hinnainfo&nbsp; M\u00fc\u00fcgitingimused kehtivad Veebipoest kaupade ostmisel. &nbsp; Veebipoes m\u00fc\u00fcdavate toodete hinnad on m\u00e4rgitud toodete juurde. Hinnale lisandub tasu kauba k\u00e4ttetoimetamise eest.&nbsp; Kauba k\u00e4ttetoimetamise tasu s\u00f5ltub ostja asukohast ning k\u00e4ttetoimetamise viisist. K\u00e4ttetoimetamise &hellip; M\u00fc\u00fcgitingimused \u0427\u0438\u0442\u0430\u0442\u044c \u0434\u0430\u043b\u0435\u0435 &raquo;\" \/>\n<meta property=\"og:url\" content=\"https:\/\/peipsikaup.ee\/ru\/muugitingimused\/\" \/>\n<meta property=\"og:site_name\" content=\"Peipsi kaup\" \/>\n<meta property=\"article:modified_time\" content=\"2021-09-30T20:05:10+00:00\" \/>\n<meta name=\"twitter:card\" content=\"summary_large_image\" \/>\n<meta name=\"twitter:label1\" content=\"\u041f\u0440\u0438\u043c\u0435\u0440\u043d\u043e\u0435 \u0432\u0440\u0435\u043c\u044f \u0434\u043b\u044f \u0447\u0442\u0435\u043d\u0438\u044f\" \/>\n\t<meta name=\"twitter:data1\" content=\"5 \u043c\u0438\u043d\u0443\u0442\" \/>\n<script type=\"application\/ld+json\" class=\"yoast-schema-graph\">{\"@context\":\"https:\/\/schema.org\",\"@graph\":[{\"@type\":\"WebPage\",\"@id\":\"https:\/\/peipsikaup.ee\/muugitingimused\/\",\"url\":\"https:\/\/peipsikaup.ee\/muugitingimused\/\",\"name\":\"M\u00fc\u00fcgitingimused - Peipsi kaup\",\"isPartOf\":{\"@id\":\"https:\/\/peipsikaup.ee\/#website\"},\"datePublished\":\"2021-05-22T22:18:32+00:00\",\"dateModified\":\"2021-09-30T20:05:10+00:00\",\"breadcrumb\":{\"@id\":\"https:\/\/peipsikaup.ee\/muugitingimused\/#breadcrumb\"},\"inLanguage\":\"ru-RU\",\"potentialAction\":[{\"@type\":\"ReadAction\",\"target\":[\"https:\/\/peipsikaup.ee\/muugitingimused\/\"]}]},{\"@type\":\"BreadcrumbList\",\"@id\":\"https:\/\/peipsikaup.ee\/muugitingimused\/#breadcrumb\",\"itemListElement\":[{\"@type\":\"ListItem\",\"position\":1,\"name\":\"Home\",\"item\":\"https:\/\/peipsikaup.ee\/\"},{\"@type\":\"ListItem\",\"position\":2,\"name\":\"M\u00fc\u00fcgitingimused\"}]},{\"@type\":\"WebSite\",\"@id\":\"https:\/\/peipsikaup.ee\/#website\",\"url\":\"https:\/\/peipsikaup.ee\/\",\"name\":\"Peipsi kaup\",\"description\":\"eheda ja isikup\u00e4rase k\u00e4sit\u00f6\u00f6 veebipood\",\"publisher\":{\"@id\":\"https:\/\/peipsikaup.ee\/#organization\"},\"potentialAction\":[{\"@type\":\"SearchAction\",\"target\":{\"@type\":\"EntryPoint\",\"urlTemplate\":\"https:\/\/peipsikaup.ee\/?s={search_term_string}\"},\"query-input\":{\"@type\":\"PropertyValueSpecification\",\"valueRequired\":true,\"valueName\":\"search_term_string\"}}],\"inLanguage\":\"ru-RU\"},{\"@type\":\"Organization\",\"@id\":\"https:\/\/peipsikaup.ee\/#organization\",\"name\":\"Peipsi kaup\",\"url\":\"https:\/\/peipsikaup.ee\/\",\"logo\":{\"@type\":\"ImageObject\",\"inLanguage\":\"ru-RU\",\"@id\":\"https:\/\/peipsikaup.ee\/#\/schema\/logo\/image\/\",\"url\":\"https:\/\/peipsikaup.ee\/wp-content\/uploads\/2022\/01\/cropped-Peipsikaup-loho-pisike.png\",\"contentUrl\":\"https:\/\/peipsikaup.ee\/wp-content\/uploads\/2022\/01\/cropped-Peipsikaup-loho-pisike.png\",\"width\":180,\"height\":60,\"caption\":\"Peipsi kaup\"},\"image\":{\"@id\":\"https:\/\/peipsikaup.ee\/#\/schema\/logo\/image\/\"}}]}<\/script>\n<!-- \/ Yoast SEO plugin. -->","yoast_head_json":{"title":"M\u00fc\u00fcgitingimused - Peipsi kaup","robots":{"index":"index","follow":"follow","max-snippet":"max-snippet:-1","max-image-preview":"max-image-preview:large","max-video-preview":"max-video-preview:-1"},"canonical":"https:\/\/peipsikaup.ee\/ru\/muugitingimused\/","og_locale":"ru_RU","og_type":"article","og_title":"M\u00fc\u00fcgitingimused - Peipsi kaup","og_description":"Veebipoe peipsikaup.ee&nbsp; (edaspidi Veebipood) omanik MT\u00dc RAPPIN KOTUS (registrikood 80186852) asukohaga P\u00f5lvamaa, R\u00e4pina vald, R\u00e4pina linn, Pargi tn 31, 64505. M\u00fc\u00fcgilepingu kehtivus, kauba- ja hinnainfo&nbsp; M\u00fc\u00fcgitingimused kehtivad Veebipoest kaupade ostmisel. &nbsp; Veebipoes m\u00fc\u00fcdavate toodete hinnad on m\u00e4rgitud toodete juurde. Hinnale lisandub tasu kauba k\u00e4ttetoimetamise eest.&nbsp; Kauba k\u00e4ttetoimetamise tasu s\u00f5ltub ostja asukohast ning k\u00e4ttetoimetamise viisist. K\u00e4ttetoimetamise &hellip; M\u00fc\u00fcgitingimused \u0427\u0438\u0442\u0430\u0442\u044c \u0434\u0430\u043b\u0435\u0435 &raquo;","og_url":"https:\/\/peipsikaup.ee\/ru\/muugitingimused\/","og_site_name":"Peipsi kaup","article_modified_time":"2021-09-30T20:05:10+00:00","twitter_card":"summary_large_image","twitter_misc":{"\u041f\u0440\u0438\u043c\u0435\u0440\u043d\u043e\u0435 \u0432\u0440\u0435\u043c\u044f \u0434\u043b\u044f \u0447\u0442\u0435\u043d\u0438\u044f":"5 \u043c\u0438\u043d\u0443\u0442"},"schema":{"@context":"https:\/\/schema.org","@graph":[{"@type":"WebPage","@id":"https:\/\/peipsikaup.ee\/muugitingimused\/","url":"https:\/\/peipsikaup.ee\/muugitingimused\/","name":"M\u00fc\u00fcgitingimused - Peipsi kaup","isPartOf":{"@id":"https:\/\/peipsikaup.ee\/#website"},"datePublished":"2021-05-22T22:18:32+00:00","dateModified":"2021-09-30T20:05:10+00:00","breadcrumb":{"@id":"https:\/\/peipsikaup.ee\/muugitingimused\/#breadcrumb"},"inLanguage":"ru-RU","potentialAction":[{"@type":"ReadAction","target":["https:\/\/peipsikaup.ee\/muugitingimused\/"]}]},{"@type":"BreadcrumbList","@id":"https:\/\/peipsikaup.ee\/muugitingimused\/#breadcrumb","itemListElement":[{"@type":"ListItem","position":1,"name":"Home","item":"https:\/\/peipsikaup.ee\/"},{"@type":"ListItem","position":2,"name":"M\u00fc\u00fcgitingimused"}]},{"@type":"WebSite","@id":"https:\/\/peipsikaup.ee\/#website","url":"https:\/\/peipsikaup.ee\/","name":"\u0422\u043e\u0440\u0433\u043e\u0432\u043b\u044f \u043d\u0430 \u0427\u0443\u0434\u0441\u043a\u043e\u043c \u043e\u0441\u0442\u0440\u043e\u0432\u0435","description":"eheda ja isikup\u00e4rase k\u00e4sit\u00f6\u00f6 veebipood","publisher":{"@id":"https:\/\/peipsikaup.ee\/#organization"},"potentialAction":[{"@type":"SearchAction","target":{"@type":"EntryPoint","urlTemplate":"https:\/\/peipsikaup.ee\/?s={search_term_string}"},"query-input":{"@type":"PropertyValueSpecification","valueRequired":true,"valueName":"search_term_string"}}],"inLanguage":"ru-RU"},{"@type":"Organization","@id":"https:\/\/peipsikaup.ee\/#organization","name":"\u0422\u043e\u0440\u0433\u043e\u0432\u043b\u044f \u043d\u0430 \u0427\u0443\u0434\u0441\u043a\u043e\u043c \u043e\u0441\u0442\u0440\u043e\u0432\u0435","url":"https:\/\/peipsikaup.ee\/","logo":{"@type":"ImageObject","inLanguage":"ru-RU","@id":"https:\/\/peipsikaup.ee\/#\/schema\/logo\/image\/","url":"https:\/\/peipsikaup.ee\/wp-content\/uploads\/2022\/01\/cropped-Peipsikaup-loho-pisike.png","contentUrl":"https:\/\/peipsikaup.ee\/wp-content\/uploads\/2022\/01\/cropped-Peipsikaup-loho-pisike.png","width":180,"height":60,"caption":"Peipsi kaup"},"image":{"@id":"https:\/\/peipsikaup.ee\/#\/schema\/logo\/image\/"}}]}},"_links":{"self":[{"href":"https:\/\/peipsikaup.ee\/ru\/wp-json\/wp\/v2\/pages\/1989","targetHints":{"allow":["GET"]}}],"collection":[{"href":"https:\/\/peipsikaup.ee\/ru\/wp-json\/wp\/v2\/pages"}],"about":[{"href":"https:\/\/peipsikaup.ee\/ru\/wp-json\/wp\/v2\/types\/page"}],"author":[{"embeddable":true,"href":"https:\/\/peipsikaup.ee\/ru\/wp-json\/wp\/v2\/users\/2"}],"replies":[{"embeddable":true,"href":"https:\/\/peipsikaup.ee\/ru\/wp-json\/wp\/v2\/comments?post=1989"}],"version-history":[{"count":0,"href":"https:\/\/peipsikaup.ee\/ru\/wp-json\/wp\/v2\/pages\/1989\/revisions"}],"wp:attachment":[{"href":"https:\/\/peipsikaup.ee\/ru\/wp-json\/wp\/v2\/media?parent=1989"}],"curies":[{"name":"wp","href":"https:\/\/api.w.org\/{rel}","templated":true}]}}